{"id":17,"date":"2018-05-29T11:14:04","date_gmt":"2018-05-29T11:14:04","guid":{"rendered":"http:\/\/xtratheme.com\/default\/?page_id=17"},"modified":"2025-09-28T09:50:09","modified_gmt":"2025-09-28T06:50:09","slug":"contact-us","status":"publish","type":"page","link":"https:\/\/mtroyal.com.tr\/en\/contact-us\/","title":{"rendered":"Contact Us"},"content":{"rendered":"<div class=\"wpb-content-wrapper\"><p>[vc_row][vc_column]<div class=\"cz_gap clr  hide_on_tablet hide_on_mobile\" style=\"height: 90px\"><\/div><div class=\"cz_gap show_on_tablet clr \" style=\"height: 0px\"><\/div>[\/vc_column][\/vc_row][vc_row][vc_column width=&#8221;1\/2&#8243; offset=&#8221;vc_col-md-4&#8243;]<div id=\"cz_102603\" class=\"cz_102603 services clr style1 cz_sbi_fx_9 left\"><div class=\"service_custom\"><i class=\"fa czico-092-phone-call-1\"><\/i><\/div><div class=\"service_text\"><h3>Phone<\/h3><div class=\"cz_wpe_content\"><span style=\"font-size: 20px; color: #666666;\">+90 212 258 2323<\/span><\/div><\/div><\/div>[\/vc_column][vc_column width=&#8221;1\/2&#8243;]<div id=\"cz_18076\" class=\"cz_18076 services clr style1 cz_sbi_fx_9 left\"><div class=\"service_custom\"><i class=\"fa czico-012-chat\"><\/i><\/div><div class=\"service_text\"><h3>Email<\/h3><div class=\"cz_wpe_content\"><span style=\"font-size: 20px; color: #666666;\">info@mtroyal.com.tr<\/span><\/div><\/div><\/div>[\/vc_column][\/vc_row][vc_row][vc_column]<div id=\"cz_63303\" class=\"cz_63303 services clr style1 cz_sbi_fx_9 left\"><div class=\"service_custom\"><i class=\"fa czico-083-placeholder-1\"><\/i><\/div><div class=\"service_text\"><h3>Office Address<\/h3><div class=\"cz_wpe_content\"><span style=\"font-size: 20px; color: #666666;\">Ubm Plaza, May\u0131s, 19 May\u0131s, 19 May\u0131s Cd. No:37 Kat: 2\/8, 34360 \u015ei\u015fli\/\u0130stanbul, T\u00fcrkiye<\/span><\/div><\/div><\/div><div class=\"cz_gap clr \" style=\"height: 50px\"><\/div><div id=\"cz_14507\" class=\"cz_14507 gmap\" data-api-key=\"AIzaSyCsPJy-EcjKbUmwWKO-AkOQp9ZNMGBDxZ8\"> <\/div><div ><\/div><script>\r\n\t\t\tfunction mapfucntion_cz_14507() {\r\n\r\n\t\t\t\tgoogle.maps.Map.prototype.setCenterWithOffset = function(latlng, offsetX, offsetY) {\r\n\t\t\t\t    var map = this;\r\n\t\t\t\t    var ov = new google.maps.OverlayView();\r\n\t\t\t\t    ov.onAdd = function() {\r\n\t\t\t\t        var proj = this.getProjection();\r\n\t\t\t\t        var aPoint = proj.fromLatLngToContainerPixel(latlng);\r\n\t\t\t\t        aPoint.x = aPoint.x+offsetX;\r\n\t\t\t\t        aPoint.y = aPoint.y+offsetY;\r\n\t\t\t\t        map.setCenter(proj.fromContainerPixelToLatLng(aPoint));\r\n\t\t\t\t    }; \r\n\t\t\t\t    ov.draw = function() {}; \r\n\t\t\t\t    ov.setMap(this); \r\n\t\t\t\t};\r\n\r\n\t\t\t\tvar windx = jQuery(window), \r\n\r\n\t\t\t\t\tlatlng = { lat:41.0581183, lng:28.9939334},\r\n\r\n\t\t\t\t\tmyOptions = {\r\n\t\t\t\t\t\tmapId: \"AIzaSyCsPJy-EcjKbUmwWKO-AkOQp9ZNMGBDxZ8\",\r\n\t\t\t\t\t\tzoom: 17,\r\n\t\t\t\t\t\tscrollwheel: false,\r\n\t\t\t\t\t\tdisableDefaultUI: false,\r\n\t\t\t\t\t\tcenter: latlng\r\n\t\t\t\t\t},\r\n\r\n\t\t\t\t\tcz_14507 = new google.maps.Map(document.getElementById(\"cz_14507\"), myOptions ),\r\n\r\n\t\t\t\t\tsetCenterOffset = function() {\r\n\r\n\t\t\t\t\t\tif ( windx.width() < 768 ) {\r\n\t\t\t\t\t\t\tcz_14507.setCenterWithOffset( latlng, 0, 0 );\r\n\t\t\t\t\t\t} else {\r\n\t\t\t\t\t\t\tcz_14507.setCenterWithOffset( latlng, 0, 0 );\r\n\t\t\t\t\t\t}\r\n\r\n\t\t\t\t\t};\r\n\r\n\t\t\t\tsetCenterOffset();\r\n\r\n\t\t\t\twindx.on( \"resize\", function() {\r\n\t\t\t\t\tsetCenterOffset();\r\n\t\t\t\t});\r\n\t\t\tclass CustomMarker extends google.maps.OverlayView {\r\n\t\t\t    constructor(position, map) {\r\n\t\t\t        super();\r\n\t\t\t        this.position = position;\r\n\t\t\t        this.map = map;\r\n\t\t\t        this.div = null;\r\n\t\t\t        this.setMap(map);\r\n\t\t\t    }\r\n\r\n\t\t\t    onAdd() {\r\n\t\t\t        this.div = document.createElement(\"div\");\r\n\t\t\t        this.div.style.position = \"absolute\";\r\n\t\t\t        this.div.style.cursor = \"pointer\";\r\n\t\t\t        this.div.style.transform = \"translate(-50%, -100%)\";\r\n\t\t\t        this.div.innerHTML = `<div style=\"position:relative; text-align:center;\">\r\n\t\t\t                                <div style=\"position:absolute;top: -10px;left: 50%;transform: translate(-50%, -100%);background: white;color: #202020;padding: 15px 20px;border-radius: 2px;font-size: 15px;white-space: nowrap;box-shadow: 0px 2px 10px rgba(0, 0, 0, 0.2);display: none;font-family: Arial, sans-serif;\" class=\"codevz-map-tooltip\">\r\n\t\t\t                                \tMT-Royal Office\r\n\t\t\t                                <\/div>\r\n\t\t\t                                <img decoding=\"async\" src=\"https:\/\/mtroyal.com.tr\/en\/wp-content\/uploads\/2019\/10\/map.png\" style=\"display:block;\" class=\"lazyDone\" \/>\r\n\t\t\t                              <\/div>`;\r\n\r\n\t\t\t        this.getPanes().overlayMouseTarget.appendChild(this.div);\r\n\t\t\t        this.tooltip = this.div.querySelector(\".codevz-map-tooltip\");\r\n\r\n\t\t\t        \/\/ Show title on click\r\n\t\t\t        this.div.addEventListener(\"click\", (event) => {\r\n\t\t\t            event.stopPropagation();\r\n\t\t\t            this.tooltip.style.display = this.tooltip.style.display === \"block\" ? \"none\" : \"block\";\r\n\t\t\t        });\r\n\r\n\t\t\t        \/\/ Hide title when clicking outside\r\n\t\t\t        google.maps.event.addListener(this.map, \"click\", () => {\r\n\t\t\t            this.tooltip.style.display = \"none\";\r\n\t\t\t        });\r\n\t\t\t    }\r\n\r\n\t\t\t    draw() {\r\n\t\t\t        const overlayProjection = this.getProjection();\r\n\t\t\t        const position = overlayProjection.fromLatLngToDivPixel(this.position);\r\n\r\n\t\t\t        if (position && this.div) {\r\n\t\t\t            this.div.style.left = `${position.x}px`;\r\n\t\t\t            this.div.style.top = `${position.y}px`;\r\n\t\t\t        }\r\n\t\t\t    }\r\n\r\n\t\t\t    onRemove() {\r\n\t\t\t        if (this.div) {\r\n\t\t\t            this.div.parentNode.removeChild(this.div);\r\n\t\t\t            this.div = null;\r\n\t\t\t        }\r\n\t\t\t    }\r\n\t\t\t}\r\n\r\n\t\t\t\/\/ Add a custom marker at a specific location\r\n\t\t\tnew CustomMarker(new google.maps.LatLng(41.0581183, 28.9939334), cz_14507);\r\n\t\t\t}<\/script>[\/vc_column][\/vc_row][vc_row][vc_column]<div class=\"cz_gap clr  hide_on_mobile\" style=\"height: 110px\"><\/div><div class=\"cz_gap show_on_mobile clr\" style=\"height: 50px\"><\/div>[\/vc_column][\/vc_row][vc_row css=&#8221;.vc_custom_1497126171788{background-position: center !important;background-repeat: no-repeat !important;background-size: cover !important;}&#8221;][vc_column width=&#8221;1\/2&#8243; css=&#8221;.vc_custom_1536986800152{padding-right: 20px !important;}&#8221;]<div class=\"cz_gap clr \" style=\"height: 45px\"><\/div><div id=\"cz_41347\" class=\"cz_41347 cz_title clr cz_title_pos_inline\"><div class=\"cz_title_shape shape_square cz_shape_1\"><\/div><div class=\"cz_title_content\"><div class=\"cz_wpe_content\"><p><span style=\"color: #666666; font-size: 22px;\">GET IN TOUCH<br \/>\n<\/span><\/p>\n<h2>CONTACT US<\/h2>\n<p><strong>Open:<\/strong> Monday-Saturday 09:00-17:30<\/p>\n<p><strong>Close:<\/strong> Sunday:<\/p>\n<\/div><\/div><\/div>[\/vc_column][vc_column width=&#8221;1\/2&#8243; css=&#8221;.vc_custom_1536986806884{padding-right: 20px !important;padding-left: 20px !important;}&#8221;]<div class=\"cz_gap clr  hide_on_mobile\" style=\"height: 0px\"><\/div><div class=\"cz_gap show_on_mobile clr\" style=\"height: 50px\"><\/div><style id=\"wpforms-css-vars-5131\">\n\t\t\t\t#wpforms-5131 {\n\t\t\t\t\n\t\t\t}\n\t\t\t<\/style><div class=\"wpforms-container wpforms-container-full wpforms-render-modern\" id=\"wpforms-5131\"><form id=\"wpforms-form-5131\" class=\"wpforms-validate wpforms-form wpforms-ajax-form\" data-formid=\"5131\" method=\"post\" enctype=\"multipart\/form-data\" action=\"\/en\/wp-json\/wp\/v2\/pages\/17\" data-token=\"81e8b707653373368818658957aaf728\" data-token-time=\"1776462007\"><noscript class=\"wpforms-error-noscript\">Please enable JavaScript in your browser to complete this form.<\/noscript><div id=\"wpforms-error-noscript\" style=\"display: none;\">Please enable JavaScript in your browser to complete this form.<\/div><div class=\"wpforms-field-container\"><div id=\"wpforms-5131-field_1-container\" class=\"wpforms-field wpforms-field-text\" data-field-id=\"1\"><label class=\"wpforms-field-label\" for=\"wpforms-5131-field_1\">Name <span class=\"wpforms-required-label\" aria-hidden=\"true\">*<\/span><\/label><input type=\"text\" id=\"wpforms-5131-field_1\" class=\"wpforms-field-medium wpforms-field-required\" name=\"wpforms[fields][1]\" aria-errormessage=\"wpforms-5131-field_1-error\" required><\/div><div id=\"wpforms-5131-field_2-container\" class=\"wpforms-field wpforms-field-email\" data-field-id=\"2\"><label class=\"wpforms-field-label\" for=\"wpforms-5131-field_2\">Email <span class=\"wpforms-required-label\" aria-hidden=\"true\">*<\/span><\/label><input type=\"email\" id=\"wpforms-5131-field_2\" class=\"wpforms-field-medium wpforms-field-required\" name=\"wpforms[fields][2]\" spellcheck=\"false\" aria-errormessage=\"wpforms-5131-field_2-error\" required><\/div><div id=\"wpforms-5131-field_3-container\" class=\"wpforms-field wpforms-field-text\" data-field-id=\"3\"><label class=\"wpforms-field-label\" for=\"wpforms-5131-field_3\">Subject<\/label><input type=\"text\" id=\"wpforms-5131-field_3\" class=\"wpforms-field-medium\" name=\"wpforms[fields][3]\" aria-errormessage=\"wpforms-5131-field_3-error\" ><\/div><div id=\"wpforms-5131-field_4-container\" class=\"wpforms-field wpforms-field-textarea\" data-field-id=\"4\"><label class=\"wpforms-field-label\" for=\"wpforms-5131-field_4\">Message <span class=\"wpforms-required-label\" aria-hidden=\"true\">*<\/span><\/label><textarea id=\"wpforms-5131-field_4\" class=\"wpforms-field-medium wpforms-field-required\" name=\"wpforms[fields][4]\" aria-errormessage=\"wpforms-5131-field_4-error\" required><\/textarea><\/div><\/div><!-- .wpforms-field-container --><div class=\"wpforms-submit-container\" ><input type=\"hidden\" name=\"wpforms[id]\" value=\"5131\"><input type=\"hidden\" name=\"page_title\" value=\"\"><input type=\"hidden\" name=\"page_url\" value=\"https:\/\/mtroyal.com.tr\/en\/wp-json\/wp\/v2\/pages\/17\"><input type=\"hidden\" name=\"url_referer\" value=\"\"><button type=\"submit\" name=\"wpforms[submit]\" id=\"wpforms-submit-5131\" class=\"wpforms-submit\" data-alt-text=\"Sending...\" data-submit-text=\"Submit\" aria-live=\"assertive\" value=\"wpforms-submit\">Submit<\/button><img decoding=\"async\" src=\"data:image\/svg+xml,%3Csvg%20xmlns%3D&#39;http%3A%2F%2Fwww.w3.org%2F2000%2Fsvg&#39;%20width=&#39;26&#39;%20height=&#39;26&#39;%20viewBox%3D&#39;0%200%2026%2026&#39;%2F%3E\" data-czlz data-src=\"https:\/\/mtroyal.com.tr\/en\/wp-content\/plugins\/wpforms-lite\/assets\/images\/submit-spin.svg\" class=\"wpforms-submit-spinner\" style=\"display: none;\" width=\"26\" height=\"26\" alt=\"Loading\"><\/div><\/form><\/div>  <!-- .wpforms-container -->[\/vc_column][\/vc_row]<\/p>\n<div style='text-align:center' class='yasr-auto-insert-visitor'><\/div><\/div>","protected":false},"excerpt":{"rendered":"<p>[vc_row][vc_column][\/vc_column][\/vc_row][vc_row][vc_column width=&#8221;1\/2&#8243; offset=&#8221;vc_col-md-4&#8243;][\/vc_column][vc_column width=&#8221;1\/2&#8243;][\/vc_column][\/vc_row][vc_row][vc_column][\/vc_column][\/vc_row][vc_row][vc_column][\/vc_column][\/vc_row][vc_row css=&#8221;.vc_custom_1497126171788{background-position: center !important;background-repeat: no-repeat !important;background-size: cover !important;}&#8221;][vc_column &#8230; <\/p>\n","protected":false},"author":1,"featured_media":0,"parent":0,"menu_order":0,"comment_status":"closed","ping_status":"closed","template":"","meta":{"yasr_overall_rating":0,"yasr_post_is_review":"","yasr_auto_insert_disabled":"","yasr_review_type":"","footnotes":""},"class_list":["post-17","page","type-page","status-publish","hentry"],"yoast_head":"<!-- This site is optimized with the Yoast SEO Premium plugin v24.8 (Yoast SEO v26.9) - https:\/\/yoast.com\/product\/yoast-seo-premium-wordpress\/ -->\n<title>Contact Us - MT ROYAL<\/title>\n<meta name=\"robots\" content=\"index, follow, max-snippet:-1, max-image-preview:large, max-video-preview:-1\" \/>\n<link rel=\"canonical\" href=\"https:\/\/mtroyal.com.tr\/en\/contact-us\/\" \/>\n<meta property=\"og:locale\" content=\"en_US\" \/>\n<meta property=\"og:type\" content=\"article\" \/>\n<meta property=\"og:title\" content=\"Contact Us - MT ROYAL\" \/>\n<meta property=\"og:description\" content=\"[vc_row][vc_column][\/vc_column][\/vc_row][vc_row][vc_column width=&#8221;1\/2&#8243; offset=&#8221;vc_col-md-4&#8243;][\/vc_column][vc_column width=&#8221;1\/2&#8243;][\/vc_column][\/vc_row][vc_row][vc_column][\/vc_column][\/vc_row][vc_row][vc_column][\/vc_column][\/vc_row][vc_row css=&#8221;.vc_custom_1497126171788{background-position: center !important;background-repeat: no-repeat !important;background-size: cover !important;}&#8221;][vc_column ...\" \/>\n<meta property=\"og:url\" content=\"https:\/\/mtroyal.com.tr\/en\/contact-us\/\" \/>\n<meta property=\"og:site_name\" content=\"MT ROYAL\" \/>\n<meta property=\"article:modified_time\" content=\"2025-09-28T06:50:09+00:00\" \/>\n<meta name=\"twitter:card\" content=\"summary_large_image\" \/>\n<meta name=\"twitter:label1\" content=\"Est. reading time\" \/>\n\t<meta name=\"twitter:data1\" content=\"2 minutes\" \/>\n<script type=\"application\/ld+json\" class=\"yoast-schema-graph\">{\"@context\":\"https:\/\/schema.org\",\"@graph\":[{\"@type\":\"WebPage\",\"@id\":\"https:\/\/mtroyal.com.tr\/en\/contact-us\/\",\"url\":\"https:\/\/mtroyal.com.tr\/en\/contact-us\/\",\"name\":\"Contact Us - MT ROYAL\",\"isPartOf\":{\"@id\":\"https:\/\/mtroyal.com.tr\/en\/#website\"},\"datePublished\":\"2018-05-29T11:14:04+00:00\",\"dateModified\":\"2025-09-28T06:50:09+00:00\",\"breadcrumb\":{\"@id\":\"https:\/\/mtroyal.com.tr\/en\/contact-us\/#breadcrumb\"},\"inLanguage\":\"en-US\",\"potentialAction\":[{\"@type\":\"ReadAction\",\"target\":[\"https:\/\/mtroyal.com.tr\/en\/contact-us\/\"]}]},{\"@type\":\"BreadcrumbList\",\"@id\":\"https:\/\/mtroyal.com.tr\/en\/contact-us\/#breadcrumb\",\"itemListElement\":[{\"@type\":\"ListItem\",\"position\":1,\"name\":\"Home\",\"item\":\"https:\/\/mtroyal.com.tr\/en\/\"},{\"@type\":\"ListItem\",\"position\":2,\"name\":\"Contact Us\"}]},{\"@type\":\"WebSite\",\"@id\":\"https:\/\/mtroyal.com.tr\/en\/#website\",\"url\":\"https:\/\/mtroyal.com.tr\/en\/\",\"name\":\"MT ROYAL\",\"description\":\"\",\"potentialAction\":[{\"@type\":\"SearchAction\",\"target\":{\"@type\":\"EntryPoint\",\"urlTemplate\":\"https:\/\/mtroyal.com.tr\/en\/?s={search_term_string}\"},\"query-input\":{\"@type\":\"PropertyValueSpecification\",\"valueRequired\":true,\"valueName\":\"search_term_string\"}}],\"inLanguage\":\"en-US\"},false]}<\/script>\n<!-- \/ Yoast SEO Premium plugin. -->","yoast_head_json":{"title":"Contact Us - MT ROYAL","robots":{"index":"index","follow":"follow","max-snippet":"max-snippet:-1","max-image-preview":"max-image-preview:large","max-video-preview":"max-video-preview:-1"},"canonical":"https:\/\/mtroyal.com.tr\/en\/contact-us\/","og_locale":"en_US","og_type":"article","og_title":"Contact Us - MT ROYAL","og_description":"[vc_row][vc_column][\/vc_column][\/vc_row][vc_row][vc_column width=&#8221;1\/2&#8243; offset=&#8221;vc_col-md-4&#8243;][\/vc_column][vc_column width=&#8221;1\/2&#8243;][\/vc_column][\/vc_row][vc_row][vc_column][\/vc_column][\/vc_row][vc_row][vc_column][\/vc_column][\/vc_row][vc_row css=&#8221;.vc_custom_1497126171788{background-position: center !important;background-repeat: no-repeat !important;background-size: cover !important;}&#8221;][vc_column ...","og_url":"https:\/\/mtroyal.com.tr\/en\/contact-us\/","og_site_name":"MT ROYAL","article_modified_time":"2025-09-28T06:50:09+00:00","twitter_card":"summary_large_image","twitter_misc":{"Est. reading time":"2 minutes"},"schema":{"@context":"https:\/\/schema.org","@graph":[{"@type":"WebPage","@id":"https:\/\/mtroyal.com.tr\/en\/contact-us\/","url":"https:\/\/mtroyal.com.tr\/en\/contact-us\/","name":"Contact Us - MT ROYAL","isPartOf":{"@id":"https:\/\/mtroyal.com.tr\/en\/#website"},"datePublished":"2018-05-29T11:14:04+00:00","dateModified":"2025-09-28T06:50:09+00:00","breadcrumb":{"@id":"https:\/\/mtroyal.com.tr\/en\/contact-us\/#breadcrumb"},"inLanguage":"en-US","potentialAction":[{"@type":"ReadAction","target":["https:\/\/mtroyal.com.tr\/en\/contact-us\/"]}]},{"@type":"BreadcrumbList","@id":"https:\/\/mtroyal.com.tr\/en\/contact-us\/#breadcrumb","itemListElement":[{"@type":"ListItem","position":1,"name":"Home","item":"https:\/\/mtroyal.com.tr\/en\/"},{"@type":"ListItem","position":2,"name":"Contact Us"}]},{"@type":"WebSite","@id":"https:\/\/mtroyal.com.tr\/en\/#website","url":"https:\/\/mtroyal.com.tr\/en\/","name":"MT ROYAL","description":"","potentialAction":[{"@type":"SearchAction","target":{"@type":"EntryPoint","urlTemplate":"https:\/\/mtroyal.com.tr\/en\/?s={search_term_string}"},"query-input":{"@type":"PropertyValueSpecification","valueRequired":true,"valueName":"search_term_string"}}],"inLanguage":"en-US"},false]}},"yasr_visitor_votes":{"stars_attributes":{"read_only":false,"span_bottom":false},"number_of_votes":15,"sum_votes":68},"_links":{"self":[{"href":"https:\/\/mtroyal.com.tr\/en\/wp-json\/wp\/v2\/pages\/17","targetHints":{"allow":["GET"]}}],"collection":[{"href":"https:\/\/mtroyal.com.tr\/en\/wp-json\/wp\/v2\/pages"}],"about":[{"href":"https:\/\/mtroyal.com.tr\/en\/wp-json\/wp\/v2\/types\/page"}],"author":[{"embeddable":true,"href":"https:\/\/mtroyal.com.tr\/en\/wp-json\/wp\/v2\/users\/1"}],"replies":[{"embeddable":true,"href":"https:\/\/mtroyal.com.tr\/en\/wp-json\/wp\/v2\/comments?post=17"}],"version-history":[{"count":12,"href":"https:\/\/mtroyal.com.tr\/en\/wp-json\/wp\/v2\/pages\/17\/revisions"}],"predecessor-version":[{"id":30128,"href":"https:\/\/mtroyal.com.tr\/en\/wp-json\/wp\/v2\/pages\/17\/revisions\/30128"}],"wp:attachment":[{"href":"https:\/\/mtroyal.com.tr\/en\/wp-json\/wp\/v2\/media?parent=17"}],"curies":[{"name":"wp","href":"https:\/\/api.w.org\/{rel}","templated":true}]}}