{"id":1561,"date":"2017-06-05T08:33:43","date_gmt":"2017-06-05T05:03:43","guid":{"rendered":"http:\/\/demo.archiwp.com\/?page_id=1561"},"modified":"2025-09-28T09:57:52","modified_gmt":"2025-09-28T06:57:52","slug":"contact","status":"publish","type":"page","link":"https:\/\/mtroyal.com.tr\/fa\/contact\/","title":{"rendered":"\u062a\u0645\u0627\u0633 \u0628\u0627 \u0645\u0627"},"content":{"rendered":"<section class=\"l-section wpb_row height_large\"><div class=\"l-section-h i-cf\"><div class=\"g-cols vc_row via_flex valign_top type_default stacking_default\"><div class=\"vc_col-sm-8 wpb_column vc_column_container\"><div class=\"vc_column-inner\"><div class=\"wpb_wrapper\"><div class=\"wpb_text_column\"><div class=\"wpb_wrapper\"><p>\u0634\u0631\u06a9\u062a \u0627\u0645 \u062a\u06cc \u0631\u0648\u06cc\u0627\u0644 \u0628\u0627 \u0628\u06cc\u0634 \u0627\u0632 15 \u0633\u0627\u0644 \u0633\u0627\u0628\u0642\u0647 \u0641\u0639\u0627\u0644\u06cc\u062a \u062a\u0648\u0644\u06cc\u062f\u06cc \u0648 \u0628\u0627\u0632\u0631\u06af\u0627\u0646\u06cc \u062f\u0631\u062e\u062f\u0645\u062a \u06af\u0630\u0627\u0631\u06cc \u0622\u0645\u0627\u062f\u0647 \u0645\u06cc \u0628\u0627\u0634\u062f.<br \/>\n<strong>\u062c\u0647\u062a \u062f\u0631\u06cc\u0627\u0641\u062a \u0645\u0634\u0627\u0648\u0631\u0647 \u0648 \u06a9\u0627\u0647\u0634 \u0647\u0632\u06cc\u0646\u0647 \u0647\u0627\u06cc \u0648\u0627\u0631\u062f\u0627\u062a \u0648 \u0635\u0627\u062f\u0631\u0627\u062a \u0628\u0627 \u0645\u0627 \u062f\u0631 \u0627\u0631\u062a\u0628\u0627\u0637 \u0628\u0627\u0634\u06cc\u062f.<\/strong><\/p>\n<\/div><\/div><style id=\"wpforms-css-vars-31184\">\n\t\t\t\t#wpforms-31184 {\n\t\t\t\t\n\t\t\t}\n\t\t\t<\/style><div class=\"wpforms-container wpforms-container-full wpforms-render-modern\" id=\"wpforms-31184\"><form id=\"wpforms-form-31184\" class=\"wpforms-validate wpforms-form wpforms-ajax-form\" data-formid=\"31184\" method=\"post\" enctype=\"multipart\/form-data\" action=\"\/fa\/wp-json\/wp\/v2\/pages\/1561\" data-token=\"38d9b8896f01d37b830b9544ff1f90f5\" data-token-time=\"1776271491\"><noscript class=\"wpforms-error-noscript\">\u0644\u0637\u0641\u0627 \u0628\u0631\u0627\u06cc \u062a\u06a9\u0645\u06cc\u0644 \u0627\u06cc\u0646 \u0641\u0631\u0645\u060c \u062c\u0627\u0648\u0627 \u0627\u0633\u06a9\u0631\u06cc\u067e\u062a \u0631\u0627 \u062f\u0631 \u0645\u0631\u0648\u0631\u06af\u0631 \u062e\u0648\u062f \u0641\u0639\u0627\u0644 \u06a9\u0646\u06cc\u062f.<\/noscript><div id=\"wpforms-error-noscript\" style=\"display: none;\">\u0644\u0637\u0641\u0627 \u0628\u0631\u0627\u06cc \u062a\u06a9\u0645\u06cc\u0644 \u0627\u06cc\u0646 \u0641\u0631\u0645\u060c \u062c\u0627\u0648\u0627 \u0627\u0633\u06a9\u0631\u06cc\u067e\u062a \u0631\u0627 \u062f\u0631 \u0645\u0631\u0648\u0631\u06af\u0631 \u062e\u0648\u062f \u0641\u0639\u0627\u0644 \u06a9\u0646\u06cc\u062f.<\/div><div class=\"wpforms-field-container\"><div id=\"wpforms-31184-field_1-container\" class=\"wpforms-field wpforms-field-text\" data-field-id=\"1\"><label class=\"wpforms-field-label\" for=\"wpforms-31184-field_1\">\u0646\u0627\u0645 \u0648 \u0646\u0627\u0645 \u062e\u0627\u0646\u0648\u0627\u062f\u06af\u06cc <span class=\"wpforms-required-label\" aria-hidden=\"true\">*<\/span><\/label><input type=\"text\" id=\"wpforms-31184-field_1\" class=\"wpforms-field-large wpforms-field-required\" name=\"wpforms[fields][1]\" aria-errormessage=\"wpforms-31184-field_1-error\" required><\/div><div id=\"wpforms-31184-field_2-container\" class=\"wpforms-field wpforms-field-email\" data-field-id=\"2\"><label class=\"wpforms-field-label\" for=\"wpforms-31184-field_2\">\u0627\u06cc\u0645\u06cc\u0644 <span class=\"wpforms-required-label\" aria-hidden=\"true\">*<\/span><\/label><input type=\"email\" id=\"wpforms-31184-field_2\" class=\"wpforms-field-large wpforms-field-required\" name=\"wpforms[fields][2]\" spellcheck=\"false\" aria-errormessage=\"wpforms-31184-field_2-error\" required><\/div><div id=\"wpforms-31184-field_3-container\" class=\"wpforms-field wpforms-field-text\" data-field-id=\"3\"><label class=\"wpforms-field-label\" for=\"wpforms-31184-field_3\">\u0634\u0645\u0627\u0631\u0647 \u062a\u0644\u0641\u0646<\/label><input type=\"text\" id=\"wpforms-31184-field_3\" class=\"wpforms-field-large\" name=\"wpforms[fields][3]\" aria-errormessage=\"wpforms-31184-field_3-error\" ><\/div><div id=\"wpforms-31184-field_4-container\" class=\"wpforms-field wpforms-field-textarea\" data-field-id=\"4\"><label class=\"wpforms-field-label\" for=\"wpforms-31184-field_4\">\u062a\u0648\u0636\u06cc\u062d\u0627\u062a<\/label><textarea id=\"wpforms-31184-field_4\" class=\"wpforms-field-medium\" name=\"wpforms[fields][4]\" aria-errormessage=\"wpforms-31184-field_4-error\" ><\/textarea><\/div><\/div><!-- .wpforms-field-container --><div class=\"wpforms-submit-container\" ><input type=\"hidden\" name=\"wpforms[id]\" value=\"31184\"><input type=\"hidden\" name=\"page_title\" value=\"\"><input type=\"hidden\" name=\"page_url\" value=\"https:\/\/mtroyal.com.tr\/fa\/wp-json\/wp\/v2\/pages\/1561\"><input type=\"hidden\" name=\"url_referer\" value=\"\"><button type=\"submit\" name=\"wpforms[submit]\" id=\"wpforms-submit-31184\" class=\"wpforms-submit\" data-alt-text=\"\u062f\u0631 \u062d\u0627\u0644 \u0627\u0631\u0633\u0627\u0644...\" data-submit-text=\"\u0627\u0631\u0633\u0627\u0644\" aria-live=\"assertive\" value=\"wpforms-submit\">\u0627\u0631\u0633\u0627\u0644<\/button><img loading=\"lazy\" decoding=\"async\" src=\"https:\/\/mtroyal.com.tr\/fa\/wp-content\/plugins\/wpforms-lite\/assets\/images\/submit-spin.svg\" class=\"wpforms-submit-spinner\" style=\"display: none;\" width=\"26\" height=\"26\" alt=\"\u062f\u0631 \u062d\u0627\u0644 \u0628\u0627\u0631\u06af\u0630\u0627\u0631\u06cc\"><\/div><\/form><\/div>  <!-- .wpforms-container --><\/div><\/div><\/div><div class=\"vc_col-sm-4 wpb_column vc_column_container\"><div class=\"vc_column-inner\"><div class=\"wpb_wrapper\"><div class=\"w-iconbox iconpos_left style_default color_primary align_left\"><div class=\"w-iconbox-icon\" style=\"font-size:2rem;\"><i class=\"material-icons\">home<\/i><\/div><div class=\"w-iconbox-meta\"><h6 class=\"w-iconbox-title\">\u0622\u062f\u0631\u0633 \u062f\u0641\u062a\u0631 \u0645\u0631\u06a9\u0632\u06cc<\/h6><div class=\"w-iconbox-text\"><p>Ubm Plaza, May\u0131s, 19 May\u0131s, 19 May\u0131s Cd. No:37 Kat: 2\/8, 34360 \u015ei\u015fli\/\u0130stanbul, T\u00fcrkiye<\/p>\n<\/div><\/div><\/div><div class=\"w-separator size_custom with_line width_default thick_2 style_dashed color_border align_center\" style=\"height:2rem\"><div class=\"w-separator-h\"><\/div><\/div><div class=\"w-iconbox iconpos_left style_default color_primary align_left\"><div class=\"w-iconbox-icon\" style=\"font-size:2rem;\"><i class=\"material-icons\">phone<\/i><\/div><div class=\"w-iconbox-meta\"><h6 class=\"w-iconbox-title\">\u062a\u0644\u0641\u0646\u200c\u0647\u0627\u06cc \u062a\u0645\u0627\u0633<\/h6><div class=\"w-iconbox-text\"><p>00902122582323<\/p>\n<p>00902122582324<\/p>\n<\/div><\/div><\/div><div class=\"w-separator size_custom with_line width_default thick_2 style_dashed color_border align_center\" style=\"height:2rem\"><div class=\"w-separator-h\"><\/div><\/div><div class=\"w-iconbox iconpos_left style_default color_primary align_left\"><div class=\"w-iconbox-icon\" style=\"font-size:2rem;\"><i class=\"material-icons\">mail<\/i><\/div><div class=\"w-iconbox-meta\"><h6 class=\"w-iconbox-title\">\u0627\u06cc\u0645\u06cc\u0644<\/h6><div class=\"w-iconbox-text\"><p><a href=\"mailto:info@mtroyal.com.tr\">info@mtroyal.com.tr<\/a><\/p>\n<\/div><\/div><\/div><div class=\"w-separator size_custom with_line width_default thick_2 style_dashed color_border align_center\" style=\"height:2rem\"><div class=\"w-separator-h\"><\/div><\/div><div class=\"w-iconbox iconpos_left style_default color_primary align_left\"><div class=\"w-iconbox-icon\" style=\"font-size:2rem;\"><i class=\"material-icons\">schedule<\/i><\/div><div class=\"w-iconbox-meta\"><h6 class=\"w-iconbox-title\">\u0633\u0627\u0639\u0627\u062a \u06a9\u0627\u0631\u06cc<\/h6><div class=\"w-iconbox-text\"><p>\u0627\u0632 9 \u0635\u0628\u062d \u062a\u0627 5 \u0639\u0635\u0631 \u0628\u0647 \u0648\u0642\u062a \u062a\u0631\u06a9\u06cc\u0647<\/p>\n<\/div><\/div><\/div><div class=\"w-separator size_custom with_line width_default thick_2 style_dashed color_border align_center\" style=\"height:2rem\"><div class=\"w-separator-h\"><\/div><\/div><div class=\"w-socials us_custom_4621708f color_brand shape_circle style_colored hover_fade\" style=\"--gap:0.2em;\"><div class=\"w-socials-list\"><div class=\"w-socials-item linkedin\"><a target=\"_blank\" rel=\"nofollow\" href=\"https:\/\/www.linkedin.com\/company\/mtroyalcompany\/\" class=\"w-socials-item-link\" aria-label=\"LinkedIn\"><span class=\"w-socials-item-link-hover\"><\/span><i class=\"fab fa-linkedin\"><\/i><\/a><div class=\"w-socials-item-popup\"><span>LinkedIn<\/span><\/div><\/div><div class=\"w-socials-item instagram\"><a target=\"_blank\" rel=\"nofollow\" href=\"https:\/\/www.instagram.com\/mtroyalcompany\/\" class=\"w-socials-item-link\" aria-label=\"Instagram\"><span class=\"w-socials-item-link-hover\"><\/span><i class=\"fab fa-instagram\"><\/i><\/a><div class=\"w-socials-item-popup\"><span>Instagram<\/span><\/div><\/div><div class=\"w-socials-item telegram\"><a target=\"_blank\" rel=\"nofollow\" href=\"https:\/\/t.me\/MTROYAL\" class=\"w-socials-item-link\" aria-label=\"Telegram\"><span class=\"w-socials-item-link-hover\"><\/span><i class=\"fab fa-telegram\"><\/i><\/a><div class=\"w-socials-item-popup\"><span>Telegram<\/span><\/div><\/div><\/div><\/div><div class=\"w-separator size_custom with_line width_default thick_2 style_dashed color_border align_center\" style=\"height:2rem\"><div class=\"w-separator-h\"><\/div><\/div><div class=\"w-image align_none\"><div class=\"w-image-h\"><img decoding=\"async\" width=\"450\" height=\"450\" src=\"https:\/\/mtroyal.com.tr\/fa\/wp-content\/uploads\/2022\/09\/mtroyal-qrcode.jpg\" class=\"attachment-full size-full\" alt=\"\" loading=\"lazy\" srcset=\"https:\/\/mtroyal.com.tr\/fa\/wp-content\/uploads\/2022\/09\/mtroyal-qrcode.jpg 450w, https:\/\/mtroyal.com.tr\/fa\/wp-content\/uploads\/2022\/09\/mtroyal-qrcode-300x300.jpg 300w, https:\/\/mtroyal.com.tr\/fa\/wp-content\/uploads\/2022\/09\/mtroyal-qrcode-150x150.jpg 150w\" sizes=\"auto, (max-width: 450px) 100vw, 450px\" \/><\/div><\/div><\/div><\/div><\/div><\/div><\/div><\/section><section class=\"l-section wpb_row height_auto width_full\"><div class=\"l-section-h i-cf\"><div class=\"g-cols vc_row via_flex valign_top type_default stacking_default\"><div class=\"vc_col-sm-12 wpb_column vc_column_container\"><div class=\"vc_column-inner\"><div class=\"wpb_wrapper\"><div class=\"w-tabs style_default switch_click accordion has_scrolling\" style=\"--sections-title-size:inherit\"><div class=\"w-tabs-sections titles-align_center icon_chevron cpos_right\"><div class=\"w-tabs-section no_indents has_text_color\" id=\"f007\" style=\"background:var(--color-content-secondary);color:#ffffff;\"><button class=\"w-tabs-section-header with_icon\" aria-controls=\"content-f007\" aria-expanded=\"false\"><i class=\"material-icons\">place<\/i><div class=\"w-tabs-section-title\">\u0645\u0627 \u0631\u0627 \u0631\u0648\u06cc \u0646\u0642\u0634\u0647 \u0628\u0628\u06cc\u0646\u06cc\u062f<\/div><div class=\"w-tabs-section-control\"><\/div><\/button><div  class=\"w-tabs-section-content\" id=\"content-f007\"><div class=\"w-tabs-section-content-h i-cf\"><div class=\"w-map provider_osm us_custom_eb849559\" id=\"us_map_1\"><div class=\"w-map-inner\"><div class=\"w-map-json\" onclick='return {&quot;address&quot;:&quot;41.0581183,28.9939334&quot;,&quot;disableDragging&quot;:1,&quot;disableZoom&quot;:0,&quot;hideControls&quot;:0,&quot;zoom&quot;:15,&quot;markers&quot;:[{&quot;address&quot;:&quot;41.0581183,28.9939334&quot;,&quot;html&quot;:&quot;\\u062f\\u0641\\u062a\\u0631 \\u0645\\u0631\\u06a9\\u0632\\u06cc \\u0627\\u0645 \\u062a\\u06cc \\u0631\\u0648\\u06cc\\u0627\\u0644&quot;,&quot;infowindow&quot;:0}],&quot;style&quot;:&quot;https:\\\/\\\/{s}.tile.openstreetmap.org\\\/{z}\\\/{x}\\\/{y}.png&quot;}'><\/div><\/div><\/div><\/div><\/div><\/div><\/div><\/div><\/div><\/div><\/div><\/div><\/div><\/section>\n<div style='text-align:center' class='yasr-auto-insert-visitor'><\/div>","protected":false},"excerpt":{"rendered":"\u0634\u0631\u06a9\u062a \u0627\u0645 \u062a\u06cc \u0631\u0648\u06cc\u0627\u0644 \u0628\u0627 \u0628\u06cc\u0634 \u0627\u0632 15 \u0633\u0627\u0644 \u0633\u0627\u0628\u0642\u0647 \u0641\u0639\u0627\u0644\u06cc\u062a \u062a\u0648\u0644\u06cc\u062f\u06cc \u0648 \u0628\u0627\u0632\u0631\u06af\u0627\u0646\u06cc \u062f\u0631\u062e\u062f\u0645\u062a \u06af\u0630\u0627\u0631\u06cc \u0622\u0645\u0627\u062f\u0647 \u0645\u06cc \u0628\u0627\u0634\u062f. \u062c\u0647\u062a \u062f\u0631\u06cc\u0627\u0641\u062a \u0645\u0634\u0627\u0648\u0631\u0647 \u0648 \u06a9\u0627\u0647\u0634 \u0647\u0632\u06cc\u0646\u0647 \u0647\u0627\u06cc \u0648\u0627\u0631\u062f\u0627\u062a \u0648 \u0635\u0627\u062f\u0631\u0627\u062a \u0628\u0627 \u0645\u0627 \u062f\u0631 \u0627\u0631\u062a\u0628\u0627\u0637 \u0628\u0627\u0634\u06cc\u062f. \u0644\u0637\u0641\u0627 \u0628\u0631\u0627\u06cc \u062a\u06a9\u0645\u06cc\u0644 \u0627\u06cc\u0646 \u0641\u0631\u0645\u060c \u062c\u0627\u0648\u0627 \u0627\u0633\u06a9\u0631\u06cc\u067e\u062a \u0631\u0627 \u062f\u0631 \u0645\u0631\u0648\u0631\u06af\u0631 \u062e\u0648\u062f \u0641\u0639\u0627\u0644 \u06a9\u0646\u06cc\u062f.\u0644\u0637\u0641\u0627 \u0628\u0631\u0627\u06cc \u062a\u06a9\u0645\u06cc\u0644 \u0627\u06cc\u0646 \u0641\u0631\u0645\u060c \u062c\u0627\u0648\u0627 \u0627\u0633\u06a9\u0631\u06cc\u067e\u062a \u0631\u0627 \u062f\u0631...","protected":false},"author":1,"featured_media":1970,"parent":0,"menu_order":0,"comment_status":"open","ping_status":"closed","template":"","meta":{"yasr_overall_rating":0,"yasr_post_is_review":"","yasr_auto_insert_disabled":"","yasr_review_type":"","footnotes":""},"class_list":["post-1561","page","type-page","status-publish","has-post-thumbnail","hentry"],"yoast_head":"<!-- This site is optimized with the Yoast SEO Premium plugin v24.7 (Yoast SEO v26.6) - https:\/\/yoast.com\/wordpress\/plugins\/seo\/ -->\n<title>\u062a\u0645\u0627\u0633 \u0628\u0627 \u0645\u0627 - \u0634\u0631\u06a9\u062a \u0627\u0645 \u062a\u06cc \u0631\u0648\u06cc\u0627\u0644<\/title>\n<meta name=\"description\" content=\"\u0634\u0631\u06a9\u062a \u0628\u0627\u0632\u0631\u06af\u0627\u0646\u06cc \u0627\u0645 \u062a\u06cc \u0631\u0648\u06cc\u0627\u0644 \u0648\u0627\u0631\u062f \u06a9\u0646\u0646\u062f\u0647 \u0645\u0648\u0627\u062f \u0627\u0648\u0644\u06cc\u0647 \u0635\u0646\u0627\u06cc\u0639 \u063a\u0630\u0627\u06cc\u06cc\u060c \u0645\u062d\u0635\u0648\u0644\u0627\u062a \u06a9\u0634\u0627\u0648\u0631\u0632\u06cc \u0648 \u0627\u0646\u0648\u0627\u0639 \u0645\u0627\u0634\u06cc\u0646 \u0622\u0644\u0627\u062a \u0635\u0646\u0639\u062a\u06cc \u0628\u0647 \u0627\u06cc\u0631\u0627\u0646\" \/>\n<meta name=\"robots\" content=\"index, follow, max-snippet:-1, max-image-preview:large, max-video-preview:-1\" \/>\n<link rel=\"canonical\" href=\"https:\/\/mtroyal.com.tr\/fa\/contact\/\" \/>\n<meta property=\"og:locale\" content=\"fa_IR\" \/>\n<meta property=\"og:type\" content=\"article\" \/>\n<meta property=\"og:title\" content=\"\u062a\u0645\u0627\u0633 \u0628\u0627 \u0645\u0627\" \/>\n<meta property=\"og:description\" content=\"\u0634\u0631\u06a9\u062a \u0628\u0627\u0632\u0631\u06af\u0627\u0646\u06cc \u0627\u0645 \u062a\u06cc \u0631\u0648\u06cc\u0627\u0644 \u0648\u0627\u0631\u062f \u06a9\u0646\u0646\u062f\u0647 \u0645\u0648\u0627\u062f \u0627\u0648\u0644\u06cc\u0647 \u0635\u0646\u0627\u06cc\u0639 \u063a\u0630\u0627\u06cc\u06cc\u060c \u0645\u062d\u0635\u0648\u0644\u0627\u062a \u06a9\u0634\u0627\u0648\u0631\u0632\u06cc \u0648 \u0627\u0646\u0648\u0627\u0639 \u0645\u0627\u0634\u06cc\u0646 \u0622\u0644\u0627\u062a \u0635\u0646\u0639\u062a\u06cc \u0628\u0647 \u0627\u06cc\u0631\u0627\u0646\" \/>\n<meta property=\"og:url\" content=\"https:\/\/mtroyal.com.tr\/fa\/contact\/\" \/>\n<meta property=\"og:site_name\" content=\"\u0627\u0645 \u062a\u06cc \u0631\u0648\u06cc\u0627\u0644\" \/>\n<meta property=\"article:modified_time\" content=\"2025-09-28T06:57:52+00:00\" \/>\n<meta property=\"og:image\" content=\"https:\/\/mtroyal.com.tr\/fa\/wp-content\/uploads\/2019\/07\/low.jpg\" \/>\n\t<meta property=\"og:image:width\" content=\"1000\" \/>\n\t<meta property=\"og:image:height\" content=\"667\" \/>\n\t<meta property=\"og:image:type\" content=\"image\/jpeg\" \/>\n<meta name=\"twitter:card\" content=\"summary_large_image\" \/>\n<meta name=\"twitter:label1\" content=\"\u0632\u0645\u0627\u0646 \u062a\u0642\u0631\u06cc\u0628\u06cc \u0628\u0631\u0627\u06cc \u062e\u0648\u0627\u0646\u062f\u0646\" \/>\n\t<meta name=\"twitter:data1\" content=\"2 \u062f\u0642\u06cc\u0642\u0647\" \/>\n<script type=\"application\/ld+json\" class=\"yoast-schema-graph\">{\"@context\":\"https:\/\/schema.org\",\"@graph\":[{\"@type\":\"WebPage\",\"@id\":\"https:\/\/mtroyal.com.tr\/fa\/contact\/\",\"url\":\"https:\/\/mtroyal.com.tr\/fa\/contact\/\",\"name\":\"\u062a\u0645\u0627\u0633 \u0628\u0627 \u0645\u0627 - \u0634\u0631\u06a9\u062a \u0627\u0645 \u062a\u06cc \u0631\u0648\u06cc\u0627\u0644\",\"isPartOf\":{\"@id\":\"https:\/\/mtroyal.com.tr\/fa\/#website\"},\"primaryImageOfPage\":{\"@id\":\"https:\/\/mtroyal.com.tr\/fa\/contact\/#primaryimage\"},\"image\":{\"@id\":\"https:\/\/mtroyal.com.tr\/fa\/contact\/#primaryimage\"},\"thumbnailUrl\":\"https:\/\/mtroyal.com.tr\/fa\/wp-content\/uploads\/2019\/07\/low.jpg\",\"datePublished\":\"2017-06-05T05:03:43+00:00\",\"dateModified\":\"2025-09-28T06:57:52+00:00\",\"description\":\"\u0634\u0631\u06a9\u062a \u0628\u0627\u0632\u0631\u06af\u0627\u0646\u06cc \u0627\u0645 \u062a\u06cc \u0631\u0648\u06cc\u0627\u0644 \u0648\u0627\u0631\u062f \u06a9\u0646\u0646\u062f\u0647 \u0645\u0648\u0627\u062f \u0627\u0648\u0644\u06cc\u0647 \u0635\u0646\u0627\u06cc\u0639 \u063a\u0630\u0627\u06cc\u06cc\u060c \u0645\u062d\u0635\u0648\u0644\u0627\u062a \u06a9\u0634\u0627\u0648\u0631\u0632\u06cc \u0648 \u0627\u0646\u0648\u0627\u0639 \u0645\u0627\u0634\u06cc\u0646 \u0622\u0644\u0627\u062a \u0635\u0646\u0639\u062a\u06cc \u0628\u0647 \u0627\u06cc\u0631\u0627\u0646\",\"breadcrumb\":{\"@id\":\"https:\/\/mtroyal.com.tr\/fa\/contact\/#breadcrumb\"},\"inLanguage\":\"fa-IR\",\"potentialAction\":[{\"@type\":\"ReadAction\",\"target\":[\"https:\/\/mtroyal.com.tr\/fa\/contact\/\"]}]},{\"@type\":\"ImageObject\",\"inLanguage\":\"fa-IR\",\"@id\":\"https:\/\/mtroyal.com.tr\/fa\/contact\/#primaryimage\",\"url\":\"https:\/\/mtroyal.com.tr\/fa\/wp-content\/uploads\/2019\/07\/low.jpg\",\"contentUrl\":\"https:\/\/mtroyal.com.tr\/fa\/wp-content\/uploads\/2019\/07\/low.jpg\",\"width\":1000,\"height\":667},{\"@type\":\"BreadcrumbList\",\"@id\":\"https:\/\/mtroyal.com.tr\/fa\/contact\/#breadcrumb\",\"itemListElement\":[{\"@type\":\"ListItem\",\"position\":1,\"name\":\"\u062e\u0627\u0646\u0647\",\"item\":\"https:\/\/mtroyal.com.tr\/fa\/\"},{\"@type\":\"ListItem\",\"position\":2,\"name\":\"\u062a\u0645\u0627\u0633 \u0628\u0627 \u0645\u0627\"}]},{\"@type\":\"WebSite\",\"@id\":\"https:\/\/mtroyal.com.tr\/fa\/#website\",\"url\":\"https:\/\/mtroyal.com.tr\/fa\/\",\"name\":\"\u0627\u0645 \u062a\u06cc \u0631\u0648\u06cc\u0627\u0644\",\"description\":\"\u0634\u0631\u06a9\u062a \u0627\u0645 \u062a\u06cc \u0631\u0648\u06cc\u0627\u0644 \u062a\u0631\u06a9\u06cc\u0647 \u0648\u0627\u0631\u062f\u0627\u062a \u0648 \u0635\u0627\u062f\u0631\u0627\u062a\",\"publisher\":{\"@id\":\"https:\/\/mtroyal.com.tr\/fa\/#organization\"},\"potentialAction\":[{\"@type\":\"SearchAction\",\"target\":{\"@type\":\"EntryPoint\",\"urlTemplate\":\"https:\/\/mtroyal.com.tr\/fa\/?s={search_term_string}\"},\"query-input\":{\"@type\":\"PropertyValueSpecification\",\"valueRequired\":true,\"valueName\":\"search_term_string\"}}],\"inLanguage\":\"fa-IR\"},{\"@type\":\"Organization\",\"@id\":\"https:\/\/mtroyal.com.tr\/fa\/#organization\",\"name\":\"\u0634\u0631\u06a9\u062a \u0627\u0645 \u062a\u06cc \u0631\u0648\u06cc\u0627\u0644 \u062a\u0631\u06a9\u06cc\u0647\",\"url\":\"https:\/\/mtroyal.com.tr\/fa\/\",\"logo\":{\"@type\":\"ImageObject\",\"inLanguage\":\"fa-IR\",\"@id\":\"https:\/\/mtroyal.com.tr\/fa\/#\/schema\/logo\/image\/\",\"url\":\"https:\/\/mtroyal.com.tr\/fa\/wp-content\/uploads\/2015\/07\/logo.png\",\"contentUrl\":\"https:\/\/mtroyal.com.tr\/fa\/wp-content\/uploads\/2015\/07\/logo.png\",\"width\":192,\"height\":28,\"caption\":\"\u0634\u0631\u06a9\u062a \u0627\u0645 \u062a\u06cc \u0631\u0648\u06cc\u0627\u0644 \u062a\u0631\u06a9\u06cc\u0647\"},\"image\":{\"@id\":\"https:\/\/mtroyal.com.tr\/fa\/#\/schema\/logo\/image\/\"}},false]}<\/script>\n<!-- \/ Yoast SEO Premium plugin. -->","yoast_head_json":{"title":"\u062a\u0645\u0627\u0633 \u0628\u0627 \u0645\u0627 - \u0634\u0631\u06a9\u062a \u0627\u0645 \u062a\u06cc \u0631\u0648\u06cc\u0627\u0644","description":"\u0634\u0631\u06a9\u062a \u0628\u0627\u0632\u0631\u06af\u0627\u0646\u06cc \u0627\u0645 \u062a\u06cc \u0631\u0648\u06cc\u0627\u0644 \u0648\u0627\u0631\u062f \u06a9\u0646\u0646\u062f\u0647 \u0645\u0648\u0627\u062f \u0627\u0648\u0644\u06cc\u0647 \u0635\u0646\u0627\u06cc\u0639 \u063a\u0630\u0627\u06cc\u06cc\u060c \u0645\u062d\u0635\u0648\u0644\u0627\u062a \u06a9\u0634\u0627\u0648\u0631\u0632\u06cc \u0648 \u0627\u0646\u0648\u0627\u0639 \u0645\u0627\u0634\u06cc\u0646 \u0622\u0644\u0627\u062a \u0635\u0646\u0639\u062a\u06cc \u0628\u0647 \u0627\u06cc\u0631\u0627\u0646","robots":{"index":"index","follow":"follow","max-snippet":"max-snippet:-1","max-image-preview":"max-image-preview:large","max-video-preview":"max-video-preview:-1"},"canonical":"https:\/\/mtroyal.com.tr\/fa\/contact\/","og_locale":"fa_IR","og_type":"article","og_title":"\u062a\u0645\u0627\u0633 \u0628\u0627 \u0645\u0627","og_description":"\u0634\u0631\u06a9\u062a \u0628\u0627\u0632\u0631\u06af\u0627\u0646\u06cc \u0627\u0645 \u062a\u06cc \u0631\u0648\u06cc\u0627\u0644 \u0648\u0627\u0631\u062f \u06a9\u0646\u0646\u062f\u0647 \u0645\u0648\u0627\u062f \u0627\u0648\u0644\u06cc\u0647 \u0635\u0646\u0627\u06cc\u0639 \u063a\u0630\u0627\u06cc\u06cc\u060c \u0645\u062d\u0635\u0648\u0644\u0627\u062a \u06a9\u0634\u0627\u0648\u0631\u0632\u06cc \u0648 \u0627\u0646\u0648\u0627\u0639 \u0645\u0627\u0634\u06cc\u0646 \u0622\u0644\u0627\u062a \u0635\u0646\u0639\u062a\u06cc \u0628\u0647 \u0627\u06cc\u0631\u0627\u0646","og_url":"https:\/\/mtroyal.com.tr\/fa\/contact\/","og_site_name":"\u0627\u0645 \u062a\u06cc \u0631\u0648\u06cc\u0627\u0644","article_modified_time":"2025-09-28T06:57:52+00:00","og_image":[{"width":1000,"height":667,"url":"https:\/\/mtroyal.com.tr\/fa\/wp-content\/uploads\/2019\/07\/low.jpg","type":"image\/jpeg"}],"twitter_card":"summary_large_image","twitter_misc":{"\u0632\u0645\u0627\u0646 \u062a\u0642\u0631\u06cc\u0628\u06cc \u0628\u0631\u0627\u06cc \u062e\u0648\u0627\u0646\u062f\u0646":"2 \u062f\u0642\u06cc\u0642\u0647"},"schema":{"@context":"https:\/\/schema.org","@graph":[{"@type":"WebPage","@id":"https:\/\/mtroyal.com.tr\/fa\/contact\/","url":"https:\/\/mtroyal.com.tr\/fa\/contact\/","name":"\u062a\u0645\u0627\u0633 \u0628\u0627 \u0645\u0627 - \u0634\u0631\u06a9\u062a \u0627\u0645 \u062a\u06cc \u0631\u0648\u06cc\u0627\u0644","isPartOf":{"@id":"https:\/\/mtroyal.com.tr\/fa\/#website"},"primaryImageOfPage":{"@id":"https:\/\/mtroyal.com.tr\/fa\/contact\/#primaryimage"},"image":{"@id":"https:\/\/mtroyal.com.tr\/fa\/contact\/#primaryimage"},"thumbnailUrl":"https:\/\/mtroyal.com.tr\/fa\/wp-content\/uploads\/2019\/07\/low.jpg","datePublished":"2017-06-05T05:03:43+00:00","dateModified":"2025-09-28T06:57:52+00:00","description":"\u0634\u0631\u06a9\u062a \u0628\u0627\u0632\u0631\u06af\u0627\u0646\u06cc \u0627\u0645 \u062a\u06cc \u0631\u0648\u06cc\u0627\u0644 \u0648\u0627\u0631\u062f \u06a9\u0646\u0646\u062f\u0647 \u0645\u0648\u0627\u062f \u0627\u0648\u0644\u06cc\u0647 \u0635\u0646\u0627\u06cc\u0639 \u063a\u0630\u0627\u06cc\u06cc\u060c \u0645\u062d\u0635\u0648\u0644\u0627\u062a \u06a9\u0634\u0627\u0648\u0631\u0632\u06cc \u0648 \u0627\u0646\u0648\u0627\u0639 \u0645\u0627\u0634\u06cc\u0646 \u0622\u0644\u0627\u062a \u0635\u0646\u0639\u062a\u06cc \u0628\u0647 \u0627\u06cc\u0631\u0627\u0646","breadcrumb":{"@id":"https:\/\/mtroyal.com.tr\/fa\/contact\/#breadcrumb"},"inLanguage":"fa-IR","potentialAction":[{"@type":"ReadAction","target":["https:\/\/mtroyal.com.tr\/fa\/contact\/"]}]},{"@type":"ImageObject","inLanguage":"fa-IR","@id":"https:\/\/mtroyal.com.tr\/fa\/contact\/#primaryimage","url":"https:\/\/mtroyal.com.tr\/fa\/wp-content\/uploads\/2019\/07\/low.jpg","contentUrl":"https:\/\/mtroyal.com.tr\/fa\/wp-content\/uploads\/2019\/07\/low.jpg","width":1000,"height":667},{"@type":"BreadcrumbList","@id":"https:\/\/mtroyal.com.tr\/fa\/contact\/#breadcrumb","itemListElement":[{"@type":"ListItem","position":1,"name":"\u062e\u0627\u0646\u0647","item":"https:\/\/mtroyal.com.tr\/fa\/"},{"@type":"ListItem","position":2,"name":"\u062a\u0645\u0627\u0633 \u0628\u0627 \u0645\u0627"}]},{"@type":"WebSite","@id":"https:\/\/mtroyal.com.tr\/fa\/#website","url":"https:\/\/mtroyal.com.tr\/fa\/","name":"\u0627\u0645 \u062a\u06cc \u0631\u0648\u06cc\u0627\u0644","description":"\u0634\u0631\u06a9\u062a \u0627\u0645 \u062a\u06cc \u0631\u0648\u06cc\u0627\u0644 \u062a\u0631\u06a9\u06cc\u0647 \u0648\u0627\u0631\u062f\u0627\u062a \u0648 \u0635\u0627\u062f\u0631\u0627\u062a","publisher":{"@id":"https:\/\/mtroyal.com.tr\/fa\/#organization"},"potentialAction":[{"@type":"SearchAction","target":{"@type":"EntryPoint","urlTemplate":"https:\/\/mtroyal.com.tr\/fa\/?s={search_term_string}"},"query-input":{"@type":"PropertyValueSpecification","valueRequired":true,"valueName":"search_term_string"}}],"inLanguage":"fa-IR"},{"@type":"Organization","@id":"https:\/\/mtroyal.com.tr\/fa\/#organization","name":"\u0634\u0631\u06a9\u062a \u0627\u0645 \u062a\u06cc \u0631\u0648\u06cc\u0627\u0644 \u062a\u0631\u06a9\u06cc\u0647","url":"https:\/\/mtroyal.com.tr\/fa\/","logo":{"@type":"ImageObject","inLanguage":"fa-IR","@id":"https:\/\/mtroyal.com.tr\/fa\/#\/schema\/logo\/image\/","url":"https:\/\/mtroyal.com.tr\/fa\/wp-content\/uploads\/2015\/07\/logo.png","contentUrl":"https:\/\/mtroyal.com.tr\/fa\/wp-content\/uploads\/2015\/07\/logo.png","width":192,"height":28,"caption":"\u0634\u0631\u06a9\u062a \u0627\u0645 \u062a\u06cc \u0631\u0648\u06cc\u0627\u0644 \u062a\u0631\u06a9\u06cc\u0647"},"image":{"@id":"https:\/\/mtroyal.com.tr\/fa\/#\/schema\/logo\/image\/"}},false]}},"yasr_visitor_votes":{"stars_attributes":{"read_only":false,"span_bottom":false},"number_of_votes":0,"sum_votes":0},"_links":{"self":[{"href":"https:\/\/mtroyal.com.tr\/fa\/wp-json\/wp\/v2\/pages\/1561","targetHints":{"allow":["GET"]}}],"collection":[{"href":"https:\/\/mtroyal.com.tr\/fa\/wp-json\/wp\/v2\/pages"}],"about":[{"href":"https:\/\/mtroyal.com.tr\/fa\/wp-json\/wp\/v2\/types\/page"}],"author":[{"embeddable":true,"href":"https:\/\/mtroyal.com.tr\/fa\/wp-json\/wp\/v2\/users\/1"}],"replies":[{"embeddable":true,"href":"https:\/\/mtroyal.com.tr\/fa\/wp-json\/wp\/v2\/comments?post=1561"}],"version-history":[{"count":16,"href":"https:\/\/mtroyal.com.tr\/fa\/wp-json\/wp\/v2\/pages\/1561\/revisions"}],"predecessor-version":[{"id":43487,"href":"https:\/\/mtroyal.com.tr\/fa\/wp-json\/wp\/v2\/pages\/1561\/revisions\/43487"}],"wp:featuredmedia":[{"embeddable":true,"href":"https:\/\/mtroyal.com.tr\/fa\/wp-json\/wp\/v2\/media\/1970"}],"wp:attachment":[{"href":"https:\/\/mtroyal.com.tr\/fa\/wp-json\/wp\/v2\/media?parent=1561"}],"curies":[{"name":"wp","href":"https:\/\/api.w.org\/{rel}","templated":true}]}}