{"id":31895,"date":"2025-01-11T14:15:58","date_gmt":"2025-01-11T11:15:58","guid":{"rendered":"https:\/\/mtroyal.com.tr\/fa\/?page_id=31895"},"modified":"2025-01-22T15:13:48","modified_gmt":"2025-01-22T12:13:48","slug":"about","status":"publish","type":"page","link":"https:\/\/mtroyal.com.tr\/fa\/about\/","title":{"rendered":"\u062f\u0631\u0628\u0627\u0631\u0647 \u0645\u0627"},"content":{"rendered":"<section class=\"l-section wpb_row height_large\"><div class=\"l-section-h i-cf\"><div class=\"g-cols vc_row via_flex valign_top type_default stacking_default\"><div class=\"vc_col-sm-12 wpb_column vc_column_container\"><div class=\"vc_column-inner\"><div class=\"wpb_wrapper\"><div class=\"g-cols wpb_row via_flex valign_top type_default stacking_default\"><div class=\"vc_col-sm-6 wpb_column vc_column_container\"><div class=\"vc_column-inner\"><div class=\"wpb_wrapper\"><div class=\"wpb_text_column\"><div class=\"wpb_wrapper\"><h3>\u062a\u0627\u0631\u06cc\u062e\u0686\u0647 \u0634\u0631\u06a9\u062a \u0627\u0645 \u062a\u06cc \u0631\u0648\u06cc\u0627\u0644<\/h3>\n<p>\u0634\u0631\u06a9\u062a <strong>\u0627\u0645 \u062a\u06cc \u0631\u0648\u06cc\u0627\u0644<\/strong> \u062f\u0631 \u062a\u0627\u0631\u06cc\u062e \u06f0\u06f3\/\u06f0\u06f2\/\u06f2\u06f0\u06f1\u06f4 \u062a\u062d\u062a \u0646\u0627\u0645 \u0631\u0633\u0645\u06cc\u00a0<em><strong>MT ROYAL End\u00fcstri G\u0131da Sanayi Ticaret Limited \u015eirketi<\/strong><\/em> \u0648 \u0628\u0627 \u0634\u0645\u0627\u0631\u0647 \u062b\u0628\u062a <strong>\u06f9\u06f0\u06f8\u06f9\u06f1\u06f3<\/strong> \u062f\u0631 \u0634\u0647\u0631 \u0627\u0633\u062a\u0627\u0646\u0628\u0648\u0644\u060c \u062a\u0631\u06a9\u06cc\u0647 \u062a\u0623\u0633\u06cc\u0633 \u0634\u062f. \u0627\u06cc\u0646 \u0634\u0631\u06a9\u062a \u0628\u0627 \u062a\u06a9\u06cc\u0647 \u0628\u0631 \u062a\u062c\u0631\u0628\u06cc\u0627\u062a \u0627\u0631\u0632\u0634\u0645\u0646\u062f \u0648 \u062a\u062e\u0635\u0635 \u06f3\u06f0 \u0633\u0627\u0644\u0647 \u0627\u0639\u0636\u0627\u06cc \u0647\u06cc\u0626\u062a \u0645\u062f\u06cc\u0631\u0647 \u062e\u0648\u062f \u062f\u0631 \u062d\u0648\u0632\u0647 \u062a\u062c\u0627\u0631\u062a \u0628\u06cc\u0646\u200c\u0627\u0644\u0645\u0644\u0644\u06cc \u062f\u0631 \u06a9\u0634\u0648\u0631\u0647\u0627\u06cc\u06cc \u0646\u0638\u06cc\u0631 <strong>\u0627\u06cc\u0631\u0627\u0646\u060c \u062a\u0631\u06a9\u06cc\u0647\u060c \u06af\u0631\u062c\u0633\u062a\u0627\u0646\u060c \u0627\u0645\u0627\u0631\u0627\u062a \u0645\u062a\u062d\u062f\u0647 \u0639\u0631\u0628\u06cc\u060c \u0686\u06cc\u0646\u060c \u0627\u0632\u0628\u06a9\u0633\u062a\u0627\u0646<\/strong> \u0648 \u062f\u06cc\u06af\u0631 \u06a9\u0634\u0648\u0631\u0647\u0627\u060c \u062e\u0637 \u0645\u0634\u06cc \u062a\u062c\u0627\u0631\u06cc \u062e\u0648\u062f \u0631\u0627 \u0628\u0631 \u067e\u0627\u06cc\u0647 \u0627\u0631\u0627\u0626\u0647 \u062e\u062f\u0645\u0627\u062a \u0628\u0627\u06a9\u06cc\u0641\u06cc\u062a \u0648 \u0645\u0637\u0645\u0626\u0646 \u062f\u0631 \u0633\u0637\u062d \u0628\u06cc\u0646\u200c\u0627\u0644\u0645\u0644\u0644\u06cc \u0628\u0646\u0627 \u0646\u0647\u0627\u062f.<\/p>\n<p>\u0628\u0627 \u062a\u0648\u062c\u0647 \u0628\u0647 \u067e\u06cc\u0634\u0631\u0641\u062a \u0631\u0648\u0632\u0627\u0641\u0632\u0648\u0646 \u0641\u0646\u0627\u0648\u0631\u06cc \u0648 \u062a\u063a\u06cc\u06cc\u0631\u0627\u062a \u0628\u0627\u0632\u0627\u0631 \u062c\u0647\u0627\u0646\u06cc\u060c \u0634\u0631\u06a9\u062a \u0627\u0645 \u062a\u06cc \u0631\u0648\u06cc\u0627\u0644 \u0647\u0645\u0648\u0627\u0631\u0647 \u062a\u0644\u0627\u0634 \u06a9\u0631\u062f\u0647 \u0627\u0633\u062a \u062a\u0627 \u06af\u0627\u0645\u200c\u0628\u0647\u200c\u06af\u0627\u0645 \u0641\u0639\u0627\u0644\u06cc\u062a\u200c\u0647\u0627\u06cc \u062e\u0648\u062f \u0631\u0627 \u062a\u0648\u0633\u0639\u0647 \u062f\u0647\u062f. \u0627\u06cc\u0646 \u0634\u0631\u06a9\u062a \u062a\u062d\u062a \u0634\u0645\u0627\u0631\u0647 <strong>\u06f6\u06f2\u06f2\u06f0\u06f6\u06f6\u06f7\u06f1\u06f1\u06f9<\/strong> \u0628\u0647 \u0639\u0636\u0648\u06cc\u062a \u0631\u0633\u0645\u06cc <strong>\u0627\u062a\u0627\u0642 \u0628\u0627\u0632\u0631\u06af\u0627\u0646\u06cc \u062a\u0631\u06a9\u06cc\u0647<\/strong> \u062f\u0631\u0622\u0645\u062f\u0647 \u0648 \u0628\u0647 \u0639\u0646\u0648\u0627\u0646 \u06cc\u06a9\u06cc \u0627\u0632 \u0634\u0631\u06a9\u062a\u200c\u0647\u0627\u06cc \u0645\u0639\u062a\u0628\u0631 \u062f\u0631 \u062d\u0648\u0632\u0647 \u062a\u062c\u0627\u0631\u062a \u0628\u06cc\u0646\u200c\u0627\u0644\u0645\u0644\u0644\u06cc \u0634\u0646\u0627\u062e\u062a\u0647 \u0645\u06cc\u200c\u0634\u0648\u062f.<\/p>\n<\/div><\/div><\/div><\/div><\/div><div class=\"vc_col-sm-6 wpb_column vc_column_container\"><div class=\"vc_column-inner\"><div class=\"wpb_wrapper\"><div class=\"w-image align_center\"><div class=\"w-image-h\"><img decoding=\"async\" width=\"1024\" height=\"768\" src=\"https:\/\/mtroyal.com.tr\/fa\/wp-content\/uploads\/2024\/12\/\u0648\u0627\u0631\u062f\u0627\u062a-\u06a9\u0627\u0644\u0627-\u0627\u0632-\u0633\u0631\u062a\u0627\u0633\u0631-\u062c\u0647\u0627\u0646-1024x768.jpg\" class=\"attachment-large size-large\" alt=\"\u0648\u0627\u0631\u062f\u0627\u062a \u06a9\u0627\u0644\u0627 \u0627\u0632 \u0633\u0631\u062a\u0627\u0633\u0631 \u062c\u0647\u0627\u0646\" loading=\"lazy\" srcset=\"https:\/\/mtroyal.com.tr\/fa\/wp-content\/uploads\/2024\/12\/\u0648\u0627\u0631\u062f\u0627\u062a-\u06a9\u0627\u0644\u0627-\u0627\u0632-\u0633\u0631\u062a\u0627\u0633\u0631-\u062c\u0647\u0627\u0646-1024x768.jpg 1024w, https:\/\/mtroyal.com.tr\/fa\/wp-content\/uploads\/2024\/12\/\u0648\u0627\u0631\u062f\u0627\u062a-\u06a9\u0627\u0644\u0627-\u0627\u0632-\u0633\u0631\u062a\u0627\u0633\u0631-\u062c\u0647\u0627\u0646-300x225.jpg 300w, https:\/\/mtroyal.com.tr\/fa\/wp-content\/uploads\/2024\/12\/\u0648\u0627\u0631\u062f\u0627\u062a-\u06a9\u0627\u0644\u0627-\u0627\u0632-\u0633\u0631\u062a\u0627\u0633\u0631-\u062c\u0647\u0627\u0646-600x450.jpg 600w, https:\/\/mtroyal.com.tr\/fa\/wp-content\/uploads\/2024\/12\/\u0648\u0627\u0631\u062f\u0627\u062a-\u06a9\u0627\u0644\u0627-\u0627\u0632-\u0633\u0631\u062a\u0627\u0633\u0631-\u062c\u0647\u0627\u0646.jpg 1200w\" sizes=\"auto, (max-width: 1024px) 100vw, 1024px\" \/><\/div><\/div><\/div><\/div><\/div><\/div><div class=\"g-cols wpb_row via_flex valign_top type_default stacking_default\"><div class=\"vc_col-sm-12 wpb_column vc_column_container\"><div class=\"vc_column-inner us_custom_d2199d32\"><div class=\"wpb_wrapper\"><div class=\"w-actionbox color_light controls_right\"><div class=\"w-actionbox-text\"><h2 class=\"w-actionbox-title\">\u0647\u0645 \u0627\u06a9\u0646\u0648\u0646 \u0627\u0632 \u0645\u0627 \u0645\u0634\u0627\u0648\u0631\u0647 \u0631\u0627\u06cc\u06af\u0627\u0646 \u0628\u06af\u06cc\u0631\u06cc\u062f<\/h2><\/div><div class=\"w-actionbox-controls\"><a class=\"w-btn us-btn-style_1\" href=\"https:\/\/mtroyal.com.tr\/fa\/contact\/\"><span class=\"w-btn-label\">\u062a\u0645\u0627\u0633 \u0628\u0627 \u0645\u0627<\/span><\/a><\/div><\/div><div class=\"wpb_text_column us_custom_2edb2fd0\"><div class=\"wpb_wrapper\"><h2 style=\"text-align: center;\">\u062d\u0648\u0632\u0647 \u0641\u0639\u0627\u0644\u06cc\u062a<\/h2>\n<p style=\"text-align: center;\">\u0634\u0631\u06a9\u062a <strong>\u0627\u0645 \u062a\u06cc \u0631\u0648\u06cc\u0627\u0644<\/strong> \u0628\u0627 \u0628\u06cc\u0634 \u0627\u0632 \u062f\u0648 \u062f\u0647\u0647 \u062a\u062c\u0631\u0628\u0647 \u062f\u0631 \u062a\u062c\u0627\u0631\u062a \u0628\u06cc\u0646\u200c\u0627\u0644\u0645\u0644\u0644\u06cc \u0648 \u062a\u0648\u0644\u06cc\u062f\u060c \u0628\u0647\u200c\u0639\u0646\u0648\u0627\u0646 \u06cc\u06a9\u06cc \u0627\u0632 \u0634\u0631\u06a9\u062a\u200c\u0647\u0627\u06cc \u067e\u06cc\u0634\u0631\u0648 \u062f\u0631 \u0627\u0631\u0627\u0626\u0647 \u062e\u062f\u0645\u0627\u062a \u0645\u062a\u0646\u0648\u0639 \u0648 \u062a\u062e\u0635\u0635\u06cc \u0634\u0646\u0627\u062e\u062a\u0647 \u0645\u06cc\u200c\u0634\u0648\u062f. \u0627\u06cc\u0646 \u0634\u0631\u06a9\u062a \u0628\u0627 \u062a\u0645\u0631\u06a9\u0632 \u0628\u0631 \u06a9\u06cc\u0641\u06cc\u062a\u060c \u0646\u0648\u0622\u0648\u0631\u06cc \u0648 \u0631\u0639\u0627\u06cc\u062a \u0627\u0633\u062a\u0627\u0646\u062f\u0627\u0631\u062f\u0647\u0627\u06cc \u062c\u0647\u0627\u0646\u06cc\u060c \u062f\u0631 \u062d\u0648\u0632\u0647\u200c\u0647\u0627\u06cc \u0645\u062e\u062a\u0644\u0641\u06cc \u0641\u0639\u0627\u0644\u06cc\u062a \u062f\u0627\u0631\u062f<\/p>\n<\/div><\/div><\/div><\/div><\/div><\/div><div class=\"g-cols wpb_row us_custom_d2199d32 via_flex valign_top type_default stacking_default\"><div class=\"vc_col-sm-6 wpb_column vc_column_container\"><div class=\"vc_column-inner\"><div class=\"wpb_wrapper\"><div class=\"w-ibanner us_custom_1fcadbd4 has_text_color animation_soter ratio_1x1 easing_ease\"><div class=\"w-ibanner-h\"><div class=\"w-ibanner-image\" style=\"background-image: url(https:\/\/mtroyal.com.tr\/fa\/wp-content\/uploads\/2024\/12\/\u0634\u0631\u06a9\u062a-\u0627\u0645-\u062a\u06cc-\u0631\u0648\u06cc\u0627\u0644-2-600x600.jpg)\"><\/div><div class=\"w-ibanner-content\"><div class=\"w-ibanner-content-h\"><h2 class=\"w-ibanner-title\">\u062a\u0648\u0644\u06cc\u062f \u0648 \u062a\u0627\u0645\u06cc\u0646 \u0645\u0648\u0627\u062f \u0627\u0648\u0644\u06cc\u0647 \u0635\u0646\u0627\u06cc\u0639 \u063a\u0630\u0627\u06cc\u06cc<\/h2><div class=\"w-ibanner-desc\"><p>\u0645\u0627 \u0628\u0627 \u0628\u0647\u0631\u0647\u200c\u06af\u06cc\u0631\u06cc \u0627\u0632 \u0634\u0628\u06a9\u0647 \u062a\u0623\u0645\u06cc\u0646 \u062c\u0647\u0627\u0646\u06cc \u0648 \u062a\u062c\u0631\u0628\u0647 \u062a\u062e\u0635\u0635\u06cc \u062f\u0631 \u0628\u0627\u0632\u0631\u06af\u0627\u0646\u06cc\u060c \u0628\u0647\u062a\u0631\u06cc\u0646 \u0645\u0648\u0627\u062f \u0627\u0648\u0644\u06cc\u0647 \u0645\u0648\u0631\u062f \u0646\u06cc\u0627\u0632 \u0635\u0646\u0627\u06cc\u0639 \u063a\u0630\u0627\u06cc\u06cc \u0631\u0627 \u0628\u0627 \u0628\u0627\u0644\u0627\u062a\u0631\u06cc\u0646 \u06a9\u06cc\u0641\u06cc\u062a \u0648 \u0627\u0633\u062a\u0627\u0646\u062f\u0627\u0631\u062f\u0647\u0627\u06cc \u0628\u06cc\u0646\u200c\u0627\u0644\u0645\u0644\u0644\u06cc \u0641\u0631\u0627\u0647\u0645 \u0645\u06cc\u200c\u06a9\u0646\u06cc\u0645.<\/p>\n<\/div><\/div><\/div><\/div><a target=\"_blank\" href=\"https:\/\/mtroyal.com.tr\/fa\/\u062a\u0648\u0644\u06cc\u062f-\u0645\u0648\u0627\u062f-\u0627\u0648\u0644\u06cc\u0647-\u0635\u0646\u0627\u06cc\u0639-\u063a\u0630\u0627\u06cc\u06cc\/\" aria-label=\"\u062a\u0648\u0644\u06cc\u062f \u0648 \u062a\u0627\u0645\u06cc\u0646 \u0645\u0648\u0627\u062f \u0627\u0648\u0644\u06cc\u0647 \u0635\u0646\u0627\u06cc\u0639 \u063a\u0630\u0627\u06cc\u06cc\"><\/a><\/div><\/div><\/div><\/div><div class=\"vc_col-sm-6 wpb_column vc_column_container\"><div class=\"vc_column-inner\"><div class=\"wpb_wrapper\"><div class=\"w-ibanner us_custom_32418b53 has_text_color animation_soter ratio_1x1 easing_ease\"><div class=\"w-ibanner-h\"><div class=\"w-ibanner-image\" style=\"background-image: url(https:\/\/mtroyal.com.tr\/fa\/wp-content\/uploads\/2024\/12\/\u0645\u0627\u0634\u06cc\u0646\u200c\u0622\u0644\u0627\u062a-\u0635\u0646\u0639\u062a\u06cc-600x600.jpg)\"><\/div><div class=\"w-ibanner-content\"><div class=\"w-ibanner-content-h\"><h2 class=\"w-ibanner-title\">\u062a\u0623\u0645\u06cc\u0646 \u0645\u0627\u0634\u06cc\u0646\u200c\u0622\u0644\u0627\u062a \u0635\u0646\u0639\u062a\u06cc \u0648 \u0645\u0639\u062f\u0646\u06cc<\/h2><div class=\"w-ibanner-desc\"><p>\u0645\u0627 \u0628\u0627 \u062a\u06a9\u06cc\u0647 \u0628\u0631 \u0631\u0648\u0627\u0628\u0637 \u062a\u062c\u0627\u0631\u06cc \u06af\u0633\u062a\u0631\u062f\u0647 \u0648 \u062a\u062e\u0635\u0635 \u062f\u0631 \u062d\u0648\u0632\u0647 \u0648\u0627\u0631\u062f\u0627\u062a\u060c \u067e\u06cc\u0634\u0631\u0641\u062a\u0647\u200c\u062a\u0631\u06cc\u0646 \u0645\u0627\u0634\u06cc\u0646\u200c\u0622\u0644\u0627\u062a \u0635\u0646\u0639\u062a\u06cc \u0648 \u0645\u0639\u062f\u0646\u06cc \u0631\u0627 \u0628\u0631\u0627\u06cc \u0627\u0631\u062a\u0642\u0627\u06cc \u0628\u0647\u0631\u0647\u200c\u0648\u0631\u06cc \u0635\u0646\u0627\u06cc\u0639 \u062a\u0623\u0645\u06cc\u0646 \u0645\u06cc\u200c\u06a9\u0646\u06cc\u0645.<\/p>\n<\/div><\/div><\/div><\/div><a target=\"_blank\" href=\"https:\/\/mtroyal.com.tr\/fa\/\u062a\u0623\u0645\u06cc\u0646-\u0645\u0627\u0634\u06cc\u0646-\u0622\u0644\u0627\u062a-\u0635\u0646\u0639\u062a\u06cc\/\" aria-label=\"\u062a\u0623\u0645\u06cc\u0646 \u0645\u0627\u0634\u06cc\u0646\u200c\u0622\u0644\u0627\u062a \u0635\u0646\u0639\u062a\u06cc \u0648 \u0645\u0639\u062f\u0646\u06cc\"><\/a><\/div><\/div><\/div><\/div><div class=\"vc_col-sm-6 wpb_column vc_column_container\"><div class=\"vc_column-inner us_custom_972c33a7\"><div class=\"wpb_wrapper\"><div class=\"w-ibanner us_custom_7297137e has_text_color animation_soter ratio_1x1 easing_ease\"><div class=\"w-ibanner-h\"><div class=\"w-ibanner-image\" style=\"background-image: url(https:\/\/mtroyal.com.tr\/fa\/wp-content\/uploads\/2024\/08\/MT-ROYAL68-600x600.jpg)\"><\/div><div class=\"w-ibanner-content\"><div class=\"w-ibanner-content-h\"><h2 class=\"w-ibanner-title\">\u0645\u062f\u06cc\u0631\u06cc\u062a \u0627\u0633\u0646\u0627\u062f \u0628\u0627\u0632\u0631\u06af\u0627\u0646\u06cc<\/h2><div class=\"w-ibanner-desc\"><p>\u0627\u0631\u0627\u0626\u0647 \u062e\u062f\u0645\u0627\u062a \u062a\u062e\u0635\u0635\u06cc \u062f\u0631 \u062a\u0647\u06cc\u0647 \u0648 \u062a\u0646\u0638\u06cc\u0645 \u0627\u0633\u0646\u0627\u062f \u0628\u0627\u0632\u0631\u06af\u0627\u0646\u06cc\u060c \u0634\u0627\u0645\u0644 \u067e\u0631\u0648\u0641\u0631\u0645\u0627\u060c \u0641\u0627\u06a9\u062a\u0648\u0631\u060c \u0627\u0633\u0646\u0627\u062f \u06af\u0645\u0631\u06a9\u06cc \u0648 \u0627\u0646\u062a\u0642\u0627\u0644\u0627\u062a \u0627\u0631\u0632\u06cc\u060c \u0628\u0627 \u0647\u062f\u0641 \u062a\u0633\u0647\u06cc\u0644 \u0641\u0631\u0622\u06cc\u0646\u062f \u062a\u062c\u0627\u0631\u062a \u0628\u06cc\u0646\u200c\u0627\u0644\u0645\u0644\u0644\u06cc \u0648 \u0627\u0641\u0632\u0627\u06cc\u0634 \u0633\u0631\u0639\u062a \u0648 \u0634\u0641\u0627\u0641\u06cc\u062a \u0645\u0639\u0627\u0645\u0644\u0627\u062a.<\/p>\n<\/div><\/div><\/div><\/div><a target=\"_blank\" href=\"https:\/\/mtroyal.com.tr\/fa\/\u062a\u0647\u06cc\u0647-\u0648-\u0645\u062f\u06cc\u0631\u06cc\u062a-\u0627\u0633\u0646\u0627\u062f-\u0628\u0627\u0632\u0631\u06af\u0627\u0646\u06cc\/\" aria-label=\"\u0645\u062f\u06cc\u0631\u06cc\u062a \u0627\u0633\u0646\u0627\u062f \u0628\u0627\u0632\u0631\u06af\u0627\u0646\u06cc\"><\/a><\/div><\/div><\/div><\/div><div class=\"vc_col-sm-6 wpb_column vc_column_container\"><div class=\"vc_column-inner us_custom_972c33a7\"><div class=\"wpb_wrapper\"><div class=\"w-ibanner us_custom_78bdad49 has_text_color animation_soter ratio_1x1 easing_ease\"><div class=\"w-ibanner-h\"><div class=\"w-ibanner-image\" style=\"background-image: url(https:\/\/mtroyal.com.tr\/fa\/wp-content\/uploads\/2024\/12\/\u0633\u0631\u0645\u0627\u06cc\u0647\u200c\u06af\u0630\u0627\u0631\u06cc-\u0648-\u0645\u0634\u0627\u0631\u06a9\u062a-\u062f\u0631-\u062a\u0631\u06a9\u06cc\u0647-600x600.jpg)\"><\/div><div class=\"w-ibanner-content\"><div class=\"w-ibanner-content-h\"><h2 class=\"w-ibanner-title\">\u0645\u0634\u0627\u0648\u0631\u0647 \u0633\u0631\u0645\u0627\u06cc\u0647\u200c\u06af\u0630\u0627\u0631\u06cc \u0648 \u0633\u0627\u062e\u062a\u200c\u0648\u0633\u0627\u0632<\/h2><div class=\"w-ibanner-desc\"><p>\u0627\u0631\u0627\u0626\u0647 \u0631\u0627\u0647\u06a9\u0627\u0631\u0647\u0627\u06cc \u062a\u062e\u0635\u0635\u06cc \u062f\u0631 \u062d\u0648\u0632\u0647 \u0633\u0631\u0645\u0627\u06cc\u0647\u200c\u06af\u0630\u0627\u0631\u06cc \u0648 \u0627\u062c\u0631\u0627\u06cc \u067e\u0631\u0648\u0698\u0647\u200c\u0647\u0627\u06cc \u0633\u0627\u062e\u062a\u200c\u0648\u0633\u0627\u0632\u060c \u0628\u0627 \u062a\u0645\u0631\u06a9\u0632 \u0628\u0631 \u0627\u0641\u0632\u0627\u06cc\u0634 \u0628\u0627\u0632\u062f\u0647\u06cc \u0648 \u06a9\u0627\u0647\u0634 \u0631\u06cc\u0633\u06a9 \u0633\u0631\u0645\u0627\u06cc\u0647\u200c\u06af\u0630\u0627\u0631\u06cc.<\/p>\n<\/div><\/div><\/div><\/div><a target=\"_blank\" href=\"https:\/\/mtroyal.com.tr\/fa\/\u0645\u0634\u0627\u0648\u0631\u0647-\u062f\u0631-\u0627\u0645\u0648\u0631-\u0633\u0631\u0645\u0627\u06cc\u0647-\u06af\u0630\u0627\u0631\u06cc\/\" aria-label=\"\u0645\u0634\u0627\u0648\u0631\u0647 \u0633\u0631\u0645\u0627\u06cc\u0647\u200c\u06af\u0630\u0627\u0631\u06cc \u0648 \u0633\u0627\u062e\u062a\u200c\u0648\u0633\u0627\u0632\"><\/a><\/div><\/div><\/div><\/div><\/div><\/div><\/div><\/div><\/div><\/div><\/section>\n<div style='text-align:center' class='yasr-auto-insert-visitor'><\/div>","protected":false},"excerpt":{"rendered":"\u062a\u0627\u0631\u06cc\u062e\u0686\u0647 \u0634\u0631\u06a9\u062a \u0627\u0645 \u062a\u06cc \u0631\u0648\u06cc\u0627\u0644 \u0634\u0631\u06a9\u062a \u0627\u0645 \u062a\u06cc \u0631\u0648\u06cc\u0627\u0644 \u062f\u0631 \u062a\u0627\u0631\u06cc\u062e \u06f0\u06f3\/\u06f0\u06f2\/\u06f2\u06f0\u06f1\u06f4 \u062a\u062d\u062a \u0646\u0627\u0645 \u0631\u0633\u0645\u06cc\u00a0MT ROYAL End\u00fcstri G\u0131da Sanayi Ticaret Limited \u015eirketi \u0648 \u0628\u0627 \u0634\u0645\u0627\u0631\u0647 \u062b\u0628\u062a \u06f9\u06f0\u06f8\u06f9\u06f1\u06f3 \u062f\u0631 \u0634\u0647\u0631 \u0627\u0633\u062a\u0627\u0646\u0628\u0648\u0644\u060c \u062a\u0631\u06a9\u06cc\u0647 \u062a\u0623\u0633\u06cc\u0633 \u0634\u062f. \u0627\u06cc\u0646 \u0634\u0631\u06a9\u062a \u0628\u0627 \u062a\u06a9\u06cc\u0647 \u0628\u0631 \u062a\u062c\u0631\u0628\u06cc\u0627\u062a \u0627\u0631\u0632\u0634\u0645\u0646\u062f \u0648 \u062a\u062e\u0635\u0635 \u06f3\u06f0 \u0633\u0627\u0644\u0647 \u0627\u0639\u0636\u0627\u06cc \u0647\u06cc\u0626\u062a \u0645\u062f\u06cc\u0631\u0647 \u062e\u0648\u062f \u062f\u0631 \u062d\u0648\u0632\u0647 \u062a\u062c\u0627\u0631\u062a \u0628\u06cc\u0646\u200c\u0627\u0644\u0645\u0644\u0644\u06cc \u062f\u0631 \u06a9\u0634\u0648\u0631\u0647\u0627\u06cc\u06cc \u0646\u0638\u06cc\u0631...","protected":false},"author":5,"featured_media":0,"parent":0,"menu_order":0,"comment_status":"closed","ping_status":"closed","template":"","meta":{"yasr_overall_rating":0,"yasr_post_is_review":"","yasr_auto_insert_disabled":"","yasr_review_type":"","footnotes":""},"class_list":["post-31895","page","type-page","status-publish","hentry"],"yoast_head":"<!-- This site is optimized with the Yoast SEO Premium plugin v24.7 (Yoast SEO v26.6) - https:\/\/yoast.com\/wordpress\/plugins\/seo\/ -->\n<title>\u062f\u0631\u0628\u0627\u0631\u0647 \u0645\u0627 - \u0627\u0645 \u062a\u06cc \u0631\u0648\u06cc\u0627\u0644<\/title>\n<meta name=\"robots\" content=\"index, follow, max-snippet:-1, max-image-preview:large, max-video-preview:-1\" \/>\n<link rel=\"canonical\" href=\"https:\/\/mtroyal.com.tr\/fa\/about\/\" \/>\n<meta property=\"og:locale\" content=\"fa_IR\" \/>\n<meta property=\"og:type\" content=\"article\" \/>\n<meta property=\"og:title\" content=\"\u062f\u0631\u0628\u0627\u0631\u0647 \u0645\u0627\" \/>\n<meta property=\"og:url\" content=\"https:\/\/mtroyal.com.tr\/fa\/about\/\" \/>\n<meta property=\"og:site_name\" content=\"\u0627\u0645 \u062a\u06cc \u0631\u0648\u06cc\u0627\u0644\" \/>\n<meta property=\"article:modified_time\" content=\"2025-01-22T12:13:48+00:00\" \/>\n<meta name=\"twitter:card\" content=\"summary_large_image\" \/>\n<meta name=\"twitter:label1\" content=\"\u0632\u0645\u0627\u0646 \u062a\u0642\u0631\u06cc\u0628\u06cc \u0628\u0631\u0627\u06cc \u062e\u0648\u0627\u0646\u062f\u0646\" \/>\n\t<meta name=\"twitter:data1\" content=\"3 \u062f\u0642\u06cc\u0642\u0647\" \/>\n<script type=\"application\/ld+json\" class=\"yoast-schema-graph\">{\"@context\":\"https:\/\/schema.org\",\"@graph\":[{\"@type\":\"WebPage\",\"@id\":\"https:\/\/mtroyal.com.tr\/fa\/about\/\",\"url\":\"https:\/\/mtroyal.com.tr\/fa\/about\/\",\"name\":\"\u062f\u0631\u0628\u0627\u0631\u0647 \u0645\u0627 - \u0627\u0645 \u062a\u06cc \u0631\u0648\u06cc\u0627\u0644\",\"isPartOf\":{\"@id\":\"https:\/\/mtroyal.com.tr\/fa\/#website\"},\"datePublished\":\"2025-01-11T11:15:58+00:00\",\"dateModified\":\"2025-01-22T12:13:48+00:00\",\"breadcrumb\":{\"@id\":\"https:\/\/mtroyal.com.tr\/fa\/about\/#breadcrumb\"},\"inLanguage\":\"fa-IR\",\"potentialAction\":[{\"@type\":\"ReadAction\",\"target\":[\"https:\/\/mtroyal.com.tr\/fa\/about\/\"]}]},{\"@type\":\"BreadcrumbList\",\"@id\":\"https:\/\/mtroyal.com.tr\/fa\/about\/#breadcrumb\",\"itemListElement\":[{\"@type\":\"ListItem\",\"position\":1,\"name\":\"\u062e\u0627\u0646\u0647\",\"item\":\"https:\/\/mtroyal.com.tr\/fa\/\"},{\"@type\":\"ListItem\",\"position\":2,\"name\":\"\u062f\u0631\u0628\u0627\u0631\u0647 \u0645\u0627\"}]},{\"@type\":\"WebSite\",\"@id\":\"https:\/\/mtroyal.com.tr\/fa\/#website\",\"url\":\"https:\/\/mtroyal.com.tr\/fa\/\",\"name\":\"\u0627\u0645 \u062a\u06cc \u0631\u0648\u06cc\u0627\u0644\",\"description\":\"\u0634\u0631\u06a9\u062a \u0627\u0645 \u062a\u06cc \u0631\u0648\u06cc\u0627\u0644 \u062a\u0631\u06a9\u06cc\u0647 \u0648\u0627\u0631\u062f\u0627\u062a \u0648 \u0635\u0627\u062f\u0631\u0627\u062a\",\"publisher\":{\"@id\":\"https:\/\/mtroyal.com.tr\/fa\/#organization\"},\"potentialAction\":[{\"@type\":\"SearchAction\",\"target\":{\"@type\":\"EntryPoint\",\"urlTemplate\":\"https:\/\/mtroyal.com.tr\/fa\/?s={search_term_string}\"},\"query-input\":{\"@type\":\"PropertyValueSpecification\",\"valueRequired\":true,\"valueName\":\"search_term_string\"}}],\"inLanguage\":\"fa-IR\"},{\"@type\":\"Organization\",\"@id\":\"https:\/\/mtroyal.com.tr\/fa\/#organization\",\"name\":\"\u0634\u0631\u06a9\u062a \u0627\u0645 \u062a\u06cc \u0631\u0648\u06cc\u0627\u0644 \u062a\u0631\u06a9\u06cc\u0647\",\"url\":\"https:\/\/mtroyal.com.tr\/fa\/\",\"logo\":{\"@type\":\"ImageObject\",\"inLanguage\":\"fa-IR\",\"@id\":\"https:\/\/mtroyal.com.tr\/fa\/#\/schema\/logo\/image\/\",\"url\":\"https:\/\/mtroyal.com.tr\/fa\/wp-content\/uploads\/2015\/07\/logo.png\",\"contentUrl\":\"https:\/\/mtroyal.com.tr\/fa\/wp-content\/uploads\/2015\/07\/logo.png\",\"width\":192,\"height\":28,\"caption\":\"\u0634\u0631\u06a9\u062a \u0627\u0645 \u062a\u06cc \u0631\u0648\u06cc\u0627\u0644 \u062a\u0631\u06a9\u06cc\u0647\"},\"image\":{\"@id\":\"https:\/\/mtroyal.com.tr\/fa\/#\/schema\/logo\/image\/\"}},false]}<\/script>\n<!-- \/ Yoast SEO Premium plugin. -->","yoast_head_json":{"title":"\u062f\u0631\u0628\u0627\u0631\u0647 \u0645\u0627 - \u0627\u0645 \u062a\u06cc \u0631\u0648\u06cc\u0627\u0644","robots":{"index":"index","follow":"follow","max-snippet":"max-snippet:-1","max-image-preview":"max-image-preview:large","max-video-preview":"max-video-preview:-1"},"canonical":"https:\/\/mtroyal.com.tr\/fa\/about\/","og_locale":"fa_IR","og_type":"article","og_title":"\u062f\u0631\u0628\u0627\u0631\u0647 \u0645\u0627","og_url":"https:\/\/mtroyal.com.tr\/fa\/about\/","og_site_name":"\u0627\u0645 \u062a\u06cc \u0631\u0648\u06cc\u0627\u0644","article_modified_time":"2025-01-22T12:13:48+00:00","twitter_card":"summary_large_image","twitter_misc":{"\u0632\u0645\u0627\u0646 \u062a\u0642\u0631\u06cc\u0628\u06cc \u0628\u0631\u0627\u06cc \u062e\u0648\u0627\u0646\u062f\u0646":"3 \u062f\u0642\u06cc\u0642\u0647"},"schema":{"@context":"https:\/\/schema.org","@graph":[{"@type":"WebPage","@id":"https:\/\/mtroyal.com.tr\/fa\/about\/","url":"https:\/\/mtroyal.com.tr\/fa\/about\/","name":"\u062f\u0631\u0628\u0627\u0631\u0647 \u0645\u0627 - \u0627\u0645 \u062a\u06cc \u0631\u0648\u06cc\u0627\u0644","isPartOf":{"@id":"https:\/\/mtroyal.com.tr\/fa\/#website"},"datePublished":"2025-01-11T11:15:58+00:00","dateModified":"2025-01-22T12:13:48+00:00","breadcrumb":{"@id":"https:\/\/mtroyal.com.tr\/fa\/about\/#breadcrumb"},"inLanguage":"fa-IR","potentialAction":[{"@type":"ReadAction","target":["https:\/\/mtroyal.com.tr\/fa\/about\/"]}]},{"@type":"BreadcrumbList","@id":"https:\/\/mtroyal.com.tr\/fa\/about\/#breadcrumb","itemListElement":[{"@type":"ListItem","position":1,"name":"\u062e\u0627\u0646\u0647","item":"https:\/\/mtroyal.com.tr\/fa\/"},{"@type":"ListItem","position":2,"name":"\u062f\u0631\u0628\u0627\u0631\u0647 \u0645\u0627"}]},{"@type":"WebSite","@id":"https:\/\/mtroyal.com.tr\/fa\/#website","url":"https:\/\/mtroyal.com.tr\/fa\/","name":"\u0627\u0645 \u062a\u06cc \u0631\u0648\u06cc\u0627\u0644","description":"\u0634\u0631\u06a9\u062a \u0627\u0645 \u062a\u06cc \u0631\u0648\u06cc\u0627\u0644 \u062a\u0631\u06a9\u06cc\u0647 \u0648\u0627\u0631\u062f\u0627\u062a \u0648 \u0635\u0627\u062f\u0631\u0627\u062a","publisher":{"@id":"https:\/\/mtroyal.com.tr\/fa\/#organization"},"potentialAction":[{"@type":"SearchAction","target":{"@type":"EntryPoint","urlTemplate":"https:\/\/mtroyal.com.tr\/fa\/?s={search_term_string}"},"query-input":{"@type":"PropertyValueSpecification","valueRequired":true,"valueName":"search_term_string"}}],"inLanguage":"fa-IR"},{"@type":"Organization","@id":"https:\/\/mtroyal.com.tr\/fa\/#organization","name":"\u0634\u0631\u06a9\u062a \u0627\u0645 \u062a\u06cc \u0631\u0648\u06cc\u0627\u0644 \u062a\u0631\u06a9\u06cc\u0647","url":"https:\/\/mtroyal.com.tr\/fa\/","logo":{"@type":"ImageObject","inLanguage":"fa-IR","@id":"https:\/\/mtroyal.com.tr\/fa\/#\/schema\/logo\/image\/","url":"https:\/\/mtroyal.com.tr\/fa\/wp-content\/uploads\/2015\/07\/logo.png","contentUrl":"https:\/\/mtroyal.com.tr\/fa\/wp-content\/uploads\/2015\/07\/logo.png","width":192,"height":28,"caption":"\u0634\u0631\u06a9\u062a \u0627\u0645 \u062a\u06cc \u0631\u0648\u06cc\u0627\u0644 \u062a\u0631\u06a9\u06cc\u0647"},"image":{"@id":"https:\/\/mtroyal.com.tr\/fa\/#\/schema\/logo\/image\/"}},false]}},"yasr_visitor_votes":{"stars_attributes":{"read_only":false,"span_bottom":false},"number_of_votes":0,"sum_votes":0},"_links":{"self":[{"href":"https:\/\/mtroyal.com.tr\/fa\/wp-json\/wp\/v2\/pages\/31895","targetHints":{"allow":["GET"]}}],"collection":[{"href":"https:\/\/mtroyal.com.tr\/fa\/wp-json\/wp\/v2\/pages"}],"about":[{"href":"https:\/\/mtroyal.com.tr\/fa\/wp-json\/wp\/v2\/types\/page"}],"author":[{"embeddable":true,"href":"https:\/\/mtroyal.com.tr\/fa\/wp-json\/wp\/v2\/users\/5"}],"replies":[{"embeddable":true,"href":"https:\/\/mtroyal.com.tr\/fa\/wp-json\/wp\/v2\/comments?post=31895"}],"version-history":[{"count":4,"href":"https:\/\/mtroyal.com.tr\/fa\/wp-json\/wp\/v2\/pages\/31895\/revisions"}],"predecessor-version":[{"id":32049,"href":"https:\/\/mtroyal.com.tr\/fa\/wp-json\/wp\/v2\/pages\/31895\/revisions\/32049"}],"wp:attachment":[{"href":"https:\/\/mtroyal.com.tr\/fa\/wp-json\/wp\/v2\/media?parent=31895"}],"curies":[{"name":"wp","href":"https:\/\/api.w.org\/{rel}","templated":true}]}}