{"id":2207,"date":"2015-02-25T14:48:21","date_gmt":"2015-02-25T15:48:21","guid":{"rendered":"https:\/\/themes.muffingroup.com\/be\/steak\/?page_id=2207"},"modified":"2025-11-27T14:36:39","modified_gmt":"2025-11-27T11:36:39","slug":"about-us","status":"publish","type":"page","link":"https:\/\/mtroyal.com.tr\/tr\/about-us\/","title":{"rendered":"HAKKIMIZDA"},"content":{"rendered":"<p>[vc_row][vc_column]<div class=\"cz_gap clr  hide_on_mobile\" style=\"height: 30px\"><\/div><div class=\"cz_gap show_on_mobile clr\" style=\"height: 0px\"><\/div>[\/vc_column][\/vc_row][vc_row][vc_column offset=&#8221;vc_col-md-6&#8243;]<div class=\"cz_gap clr \" style=\"height: 60px\"><\/div><div id=\"cz_48772\" class=\"cz_48772 cz_title clr cz_mobile_text_center cz_title_pos_inline\"><div class=\"cz_title_shape shape_square cz_shape_1\"><\/div><div class=\"cz_title_content\"><div class=\"cz_wpe_content\"><h2>Bizim hakk\u0131m\u0131zda<\/h2>\n<\/div><\/div><\/div><div class=\"cz_gap clr \" style=\"height: 30px\"><\/div><div id=\"cz_38428\" class=\"cz_38428 cz_title clr cz_mobile_text_center cz_title_pos_inline\"><div class=\"cz_title_content\"><div class=\"cz_wpe_content\"><p>MT ROYAL End\u00fcstri G\u0131da Sanayi Ticaret Limited \u015eirketi LTD. \u015eT\u0130. 2014 y\u0131l\u0131ndan beri T\u00fcrkiyede ticari faaliyete ba\u015flam\u0131\u015ft\u0131r.<\/p>\n<\/div><\/div><\/div><div class=\"cz_gap clr \" style=\"height: 30px\"><\/div><ul id=\"cz_109888\" class=\"cz_109888 cz_stylish_list clr cz_sl_icon_hover_zoom_in\"><li class=\"clr\"><div class=\"cz_sl_icon\"><i class=\"fa czico-074-tick-inside-circle mr10\" ><\/i><\/div><div><span>Quality<\/span><\/div><\/li><li class=\"clr\"><div class=\"cz_sl_icon\"><i class=\"fa czico-074-tick-inside-circle mr10\" ><\/i><\/div><div><span>Accuracy<\/span><\/div><\/li><li class=\"clr\"><div class=\"cz_sl_icon\"><i class=\"fa czico-074-tick-inside-circle mr10\" ><\/i><\/div><div><span>Safety<\/span><\/div><\/li><li class=\"clr\"><div class=\"cz_sl_icon\"><i class=\"fa czico-074-tick-inside-circle mr10\" ><\/i><\/div><div><span>Reliance<\/span><\/div><\/li><\/ul>[\/vc_column][vc_column offset=&#8221;vc_col-md-6&#8243;]<div id=\"cz_38719\" class=\"cz_grid_p cz_38719\"><div class=\"cz_grid cz_grid_1 clr cz_grid_c2 cz_grid_1_no_title cz_grid_1_mid tac\"><div class=\"cz_grid_item cz_grid_first\"><\/div><div class=\"cz_grid_item \"><div><a class=\"cz_grid_link \" href=\"https:\/\/mtroyal.com.tr\/tr\/wp-content\/uploads\/2025\/11\/about.jpeg\" data-xtra-lightbox><img decoding=\"async\" width=\"380\" height=\"528\" src=\"data:image\/svg+xml,%3Csvg%20xmlns%3D&#39;http%3A%2F%2Fwww.w3.org%2F2000%2Fsvg&#39;%20width=&#39;380&#39;%20height=&#39;528&#39;%20viewBox%3D&#39;0%200%20380%20528&#39;%2F%3E\" data-czlz data-src=\"https:\/\/mtroyal.com.tr\/tr\/wp-content\/uploads\/2025\/11\/about.jpeg\" class=\"attachment-codevz_600_600\" alt=\"\" data-srcset=\"https:\/\/mtroyal.com.tr\/tr\/wp-content\/uploads\/2025\/11\/about.jpeg 380w, https:\/\/mtroyal.com.tr\/tr\/wp-content\/uploads\/2025\/11\/about-216x300.jpeg 216w\" data-sizes=\"(max-width: 380px) 100vw, 380px\" \/><div class=\"cz_grid_details\"><i class=\"fa czico-117-web cz_grid_icon\"><\/i><\/div><\/a><\/div><\/div><div class=\"cz_grid_item \"><div><a class=\"cz_grid_link \" href=\"https:\/\/mtroyal.com.tr\/tr\/wp-content\/uploads\/2020\/03\/mtroyal.jpg\" data-xtra-lightbox><img decoding=\"async\" width=\"400\" height=\"555\" src=\"data:image\/svg+xml,%3Csvg%20xmlns%3D&#39;http%3A%2F%2Fwww.w3.org%2F2000%2Fsvg&#39;%20width=&#39;400&#39;%20height=&#39;555&#39;%20viewBox%3D&#39;0%200%20400%20555&#39;%2F%3E\" data-czlz data-src=\"https:\/\/mtroyal.com.tr\/tr\/wp-content\/uploads\/2020\/03\/mtroyal.jpg\" class=\"attachment-codevz_600_600\" alt=\"\" data-srcset=\"https:\/\/mtroyal.com.tr\/tr\/wp-content\/uploads\/2020\/03\/mtroyal.jpg 400w, https:\/\/mtroyal.com.tr\/tr\/wp-content\/uploads\/2020\/03\/mtroyal-216x300.jpg 216w\" data-sizes=\"(max-width: 400px) 100vw, 400px\" \/><div class=\"cz_grid_details\"><i class=\"fa czico-117-web cz_grid_icon\"><\/i><\/div><\/a><\/div><\/div><\/div><\/div>[\/vc_column][\/vc_row][vc_row][vc_column]<div class=\"cz_gap clr  hide_on_mobile\" style=\"height: 90px\"><\/div><div class=\"cz_gap show_on_mobile clr\" style=\"height: 20px\"><\/div>[\/vc_column][\/vc_row][vc_row full_width=&#8221;stretch_row&#8221; css=&#8221;.vc_custom_1569600320242{background-color: #e9e9e9 !important;}&#8221;][vc_column]<div class=\"cz_gap clr  hide_on_mobile\" style=\"height: 40px\"><\/div><div class=\"cz_gap show_on_mobile clr\" style=\"height: 60px\"><\/div><div id=\"cz_107117\" class=\"cz_107117 cz_title clr cz_title_pos_inline tac\"><div class=\"cz_title_shape shape_square cz_shape_1\"><\/div><div class=\"cz_title_content\"><div class=\"cz_wpe_content\"><h2 style=\"text-align: center;\">NEDEN B\u0130Z<\/h2>\n<\/div><\/div><\/div><div class=\"cz_gap clr \" style=\"height: 20px\"><\/div>[vc_column_text]i\u015fimiz ve tecr\u00fcbemiz hizmetlerimizi m\u00fc\u015fterilerimize tan\u0131tman\u0131n en iyi yoludur.<br \/>\n2013 y\u0131l\u0131 itibari ile bu alanda \u00e7ok ba\u015far\u0131l\u0131 ad\u0131mlarla devam etmekteyiz. En iyi ve makul teklifler ile de\u011ferli m\u00fc\u015fterilerimize hizmet sunmay\u0131 hedefleyip sizin i\u00e7in en uygun ve karl\u0131 olan fikirleri haz\u0131rl\u0131yoruz.<\/p>\n<p>MTROYAL \u015eirketi olarak kendi \u00fcr\u00fcnlerimiz hari\u00e7 m\u00fc\u015fterilerimizin ihtiyac\u0131na ve talebine g\u00f6re d\u0131\u015f \u00fclkelerden \u00fc\u00e7\u00fcnc\u00fc \u00fclkelere y\u00fcksek tonajl\u0131 ticaret yapmaktay\u0131z. Bunlar G\u0131da ham maddeleri ve ya teknolojisinin kategorisinde de yer almaktad\u0131r. Dolays\u0131yla MTROYAL firmas\u0131n\u0131n D\u0131\u015f ticaret hacmini grafiksel olarak y\u00fcksek tonajlara sahiptir.<\/p>\n<p><a href=\"https:\/\/latamarko.com\/\" target=\"_blank\" rel=\"noopener noreferrer\">LATAMARKO<\/a> markas\u0131 ise; kaliteyi ve hayat\u0131m\u0131zda s\u0131k\u00e7a kulland\u0131\u011f\u0131m\u0131z \u00e7ikolatay\u0131 temsil etmektedir. Afrika n\u0131n en kaliteli kakao \u00e7ekirde\u011finden \u00fcretilen kakao tozu ve kakao t\u00fcrevlerini en g\u00fcvenli \u015fekilde m\u00fc\u015fterilerimize ula\u015ft\u0131rmaktan mutluluk duymaktay\u0131z.<\/p>\n<p>&nbsp;<\/p>\n<p><strong><img decoding=\"async\" class=\"size-medium wp-image-2597 aligncenter\" src=\"data:image\/svg+xml,%3Csvg%20xmlns%3D&#39;http%3A%2F%2Fwww.w3.org%2F2000%2Fsvg&#39;%20width=&#39;300&#39;%20height=&#39;244&#39;%20viewBox%3D&#39;0%200%20300%20244&#39;%2F%3E\" data-czlz data-src=\"https:\/\/mtroyal.com.tr\/tr\/wp-content\/uploads\/2019\/09\/200000000000000000000-2-300x244.png\" alt=\"\" width=\"300\" height=\"244\" data-srcset=\"https:\/\/mtroyal.com.tr\/tr\/wp-content\/uploads\/2019\/09\/200000000000000000000-2-300x244.png 300w, https:\/\/mtroyal.com.tr\/tr\/wp-content\/uploads\/2019\/09\/200000000000000000000-2-600x488.png 600w, https:\/\/mtroyal.com.tr\/tr\/wp-content\/uploads\/2019\/09\/200000000000000000000-2-768x624.png 768w, https:\/\/mtroyal.com.tr\/tr\/wp-content\/uploads\/2019\/09\/200000000000000000000-2-180x146.png 180w, https:\/\/mtroyal.com.tr\/tr\/wp-content\/uploads\/2019\/09\/200000000000000000000-2-50x41.png 50w, https:\/\/mtroyal.com.tr\/tr\/wp-content\/uploads\/2019\/09\/200000000000000000000-2-92x75.png 92w, https:\/\/mtroyal.com.tr\/tr\/wp-content\/uploads\/2019\/09\/200000000000000000000-2.png 800w\" data-sizes=\"(max-width: 300px) 100vw, 300px\" \/><\/strong><\/p>\n<h3 style=\"text-align: center;\"><strong>Uzman ekibimiz size uluslararas\u0131 pazar\u0131n\u0131z\u0131 bulmakta ve bu konuda b\u00f6lgenizde zirvede kalmaya yard\u0131mc\u0131 olacaklar<\/strong><\/h3>\n<p>&nbsp;<\/p>\n<p><strong>B\u0130Z\u0130M EK\u0130B\u0130M\u0130Z<\/strong><\/p>\n<p>D\u00fcnyan\u0131n en ba\u015far\u0131l\u0131 yat\u0131r\u0131m holding \u015firketlerinden birisi olan MTROYAL FIRMASINA ho\u015fgeldiniz.<\/p>\n<p>\u0130STANBUL &#8216;da kurulu olan MTROYAL ULUSLARARASI F\u0130RMAMIZ halka a\u00e7\u0131k bir \u0130thalat &#8211; \u0130hracat \u015firketi olarak bilinir. G\u00fc\u00e7l\u00fc bir genel m\u00fcd\u00fcr taraf\u0131ndan y\u00f6netilen ve deneyimli yat\u0131r\u0131m uzmanlar\u0131ndan olu\u015fmu\u015f bir ekip olarak hizmet vermektedir.[\/vc_column_text]<div class=\"cz_gap clr  hide_on_mobile\" style=\"height: 180px\"><\/div><div class=\"cz_gap show_on_mobile clr\" style=\"height: 100px\"><\/div>[\/vc_column][\/vc_row][vc_row full_width=&#8221;stretch_row&#8221; css=&#8221;.vc_custom_1569854098049{padding-top: 60px !important;padding-bottom: 60px !important;background-color: #1d1d1d !important;background-position: center !important;background-repeat: no-repeat !important;background-size: cover;background-position: bottom !important;}&#8221;][vc_column width=&#8221;2\/3&#8243;]<div id=\"cz_98243\" class=\"cz_98243 cz_title clr cz_mobile_text_center cz_title_has_icon cz_title_pos_inline\"><div class=\"cz_title_content\"><i class=\"cz_title_icon_before fa czico-098-profile-1\"><\/i><div class=\"cz_wpe_content\"><h3><span style=\"font-size: 36px;\"><span style=\"color: #ffa013;\"><span style=\"color: #ffffff;\">We&#8217;re Hiring,<\/span> Join<\/span> <span style=\"color: #ffffff;\"><span style=\"color: #ffa013;\">Our Talent Team<\/span><br \/>\n<\/span><\/span><\/h3>\n<p><span style=\"color: #ffffff; font-size: 18px;\">Feel free to contact us and send your resume<\/span><\/p>\n<\/div><\/div><\/div>[\/vc_column][vc_column width=&#8221;1\/3&#8243;]<div class=\"cz_btn_right cz_mobile_btn_center\"><div class=\"cz_103203_p\"><a id=\"cz_103203\" class=\"cz_103203 cz_btn cz_btn_txt_no_fx cz_btn_fill_up\" href=\"https:\/\/www.mtroyal.com.tr\/e\/contact-us\/\" title=\"Contact Us\" aria-label=\"Contact Us\"><span><i class=\"fa fa-file-text-o\"><\/i><strong>SEND RESUME<\/strong><\/span><b class=\"cz_btn_onhover\"><i class=\"fa fa-file-text-o\"><\/i><strong>SEND RESUME<\/strong><\/b><\/a><\/div><\/div><div class=\"clr\"><\/div>[\/vc_column][\/vc_row]<\/p>\n<div style='text-align:center' class='yasr-auto-insert-visitor'><\/div>","protected":false},"excerpt":{"rendered":"<p>[vc_row][vc_column][\/vc_column][\/vc_row][vc_row][vc_column offset=&#8221;vc_col-md-6&#8243;][\/vc_column][vc_column offset=&#8221;vc_col-md-6&#8243;][\/vc_column][\/vc_row][vc_row][vc_column][\/vc_column][\/vc_row][vc_row full_width=&#8221;stretch_row&#8221; css=&#8221;.vc_custom_1569600320242{background-color: #e9e9e9 !important;}&#8221;][vc_column][vc_column_text]i\u015fimiz ve tecr\u00fcbemiz hizmetlerimizi m\u00fc\u015fterilerimize &#8230; <\/p>\n","protected":false},"author":1,"featured_media":0,"parent":0,"menu_order":0,"comment_status":"closed","ping_status":"closed","template":"","meta":{"yasr_overall_rating":0,"yasr_post_is_review":"","yasr_auto_insert_disabled":"","yasr_review_type":"","footnotes":""},"class_list":["post-2207","page","type-page","status-publish","hentry"],"yoast_head":"<!-- This site is optimized with the Yoast SEO Premium plugin v24.5 (Yoast SEO v26.6) - https:\/\/yoast.com\/wordpress\/plugins\/seo\/ -->\n<title>HAKKIMIZDA - MTROYAL<\/title>\n<meta name=\"robots\" content=\"index, follow, max-snippet:-1, max-image-preview:large, max-video-preview:-1\" \/>\n<link rel=\"canonical\" href=\"https:\/\/mtroyal.com.tr\/tr\/about-us\/\" \/>\n<meta property=\"og:locale\" content=\"tr_TR\" \/>\n<meta property=\"og:type\" content=\"article\" \/>\n<meta property=\"og:title\" content=\"HAKKIMIZDA\" \/>\n<meta property=\"og:description\" content=\"[vc_row][vc_column][\/vc_column][\/vc_row][vc_row][vc_column offset=&#8221;vc_col-md-6&#8243;][\/vc_column][vc_column offset=&#8221;vc_col-md-6&#8243;][\/vc_column][\/vc_row][vc_row][vc_column][\/vc_column][\/vc_row][vc_row full_width=&#8221;stretch_row&#8221; css=&#8221;.vc_custom_1569600320242{background-color: #e9e9e9 !important;}&#8221;][vc_column][vc_column_text]i\u015fimiz ve tecr\u00fcbemiz hizmetlerimizi m\u00fc\u015fterilerimize ...\" \/>\n<meta property=\"og:url\" content=\"https:\/\/mtroyal.com.tr\/tr\/about-us\/\" \/>\n<meta property=\"og:site_name\" content=\"MTROYAL\" \/>\n<meta property=\"article:modified_time\" content=\"2025-11-27T11:36:39+00:00\" \/>\n<meta property=\"og:image\" content=\"https:\/\/mtroyal.com.tr\/tr\/wp-content\/uploads\/2019\/09\/200000000000000000000-2-300x244.png\" \/>\n<meta name=\"twitter:card\" content=\"summary_large_image\" \/>\n<script type=\"application\/ld+json\" class=\"yoast-schema-graph\">{\"@context\":\"https:\/\/schema.org\",\"@graph\":[{\"@type\":\"WebPage\",\"@id\":\"https:\/\/mtroyal.com.tr\/tr\/about-us\/\",\"url\":\"https:\/\/mtroyal.com.tr\/tr\/about-us\/\",\"name\":\"HAKKIMIZDA - MTROYAL\",\"isPartOf\":{\"@id\":\"https:\/\/mtroyal.com.tr\/tr\/#website\"},\"primaryImageOfPage\":{\"@id\":\"https:\/\/mtroyal.com.tr\/tr\/about-us\/#primaryimage\"},\"image\":{\"@id\":\"https:\/\/mtroyal.com.tr\/tr\/about-us\/#primaryimage\"},\"thumbnailUrl\":\"https:\/\/mtroyal.com.tr\/tr\/wp-content\/uploads\/2019\/09\/200000000000000000000-2-300x244.png\",\"datePublished\":\"2015-02-25T15:48:21+00:00\",\"dateModified\":\"2025-11-27T11:36:39+00:00\",\"breadcrumb\":{\"@id\":\"https:\/\/mtroyal.com.tr\/tr\/about-us\/#breadcrumb\"},\"inLanguage\":\"tr\",\"potentialAction\":[{\"@type\":\"ReadAction\",\"target\":[\"https:\/\/mtroyal.com.tr\/tr\/about-us\/\"]}]},{\"@type\":\"ImageObject\",\"inLanguage\":\"tr\",\"@id\":\"https:\/\/mtroyal.com.tr\/tr\/about-us\/#primaryimage\",\"url\":\"https:\/\/mtroyal.com.tr\/tr\/wp-content\/uploads\/2019\/09\/200000000000000000000-2.png\",\"contentUrl\":\"https:\/\/mtroyal.com.tr\/tr\/wp-content\/uploads\/2019\/09\/200000000000000000000-2.png\",\"width\":800,\"height\":650},{\"@type\":\"BreadcrumbList\",\"@id\":\"https:\/\/mtroyal.com.tr\/tr\/about-us\/#breadcrumb\",\"itemListElement\":[{\"@type\":\"ListItem\",\"position\":1,\"name\":\"Home\",\"item\":\"https:\/\/mtroyal.com.tr\/tr\/\"},{\"@type\":\"ListItem\",\"position\":2,\"name\":\"HAKKIMIZDA\"}]},{\"@type\":\"WebSite\",\"@id\":\"https:\/\/mtroyal.com.tr\/tr\/#website\",\"url\":\"https:\/\/mtroyal.com.tr\/tr\/\",\"name\":\"MTROYAL\",\"description\":\"\",\"publisher\":{\"@id\":\"https:\/\/mtroyal.com.tr\/tr\/#organization\"},\"potentialAction\":[{\"@type\":\"SearchAction\",\"target\":{\"@type\":\"EntryPoint\",\"urlTemplate\":\"https:\/\/mtroyal.com.tr\/tr\/?s={search_term_string}\"},\"query-input\":{\"@type\":\"PropertyValueSpecification\",\"valueRequired\":true,\"valueName\":\"search_term_string\"}}],\"inLanguage\":\"tr\"},{\"@type\":\"Organization\",\"@id\":\"https:\/\/mtroyal.com.tr\/tr\/#organization\",\"name\":\"MTROYAL\",\"url\":\"https:\/\/mtroyal.com.tr\/tr\/\",\"logo\":{\"@type\":\"ImageObject\",\"inLanguage\":\"tr\",\"@id\":\"https:\/\/mtroyal.com.tr\/tr\/#\/schema\/logo\/image\/\",\"url\":\"https:\/\/mtroyal.com.tr\/tr\/wp-content\/uploads\/2023\/12\/mt-logo.png\",\"contentUrl\":\"https:\/\/mtroyal.com.tr\/tr\/wp-content\/uploads\/2023\/12\/mt-logo.png\",\"width\":313,\"height\":261,\"caption\":\"MTROYAL\"},\"image\":{\"@id\":\"https:\/\/mtroyal.com.tr\/tr\/#\/schema\/logo\/image\/\"}},false]}<\/script>\n<!-- \/ Yoast SEO Premium plugin. -->","yoast_head_json":{"title":"HAKKIMIZDA - MTROYAL","robots":{"index":"index","follow":"follow","max-snippet":"max-snippet:-1","max-image-preview":"max-image-preview:large","max-video-preview":"max-video-preview:-1"},"canonical":"https:\/\/mtroyal.com.tr\/tr\/about-us\/","og_locale":"tr_TR","og_type":"article","og_title":"HAKKIMIZDA","og_description":"[vc_row][vc_column][\/vc_column][\/vc_row][vc_row][vc_column offset=&#8221;vc_col-md-6&#8243;][\/vc_column][vc_column offset=&#8221;vc_col-md-6&#8243;][\/vc_column][\/vc_row][vc_row][vc_column][\/vc_column][\/vc_row][vc_row full_width=&#8221;stretch_row&#8221; css=&#8221;.vc_custom_1569600320242{background-color: #e9e9e9 !important;}&#8221;][vc_column][vc_column_text]i\u015fimiz ve tecr\u00fcbemiz hizmetlerimizi m\u00fc\u015fterilerimize ...","og_url":"https:\/\/mtroyal.com.tr\/tr\/about-us\/","og_site_name":"MTROYAL","article_modified_time":"2025-11-27T11:36:39+00:00","og_image":[{"url":"https:\/\/mtroyal.com.tr\/tr\/wp-content\/uploads\/2019\/09\/200000000000000000000-2-300x244.png","type":"","width":"","height":""}],"twitter_card":"summary_large_image","schema":{"@context":"https:\/\/schema.org","@graph":[{"@type":"WebPage","@id":"https:\/\/mtroyal.com.tr\/tr\/about-us\/","url":"https:\/\/mtroyal.com.tr\/tr\/about-us\/","name":"HAKKIMIZDA - MTROYAL","isPartOf":{"@id":"https:\/\/mtroyal.com.tr\/tr\/#website"},"primaryImageOfPage":{"@id":"https:\/\/mtroyal.com.tr\/tr\/about-us\/#primaryimage"},"image":{"@id":"https:\/\/mtroyal.com.tr\/tr\/about-us\/#primaryimage"},"thumbnailUrl":"https:\/\/mtroyal.com.tr\/tr\/wp-content\/uploads\/2019\/09\/200000000000000000000-2-300x244.png","datePublished":"2015-02-25T15:48:21+00:00","dateModified":"2025-11-27T11:36:39+00:00","breadcrumb":{"@id":"https:\/\/mtroyal.com.tr\/tr\/about-us\/#breadcrumb"},"inLanguage":"tr","potentialAction":[{"@type":"ReadAction","target":["https:\/\/mtroyal.com.tr\/tr\/about-us\/"]}]},{"@type":"ImageObject","inLanguage":"tr","@id":"https:\/\/mtroyal.com.tr\/tr\/about-us\/#primaryimage","url":"https:\/\/mtroyal.com.tr\/tr\/wp-content\/uploads\/2019\/09\/200000000000000000000-2.png","contentUrl":"https:\/\/mtroyal.com.tr\/tr\/wp-content\/uploads\/2019\/09\/200000000000000000000-2.png","width":800,"height":650},{"@type":"BreadcrumbList","@id":"https:\/\/mtroyal.com.tr\/tr\/about-us\/#breadcrumb","itemListElement":[{"@type":"ListItem","position":1,"name":"Home","item":"https:\/\/mtroyal.com.tr\/tr\/"},{"@type":"ListItem","position":2,"name":"HAKKIMIZDA"}]},{"@type":"WebSite","@id":"https:\/\/mtroyal.com.tr\/tr\/#website","url":"https:\/\/mtroyal.com.tr\/tr\/","name":"MTROYAL","description":"","publisher":{"@id":"https:\/\/mtroyal.com.tr\/tr\/#organization"},"potentialAction":[{"@type":"SearchAction","target":{"@type":"EntryPoint","urlTemplate":"https:\/\/mtroyal.com.tr\/tr\/?s={search_term_string}"},"query-input":{"@type":"PropertyValueSpecification","valueRequired":true,"valueName":"search_term_string"}}],"inLanguage":"tr"},{"@type":"Organization","@id":"https:\/\/mtroyal.com.tr\/tr\/#organization","name":"MTROYAL","url":"https:\/\/mtroyal.com.tr\/tr\/","logo":{"@type":"ImageObject","inLanguage":"tr","@id":"https:\/\/mtroyal.com.tr\/tr\/#\/schema\/logo\/image\/","url":"https:\/\/mtroyal.com.tr\/tr\/wp-content\/uploads\/2023\/12\/mt-logo.png","contentUrl":"https:\/\/mtroyal.com.tr\/tr\/wp-content\/uploads\/2023\/12\/mt-logo.png","width":313,"height":261,"caption":"MTROYAL"},"image":{"@id":"https:\/\/mtroyal.com.tr\/tr\/#\/schema\/logo\/image\/"}},false]}},"yasr_visitor_votes":{"stars_attributes":{"read_only":false,"span_bottom":false},"number_of_votes":0,"sum_votes":0},"_links":{"self":[{"href":"https:\/\/mtroyal.com.tr\/tr\/wp-json\/wp\/v2\/pages\/2207","targetHints":{"allow":["GET"]}}],"collection":[{"href":"https:\/\/mtroyal.com.tr\/tr\/wp-json\/wp\/v2\/pages"}],"about":[{"href":"https:\/\/mtroyal.com.tr\/tr\/wp-json\/wp\/v2\/types\/page"}],"author":[{"embeddable":true,"href":"https:\/\/mtroyal.com.tr\/tr\/wp-json\/wp\/v2\/users\/1"}],"replies":[{"embeddable":true,"href":"https:\/\/mtroyal.com.tr\/tr\/wp-json\/wp\/v2\/comments?post=2207"}],"version-history":[{"count":2,"href":"https:\/\/mtroyal.com.tr\/tr\/wp-json\/wp\/v2\/pages\/2207\/revisions"}],"predecessor-version":[{"id":11513,"href":"https:\/\/mtroyal.com.tr\/tr\/wp-json\/wp\/v2\/pages\/2207\/revisions\/11513"}],"wp:attachment":[{"href":"https:\/\/mtroyal.com.tr\/tr\/wp-json\/wp\/v2\/media?parent=2207"}],"curies":[{"name":"wp","href":"https:\/\/api.w.org\/{rel}","templated":true}]}}