{"id":2460,"date":"2018-04-24T09:26:12","date_gmt":"2018-04-24T09:26:12","guid":{"rendered":"https:\/\/mtroyal.com.tr\/tr\/?page_id=2460"},"modified":"2023-07-22T15:07:10","modified_gmt":"2023-07-22T12:07:10","slug":"gida-daha-fazla","status":"publish","type":"page","link":"https:\/\/mtroyal.com.tr\/tr\/gida-daha-fazla\/","title":{"rendered":"G\u0131da Daha fazla"},"content":{"rendered":"<p><img decoding=\"async\" class=\"aligncenter size-full\" src=\"data:image\/svg+xml,%3Csvg%20xmlns%3D&#39;http%3A%2F%2Fwww.w3.org%2F2000%2Fsvg&#39;%20width=&#39;900&#39;%20height=&#39;600&#39;%20viewBox%3D&#39;0%200%20900%20600&#39;%2F%3E\" data-czlz data-src=\"https:\/\/mtroyal.com.tr\/tr\/files\/7-23\/G%C4%B1da.jpg\" alt=\"G\u0131da Hammaddeleri\" width=\"900\" height=\"600\" \/><br \/>\n<strong style=\"color: #ff6600;\">G\u0131da Hammaddeleri:<\/strong><\/p>\n<p>G\u0131da \u00fcretim \u015firketleri, halk i\u00e7in g\u0131da \u00fcr\u00fcnleri \u00fcretmek i\u00e7in hammaddelere yat\u0131r\u0131m yapar. Bu \u015firketler genellikle d\u00fcnyan\u0131n her yerinden \u00e7i\u011f g\u0131da \u00fcreticileriyle \u00e7al\u0131\u015f\u0131r. Asl\u0131nda \u00c7in, Hindistan, Amerika Birle\u015fik Devletleri ve Brezilya d\u00fcnyan\u0131n en etkili g\u0131da \u00fcreten \u00fclkeleridir. Amerikan \u00c7iftlik B\u00fcrosu Vakf\u0131&#8217;na g\u00f6re, ABD 2019&#8217;da yakla\u015f\u0131k 135,54 milyar dolar ihra\u00e7 etti. Buna soya fasulyesi, k\u00fcmes hayvanlar\u0131, s\u0131\u011f\u0131r eti, domuz eti, dana eti ve i\u015flenmi\u015f \u00fcr\u00fcnler ve sebzeler gibi hammaddeler dahildir.<\/p>\n<p><span style=\"color: #ff6600;\"><b>Peki Hammadde Nedir?<\/b><\/span><\/p>\n<p>Hammaddeler, imalat\u00e7\u0131lar\u0131n ve ya \u00fcreticilerin bitmi\u015f \u00fcr\u00fcnler olu\u015fturmak i\u00e7in kulland\u0131\u011f\u0131 maddeler ve \u00fcr\u00fcnlerdir. G\u0131da \u00fcretim \u015firketleri, insan t\u00fcketimi i\u00e7in g\u0131da yapmak i\u00e7in hammadde sat\u0131n alacak. G\u0131da i\u015fletmelerinin sat\u0131n ald\u0131\u011f\u0131 en tan\u0131nm\u0131\u015f hammadde \u00fcreticilerinden baz\u0131lar\u0131 \u015funlard\u0131r.<\/p>\n<p>&nbsp;<\/p>\n<p><span style=\"color: #ff6600;\"><b>Brezilya<\/b><\/span><\/p>\n<p>Brezilya b\u00fcy\u00fck bir g\u0131da \u00fcreticisi olarak kabul edilir. \u015eeker kam\u0131\u015f\u0131, soya fasulyesi ve s\u0131\u011f\u0131r eti hasad\u0131 yap\u0131l\u0131r.<\/p>\n<p>&nbsp;<\/p>\n<p><span style=\"color: #ff6600;\"><b>\u00c7in<\/b><\/span><\/p>\n<p>\u00c7in, g\u0131da ihracat\u0131nda en iyi \u00fcretici, t\u00fcketici ve ithalat\u00e7\u0131d\u0131r, yani di\u011fer \u00fclkelerden al\u0131p satarlar. \u00dclkenin besin a\u00e7\u0131s\u0131ndan zengin topra\u011f\u0131 ve b\u00fcy\u00fck i\u015f g\u00fcc\u00fc nedeniyle, \u00e7ok \u00e7e\u015fitli pirin\u00e7, sebze ve \u00fcr\u00fcn \u00fcretebilirler. Ayr\u0131ca bu\u011fday, yer f\u0131st\u0131\u011f\u0131, bal, yumurta ve et tedarik ettikleri bilinmektedir. MTROYAL firmas\u0131 olarak G\u0131da alan\u0131nda \u00e7ok say\u0131da \u00c7in \u00fclkesinden d\u00fczenli bir \u015fekilde ithalat yapmaktay\u0131z.<\/p>\n<p>&nbsp;<\/p>\n<p><span style=\"color: #ff6600;\"><b>Hindistan<\/b><\/span><\/p>\n<p>Hindistan, basmati pirinci, taze sebzeler, meyveler, alkoll\u00fc i\u00e7ecekler ve at\u0131\u015ft\u0131rmal\u0131k yiyecekler ihra\u00e7 etti\u011fi kabul edilmektedir. Ayr\u0131ca badem ve antep f\u0131st\u0131\u011f\u0131, \u015feker ve meyve suyu gibi kuruyemi\u015fler de sa\u011flarlar. G\u0131da d\u0131\u015f\u0131 \u015firketler de mineral yak\u0131tlar\u0131, de\u011ferli ta\u015flar\u0131, de\u011ferli metalleri ve ila\u00e7lar\u0131 i\u00e7in Hindistan&#8217;a y\u00f6neliyor. MTROYAL Hindistandan d\u00fczenli olarak Sorbitol ya\u011f\u0131 ve Lecithine ithal etmektedir.<\/p>\n<p>&nbsp;<\/p>\n<p><span style=\"color: #ff6600;\"><b>G\u0131da Hammadde \u00c7e\u015fitleri Nedir<\/b><\/span><\/p>\n<p>G\u0131da \u00fcreticileri, i\u015fleme tesisleri ve restoranlar, i\u015fletilmeleri i\u00e7in \u00e7ok \u00e7e\u015fitli ham maddelere ihtiya\u00e7 duyarlar. A\u015fa\u011f\u0131dakiler, g\u0131da hizmeti i\u015fletmelerinin ithal etti\u011fi veya sat\u0131n ald\u0131\u011f\u0131 en yayg\u0131n hammadde t\u00fcrleridir.<\/p>\n<p>&nbsp;<\/p>\n<p><span style=\"color: #ff6600;\"><b>Et, Deniz \u00dcr\u00fcnleri ve K\u00fcmes Hayvanlar\u0131<\/b><\/span><\/p>\n<p>S\u0131\u011f\u0131r, kuzu, karides, tavuk gibi \u00fcr\u00fcnler ise kesilen hayvanlardan \u00fcretilir. Kanatl\u0131 \u00fcr\u00fcnleri genellikle tavuk ve hindiden gelir. Deniz \u00fcr\u00fcnleri, deniz suyunda ya\u015fayan hayvanlardan elde edilen bir besin maddesidir. Buna somon, \u0131stakoz, kabuklu deniz \u00fcr\u00fcnleri ve beyaz bal\u0131k dahildir. Son olarak et, s\u0131\u011f\u0131r, domuz, dana eti, ke\u00e7i ve kuzu gibi di\u011fer t\u00fcm hayvanlar\u0131 kapsar.<\/p>\n<p>&nbsp;<\/p>\n<p><span style=\"color: #ff6600;\"><b>Tah\u0131llar, Tohumlar ve Kuruyemi\u015fler<\/b><\/span><\/p>\n<p>Tah\u0131llar, tohumlar ve kuruyemi\u015flerin kalorilerinin y\u00fcksek oldu\u011fu bilinmektedir. Bu ham maddeler insanlar taraf\u0131ndan do\u011frudan t\u00fcketilebilir, ancak genellikle daha fazla i\u015fleme tabi tutulur. Genellikle tohumlar meyve ve \u00e7i\u00e7eklerden \u00fcretilir. \u00d6rne\u011fin, kabak \u00e7ekirde\u011fi ve ay \u00e7ekirde\u011fi s\u0131ras\u0131yla kabak ve ay\u00e7i\u00e7e\u011finden gelir. D\u00fcnyan\u0131n en \u00e7ok ay\u00e7i\u00e7ek ya\u011f\u0131 \u00fcreten \u00fclkeler Ukrayna ve Malezya olarak bilinmektedir. MTROYAL olarak Ay\u00e7i\u00e7ek ya\u011f\u0131n\u0131 belirtilen \u00fclkelerden ithal etmekteyiz. \u00fcr\u00fcnler paketlenmi\u015f ve pet \u015fi\u015fe halinde ve ya toptan m\u00fc\u015fterinin talebi \u00fczerine varillerde ithal edilmektedir.<\/p>\n<p>Ancak kaju, badem, antep f\u0131st\u0131\u011f\u0131 ve ceviz gibi kuruyemi\u015fler \u00e7o\u011funlukla a\u011fa\u00e7lardan elde edilir. Hem tohumlar hem de kabuklu yemi\u015fler y\u00fcksek miktarda lif ve protein i\u00e7erir. Kuruyemi\u015fler ayr\u0131ca y\u00fcksek ya\u011f i\u00e7eri\u011fine sahiptir. Lifleri ve karbonhidratlar\u0131 i\u00e7in daha pop\u00fcler olan tah\u0131llar, belirli \u00e7im t\u00fcrlerinden gelir. G\u0131da i\u015flemcileri, tah\u0131llar, ya\u011flar ve at\u0131\u015ft\u0131rmal\u0131klar yapmak i\u00e7in tah\u0131llar, tohumlar ve kuruyemi\u015fler kullanacak.<br \/>\nMTROYAL Firmas\u0131 olarak \u00d6zbekistan, Kazakistan dan M\u0131s\u0131r ve ni\u015fasta \u00fcr\u00fcnlerin ithalini yapmaktay\u0131z.<\/p>\n<p>&nbsp;<\/p>\n<p><span style=\"color: #ff6600;\"><b>Kakao Tozu, \u00c7ikolata ve \u00e7e\u015fitleri<\/b><\/span><\/p>\n<p>Kakao tozu nedir?<br \/>\nKakao tozu, kurutulmu\u015f ve \u00f6\u011f\u00fct\u00fclm\u00fc\u015f kakao kat\u0131lar\u0131ndan yap\u0131l\u0131r &#8211; ya\u011f\u0131n \u00e7o\u011fu (aka kakao ya\u011f\u0131) di\u011fer kullan\u0131mlar i\u00e7in i\u015flendikten sonra geriye kalanlar olarak belirlenir. Herhangi bir \u00e7ikolata \u00fcr\u00fcn\u00fcn\u00fcn en y\u00fcksek kat\u0131 y\u00fczdesine sahip oldu\u011fu i\u00e7in, pi\u015fmi\u015f bir \u00fcr\u00fcne veya tatl\u0131ya zengin bir \u015fekerleme aromas\u0131 vermek a\u00e7\u0131s\u0131ndan biraz uzun bir yol kat eder. \u00c7o\u011fu zaman, di\u011fer kuru malzemelerle kar\u0131\u015ft\u0131r\u0131lm\u0131\u015f bir tarifte kakao tozu bulacaks\u0131n\u0131z; Bir kez hidratland\u0131\u011f\u0131nda, t\u00fcm hamur y\u0131\u011f\u0131n\u0131n\u0131 koyu kahverengi ve derin kokulu hale getirecektir.<\/p>\n<p>&nbsp;<\/p>\n<p><span style=\"color: #ff6600;\"><b>Kakao Tozu ve Kakao Ya\u011f\u0131 \u00dcretimi<\/b><\/span><br \/>\nKakao tozu, i\u00e7ecek, kek dolgusu, dondurma vb. gibi kakao bazl\u0131 \u00fcr\u00fcnlerin \u00fcretiminde yayg\u0131n olarak kullan\u0131lmaktad\u0131r. Kakao lik\u00f6r\u00fcn\u00fc (genellikle alkalize edilmi\u015f kakao lik\u00f6r\u00fcn\u00fc) kakao tozuna d\u00f6n\u00fc\u015ft\u00fcrmek i\u00e7in, s\u0131v\u0131n\u0131n 400-500 bar&#8217;da ve 90-100 \u00b0C s\u0131cakl\u0131kta mekanik veya hidrolik preste preslenmesiyle bir ya\u011f giderme i\u015flemi ger\u00e7ekle\u015ftirilir. Bu \u015fekilde ya\u011f\u0131n bir k\u0131sm\u0131 (kakao ya\u011f\u0131) al\u0131n\u0131r ve kakao keki (s\u0131k\u0131\u015ft\u0131r\u0131lm\u0131\u015f kakao tozu) \u00fcretilir. Kakao tozu, kakao keki \u00f6\u011f\u00fct\u00fclerek elde edilir. Genel olarak, kakao tozunun ya\u011f i\u00e7eri\u011fi %10-24&#8217;t\u00fcr. Preslemeden elde edilen kakao ya\u011f\u0131 ayr\u0131\u015ft\u0131r\u0131l\u0131r, s\u00fcz\u00fcl\u00fcr ve \u00e7ikolata ve bir\u00e7ok kakao t\u00fcrevi \u00fcr\u00fcn i\u00e7in bir bile\u015fen olarak yeniden kullan\u0131l\u0131r.<\/p>\n<p>&nbsp;<\/p>\n<p><span style=\"color: #ff6600;\"><b>\u00c7e\u015fitleri<\/b><\/span><\/p>\n<p>\u0130ki temel kakao tozu t\u00fcr\u00fc, Alkalize ve Nat\u00fcrel bulunmaktad\u0131r. \u00c7ikolata ve gofret \u00fcreticileri her iki \u00e7e\u015fidini kullanmaktad\u0131r. Kakao tozu \u00fcreticileri Afrikadan ve G\u00fcney Amerikadan yeti\u015ftirilen Kakao \u00e7ekirde\u011fini kakao tozu \u00fcretiminde kullan\u0131yorlar. MTROYAL bu alanda \u00e7ok kaliteli \u00fcreticilerle \u00e7al\u0131\u015fmaktad\u0131r.<\/p>\n<p>Saf \u00f6\u011f\u00fct\u00fclm\u00fc\u015f kakao tozunun pH seviyesi 5,3 ile 5,8 aras\u0131nda oldu\u011fundan, \u00f6l\u00e7e\u011fin asidik ucuna gelir. Asitlik, tad\u0131, di\u011fer bile\u015fenlerle etkile\u015fim \u015feklini ve \u00e7\u00f6z\u00fcn\u00fcrl\u00fc\u011f\u00fcn\u00fc etkiler.<\/p>\n<p>Broma i\u015flemi ile \u00fcretilen do\u011fal kakao tozu, do\u011fal pH seviyesini korur. Daha yo\u011fun aromal\u0131 ve daha hafif, neredeyse k\u0131rm\u0131z\u0131ms\u0131 kahverengi bir renk olma e\u011filimindedir. Alkalize i\u015flemi (bazen &#8220;Dutching&#8221; olarak da adland\u0131r\u0131l\u0131r), kakao \u00e7ekirdeklerini alkali bir sol\u00fcsyonda y\u0131kayarak, kimyasal olarak n\u00f6tr pH&#8217;\u0131 6.8 ile 8.1 aras\u0131nda olan daha koyu kahverengi bir kakao tozu \u00fcreterek daha yumu\u015fak bir tat verir.<\/p>\n<p>Dutching ayr\u0131ca kakaonun antioksidan \u00f6zelliklerini de azalt\u0131r fakat renk olarak daha koyu bir renk vermektedir. Ayr\u0131ca \u00e7ikolata \u00fcretiminde Alkalize olan kakao tozu daha fazla kullan\u0131lmaktad\u0131r.<\/p>\n<p>&nbsp;<\/p>\n<p><span style=\"color: #ff6600;\"><b>S\u00fct \u00dcr\u00fcnleri<\/b><\/span><\/p>\n<p>Peynir, s\u00fct ve krema gibi s\u00fct \u00fcr\u00fcnleri hayvanlardan elde edilir. Ancak, \u00e7i\u011f et \u00fcretiminin aksine, s\u00fct \u00fcr\u00fcnleri hayvan kesimi gerektirmez. \u00d6rne\u011fin, s\u00fct genellikle inek, ke\u00e7i ve koyun gibi di\u015fi hayvanlardan hasat edilir. G\u0131da \u00fcreticileri, kendi nihai g\u0131da \u00fcr\u00fcnlerini yapmak i\u00e7in s\u00fct \u00fcr\u00fcnleri ithal edecek veya sat\u0131n alacakt\u0131r.<br \/>\n\u00d6rnek olarak bir \u015fekerleme \u00fcreticisi, kek ve dondurma gibi tatl\u0131lar yapmak i\u00e7in s\u00fct ve peynir kullanabilir. \u00d6te yandan, bir restoran, m\u00fc\u015fteriler i\u00e7in yemek haz\u0131rlamak i\u00e7in \u00e7i\u011f s\u00fct malzemeleri kullanabilir. Ayr\u0131ca Laktoz, Peynir alt\u0131 suyu tozu vs \u00fcr\u00fcnler bir \u00e7ok \u00fcretici taraf\u0131ndan kullan\u0131lmaktad\u0131r.<\/p>\n<p>&nbsp;<\/p>\n<p><span style=\"color: #ff6600;\"><b>Sonu\u00e7 Olarak;<\/b><\/span><\/p>\n<p>G\u0131da \u00fcretimindeki hammaddeler, kapsaml\u0131 bir madde ve \u00fcr\u00fcn listesi gerektirir. \u00dcreticiler bu \u00fcr\u00fcnleri insan t\u00fcketimi i\u00e7in nihai g\u0131da maddeleri \u00fcretmek ve yaratmak i\u00e7in sat\u0131n al\u0131rlar.<br \/>\nD\u00fcnyan\u0131n en b\u00fcy\u00fck \u00fcreticileri \u00c7in, Brezilya, Hindistan ve Amerika Birle\u015fik Devletleri&#8217;dir. Bu, bu \u00fclkelerin di\u011fer \u00fclkelere b\u00fcy\u00fck miktarlarda hammadde yeti\u015ftirdi\u011fi ve ihra\u00e7 etti\u011fi anlam\u0131na gelir.<br \/>\nEn pop\u00fcler ihra\u00e7 edilen hammaddeler bu\u011fday, soya fasulyesi, f\u0131nd\u0131k ve \u015fekerdir.<br \/>\nYukar\u0131daki \u00fcr\u00fcnlere ek olarak son y\u0131llarda \u00e7ikolata ve gofret t\u00fcketimin \u00e7ok say\u0131da art\u0131\u015f\u0131 sebebiyle kakao tozu, kakao ya\u011f\u0131 ve sitrik asit talebi artm\u0131\u015ft\u0131r. Bu \u00fcr\u00fcnler ve ya G\u0131da hammadde alan\u0131nda her hangi bir \u00fcr\u00fcnle ilgili MTROYAL firmam\u0131zla ileti\u015fime ge\u00e7ebilirsiniz.<\/p>\n<div style='text-align:center' class='yasr-auto-insert-visitor'><\/div>","protected":false},"excerpt":{"rendered":"<p>G\u0131da Hammaddeleri: G\u0131da \u00fcretim \u015firketleri, halk i\u00e7in g\u0131da \u00fcr\u00fcnleri \u00fcretmek i\u00e7in &#8230; <\/p>\n","protected":false},"author":1,"featured_media":0,"parent":0,"menu_order":0,"comment_status":"closed","ping_status":"closed","template":"","meta":{"yasr_overall_rating":0,"yasr_post_is_review":"","yasr_auto_insert_disabled":"","yasr_review_type":"","footnotes":""},"class_list":["post-2460","page","type-page","status-publish","hentry"],"yoast_head":"<!-- This site is optimized with the Yoast SEO Premium plugin v24.5 (Yoast SEO v26.6) - https:\/\/yoast.com\/wordpress\/plugins\/seo\/ -->\n<title>G\u0131da Daha fazla - MTROYAL<\/title>\n<meta name=\"robots\" content=\"index, follow, max-snippet:-1, max-image-preview:large, max-video-preview:-1\" \/>\n<link rel=\"canonical\" href=\"https:\/\/mtroyal.com.tr\/tr\/gida-daha-fazla\/\" \/>\n<meta property=\"og:locale\" content=\"tr_TR\" \/>\n<meta property=\"og:type\" content=\"article\" \/>\n<meta property=\"og:title\" content=\"G\u0131da Daha fazla\" \/>\n<meta property=\"og:description\" content=\"G\u0131da Hammaddeleri: G\u0131da \u00fcretim \u015firketleri, halk i\u00e7in g\u0131da \u00fcr\u00fcnleri \u00fcretmek i\u00e7in ...\" \/>\n<meta property=\"og:url\" content=\"https:\/\/mtroyal.com.tr\/tr\/gida-daha-fazla\/\" \/>\n<meta property=\"og:site_name\" content=\"MTROYAL\" \/>\n<meta property=\"article:modified_time\" content=\"2023-07-22T12:07:10+00:00\" \/>\n<meta property=\"og:image\" content=\"https:\/\/mtroyal.com.tr\/tr\/files\/7-23\/G%C4%B1da.jpg\" \/>\n<meta name=\"twitter:card\" content=\"summary_large_image\" \/>\n<script type=\"application\/ld+json\" class=\"yoast-schema-graph\">{\"@context\":\"https:\/\/schema.org\",\"@graph\":[{\"@type\":\"WebPage\",\"@id\":\"https:\/\/mtroyal.com.tr\/tr\/gida-daha-fazla\/\",\"url\":\"https:\/\/mtroyal.com.tr\/tr\/gida-daha-fazla\/\",\"name\":\"G\u0131da Daha fazla - MTROYAL\",\"isPartOf\":{\"@id\":\"https:\/\/mtroyal.com.tr\/tr\/#website\"},\"primaryImageOfPage\":{\"@id\":\"https:\/\/mtroyal.com.tr\/tr\/gida-daha-fazla\/#primaryimage\"},\"image\":{\"@id\":\"https:\/\/mtroyal.com.tr\/tr\/gida-daha-fazla\/#primaryimage\"},\"thumbnailUrl\":\"https:\/\/mtroyal.com.tr\/tr\/files\/7-23\/G%C4%B1da.jpg\",\"datePublished\":\"2018-04-24T09:26:12+00:00\",\"dateModified\":\"2023-07-22T12:07:10+00:00\",\"breadcrumb\":{\"@id\":\"https:\/\/mtroyal.com.tr\/tr\/gida-daha-fazla\/#breadcrumb\"},\"inLanguage\":\"tr\",\"potentialAction\":[{\"@type\":\"ReadAction\",\"target\":[\"https:\/\/mtroyal.com.tr\/tr\/gida-daha-fazla\/\"]}]},{\"@type\":\"ImageObject\",\"inLanguage\":\"tr\",\"@id\":\"https:\/\/mtroyal.com.tr\/tr\/gida-daha-fazla\/#primaryimage\",\"url\":\"https:\/\/mtroyal.com.tr\/tr\/files\/7-23\/G%C4%B1da.jpg\",\"contentUrl\":\"https:\/\/mtroyal.com.tr\/tr\/files\/7-23\/G%C4%B1da.jpg\"},{\"@type\":\"BreadcrumbList\",\"@id\":\"https:\/\/mtroyal.com.tr\/tr\/gida-daha-fazla\/#breadcrumb\",\"itemListElement\":[{\"@type\":\"ListItem\",\"position\":1,\"name\":\"Home\",\"item\":\"https:\/\/mtroyal.com.tr\/tr\/\"},{\"@type\":\"ListItem\",\"position\":2,\"name\":\"G\u0131da Daha fazla\"}]},{\"@type\":\"WebSite\",\"@id\":\"https:\/\/mtroyal.com.tr\/tr\/#website\",\"url\":\"https:\/\/mtroyal.com.tr\/tr\/\",\"name\":\"MTROYAL\",\"description\":\"\",\"publisher\":{\"@id\":\"https:\/\/mtroyal.com.tr\/tr\/#organization\"},\"potentialAction\":[{\"@type\":\"SearchAction\",\"target\":{\"@type\":\"EntryPoint\",\"urlTemplate\":\"https:\/\/mtroyal.com.tr\/tr\/?s={search_term_string}\"},\"query-input\":{\"@type\":\"PropertyValueSpecification\",\"valueRequired\":true,\"valueName\":\"search_term_string\"}}],\"inLanguage\":\"tr\"},{\"@type\":\"Organization\",\"@id\":\"https:\/\/mtroyal.com.tr\/tr\/#organization\",\"name\":\"MTROYAL\",\"url\":\"https:\/\/mtroyal.com.tr\/tr\/\",\"logo\":{\"@type\":\"ImageObject\",\"inLanguage\":\"tr\",\"@id\":\"https:\/\/mtroyal.com.tr\/tr\/#\/schema\/logo\/image\/\",\"url\":\"https:\/\/mtroyal.com.tr\/tr\/wp-content\/uploads\/2023\/12\/mt-logo.png\",\"contentUrl\":\"https:\/\/mtroyal.com.tr\/tr\/wp-content\/uploads\/2023\/12\/mt-logo.png\",\"width\":313,\"height\":261,\"caption\":\"MTROYAL\"},\"image\":{\"@id\":\"https:\/\/mtroyal.com.tr\/tr\/#\/schema\/logo\/image\/\"}},false]}<\/script>\n<!-- \/ Yoast SEO Premium plugin. -->","yoast_head_json":{"title":"G\u0131da Daha fazla - MTROYAL","robots":{"index":"index","follow":"follow","max-snippet":"max-snippet:-1","max-image-preview":"max-image-preview:large","max-video-preview":"max-video-preview:-1"},"canonical":"https:\/\/mtroyal.com.tr\/tr\/gida-daha-fazla\/","og_locale":"tr_TR","og_type":"article","og_title":"G\u0131da Daha fazla","og_description":"G\u0131da Hammaddeleri: G\u0131da \u00fcretim \u015firketleri, halk i\u00e7in g\u0131da \u00fcr\u00fcnleri \u00fcretmek i\u00e7in ...","og_url":"https:\/\/mtroyal.com.tr\/tr\/gida-daha-fazla\/","og_site_name":"MTROYAL","article_modified_time":"2023-07-22T12:07:10+00:00","og_image":[{"url":"https:\/\/mtroyal.com.tr\/tr\/files\/7-23\/G%C4%B1da.jpg","type":"","width":"","height":""}],"twitter_card":"summary_large_image","schema":{"@context":"https:\/\/schema.org","@graph":[{"@type":"WebPage","@id":"https:\/\/mtroyal.com.tr\/tr\/gida-daha-fazla\/","url":"https:\/\/mtroyal.com.tr\/tr\/gida-daha-fazla\/","name":"G\u0131da Daha fazla - MTROYAL","isPartOf":{"@id":"https:\/\/mtroyal.com.tr\/tr\/#website"},"primaryImageOfPage":{"@id":"https:\/\/mtroyal.com.tr\/tr\/gida-daha-fazla\/#primaryimage"},"image":{"@id":"https:\/\/mtroyal.com.tr\/tr\/gida-daha-fazla\/#primaryimage"},"thumbnailUrl":"https:\/\/mtroyal.com.tr\/tr\/files\/7-23\/G%C4%B1da.jpg","datePublished":"2018-04-24T09:26:12+00:00","dateModified":"2023-07-22T12:07:10+00:00","breadcrumb":{"@id":"https:\/\/mtroyal.com.tr\/tr\/gida-daha-fazla\/#breadcrumb"},"inLanguage":"tr","potentialAction":[{"@type":"ReadAction","target":["https:\/\/mtroyal.com.tr\/tr\/gida-daha-fazla\/"]}]},{"@type":"ImageObject","inLanguage":"tr","@id":"https:\/\/mtroyal.com.tr\/tr\/gida-daha-fazla\/#primaryimage","url":"https:\/\/mtroyal.com.tr\/tr\/files\/7-23\/G%C4%B1da.jpg","contentUrl":"https:\/\/mtroyal.com.tr\/tr\/files\/7-23\/G%C4%B1da.jpg"},{"@type":"BreadcrumbList","@id":"https:\/\/mtroyal.com.tr\/tr\/gida-daha-fazla\/#breadcrumb","itemListElement":[{"@type":"ListItem","position":1,"name":"Home","item":"https:\/\/mtroyal.com.tr\/tr\/"},{"@type":"ListItem","position":2,"name":"G\u0131da Daha fazla"}]},{"@type":"WebSite","@id":"https:\/\/mtroyal.com.tr\/tr\/#website","url":"https:\/\/mtroyal.com.tr\/tr\/","name":"MTROYAL","description":"","publisher":{"@id":"https:\/\/mtroyal.com.tr\/tr\/#organization"},"potentialAction":[{"@type":"SearchAction","target":{"@type":"EntryPoint","urlTemplate":"https:\/\/mtroyal.com.tr\/tr\/?s={search_term_string}"},"query-input":{"@type":"PropertyValueSpecification","valueRequired":true,"valueName":"search_term_string"}}],"inLanguage":"tr"},{"@type":"Organization","@id":"https:\/\/mtroyal.com.tr\/tr\/#organization","name":"MTROYAL","url":"https:\/\/mtroyal.com.tr\/tr\/","logo":{"@type":"ImageObject","inLanguage":"tr","@id":"https:\/\/mtroyal.com.tr\/tr\/#\/schema\/logo\/image\/","url":"https:\/\/mtroyal.com.tr\/tr\/wp-content\/uploads\/2023\/12\/mt-logo.png","contentUrl":"https:\/\/mtroyal.com.tr\/tr\/wp-content\/uploads\/2023\/12\/mt-logo.png","width":313,"height":261,"caption":"MTROYAL"},"image":{"@id":"https:\/\/mtroyal.com.tr\/tr\/#\/schema\/logo\/image\/"}},false]}},"yasr_visitor_votes":{"stars_attributes":{"read_only":false,"span_bottom":false},"number_of_votes":0,"sum_votes":0},"_links":{"self":[{"href":"https:\/\/mtroyal.com.tr\/tr\/wp-json\/wp\/v2\/pages\/2460","targetHints":{"allow":["GET"]}}],"collection":[{"href":"https:\/\/mtroyal.com.tr\/tr\/wp-json\/wp\/v2\/pages"}],"about":[{"href":"https:\/\/mtroyal.com.tr\/tr\/wp-json\/wp\/v2\/types\/page"}],"author":[{"embeddable":true,"href":"https:\/\/mtroyal.com.tr\/tr\/wp-json\/wp\/v2\/users\/1"}],"replies":[{"embeddable":true,"href":"https:\/\/mtroyal.com.tr\/tr\/wp-json\/wp\/v2\/comments?post=2460"}],"version-history":[{"count":0,"href":"https:\/\/mtroyal.com.tr\/tr\/wp-json\/wp\/v2\/pages\/2460\/revisions"}],"wp:attachment":[{"href":"https:\/\/mtroyal.com.tr\/tr\/wp-json\/wp\/v2\/media?parent=2460"}],"curies":[{"name":"wp","href":"https:\/\/api.w.org\/{rel}","templated":true}]}}