{"id":2542,"date":"2019-09-18T09:43:17","date_gmt":"2019-09-18T09:43:17","guid":{"rendered":"https:\/\/mtroyal.com.tr\/tr\/?page_id=2542"},"modified":"2019-10-21T13:00:29","modified_gmt":"2019-10-21T13:00:29","slug":"vizyon-ve-degerler","status":"publish","type":"page","link":"https:\/\/mtroyal.com.tr\/tr\/vizyon-ve-degerler\/","title":{"rendered":"Vizyon ve De\u011ferler"},"content":{"rendered":"<p>[vc_row][vc_column width=&#8221;1\/2&#8243;][vc_single_image image=&#8221;2665&#8243; img_size=&#8221;300&#215;300&#8243; alignment=&#8221;center&#8221; style=&#8221;vc_box_circle_2&#8243;][\/vc_column][vc_column width=&#8221;1\/2&#8243;][vc_single_image image=&#8221;2663&#8243; img_size=&#8221;300&#215;300&#8243; alignment=&#8221;center&#8221; style=&#8221;vc_box_circle_2&#8243;][\/vc_column][\/vc_row][vc_row][vc_column][vc_column_text]<\/p>\n<h3 style=\"text-align: center;\"><span style=\"color: #3366ff;\"><b>Vizyon Ve Misyon<\/b><\/span><\/h3>\n<p style=\"text-align: left;\"><span style=\"color: #000000;\">MTROYAL \u015eirketi olarak vizyonumuz ticarette her zaman m\u00fc\u015fterilerimizin yan\u0131nda olmak ve onlar\u0131n hayallerini \u015fekillendirip ve renklendirmesine yard\u0131mc\u0131 olabilmek en b\u00fcy\u00fck hedefimizdir.<\/span><\/p>\n<div style=\"text-align: left;\"><span style=\"color: #000000;\">D\u00fcnyan\u0131n her k\u00f6\u015fesinden en kaliteli \u00fcr\u00fcnleri ara\u015ft\u0131r\u0131p ve en rekabet\u00e7i fiyatlarla m\u00fc\u015fterilerimize sunmak ve ayn\u0131 zamanda onlar\u0131n \u00fcr\u00fcnlerini en iyi \u015fekilde d\u00fcnya piyasas\u0131na sunmak en belirgin \u00f6zelli\u011fimizdir.<\/span><\/div>\n<div style=\"text-align: left;\"><span style=\"color: #000000;\">Bizim i\u00e7in misyonumuz kaliteli ve yenilik\u00e7i \u00fcr\u00fcnler ayn\u0131 zamanda modern ticarette yeni fikirleri m\u00fc\u015fterilerimize ula\u015ft\u0131rmak ve etik de\u011ferlere ba\u011fl\u0131 olarak topluma ve \u00e7evreye kar\u015f\u0131 sorumlu olmaktan yanay\u0131z.<\/span><\/div>\n<h4 style=\"text-align: center;\"><span style=\"color: #3366ff;\"><b>De\u011ferlerimiz ve Ana \u0130lkelerimiz<\/b><\/span><\/h4>\n<div><\/div>\n<h4 style=\"text-align: left;\"><span style=\"color: #008000;\"><b>kalite<\/b><\/span><\/h4>\n<div><\/div>\n<div style=\"text-align: left;\"><span style=\"color: #000000;\">MTROYAL Ailesi olarak \u0130thalat \u0130hracat alan\u0131nda uzun y\u0131llard\u0131r \u00e7al\u0131\u015fmaktay\u0131z ve d\u00fcnyan\u0131n bir \u00e7ok \u00fclkesinde m\u00fc\u015fterilerimiz bulunmaktad\u0131r. T\u00fcm zamanlarda en kaliteli \u00fcr\u00fcnleri piyasada ara\u015ft\u0131r\u0131p ve yeni fikirlerle m\u00fc\u015fterileri memnun etmeye \u00e7al\u0131\u015fmaktay\u0131z. bizim i\u00e7in m\u00fc\u015fteri memnuniyeti yaratt\u0131\u011f\u0131m\u0131z fark ile b\u00fcy\u00fcmektedir.<\/span><\/div>\n<div><\/div>\n<h4 style=\"text-align: left;\"><span style=\"color: #008000;\"><b>G\u00fcven<\/b><\/span><\/h4>\n<div style=\"text-align: left;\"><span style=\"color: #000000;\">Sorumluluk sahibi olmam\u0131zla birlikte ekibimizdeki \u00e7al\u0131\u015fma arkada\u015flar\u0131m\u0131zla birlikte duyarl\u0131 ve d\u00fc\u015f\u00fcnceli olmak en temel ilkelerimizden olmaktad\u0131r. \u00c7al\u0131\u015ft\u0131\u011f\u0131m\u0131z alanda y\u0131llard\u0131r birikmi\u015f olan tecr\u00fcbemiz ve i\u015f yapma \u015feklimiz ayn\u0131 zamanda kurumsal de\u011ferlere ve ilkelere olan ba\u011fl\u0131l\u0131\u011f\u0131m\u0131z ile birlikte g\u00fcven duygusunu en iyi \u015fekilde m\u00fc\u015fterilerimize yans\u0131tmaktan gurur duyuyoruz.<\/span><\/div>\n<div><\/div>\n<h4 style=\"text-align: left;\"><span style=\"color: #008000;\"><b>Sayg\u0131<\/b><\/span><\/h4>\n<div><\/div>\n<div style=\"text-align: left;\"><span style=\"color: #000000;\">MTROYAL olarak her zaman rakiplerimiz ve payda\u015flar\u0131m\u0131za sayg\u0131 ile yakmaktan \u00e7ekinmeyiz ve elbette onlar\u0131n fikirlerini dikkate al\u0131p ve de\u011ferlendiririz. \u0130nsan haklar\u0131, \u00e7evre , do\u011fa , hukuki ve yasal d\u00fczenlenmelere sayg\u0131 g\u00f6steririz.<\/span><\/div>\n<div><\/div>\n<h4 style=\"text-align: left;\"><span style=\"color: #008000;\"><b>Cesaret<\/b><\/span><\/h4>\n<div><\/div>\n<div style=\"text-align: left;\"><span style=\"color: #000000;\">Y\u0131llard\u0131r yenilik\u00e7ilere haz\u0131r oldu\u011fumuzu belirtmekteyiz. Yeni \u00fcr\u00fcnleri ve yeni ticaret fikirleri piyasaya sunmaktan \u00e7ekinmeyiz. M\u00fc\u015fterilerimizin i\u00e7in yeni fikirlerini dile getirmekte ve yeni \u00e7\u00f6z\u00fcmler \u00fcretmekte cesaretliyiz.<\/span><\/div>\n<div style=\"text-align: left;\"><span style=\"color: #000000;\"><br \/>\n<\/span><\/div>\n<p>[\/vc_column_text][\/vc_column][\/vc_row]<\/p>\n<div style='text-align:center' class='yasr-auto-insert-visitor'><\/div>","protected":false},"excerpt":{"rendered":"<p>[vc_row][vc_column width=&#8221;1\/2&#8243;][vc_single_image image=&#8221;2665&#8243; img_size=&#8221;300&#215;300&#8243; alignment=&#8221;center&#8221; style=&#8221;vc_box_circle_2&#8243;][\/vc_column][vc_column width=&#8221;1\/2&#8243;][vc_single_image image=&#8221;2663&#8243; img_size=&#8221;300&#215;300&#8243; alignment=&#8221;center&#8221; style=&#8221;vc_box_circle_2&#8243;][\/vc_column][\/vc_row][vc_row][vc_column][vc_column_text] &#8230; <\/p>\n","protected":false},"author":1,"featured_media":0,"parent":0,"menu_order":0,"comment_status":"closed","ping_status":"closed","template":"","meta":{"yasr_overall_rating":0,"yasr_post_is_review":"","yasr_auto_insert_disabled":"","yasr_review_type":"","footnotes":""},"class_list":["post-2542","page","type-page","status-publish","hentry"],"yoast_head":"<!-- This site is optimized with the Yoast SEO Premium plugin v24.5 (Yoast SEO v26.6) - https:\/\/yoast.com\/wordpress\/plugins\/seo\/ -->\n<title>Vizyon ve De\u011ferler - MTROYAL<\/title>\n<meta name=\"robots\" content=\"index, follow, max-snippet:-1, max-image-preview:large, max-video-preview:-1\" \/>\n<link rel=\"canonical\" href=\"https:\/\/mtroyal.com.tr\/tr\/vizyon-ve-degerler\/\" \/>\n<meta property=\"og:locale\" content=\"tr_TR\" \/>\n<meta property=\"og:type\" content=\"article\" \/>\n<meta property=\"og:title\" content=\"Vizyon ve De\u011ferler\" \/>\n<meta property=\"og:description\" content=\"[vc_row][vc_column width=&#8221;1\/2&#8243;][vc_single_image image=&#8221;2665&#8243; img_size=&#8221;300&#215;300&#8243; alignment=&#8221;center&#8221; style=&#8221;vc_box_circle_2&#8243;][\/vc_column][vc_column width=&#8221;1\/2&#8243;][vc_single_image image=&#8221;2663&#8243; img_size=&#8221;300&#215;300&#8243; alignment=&#8221;center&#8221; style=&#8221;vc_box_circle_2&#8243;][\/vc_column][\/vc_row][vc_row][vc_column][vc_column_text] ...\" \/>\n<meta property=\"og:url\" content=\"https:\/\/mtroyal.com.tr\/tr\/vizyon-ve-degerler\/\" \/>\n<meta property=\"og:site_name\" content=\"MTROYAL\" \/>\n<meta property=\"article:modified_time\" content=\"2019-10-21T13:00:29+00:00\" \/>\n<meta name=\"twitter:card\" content=\"summary_large_image\" \/>\n<script type=\"application\/ld+json\" class=\"yoast-schema-graph\">{\"@context\":\"https:\/\/schema.org\",\"@graph\":[{\"@type\":\"WebPage\",\"@id\":\"https:\/\/mtroyal.com.tr\/tr\/vizyon-ve-degerler\/\",\"url\":\"https:\/\/mtroyal.com.tr\/tr\/vizyon-ve-degerler\/\",\"name\":\"Vizyon ve De\u011ferler - MTROYAL\",\"isPartOf\":{\"@id\":\"https:\/\/mtroyal.com.tr\/tr\/#website\"},\"datePublished\":\"2019-09-18T09:43:17+00:00\",\"dateModified\":\"2019-10-21T13:00:29+00:00\",\"breadcrumb\":{\"@id\":\"https:\/\/mtroyal.com.tr\/tr\/vizyon-ve-degerler\/#breadcrumb\"},\"inLanguage\":\"tr\",\"potentialAction\":[{\"@type\":\"ReadAction\",\"target\":[\"https:\/\/mtroyal.com.tr\/tr\/vizyon-ve-degerler\/\"]}]},{\"@type\":\"BreadcrumbList\",\"@id\":\"https:\/\/mtroyal.com.tr\/tr\/vizyon-ve-degerler\/#breadcrumb\",\"itemListElement\":[{\"@type\":\"ListItem\",\"position\":1,\"name\":\"Home\",\"item\":\"https:\/\/mtroyal.com.tr\/tr\/\"},{\"@type\":\"ListItem\",\"position\":2,\"name\":\"Vizyon ve De\u011ferler\"}]},{\"@type\":\"WebSite\",\"@id\":\"https:\/\/mtroyal.com.tr\/tr\/#website\",\"url\":\"https:\/\/mtroyal.com.tr\/tr\/\",\"name\":\"MTROYAL\",\"description\":\"\",\"publisher\":{\"@id\":\"https:\/\/mtroyal.com.tr\/tr\/#organization\"},\"potentialAction\":[{\"@type\":\"SearchAction\",\"target\":{\"@type\":\"EntryPoint\",\"urlTemplate\":\"https:\/\/mtroyal.com.tr\/tr\/?s={search_term_string}\"},\"query-input\":{\"@type\":\"PropertyValueSpecification\",\"valueRequired\":true,\"valueName\":\"search_term_string\"}}],\"inLanguage\":\"tr\"},{\"@type\":\"Organization\",\"@id\":\"https:\/\/mtroyal.com.tr\/tr\/#organization\",\"name\":\"MTROYAL\",\"url\":\"https:\/\/mtroyal.com.tr\/tr\/\",\"logo\":{\"@type\":\"ImageObject\",\"inLanguage\":\"tr\",\"@id\":\"https:\/\/mtroyal.com.tr\/tr\/#\/schema\/logo\/image\/\",\"url\":\"https:\/\/mtroyal.com.tr\/tr\/wp-content\/uploads\/2023\/12\/mt-logo.png\",\"contentUrl\":\"https:\/\/mtroyal.com.tr\/tr\/wp-content\/uploads\/2023\/12\/mt-logo.png\",\"width\":313,\"height\":261,\"caption\":\"MTROYAL\"},\"image\":{\"@id\":\"https:\/\/mtroyal.com.tr\/tr\/#\/schema\/logo\/image\/\"}},false]}<\/script>\n<!-- \/ Yoast SEO Premium plugin. -->","yoast_head_json":{"title":"Vizyon ve De\u011ferler - MTROYAL","robots":{"index":"index","follow":"follow","max-snippet":"max-snippet:-1","max-image-preview":"max-image-preview:large","max-video-preview":"max-video-preview:-1"},"canonical":"https:\/\/mtroyal.com.tr\/tr\/vizyon-ve-degerler\/","og_locale":"tr_TR","og_type":"article","og_title":"Vizyon ve De\u011ferler","og_description":"[vc_row][vc_column width=&#8221;1\/2&#8243;][vc_single_image image=&#8221;2665&#8243; img_size=&#8221;300&#215;300&#8243; alignment=&#8221;center&#8221; style=&#8221;vc_box_circle_2&#8243;][\/vc_column][vc_column width=&#8221;1\/2&#8243;][vc_single_image image=&#8221;2663&#8243; img_size=&#8221;300&#215;300&#8243; alignment=&#8221;center&#8221; style=&#8221;vc_box_circle_2&#8243;][\/vc_column][\/vc_row][vc_row][vc_column][vc_column_text] ...","og_url":"https:\/\/mtroyal.com.tr\/tr\/vizyon-ve-degerler\/","og_site_name":"MTROYAL","article_modified_time":"2019-10-21T13:00:29+00:00","twitter_card":"summary_large_image","schema":{"@context":"https:\/\/schema.org","@graph":[{"@type":"WebPage","@id":"https:\/\/mtroyal.com.tr\/tr\/vizyon-ve-degerler\/","url":"https:\/\/mtroyal.com.tr\/tr\/vizyon-ve-degerler\/","name":"Vizyon ve De\u011ferler - MTROYAL","isPartOf":{"@id":"https:\/\/mtroyal.com.tr\/tr\/#website"},"datePublished":"2019-09-18T09:43:17+00:00","dateModified":"2019-10-21T13:00:29+00:00","breadcrumb":{"@id":"https:\/\/mtroyal.com.tr\/tr\/vizyon-ve-degerler\/#breadcrumb"},"inLanguage":"tr","potentialAction":[{"@type":"ReadAction","target":["https:\/\/mtroyal.com.tr\/tr\/vizyon-ve-degerler\/"]}]},{"@type":"BreadcrumbList","@id":"https:\/\/mtroyal.com.tr\/tr\/vizyon-ve-degerler\/#breadcrumb","itemListElement":[{"@type":"ListItem","position":1,"name":"Home","item":"https:\/\/mtroyal.com.tr\/tr\/"},{"@type":"ListItem","position":2,"name":"Vizyon ve De\u011ferler"}]},{"@type":"WebSite","@id":"https:\/\/mtroyal.com.tr\/tr\/#website","url":"https:\/\/mtroyal.com.tr\/tr\/","name":"MTROYAL","description":"","publisher":{"@id":"https:\/\/mtroyal.com.tr\/tr\/#organization"},"potentialAction":[{"@type":"SearchAction","target":{"@type":"EntryPoint","urlTemplate":"https:\/\/mtroyal.com.tr\/tr\/?s={search_term_string}"},"query-input":{"@type":"PropertyValueSpecification","valueRequired":true,"valueName":"search_term_string"}}],"inLanguage":"tr"},{"@type":"Organization","@id":"https:\/\/mtroyal.com.tr\/tr\/#organization","name":"MTROYAL","url":"https:\/\/mtroyal.com.tr\/tr\/","logo":{"@type":"ImageObject","inLanguage":"tr","@id":"https:\/\/mtroyal.com.tr\/tr\/#\/schema\/logo\/image\/","url":"https:\/\/mtroyal.com.tr\/tr\/wp-content\/uploads\/2023\/12\/mt-logo.png","contentUrl":"https:\/\/mtroyal.com.tr\/tr\/wp-content\/uploads\/2023\/12\/mt-logo.png","width":313,"height":261,"caption":"MTROYAL"},"image":{"@id":"https:\/\/mtroyal.com.tr\/tr\/#\/schema\/logo\/image\/"}},false]}},"yasr_visitor_votes":{"stars_attributes":{"read_only":false,"span_bottom":false},"number_of_votes":0,"sum_votes":0},"_links":{"self":[{"href":"https:\/\/mtroyal.com.tr\/tr\/wp-json\/wp\/v2\/pages\/2542","targetHints":{"allow":["GET"]}}],"collection":[{"href":"https:\/\/mtroyal.com.tr\/tr\/wp-json\/wp\/v2\/pages"}],"about":[{"href":"https:\/\/mtroyal.com.tr\/tr\/wp-json\/wp\/v2\/types\/page"}],"author":[{"embeddable":true,"href":"https:\/\/mtroyal.com.tr\/tr\/wp-json\/wp\/v2\/users\/1"}],"replies":[{"embeddable":true,"href":"https:\/\/mtroyal.com.tr\/tr\/wp-json\/wp\/v2\/comments?post=2542"}],"version-history":[{"count":0,"href":"https:\/\/mtroyal.com.tr\/tr\/wp-json\/wp\/v2\/pages\/2542\/revisions"}],"wp:attachment":[{"href":"https:\/\/mtroyal.com.tr\/tr\/wp-json\/wp\/v2\/media?parent=2542"}],"curies":[{"name":"wp","href":"https:\/\/api.w.org\/{rel}","templated":true}]}}