{"id":2545,"date":"2019-09-18T09:44:27","date_gmt":"2019-09-18T09:44:27","guid":{"rendered":"https:\/\/mtroyal.com.tr\/tr\/?page_id=2545"},"modified":"2024-10-05T09:38:42","modified_gmt":"2024-10-05T06:38:42","slug":"ekibimiz","status":"publish","type":"page","link":"https:\/\/mtroyal.com.tr\/tr\/ekibimiz\/","title":{"rendered":"Ekibimiz"},"content":{"rendered":"<p>[vc_row][vc_column][vc_custom_heading text=&#8221;Ekibimiz&#8221; google_fonts=&#8221;font_family:Montserrat%3Aregular%2C700|font_style:400%20regular%3A400%3Anormal&#8221;][vc_column_text]<\/p>\n<p style=\"text-align: left;\">Y\u00f6netim kurulu ba\u015fkan\u0131<\/p>\n<h3 style=\"text-align: left;\">O\u011fuz Bilgin<\/h3>\n<p>[\/vc_column_text][\/vc_column][\/vc_row][vc_row][vc_column width=&#8221;1\/3&#8243;][vc_empty_space][\/vc_column][vc_column width=&#8221;1\/3&#8243;][vc_single_image image=&#8221;5391&#8243; img_size=&#8221;400&#215;400&#8243; alignment=&#8221;center&#8221; style=&#8221;vc_box_circle&#8221; css_animation=&#8221;appear&#8221;][\/vc_column][vc_column width=&#8221;1\/3&#8243;][vc_empty_space][\/vc_column][\/vc_row][vc_row][vc_column][vc_column_text]MT Royal olarak, g\u0131da hammaddeleri ba\u015fta olmak \u00fczere her alanda k\u00fcresel bir lider olmay\u0131 hedefliyoruz. Vizyonumuz, d\u00fcnyan\u0131n d\u00f6rt bir yan\u0131ndaki m\u00fc\u015fterilerimize en y\u00fcksek kalite standartlar\u0131nda \u00fcr\u00fcnler sunarak, uluslararas\u0131 ticarette g\u00fcvenilir ve s\u00fcrd\u00fcr\u00fclebilir bir ortak olmakt\u0131r.<\/p>\n<p>Hedeflerimiz aras\u0131nda, T\u00fcrk \u00fcr\u00fcnlerini d\u00fcnya pazarlar\u0131na tan\u0131tmak ve bu \u00fcr\u00fcnlerin uluslararas\u0131 ticarette hak etti\u011fi yeri bulmas\u0131n\u0131 sa\u011flamak \u00f6nemli bir yer tutmaktad\u0131r. Yenilik\u00e7i \u00e7\u00f6z\u00fcmlerle m\u00fc\u015fterilerimizin ihtiya\u00e7lar\u0131n\u0131 kar\u015f\u0131lamak, pazar pay\u0131m\u0131z\u0131 s\u00fcrekli art\u0131rmak ve \u00e7evre dostu yakla\u015f\u0131mlarla sekt\u00f6rde fark yaratmak da \u00f6nceliklerimiz aras\u0131ndad\u0131r. \u0130thalat ve ihracatta geni\u015f bir \u00fcr\u00fcn yelpazesi ile hareket ederek, d\u00fcnya \u00e7ap\u0131nda g\u00fc\u00e7l\u00fc bir a\u011f kurmay\u0131 ve g\u0131da sekt\u00f6r\u00fcnde en \u00e7ok tercih edilen i\u015f orta\u011f\u0131 olmay\u0131 ama\u00e7l\u0131yoruz.<\/p>\n<p>Bu yolda, T\u00fcrk \u00fcr\u00fcnlerinin d\u00fcnya pazarlar\u0131na tan\u0131t\u0131lmas\u0131 ve sat\u0131\u015flar\u0131n\u0131n art\u0131r\u0131lmas\u0131 i\u00e7in kararl\u0131l\u0131kla \u00e7al\u0131\u015f\u0131yor, ekip olarak g\u00fc\u00e7l\u00fc ad\u0131mlarla ilerlemeye ve her zaman en iyisini sunmaya devam ediyoruz.<\/p>\n<p><strong>Sayg\u0131lar\u0131mla,<\/strong><br \/>\n<strong>O\u011fuz Bilgin<\/strong><br \/>\n<strong>MT Royal Y\u00f6netim Kurulu Ba\u015fkan\u0131 <\/strong>[\/vc_column_text][\/vc_column][\/vc_row]<\/p>\n<div style='text-align:center' class='yasr-auto-insert-visitor'><\/div>","protected":false},"excerpt":{"rendered":"<p>[vc_row][vc_column][vc_custom_heading text=&#8221;Ekibimiz&#8221; google_fonts=&#8221;font_family:Montserrat%3Aregular%2C700|font_style:400%20regular%3A400%3Anormal&#8221;][vc_column_text] Y\u00f6netim kurulu ba\u015fkan\u0131 O\u011fuz Bilgin [\/vc_column_text][\/vc_column][\/vc_row][vc_row][vc_column width=&#8221;1\/3&#8243;][vc_empty_space][\/vc_column][vc_column width=&#8221;1\/3&#8243;][vc_single_image &#8230; <\/p>\n","protected":false},"author":1,"featured_media":0,"parent":0,"menu_order":0,"comment_status":"closed","ping_status":"closed","template":"","meta":{"yasr_overall_rating":0,"yasr_post_is_review":"","yasr_auto_insert_disabled":"","yasr_review_type":"","footnotes":""},"class_list":["post-2545","page","type-page","status-publish","hentry"],"yoast_head":"<!-- This site is optimized with the Yoast SEO Premium plugin v24.5 (Yoast SEO v26.6) - https:\/\/yoast.com\/wordpress\/plugins\/seo\/ -->\n<title>Ekibimiz - MTROYAL<\/title>\n<meta name=\"robots\" content=\"index, follow, max-snippet:-1, max-image-preview:large, max-video-preview:-1\" \/>\n<link rel=\"canonical\" href=\"https:\/\/mtroyal.com.tr\/tr\/ekibimiz\/\" \/>\n<meta property=\"og:locale\" content=\"tr_TR\" \/>\n<meta property=\"og:type\" content=\"article\" \/>\n<meta property=\"og:title\" content=\"Ekibimiz\" \/>\n<meta property=\"og:description\" content=\"[vc_row][vc_column][vc_custom_heading text=&#8221;Ekibimiz&#8221; google_fonts=&#8221;font_family:Montserrat%3Aregular%2C700|font_style:400%20regular%3A400%3Anormal&#8221;][vc_column_text] Y\u00f6netim kurulu ba\u015fkan\u0131 O\u011fuz Bilgin [\/vc_column_text][\/vc_column][\/vc_row][vc_row][vc_column width=&#8221;1\/3&#8243;][vc_empty_space][\/vc_column][vc_column width=&#8221;1\/3&#8243;][vc_single_image ...\" \/>\n<meta property=\"og:url\" content=\"https:\/\/mtroyal.com.tr\/tr\/ekibimiz\/\" \/>\n<meta property=\"og:site_name\" content=\"MTROYAL\" \/>\n<meta property=\"article:modified_time\" content=\"2024-10-05T06:38:42+00:00\" \/>\n<meta name=\"twitter:card\" content=\"summary_large_image\" \/>\n<script type=\"application\/ld+json\" class=\"yoast-schema-graph\">{\"@context\":\"https:\/\/schema.org\",\"@graph\":[{\"@type\":\"WebPage\",\"@id\":\"https:\/\/mtroyal.com.tr\/tr\/ekibimiz\/\",\"url\":\"https:\/\/mtroyal.com.tr\/tr\/ekibimiz\/\",\"name\":\"Ekibimiz - MTROYAL\",\"isPartOf\":{\"@id\":\"https:\/\/mtroyal.com.tr\/tr\/#website\"},\"datePublished\":\"2019-09-18T09:44:27+00:00\",\"dateModified\":\"2024-10-05T06:38:42+00:00\",\"breadcrumb\":{\"@id\":\"https:\/\/mtroyal.com.tr\/tr\/ekibimiz\/#breadcrumb\"},\"inLanguage\":\"tr\",\"potentialAction\":[{\"@type\":\"ReadAction\",\"target\":[\"https:\/\/mtroyal.com.tr\/tr\/ekibimiz\/\"]}]},{\"@type\":\"BreadcrumbList\",\"@id\":\"https:\/\/mtroyal.com.tr\/tr\/ekibimiz\/#breadcrumb\",\"itemListElement\":[{\"@type\":\"ListItem\",\"position\":1,\"name\":\"Home\",\"item\":\"https:\/\/mtroyal.com.tr\/tr\/\"},{\"@type\":\"ListItem\",\"position\":2,\"name\":\"Ekibimiz\"}]},{\"@type\":\"WebSite\",\"@id\":\"https:\/\/mtroyal.com.tr\/tr\/#website\",\"url\":\"https:\/\/mtroyal.com.tr\/tr\/\",\"name\":\"MTROYAL\",\"description\":\"\",\"publisher\":{\"@id\":\"https:\/\/mtroyal.com.tr\/tr\/#organization\"},\"potentialAction\":[{\"@type\":\"SearchAction\",\"target\":{\"@type\":\"EntryPoint\",\"urlTemplate\":\"https:\/\/mtroyal.com.tr\/tr\/?s={search_term_string}\"},\"query-input\":{\"@type\":\"PropertyValueSpecification\",\"valueRequired\":true,\"valueName\":\"search_term_string\"}}],\"inLanguage\":\"tr\"},{\"@type\":\"Organization\",\"@id\":\"https:\/\/mtroyal.com.tr\/tr\/#organization\",\"name\":\"MTROYAL\",\"url\":\"https:\/\/mtroyal.com.tr\/tr\/\",\"logo\":{\"@type\":\"ImageObject\",\"inLanguage\":\"tr\",\"@id\":\"https:\/\/mtroyal.com.tr\/tr\/#\/schema\/logo\/image\/\",\"url\":\"https:\/\/mtroyal.com.tr\/tr\/wp-content\/uploads\/2023\/12\/mt-logo.png\",\"contentUrl\":\"https:\/\/mtroyal.com.tr\/tr\/wp-content\/uploads\/2023\/12\/mt-logo.png\",\"width\":313,\"height\":261,\"caption\":\"MTROYAL\"},\"image\":{\"@id\":\"https:\/\/mtroyal.com.tr\/tr\/#\/schema\/logo\/image\/\"}},false]}<\/script>\n<!-- \/ Yoast SEO Premium plugin. -->","yoast_head_json":{"title":"Ekibimiz - MTROYAL","robots":{"index":"index","follow":"follow","max-snippet":"max-snippet:-1","max-image-preview":"max-image-preview:large","max-video-preview":"max-video-preview:-1"},"canonical":"https:\/\/mtroyal.com.tr\/tr\/ekibimiz\/","og_locale":"tr_TR","og_type":"article","og_title":"Ekibimiz","og_description":"[vc_row][vc_column][vc_custom_heading text=&#8221;Ekibimiz&#8221; google_fonts=&#8221;font_family:Montserrat%3Aregular%2C700|font_style:400%20regular%3A400%3Anormal&#8221;][vc_column_text] Y\u00f6netim kurulu ba\u015fkan\u0131 O\u011fuz Bilgin [\/vc_column_text][\/vc_column][\/vc_row][vc_row][vc_column width=&#8221;1\/3&#8243;][vc_empty_space][\/vc_column][vc_column width=&#8221;1\/3&#8243;][vc_single_image ...","og_url":"https:\/\/mtroyal.com.tr\/tr\/ekibimiz\/","og_site_name":"MTROYAL","article_modified_time":"2024-10-05T06:38:42+00:00","twitter_card":"summary_large_image","schema":{"@context":"https:\/\/schema.org","@graph":[{"@type":"WebPage","@id":"https:\/\/mtroyal.com.tr\/tr\/ekibimiz\/","url":"https:\/\/mtroyal.com.tr\/tr\/ekibimiz\/","name":"Ekibimiz - MTROYAL","isPartOf":{"@id":"https:\/\/mtroyal.com.tr\/tr\/#website"},"datePublished":"2019-09-18T09:44:27+00:00","dateModified":"2024-10-05T06:38:42+00:00","breadcrumb":{"@id":"https:\/\/mtroyal.com.tr\/tr\/ekibimiz\/#breadcrumb"},"inLanguage":"tr","potentialAction":[{"@type":"ReadAction","target":["https:\/\/mtroyal.com.tr\/tr\/ekibimiz\/"]}]},{"@type":"BreadcrumbList","@id":"https:\/\/mtroyal.com.tr\/tr\/ekibimiz\/#breadcrumb","itemListElement":[{"@type":"ListItem","position":1,"name":"Home","item":"https:\/\/mtroyal.com.tr\/tr\/"},{"@type":"ListItem","position":2,"name":"Ekibimiz"}]},{"@type":"WebSite","@id":"https:\/\/mtroyal.com.tr\/tr\/#website","url":"https:\/\/mtroyal.com.tr\/tr\/","name":"MTROYAL","description":"","publisher":{"@id":"https:\/\/mtroyal.com.tr\/tr\/#organization"},"potentialAction":[{"@type":"SearchAction","target":{"@type":"EntryPoint","urlTemplate":"https:\/\/mtroyal.com.tr\/tr\/?s={search_term_string}"},"query-input":{"@type":"PropertyValueSpecification","valueRequired":true,"valueName":"search_term_string"}}],"inLanguage":"tr"},{"@type":"Organization","@id":"https:\/\/mtroyal.com.tr\/tr\/#organization","name":"MTROYAL","url":"https:\/\/mtroyal.com.tr\/tr\/","logo":{"@type":"ImageObject","inLanguage":"tr","@id":"https:\/\/mtroyal.com.tr\/tr\/#\/schema\/logo\/image\/","url":"https:\/\/mtroyal.com.tr\/tr\/wp-content\/uploads\/2023\/12\/mt-logo.png","contentUrl":"https:\/\/mtroyal.com.tr\/tr\/wp-content\/uploads\/2023\/12\/mt-logo.png","width":313,"height":261,"caption":"MTROYAL"},"image":{"@id":"https:\/\/mtroyal.com.tr\/tr\/#\/schema\/logo\/image\/"}},false]}},"yasr_visitor_votes":{"stars_attributes":{"read_only":false,"span_bottom":false},"number_of_votes":0,"sum_votes":0},"_links":{"self":[{"href":"https:\/\/mtroyal.com.tr\/tr\/wp-json\/wp\/v2\/pages\/2545","targetHints":{"allow":["GET"]}}],"collection":[{"href":"https:\/\/mtroyal.com.tr\/tr\/wp-json\/wp\/v2\/pages"}],"about":[{"href":"https:\/\/mtroyal.com.tr\/tr\/wp-json\/wp\/v2\/types\/page"}],"author":[{"embeddable":true,"href":"https:\/\/mtroyal.com.tr\/tr\/wp-json\/wp\/v2\/users\/1"}],"replies":[{"embeddable":true,"href":"https:\/\/mtroyal.com.tr\/tr\/wp-json\/wp\/v2\/comments?post=2545"}],"version-history":[{"count":2,"href":"https:\/\/mtroyal.com.tr\/tr\/wp-json\/wp\/v2\/pages\/2545\/revisions"}],"predecessor-version":[{"id":5392,"href":"https:\/\/mtroyal.com.tr\/tr\/wp-json\/wp\/v2\/pages\/2545\/revisions\/5392"}],"wp:attachment":[{"href":"https:\/\/mtroyal.com.tr\/tr\/wp-json\/wp\/v2\/media?parent=2545"}],"curies":[{"name":"wp","href":"https:\/\/api.w.org\/{rel}","templated":true}]}}