{"id":2548,"date":"2019-09-18T09:45:10","date_gmt":"2019-09-18T09:45:10","guid":{"rendered":"https:\/\/mtroyal.com.tr\/tr\/?page_id=2548"},"modified":"2021-02-11T11:49:14","modified_gmt":"2021-02-11T08:49:14","slug":"neden-biz","status":"publish","type":"page","link":"https:\/\/mtroyal.com.tr\/tr\/neden-biz\/","title":{"rendered":"Neden Biz"},"content":{"rendered":"<p>[vc_row][vc_column width=&#8221;2\/3&#8243;][vc_custom_heading text=&#8221;NEDEN B\u0130Z&#8221; font_container=&#8221;tag:h1|font_size:44|text_align:left|color:%23444444|line_height:1&#8243; google_fonts=&#8221;font_family:Montserrat%3Aregular%2C700|font_style:400%20regular%3A400%3Anormal&#8221;][vc_column_text css=&#8221;.vc_custom_1612987702772{padding-top: 35px !important;}&#8221;]<\/p>\n<p style=\"text-align: left;\"><span style=\"color: #000000;\">Slogan\u0131m\u0131z :<span style=\"color: #3366ff;\"><b>S\u0130Z \u0130STEY\u0130N\u00a0<\/b><\/span><\/span><span style=\"color: #3366ff;\"><b>BIZ SIZE TEMIN EDERIZ<\/b><\/span><\/p>\n<div style=\"text-align: left;\"><span style=\"color: #000000;\">i\u015fimiz ve tecr\u00fcbemiz hizmetlerimizi m\u00fc\u015fterilerimize tan\u0131tman\u0131n en iyi yoludur.<\/span><\/div>\n<div style=\"text-align: left;\"><span style=\"color: #000000;\">2013 y\u0131l\u0131 itibari ile bu alanda \u00e7ok ba\u015far\u0131l\u0131 ad\u0131mlarla devam etmekteyiz. En iyi ve makul teklifler ile de\u011ferli m\u00fc\u015fterilerimize hizmet sunmay\u0131 hedefleyip sizin i\u00e7in en uygun ve karl\u0131 olan fikirleri haz\u0131rl\u0131yoruz.<\/span><\/div>\n<div style=\"text-align: left;\"><span style=\"color: #000000;\">MTROYAL \u015eirketi olarak kendi \u00fcr\u00fcnlerimiz hari\u00e7 m\u00fc\u015fterilerimizin ihtiyac\u0131na ve talebine g\u00f6re d\u0131\u015f \u00fclkelerden \u00fc\u00e7\u00fcnc\u00fc \u00fclkelere y\u00fcksek tonajl\u0131 ticaret yapmaktay\u0131z. Bunlar G\u0131da ham maddeleri ve ya teknolojisinin kategorisinde de yer almaktad\u0131r. Dolays\u0131yla MTROYAL firmas\u0131n\u0131n D\u0131\u015f ticaret hacmini grafiksel olarak y\u00fcksek tonajlara sahiptir.<\/span><\/div>\n<div style=\"text-align: left;\"><span style=\"color: #000000;\"><b>LATAMARKO <\/b>markas\u0131 ise; kaliteyi ve hayat\u0131m\u0131zda s\u0131k\u00e7a kulland\u0131\u011f\u0131m\u0131z \u00e7ikolatay\u0131 temsil etmektedir. Afrika n\u0131n en kaliteli kakao \u00e7ekirde\u011finden \u00fcretilen kakao tozu ve kakao t\u00fcrevlerini en g\u00fcvenli \u015fekilde m\u00fc\u015fterilerimize ula\u015ft\u0131rmaktan mutluluk duymaktay\u0131z.<\/span><\/div>\n<p>[\/vc_column_text][\/vc_column][vc_column width=&#8221;1\/3&#8243;][vc_single_image image=&#8221;2735&#8243; img_size=&#8221;full&#8221; css=&#8221;.vc_custom_1570433818177{margin-top: 0px !important;}&#8221;][\/vc_column][\/vc_row][vc_row css=&#8221;.vc_custom_1453378670285{padding-bottom: 50px !important;}&#8221;][vc_column width=&#8221;1\/3&#8243; css=&#8221;.vc_custom_1453378563701{border-top-width: 10px !important;border-right-width: 10px !important;border-bottom-width: 10px !important;border-left-width: 10px !important;border-left-color: #ea5d5d !important;border-left-style: solid !important;border-right-color: #ea5d5d !important;border-right-style: solid !important;border-top-color: #ea5d5d !important;border-top-style: solid !important;border-bottom-color: #ea5d5d !important;border-bottom-style: solid !important;}&#8221;][vc_single_image image=&#8221;3545&#8243; img_size=&#8221;full&#8221; style=&#8221;vc_box_rounded&#8221; css=&#8221;.vc_custom_1598363673619{margin-top: 0px !important;margin-right: -75px !important;padding-left: 50px !important;}&#8221;][\/vc_column][vc_column width=&#8221;1\/3&#8243;][\/vc_column][vc_column width=&#8221;1\/3&#8243;][\/vc_column][\/vc_row][vc_row][vc_column][vc_custom_heading text=&#8221;Market&#8221; font_container=&#8221;tag:h2|text_align:center&#8221; google_fonts=&#8221;font_family:Montserrat%3Aregular%2C700|font_style:400%20regular%3A400%3Anormal&#8221;][vc_column_text]<\/p>\n<p style=\"text-align: center;\">Uzun y\u0131llar ticaret yapman\u0131n verdi\u011fi tecr\u00fcbe ve piyasaya hakimiyet, t\u00fcketim k\u00fclt\u00fcr\u00fcn\u00fc bilmek, yasal kurallar\u0131 ve s\u00f6zle\u015fmeleri ince detaylar\u0131n\u0131n fark\u0131ndal\u0131\u011f\u0131yla , iyi ve karl\u0131 bir i\u015f i\u00e7in yarat\u0131c\u0131 ve i\u015fe yarar \u00e7\u00f6z\u00fcmler sunmakty\u0131z.<\/p>\n<p>[\/vc_column_text][\/vc_column][\/vc_row][vc_row][vc_column width=&#8221;1\/3&#8243;][vc_single_image image=&#8221;2617&#8243; alignment=&#8221;center&#8221; style=&#8221;vc_box_circle&#8221;][\/vc_column][vc_column width=&#8221;1\/3&#8243;][vc_single_image image=&#8221;2636&#8243; alignment=&#8221;center&#8221; style=&#8221;vc_box_circle&#8221;][\/vc_column][vc_column width=&#8221;1\/3&#8243;][vc_single_image image=&#8221;2486&#8243; alignment=&#8221;center&#8221; style=&#8221;vc_box_circle&#8221;][\/vc_column][\/vc_row][vc_row][vc_column width=&#8221;1\/3&#8243;][vc_single_image image=&#8221;2639&#8243; alignment=&#8221;center&#8221; style=&#8221;vc_box_circle&#8221;][\/vc_column][vc_column width=&#8221;1\/3&#8243;][vc_single_image image=&#8221;2628&#8243; alignment=&#8221;center&#8221; style=&#8221;vc_box_circle&#8221;][\/vc_column][vc_column width=&#8221;1\/3&#8243;][vc_single_image image=&#8221;2644&#8243; alignment=&#8221;center&#8221; style=&#8221;vc_box_circle&#8221;][\/vc_column][\/vc_row][vc_row][vc_column][vc_column_text]<\/p>\n<p style=\"text-align: center;\">\u00dcr\u00fcnlerinizi en iyi \u015fekilde ithal edebiliriz. Hammaddelerden istedi\u011finiz herhangi bir \u00fcr\u00fcne<\/p>\n<p style=\"text-align: center;\">\u0130stedi\u011finiz \u00fcr\u00fcn\u00fcn kendi markan\u0131zla fason yapmak ,ithalat ve ihracat\u0131n\u0131 yapmak ve t\u00fcm bu ad\u0131mlarda yan\u0131n\u0131zda olmak ve dan\u0131\u015fmanl\u0131k hizmetimizi sunmaktan gurur duyar\u0131z<\/p>\n<p>[\/vc_column_text][\/vc_column][\/vc_row][vc_row][vc_column][vc_custom_heading text=&#8221;Son olarak, MT Royal\u2019e dan\u0131\u015farak ve belgelerimizi inceleyerek siz de bir i\u015f orta\u011f\u0131 olacaks\u0131n\u0131z&#8221; font_container=&#8221;tag:h2|text_align:center&#8221; google_fonts=&#8221;font_family:Montserrat%3Aregular%2C700|font_style:400%20regular%3A400%3Anormal&#8221;][\/vc_column][\/vc_row]<\/p>\n<div style='text-align:center' class='yasr-auto-insert-visitor'><\/div>","protected":false},"excerpt":{"rendered":"<p>[vc_row][vc_column width=&#8221;2\/3&#8243;][vc_custom_heading text=&#8221;NEDEN B\u0130Z&#8221; font_container=&#8221;tag:h1|font_size:44|text_align:left|color:%23444444|line_height:1&#8243; google_fonts=&#8221;font_family:Montserrat%3Aregular%2C700|font_style:400%20regular%3A400%3Anormal&#8221;][vc_column_text css=&#8221;.vc_custom_1612987702772{padding-top: 35px !important;}&#8221;] Slogan\u0131m\u0131z :S\u0130Z &#8230; <\/p>\n","protected":false},"author":1,"featured_media":0,"parent":0,"menu_order":0,"comment_status":"closed","ping_status":"closed","template":"","meta":{"yasr_overall_rating":0,"yasr_post_is_review":"","yasr_auto_insert_disabled":"","yasr_review_type":"","footnotes":""},"class_list":["post-2548","page","type-page","status-publish","hentry"],"yoast_head":"<!-- This site is optimized with the Yoast SEO Premium plugin v24.5 (Yoast SEO v26.6) - https:\/\/yoast.com\/wordpress\/plugins\/seo\/ -->\n<title>Neden Biz - MTROYAL<\/title>\n<meta name=\"robots\" content=\"index, follow, max-snippet:-1, max-image-preview:large, max-video-preview:-1\" \/>\n<link rel=\"canonical\" href=\"https:\/\/mtroyal.com.tr\/tr\/neden-biz\/\" \/>\n<meta property=\"og:locale\" content=\"tr_TR\" \/>\n<meta property=\"og:type\" content=\"article\" \/>\n<meta property=\"og:title\" content=\"Neden Biz\" \/>\n<meta property=\"og:description\" content=\"[vc_row][vc_column width=&#8221;2\/3&#8243;][vc_custom_heading text=&#8221;NEDEN B\u0130Z&#8221; font_container=&#8221;tag:h1|font_size:44|text_align:left|color:%23444444|line_height:1&#8243; google_fonts=&#8221;font_family:Montserrat%3Aregular%2C700|font_style:400%20regular%3A400%3Anormal&#8221;][vc_column_text css=&#8221;.vc_custom_1612987702772{padding-top: 35px !important;}&#8221;] Slogan\u0131m\u0131z :S\u0130Z ...\" \/>\n<meta property=\"og:url\" content=\"https:\/\/mtroyal.com.tr\/tr\/neden-biz\/\" \/>\n<meta property=\"og:site_name\" content=\"MTROYAL\" \/>\n<meta property=\"article:modified_time\" content=\"2021-02-11T08:49:14+00:00\" \/>\n<meta name=\"twitter:card\" content=\"summary_large_image\" \/>\n<script type=\"application\/ld+json\" class=\"yoast-schema-graph\">{\"@context\":\"https:\/\/schema.org\",\"@graph\":[{\"@type\":\"WebPage\",\"@id\":\"https:\/\/mtroyal.com.tr\/tr\/neden-biz\/\",\"url\":\"https:\/\/mtroyal.com.tr\/tr\/neden-biz\/\",\"name\":\"Neden Biz - MTROYAL\",\"isPartOf\":{\"@id\":\"https:\/\/mtroyal.com.tr\/tr\/#website\"},\"datePublished\":\"2019-09-18T09:45:10+00:00\",\"dateModified\":\"2021-02-11T08:49:14+00:00\",\"breadcrumb\":{\"@id\":\"https:\/\/mtroyal.com.tr\/tr\/neden-biz\/#breadcrumb\"},\"inLanguage\":\"tr\",\"potentialAction\":[{\"@type\":\"ReadAction\",\"target\":[\"https:\/\/mtroyal.com.tr\/tr\/neden-biz\/\"]}]},{\"@type\":\"BreadcrumbList\",\"@id\":\"https:\/\/mtroyal.com.tr\/tr\/neden-biz\/#breadcrumb\",\"itemListElement\":[{\"@type\":\"ListItem\",\"position\":1,\"name\":\"Home\",\"item\":\"https:\/\/mtroyal.com.tr\/tr\/\"},{\"@type\":\"ListItem\",\"position\":2,\"name\":\"Neden Biz\"}]},{\"@type\":\"WebSite\",\"@id\":\"https:\/\/mtroyal.com.tr\/tr\/#website\",\"url\":\"https:\/\/mtroyal.com.tr\/tr\/\",\"name\":\"MTROYAL\",\"description\":\"\",\"publisher\":{\"@id\":\"https:\/\/mtroyal.com.tr\/tr\/#organization\"},\"potentialAction\":[{\"@type\":\"SearchAction\",\"target\":{\"@type\":\"EntryPoint\",\"urlTemplate\":\"https:\/\/mtroyal.com.tr\/tr\/?s={search_term_string}\"},\"query-input\":{\"@type\":\"PropertyValueSpecification\",\"valueRequired\":true,\"valueName\":\"search_term_string\"}}],\"inLanguage\":\"tr\"},{\"@type\":\"Organization\",\"@id\":\"https:\/\/mtroyal.com.tr\/tr\/#organization\",\"name\":\"MTROYAL\",\"url\":\"https:\/\/mtroyal.com.tr\/tr\/\",\"logo\":{\"@type\":\"ImageObject\",\"inLanguage\":\"tr\",\"@id\":\"https:\/\/mtroyal.com.tr\/tr\/#\/schema\/logo\/image\/\",\"url\":\"https:\/\/mtroyal.com.tr\/tr\/wp-content\/uploads\/2023\/12\/mt-logo.png\",\"contentUrl\":\"https:\/\/mtroyal.com.tr\/tr\/wp-content\/uploads\/2023\/12\/mt-logo.png\",\"width\":313,\"height\":261,\"caption\":\"MTROYAL\"},\"image\":{\"@id\":\"https:\/\/mtroyal.com.tr\/tr\/#\/schema\/logo\/image\/\"}},false]}<\/script>\n<!-- \/ Yoast SEO Premium plugin. -->","yoast_head_json":{"title":"Neden Biz - MTROYAL","robots":{"index":"index","follow":"follow","max-snippet":"max-snippet:-1","max-image-preview":"max-image-preview:large","max-video-preview":"max-video-preview:-1"},"canonical":"https:\/\/mtroyal.com.tr\/tr\/neden-biz\/","og_locale":"tr_TR","og_type":"article","og_title":"Neden Biz","og_description":"[vc_row][vc_column width=&#8221;2\/3&#8243;][vc_custom_heading text=&#8221;NEDEN B\u0130Z&#8221; font_container=&#8221;tag:h1|font_size:44|text_align:left|color:%23444444|line_height:1&#8243; google_fonts=&#8221;font_family:Montserrat%3Aregular%2C700|font_style:400%20regular%3A400%3Anormal&#8221;][vc_column_text css=&#8221;.vc_custom_1612987702772{padding-top: 35px !important;}&#8221;] Slogan\u0131m\u0131z :S\u0130Z ...","og_url":"https:\/\/mtroyal.com.tr\/tr\/neden-biz\/","og_site_name":"MTROYAL","article_modified_time":"2021-02-11T08:49:14+00:00","twitter_card":"summary_large_image","schema":{"@context":"https:\/\/schema.org","@graph":[{"@type":"WebPage","@id":"https:\/\/mtroyal.com.tr\/tr\/neden-biz\/","url":"https:\/\/mtroyal.com.tr\/tr\/neden-biz\/","name":"Neden Biz - MTROYAL","isPartOf":{"@id":"https:\/\/mtroyal.com.tr\/tr\/#website"},"datePublished":"2019-09-18T09:45:10+00:00","dateModified":"2021-02-11T08:49:14+00:00","breadcrumb":{"@id":"https:\/\/mtroyal.com.tr\/tr\/neden-biz\/#breadcrumb"},"inLanguage":"tr","potentialAction":[{"@type":"ReadAction","target":["https:\/\/mtroyal.com.tr\/tr\/neden-biz\/"]}]},{"@type":"BreadcrumbList","@id":"https:\/\/mtroyal.com.tr\/tr\/neden-biz\/#breadcrumb","itemListElement":[{"@type":"ListItem","position":1,"name":"Home","item":"https:\/\/mtroyal.com.tr\/tr\/"},{"@type":"ListItem","position":2,"name":"Neden Biz"}]},{"@type":"WebSite","@id":"https:\/\/mtroyal.com.tr\/tr\/#website","url":"https:\/\/mtroyal.com.tr\/tr\/","name":"MTROYAL","description":"","publisher":{"@id":"https:\/\/mtroyal.com.tr\/tr\/#organization"},"potentialAction":[{"@type":"SearchAction","target":{"@type":"EntryPoint","urlTemplate":"https:\/\/mtroyal.com.tr\/tr\/?s={search_term_string}"},"query-input":{"@type":"PropertyValueSpecification","valueRequired":true,"valueName":"search_term_string"}}],"inLanguage":"tr"},{"@type":"Organization","@id":"https:\/\/mtroyal.com.tr\/tr\/#organization","name":"MTROYAL","url":"https:\/\/mtroyal.com.tr\/tr\/","logo":{"@type":"ImageObject","inLanguage":"tr","@id":"https:\/\/mtroyal.com.tr\/tr\/#\/schema\/logo\/image\/","url":"https:\/\/mtroyal.com.tr\/tr\/wp-content\/uploads\/2023\/12\/mt-logo.png","contentUrl":"https:\/\/mtroyal.com.tr\/tr\/wp-content\/uploads\/2023\/12\/mt-logo.png","width":313,"height":261,"caption":"MTROYAL"},"image":{"@id":"https:\/\/mtroyal.com.tr\/tr\/#\/schema\/logo\/image\/"}},false]}},"yasr_visitor_votes":{"stars_attributes":{"read_only":false,"span_bottom":false},"number_of_votes":0,"sum_votes":0},"_links":{"self":[{"href":"https:\/\/mtroyal.com.tr\/tr\/wp-json\/wp\/v2\/pages\/2548","targetHints":{"allow":["GET"]}}],"collection":[{"href":"https:\/\/mtroyal.com.tr\/tr\/wp-json\/wp\/v2\/pages"}],"about":[{"href":"https:\/\/mtroyal.com.tr\/tr\/wp-json\/wp\/v2\/types\/page"}],"author":[{"embeddable":true,"href":"https:\/\/mtroyal.com.tr\/tr\/wp-json\/wp\/v2\/users\/1"}],"replies":[{"embeddable":true,"href":"https:\/\/mtroyal.com.tr\/tr\/wp-json\/wp\/v2\/comments?post=2548"}],"version-history":[{"count":0,"href":"https:\/\/mtroyal.com.tr\/tr\/wp-json\/wp\/v2\/pages\/2548\/revisions"}],"wp:attachment":[{"href":"https:\/\/mtroyal.com.tr\/tr\/wp-json\/wp\/v2\/media?parent=2548"}],"curies":[{"name":"wp","href":"https:\/\/api.w.org\/{rel}","templated":true}]}}