{"id":2551,"date":"2019-09-18T09:47:07","date_gmt":"2019-09-18T09:47:07","guid":{"rendered":"https:\/\/mtroyal.com.tr\/tr\/?page_id=2551"},"modified":"2024-10-05T09:45:41","modified_gmt":"2024-10-05T06:45:41","slug":"genel-mudurumuzun-mesaji","status":"publish","type":"page","link":"https:\/\/mtroyal.com.tr\/tr\/genel-mudurumuzun-mesaji\/","title":{"rendered":"Genel M\u00fcd\u00fcr\u00fcm\u00fcz\u00fcn Mesaj\u0131"},"content":{"rendered":"<p>[vc_row][vc_column][vc_single_image image=&#8221;2682&#8243; img_size=&#8221;300&#215;300&#8243; alignment=&#8221;center&#8221; style=&#8221;vc_box_shadow_border_circle&#8221;][vc_custom_heading text=&#8221;Genel mudur mesaji&#8221; font_container=&#8221;tag:h2|text_align:center|color:%231e73be&#8221; google_fonts=&#8221;font_family:Montserrat%3Aregular%2C700|font_style:400%20regular%3A400%3Anormal&#8221;][vc_single_image image=&#8221;5391&#8243; img_size=&#8221;300&#215;300&#8243; alignment=&#8221;center&#8221; style=&#8221;vc_box_circle&#8221;][vc_column_text]Sayg\u0131de\u011fer Payda\u015flar\u0131m\u0131z,<\/p>\n<p>15 y\u0131ll\u0131k zengin birikimimiz ve tecr\u00fcbemizle \u00fcretim, ithalat ve ihracatta daima M\u00fc\u015fteri memnuniyeti ve kalite anlay\u0131\u015f\u0131 \u00f6nceli\u011fimiz olmu\u015ftur. GIDA sekt\u00f6r\u00fcn\u00fcn \u00f6nemli bir ham madde sa\u011flay\u0131c\u0131s\u0131 olan \u015eirketimiz, ayn\u0131 zamanda \u00fcretim alan\u0131nda \u00e7al\u0131\u015fmalar\u0131n\u0131 devam etmektedir.<\/p>\n<p>G\u00fcn\u00fcm\u00fczde Ticaretin tek bir lokasyona ba\u011fl\u0131 olmad\u0131\u011f\u0131n\u0131 ve k\u00fcresel d\u00fc\u015f\u00fcnmek ba\u015far\u0131ya sebebiyet verdi\u011fini her f\u0131rsatta dile gtirdik. Bu kapsamda, amac\u0131m\u0131z \u00fclkemize stratejik katk\u0131lar sa\u011flamak ve hep birlikte yeni pazarlar elde etmektir. Ba\u015far\u0131n\u0131n tek yolu, uzman ekip ile do\u011fru yolda \u00e7al\u0131\u015fmakt\u0131r.<\/p>\n<p>G\u0131da sekt\u00f6r\u00fcn\u00fcn yan\u0131 s\u0131ra, Makine ve \u00f6zellikle Kum k\u0131rma\/Kum eleme makinelerin imalat\u0131 ve ihracat\u0131 ile T\u00fcrkiye\u2019nin g\u00fcc\u00fcne g\u00fc\u00e7 katmay\u0131 \u00f6nceli\u011fimiz g\u00f6r\u00fcyoruz. \u0130\u015f ortaklar\u0131m\u0131z\u0131n talep ve ihtiya\u00e7lar\u0131na odaklanan hizmet anlay\u0131\u015f\u0131m\u0131z, \u00fcr\u00fcnde kaliteye ve yenilik\u00e7ili\u011fe verdi\u011fimiz \u00f6nem, i\u015f ortaklar\u0131m\u0131z i\u00e7in her an ula\u015f\u0131labilir olmak, birlikte yaratt\u0131\u011f\u0131m\u0131z ba\u015far\u0131l\u0131 ve \u00f6d\u00fcll\u00fc projelerle ta\u00e7lanmakta ve i\u015f ortaklar\u0131m\u0131zla kurdu\u011fumuz kal\u0131c\u0131 ba\u011flar\u0131 daha da g\u00fc\u00e7lendirmektedir.<\/p>\n<p>Dolay\u0131s\u0131yla biz m\u00fc\u015fterilerimizin memnuniyeti i\u00e7in her t\u00fcrl\u00fc gayreti g\u00f6sterip ve fedak\u00e2rl\u0131k yapmaktan b\u00fcy\u00fck bir zevk al\u0131r\u0131z. Birlikte b\u00fcy\u00fcmek ve birlikte K\u00e2r etmek istiyoruz.<\/p>\n<p>&nbsp;<\/p>\n<h4 style=\"text-align: center;\">T\u0130CARET MT ROYAL \u0130LE GER\u00c7EKLE\u015e\u0130R.<\/h4>\n<p><span style=\"color: #000000;\">.<\/span>[\/vc_column_text][\/vc_column][\/vc_row][vc_row][vc_column][\/vc_column][\/vc_row]<\/p>\n<div style='text-align:center' class='yasr-auto-insert-visitor'><\/div>","protected":false},"excerpt":{"rendered":"<p>[vc_row][vc_column][vc_single_image image=&#8221;2682&#8243; img_size=&#8221;300&#215;300&#8243; alignment=&#8221;center&#8221; style=&#8221;vc_box_shadow_border_circle&#8221;][vc_custom_heading text=&#8221;Genel mudur mesaji&#8221; font_container=&#8221;tag:h2|text_align:center|color:%231e73be&#8221; google_fonts=&#8221;font_family:Montserrat%3Aregular%2C700|font_style:400%20regular%3A400%3Anormal&#8221;][vc_single_image image=&#8221;5391&#8243; &#8230; <\/p>\n","protected":false},"author":1,"featured_media":0,"parent":0,"menu_order":0,"comment_status":"closed","ping_status":"closed","template":"","meta":{"yasr_overall_rating":0,"yasr_post_is_review":"","yasr_auto_insert_disabled":"","yasr_review_type":"","footnotes":""},"class_list":["post-2551","page","type-page","status-publish","hentry"],"yoast_head":"<!-- This site is optimized with the Yoast SEO Premium plugin v24.5 (Yoast SEO v26.6) - https:\/\/yoast.com\/wordpress\/plugins\/seo\/ -->\n<title>Genel M\u00fcd\u00fcr\u00fcm\u00fcz\u00fcn Mesaj\u0131 - MTROYAL<\/title>\n<meta name=\"robots\" content=\"index, follow, max-snippet:-1, max-image-preview:large, max-video-preview:-1\" \/>\n<link rel=\"canonical\" href=\"https:\/\/mtroyal.com.tr\/tr\/genel-mudurumuzun-mesaji\/\" \/>\n<meta property=\"og:locale\" content=\"tr_TR\" \/>\n<meta property=\"og:type\" content=\"article\" \/>\n<meta property=\"og:title\" content=\"Genel M\u00fcd\u00fcr\u00fcm\u00fcz\u00fcn Mesaj\u0131\" \/>\n<meta property=\"og:description\" content=\"[vc_row][vc_column][vc_single_image image=&#8221;2682&#8243; img_size=&#8221;300&#215;300&#8243; alignment=&#8221;center&#8221; style=&#8221;vc_box_shadow_border_circle&#8221;][vc_custom_heading text=&#8221;Genel mudur mesaji&#8221; font_container=&#8221;tag:h2|text_align:center|color:%231e73be&#8221; google_fonts=&#8221;font_family:Montserrat%3Aregular%2C700|font_style:400%20regular%3A400%3Anormal&#8221;][vc_single_image image=&#8221;5391&#8243; ...\" \/>\n<meta property=\"og:url\" content=\"https:\/\/mtroyal.com.tr\/tr\/genel-mudurumuzun-mesaji\/\" \/>\n<meta property=\"og:site_name\" content=\"MTROYAL\" \/>\n<meta property=\"article:modified_time\" content=\"2024-10-05T06:45:41+00:00\" \/>\n<meta name=\"twitter:card\" content=\"summary_large_image\" \/>\n<script type=\"application\/ld+json\" class=\"yoast-schema-graph\">{\"@context\":\"https:\/\/schema.org\",\"@graph\":[{\"@type\":\"WebPage\",\"@id\":\"https:\/\/mtroyal.com.tr\/tr\/genel-mudurumuzun-mesaji\/\",\"url\":\"https:\/\/mtroyal.com.tr\/tr\/genel-mudurumuzun-mesaji\/\",\"name\":\"Genel M\u00fcd\u00fcr\u00fcm\u00fcz\u00fcn Mesaj\u0131 - MTROYAL\",\"isPartOf\":{\"@id\":\"https:\/\/mtroyal.com.tr\/tr\/#website\"},\"datePublished\":\"2019-09-18T09:47:07+00:00\",\"dateModified\":\"2024-10-05T06:45:41+00:00\",\"breadcrumb\":{\"@id\":\"https:\/\/mtroyal.com.tr\/tr\/genel-mudurumuzun-mesaji\/#breadcrumb\"},\"inLanguage\":\"tr\",\"potentialAction\":[{\"@type\":\"ReadAction\",\"target\":[\"https:\/\/mtroyal.com.tr\/tr\/genel-mudurumuzun-mesaji\/\"]}]},{\"@type\":\"BreadcrumbList\",\"@id\":\"https:\/\/mtroyal.com.tr\/tr\/genel-mudurumuzun-mesaji\/#breadcrumb\",\"itemListElement\":[{\"@type\":\"ListItem\",\"position\":1,\"name\":\"Home\",\"item\":\"https:\/\/mtroyal.com.tr\/tr\/\"},{\"@type\":\"ListItem\",\"position\":2,\"name\":\"Genel M\u00fcd\u00fcr\u00fcm\u00fcz\u00fcn Mesaj\u0131\"}]},{\"@type\":\"WebSite\",\"@id\":\"https:\/\/mtroyal.com.tr\/tr\/#website\",\"url\":\"https:\/\/mtroyal.com.tr\/tr\/\",\"name\":\"MTROYAL\",\"description\":\"\",\"publisher\":{\"@id\":\"https:\/\/mtroyal.com.tr\/tr\/#organization\"},\"potentialAction\":[{\"@type\":\"SearchAction\",\"target\":{\"@type\":\"EntryPoint\",\"urlTemplate\":\"https:\/\/mtroyal.com.tr\/tr\/?s={search_term_string}\"},\"query-input\":{\"@type\":\"PropertyValueSpecification\",\"valueRequired\":true,\"valueName\":\"search_term_string\"}}],\"inLanguage\":\"tr\"},{\"@type\":\"Organization\",\"@id\":\"https:\/\/mtroyal.com.tr\/tr\/#organization\",\"name\":\"MTROYAL\",\"url\":\"https:\/\/mtroyal.com.tr\/tr\/\",\"logo\":{\"@type\":\"ImageObject\",\"inLanguage\":\"tr\",\"@id\":\"https:\/\/mtroyal.com.tr\/tr\/#\/schema\/logo\/image\/\",\"url\":\"https:\/\/mtroyal.com.tr\/tr\/wp-content\/uploads\/2023\/12\/mt-logo.png\",\"contentUrl\":\"https:\/\/mtroyal.com.tr\/tr\/wp-content\/uploads\/2023\/12\/mt-logo.png\",\"width\":313,\"height\":261,\"caption\":\"MTROYAL\"},\"image\":{\"@id\":\"https:\/\/mtroyal.com.tr\/tr\/#\/schema\/logo\/image\/\"}},false]}<\/script>\n<!-- \/ Yoast SEO Premium plugin. -->","yoast_head_json":{"title":"Genel M\u00fcd\u00fcr\u00fcm\u00fcz\u00fcn Mesaj\u0131 - MTROYAL","robots":{"index":"index","follow":"follow","max-snippet":"max-snippet:-1","max-image-preview":"max-image-preview:large","max-video-preview":"max-video-preview:-1"},"canonical":"https:\/\/mtroyal.com.tr\/tr\/genel-mudurumuzun-mesaji\/","og_locale":"tr_TR","og_type":"article","og_title":"Genel M\u00fcd\u00fcr\u00fcm\u00fcz\u00fcn Mesaj\u0131","og_description":"[vc_row][vc_column][vc_single_image image=&#8221;2682&#8243; img_size=&#8221;300&#215;300&#8243; alignment=&#8221;center&#8221; style=&#8221;vc_box_shadow_border_circle&#8221;][vc_custom_heading text=&#8221;Genel mudur mesaji&#8221; font_container=&#8221;tag:h2|text_align:center|color:%231e73be&#8221; google_fonts=&#8221;font_family:Montserrat%3Aregular%2C700|font_style:400%20regular%3A400%3Anormal&#8221;][vc_single_image image=&#8221;5391&#8243; ...","og_url":"https:\/\/mtroyal.com.tr\/tr\/genel-mudurumuzun-mesaji\/","og_site_name":"MTROYAL","article_modified_time":"2024-10-05T06:45:41+00:00","twitter_card":"summary_large_image","schema":{"@context":"https:\/\/schema.org","@graph":[{"@type":"WebPage","@id":"https:\/\/mtroyal.com.tr\/tr\/genel-mudurumuzun-mesaji\/","url":"https:\/\/mtroyal.com.tr\/tr\/genel-mudurumuzun-mesaji\/","name":"Genel M\u00fcd\u00fcr\u00fcm\u00fcz\u00fcn Mesaj\u0131 - MTROYAL","isPartOf":{"@id":"https:\/\/mtroyal.com.tr\/tr\/#website"},"datePublished":"2019-09-18T09:47:07+00:00","dateModified":"2024-10-05T06:45:41+00:00","breadcrumb":{"@id":"https:\/\/mtroyal.com.tr\/tr\/genel-mudurumuzun-mesaji\/#breadcrumb"},"inLanguage":"tr","potentialAction":[{"@type":"ReadAction","target":["https:\/\/mtroyal.com.tr\/tr\/genel-mudurumuzun-mesaji\/"]}]},{"@type":"BreadcrumbList","@id":"https:\/\/mtroyal.com.tr\/tr\/genel-mudurumuzun-mesaji\/#breadcrumb","itemListElement":[{"@type":"ListItem","position":1,"name":"Home","item":"https:\/\/mtroyal.com.tr\/tr\/"},{"@type":"ListItem","position":2,"name":"Genel M\u00fcd\u00fcr\u00fcm\u00fcz\u00fcn Mesaj\u0131"}]},{"@type":"WebSite","@id":"https:\/\/mtroyal.com.tr\/tr\/#website","url":"https:\/\/mtroyal.com.tr\/tr\/","name":"MTROYAL","description":"","publisher":{"@id":"https:\/\/mtroyal.com.tr\/tr\/#organization"},"potentialAction":[{"@type":"SearchAction","target":{"@type":"EntryPoint","urlTemplate":"https:\/\/mtroyal.com.tr\/tr\/?s={search_term_string}"},"query-input":{"@type":"PropertyValueSpecification","valueRequired":true,"valueName":"search_term_string"}}],"inLanguage":"tr"},{"@type":"Organization","@id":"https:\/\/mtroyal.com.tr\/tr\/#organization","name":"MTROYAL","url":"https:\/\/mtroyal.com.tr\/tr\/","logo":{"@type":"ImageObject","inLanguage":"tr","@id":"https:\/\/mtroyal.com.tr\/tr\/#\/schema\/logo\/image\/","url":"https:\/\/mtroyal.com.tr\/tr\/wp-content\/uploads\/2023\/12\/mt-logo.png","contentUrl":"https:\/\/mtroyal.com.tr\/tr\/wp-content\/uploads\/2023\/12\/mt-logo.png","width":313,"height":261,"caption":"MTROYAL"},"image":{"@id":"https:\/\/mtroyal.com.tr\/tr\/#\/schema\/logo\/image\/"}},false]}},"yasr_visitor_votes":{"stars_attributes":{"read_only":false,"span_bottom":false},"number_of_votes":0,"sum_votes":0},"_links":{"self":[{"href":"https:\/\/mtroyal.com.tr\/tr\/wp-json\/wp\/v2\/pages\/2551","targetHints":{"allow":["GET"]}}],"collection":[{"href":"https:\/\/mtroyal.com.tr\/tr\/wp-json\/wp\/v2\/pages"}],"about":[{"href":"https:\/\/mtroyal.com.tr\/tr\/wp-json\/wp\/v2\/types\/page"}],"author":[{"embeddable":true,"href":"https:\/\/mtroyal.com.tr\/tr\/wp-json\/wp\/v2\/users\/1"}],"replies":[{"embeddable":true,"href":"https:\/\/mtroyal.com.tr\/tr\/wp-json\/wp\/v2\/comments?post=2551"}],"version-history":[{"count":1,"href":"https:\/\/mtroyal.com.tr\/tr\/wp-json\/wp\/v2\/pages\/2551\/revisions"}],"predecessor-version":[{"id":5393,"href":"https:\/\/mtroyal.com.tr\/tr\/wp-json\/wp\/v2\/pages\/2551\/revisions\/5393"}],"wp:attachment":[{"href":"https:\/\/mtroyal.com.tr\/tr\/wp-json\/wp\/v2\/media?parent=2551"}],"curies":[{"name":"wp","href":"https:\/\/api.w.org\/{rel}","templated":true}]}}