{"id":2554,"date":"2019-09-18T09:50:35","date_gmt":"2019-09-18T09:50:35","guid":{"rendered":"https:\/\/mtroyal.com.tr\/tr\/?page_id=2554"},"modified":"2023-12-05T00:03:16","modified_gmt":"2023-12-04T21:03:16","slug":"ithalat-ihracat","status":"publish","type":"page","link":"https:\/\/mtroyal.com.tr\/tr\/ithalat-ihracat\/","title":{"rendered":"\u0130thalat \u0130hracat"},"content":{"rendered":"<p>[vc_row][vc_column][vc_single_image source=&#8221;external_link&#8221; alignment=&#8221;center&#8221; custom_src=&#8221;https:\/\/mtroyal.com.tr\/tr\/files\/7-23\/%C4%B0thalat%20Ve%20%C4%B0hracat%20%C5%9Eirketi.jpg&#8221;][vc_column_text]Ekonominin geli\u015fme g\u00f6stermesindeki en \u00f6nemli olgu ku\u015fkusuz ticarettir. \u0130nsano\u011flunun varl\u0131\u011f\u0131ndan beri s\u00fcregelen ticaret olgusunun de\u011fi\u015fmez iki par\u00e7as\u0131 ise, ithalat ve ihracatt\u0131r.<br \/>\nUluslararas\u0131 ticaret, ithalat ve ihracat kavramlar\u0131n\u0131n \u00e7evresinde \u015fekil g\u00f6stermi\u015f; bu nedenle ithalat ve ihracat, ticaretin ve ekonominin bel kemi\u011fi g\u00f6revini \u00fcstlenmi\u015ftir.<\/p>\n<p>Serbest piyasa ticaretinin g\u00f6sterdi\u011fi geli\u015fim, g\u00fcn\u00fcm\u00fczde pek \u00e7ok \u00fclkenin hem ithalat hem ihracat yapmas\u0131n\u0131 m\u00fcmk\u00fcn k\u0131lm\u0131\u015ft\u0131r.<\/p>\n<p>MT ROYAL olarak bizler de pek \u00e7ok \u00fcr\u00fcn\u00fcn ithalat\u0131 ve ihracat\u0131 noktas\u0131nda, talep edilen ihtiya\u00e7lara cevap vermek konusunda, i\u015fbirlik\u00e7ilerimize ithalat ve ihracat hizmeti sunmaktay\u0131z.<\/p>\n<h2><span style=\"color: #ff6600;\">\u0130thalat ve \u0130hracat Nedir?<\/span><\/h2>\n<h3>\u0130thalat Nedir?<\/h3>\n<p>Kelime anlam\u0131 \u201ci\u00e7eri girmek, almak, dahil olmak\u201d olan ithalat, yurt d\u0131\u015f\u0131nda \u00fcretimi ger\u00e7ekle\u015fen bir \u00fcr\u00fcn\u00fcn sat\u0131n al\u0131nmas\u0131d\u0131r. \u201cD\u0131\u015f al\u0131m\u201d olarak da bilinen ithalat i\u015flemi, iki \u015feye ihtiya\u00e7 duyar: \u0130lki, sat\u0131n al\u0131nacak \u00fcr\u00fcn; ikincisi ise \u00fcr\u00fcn\u00fcn sat\u0131n almas\u0131n\u0131 ger\u00e7ekle\u015ftirecek, vergi kimlik numaras\u0131na sahip t\u00fczel veya ger\u00e7ek ki\u015fidir.<\/p>\n<p>Yurt d\u0131\u015f\u0131ndan sat\u0131n al\u0131nan \u00fcr\u00fcnlerin g\u00fcmr\u00fckten ge\u00e7erek \u00fclke s\u0131n\u0131rlar\u0131na giri\u015f yapmas\u0131 i\u015flemi olan ithalatta, vergi ve di\u011fer prosed\u00fcrler o \u00fclkenin yasalar\u0131na g\u00f6re belirlenmektedir.<\/p>\n<p>MT ROYAL Ailesi, ithalat ve ihracat ile pek \u00e7ok ham madde ve \u00fcr\u00fcn taleplerini kar\u015f\u0131lamakta, istenen \u00fcr\u00fcnlerin tedarik edilmesinde destek sa\u011flamaktad\u0131r.<\/p>\n<h3>\u0130hracat Nedir?<\/h3>\n<p>Kelime olarak \u201cd\u0131\u015far\u0131 \u00e7\u0131karmak, satmak\u201d anlamlar\u0131na gelen ihracat; ithalat\u0131n tam tersine d\u0131\u015f sat\u0131md\u0131r.<\/p>\n<p>Bir \u00fclkede \u00fcretilen bir mal\u0131n ba\u015fka bir \u00fclkeye sat\u0131lmas\u0131, ihracatt\u0131r. \u0130thalattakine benzer bir \u015fekilde ihracatta da, sat\u0131lacak bir \u00fcr\u00fcn ve \u00fcr\u00fcn\u00fcn sat\u0131n almas\u0131n\u0131 ger\u00e7ekle\u015ftirecek, vergi kimlik numaras\u0131na sahip t\u00fczel veya ger\u00e7ek ki\u015fi; olmazsa olmazd\u0131r.<\/p>\n<p>MY ROYAL firmas\u0131 olarak, g\u0131da ham maddelerinden tekstile, kimyasal ve farmas\u00f6tik malzemelerden karton bardak ve i\u015f makinelerine kadar bir\u00e7ok alanda \u00fcr\u00fcn tedariki sa\u011flay\u0131p mallar\u0131n ihracat ve ithalat\u0131n\u0131 ger\u00e7ekle\u015ftirmekteyiz. \u0130thalat ve ihracat ile ilgili t\u00fcm mal ve hizmet talepleriniz i\u00e7in, alan\u0131nda profesyonel ithalat ve ihracat uzmanlar\u0131m\u0131zla ileti\u015fime ge\u00e7meniz yeterlidir.<\/p>\n<h3>\u0130thalat ve \u0130hracat Aras\u0131ndaki Fark Nedir?<\/h3>\n<p>En temelde ithalat ve ihracat i\u015flemleri, iki \u00fclke aras\u0131nda ger\u00e7ekle\u015fmekte olsa da; bir giri\u015fimcilik olan ithalatta al\u0131m, bir sat\u0131\u015f \u00e7e\u015fidi olan ihracatta sat\u0131m s\u00f6z konusudur. Bu temel fark\u0131n yan\u0131 s\u0131ra, \u00f6denen vergiler ve uygulanan prosed\u00fcrler noktas\u0131nda da ithalat ve ihracat i\u015flemleri farkl\u0131l\u0131k g\u00f6stermektedir.<\/p>\n<h3>\u0130thalat ve \u0130hracat\u0131n Amac\u0131 Nedir?<\/h3>\n<p>\u0130thalat, yurt i\u00e7inde bulunmas\u0131 noktas\u0131nda zorluk ya\u015fanan ve yurt i\u00e7inde bulunsa dahi yeterli miktarda olmayan mal ve hizmetlerin, \u00fcretimi yap\u0131lan di\u011fer \u00fclkelerden daha uygun fiyat ve daha kaliteli olarak talep edilmesi amac\u0131n\u0131 ta\u015f\u0131maktad\u0131r.<\/p>\n<p>\u0130hracat\u0131n temel amac\u0131n\u0131n ise; \u00fcretimi yap\u0131lan yerli \u00fcr\u00fcnlerin d\u0131\u015f \u00fclkelere sat\u0131\u015f\u0131n\u0131 sa\u011flayarak, talepleri kar\u015f\u0131lamak oldu\u011funu s\u00f6ylemek m\u00fcmk\u00fcnd\u00fcr.<\/p>\n<p>MT Royal Ailesinin ithalat ve ihracat alan\u0131nda deneyim sahibi ekibi sayesinde, her ihtiyac\u0131n\u0131z sorunsuz bir \u015fekilde \u00e7\u00f6z\u00fcme kavu\u015fmaktad\u0131r.<\/p>\n<p>MT ROYAL, g\u0131da end\u00fcstrisinde kakao tozu, tekstil sekt\u00f6r\u00fcnde iplik gibi pek \u00e7ok ham maddenin yan\u0131 s\u0131ra, katon bardak, kimyasal ve farmas\u00f6tik malzemeler, i\u015f makineleri vb bir\u00e7ok \u00fcr\u00fcn talebine kar\u015f\u0131, ithalat ve ihracat alan\u0131nda g\u00fcvenilir bir i\u015f birli\u011fi sunmaktad\u0131r.<\/p>\n<h3>\u0130thalat ve \u0130hracat\u0131n Faydalar\u0131 Nelerdir?<\/h3>\n<p>K\u00fc\u00e7\u00fck ve orta b\u00fcy\u00fckl\u00fckteki i\u015fletmelerin yurt d\u0131\u015f\u0131ndaki pazarlara ula\u015fmas\u0131na, dahil olmas\u0131na, geli\u015fmesine, geni\u015flemesine katk\u0131da bulunan ithalat; b\u00f6ylelikle \u015firketlerin piyasa de\u011ferlerini art\u0131rmalar\u0131na yard\u0131mc\u0131 olmaktad\u0131r.<\/p>\n<p>\u0130hracat\u0131n en \u00f6nemli faydalar\u0131 aras\u0131nda ise; sat\u0131\u015f\u0131 yap\u0131lan mal ve hizmetler yoluyla y\u00fcksek miktarda d\u0131\u015f gelir olu\u015fturmak ve k\u00fcresel varl\u0131\u011f\u0131 artt\u0131rmak bulunmaktad\u0131r.<\/p>\n<p>MT ROYAL olarak, hem ithalat hem ihracat yoluyla tedari\u011fi yap\u0131lan t\u00fcm mal ve hizmetlerde, i\u015fbirlik\u00e7ilerimize her zaman adil bir fiyatland\u0131rma ve y\u00fcksek kalite sunuyoruz.<\/p>\n<p><strong>T\u00fcrkiye\u2019nin \u0130thalat ve \u0130hracat Yapt\u0131\u011f\u0131 \u00dclkeler<\/strong><\/p>\n<p>T\u00fcrkiye\u2019nin d\u0131\u015f ticaret ekosisteminde pek \u00e7ok \u00fclke ile ithalat ve ihracat ili\u015fkileri bulunmakta; \u00fclkemizin en fazla ithalat yapt\u0131\u011f\u0131 \u00fclkeler \u00c7in ve ABD iken, Almanya ve \u0130spanya ise en fazla ihracat yap\u0131lan \u00fclkeler aras\u0131nda yer almaktad\u0131r.<\/p>\n<p>MT ROYAL olarak; \u00c7in, Endonezya, Kore, Hindistan, Hollanda, Almanya, \u0130ran gibi pek \u00e7ok \u00fclkede ithalat ve ihracat s\u00fcre\u00e7lerini kaliteli bir \u015fekilde y\u00fcr\u00fct\u00fcyoruz.<\/p>\n<p>MT ROYAL firmas\u0131 taraf\u0131ndan sunulan kusursuz ithalat ve ihracat hizmetleri sayesinde i\u015fbirlik\u00e7ilerimizin g\u0131da end\u00fcstrisinde kakao tozu, tekstil sekt\u00f6r\u00fcnde iplik gibi pek \u00e7ok ham maddenin yan\u0131 s\u0131ra, karton bardak, kimyasal ve farmas\u00f6tik malzemeler, i\u015f makineleri vb bir\u00e7ok ihtiyac\u0131n\u0131 sorunsuz bir teslimatla sa\u011flamaktay\u0131z.<\/p>\n<p>\u0130thalat ve ihracat sekt\u00f6r\u00fcnde uzun y\u0131llard\u0131r hizmet veren MT ROYAL, alan\u0131nda deneyimli ekibi sayesinde anl\u0131k ihtiya\u00e7lara en do\u011fru \u00e7\u00f6z\u00fcmleri sunmaktad\u0131r.<\/p>\n<p>\u0130thalat ve ihracat hakk\u0131nda, mal ve hizmet taleplerinizle ilgili destek almak i\u00e7in MT ROYAL\u2019in alan\u0131nda uzman ekibi ile ileti\u015fime ge\u00e7meniz yeterlidir.[\/vc_column_text][vc_separator color=&#8221;blue&#8221; align=&#8221;align_left&#8221; style=&#8221;dotted&#8221; border_width=&#8221;3&#8243;][\/vc_column][\/vc_row][vc_row][vc_column width=&#8221;1\/2&#8243;][vc_column_text]<\/p>\n<h4 style=\"text-align: left;\"><span style=\"color: #000000;\">MT Royal, uzmanl\u0131k alan\u0131 olan hammadde ithalat\u0131 ve ihracat\u0131n\u0131 2013&#8217;ten beri aktif olarak yapmaktadir.<\/span><\/h4>\n<p style=\"text-align: left;\"><span style=\"color: #000000;\">Herhangi bir i\u015flemden \u00f6nce\u00a0 m\u00fc\u015fterinin istekleri ve \u00fcr\u00fcn\u00fc g\u00f6zden ge\u00e7irir, mal\u0131n ithalat\u0131 ve ihracat\u0131n\u0131n \u015fartlar\u0131 ve ko\u015fullar\u0131 hakk\u0131nda bilgilendiriyoruz<\/span><\/p>\n<p style=\"text-align: left;\"><span style=\"color: #3366ff;\">M\u00fc\u015fterimizin birlikte \u00e7al\u0131\u015faca\u011f\u0131 firmalarla s\u00f6zle\u015fme haz\u0131rlamak<br \/>\n<\/span><span style=\"color: #3366ff;\">M\u00fc\u015fterinin g\u00fcvenli ticareti i\u00e7in banka teminat mektubu<br \/>\n<\/span><span style=\"color: #3366ff;\">Ve nihayet i\u015fbirli\u011finin ba\u015flang\u0131c\u0131 ve s\u00fcreklili\u011fi<\/span><\/p>\n<p>[\/vc_column_text][\/vc_column][vc_column width=&#8221;1\/2&#8243;][vc_column_text]<\/p>\n<h4 style=\"text-align: left;\">T\u00fcm bu ad\u0131mlar\u0131 sizinleyiz<\/h4>\n<p style=\"text-align: left;\"><b>orta do\u011fu da yat\u0131r\u0131m yapt\u0131\u011f\u0131n\u0131z zaman elde edece\u011finiz avantajlar\u0131 biliyormusunuz<\/b><\/p>\n<div style=\"text-align: left;\"><span style=\"color: #000000;\"><b>orta do\u011fu<\/b> da \u015firket kurdu\u011funuz zaman devletin size sundu\u011fu \u00e7ok b\u00fcy\u00fck te\u015fvik primlerinden yararlanma \u015fans\u0131n\u0131z olur. mesela<\/span> :<\/div>\n<div style=\"text-align: left;\"><span style=\"color: #3366ff;\">%100 kurumlar vergisinden 20 y\u0131l boyunca muaf oluyorsunuz<\/span>.<\/div>\n<div style=\"text-align: left;\"><span style=\"color: #3366ff;\">\u0130hracatta vergi indirimi\u00a0<\/span><\/div>\n<div style=\"text-align: left;\"><span style=\"color: #3366ff;\">vize ba\u015fvurusu indirimi<\/span><\/div>\n<div style=\"text-align: left;\"><span style=\"color: #3366ff;\">B\u00f6lgeler i\u00e7inde araz\u0131 sat\u0131n alma<\/span><\/div>\n<div style=\"text-align: left;\"><span style=\"color: #000000;\">ve daha bir \u00e7ok primler mevcuttur.<\/span><\/div>\n<div class=\"yj6qo\" style=\"text-align: left;\"><\/div>\n<div class=\"adL\" style=\"text-align: left;\"><\/div>\n<p>[\/vc_column_text][\/vc_column][\/vc_row]<\/p>\n<div style='text-align:center' class='yasr-auto-insert-visitor'><\/div>","protected":false},"excerpt":{"rendered":"<p>[vc_row][vc_column][vc_single_image source=&#8221;external_link&#8221; alignment=&#8221;center&#8221; custom_src=&#8221;https:\/\/mtroyal.com.tr\/tr\/files\/7-23\/%C4%B0thalat%20Ve%20%C4%B0hracat%20%C5%9Eirketi.jpg&#8221;][vc_column_text]Ekonominin geli\u015fme g\u00f6stermesindeki en \u00f6nemli olgu ku\u015fkusuz ticarettir. &#8230; <\/p>\n","protected":false},"author":1,"featured_media":0,"parent":0,"menu_order":0,"comment_status":"closed","ping_status":"closed","template":"","meta":{"yasr_overall_rating":0,"yasr_post_is_review":"","yasr_auto_insert_disabled":"","yasr_review_type":"","footnotes":""},"class_list":["post-2554","page","type-page","status-publish","hentry"],"yoast_head":"<!-- This site is optimized with the Yoast SEO Premium plugin v24.5 (Yoast SEO v26.6) - https:\/\/yoast.com\/wordpress\/plugins\/seo\/ -->\n<title>\u0130thalat \u0130hracat - MTROYAL<\/title>\n<meta name=\"robots\" content=\"index, follow, max-snippet:-1, max-image-preview:large, max-video-preview:-1\" \/>\n<link rel=\"canonical\" href=\"https:\/\/mtroyal.com.tr\/tr\/ithalat-ihracat\/\" \/>\n<meta property=\"og:locale\" content=\"tr_TR\" \/>\n<meta property=\"og:type\" content=\"article\" \/>\n<meta property=\"og:title\" content=\"\u0130thalat \u0130hracat\" \/>\n<meta property=\"og:description\" content=\"[vc_row][vc_column][vc_single_image source=&#8221;external_link&#8221; alignment=&#8221;center&#8221; custom_src=&#8221;https:\/\/mtroyal.com.tr\/tr\/files\/7-23\/%C4%B0thalat%20Ve%20%C4%B0hracat%20%C5%9Eirketi.jpg&#8221;][vc_column_text]Ekonominin geli\u015fme g\u00f6stermesindeki en \u00f6nemli olgu ku\u015fkusuz ticarettir. ...\" \/>\n<meta property=\"og:url\" content=\"https:\/\/mtroyal.com.tr\/tr\/ithalat-ihracat\/\" \/>\n<meta property=\"og:site_name\" content=\"MTROYAL\" \/>\n<meta property=\"article:modified_time\" content=\"2023-12-04T21:03:16+00:00\" \/>\n<meta name=\"twitter:card\" content=\"summary_large_image\" \/>\n<script type=\"application\/ld+json\" class=\"yoast-schema-graph\">{\"@context\":\"https:\/\/schema.org\",\"@graph\":[{\"@type\":\"WebPage\",\"@id\":\"https:\/\/mtroyal.com.tr\/tr\/ithalat-ihracat\/\",\"url\":\"https:\/\/mtroyal.com.tr\/tr\/ithalat-ihracat\/\",\"name\":\"\u0130thalat \u0130hracat - MTROYAL\",\"isPartOf\":{\"@id\":\"https:\/\/mtroyal.com.tr\/tr\/#website\"},\"datePublished\":\"2019-09-18T09:50:35+00:00\",\"dateModified\":\"2023-12-04T21:03:16+00:00\",\"breadcrumb\":{\"@id\":\"https:\/\/mtroyal.com.tr\/tr\/ithalat-ihracat\/#breadcrumb\"},\"inLanguage\":\"tr\",\"potentialAction\":[{\"@type\":\"ReadAction\",\"target\":[\"https:\/\/mtroyal.com.tr\/tr\/ithalat-ihracat\/\"]}]},{\"@type\":\"BreadcrumbList\",\"@id\":\"https:\/\/mtroyal.com.tr\/tr\/ithalat-ihracat\/#breadcrumb\",\"itemListElement\":[{\"@type\":\"ListItem\",\"position\":1,\"name\":\"Home\",\"item\":\"https:\/\/mtroyal.com.tr\/tr\/\"},{\"@type\":\"ListItem\",\"position\":2,\"name\":\"\u0130thalat \u0130hracat\"}]},{\"@type\":\"WebSite\",\"@id\":\"https:\/\/mtroyal.com.tr\/tr\/#website\",\"url\":\"https:\/\/mtroyal.com.tr\/tr\/\",\"name\":\"MTROYAL\",\"description\":\"\",\"publisher\":{\"@id\":\"https:\/\/mtroyal.com.tr\/tr\/#organization\"},\"potentialAction\":[{\"@type\":\"SearchAction\",\"target\":{\"@type\":\"EntryPoint\",\"urlTemplate\":\"https:\/\/mtroyal.com.tr\/tr\/?s={search_term_string}\"},\"query-input\":{\"@type\":\"PropertyValueSpecification\",\"valueRequired\":true,\"valueName\":\"search_term_string\"}}],\"inLanguage\":\"tr\"},{\"@type\":\"Organization\",\"@id\":\"https:\/\/mtroyal.com.tr\/tr\/#organization\",\"name\":\"MTROYAL\",\"url\":\"https:\/\/mtroyal.com.tr\/tr\/\",\"logo\":{\"@type\":\"ImageObject\",\"inLanguage\":\"tr\",\"@id\":\"https:\/\/mtroyal.com.tr\/tr\/#\/schema\/logo\/image\/\",\"url\":\"https:\/\/mtroyal.com.tr\/tr\/wp-content\/uploads\/2023\/12\/mt-logo.png\",\"contentUrl\":\"https:\/\/mtroyal.com.tr\/tr\/wp-content\/uploads\/2023\/12\/mt-logo.png\",\"width\":313,\"height\":261,\"caption\":\"MTROYAL\"},\"image\":{\"@id\":\"https:\/\/mtroyal.com.tr\/tr\/#\/schema\/logo\/image\/\"}},false]}<\/script>\n<!-- \/ Yoast SEO Premium plugin. -->","yoast_head_json":{"title":"\u0130thalat \u0130hracat - MTROYAL","robots":{"index":"index","follow":"follow","max-snippet":"max-snippet:-1","max-image-preview":"max-image-preview:large","max-video-preview":"max-video-preview:-1"},"canonical":"https:\/\/mtroyal.com.tr\/tr\/ithalat-ihracat\/","og_locale":"tr_TR","og_type":"article","og_title":"\u0130thalat \u0130hracat","og_description":"[vc_row][vc_column][vc_single_image source=&#8221;external_link&#8221; alignment=&#8221;center&#8221; custom_src=&#8221;https:\/\/mtroyal.com.tr\/tr\/files\/7-23\/%C4%B0thalat%20Ve%20%C4%B0hracat%20%C5%9Eirketi.jpg&#8221;][vc_column_text]Ekonominin geli\u015fme g\u00f6stermesindeki en \u00f6nemli olgu ku\u015fkusuz ticarettir. ...","og_url":"https:\/\/mtroyal.com.tr\/tr\/ithalat-ihracat\/","og_site_name":"MTROYAL","article_modified_time":"2023-12-04T21:03:16+00:00","twitter_card":"summary_large_image","schema":{"@context":"https:\/\/schema.org","@graph":[{"@type":"WebPage","@id":"https:\/\/mtroyal.com.tr\/tr\/ithalat-ihracat\/","url":"https:\/\/mtroyal.com.tr\/tr\/ithalat-ihracat\/","name":"\u0130thalat \u0130hracat - MTROYAL","isPartOf":{"@id":"https:\/\/mtroyal.com.tr\/tr\/#website"},"datePublished":"2019-09-18T09:50:35+00:00","dateModified":"2023-12-04T21:03:16+00:00","breadcrumb":{"@id":"https:\/\/mtroyal.com.tr\/tr\/ithalat-ihracat\/#breadcrumb"},"inLanguage":"tr","potentialAction":[{"@type":"ReadAction","target":["https:\/\/mtroyal.com.tr\/tr\/ithalat-ihracat\/"]}]},{"@type":"BreadcrumbList","@id":"https:\/\/mtroyal.com.tr\/tr\/ithalat-ihracat\/#breadcrumb","itemListElement":[{"@type":"ListItem","position":1,"name":"Home","item":"https:\/\/mtroyal.com.tr\/tr\/"},{"@type":"ListItem","position":2,"name":"\u0130thalat \u0130hracat"}]},{"@type":"WebSite","@id":"https:\/\/mtroyal.com.tr\/tr\/#website","url":"https:\/\/mtroyal.com.tr\/tr\/","name":"MTROYAL","description":"","publisher":{"@id":"https:\/\/mtroyal.com.tr\/tr\/#organization"},"potentialAction":[{"@type":"SearchAction","target":{"@type":"EntryPoint","urlTemplate":"https:\/\/mtroyal.com.tr\/tr\/?s={search_term_string}"},"query-input":{"@type":"PropertyValueSpecification","valueRequired":true,"valueName":"search_term_string"}}],"inLanguage":"tr"},{"@type":"Organization","@id":"https:\/\/mtroyal.com.tr\/tr\/#organization","name":"MTROYAL","url":"https:\/\/mtroyal.com.tr\/tr\/","logo":{"@type":"ImageObject","inLanguage":"tr","@id":"https:\/\/mtroyal.com.tr\/tr\/#\/schema\/logo\/image\/","url":"https:\/\/mtroyal.com.tr\/tr\/wp-content\/uploads\/2023\/12\/mt-logo.png","contentUrl":"https:\/\/mtroyal.com.tr\/tr\/wp-content\/uploads\/2023\/12\/mt-logo.png","width":313,"height":261,"caption":"MTROYAL"},"image":{"@id":"https:\/\/mtroyal.com.tr\/tr\/#\/schema\/logo\/image\/"}},false]}},"yasr_visitor_votes":{"stars_attributes":{"read_only":false,"span_bottom":false},"number_of_votes":0,"sum_votes":0},"_links":{"self":[{"href":"https:\/\/mtroyal.com.tr\/tr\/wp-json\/wp\/v2\/pages\/2554","targetHints":{"allow":["GET"]}}],"collection":[{"href":"https:\/\/mtroyal.com.tr\/tr\/wp-json\/wp\/v2\/pages"}],"about":[{"href":"https:\/\/mtroyal.com.tr\/tr\/wp-json\/wp\/v2\/types\/page"}],"author":[{"embeddable":true,"href":"https:\/\/mtroyal.com.tr\/tr\/wp-json\/wp\/v2\/users\/1"}],"replies":[{"embeddable":true,"href":"https:\/\/mtroyal.com.tr\/tr\/wp-json\/wp\/v2\/comments?post=2554"}],"version-history":[{"count":0,"href":"https:\/\/mtroyal.com.tr\/tr\/wp-json\/wp\/v2\/pages\/2554\/revisions"}],"wp:attachment":[{"href":"https:\/\/mtroyal.com.tr\/tr\/wp-json\/wp\/v2\/media?parent=2554"}],"curies":[{"name":"wp","href":"https:\/\/api.w.org\/{rel}","templated":true}]}}