{"id":2557,"date":"2019-09-18T09:51:06","date_gmt":"2019-09-18T09:51:06","guid":{"rendered":"https:\/\/mtroyal.com.tr\/tr\/?page_id=2557"},"modified":"2019-10-07T09:41:04","modified_gmt":"2019-10-07T09:41:04","slug":"sektor-ve-urun-incelemesi","status":"publish","type":"page","link":"https:\/\/mtroyal.com.tr\/tr\/sektor-ve-urun-incelemesi\/","title":{"rendered":"Sekt\u00f6r ve \u00dcr\u00fcn incelemesi"},"content":{"rendered":"<p>[vc_row][vc_column][vc_column_text]<\/p>\n<h1 class=\"title\" style=\"text-align: center;\">Sekt\u00f6r ve \u00dcr\u00fcn incelemesi<\/h1>\n<p>[\/vc_column_text][\/vc_column][\/vc_row][vc_row][vc_column width=&#8221;1\/3&#8243;][vc_single_image image=&#8221;2740&#8243; img_size=&#8221;600&#215;500&#8243; alignment=&#8221;center&#8221; style=&#8221;vc_box_outline&#8221;][vc_column_text]<\/p>\n<p style=\"text-align: center;\">MTroyal<\/p>\n<p>[\/vc_column_text][\/vc_column][vc_column width=&#8221;1\/3&#8243;][vc_single_image image=&#8221;2739&#8243; img_size=&#8221;600&#215;500&#8243; alignment=&#8221;center&#8221; style=&#8221;vc_box_outline&#8221;][vc_column_text]<\/p>\n<p style=\"text-align: center;\">MTroyal<\/p>\n<p>[\/vc_column_text][\/vc_column][vc_column width=&#8221;1\/3&#8243;][vc_single_image image=&#8221;2741&#8243; img_size=&#8221;600&#215;500&#8243; alignment=&#8221;center&#8221; style=&#8221;vc_box_outline&#8221;][vc_column_text]<\/p>\n<p style=\"text-align: center;\">MTroyal<\/p>\n<p>[\/vc_column_text][\/vc_column][\/vc_row][vc_row][vc_column][vc_column_text]<\/p>\n<p style=\"text-align: center;\">MTroyal<\/p>\n<p>[\/vc_column_text][\/vc_column][\/vc_row][vc_row][vc_column][vc_separator color=&#8221;blue&#8221; border_width=&#8221;3&#8243;][\/vc_column][\/vc_row][vc_row][vc_column width=&#8221;1\/3&#8243;][vc_custom_heading text=&#8221;G\u00fcvenilir Tedarik\u00e7i&#8221; font_container=&#8221;tag:h3|text_align:left&#8221; use_theme_fonts=&#8221;yes&#8221; css=&#8221;.vc_custom_1569855430921{margin-top: 0px !important;}&#8221;][vc_column_text css=&#8221;.vc_custom_1569855459586{margin-bottom: 15px !important;}&#8221;]<\/p>\n<p style=\"text-align: left;\"><span style=\"color: #000000;\">Arad\u0131\u011f\u0131n\u0131z \u00fcr\u00fcn veya hizmetler i\u00e7in en uygun tedarik\u00e7ileri buluyoruz. \u0130\u015f \u00e7evremiz, T\u00fcrkiye Odalar ve Borsalar Birli\u011fi, T\u00fcrk Sanayicileri ve \u0130\u015fadamlar\u0131 Derne\u011fi ve Ticaret Bakanl\u0131\u011f\u0131\u2019n\u0131n dizinlerini kapsamaktad\u0131r<\/span><\/p>\n<p>[\/vc_column_text][\/vc_column][vc_column width=&#8221;1\/3&#8243;][vc_custom_heading text=&#8221;Y\u00fcksek Kaliteli \u00dcr\u00fcnler&#8221; font_container=&#8221;tag:h3|text_align:left&#8221; use_theme_fonts=&#8221;yes&#8221; css=&#8221;.vc_custom_1569855479989{margin-top: 0px !important;}&#8221;][vc_column_text css=&#8221;.vc_custom_1569855505542{margin-bottom: 15px !important;}&#8221;]<\/p>\n<p style=\"text-align: left;\"><span style=\"color: #000000;\">\u00dcr\u00fcn Kalitesi, uluslararas\u0131 ticaretin \u00f6nemli y\u00f6nlerinden biridir. \u00dcr\u00fcn ve sekt\u00f6r ara\u015ft\u0131rmam\u0131z, i\u015fletmenizin al\u0131m yapmadan \u00f6nce \u00fcr\u00fcn\u00fcn kalitesini g\u00f6rmesine yard\u0131mc\u0131 olur. Muhtemel \u00fcr\u00fcnleri analiz edip test ediyoruz ve istenirse size muayene i\u00e7in \u00f6rnek \u00fcr\u00fcnler g\u00f6nderiyoruz.<\/span><\/p>\n<p>[\/vc_column_text][\/vc_column][vc_column width=&#8221;1\/3&#8243;][vc_column_text]<\/p>\n<div dir=\"ltr\">\n<h3><b>Hammadde mevcutlu\u011fu ve temin edilmesi <\/b><span style=\"color: #000000;\"><b>:<\/b><\/span><\/h3>\n<div><span style=\"color: #000000;\">Neredeyse sekt\u00f6rlerin piyasada kalmas\u0131 i\u00e7in ve hayat\u0131na devam etmek i\u00e7in en \u00f6nemli unsur hammadde bulunabilirli\u011fidir o y\u00fczden temin edilmesi i\u00e7in \u00e7ok n\u00fcy\u00fck \u00e7abalar sarf edilir. G\u00fcn\u00fcm\u00fczde azalan baz\u0131 hammaddeler baz\u0131 sekt\u00f6rleri \u00e7ok b\u00fcy\u00fck etkilemekte olup ve onlar\u0131n kar ve yat\u0131r\u0131mlar\u0131n\u0131n d\u00fc\u015fmesine sebep olmaktad\u0131r. \u00c7o\u011fu zaman planlanmam\u0131\u015f bir sonu da getirebilir.<\/span><\/div>\n<\/div>\n<p>[\/vc_column_text][\/vc_column][\/vc_row][vc_row][vc_column width=&#8221;1\/3&#8243;][vc_custom_heading text=&#8221;Rekabet\u00e7i Fiyatlar&#8221; font_container=&#8221;tag:h3|text_align:left&#8221; use_theme_fonts=&#8221;yes&#8221; css=&#8221;.vc_custom_1569855521387{margin-top: 0px !important;}&#8221;][vc_column_text css=&#8221;.vc_custom_1569855555772{margin-bottom: 15px !important;}&#8221;]<\/p>\n<p style=\"text-align: left;\"><span style=\"color: #000000;\">Mtroyal Ticaret \u015eirketi, tedarik\u00e7i firmalar\u0131n oldu\u011fu geni\u015f bir i\u015f a\u011f\u0131na sahiptir. T\u00fcm \u00fcr\u00fcn fiyatlar\u0131n\u0131n rekabet\u00e7i ve uygun olmas\u0131n\u0131 sa\u011fl\u0131yoruz. Nihai \u00fcr\u00fcn ve sekt\u00f6r raporumuzda, ilgili maliyetler ve faydalar ile size birden fazla tedarik\u00e7i alternatifi sunuyoruz.<\/span><\/p>\n<p>[\/vc_column_text][\/vc_column][vc_column width=&#8221;1\/3&#8243;][vc_custom_heading text=&#8221;\u0130li\u015fki Y\u00f6netimi<br \/>\n&#8221; font_container=&#8221;tag:h3|text_align:left&#8221; use_theme_fonts=&#8221;yes&#8221; css=&#8221;.vc_custom_1569855585106{margin-top: 0px !important;}&#8221;][vc_column_text css=&#8221;.vc_custom_1569855617476{margin-bottom: 15px !important;}&#8221;]<\/p>\n<p style=\"text-align: left;\"><span style=\"color: #000000;\">Tedarik\u00e7i performans\u0131n\u0131n d\u00fczenli aral\u0131klarla g\u00f6zden ge\u00e7irilmesi, \u015firketinizin iyile\u015ftirilmesi gereken alanlar\u0131 tespit etmesine yard\u0131mc\u0131 olur. \u0130\u015fletmeniz i\u00e7in en iyi fiyat, kalite ve teslimat se\u00e7eneklerini al\u0131p almad\u0131\u011f\u0131n\u0131z\u0131 d\u00fczenli olarak kontrol ederiz. Tedarik\u00e7i de\u011fi\u015ftirmeniz durumunda, i\u015f aksamalar\u0131n\u0131 en aza indirmek i\u00e7in acil durum planlar\u0131 \u00fczerinde \u00e7al\u0131\u015f\u0131yoruz.<\/span><\/p>\n<p>[\/vc_column_text][\/vc_column][vc_column width=&#8221;1\/3&#8243;][vc_custom_heading text=&#8221;Sekt\u00f6r Kapsam\u0131m\u0131z<br \/>\n&#8221; font_container=&#8221;tag:h3|text_align:left&#8221; use_theme_fonts=&#8221;yes&#8221; css=&#8221;.vc_custom_1569855682728{margin-top: 0px !important;}&#8221;][vc_column_text css=&#8221;.vc_custom_1569855705427{margin-bottom: 15px !important;}&#8221;]<\/p>\n<p style=\"text-align: left;\"><span style=\"color: #000000;\">En son sekt\u00f6r bilgilerini d\u00fcnya \u00e7ap\u0131ndaki ticaret profesyonelleri a\u011f\u0131m\u0131zdan alabilirsiniz. Sekt\u00f6r k\u0131r\u0131l\u0131m\u0131m\u0131z a\u015fa\u011f\u0131daki ana sekt\u00f6rleri i\u00e7erir: Enerji, Sa\u011fl\u0131k, Altyap\u0131, Teknoloji, Tar\u0131m ve Perakende.<br \/>\n<\/span><\/p>\n<p>[\/vc_column_text][\/vc_column][\/vc_row][vc_row][vc_column][vc_separator][\/vc_column][\/vc_row]<\/p>\n<div style='text-align:center' class='yasr-auto-insert-visitor'><\/div>","protected":false},"excerpt":{"rendered":"<p>[vc_row][vc_column][vc_column_text] Sekt\u00f6r ve \u00dcr\u00fcn incelemesi [\/vc_column_text][\/vc_column][\/vc_row][vc_row][vc_column width=&#8221;1\/3&#8243;][vc_single_image image=&#8221;2740&#8243; img_size=&#8221;600&#215;500&#8243; alignment=&#8221;center&#8221; style=&#8221;vc_box_outline&#8221;][vc_column_text] &#8230; <\/p>\n","protected":false},"author":1,"featured_media":0,"parent":0,"menu_order":0,"comment_status":"closed","ping_status":"closed","template":"","meta":{"yasr_overall_rating":0,"yasr_post_is_review":"","yasr_auto_insert_disabled":"","yasr_review_type":"","footnotes":""},"class_list":["post-2557","page","type-page","status-publish","hentry"],"yoast_head":"<!-- This site is optimized with the Yoast SEO Premium plugin v24.5 (Yoast SEO v26.6) - https:\/\/yoast.com\/wordpress\/plugins\/seo\/ -->\n<title>Sekt\u00f6r ve \u00dcr\u00fcn incelemesi - MTROYAL<\/title>\n<meta name=\"robots\" content=\"index, follow, max-snippet:-1, max-image-preview:large, max-video-preview:-1\" \/>\n<link rel=\"canonical\" href=\"https:\/\/mtroyal.com.tr\/tr\/sektor-ve-urun-incelemesi\/\" \/>\n<meta property=\"og:locale\" content=\"tr_TR\" \/>\n<meta property=\"og:type\" content=\"article\" \/>\n<meta property=\"og:title\" content=\"Sekt\u00f6r ve \u00dcr\u00fcn incelemesi\" \/>\n<meta property=\"og:description\" content=\"[vc_row][vc_column][vc_column_text] Sekt\u00f6r ve \u00dcr\u00fcn incelemesi [\/vc_column_text][\/vc_column][\/vc_row][vc_row][vc_column width=&#8221;1\/3&#8243;][vc_single_image image=&#8221;2740&#8243; img_size=&#8221;600&#215;500&#8243; alignment=&#8221;center&#8221; style=&#8221;vc_box_outline&#8221;][vc_column_text] ...\" \/>\n<meta property=\"og:url\" content=\"https:\/\/mtroyal.com.tr\/tr\/sektor-ve-urun-incelemesi\/\" \/>\n<meta property=\"og:site_name\" content=\"MTROYAL\" \/>\n<meta property=\"article:modified_time\" content=\"2019-10-07T09:41:04+00:00\" \/>\n<meta name=\"twitter:card\" content=\"summary_large_image\" \/>\n<script type=\"application\/ld+json\" class=\"yoast-schema-graph\">{\"@context\":\"https:\/\/schema.org\",\"@graph\":[{\"@type\":\"WebPage\",\"@id\":\"https:\/\/mtroyal.com.tr\/tr\/sektor-ve-urun-incelemesi\/\",\"url\":\"https:\/\/mtroyal.com.tr\/tr\/sektor-ve-urun-incelemesi\/\",\"name\":\"Sekt\u00f6r ve \u00dcr\u00fcn incelemesi - MTROYAL\",\"isPartOf\":{\"@id\":\"https:\/\/mtroyal.com.tr\/tr\/#website\"},\"datePublished\":\"2019-09-18T09:51:06+00:00\",\"dateModified\":\"2019-10-07T09:41:04+00:00\",\"breadcrumb\":{\"@id\":\"https:\/\/mtroyal.com.tr\/tr\/sektor-ve-urun-incelemesi\/#breadcrumb\"},\"inLanguage\":\"tr\",\"potentialAction\":[{\"@type\":\"ReadAction\",\"target\":[\"https:\/\/mtroyal.com.tr\/tr\/sektor-ve-urun-incelemesi\/\"]}]},{\"@type\":\"BreadcrumbList\",\"@id\":\"https:\/\/mtroyal.com.tr\/tr\/sektor-ve-urun-incelemesi\/#breadcrumb\",\"itemListElement\":[{\"@type\":\"ListItem\",\"position\":1,\"name\":\"Home\",\"item\":\"https:\/\/mtroyal.com.tr\/tr\/\"},{\"@type\":\"ListItem\",\"position\":2,\"name\":\"Sekt\u00f6r ve \u00dcr\u00fcn incelemesi\"}]},{\"@type\":\"WebSite\",\"@id\":\"https:\/\/mtroyal.com.tr\/tr\/#website\",\"url\":\"https:\/\/mtroyal.com.tr\/tr\/\",\"name\":\"MTROYAL\",\"description\":\"\",\"publisher\":{\"@id\":\"https:\/\/mtroyal.com.tr\/tr\/#organization\"},\"potentialAction\":[{\"@type\":\"SearchAction\",\"target\":{\"@type\":\"EntryPoint\",\"urlTemplate\":\"https:\/\/mtroyal.com.tr\/tr\/?s={search_term_string}\"},\"query-input\":{\"@type\":\"PropertyValueSpecification\",\"valueRequired\":true,\"valueName\":\"search_term_string\"}}],\"inLanguage\":\"tr\"},{\"@type\":\"Organization\",\"@id\":\"https:\/\/mtroyal.com.tr\/tr\/#organization\",\"name\":\"MTROYAL\",\"url\":\"https:\/\/mtroyal.com.tr\/tr\/\",\"logo\":{\"@type\":\"ImageObject\",\"inLanguage\":\"tr\",\"@id\":\"https:\/\/mtroyal.com.tr\/tr\/#\/schema\/logo\/image\/\",\"url\":\"https:\/\/mtroyal.com.tr\/tr\/wp-content\/uploads\/2023\/12\/mt-logo.png\",\"contentUrl\":\"https:\/\/mtroyal.com.tr\/tr\/wp-content\/uploads\/2023\/12\/mt-logo.png\",\"width\":313,\"height\":261,\"caption\":\"MTROYAL\"},\"image\":{\"@id\":\"https:\/\/mtroyal.com.tr\/tr\/#\/schema\/logo\/image\/\"}},false]}<\/script>\n<!-- \/ Yoast SEO Premium plugin. -->","yoast_head_json":{"title":"Sekt\u00f6r ve \u00dcr\u00fcn incelemesi - MTROYAL","robots":{"index":"index","follow":"follow","max-snippet":"max-snippet:-1","max-image-preview":"max-image-preview:large","max-video-preview":"max-video-preview:-1"},"canonical":"https:\/\/mtroyal.com.tr\/tr\/sektor-ve-urun-incelemesi\/","og_locale":"tr_TR","og_type":"article","og_title":"Sekt\u00f6r ve \u00dcr\u00fcn incelemesi","og_description":"[vc_row][vc_column][vc_column_text] Sekt\u00f6r ve \u00dcr\u00fcn incelemesi [\/vc_column_text][\/vc_column][\/vc_row][vc_row][vc_column width=&#8221;1\/3&#8243;][vc_single_image image=&#8221;2740&#8243; img_size=&#8221;600&#215;500&#8243; alignment=&#8221;center&#8221; style=&#8221;vc_box_outline&#8221;][vc_column_text] ...","og_url":"https:\/\/mtroyal.com.tr\/tr\/sektor-ve-urun-incelemesi\/","og_site_name":"MTROYAL","article_modified_time":"2019-10-07T09:41:04+00:00","twitter_card":"summary_large_image","schema":{"@context":"https:\/\/schema.org","@graph":[{"@type":"WebPage","@id":"https:\/\/mtroyal.com.tr\/tr\/sektor-ve-urun-incelemesi\/","url":"https:\/\/mtroyal.com.tr\/tr\/sektor-ve-urun-incelemesi\/","name":"Sekt\u00f6r ve \u00dcr\u00fcn incelemesi - MTROYAL","isPartOf":{"@id":"https:\/\/mtroyal.com.tr\/tr\/#website"},"datePublished":"2019-09-18T09:51:06+00:00","dateModified":"2019-10-07T09:41:04+00:00","breadcrumb":{"@id":"https:\/\/mtroyal.com.tr\/tr\/sektor-ve-urun-incelemesi\/#breadcrumb"},"inLanguage":"tr","potentialAction":[{"@type":"ReadAction","target":["https:\/\/mtroyal.com.tr\/tr\/sektor-ve-urun-incelemesi\/"]}]},{"@type":"BreadcrumbList","@id":"https:\/\/mtroyal.com.tr\/tr\/sektor-ve-urun-incelemesi\/#breadcrumb","itemListElement":[{"@type":"ListItem","position":1,"name":"Home","item":"https:\/\/mtroyal.com.tr\/tr\/"},{"@type":"ListItem","position":2,"name":"Sekt\u00f6r ve \u00dcr\u00fcn incelemesi"}]},{"@type":"WebSite","@id":"https:\/\/mtroyal.com.tr\/tr\/#website","url":"https:\/\/mtroyal.com.tr\/tr\/","name":"MTROYAL","description":"","publisher":{"@id":"https:\/\/mtroyal.com.tr\/tr\/#organization"},"potentialAction":[{"@type":"SearchAction","target":{"@type":"EntryPoint","urlTemplate":"https:\/\/mtroyal.com.tr\/tr\/?s={search_term_string}"},"query-input":{"@type":"PropertyValueSpecification","valueRequired":true,"valueName":"search_term_string"}}],"inLanguage":"tr"},{"@type":"Organization","@id":"https:\/\/mtroyal.com.tr\/tr\/#organization","name":"MTROYAL","url":"https:\/\/mtroyal.com.tr\/tr\/","logo":{"@type":"ImageObject","inLanguage":"tr","@id":"https:\/\/mtroyal.com.tr\/tr\/#\/schema\/logo\/image\/","url":"https:\/\/mtroyal.com.tr\/tr\/wp-content\/uploads\/2023\/12\/mt-logo.png","contentUrl":"https:\/\/mtroyal.com.tr\/tr\/wp-content\/uploads\/2023\/12\/mt-logo.png","width":313,"height":261,"caption":"MTROYAL"},"image":{"@id":"https:\/\/mtroyal.com.tr\/tr\/#\/schema\/logo\/image\/"}},false]}},"yasr_visitor_votes":{"stars_attributes":{"read_only":false,"span_bottom":false},"number_of_votes":0,"sum_votes":0},"_links":{"self":[{"href":"https:\/\/mtroyal.com.tr\/tr\/wp-json\/wp\/v2\/pages\/2557","targetHints":{"allow":["GET"]}}],"collection":[{"href":"https:\/\/mtroyal.com.tr\/tr\/wp-json\/wp\/v2\/pages"}],"about":[{"href":"https:\/\/mtroyal.com.tr\/tr\/wp-json\/wp\/v2\/types\/page"}],"author":[{"embeddable":true,"href":"https:\/\/mtroyal.com.tr\/tr\/wp-json\/wp\/v2\/users\/1"}],"replies":[{"embeddable":true,"href":"https:\/\/mtroyal.com.tr\/tr\/wp-json\/wp\/v2\/comments?post=2557"}],"version-history":[{"count":0,"href":"https:\/\/mtroyal.com.tr\/tr\/wp-json\/wp\/v2\/pages\/2557\/revisions"}],"wp:attachment":[{"href":"https:\/\/mtroyal.com.tr\/tr\/wp-json\/wp\/v2\/media?parent=2557"}],"curies":[{"name":"wp","href":"https:\/\/api.w.org\/{rel}","templated":true}]}}