{"id":2564,"date":"2019-09-18T10:19:19","date_gmt":"2019-09-18T10:19:19","guid":{"rendered":"https:\/\/mtroyal.com.tr\/tr\/?page_id=2564"},"modified":"2021-02-10T22:56:51","modified_gmt":"2021-02-10T19:56:51","slug":"danismanlik","status":"publish","type":"page","link":"https:\/\/mtroyal.com.tr\/tr\/danismanlik\/","title":{"rendered":"Dan\u0131\u015fmanl\u0131k"},"content":{"rendered":"<p>[vc_row][vc_column width=&#8221;1\/4&#8243;][vc_column_text]<\/p>\n<h3 style=\"text-align: left;\"><span style=\"color: #000000;\"><b>Ticari Dan\u0131\u015fmanl\u0131k nedir nas\u0131l yap\u0131l\u0131r\u00a0<\/b><\/span><\/h3>\n<div style=\"text-align: left;\"><span style=\"color: #000000;\">\u00f6zel bir alanda yeterince e\u011fitim ve tecr\u00fcbeye sahip ki\u015filerin belirli bir zaman zarf\u0131nda size uygun bir \u015fekilde aktar\u0131lmas\u0131 i\u015fine dan\u0131\u015fmanl\u0131k denir. Burada \u00f6nemli olan ki\u015fi ve ya ki\u015filerin sizin istedi\u011finiz alanda tecr\u00fcbeli ve uzman olmalar\u0131d\u0131r. uzman ki\u015filerin size sundu\u011fu bu bilgiler yeni ve farkl\u0131 bilgiler olmal\u0131d\u0131r ve sizin kurulu\u015fa yeni bir \u015feyler katmal\u0131d\u0131r ve sizi ticaretiniz kapsam\u0131nda daha iyi bir \u015fekilde y\u00f6nlendirmelidir. Ayr\u0131ca dan\u0131\u015fmanl\u0131k tarafs\u0131z olmal\u0131 ve size sunulan bilgiler ve hizmetler di\u011fer firma ve \u015fah\u0131slardan gizli tutulmal\u0131d\u0131r.\u00a0<\/span><\/div>\n<div style=\"text-align: left;\"><\/div>\n<p>[\/vc_column_text][vc_column_text]<\/p>\n<h3 dir=\"ltr\"><span style=\"color: #000000;\"><b>Gayrimenkul Yat\u0131r\u0131m Dan\u0131\u015fmanl\u0131\u011f\u0131\u00a0<\/b><\/span><\/h3>\n<div dir=\"ltr\">\n<div><\/div>\n<div>\n<p><span style=\"color: #000000;\"><b>\u00a0<\/b><\/span><\/p>\n<div><span style=\"color: #000000;\">E\u011fer ikamet etmek haricinde paran\u0131z\u0131 yat\u0131r\u0131m yapmay\u0131 hedefliyorsan\u0131z Emlak sekt\u00f6r\u00fcnde geni\u015f ve kapsaml\u0131 dan\u0131\u015fmanl\u0131k hizmeti sunabiliriz.\u00a0<\/span><\/div>\n<div><span style=\"color: #000000;\">MTROYAL \u015firketi olarak sizin yat\u0131r\u0131m yapmay\u0131 d\u00fc\u015f\u00fcnd\u00fc\u011f\u00fcn\u00fcz mebla\u011fa g\u00f6re ofis ve ya daire al\u0131mlar\u0131nda geli\u015fmekte olan b\u00f6lgelerde sizin i\u00e7in ara\u015ft\u0131rma yap\u0131l\u0131r ve yat\u0131r\u0131m getirisi en y\u00fcksek olan projeler se\u00e7ilir. T\u00fcm pazarl\u0131k, al\u0131m s\u00fcrecinin tamamlanmas\u0131nda sizin yan\u0131n\u0131zda olup ve t\u00fcm organizasyon hizmetlerini sa\u011fl\u0131yoruz.\u00a0<\/span><\/div>\n<div><\/div>\n<\/div>\n<\/div>\n<p>[\/vc_column_text][\/vc_column][vc_column width=&#8221;1\/2&#8243;][vc_single_image image=&#8221;3541&#8243; img_size=&#8221;500&#215;800&#8243; alignment=&#8221;center&#8221; style=&#8221;vc_box_rounded&#8221;][\/vc_column][vc_column width=&#8221;1\/4&#8243;][vc_column_text]<\/p>\n<h3 style=\"text-align: left;\"><span style=\"color: #000000;\"><b>MTROYAL da Dan\u0131\u015fmanl\u0131k Hizmeti<\/b><\/span><\/h3>\n<div><\/div>\n<div style=\"text-align: left;\"><span style=\"color: #000000;\">Uzun y\u0131llard\u0131r d\u0131\u015f ticaret alan\u0131nda faaliyet g\u00f6steren firmam\u0131z orta do\u011fu \u00fclkelerde Azerbaycan, Irak ve Birle\u015fik Arap \u00dclkelerde ve \u00c7in, Malezya gibi uzak do\u011fu \u00fclkelerle ticaret yapmaktad\u0131r. MTROYAL firmas\u0131 olarak size ticaretiniz de daha iyi bir \u015fekilde yard\u0131mc\u0131 olmaktan mutluluk duyar\u0131z.\u00a0<\/span><\/div>\n<p>[\/vc_column_text][vc_column_text]<\/p>\n<h3 style=\"text-align: left;\"><span style=\"color: #000000;\"><b>Ortado\u011fu da yat\u0131r\u0131m yapmay\u0131 d\u00fc\u015f\u00fcn\u00fcyor musunuz\u00a0<\/b><\/span><\/h3>\n<div style=\"text-align: left;\"><span style=\"color: #000000;\"><b>\u00a0<\/b><\/span><\/div>\n<div style=\"text-align: left;\"><span style=\"color: #000000;\">Bizim \u015firketimiz 2000 y\u0131llar\u0131ndan itibaren da G\u0131da ve \u0130n\u015faat sekt\u00f6r\u00fcnde \u00e7ok yat\u0131r\u0131mlar yapm\u0131\u015f ve bu alanda yeterince bilgi ve tecr\u00fcbeye sahip oldu\u011fu i\u00e7in size bu konuda daha iyi bir dan\u0131\u015fmanl\u0131k hizmeti yapabiliriz.<\/span><\/div>\n<div style=\"text-align: left;\"><\/div>\n<p>[\/vc_column_text][\/vc_column][\/vc_row][vc_row][vc_column][vc_column_text]<\/p>\n<p style=\"text-align: center;\">\u00a0MTroyal<\/p>\n<p>[\/vc_column_text][vc_column_text]<\/p>\n<h2 style=\"text-align: center;\"><span style=\"color: #000000;\"><b>\u0130hracat Dan\u0131\u015fmanl\u0131\u011f\u0131<\/b><\/span><\/h2>\n<h4 style=\"text-align: left;\"><span style=\"color: #000000;\">E\u011fer \u00fcretici bir firma olarak ihracat yapmay\u0131 planl\u0131yorsan\u0131z size bu s\u00fcre\u00e7te yard\u0131mc\u0131 olabiliriz<\/span><\/h4>\n<h5 style=\"text-align: left;\"><span style=\"color: #0000ff;\">\u0130\u015fletme altyap\u0131s\u0131n\u0131n olu\u015fturulmas\u0131<\/span><\/h5>\n<p style=\"text-align: left;\"><span style=\"color: #000000;\">Bu s\u00fcre\u00e7te ihracat departman\u0131m\u0131z\u0131n sizin i\u015fletme i\u00e7in gerekli altyap\u0131n\u0131n haz\u0131rlanmas\u0131 ve evraklar\u0131n d\u00fczenlenmesi ve insan kayna\u011f\u0131n\u0131n sa\u011flanmas\u0131 ile ba\u015flan\u0131r<\/span><\/p>\n<h5 style=\"text-align: left;\"><span style=\"color: #0000ff;\">\u00dcr\u00fcn y\u00f6netimi<\/span><\/h5>\n<p style=\"text-align: left;\"><span style=\"color: #000000;\">\u0130hracat\u0131n\u0131 yapmay\u0131 hedefledi\u011finiz \u00fcr\u00fcn\u00fcn haz\u0131rlanmas\u0131 s\u00fcrecidir. bu s\u00fcre\u00e7 3.madde ile birlikte y\u00f6netilir<\/span><\/p>\n<h5 style=\"text-align: left;\"><span style=\"color: #0000ff;\">Piyasay\u0131 ara\u015ft\u0131rma ve rekabetin analizini yapmak<\/span><\/h5>\n<p style=\"text-align: left;\"><span style=\"color: #000000;\">Bu \u00fcr\u00fcnle ilgili yeterince ara\u015ft\u0131r\u0131lmal\u0131. bunlar m\u00fc\u015fteri profili, hedef pazarlar\u0131n\u0131n belirlenmesidir. Bu a\u015famada ihracat yapmay\u0131 d\u00fc\u015f\u00fcnd\u00fc\u011f\u00fcm\u00fcz \u00fclkeler ara\u015ft\u0131r\u0131l\u0131r, rakipler incelenir ve ticaretimiz netlik kazand\u0131r\u0131l\u0131r<\/span><\/p>\n<h5 style=\"text-align: left;\"><span style=\"color: #0000ff;\">Bu ihracatta yol haritam\u0131z belirlenir<\/span><\/h5>\n<p style=\"text-align: left;\"><span style=\"color: #000000;\">Bu s\u00fcre\u00e7te ihracat\u0131 yapmay\u0131 hedefledi\u011fimiz \u00fcr\u00fcnler ihracata uygun hale gelir ve hedeflenen piyasaya giri\u015f kanallar\u0131 haz\u0131rlan\u0131r<\/span><\/p>\n<h5 style=\"text-align: left;\"><span style=\"color: #0000ff;\">pazara giri\u015f<\/span><\/h5>\n<p style=\"text-align: left;\"><span style=\"color: #000000;\">Bu a\u015famada \u00fcr\u00fcnler piyasaya giri\u015f yapar ve ihracat destekleri g\u00f6z \u00f6nunde bulunarak pazarlama b\u00fct\u00e7esi belirlenir<\/span><\/p>\n<h3 style=\"text-align: center;\"><span style=\"color: #000000;\"><a href=\"https:\/\/mtroyal.com.tr\">MTROYAL<\/a> olarak t\u00fcm bu s\u00fcre\u00e7te size dan\u0131\u015fmanl\u0131k hizmeti sa\u011flayabiliriz. bizim i\u00e7in m\u00fc\u015fteri memnuniyeti en \u00f6nemli hedefimizdir<\/span><\/h3>\n<p>&nbsp;<\/p>\n<h5><\/h5>\n<h5><\/h5>\n<h5 style=\"text-align: left;\"><\/h5>\n<h2 style=\"text-align: center;\"><span style=\"color: #000000;\"><b>\u00a0<\/b><\/span><\/h2>\n<p>[\/vc_column_text][\/vc_column][\/vc_row]<\/p>\n<div style='text-align:center' class='yasr-auto-insert-visitor'><\/div>","protected":false},"excerpt":{"rendered":"<p>[vc_row][vc_column width=&#8221;1\/4&#8243;][vc_column_text] Ticari Dan\u0131\u015fmanl\u0131k nedir nas\u0131l yap\u0131l\u0131r\u00a0 \u00f6zel bir alanda yeterince &#8230; <\/p>\n","protected":false},"author":1,"featured_media":0,"parent":0,"menu_order":0,"comment_status":"closed","ping_status":"closed","template":"","meta":{"yasr_overall_rating":0,"yasr_post_is_review":"","yasr_auto_insert_disabled":"","yasr_review_type":"","footnotes":""},"class_list":["post-2564","page","type-page","status-publish","hentry"],"yoast_head":"<!-- This site is optimized with the Yoast SEO Premium plugin v24.5 (Yoast SEO v26.6) - https:\/\/yoast.com\/wordpress\/plugins\/seo\/ -->\n<title>Dan\u0131\u015fmanl\u0131k - MTROYAL<\/title>\n<meta name=\"robots\" content=\"index, follow, max-snippet:-1, max-image-preview:large, max-video-preview:-1\" \/>\n<link rel=\"canonical\" href=\"https:\/\/mtroyal.com.tr\/tr\/danismanlik\/\" \/>\n<meta property=\"og:locale\" content=\"tr_TR\" \/>\n<meta property=\"og:type\" content=\"article\" \/>\n<meta property=\"og:title\" content=\"Dan\u0131\u015fmanl\u0131k\" \/>\n<meta property=\"og:description\" content=\"[vc_row][vc_column width=&#8221;1\/4&#8243;][vc_column_text] Ticari Dan\u0131\u015fmanl\u0131k nedir nas\u0131l yap\u0131l\u0131r\u00a0 \u00f6zel bir alanda yeterince ...\" \/>\n<meta property=\"og:url\" content=\"https:\/\/mtroyal.com.tr\/tr\/danismanlik\/\" \/>\n<meta property=\"og:site_name\" content=\"MTROYAL\" \/>\n<meta property=\"article:modified_time\" content=\"2021-02-10T19:56:51+00:00\" \/>\n<meta name=\"twitter:card\" content=\"summary_large_image\" \/>\n<script type=\"application\/ld+json\" class=\"yoast-schema-graph\">{\"@context\":\"https:\/\/schema.org\",\"@graph\":[{\"@type\":\"WebPage\",\"@id\":\"https:\/\/mtroyal.com.tr\/tr\/danismanlik\/\",\"url\":\"https:\/\/mtroyal.com.tr\/tr\/danismanlik\/\",\"name\":\"Dan\u0131\u015fmanl\u0131k - MTROYAL\",\"isPartOf\":{\"@id\":\"https:\/\/mtroyal.com.tr\/tr\/#website\"},\"datePublished\":\"2019-09-18T10:19:19+00:00\",\"dateModified\":\"2021-02-10T19:56:51+00:00\",\"breadcrumb\":{\"@id\":\"https:\/\/mtroyal.com.tr\/tr\/danismanlik\/#breadcrumb\"},\"inLanguage\":\"tr\",\"potentialAction\":[{\"@type\":\"ReadAction\",\"target\":[\"https:\/\/mtroyal.com.tr\/tr\/danismanlik\/\"]}]},{\"@type\":\"BreadcrumbList\",\"@id\":\"https:\/\/mtroyal.com.tr\/tr\/danismanlik\/#breadcrumb\",\"itemListElement\":[{\"@type\":\"ListItem\",\"position\":1,\"name\":\"Home\",\"item\":\"https:\/\/mtroyal.com.tr\/tr\/\"},{\"@type\":\"ListItem\",\"position\":2,\"name\":\"Dan\u0131\u015fmanl\u0131k\"}]},{\"@type\":\"WebSite\",\"@id\":\"https:\/\/mtroyal.com.tr\/tr\/#website\",\"url\":\"https:\/\/mtroyal.com.tr\/tr\/\",\"name\":\"MTROYAL\",\"description\":\"\",\"publisher\":{\"@id\":\"https:\/\/mtroyal.com.tr\/tr\/#organization\"},\"potentialAction\":[{\"@type\":\"SearchAction\",\"target\":{\"@type\":\"EntryPoint\",\"urlTemplate\":\"https:\/\/mtroyal.com.tr\/tr\/?s={search_term_string}\"},\"query-input\":{\"@type\":\"PropertyValueSpecification\",\"valueRequired\":true,\"valueName\":\"search_term_string\"}}],\"inLanguage\":\"tr\"},{\"@type\":\"Organization\",\"@id\":\"https:\/\/mtroyal.com.tr\/tr\/#organization\",\"name\":\"MTROYAL\",\"url\":\"https:\/\/mtroyal.com.tr\/tr\/\",\"logo\":{\"@type\":\"ImageObject\",\"inLanguage\":\"tr\",\"@id\":\"https:\/\/mtroyal.com.tr\/tr\/#\/schema\/logo\/image\/\",\"url\":\"https:\/\/mtroyal.com.tr\/tr\/wp-content\/uploads\/2023\/12\/mt-logo.png\",\"contentUrl\":\"https:\/\/mtroyal.com.tr\/tr\/wp-content\/uploads\/2023\/12\/mt-logo.png\",\"width\":313,\"height\":261,\"caption\":\"MTROYAL\"},\"image\":{\"@id\":\"https:\/\/mtroyal.com.tr\/tr\/#\/schema\/logo\/image\/\"}},false]}<\/script>\n<!-- \/ Yoast SEO Premium plugin. -->","yoast_head_json":{"title":"Dan\u0131\u015fmanl\u0131k - MTROYAL","robots":{"index":"index","follow":"follow","max-snippet":"max-snippet:-1","max-image-preview":"max-image-preview:large","max-video-preview":"max-video-preview:-1"},"canonical":"https:\/\/mtroyal.com.tr\/tr\/danismanlik\/","og_locale":"tr_TR","og_type":"article","og_title":"Dan\u0131\u015fmanl\u0131k","og_description":"[vc_row][vc_column width=&#8221;1\/4&#8243;][vc_column_text] Ticari Dan\u0131\u015fmanl\u0131k nedir nas\u0131l yap\u0131l\u0131r\u00a0 \u00f6zel bir alanda yeterince ...","og_url":"https:\/\/mtroyal.com.tr\/tr\/danismanlik\/","og_site_name":"MTROYAL","article_modified_time":"2021-02-10T19:56:51+00:00","twitter_card":"summary_large_image","schema":{"@context":"https:\/\/schema.org","@graph":[{"@type":"WebPage","@id":"https:\/\/mtroyal.com.tr\/tr\/danismanlik\/","url":"https:\/\/mtroyal.com.tr\/tr\/danismanlik\/","name":"Dan\u0131\u015fmanl\u0131k - MTROYAL","isPartOf":{"@id":"https:\/\/mtroyal.com.tr\/tr\/#website"},"datePublished":"2019-09-18T10:19:19+00:00","dateModified":"2021-02-10T19:56:51+00:00","breadcrumb":{"@id":"https:\/\/mtroyal.com.tr\/tr\/danismanlik\/#breadcrumb"},"inLanguage":"tr","potentialAction":[{"@type":"ReadAction","target":["https:\/\/mtroyal.com.tr\/tr\/danismanlik\/"]}]},{"@type":"BreadcrumbList","@id":"https:\/\/mtroyal.com.tr\/tr\/danismanlik\/#breadcrumb","itemListElement":[{"@type":"ListItem","position":1,"name":"Home","item":"https:\/\/mtroyal.com.tr\/tr\/"},{"@type":"ListItem","position":2,"name":"Dan\u0131\u015fmanl\u0131k"}]},{"@type":"WebSite","@id":"https:\/\/mtroyal.com.tr\/tr\/#website","url":"https:\/\/mtroyal.com.tr\/tr\/","name":"MTROYAL","description":"","publisher":{"@id":"https:\/\/mtroyal.com.tr\/tr\/#organization"},"potentialAction":[{"@type":"SearchAction","target":{"@type":"EntryPoint","urlTemplate":"https:\/\/mtroyal.com.tr\/tr\/?s={search_term_string}"},"query-input":{"@type":"PropertyValueSpecification","valueRequired":true,"valueName":"search_term_string"}}],"inLanguage":"tr"},{"@type":"Organization","@id":"https:\/\/mtroyal.com.tr\/tr\/#organization","name":"MTROYAL","url":"https:\/\/mtroyal.com.tr\/tr\/","logo":{"@type":"ImageObject","inLanguage":"tr","@id":"https:\/\/mtroyal.com.tr\/tr\/#\/schema\/logo\/image\/","url":"https:\/\/mtroyal.com.tr\/tr\/wp-content\/uploads\/2023\/12\/mt-logo.png","contentUrl":"https:\/\/mtroyal.com.tr\/tr\/wp-content\/uploads\/2023\/12\/mt-logo.png","width":313,"height":261,"caption":"MTROYAL"},"image":{"@id":"https:\/\/mtroyal.com.tr\/tr\/#\/schema\/logo\/image\/"}},false]}},"yasr_visitor_votes":{"stars_attributes":{"read_only":false,"span_bottom":false},"number_of_votes":0,"sum_votes":0},"_links":{"self":[{"href":"https:\/\/mtroyal.com.tr\/tr\/wp-json\/wp\/v2\/pages\/2564","targetHints":{"allow":["GET"]}}],"collection":[{"href":"https:\/\/mtroyal.com.tr\/tr\/wp-json\/wp\/v2\/pages"}],"about":[{"href":"https:\/\/mtroyal.com.tr\/tr\/wp-json\/wp\/v2\/types\/page"}],"author":[{"embeddable":true,"href":"https:\/\/mtroyal.com.tr\/tr\/wp-json\/wp\/v2\/users\/1"}],"replies":[{"embeddable":true,"href":"https:\/\/mtroyal.com.tr\/tr\/wp-json\/wp\/v2\/comments?post=2564"}],"version-history":[{"count":0,"href":"https:\/\/mtroyal.com.tr\/tr\/wp-json\/wp\/v2\/pages\/2564\/revisions"}],"wp:attachment":[{"href":"https:\/\/mtroyal.com.tr\/tr\/wp-json\/wp\/v2\/media?parent=2564"}],"curies":[{"name":"wp","href":"https:\/\/api.w.org\/{rel}","templated":true}]}}