{"id":2774,"date":"2019-10-09T09:56:21","date_gmt":"2019-10-09T09:56:21","guid":{"rendered":"https:\/\/mtroyal.com.tr\/tr\/?page_id=2774"},"modified":"2019-10-09T11:46:09","modified_gmt":"2019-10-09T11:46:09","slug":"insaat-malazemeleri","status":"publish","type":"page","link":"https:\/\/mtroyal.com.tr\/tr\/insaat-malazemeleri\/","title":{"rendered":"\u0130n\u015faat Malazemeleri"},"content":{"rendered":"<p>[vc_row][vc_column width=&#8221;2\/3&#8243;][vc_column_text css=&#8221;.vc_custom_1570615409089{padding-top: 35px !important;}&#8221;]<\/p>\n<div><\/div>\n<h3 style=\"text-align: left;\"><span style=\"font-family: arial, helvetica, sans-serif;\"><b>\u0130n\u015faat Malazemeleri<\/b><\/span><\/h3>\n<div><\/div>\n<div style=\"text-align: left;\"><span style=\"font-family: arial, helvetica, sans-serif; color: #000000;\">MTROYAL firmas\u0131 olarak \u00fcz\u00fcn y\u0131llard\u0131r in\u015faat alan\u0131nda \u00e7al\u0131\u015f\u0131p bir \u00e7ok projede yer ald\u0131k ve halen bu alanda devam eden projelerimiz mevcuttur. Tecr\u00fcbemize dayanarak malzemenin kaliteli oldu\u011fu in\u015faat\u0131n temel ilkesidir. o y\u00fczden bu a\u015famada yap\u0131 malzemelerinin se\u00e7imi en \u00f6nemli g\u00f6revlerden biridir. Biliyorsunuz ki projenin in\u015faat malzemelerinin t\u00fcr\u00fc \u00e7o\u011fu zaman projenin mimari taraf\u0131ndan belirlenir . malzemelerin kalitesi, adedi, \u00fcretici firman\u0131n ismi ve malzemelerin fiyat\u0131 her zaman en \u00f6nemli konulardand\u0131r.\u00a0<\/span><\/div>\n<div style=\"text-align: left;\"><span style=\"font-family: arial, helvetica, sans-serif; color: #000000;\">MTROYAL ailesi olarak malzemelerin do\u011fru se\u00e7ilmesi ve ara\u015ft\u0131rma a\u015famas\u0131nda size yard\u0131mc\u0131 olmaktan mutluluk duyar\u0131z. \u00c7\u00fcnk\u00fc malzemenin se\u00e7im s\u00fcresinde dikkat etmeniz gereken noktalar var<\/span><\/div>\n<div><\/div>\n<ul>\n<li style=\"text-align: left;\"><span style=\"font-family: arial, helvetica, sans-serif; color: #008000;\">kullanacak malzemelerin g\u00fcvenli olmas\u0131<\/span><span style=\"font-family: arial, helvetica, sans-serif; color: #008000;\"><br \/>\n<\/span><\/li>\n<\/ul>\n<div>\n<ul>\n<li style=\"text-align: left;\"><span style=\"font-family: arial, helvetica, sans-serif;\"><span style=\"color: #008000;\">i\u00e7inde zararl\u0131 maddenin olmamas<\/span><br \/>\n<\/span><\/li>\n<li style=\"text-align: left;\"><span style=\"font-family: arial, helvetica, sans-serif; color: #008000;\">i\u015f g\u00fcvenlik riski olmamas\u0131<\/span><\/li>\n<li style=\"text-align: left;\"><span style=\"font-family: arial, helvetica, sans-serif; color: #008000;\">ayr\u0131ca kaba yap\u0131 malzemeleri olu\u015fturan \u00e7imento,kum ve ta\u015f gibi malzemelerin se\u00e7im s\u00fcresinde dikkat edilmesi gereken hususlar vard\u0131r<\/span><\/li>\n<\/ul>\n<\/div>\n<p>[\/vc_column_text][\/vc_column][vc_column width=&#8221;1\/3&#8243;][vc_single_image image=&#8221;2781&#8243; img_size=&#8221;400&#215;700&#8243; style=&#8221;vc_box_shadow_3d&#8221; css=&#8221;.vc_custom_1570621312811{margin-top: 0px !important;}&#8221;][\/vc_column][\/vc_row][vc_row css=&#8221;.vc_custom_1453378670285{padding-bottom: 50px !important;}&#8221;][vc_column width=&#8221;1\/3&#8243; css=&#8221;.vc_custom_1453378563701{border-top-width: 10px !important;border-right-width: 10px !important;border-bottom-width: 10px !important;border-left-width: 10px !important;border-left-color: #ea5d5d !important;border-left-style: solid !important;border-right-color: #ea5d5d !important;border-right-style: solid !important;border-top-color: #ea5d5d !important;border-top-style: solid !important;border-bottom-color: #ea5d5d !important;border-bottom-style: solid !important;}&#8221;][vc_single_image image=&#8221;2782&#8243; img_size=&#8221;400&#215;600&#8243; alignment=&#8221;center&#8221; style=&#8221;vc_box_shadow_3d&#8221; css=&#8221;.vc_custom_1570621457062{margin-top: 0px !important;margin-right: -75px !important;padding-left: 50px !important;}&#8221;][\/vc_column][vc_column width=&#8221;1\/3&#8243;][\/vc_column][vc_column width=&#8221;1\/3&#8243;][vc_empty_space][vc_column_text css=&#8221;.vc_custom_1570615454058{padding-top: 35px !important;}&#8221;]<\/p>\n<h3 style=\"text-align: left;\">MTROYAL<\/h3>\n<p style=\"text-align: left;\"><span style=\"font-family: arial, helvetica, sans-serif; color: #000000;\"><span style=\"color: #008000;\">MTROYAL firmas\u0131<\/span> olarak size malzemelerin tedarik edilmesinde size yard\u0131mc\u0131 olmaktan gurur duyar\u0131z. bu malzemeler : al\u00fcminyum , asans\u00f6r, boya , seramik vb. kaliteli \u00fcr\u00fcnleri d\u00fcnyan\u0131n ve ya T\u00fcrkiyenin her yerinden size temin edebiliriz.\u00a0<\/span><\/p>\n<p>[\/vc_column_text][\/vc_column][\/vc_row]<\/p>\n<div style='text-align:center' class='yasr-auto-insert-visitor'><\/div>","protected":false},"excerpt":{"rendered":"<p>[vc_row][vc_column width=&#8221;2\/3&#8243;][vc_column_text css=&#8221;.vc_custom_1570615409089{padding-top: 35px !important;}&#8221;] \u0130n\u015faat Malazemeleri MTROYAL firmas\u0131 olarak \u00fcz\u00fcn &#8230; <\/p>\n","protected":false},"author":1,"featured_media":0,"parent":0,"menu_order":0,"comment_status":"closed","ping_status":"closed","template":"","meta":{"yasr_overall_rating":0,"yasr_post_is_review":"","yasr_auto_insert_disabled":"","yasr_review_type":"","footnotes":""},"class_list":["post-2774","page","type-page","status-publish","hentry"],"yoast_head":"<!-- This site is optimized with the Yoast SEO Premium plugin v24.5 (Yoast SEO v26.6) - https:\/\/yoast.com\/wordpress\/plugins\/seo\/ -->\n<title>\u0130n\u015faat Malazemeleri - MTROYAL<\/title>\n<meta name=\"robots\" content=\"index, follow, max-snippet:-1, max-image-preview:large, max-video-preview:-1\" \/>\n<link rel=\"canonical\" href=\"https:\/\/mtroyal.com.tr\/tr\/insaat-malazemeleri\/\" \/>\n<meta property=\"og:locale\" content=\"tr_TR\" \/>\n<meta property=\"og:type\" content=\"article\" \/>\n<meta property=\"og:title\" content=\"\u0130n\u015faat Malazemeleri\" \/>\n<meta property=\"og:description\" content=\"[vc_row][vc_column width=&#8221;2\/3&#8243;][vc_column_text css=&#8221;.vc_custom_1570615409089{padding-top: 35px !important;}&#8221;] \u0130n\u015faat Malazemeleri MTROYAL firmas\u0131 olarak \u00fcz\u00fcn ...\" \/>\n<meta property=\"og:url\" content=\"https:\/\/mtroyal.com.tr\/tr\/insaat-malazemeleri\/\" \/>\n<meta property=\"og:site_name\" content=\"MTROYAL\" \/>\n<meta property=\"article:modified_time\" content=\"2019-10-09T11:46:09+00:00\" \/>\n<meta name=\"twitter:card\" content=\"summary_large_image\" \/>\n<script type=\"application\/ld+json\" class=\"yoast-schema-graph\">{\"@context\":\"https:\/\/schema.org\",\"@graph\":[{\"@type\":\"WebPage\",\"@id\":\"https:\/\/mtroyal.com.tr\/tr\/insaat-malazemeleri\/\",\"url\":\"https:\/\/mtroyal.com.tr\/tr\/insaat-malazemeleri\/\",\"name\":\"\u0130n\u015faat Malazemeleri - MTROYAL\",\"isPartOf\":{\"@id\":\"https:\/\/mtroyal.com.tr\/tr\/#website\"},\"datePublished\":\"2019-10-09T09:56:21+00:00\",\"dateModified\":\"2019-10-09T11:46:09+00:00\",\"breadcrumb\":{\"@id\":\"https:\/\/mtroyal.com.tr\/tr\/insaat-malazemeleri\/#breadcrumb\"},\"inLanguage\":\"tr\",\"potentialAction\":[{\"@type\":\"ReadAction\",\"target\":[\"https:\/\/mtroyal.com.tr\/tr\/insaat-malazemeleri\/\"]}]},{\"@type\":\"BreadcrumbList\",\"@id\":\"https:\/\/mtroyal.com.tr\/tr\/insaat-malazemeleri\/#breadcrumb\",\"itemListElement\":[{\"@type\":\"ListItem\",\"position\":1,\"name\":\"Home\",\"item\":\"https:\/\/mtroyal.com.tr\/tr\/\"},{\"@type\":\"ListItem\",\"position\":2,\"name\":\"\u0130n\u015faat Malazemeleri\"}]},{\"@type\":\"WebSite\",\"@id\":\"https:\/\/mtroyal.com.tr\/tr\/#website\",\"url\":\"https:\/\/mtroyal.com.tr\/tr\/\",\"name\":\"MTROYAL\",\"description\":\"\",\"publisher\":{\"@id\":\"https:\/\/mtroyal.com.tr\/tr\/#organization\"},\"potentialAction\":[{\"@type\":\"SearchAction\",\"target\":{\"@type\":\"EntryPoint\",\"urlTemplate\":\"https:\/\/mtroyal.com.tr\/tr\/?s={search_term_string}\"},\"query-input\":{\"@type\":\"PropertyValueSpecification\",\"valueRequired\":true,\"valueName\":\"search_term_string\"}}],\"inLanguage\":\"tr\"},{\"@type\":\"Organization\",\"@id\":\"https:\/\/mtroyal.com.tr\/tr\/#organization\",\"name\":\"MTROYAL\",\"url\":\"https:\/\/mtroyal.com.tr\/tr\/\",\"logo\":{\"@type\":\"ImageObject\",\"inLanguage\":\"tr\",\"@id\":\"https:\/\/mtroyal.com.tr\/tr\/#\/schema\/logo\/image\/\",\"url\":\"https:\/\/mtroyal.com.tr\/tr\/wp-content\/uploads\/2023\/12\/mt-logo.png\",\"contentUrl\":\"https:\/\/mtroyal.com.tr\/tr\/wp-content\/uploads\/2023\/12\/mt-logo.png\",\"width\":313,\"height\":261,\"caption\":\"MTROYAL\"},\"image\":{\"@id\":\"https:\/\/mtroyal.com.tr\/tr\/#\/schema\/logo\/image\/\"}},false]}<\/script>\n<!-- \/ Yoast SEO Premium plugin. -->","yoast_head_json":{"title":"\u0130n\u015faat Malazemeleri - MTROYAL","robots":{"index":"index","follow":"follow","max-snippet":"max-snippet:-1","max-image-preview":"max-image-preview:large","max-video-preview":"max-video-preview:-1"},"canonical":"https:\/\/mtroyal.com.tr\/tr\/insaat-malazemeleri\/","og_locale":"tr_TR","og_type":"article","og_title":"\u0130n\u015faat Malazemeleri","og_description":"[vc_row][vc_column width=&#8221;2\/3&#8243;][vc_column_text css=&#8221;.vc_custom_1570615409089{padding-top: 35px !important;}&#8221;] \u0130n\u015faat Malazemeleri MTROYAL firmas\u0131 olarak \u00fcz\u00fcn ...","og_url":"https:\/\/mtroyal.com.tr\/tr\/insaat-malazemeleri\/","og_site_name":"MTROYAL","article_modified_time":"2019-10-09T11:46:09+00:00","twitter_card":"summary_large_image","schema":{"@context":"https:\/\/schema.org","@graph":[{"@type":"WebPage","@id":"https:\/\/mtroyal.com.tr\/tr\/insaat-malazemeleri\/","url":"https:\/\/mtroyal.com.tr\/tr\/insaat-malazemeleri\/","name":"\u0130n\u015faat Malazemeleri - MTROYAL","isPartOf":{"@id":"https:\/\/mtroyal.com.tr\/tr\/#website"},"datePublished":"2019-10-09T09:56:21+00:00","dateModified":"2019-10-09T11:46:09+00:00","breadcrumb":{"@id":"https:\/\/mtroyal.com.tr\/tr\/insaat-malazemeleri\/#breadcrumb"},"inLanguage":"tr","potentialAction":[{"@type":"ReadAction","target":["https:\/\/mtroyal.com.tr\/tr\/insaat-malazemeleri\/"]}]},{"@type":"BreadcrumbList","@id":"https:\/\/mtroyal.com.tr\/tr\/insaat-malazemeleri\/#breadcrumb","itemListElement":[{"@type":"ListItem","position":1,"name":"Home","item":"https:\/\/mtroyal.com.tr\/tr\/"},{"@type":"ListItem","position":2,"name":"\u0130n\u015faat Malazemeleri"}]},{"@type":"WebSite","@id":"https:\/\/mtroyal.com.tr\/tr\/#website","url":"https:\/\/mtroyal.com.tr\/tr\/","name":"MTROYAL","description":"","publisher":{"@id":"https:\/\/mtroyal.com.tr\/tr\/#organization"},"potentialAction":[{"@type":"SearchAction","target":{"@type":"EntryPoint","urlTemplate":"https:\/\/mtroyal.com.tr\/tr\/?s={search_term_string}"},"query-input":{"@type":"PropertyValueSpecification","valueRequired":true,"valueName":"search_term_string"}}],"inLanguage":"tr"},{"@type":"Organization","@id":"https:\/\/mtroyal.com.tr\/tr\/#organization","name":"MTROYAL","url":"https:\/\/mtroyal.com.tr\/tr\/","logo":{"@type":"ImageObject","inLanguage":"tr","@id":"https:\/\/mtroyal.com.tr\/tr\/#\/schema\/logo\/image\/","url":"https:\/\/mtroyal.com.tr\/tr\/wp-content\/uploads\/2023\/12\/mt-logo.png","contentUrl":"https:\/\/mtroyal.com.tr\/tr\/wp-content\/uploads\/2023\/12\/mt-logo.png","width":313,"height":261,"caption":"MTROYAL"},"image":{"@id":"https:\/\/mtroyal.com.tr\/tr\/#\/schema\/logo\/image\/"}},false]}},"yasr_visitor_votes":{"stars_attributes":{"read_only":false,"span_bottom":false},"number_of_votes":0,"sum_votes":0},"_links":{"self":[{"href":"https:\/\/mtroyal.com.tr\/tr\/wp-json\/wp\/v2\/pages\/2774","targetHints":{"allow":["GET"]}}],"collection":[{"href":"https:\/\/mtroyal.com.tr\/tr\/wp-json\/wp\/v2\/pages"}],"about":[{"href":"https:\/\/mtroyal.com.tr\/tr\/wp-json\/wp\/v2\/types\/page"}],"author":[{"embeddable":true,"href":"https:\/\/mtroyal.com.tr\/tr\/wp-json\/wp\/v2\/users\/1"}],"replies":[{"embeddable":true,"href":"https:\/\/mtroyal.com.tr\/tr\/wp-json\/wp\/v2\/comments?post=2774"}],"version-history":[{"count":0,"href":"https:\/\/mtroyal.com.tr\/tr\/wp-json\/wp\/v2\/pages\/2774\/revisions"}],"wp:attachment":[{"href":"https:\/\/mtroyal.com.tr\/tr\/wp-json\/wp\/v2\/media?parent=2774"}],"curies":[{"name":"wp","href":"https:\/\/api.w.org\/{rel}","templated":true}]}}