{"id":2791,"date":"2019-10-09T13:23:36","date_gmt":"2019-10-09T13:23:36","guid":{"rendered":"https:\/\/mtroyal.com.tr\/tr\/?page_id=2791"},"modified":"2019-10-09T13:55:48","modified_gmt":"2019-10-09T13:55:48","slug":"kakao-yagi","status":"publish","type":"page","link":"https:\/\/mtroyal.com.tr\/tr\/kakao-yagi\/","title":{"rendered":"Kakao Ya\u011f\u0131"},"content":{"rendered":"<p>[vc_row][vc_column width=&#8221;2\/3&#8243;][vc_custom_heading text=&#8221;Kakao Ya\u011f\u0131&#8221; font_container=&#8221;tag:h1|font_size:44|text_align:left|color:%23444444|line_height:1&#8243; google_fonts=&#8221;font_family:Montserrat%3Aregular%2C700|font_style:400%20regular%3A400%3Anormal&#8221;][vc_column_text css=&#8221;.vc_custom_1570629197562{padding-top: 35px !important;}&#8221;]<\/p>\n<div style=\"text-align: left;\"><span style=\"color: #000000;\">kakao ya\u011f\u0131 kakao \u00e7ekirde\u011finden \u00fcretilmi\u015f olup ve \u00e7ikolata yap\u0131m\u0131nda \u00e7ok buyuk bir rol oynamaktad\u0131r.\u00a0 her \u00e7ikolata yap\u0131m\u0131nda kakao liquor , kakao ya\u011f\u0131 ile kar\u0131\u015ft\u0131r\u0131l\u0131p i\u015flem g\u00f6rmektedir.\u00a0Kakao mahsul\u00fcn\u00fcn verimini art\u0131rmak i\u00e7in \u00e7al\u0131\u015fmalar devam etmektedir.Bununla birlikte, kakao ya\u011f\u0131 alternatifleri uzun vadeli, karl\u0131 \u00e7ikolata \u00fcretimi i\u00e7in ba\u015fka bir \u00f6nemli \u00e7\u00f6z\u00fcm olmaya devam edebilir<\/span><\/div>\n<div style=\"text-align: left;\"><\/div>\n<h4 style=\"text-align: left;\"><span style=\"color: #0000ff;\"><b>Peki Kakao ya\u011f\u0131 nedir<\/b><\/span><\/h4>\n<div style=\"text-align: left;\">\n<div><span style=\"color: #000000;\">Kakao ya\u011f\u0131 (Cocoa Butter) do\u011fal olarak kakao \u00e7ekirde\u011finde kakao ucunun yakla\u015f\u0131k% 50&#8217;sinde meydana gelir.\u00a0Kakao ya\u011f\u0131, y\u00fcksek seviyelerde do\u011fal tokoferoller ve ya\u011f asidi bile\u015fimi nedeniyle oksidasyona dayan\u0131kl\u0131d\u0131r.<b><br \/>\n<\/b><\/span><\/div>\n<\/div>\n<div style=\"text-align: left;\"><span style=\"color: #000000;\"><span style=\"color: #3366ff;\">Tipik Ya\u011f Asidi bile\u015fimi<\/span> (%)<\/span><\/div>\n<div style=\"text-align: left;\"><span style=\"color: #000000;\">Stearic (C18:0) 34.5%<\/span><br \/>\n<span style=\"color: #000000;\">Oleic (C18:1) 34.5%<\/span><br \/>\n<span style=\"color: #000000;\">Palmitic (C16:0) 26.0%<\/span><br \/>\n<span style=\"color: #000000;\">Linoleic (C18:2) 3.2%<\/span><br \/>\n<span style=\"color: #000000;\">Arachidic (C20:0) 1.0%<\/span><br \/>\n<span style=\"color: #000000;\">Palmitoleic (C16:1) 0.3%<\/span><br \/>\n<span style=\"color: #000000;\">Di\u011fer Ya\u011f Asitleri 0.5%<\/span><\/div>\n<div style=\"text-align: left;\"><span style=\"color: #000000;\">Do\u011fru kristal form\u00fclasyonu elde etmek i\u00e7in uygun \u015fekilde temperlendi\u011finde, kakao ya\u011f\u0131 y\u00fcksek parlakl\u0131kta ve dokulu bir \u00e7\u0131rp\u0131da tamamlanm\u0131\u015f bir \u00e7ikolata olu\u015fturur.Ek olarak, kakao ya\u011f\u0131 kat\u0131la\u015f\u0131nca b\u00fcz\u00fcl\u00fcr ve bu da verimli kal\u0131p \u00fcretimi sa\u011flar.<\/span><\/div>\n<p>[\/vc_column_text][\/vc_column][vc_column width=&#8221;1\/3&#8243;][vc_empty_space][vc_empty_space][vc_single_image img_size=&#8221;full&#8221; css=&#8221;.vc_custom_1456145319213{margin-top: 0px !important;}&#8221;][\/vc_column][\/vc_row][vc_row][vc_column width=&#8221;2\/3&#8243;][vc_custom_heading text=&#8221;Kakao Ya\u011f\u0131 Alternatifleri&#8221; font_container=&#8221;tag:h1|font_size:44|text_align:left|color:%23444444|line_height:1&#8243; google_fonts=&#8221;font_family:Montserrat%3Aregular%2C700|font_style:400%20regular%3A400%3Anormal&#8221;][vc_column_text css=&#8221;.vc_custom_1570629297781{padding-top: 35px !important;}&#8221;]<\/p>\n<div style=\"text-align: left;\"><span style=\"color: #000000;\">\u00c7o\u011fu zaman kakao ya\u011f\u0131n\u0131n de\u011fi\u015ftirilmesi ve ya ba\u015fka bir alternatif kullan\u0131lmas\u0131 i\u00e7in kullan\u0131lan malzemeler dikkate al\u0131n\u0131r.Ancak kakao ya\u011f\u0131 talebinin artmas\u0131 ve y\u00fcksek mahsul verimi elde etmekte zorlanmas\u0131yla birlikte, bu alternatiflerin fiyat\u0131 verimlilikle daha uyumlu olacakt\u0131r.<b><br \/>\n<\/b><\/span><\/div>\n<div style=\"text-align: left;\"><\/div>\n<h4 style=\"text-align: left;\"><span style=\"color: #000000;\"><b>\u00a0<\/b><\/span><span style=\"color: #3366ff;\"><b>Cocoa Butter Substitute\u00a0<\/b><b>(CBS)<\/b><\/span><\/h4>\n<div style=\"text-align: left;\"><span style=\"color: #000000;\">-Palm ya\u011f\u0131 veya hindistancevizi ya\u011f\u0131 bazl\u0131 ve normalde lorik ya\u011f asitleri i\u00e7erir.<b><br \/>\n<\/b><\/span><\/div>\n<div style=\"text-align: left;\"><span style=\"color: #000000;\">-Temperlemeye gerek yoktur.<\/span><\/div>\n<div style=\"text-align: left;\"><span style=\"color: #000000;\">-Do\u011fru \u015fartlar alt\u0131nda (nem, s\u0131cakl\u0131k) lipaz (kakao \u00e7ekirde\u011finde bulunur) gibi enzimlerin varl\u0131\u011f\u0131nda Laurik ya\u011f sabunlu bir not b\u0131rakabilir.<\/span><\/div>\n<div style=\"text-align: left;\"><span style=\"color: #000000;\">-Kakao ya\u011f\u0131yla\u00a0d\u00fc\u015f\u00fck oranda kar\u0131\u015ft\u0131r\u0131labilir.<\/span><\/div>\n<h4 style=\"text-align: left;\"><span style=\"color: #3366ff;\"><b>Cocoa butter Replacer\u00a0\u00a0<\/b><b>(CBR)<\/b><\/span><\/h4>\n<div style=\"text-align: left;\"><span style=\"color: #000000;\">-Palm ya\u011f\u0131, soya ya\u011f\u0131, kolza ya\u011f\u0131 ve pamuk tohumu ya\u011f\u0131 gibi lorik olmayan ya\u011flar.<\/span><\/div>\n<div style=\"text-align: left;\"><span style=\"color: #000000;\">&#8211; Temperlemeye gerek yoktur.<\/span><\/div>\n<div style=\"text-align: left;\"><span style=\"color: #000000;\">-Kakao ya\u011f\u0131 ile k\u0131smen uyumludur.<\/span><\/div>\n<h4 style=\"text-align: left;\"><span style=\"color: #000000;\"><b><span style=\"color: #3366ff;\">Cocoa Butter Equivalent\u00a0(CBE)<\/span>\u00a0<\/b><\/span><\/h4>\n<div style=\"text-align: left;\"><span style=\"color: #000000;\">-palm, mango \u00e7ekirde\u011fi ya\u011f\u0131 i\u00e7erebilir.<\/span><\/div>\n<div style=\"text-align: left;\"><span style=\"color: #000000;\">-Fiziksel \u00f6zelliklere ve kakao ya\u011f\u0131na benzer bir ya\u011f asidi profiline sahiptir.<\/span><\/div>\n<div style=\"text-align: left;\"><span style=\"color: #000000;\">-Temperlemeye ihtiya\u00e7 vard\u0131r.<\/span><\/div>\n<div style=\"text-align: left;\"><span style=\"color: #000000;\">-Kakao ya\u011f\u0131 ile uyumludur.<\/span><\/div>\n<p>[\/vc_column_text][\/vc_column][vc_column width=&#8221;1\/3&#8243;][vc_empty_space][vc_empty_space height=&#8221;110px&#8221;][vc_single_image img_size=&#8221;full&#8221; css=&#8221;.vc_custom_1456145319213{margin-top: 0px !important;}&#8221;][\/vc_column][\/vc_row][vc_row css=&#8221;.vc_custom_1453378670285{padding-bottom: 50px !important;}&#8221;][vc_column][vc_column_text]<\/p>\n<p style=\"text-align: left;\"><span style=\"color: #000000;\">Kullan\u0131labilirli\u011finin ve potansiyel maliyet azaltman\u0131n \u00f6tesinde, kakao ya\u011f\u0131 alternatiflerinin imalatta kullan\u0131ld\u0131\u011f\u0131nda baz\u0131 avantajlar\u0131 vard\u0131r.<\/span><br \/>\n<span style=\"color: #000000;\">\u0130lk olarak, kakao ya\u011f\u0131 alternatifleri, bitmi\u015f \u00fcr\u00fcn\u00fcn ya\u011f bile\u015fimi profilini ve ya\u011f stabilitesini iyile\u015ftirir. Bu, tutarl\u0131 \u00fcr\u00fcnleri m\u00fcmk\u00fcn k\u0131lar, \u00e7ok katmanl\u0131 \u00fcr\u00fcnlerdeki ya\u011f g\u00f6\u00e7\u00fcn\u00fc azalt\u0131r ve f\u0131nd\u0131k veya s\u00fct i\u00e7eriklerinden kaynaklanan yumu\u015fakl\u0131\u011f\u0131 giderir.<\/span><br \/>\n<span style=\"color: #000000;\">\u0130kincisi, bir\u00e7ok kakao ya\u011f\u0131 alternatifi temperleme gerektirmedi\u011finden, parlakl\u0131k ve \u00e7\u0131t\u00e7\u0131t gibi temel doku \u00f6zelliklerini elde etmek \u00e7ok daha kolayd\u0131r. Raf \u00f6mr\u00fc boyunca ya\u011flanma ihtimali de azal\u0131r.<\/span><br \/>\n<span style=\"color: #000000;\">MTROYAL \u015firketi olarak en kaliteli Ya\u011flar\u0131 de\u011ferli m\u00fc\u015fterilerimize d\u00fcnyan\u0131n en b\u00fcy\u00fck firmalar\u0131ndan temin etmekteyiz ayr\u0131ca kendi markam\u0131z olan LATAMARKO ad\u0131nda CBS \u00fcr\u00fcn\u00fcm\u00fcz\u00fc bir \u00e7ok \u00fclkeye ihracat\u0131n\u0131 yapmaktay\u0131z.<\/span><\/p>\n<p>[\/vc_column_text][\/vc_column][\/vc_row]<\/p>\n<div style='text-align:center' class='yasr-auto-insert-visitor'><\/div>","protected":false},"excerpt":{"rendered":"<p>[vc_row][vc_column width=&#8221;2\/3&#8243;][vc_custom_heading text=&#8221;Kakao Ya\u011f\u0131&#8221; font_container=&#8221;tag:h1|font_size:44|text_align:left|color:%23444444|line_height:1&#8243; google_fonts=&#8221;font_family:Montserrat%3Aregular%2C700|font_style:400%20regular%3A400%3Anormal&#8221;][vc_column_text css=&#8221;.vc_custom_1570629197562{padding-top: 35px !important;}&#8221;] kakao ya\u011f\u0131 &#8230; <\/p>\n","protected":false},"author":1,"featured_media":0,"parent":0,"menu_order":0,"comment_status":"closed","ping_status":"closed","template":"","meta":{"yasr_overall_rating":0,"yasr_post_is_review":"","yasr_auto_insert_disabled":"","yasr_review_type":"","footnotes":""},"class_list":["post-2791","page","type-page","status-publish","hentry"],"yoast_head":"<!-- This site is optimized with the Yoast SEO Premium plugin v24.5 (Yoast SEO v26.6) - https:\/\/yoast.com\/wordpress\/plugins\/seo\/ -->\n<title>Kakao Ya\u011f\u0131 - MTROYAL<\/title>\n<meta name=\"robots\" content=\"index, follow, max-snippet:-1, max-image-preview:large, max-video-preview:-1\" \/>\n<link rel=\"canonical\" href=\"https:\/\/mtroyal.com.tr\/tr\/kakao-yagi\/\" \/>\n<meta property=\"og:locale\" content=\"tr_TR\" \/>\n<meta property=\"og:type\" content=\"article\" \/>\n<meta property=\"og:title\" content=\"Kakao Ya\u011f\u0131\" \/>\n<meta property=\"og:description\" content=\"[vc_row][vc_column width=&#8221;2\/3&#8243;][vc_custom_heading text=&#8221;Kakao Ya\u011f\u0131&#8221; font_container=&#8221;tag:h1|font_size:44|text_align:left|color:%23444444|line_height:1&#8243; google_fonts=&#8221;font_family:Montserrat%3Aregular%2C700|font_style:400%20regular%3A400%3Anormal&#8221;][vc_column_text css=&#8221;.vc_custom_1570629197562{padding-top: 35px !important;}&#8221;] kakao ya\u011f\u0131 ...\" \/>\n<meta property=\"og:url\" content=\"https:\/\/mtroyal.com.tr\/tr\/kakao-yagi\/\" \/>\n<meta property=\"og:site_name\" content=\"MTROYAL\" \/>\n<meta property=\"article:modified_time\" content=\"2019-10-09T13:55:48+00:00\" \/>\n<meta name=\"twitter:card\" content=\"summary_large_image\" \/>\n<script type=\"application\/ld+json\" class=\"yoast-schema-graph\">{\"@context\":\"https:\/\/schema.org\",\"@graph\":[{\"@type\":\"WebPage\",\"@id\":\"https:\/\/mtroyal.com.tr\/tr\/kakao-yagi\/\",\"url\":\"https:\/\/mtroyal.com.tr\/tr\/kakao-yagi\/\",\"name\":\"Kakao Ya\u011f\u0131 - MTROYAL\",\"isPartOf\":{\"@id\":\"https:\/\/mtroyal.com.tr\/tr\/#website\"},\"datePublished\":\"2019-10-09T13:23:36+00:00\",\"dateModified\":\"2019-10-09T13:55:48+00:00\",\"breadcrumb\":{\"@id\":\"https:\/\/mtroyal.com.tr\/tr\/kakao-yagi\/#breadcrumb\"},\"inLanguage\":\"tr\",\"potentialAction\":[{\"@type\":\"ReadAction\",\"target\":[\"https:\/\/mtroyal.com.tr\/tr\/kakao-yagi\/\"]}]},{\"@type\":\"BreadcrumbList\",\"@id\":\"https:\/\/mtroyal.com.tr\/tr\/kakao-yagi\/#breadcrumb\",\"itemListElement\":[{\"@type\":\"ListItem\",\"position\":1,\"name\":\"Home\",\"item\":\"https:\/\/mtroyal.com.tr\/tr\/\"},{\"@type\":\"ListItem\",\"position\":2,\"name\":\"Kakao Ya\u011f\u0131\"}]},{\"@type\":\"WebSite\",\"@id\":\"https:\/\/mtroyal.com.tr\/tr\/#website\",\"url\":\"https:\/\/mtroyal.com.tr\/tr\/\",\"name\":\"MTROYAL\",\"description\":\"\",\"publisher\":{\"@id\":\"https:\/\/mtroyal.com.tr\/tr\/#organization\"},\"potentialAction\":[{\"@type\":\"SearchAction\",\"target\":{\"@type\":\"EntryPoint\",\"urlTemplate\":\"https:\/\/mtroyal.com.tr\/tr\/?s={search_term_string}\"},\"query-input\":{\"@type\":\"PropertyValueSpecification\",\"valueRequired\":true,\"valueName\":\"search_term_string\"}}],\"inLanguage\":\"tr\"},{\"@type\":\"Organization\",\"@id\":\"https:\/\/mtroyal.com.tr\/tr\/#organization\",\"name\":\"MTROYAL\",\"url\":\"https:\/\/mtroyal.com.tr\/tr\/\",\"logo\":{\"@type\":\"ImageObject\",\"inLanguage\":\"tr\",\"@id\":\"https:\/\/mtroyal.com.tr\/tr\/#\/schema\/logo\/image\/\",\"url\":\"https:\/\/mtroyal.com.tr\/tr\/wp-content\/uploads\/2023\/12\/mt-logo.png\",\"contentUrl\":\"https:\/\/mtroyal.com.tr\/tr\/wp-content\/uploads\/2023\/12\/mt-logo.png\",\"width\":313,\"height\":261,\"caption\":\"MTROYAL\"},\"image\":{\"@id\":\"https:\/\/mtroyal.com.tr\/tr\/#\/schema\/logo\/image\/\"}},false]}<\/script>\n<!-- \/ Yoast SEO Premium plugin. -->","yoast_head_json":{"title":"Kakao Ya\u011f\u0131 - MTROYAL","robots":{"index":"index","follow":"follow","max-snippet":"max-snippet:-1","max-image-preview":"max-image-preview:large","max-video-preview":"max-video-preview:-1"},"canonical":"https:\/\/mtroyal.com.tr\/tr\/kakao-yagi\/","og_locale":"tr_TR","og_type":"article","og_title":"Kakao Ya\u011f\u0131","og_description":"[vc_row][vc_column width=&#8221;2\/3&#8243;][vc_custom_heading text=&#8221;Kakao Ya\u011f\u0131&#8221; font_container=&#8221;tag:h1|font_size:44|text_align:left|color:%23444444|line_height:1&#8243; google_fonts=&#8221;font_family:Montserrat%3Aregular%2C700|font_style:400%20regular%3A400%3Anormal&#8221;][vc_column_text css=&#8221;.vc_custom_1570629197562{padding-top: 35px !important;}&#8221;] kakao ya\u011f\u0131 ...","og_url":"https:\/\/mtroyal.com.tr\/tr\/kakao-yagi\/","og_site_name":"MTROYAL","article_modified_time":"2019-10-09T13:55:48+00:00","twitter_card":"summary_large_image","schema":{"@context":"https:\/\/schema.org","@graph":[{"@type":"WebPage","@id":"https:\/\/mtroyal.com.tr\/tr\/kakao-yagi\/","url":"https:\/\/mtroyal.com.tr\/tr\/kakao-yagi\/","name":"Kakao Ya\u011f\u0131 - MTROYAL","isPartOf":{"@id":"https:\/\/mtroyal.com.tr\/tr\/#website"},"datePublished":"2019-10-09T13:23:36+00:00","dateModified":"2019-10-09T13:55:48+00:00","breadcrumb":{"@id":"https:\/\/mtroyal.com.tr\/tr\/kakao-yagi\/#breadcrumb"},"inLanguage":"tr","potentialAction":[{"@type":"ReadAction","target":["https:\/\/mtroyal.com.tr\/tr\/kakao-yagi\/"]}]},{"@type":"BreadcrumbList","@id":"https:\/\/mtroyal.com.tr\/tr\/kakao-yagi\/#breadcrumb","itemListElement":[{"@type":"ListItem","position":1,"name":"Home","item":"https:\/\/mtroyal.com.tr\/tr\/"},{"@type":"ListItem","position":2,"name":"Kakao Ya\u011f\u0131"}]},{"@type":"WebSite","@id":"https:\/\/mtroyal.com.tr\/tr\/#website","url":"https:\/\/mtroyal.com.tr\/tr\/","name":"MTROYAL","description":"","publisher":{"@id":"https:\/\/mtroyal.com.tr\/tr\/#organization"},"potentialAction":[{"@type":"SearchAction","target":{"@type":"EntryPoint","urlTemplate":"https:\/\/mtroyal.com.tr\/tr\/?s={search_term_string}"},"query-input":{"@type":"PropertyValueSpecification","valueRequired":true,"valueName":"search_term_string"}}],"inLanguage":"tr"},{"@type":"Organization","@id":"https:\/\/mtroyal.com.tr\/tr\/#organization","name":"MTROYAL","url":"https:\/\/mtroyal.com.tr\/tr\/","logo":{"@type":"ImageObject","inLanguage":"tr","@id":"https:\/\/mtroyal.com.tr\/tr\/#\/schema\/logo\/image\/","url":"https:\/\/mtroyal.com.tr\/tr\/wp-content\/uploads\/2023\/12\/mt-logo.png","contentUrl":"https:\/\/mtroyal.com.tr\/tr\/wp-content\/uploads\/2023\/12\/mt-logo.png","width":313,"height":261,"caption":"MTROYAL"},"image":{"@id":"https:\/\/mtroyal.com.tr\/tr\/#\/schema\/logo\/image\/"}},false]}},"yasr_visitor_votes":{"stars_attributes":{"read_only":false,"span_bottom":false},"number_of_votes":0,"sum_votes":0},"_links":{"self":[{"href":"https:\/\/mtroyal.com.tr\/tr\/wp-json\/wp\/v2\/pages\/2791","targetHints":{"allow":["GET"]}}],"collection":[{"href":"https:\/\/mtroyal.com.tr\/tr\/wp-json\/wp\/v2\/pages"}],"about":[{"href":"https:\/\/mtroyal.com.tr\/tr\/wp-json\/wp\/v2\/types\/page"}],"author":[{"embeddable":true,"href":"https:\/\/mtroyal.com.tr\/tr\/wp-json\/wp\/v2\/users\/1"}],"replies":[{"embeddable":true,"href":"https:\/\/mtroyal.com.tr\/tr\/wp-json\/wp\/v2\/comments?post=2791"}],"version-history":[{"count":0,"href":"https:\/\/mtroyal.com.tr\/tr\/wp-json\/wp\/v2\/pages\/2791\/revisions"}],"wp:attachment":[{"href":"https:\/\/mtroyal.com.tr\/tr\/wp-json\/wp\/v2\/media?parent=2791"}],"curies":[{"name":"wp","href":"https:\/\/api.w.org\/{rel}","templated":true}]}}