{"id":3071,"date":"2018-05-29T11:13:24","date_gmt":"2018-05-29T11:13:24","guid":{"rendered":"http:\/\/xtratheme.com\/default\/?page_id=14"},"modified":"2020-03-09T11:51:51","modified_gmt":"2020-03-09T08:51:51","slug":"faq","status":"publish","type":"page","link":"https:\/\/mtroyal.com.tr\/tr\/faq\/","title":{"rendered":"B\u0130ZE SORMAK \u0130\u00c7\u0130N \u00c7RK\u0130NMEY\u0130N\u0130Z"},"content":{"rendered":"<p>[vc_row css=&#8221;.vc_custom_1497126171788{background-position: center !important;background-repeat: no-repeat !important;background-size: cover !important;}&#8221;][vc_column offset=&#8221;vc_col-lg-8&#8243; css=&#8221;.vc_custom_1516136899580{padding-right: 20px !important;}&#8221;]<div id=\"cz_76609\" class=\"cz_76609 cz_title clr cz_title_has_icon cz_title_pos_inline\"><div class=\"cz_title_content\"><i class=\"cz_title_icon_before fa czico-084-creative\"><\/i><div class=\"cz_wpe_content\"><h4><span style=\"font-size: 30px;\">GENEL SORULAR<\/span><\/h4>\n<p><span style=\"color: #666666;\">S\u0131k\u00e7a Sorulan Sorular<\/span><\/p>\n<\/div><\/div><\/div><div id=\"cz_76722\" data-arrows='{\"open\":\"fa fa-angle-down\",\"close\":\"fa fa-angle-up\"}' class=\"cz_76722 cz_acc clr cz_acc_first_open\"><div><div id=\"\"><span class=\"cz_acc_child\"><div>MT-Royal'in komsyonu nas\u0131l hesaplan\u0131r?<\/div><\/span><div class=\"cz_acc_child_content clr\">[vc_column_text]\u015eirket komsyonlar\u0131 Proforma miktar\u0131na g\u00f6re de\u011fi\u015fir. Ancak her durumda, MT-Royal\u2019in \u00fccreti di\u011fer t\u00fcm \u015firketlerden \u00e7ok daha d\u00fc\u015f\u00fckt\u00fcr. Daha fazla bilgi i\u00e7in l\u00fctfen bizimle irtibata ge\u00e7iniz.[\/vc_column_text]<\/div><\/div><div id=\"\"><span class=\"cz_acc_child\"><div>MT-Royal'den distrib\u00fct\u00f6rl\u00fck nas\u0131l al\u0131n\u0131r?<\/div><\/span><div class=\"cz_acc_child_content clr\">[vc_column_text]MT-Royal Company, temsilcinin yeteneklerine uygun olarak ve gerekli incelemelerden sonra, ba\u015fvuran \u00fclkeye \u015firketin distrib\u00fct\u00f6l\u00fc\u011f\u00fcn\u00fc vermeye haz\u0131rd\u0131r.[\/vc_column_text]<\/div><\/div><div id=\"\"><span class=\"cz_acc_child\"><div>Proforma i\u00e7in \u00f6deme ko\u015fullar\u0131 nelerdir?<\/div><\/span><div class=\"cz_acc_child_content clr\">[vc_column_text]Proforma \u00f6deme talep edilen mal nedeniyle de\u011fi\u015fir. Ancak \u00e7o\u011fu zaman m\u00fc\u015fteri talebi \u00fczerine \u00f6denir.[\/vc_column_text]<\/div><\/div><div id=\"\"><span class=\"cz_acc_child\"><div>MT-Royal ile i\u015fbirli\u011fi \u015fartlar\u0131 nelerdir?<\/div><\/span><div class=\"cz_acc_child_content clr\">[vc_column_text]MT Royal ile i\u015fbirli\u011fi \u015fartlar\u0131na iki yolla ula\u015f\u0131labilir.Mallar\u0131n sat\u0131c\u0131s\u0131 veya al\u0131c\u0131s\u0131 olsan\u0131z bile, her iki durumda da talebinizi sipari\u015f kay\u0131t b\u00f6l\u00fcm\u00fcnden bize g\u00f6nderebilirsiniz. \u0130lgili uzmanlar talebinizi g\u00f6zden ge\u00e7irecek ve m\u00fcmk\u00fcn olan en k\u0131sa s\u00fcrede yan\u0131t verecektir.[\/vc_column_text]<\/div><\/div><div id=\"\"><span class=\"cz_acc_child\"><div>MT-Royal Company hangi sekt\u00f6rlerde yat\u0131r\u0131m yap\u0131yor?<\/div><\/span><div class=\"cz_acc_child_content clr\">[vc_column_text]MT-Royal Company, \u015firketin ve m\u00fc\u015fterilerinin menfaatine olan alanlarda faydalar\u0131n\u0131 korumak i\u00e7in yat\u0131r\u0131m yapar. \u00d6nerilen projelerinizi g\u00f6ndermek i\u00e7in l\u00fctfen bizimle ileti\u015fime ge\u00e7in[\/vc_column_text]<\/div><\/div><\/div><\/div><div class=\"cz_gap clr \" style=\"height: 80px\"><\/div><div id=\"cz_91331\" class=\"cz_91331 cz_title clr cz_title_has_icon cz_title_pos_inline\"><div class=\"cz_title_content\"><i class=\"cz_title_icon_before fa czico-041-physics\"><\/i><div class=\"cz_wpe_content\"><h4><span style=\"font-size: 30px;\">TEKN\u0130K SORULAR<br \/>\n<\/span><\/h4>\n<p><span style=\"color: #666666;\">S\u0131k\u00e7a Sorulan Sorular<\/span><\/p>\n<\/div><\/div><\/div><div id=\"cz_76722\" data-arrows='{\"open\":\"fa fa-angle-down\",\"close\":\"fa fa-angle-up\"}' class=\"cz_76722 cz_acc clr cz_acc_first_open\"><div><div id=\"\"><span class=\"cz_acc_child\"><div>MT-Royal Company, m\u00fc\u015fterileri \u00fcr\u00fcnlerinin kalitesini nas\u0131l garanti eder?<\/div><\/span><div class=\"cz_acc_child_content clr\">[vc_column_text]MT-Royal Company&#8217;nin en \u00f6nemli \u00f6nceli\u011fi, uluslararas\u0131 akredite \u015firketlerden ve markalardan m\u00fc\u015fteri \u00fcr\u00fcnlerini tedarik etmektir. Bu arada, m\u00fc\u015fterilerimizin beklentilerini kar\u015f\u0131lamak i\u00e7in \u015firketin t\u00fcm sat\u0131n al\u0131mlar\u0131na bir SGS garantisi e\u015flik eder.[\/vc_column_text]<\/div><\/div><div id=\"\"><span class=\"cz_acc_child\"><div>Talep edilen \u00fcr\u00fcn istenilen yere teslim edillir mi?<\/div><\/span><div class=\"cz_acc_child_content clr\">[vc_column_text]Evet. \u015eirket, m\u00fc\u015fterinin talep etti\u011fi \u00fcr\u00fcnleri, d\u00fcnyan\u0131n herhangi bir yerindeki anla\u015fmalar\u0131na g\u00f6re al\u0131c\u0131ya ula\u015ft\u0131r\u0131r.[\/vc_column_text]<\/div><\/div><div id=\"\"><span class=\"cz_acc_child\"><div>Mallar\u0131n teslim s\u00fcresi ne kadard\u0131r?<\/div><\/span><div class=\"cz_acc_child_content clr\">[vc_column_text]Teslim s\u00fcresi mallar\u0131n t\u00fcr\u00fcne ve teslimat noktas\u0131na ba\u011fl\u0131d\u0131r. T\u00fcm bilgiler talep \u00fczerine m\u00fc\u015fteriye verilecektir.[\/vc_column_text]<\/div><\/div><div id=\"\"><span class=\"cz_acc_child\"><div>MT-Royal Company ayr\u0131ca g\u00fcmr\u00fck vergileri ve mal g\u00fcmr\u00fckleme yap\u0131yor mu?<\/div><\/span><div class=\"cz_acc_child_content clr\">[vc_column_text]MT-Royal Company, t\u00fcm \u00fcr\u00fcnlerin ithalat\u0131n\u0131 ve ihracat\u0131n\u0131 kolayla\u015ft\u0131rmak i\u00e7in m\u00fc\u015fterilere g\u00fcmr\u00fckleme sa\u011flar.[\/vc_column_text]<\/div><\/div><div id=\"\"><span class=\"cz_acc_child\"><div>MT-Royal Company'nin bak\u0131\u015f a\u00e7\u0131s\u0131yla ithalat ve ihracat i\u00e7in en iyi mal hangisidir?<\/div><\/span><div class=\"cz_acc_child_content clr\">[vc_column_text]\u0130\u015fletmeniz i\u00e7in y\u00fcksek k\u00e2rl\u0131 bir \u00fcr\u00fcn yapmay\u0131 d\u00fc\u015f\u00fcn\u00fcyorsan\u0131z, MT-Royal Firmas\u0131 size en iyi teklifleri vermeye haz\u0131rd\u0131r.[\/vc_column_text]<\/div><\/div><\/div><\/div>[\/vc_column][vc_column offset=&#8221;vc_col-lg-4&#8243; css=&#8221;.vc_custom_1531391399212{padding-right: 20px !important;padding-left: 20px !important;}&#8221;]<div class=\"cz_gap clr  hide_on_mobile\" style=\"height: 0px\"><\/div><div class=\"cz_gap show_on_mobile clr\" style=\"height: 50px\"><\/div><div id=\"cz_102238\" class=\"cz_102238 cz_image clr cz_image_no_fx center_on_mobile\"><div class=\"cz_svg_bg\" ><div class=\"cz_image_in\" data-tilt><div class=\"cz_main_image\"><img decoding=\"async\" width=\"385\" height=\"530\" src=\"data:image\/svg+xml,%3Csvg%20xmlns%3D&#39;http%3A%2F%2Fwww.w3.org%2F2000%2Fsvg&#39;%20width=&#39;385&#39;%20height=&#39;530&#39;%20viewBox%3D&#39;0%200%20385%20530&#39;%2F%3E\" data-czlz data-src=\"https:\/\/mtroyal.com.tr\/tr\/wp-content\/uploads\/2020\/03\/mtroyal-company-3.jpg\" class=\"attachment-full\" alt=\"\u0130ran&#039;a \u0130hracat Prosed\u00fcrleri\" data-srcset=\"https:\/\/mtroyal.com.tr\/tr\/wp-content\/uploads\/2020\/03\/mtroyal-company-3.jpg 385w, https:\/\/mtroyal.com.tr\/tr\/wp-content\/uploads\/2020\/03\/mtroyal-company-3-218x300.jpg 218w\" data-sizes=\"(max-width: 385px) 100vw, 385px\" \/><\/div><\/div><\/div><\/div><div class=\"cz_gap clr \" style=\"height: 130px\"><\/div><div id=\"cz_16423\" class=\"cz_16423 cz_title clr cz_title_has_icon cz_title_pos_inline\"><div class=\"cz_title_content\"><i class=\"cz_title_icon_before fa czico-008-chat-2\"><\/i><div class=\"cz_wpe_content\"><h4><span style=\"font-size: 30px;\">B\u0130ZE ULA\u015eIN<\/span><\/h4>\n<\/div><\/div><\/div><div id=\"cz_96244\" class=\"cz_96244 cz_cf7 clr\"><div>\n<div class=\"wpcf7 no-js\" id=\"wpcf7-f3175-o1\" lang=\"en-US\" dir=\"ltr\" data-wpcf7-id=\"3175\">\n<div class=\"screen-reader-response\"><p role=\"status\" aria-live=\"polite\" aria-atomic=\"true\"><\/p> <ul><\/ul><\/div>\n<form action=\"\/tr\/wp-json\/wp\/v2\/pages\/3071#wpcf7-f3175-o1\" method=\"post\" class=\"wpcf7-form init\" aria-label=\"Contact form\" novalidate=\"novalidate\" data-status=\"init\">\n<fieldset class=\"hidden-fields-container\"><input type=\"hidden\" name=\"_wpcf7\" value=\"3175\" \/><input type=\"hidden\" name=\"_wpcf7_version\" value=\"6.1.5\" \/><input type=\"hidden\" name=\"_wpcf7_locale\" value=\"en_US\" \/><input type=\"hidden\" name=\"_wpcf7_unit_tag\" value=\"wpcf7-f3175-o1\" \/><input type=\"hidden\" name=\"_wpcf7_container_post\" value=\"0\" \/><input type=\"hidden\" name=\"_wpcf7_posted_data_hash\" value=\"\" \/>\n<\/fieldset>\n<p><label> \u0130sim (zorunlu)<br \/>\n<span class=\"wpcf7-form-control-wrap\" data-name=\"your-name\"><input size=\"40\" maxlength=\"400\" class=\"wpcf7-form-control wpcf7-text wpcf7-validates-as-required\" aria-required=\"true\" aria-invalid=\"false\" value=\"\" type=\"text\" name=\"your-name\" \/><\/span> <\/label>\n<\/p>\n<p><label> Email (zorunlu)<br \/>\n<span class=\"wpcf7-form-control-wrap\" data-name=\"your-email\"><input size=\"40\" maxlength=\"400\" class=\"wpcf7-form-control wpcf7-email wpcf7-validates-as-required wpcf7-text wpcf7-validates-as-email\" aria-required=\"true\" aria-invalid=\"false\" value=\"\" type=\"email\" name=\"your-email\" \/><\/span> <\/label>\n<\/p>\n<p><label> urun (zorunlu)<br \/>\n<span class=\"wpcf7-form-control-wrap\" data-name=\"your-urun\"><input size=\"40\" maxlength=\"400\" class=\"wpcf7-form-control wpcf7-text wpcf7-validates-as-required\" aria-required=\"true\" aria-invalid=\"false\" value=\"\" type=\"text\" name=\"your-urun\" \/><\/span> <\/label>\n<\/p>\n<p><label> Miktar (zorunlu)<br \/>\n<span class=\"wpcf7-form-control-wrap\" data-name=\"your-miktar\"><input size=\"40\" maxlength=\"400\" class=\"wpcf7-form-control wpcf7-text wpcf7-validates-as-required\" aria-required=\"true\" aria-invalid=\"false\" value=\"\" type=\"text\" name=\"your-miktar\" \/><\/span> <\/label>\n<\/p>\n<p><label> GSM (zorunlu)<br \/>\n<span class=\"wpcf7-form-control-wrap\" data-name=\"your-gsm\"><input size=\"40\" maxlength=\"400\" class=\"wpcf7-form-control wpcf7-text wpcf7-validates-as-required\" aria-required=\"true\" aria-invalid=\"false\" value=\"\" type=\"text\" name=\"your-gsm\" \/><\/span> <\/label>\n<\/p>\n<p><label> Fiyat Teklifi (zorunlu)<br \/>\n<span class=\"wpcf7-form-control-wrap\" data-name=\"your-fiyat\"><input size=\"40\" maxlength=\"400\" class=\"wpcf7-form-control wpcf7-text wpcf7-validates-as-required\" aria-required=\"true\" aria-invalid=\"false\" value=\"\" type=\"text\" name=\"your-fiyat\" \/><\/span> <\/label>\n<\/p>\n<p><label> A\u00e7\u0131klama (zorunlu)<br \/>\n<span class=\"wpcf7-form-control-wrap\" data-name=\"your-aci\"><textarea cols=\"40\" rows=\"10\" maxlength=\"2000\" class=\"wpcf7-form-control wpcf7-textarea\" aria-invalid=\"false\" name=\"your-aci\"><\/textarea><\/span> <\/label>\n<\/p>\n<p><input class=\"wpcf7-form-control wpcf7-submit has-spinner\" type=\"submit\" value=\"G\u00f6nder\" \/>\n<\/p><p style=\"display: none !important;\" class=\"akismet-fields-container\" data-prefix=\"_wpcf7_ak_\"><label>&#916;<textarea name=\"_wpcf7_ak_hp_textarea\" cols=\"45\" rows=\"8\" maxlength=\"100\"><\/textarea><\/label><input type=\"hidden\" id=\"ak_js_1\" name=\"_wpcf7_ak_js\" value=\"91\"\/><script>document.getElementById( \"ak_js_1\" ).setAttribute( \"value\", ( new Date() ).getTime() );<\/script><\/p><div class=\"wpcf7-response-output\" aria-hidden=\"true\"><\/div>\n<\/form>\n<\/div>\n<\/div><\/div>[\/vc_column][\/vc_row]<\/p>\n<div style='text-align:center' class='yasr-auto-insert-visitor'><\/div>","protected":false},"excerpt":{"rendered":"<p>[vc_row css=&#8221;.vc_custom_1497126171788{background-position: center !important;background-repeat: no-repeat !important;background-size: cover !important;}&#8221;][vc_column offset=&#8221;vc_col-lg-8&#8243; css=&#8221;.vc_custom_1516136899580{padding-right: 20px &#8230; <\/p>\n","protected":false},"author":1,"featured_media":0,"parent":0,"menu_order":0,"comment_status":"closed","ping_status":"closed","template":"","meta":{"yasr_overall_rating":0,"yasr_post_is_review":"","yasr_auto_insert_disabled":"","yasr_review_type":"","footnotes":""},"class_list":["post-3071","page","type-page","status-publish","hentry"],"yoast_head":"<!-- This site is optimized with the Yoast SEO Premium plugin v24.5 (Yoast SEO v26.6) - https:\/\/yoast.com\/wordpress\/plugins\/seo\/ -->\n<title>B\u0130ZE SORMAK \u0130\u00c7\u0130N \u00c7RK\u0130NMEY\u0130N\u0130Z - MTROYAL<\/title>\n<meta name=\"robots\" content=\"index, follow, max-snippet:-1, max-image-preview:large, max-video-preview:-1\" \/>\n<link rel=\"canonical\" href=\"https:\/\/mtroyal.com.tr\/tr\/faq\/\" \/>\n<meta property=\"og:locale\" content=\"tr_TR\" \/>\n<meta property=\"og:type\" content=\"article\" \/>\n<meta property=\"og:title\" content=\"B\u0130ZE SORMAK \u0130\u00c7\u0130N \u00c7RK\u0130NMEY\u0130N\u0130Z\" \/>\n<meta property=\"og:description\" content=\"[vc_row css=&#8221;.vc_custom_1497126171788{background-position: center !important;background-repeat: no-repeat !important;background-size: cover !important;}&#8221;][vc_column offset=&#8221;vc_col-lg-8&#8243; css=&#8221;.vc_custom_1516136899580{padding-right: 20px ...\" \/>\n<meta property=\"og:url\" content=\"https:\/\/mtroyal.com.tr\/tr\/faq\/\" \/>\n<meta property=\"og:site_name\" content=\"MTROYAL\" \/>\n<meta property=\"article:modified_time\" content=\"2020-03-09T08:51:51+00:00\" \/>\n<meta name=\"twitter:card\" content=\"summary_large_image\" \/>\n<script type=\"application\/ld+json\" class=\"yoast-schema-graph\">{\"@context\":\"https:\/\/schema.org\",\"@graph\":[{\"@type\":\"WebPage\",\"@id\":\"https:\/\/mtroyal.com.tr\/tr\/faq\/\",\"url\":\"https:\/\/mtroyal.com.tr\/tr\/faq\/\",\"name\":\"B\u0130ZE SORMAK \u0130\u00c7\u0130N \u00c7RK\u0130NMEY\u0130N\u0130Z - MTROYAL\",\"isPartOf\":{\"@id\":\"https:\/\/mtroyal.com.tr\/tr\/#website\"},\"datePublished\":\"2018-05-29T11:13:24+00:00\",\"dateModified\":\"2020-03-09T08:51:51+00:00\",\"breadcrumb\":{\"@id\":\"https:\/\/mtroyal.com.tr\/tr\/faq\/#breadcrumb\"},\"inLanguage\":\"tr\",\"potentialAction\":[{\"@type\":\"ReadAction\",\"target\":[\"https:\/\/mtroyal.com.tr\/tr\/faq\/\"]}]},{\"@type\":\"BreadcrumbList\",\"@id\":\"https:\/\/mtroyal.com.tr\/tr\/faq\/#breadcrumb\",\"itemListElement\":[{\"@type\":\"ListItem\",\"position\":1,\"name\":\"Home\",\"item\":\"https:\/\/mtroyal.com.tr\/tr\/\"},{\"@type\":\"ListItem\",\"position\":2,\"name\":\"B\u0130ZE SORMAK \u0130\u00c7\u0130N \u00c7RK\u0130NMEY\u0130N\u0130Z\"}]},{\"@type\":\"WebSite\",\"@id\":\"https:\/\/mtroyal.com.tr\/tr\/#website\",\"url\":\"https:\/\/mtroyal.com.tr\/tr\/\",\"name\":\"MTROYAL\",\"description\":\"\",\"publisher\":{\"@id\":\"https:\/\/mtroyal.com.tr\/tr\/#organization\"},\"potentialAction\":[{\"@type\":\"SearchAction\",\"target\":{\"@type\":\"EntryPoint\",\"urlTemplate\":\"https:\/\/mtroyal.com.tr\/tr\/?s={search_term_string}\"},\"query-input\":{\"@type\":\"PropertyValueSpecification\",\"valueRequired\":true,\"valueName\":\"search_term_string\"}}],\"inLanguage\":\"tr\"},{\"@type\":\"Organization\",\"@id\":\"https:\/\/mtroyal.com.tr\/tr\/#organization\",\"name\":\"MTROYAL\",\"url\":\"https:\/\/mtroyal.com.tr\/tr\/\",\"logo\":{\"@type\":\"ImageObject\",\"inLanguage\":\"tr\",\"@id\":\"https:\/\/mtroyal.com.tr\/tr\/#\/schema\/logo\/image\/\",\"url\":\"https:\/\/mtroyal.com.tr\/tr\/wp-content\/uploads\/2023\/12\/mt-logo.png\",\"contentUrl\":\"https:\/\/mtroyal.com.tr\/tr\/wp-content\/uploads\/2023\/12\/mt-logo.png\",\"width\":313,\"height\":261,\"caption\":\"MTROYAL\"},\"image\":{\"@id\":\"https:\/\/mtroyal.com.tr\/tr\/#\/schema\/logo\/image\/\"}},false]}<\/script>\n<!-- \/ Yoast SEO Premium plugin. -->","yoast_head_json":{"title":"B\u0130ZE SORMAK \u0130\u00c7\u0130N \u00c7RK\u0130NMEY\u0130N\u0130Z - MTROYAL","robots":{"index":"index","follow":"follow","max-snippet":"max-snippet:-1","max-image-preview":"max-image-preview:large","max-video-preview":"max-video-preview:-1"},"canonical":"https:\/\/mtroyal.com.tr\/tr\/faq\/","og_locale":"tr_TR","og_type":"article","og_title":"B\u0130ZE SORMAK \u0130\u00c7\u0130N \u00c7RK\u0130NMEY\u0130N\u0130Z","og_description":"[vc_row css=&#8221;.vc_custom_1497126171788{background-position: center !important;background-repeat: no-repeat !important;background-size: cover !important;}&#8221;][vc_column offset=&#8221;vc_col-lg-8&#8243; css=&#8221;.vc_custom_1516136899580{padding-right: 20px ...","og_url":"https:\/\/mtroyal.com.tr\/tr\/faq\/","og_site_name":"MTROYAL","article_modified_time":"2020-03-09T08:51:51+00:00","twitter_card":"summary_large_image","schema":{"@context":"https:\/\/schema.org","@graph":[{"@type":"WebPage","@id":"https:\/\/mtroyal.com.tr\/tr\/faq\/","url":"https:\/\/mtroyal.com.tr\/tr\/faq\/","name":"B\u0130ZE SORMAK \u0130\u00c7\u0130N \u00c7RK\u0130NMEY\u0130N\u0130Z - MTROYAL","isPartOf":{"@id":"https:\/\/mtroyal.com.tr\/tr\/#website"},"datePublished":"2018-05-29T11:13:24+00:00","dateModified":"2020-03-09T08:51:51+00:00","breadcrumb":{"@id":"https:\/\/mtroyal.com.tr\/tr\/faq\/#breadcrumb"},"inLanguage":"tr","potentialAction":[{"@type":"ReadAction","target":["https:\/\/mtroyal.com.tr\/tr\/faq\/"]}]},{"@type":"BreadcrumbList","@id":"https:\/\/mtroyal.com.tr\/tr\/faq\/#breadcrumb","itemListElement":[{"@type":"ListItem","position":1,"name":"Home","item":"https:\/\/mtroyal.com.tr\/tr\/"},{"@type":"ListItem","position":2,"name":"B\u0130ZE SORMAK \u0130\u00c7\u0130N \u00c7RK\u0130NMEY\u0130N\u0130Z"}]},{"@type":"WebSite","@id":"https:\/\/mtroyal.com.tr\/tr\/#website","url":"https:\/\/mtroyal.com.tr\/tr\/","name":"MTROYAL","description":"","publisher":{"@id":"https:\/\/mtroyal.com.tr\/tr\/#organization"},"potentialAction":[{"@type":"SearchAction","target":{"@type":"EntryPoint","urlTemplate":"https:\/\/mtroyal.com.tr\/tr\/?s={search_term_string}"},"query-input":{"@type":"PropertyValueSpecification","valueRequired":true,"valueName":"search_term_string"}}],"inLanguage":"tr"},{"@type":"Organization","@id":"https:\/\/mtroyal.com.tr\/tr\/#organization","name":"MTROYAL","url":"https:\/\/mtroyal.com.tr\/tr\/","logo":{"@type":"ImageObject","inLanguage":"tr","@id":"https:\/\/mtroyal.com.tr\/tr\/#\/schema\/logo\/image\/","url":"https:\/\/mtroyal.com.tr\/tr\/wp-content\/uploads\/2023\/12\/mt-logo.png","contentUrl":"https:\/\/mtroyal.com.tr\/tr\/wp-content\/uploads\/2023\/12\/mt-logo.png","width":313,"height":261,"caption":"MTROYAL"},"image":{"@id":"https:\/\/mtroyal.com.tr\/tr\/#\/schema\/logo\/image\/"}},false]}},"yasr_visitor_votes":{"stars_attributes":{"read_only":false,"span_bottom":false},"number_of_votes":0,"sum_votes":0},"_links":{"self":[{"href":"https:\/\/mtroyal.com.tr\/tr\/wp-json\/wp\/v2\/pages\/3071","targetHints":{"allow":["GET"]}}],"collection":[{"href":"https:\/\/mtroyal.com.tr\/tr\/wp-json\/wp\/v2\/pages"}],"about":[{"href":"https:\/\/mtroyal.com.tr\/tr\/wp-json\/wp\/v2\/types\/page"}],"author":[{"embeddable":true,"href":"https:\/\/mtroyal.com.tr\/tr\/wp-json\/wp\/v2\/users\/1"}],"replies":[{"embeddable":true,"href":"https:\/\/mtroyal.com.tr\/tr\/wp-json\/wp\/v2\/comments?post=3071"}],"version-history":[{"count":0,"href":"https:\/\/mtroyal.com.tr\/tr\/wp-json\/wp\/v2\/pages\/3071\/revisions"}],"wp:attachment":[{"href":"https:\/\/mtroyal.com.tr\/tr\/wp-json\/wp\/v2\/media?parent=3071"}],"curies":[{"name":"wp","href":"https:\/\/api.w.org\/{rel}","templated":true}]}}