{"id":3072,"date":"2018-05-29T11:14:04","date_gmt":"2018-05-29T11:14:04","guid":{"rendered":"http:\/\/xtratheme.com\/default\/?page_id=17"},"modified":"2025-09-28T09:52:31","modified_gmt":"2025-09-28T06:52:31","slug":"contact","status":"publish","type":"page","link":"https:\/\/mtroyal.com.tr\/tr\/contact\/","title":{"rendered":"\u0130leti\u015fim"},"content":{"rendered":"<p>[vc_row css=&#8221;.vc_custom_1497126171788{background-position: center !important;background-repeat: no-repeat !important;background-size: cover !important;}&#8221;][vc_column width=&#8221;1\/2&#8243; css=&#8221;.vc_custom_1536986800152{padding-right: 20px !important;}&#8221;]<div class=\"cz_gap clr \" style=\"height: 75px\"><\/div><div id=\"cz_14234\" class=\"cz_14234 cz_title clr cz_title_pos_inline\"><div class=\"cz_title_shape shape_square cz_shape_1\"><\/div><div class=\"cz_title_content\"><div class=\"cz_wpe_content\"><h2>B\u0130ZE ULA\u015eIN<\/h2>\n<\/div><\/div><\/div><div class=\"cz_gap clr \" style=\"height: 30px\"><\/div><div id=\"cz_81769\" class=\"cz_81769 services clr style1 cz_sbi_fx_9 left\"><div class=\"service_custom\"><i class=\"fa czico-092-phone-call-1\"><\/i><\/div><div class=\"service_text\"><h3>Phone<\/h3><div class=\"cz_wpe_content\"><span style=\"font-size: 20px; color: #666666;\">+90 212 258 2323<\/span><\/div><\/div><\/div><div id=\"cz_106119\" class=\"cz_106119 services clr style1 cz_sbi_fx_9 left\"><div class=\"service_custom\"><i class=\"fa czico-012-chat\"><\/i><\/div><div class=\"service_text\"><h3>Email<\/h3><div class=\"cz_wpe_content\"><span style=\"font-size: 20px; color: #666666;\">info@mtroyal.com.tr<\/span><\/div><\/div><\/div><div id=\"cz_82806\" class=\"cz_82806 services clr style1 cz_sbi_fx_9 left\"><div class=\"service_custom\"><i class=\"fa czico-083-placeholder-1\"><\/i><\/div><div class=\"service_text\"><h3>Office Address<\/h3><div class=\"cz_wpe_content\"><span style=\"font-size: 20px; color: #666666;\">Ubm Plaza, May\u0131s, 19 May\u0131s, 19 May\u0131s Cd. No:37 Kat: 2\/8, 34360 \u015ei\u015fli\/\u0130stanbul, T\u00fcrkiye<\/span><\/div><\/div><\/div>[\/vc_column][vc_column width=&#8221;1\/2&#8243; css=&#8221;.vc_custom_1536986806884{padding-right: 20px !important;padding-left: 20px !important;}&#8221;]<div class=\"cz_gap clr \" style=\"height: 75px\"><\/div><style id=\"wpforms-css-vars-5380\">\n\t\t\t\t#wpforms-5380 {\n\t\t\t\t\n\t\t\t}\n\t\t\t<\/style><div class=\"wpforms-container wpforms-container-full wpforms-render-modern\" id=\"wpforms-5380\"><form id=\"wpforms-form-5380\" class=\"wpforms-validate wpforms-form wpforms-ajax-form\" data-formid=\"5380\" method=\"post\" enctype=\"multipart\/form-data\" action=\"\/tr\/wp-json\/wp\/v2\/pages\/3072\" data-token=\"55b0fd5555fe8b067bb8bd2922cc1ac7\" data-token-time=\"1777134927\"><noscript class=\"wpforms-error-noscript\">Bu formu bitirebilmek i\u00e7in taray\u0131c\u0131n\u0131zda JavaScript&#039;i etkinle\u015ftirin.<\/noscript><div id=\"wpforms-error-noscript\" style=\"display: none;\">Bu formu bitirebilmek i\u00e7in taray\u0131c\u0131n\u0131zda JavaScript&#039;i etkinle\u015ftirin.<\/div><div class=\"wpforms-field-container\"><div id=\"wpforms-5380-field_1-container\" class=\"wpforms-field wpforms-field-text\" data-field-id=\"1\"><label class=\"wpforms-field-label\" for=\"wpforms-5380-field_1\">\u0130sim <span class=\"wpforms-required-label\" aria-hidden=\"true\">*<\/span><\/label><input type=\"text\" id=\"wpforms-5380-field_1\" class=\"wpforms-field-large wpforms-field-required\" name=\"wpforms[fields][1]\" aria-errormessage=\"wpforms-5380-field_1-error\" required><\/div><div id=\"wpforms-5380-field_2-container\" class=\"wpforms-field wpforms-field-email\" data-field-id=\"2\"><label class=\"wpforms-field-label\" for=\"wpforms-5380-field_2\">Email <span class=\"wpforms-required-label\" aria-hidden=\"true\">*<\/span><\/label><input type=\"email\" id=\"wpforms-5380-field_2\" class=\"wpforms-field-large wpforms-field-required\" name=\"wpforms[fields][2]\" spellcheck=\"false\" aria-errormessage=\"wpforms-5380-field_2-error\" required><\/div><div id=\"wpforms-5380-field_3-container\" class=\"wpforms-field wpforms-field-text\" data-field-id=\"3\"><label class=\"wpforms-field-label\" for=\"wpforms-5380-field_3\">urun <span class=\"wpforms-required-label\" aria-hidden=\"true\">*<\/span><\/label><input type=\"text\" id=\"wpforms-5380-field_3\" class=\"wpforms-field-large wpforms-field-required\" name=\"wpforms[fields][3]\" aria-errormessage=\"wpforms-5380-field_3-error\" required><\/div>\t\t<div id=\"wpforms-5380-field_8-container\"\n\t\t\tclass=\"wpforms-field wpforms-field-text\"\n\t\t\tdata-field-type=\"text\"\n\t\t\tdata-field-id=\"8\"\n\t\t\t>\n\t\t\t<label class=\"wpforms-field-label\" for=\"wpforms-5380-field_8\" >Teklifi \u0130sim urun<\/label>\n\t\t\t<input type=\"text\" id=\"wpforms-5380-field_8\" class=\"wpforms-field-medium\" name=\"wpforms[fields][8]\" >\n\t\t<\/div>\n\t\t<div id=\"wpforms-5380-field_4-container\" class=\"wpforms-field wpforms-field-text\" data-field-id=\"4\"><label class=\"wpforms-field-label\" for=\"wpforms-5380-field_4\">Miktar <span class=\"wpforms-required-label\" aria-hidden=\"true\">*<\/span><\/label><input type=\"text\" id=\"wpforms-5380-field_4\" class=\"wpforms-field-large wpforms-field-required\" name=\"wpforms[fields][4]\" aria-errormessage=\"wpforms-5380-field_4-error\" required><\/div><div id=\"wpforms-5380-field_5-container\" class=\"wpforms-field wpforms-field-text\" data-field-id=\"5\"><label class=\"wpforms-field-label\" for=\"wpforms-5380-field_5\">GSM <span class=\"wpforms-required-label\" aria-hidden=\"true\">*<\/span><\/label><input type=\"text\" id=\"wpforms-5380-field_5\" class=\"wpforms-field-large wpforms-field-required\" name=\"wpforms[fields][5]\" aria-errormessage=\"wpforms-5380-field_5-error\" required><\/div><div id=\"wpforms-5380-field_6-container\" class=\"wpforms-field wpforms-field-text\" data-field-id=\"6\"><label class=\"wpforms-field-label\" for=\"wpforms-5380-field_6\"> Fiyat Teklifi <span class=\"wpforms-required-label\" aria-hidden=\"true\">*<\/span><\/label><input type=\"text\" id=\"wpforms-5380-field_6\" class=\"wpforms-field-large wpforms-field-required\" name=\"wpforms[fields][6]\" aria-errormessage=\"wpforms-5380-field_6-error\" required><\/div><div id=\"wpforms-5380-field_7-container\" class=\"wpforms-field wpforms-field-textarea\" data-field-id=\"7\"><label class=\"wpforms-field-label\" for=\"wpforms-5380-field_7\">A\u00e7\u0131klama <span class=\"wpforms-required-label\" aria-hidden=\"true\">*<\/span><\/label><textarea id=\"wpforms-5380-field_7\" class=\"wpforms-field-medium wpforms-field-required\" name=\"wpforms[fields][7]\" aria-errormessage=\"wpforms-5380-field_7-error\" required><\/textarea><\/div><script>\n\t\t\t\t( function() {\n\t\t\t\t\tconst style = document.createElement( 'style' );\n\t\t\t\t\tstyle.appendChild( document.createTextNode( '#wpforms-5380-field_8-container { position: absolute !important; overflow: hidden !important; display: inline !important; height: 1px !important; width: 1px !important; z-index: -1000 !important; padding: 0 !important; } #wpforms-5380-field_8-container input { visibility: hidden; } #wpforms-conversational-form-page #wpforms-5380-field_8-container label { counter-increment: none; }' ) );\n\t\t\t\t\tdocument.head.appendChild( style );\n\t\t\t\t\tdocument.currentScript?.remove();\n\t\t\t\t} )();\n\t\t\t<\/script><\/div><!-- .wpforms-field-container --><div class=\"wpforms-submit-container\" ><input type=\"hidden\" name=\"wpforms[id]\" value=\"5380\"><input type=\"hidden\" name=\"page_title\" value=\"\"><input type=\"hidden\" name=\"page_url\" value=\"https:\/\/mtroyal.com.tr\/tr\/wp-json\/wp\/v2\/pages\/3072\"><input type=\"hidden\" name=\"url_referer\" value=\"\"><button type=\"submit\" name=\"wpforms[submit]\" id=\"wpforms-submit-5380\" class=\"wpforms-submit\" data-alt-text=\"G\u00f6nderiliyor...\" data-submit-text=\"G\u00f6nder\" aria-live=\"assertive\" value=\"wpforms-submit\">G\u00f6nder<\/button><img decoding=\"async\" src=\"data:image\/svg+xml,%3Csvg%20xmlns%3D&#39;http%3A%2F%2Fwww.w3.org%2F2000%2Fsvg&#39;%20width=&#39;26&#39;%20height=&#39;26&#39;%20viewBox%3D&#39;0%200%2026%2026&#39;%2F%3E\" data-czlz data-src=\"https:\/\/mtroyal.com.tr\/tr\/wp-content\/plugins\/wpforms-lite\/assets\/images\/submit-spin.svg\" class=\"wpforms-submit-spinner\" style=\"display: none;\" width=\"26\" height=\"26\" alt=\"Y\u00fckleniyor\"><\/div><\/form><\/div>  <!-- .wpforms-container -->[\/vc_column][\/vc_row][vc_row][vc_column]<div class=\"cz_gap clr  hide_on_mobile\" style=\"height: 110px\"><\/div><div class=\"cz_gap show_on_mobile clr\" style=\"height: 50px\"><\/div><div id=\"cz_66817\" class=\"cz_66817 gmap\" data-api-key=\"AIzaSyCsPJy-EcjKbUmwWKO-AkOQp9ZNMGBDxZ8\"> <\/div><div ><\/div><script>\n\t\t\tfunction mapfucntion_cz_66817() {\n\n\t\t\t\tgoogle.maps.Map.prototype.setCenterWithOffset= function(latlng, offsetX, offsetY) {\n\t\t\t\t    var map = this;\n\t\t\t\t    var ov = new google.maps.OverlayView();\n\t\t\t\t    ov.onAdd = function() {\n\t\t\t\t        var proj = this.getProjection();\n\t\t\t\t        var aPoint = proj.fromLatLngToContainerPixel(latlng);\n\t\t\t\t        aPoint.x = aPoint.x+offsetX;\n\t\t\t\t        aPoint.y = aPoint.y+offsetY;\n\t\t\t\t        map.setCenter(proj.fromContainerPixelToLatLng(aPoint));\n\t\t\t\t    }; \n\t\t\t\t    ov.draw = function() {}; \n\t\t\t\t    ov.setMap(this); \n\t\t\t\t};\n\n\t\t\t\tvar windx = jQuery(window), \n\n\t\t\t\t\tlatlng = new google.maps.LatLng(41.0581183, 28.9939334),\n\n\t\t\t\t\tmyOptions = {\n\t\t\t\t\t\tzoom: 17,\n\t\t\t\t\t\tscrollwheel: false,\n\t\t\t\t\t\tdisableDefaultUI: false,\n\t\t\t\t\t\tcenter: latlng\n\t\t\t\t\t},\n\n\t\t\t\t\tcz_66817 = new google.maps.Map(document.getElementById(\"cz_66817\"),\n\t\t\t\t\tmyOptions),\n\n\t\t\t\t\tsetCenterOffset = function() {\n\n\t\t\t\t\t\tif ( windx.width() < 768 ) {\n\t\t\t\t\t\t\tcz_66817.setCenterWithOffset( latlng, 0, 0 );\n\t\t\t\t\t\t} else {\n\t\t\t\t\t\t\tcz_66817.setCenterWithOffset( latlng, 0, 0 );\n\t\t\t\t\t\t}\n\n\t\t\t\t\t};\n\n\t\t\t\tsetCenterOffset();\n\n\t\t\t\twindx.on( \"resize\", function() {\n\t\t\t\t\tsetCenterOffset();\n\t\t\t\t});\n\t\t\tvar image = \"https:\/\/mtroyal.com.tr\/tr\/wp-content\/uploads\/2019\/10\/map.png\";var marker = new google.maps.Marker({map: cz_66817,icon: image,position: cz_66817.getCenter()});}<\/script><div class=\"cz_gap clr \" style=\"height: 50px\"><\/div>[\/vc_column][\/vc_row]<\/p>\n<div style='text-align:center' class='yasr-auto-insert-visitor'><\/div>","protected":false},"excerpt":{"rendered":"<p>[vc_row css=&#8221;.vc_custom_1497126171788{background-position: center !important;background-repeat: no-repeat !important;background-size: cover !important;}&#8221;][vc_column width=&#8221;1\/2&#8243; css=&#8221;.vc_custom_1536986800152{padding-right: 20px &#8230; <\/p>\n","protected":false},"author":1,"featured_media":0,"parent":0,"menu_order":0,"comment_status":"closed","ping_status":"closed","template":"","meta":{"yasr_overall_rating":0,"yasr_post_is_review":"","yasr_auto_insert_disabled":"","yasr_review_type":"","footnotes":""},"class_list":["post-3072","page","type-page","status-publish","hentry"],"yoast_head":"<!-- This site is optimized with the Yoast SEO Premium plugin v24.5 (Yoast SEO v26.6) - https:\/\/yoast.com\/wordpress\/plugins\/seo\/ -->\n<title>\u0130leti\u015fim - MTROYAL<\/title>\n<meta name=\"robots\" content=\"index, follow, max-snippet:-1, max-image-preview:large, max-video-preview:-1\" \/>\n<link rel=\"canonical\" href=\"https:\/\/mtroyal.com.tr\/tr\/contact\/\" \/>\n<meta property=\"og:locale\" content=\"tr_TR\" \/>\n<meta property=\"og:type\" content=\"article\" \/>\n<meta property=\"og:title\" content=\"\u0130leti\u015fim\" \/>\n<meta property=\"og:description\" content=\"[vc_row css=&#8221;.vc_custom_1497126171788{background-position: center !important;background-repeat: no-repeat !important;background-size: cover !important;}&#8221;][vc_column width=&#8221;1\/2&#8243; css=&#8221;.vc_custom_1536986800152{padding-right: 20px ...\" \/>\n<meta property=\"og:url\" content=\"https:\/\/mtroyal.com.tr\/tr\/contact\/\" \/>\n<meta property=\"og:site_name\" content=\"MTROYAL\" \/>\n<meta property=\"article:modified_time\" content=\"2025-09-28T06:52:31+00:00\" \/>\n<meta name=\"twitter:card\" content=\"summary_large_image\" \/>\n<script type=\"application\/ld+json\" class=\"yoast-schema-graph\">{\"@context\":\"https:\/\/schema.org\",\"@graph\":[{\"@type\":\"WebPage\",\"@id\":\"https:\/\/mtroyal.com.tr\/tr\/contact\/\",\"url\":\"https:\/\/mtroyal.com.tr\/tr\/contact\/\",\"name\":\"\u0130leti\u015fim - MTROYAL\",\"isPartOf\":{\"@id\":\"https:\/\/mtroyal.com.tr\/tr\/#website\"},\"datePublished\":\"2018-05-29T11:14:04+00:00\",\"dateModified\":\"2025-09-28T06:52:31+00:00\",\"breadcrumb\":{\"@id\":\"https:\/\/mtroyal.com.tr\/tr\/contact\/#breadcrumb\"},\"inLanguage\":\"tr\",\"potentialAction\":[{\"@type\":\"ReadAction\",\"target\":[\"https:\/\/mtroyal.com.tr\/tr\/contact\/\"]}]},{\"@type\":\"BreadcrumbList\",\"@id\":\"https:\/\/mtroyal.com.tr\/tr\/contact\/#breadcrumb\",\"itemListElement\":[{\"@type\":\"ListItem\",\"position\":1,\"name\":\"Home\",\"item\":\"https:\/\/mtroyal.com.tr\/tr\/\"},{\"@type\":\"ListItem\",\"position\":2,\"name\":\"\u0130leti\u015fim\"}]},{\"@type\":\"WebSite\",\"@id\":\"https:\/\/mtroyal.com.tr\/tr\/#website\",\"url\":\"https:\/\/mtroyal.com.tr\/tr\/\",\"name\":\"MTROYAL\",\"description\":\"\",\"publisher\":{\"@id\":\"https:\/\/mtroyal.com.tr\/tr\/#organization\"},\"potentialAction\":[{\"@type\":\"SearchAction\",\"target\":{\"@type\":\"EntryPoint\",\"urlTemplate\":\"https:\/\/mtroyal.com.tr\/tr\/?s={search_term_string}\"},\"query-input\":{\"@type\":\"PropertyValueSpecification\",\"valueRequired\":true,\"valueName\":\"search_term_string\"}}],\"inLanguage\":\"tr\"},{\"@type\":\"Organization\",\"@id\":\"https:\/\/mtroyal.com.tr\/tr\/#organization\",\"name\":\"MTROYAL\",\"url\":\"https:\/\/mtroyal.com.tr\/tr\/\",\"logo\":{\"@type\":\"ImageObject\",\"inLanguage\":\"tr\",\"@id\":\"https:\/\/mtroyal.com.tr\/tr\/#\/schema\/logo\/image\/\",\"url\":\"https:\/\/mtroyal.com.tr\/tr\/wp-content\/uploads\/2023\/12\/mt-logo.png\",\"contentUrl\":\"https:\/\/mtroyal.com.tr\/tr\/wp-content\/uploads\/2023\/12\/mt-logo.png\",\"width\":313,\"height\":261,\"caption\":\"MTROYAL\"},\"image\":{\"@id\":\"https:\/\/mtroyal.com.tr\/tr\/#\/schema\/logo\/image\/\"}},false]}<\/script>\n<!-- \/ Yoast SEO Premium plugin. -->","yoast_head_json":{"title":"\u0130leti\u015fim - MTROYAL","robots":{"index":"index","follow":"follow","max-snippet":"max-snippet:-1","max-image-preview":"max-image-preview:large","max-video-preview":"max-video-preview:-1"},"canonical":"https:\/\/mtroyal.com.tr\/tr\/contact\/","og_locale":"tr_TR","og_type":"article","og_title":"\u0130leti\u015fim","og_description":"[vc_row css=&#8221;.vc_custom_1497126171788{background-position: center !important;background-repeat: no-repeat !important;background-size: cover !important;}&#8221;][vc_column width=&#8221;1\/2&#8243; css=&#8221;.vc_custom_1536986800152{padding-right: 20px ...","og_url":"https:\/\/mtroyal.com.tr\/tr\/contact\/","og_site_name":"MTROYAL","article_modified_time":"2025-09-28T06:52:31+00:00","twitter_card":"summary_large_image","schema":{"@context":"https:\/\/schema.org","@graph":[{"@type":"WebPage","@id":"https:\/\/mtroyal.com.tr\/tr\/contact\/","url":"https:\/\/mtroyal.com.tr\/tr\/contact\/","name":"\u0130leti\u015fim - MTROYAL","isPartOf":{"@id":"https:\/\/mtroyal.com.tr\/tr\/#website"},"datePublished":"2018-05-29T11:14:04+00:00","dateModified":"2025-09-28T06:52:31+00:00","breadcrumb":{"@id":"https:\/\/mtroyal.com.tr\/tr\/contact\/#breadcrumb"},"inLanguage":"tr","potentialAction":[{"@type":"ReadAction","target":["https:\/\/mtroyal.com.tr\/tr\/contact\/"]}]},{"@type":"BreadcrumbList","@id":"https:\/\/mtroyal.com.tr\/tr\/contact\/#breadcrumb","itemListElement":[{"@type":"ListItem","position":1,"name":"Home","item":"https:\/\/mtroyal.com.tr\/tr\/"},{"@type":"ListItem","position":2,"name":"\u0130leti\u015fim"}]},{"@type":"WebSite","@id":"https:\/\/mtroyal.com.tr\/tr\/#website","url":"https:\/\/mtroyal.com.tr\/tr\/","name":"MTROYAL","description":"","publisher":{"@id":"https:\/\/mtroyal.com.tr\/tr\/#organization"},"potentialAction":[{"@type":"SearchAction","target":{"@type":"EntryPoint","urlTemplate":"https:\/\/mtroyal.com.tr\/tr\/?s={search_term_string}"},"query-input":{"@type":"PropertyValueSpecification","valueRequired":true,"valueName":"search_term_string"}}],"inLanguage":"tr"},{"@type":"Organization","@id":"https:\/\/mtroyal.com.tr\/tr\/#organization","name":"MTROYAL","url":"https:\/\/mtroyal.com.tr\/tr\/","logo":{"@type":"ImageObject","inLanguage":"tr","@id":"https:\/\/mtroyal.com.tr\/tr\/#\/schema\/logo\/image\/","url":"https:\/\/mtroyal.com.tr\/tr\/wp-content\/uploads\/2023\/12\/mt-logo.png","contentUrl":"https:\/\/mtroyal.com.tr\/tr\/wp-content\/uploads\/2023\/12\/mt-logo.png","width":313,"height":261,"caption":"MTROYAL"},"image":{"@id":"https:\/\/mtroyal.com.tr\/tr\/#\/schema\/logo\/image\/"}},false]}},"yasr_visitor_votes":{"stars_attributes":{"read_only":false,"span_bottom":false},"number_of_votes":0,"sum_votes":0},"_links":{"self":[{"href":"https:\/\/mtroyal.com.tr\/tr\/wp-json\/wp\/v2\/pages\/3072","targetHints":{"allow":["GET"]}}],"collection":[{"href":"https:\/\/mtroyal.com.tr\/tr\/wp-json\/wp\/v2\/pages"}],"about":[{"href":"https:\/\/mtroyal.com.tr\/tr\/wp-json\/wp\/v2\/types\/page"}],"author":[{"embeddable":true,"href":"https:\/\/mtroyal.com.tr\/tr\/wp-json\/wp\/v2\/users\/1"}],"replies":[{"embeddable":true,"href":"https:\/\/mtroyal.com.tr\/tr\/wp-json\/wp\/v2\/comments?post=3072"}],"version-history":[{"count":4,"href":"https:\/\/mtroyal.com.tr\/tr\/wp-json\/wp\/v2\/pages\/3072\/revisions"}],"predecessor-version":[{"id":11468,"href":"https:\/\/mtroyal.com.tr\/tr\/wp-json\/wp\/v2\/pages\/3072\/revisions\/11468"}],"wp:attachment":[{"href":"https:\/\/mtroyal.com.tr\/tr\/wp-json\/wp\/v2\/media?parent=3072"}],"curies":[{"name":"wp","href":"https:\/\/api.w.org\/{rel}","templated":true}]}}