{"id":3970,"date":"2023-07-15T12:29:24","date_gmt":"2023-07-15T09:29:24","guid":{"rendered":"https:\/\/mtroyal.com.tr\/tr\/?page_id=3970"},"modified":"2023-08-01T14:31:00","modified_gmt":"2023-08-01T11:31:00","slug":"ilac","status":"publish","type":"page","link":"https:\/\/mtroyal.com.tr\/tr\/ilac\/","title":{"rendered":"\u0130la\u00e7"},"content":{"rendered":"<figure style=\"width: 900px\" class=\"wp-caption aligncenter\"><img decoding=\"async\" title=\"\u0130la\u00e7 hammaddeleri\" src=\"data:image\/svg+xml,%3Csvg%20xmlns%3D&#39;http%3A%2F%2Fwww.w3.org%2F2000%2Fsvg&#39;%20width=&#39;900&#39;%20height=&#39;600&#39;%20viewBox%3D&#39;0%200%20900%20600&#39;%2F%3E\" data-czlz data-src=\"https:\/\/mtroyal.com.tr\/tr\/files\/7-23\/%C4%B0la%C3%A7%20hammaddeleri.jpg\" alt=\"\u0130la\u00e7 hammaddeleri\" width=\"900\" height=\"600\" \/><figcaption class=\"wp-caption-text\">\u0130la\u00e7 hammaddeleri<\/figcaption><\/figure>\n<h3><span style=\"color: #ff6600;\">\u0130la\u00e7 end\u00fcstrisinin hammaddeleri nelerdir?<\/span><\/h3>\n<p>\u0130la\u00e7 end\u00fcstrisi, y\u0131ll\u0131k 400 milyar dolarl\u0131k sat\u0131\u015fla kimya end\u00fcstrisinin en b\u00fcy\u00fck kollar\u0131ndan birini olu\u015fturuyor, bu nedenle \u00fcretim s\u00fcrecinde y\u00fczlerce farkl\u0131 kimyasal ve bile\u015fik kullan\u0131lmas\u0131 \u015fa\u015f\u0131rt\u0131c\u0131 de\u011fil. A\u015fa\u011f\u0131daki liste, bir\u00e7ok \u015firketin rekabet\u00e7i kalabilmesi ve sekt\u00f6rlerinde \u00f6n s\u0131ralarda yer alabilmesi i\u00e7in ihtiya\u00e7 duydu\u011fu hammaddelerin yan\u0131 s\u0131ra en sevdi\u011finiz \u00fcr\u00fcn ve ila\u00e7lar\u0131 yapmak i\u00e7in kullan\u0131lanlar\u0131 i\u00e7ermektedir. Hammadde Kategorileri Kaliteli ila\u00e7 \u00fcretebilmek i\u00e7in \u00fcreticiler taraf\u0131ndan \u00e7ok \u00e7e\u015fitli hammaddelerin kullan\u0131lmas\u0131 gerekmektedir. Bunlar, bitkiler, hayvanlar, mineraller ve kimyasal bile\u015fikler gibi farkl\u0131 kaynaklardan elde edilen tozlar\u0131 ve s\u0131v\u0131lar\u0131 i\u00e7erir. Belirli bir ila\u00e7 i\u00e7in gereken malzemenin t\u00fcr\u00fc, amac\u0131na ba\u011fl\u0131d\u0131r. \u0130la\u00e7lar\u0131n bir par\u00e7as\u0131n\u0131 olu\u015fturan kimyasallar\u0131n \u00e7o\u011fu, petrol veya do\u011fal gaz yataklar\u0131ndan elde edilir. \u00d6rne\u011fin, a\u011fr\u0131 kesicilerde bulunan aktif maddeler morfin (ha\u015fha\u015f tohumlar\u0131ndan elde edilir), aspirin (beyaz s\u00f6\u011f\u00fct kabu\u011fundan) veya asetaminofen (k\u00f6m\u00fcr katran\u0131ndan) i\u00e7erebilir. \u015eimdiye kadar, aktif farmas\u00f6tik bile\u015fenlerin (API&#8217;ler) \u00e7o\u011fu bitki kaynaklar\u0131ndan gelmektedir; yakla\u015f\u0131k y\u00fczde 40&#8217;\u0131 odunsu bitkilerden, y\u00fczde 35&#8217;i ise a\u011fa\u00e7 ve \u00e7al\u0131lardan geliyor. Geri kalan y\u00fczde 25 ise a\u011f\u0131rl\u0131kl\u0131 olarak sebzelerden elde ediliyor. MT ROYAL Firmas\u0131 olarak size bu hammadele hakk\u0131nda detayl\u0131 bilgileri payla\u015f\u0131yoruz.<\/p>\n<p>&nbsp;<\/p>\n<h3><span style=\"color: #ff6600;\">\u0130la\u00e7 End\u00fcstrisinde Hammaddeler: T\u0131bbi Kimyasallar<\/span><\/h3>\n<p>Bug\u00fcn\u00fcn ila\u00e7 end\u00fcstrisi i\u00e7in \u00f6nemli olabilecek bir\u00e7ok t\u0131bbi kimyasal kategorisi vard\u0131r. Antibiyotikler, analjezikler, anti-enfektif, antihistaminikler, antiinflamatuar ila\u00e7lar, antikoag\u00fclanlar (kan suland\u0131r\u0131c\u0131lar), beta blokerler ve kalsiyum kanal blokerleri (y\u00fcksek tansiyon i\u00e7in) gibi kardiyovask\u00fcler ila\u00e7lar, merkezi sinir sistemini i\u00e7erir ancak bunlarla s\u0131n\u0131rl\u0131 de\u011fildir. antipsikotikler ve antidepresanlar gibi ila\u00e7lar. Yayg\u0131n olarak kullan\u0131lan ba\u015fka bir kimyasal t\u00fcr\u00fc, libidoyu veya testosteron ve \u00f6strojen gibi hormonlar\u0131 iyile\u015ftirmek i\u00e7in hormon replasman tedavisidir. Bunlar\u0131n hepsi, bug\u00fcn piyasada yeni ila\u00e7lara yol a\u00e7abilecek kimya temelli molek\u00fcllerin b\u00fcy\u00fck bir listesini olu\u015fturuyor. Bununla birlikte, hastal\u0131klar\u0131 iyile\u015ftirmeyen ancak v\u00fccudunuzda tutunmalar\u0131n\u0131 engelleyen a\u015f\u0131lar olarak adland\u0131r\u0131lan ba\u015fka bir kategori daha vard\u0131r.<\/p>\n<p>&nbsp;<\/p>\n<h3><span style=\"color: #ff6600;\">\u0130la\u00e7 End\u00fcstrisinde Hammaddeler: Hayvan Besleme \u00dcr\u00fcnleri<\/span><\/h3>\n<p>Hayvan besleme \u00fcr\u00fcnleri bir\u00e7ok \u015firketin her zaman en h\u0131zl\u0131 geli\u015fen segmenti olmu\u015ftur. \u015eu anda, hayvanc\u0131l\u0131k i\u00e7in multi-vitamin-mineral premiks, su \u00fcr\u00fcnleri yeti\u015ftiricili\u011fi i\u00e7in k\u00fcmes hayvan\u0131 katk\u0131 maddesi, bal\u0131k yeti\u015ftiricili\u011fi i\u00e7in karma yem katk\u0131 maddeleri ve benzeri dahil olmak \u00fczere \u00e7e\u015fitli y\u00fcksek kaliteli hayvan yemi katk\u0131 maddelerini ba\u015far\u0131yla geli\u015ftirdik ve sat\u0131n ald\u0131k. Bu \u00fcr\u00fcnler, hayvan\u0131n ba\u011f\u0131\u015f\u0131kl\u0131k sistemini ve sa\u011fl\u0131k bak\u0131m durumunu iyile\u015ftirerek hayvansal \u00fcretimi art\u0131rmay\u0131 ama\u00e7lar; onlar\u0131 hastal\u0131klardan korumak; depolama ve nakliye s\u0131ras\u0131nda yem kayb\u0131n\u0131n azalt\u0131lmas\u0131; besin kullan\u0131m oran\u0131n\u0131 art\u0131rarak hayvanlar\u0131n b\u00fcy\u00fcme verimlili\u011fini art\u0131rmak; stres seviyelerini en aza indirmek; \u00fcreme d\u00f6ng\u00fclerini k\u0131saltma vb. MT ROYAL Firmas\u0131 olarak, yukar\u0131daki faaliyetler, \u00fcr\u00fcn kalitesi ile hizmet seviyesi aras\u0131nda ideal bir kombinasyon elde etmeyi m\u00fcmk\u00fcn k\u0131lar.<\/p>\n<figure style=\"width: 900px\" class=\"wp-caption aligncenter\"><img decoding=\"async\" title=\"\u0130la\u00e7 hammaddeleri\" src=\"data:image\/svg+xml,%3Csvg%20xmlns%3D&#39;http%3A%2F%2Fwww.w3.org%2F2000%2Fsvg&#39;%20width=&#39;900&#39;%20height=&#39;300&#39;%20viewBox%3D&#39;0%200%20900%20300&#39;%2F%3E\" data-czlz data-src=\"https:\/\/mtroyal.com.tr\/tr\/files\/7-23\/%C4%B0la%C3%A7%20Blog.jpg\" alt=\"\u0130la\u00e7 hammaddeleri\" width=\"900\" height=\"300\" \/><figcaption class=\"wp-caption-text\">\u0130la\u00e7 hammaddeleri<\/figcaption><\/figure>\n<h3><span style=\"color: #ff6600;\">Farmas\u00f6tik Hammaddelerin Ambalaj\u0131<\/span><\/h3>\n<p>\u0130la\u00e7 end\u00fcstrisinde paketlemenin de m\u00fckemmel ve hassas olmas\u0131 gerekir. \u0130la\u00e7 end\u00fcstrisinde paketleme i\u00e7in kullan\u0131lan hammaddeler aras\u0131nda plastik, polimer, cam, al\u00fcminyum folyo, ka\u011f\u0131t ve daha fazlas\u0131 bulunur. Ambalajlama, \u00e7e\u015fitlendirilmi\u015f hammadde kullan\u0131m\u0131 nedeniyle ila\u00e7 i\u00e7in ayr\u0131 bir kategori haline getirilmi\u015ftir. \u0130la\u00e7 ambalaj malzemeleri pazar\u0131nda en b\u00fcy\u00fck pay Kuzey Amerika ve Avrupa b\u00f6lgelerine aittir. \u0130la\u00e7 teknolojilerindeki ilerlemeler, ila\u00e7 sekt\u00f6r\u00fcnde yenilik\u00e7i ambalaj kullan\u0131m\u0131n\u0131 ba\u015flatmakta ve \u00e7e\u015fitli ambalaj malzemelerine olan talebi art\u0131rmaktad\u0131r.<\/p>\n<p>Sonu\u00e7 olarak kaliteli kimyasal hammaddeler, i\u015fletmelerin g\u00fcvenli ve kaliteli \u00fcr\u00fcnler \u00fcretebilmeleri i\u00e7in \u00e7ok \u00f6nemlidir. \u0130\u015fletmelerin gerekli standartlar\u0131 sa\u011flamas\u0131 ve t\u00fcketicilere g\u00fcvenli ve g\u00fcvenilir \u00fcr\u00fcnler sunmas\u0131 i\u00e7in ilgili mevzuata uyum gereklidir. \u0130\u015fletmeler, d\u00fczenlemelere uyarak uyumsuzluk risklerinden ka\u00e7\u0131nabilir ve t\u00fcketiciler aras\u0131nda olumlu bir itibar sa\u011flayabilir. Bu konuda MT ROYAL olarak gereken t\u00fcm tedbirleri almaktay\u0131z.<\/p>\n<p>&nbsp;<\/p>\n<h3><span style=\"color: #ff6600;\">MT ROYAL CO Size Nas\u0131l Yard\u0131mc\u0131 Olabilir?<\/span><\/h3>\n<p>Hammaddeler, ila\u00e7 \u00fcretimi i\u00e7in gerekli olan, yani steril bile\u015fenler, paketleme ve yard\u0131mc\u0131 maddelerdir. Steril bile\u015fenler, ila\u00e7lar ve ara maddeler, eksipiyanlar ve seyrelticiler gibi aktif bile\u015fenleri ifade eder. Paketleme, belirli \u00f6zelliklere sahip sterilize edilmi\u015f kutular\u0131, torbalar\u0131 veya t\u00fcpleri ifade eder. Yard\u0131mc\u0131 maddeler, magnezyum stearat veya talk tozu gibi kayganla\u015ft\u0131r\u0131c\u0131lar\u0131 i\u00e7erir. \u0130lk \u00fc\u00e7 hammadde kategorisi, i\u015flevlerine g\u00f6re t\u0131bbi kimyasallar ve t\u0131bbi olmayan kimyasallar olarak ayr\u0131labilir. MT ROYAL olarak sipari\u015fin t\u00fcm a\u015famas\u0131nda sizlere yard\u0131mc\u0131 oluruz.<\/p>\n<div style='text-align:center' class='yasr-auto-insert-visitor'><\/div>","protected":false},"excerpt":{"rendered":"<p>\u0130la\u00e7 end\u00fcstrisinin hammaddeleri nelerdir? \u0130la\u00e7 end\u00fcstrisi, y\u0131ll\u0131k 400 milyar dolarl\u0131k sat\u0131\u015fla &#8230; <\/p>\n","protected":false},"author":1,"featured_media":0,"parent":0,"menu_order":0,"comment_status":"closed","ping_status":"closed","template":"","meta":{"yasr_overall_rating":0,"yasr_post_is_review":"","yasr_auto_insert_disabled":"","yasr_review_type":"","footnotes":""},"class_list":["post-3970","page","type-page","status-publish","hentry"],"yoast_head":"<!-- This site is optimized with the Yoast SEO Premium plugin v24.5 (Yoast SEO v26.6) - https:\/\/yoast.com\/wordpress\/plugins\/seo\/ -->\n<title>\u0130la\u00e7 End\u00fcstrisinde Kullan\u0131lan Hammaddeler - MTROYAL<\/title>\n<meta name=\"description\" content=\"\u0130la\u00e7-Farmas\u00f6tik Hammaddelerin Ambalaj\u0131-\u0130la\u00e7 End\u00fcstrisinde Hammaddeler: Hayvan Besleme \u00dcr\u00fcnleri-MT ROYAL-\u0130la\u00e7 End\u00fcstrisinde Hammaddeler\" \/>\n<meta name=\"robots\" content=\"index, follow, max-snippet:-1, max-image-preview:large, max-video-preview:-1\" \/>\n<link rel=\"canonical\" href=\"https:\/\/mtroyal.com.tr\/tr\/ilac\/\" \/>\n<meta property=\"og:locale\" content=\"tr_TR\" \/>\n<meta property=\"og:type\" content=\"article\" \/>\n<meta property=\"og:title\" content=\"\u0130la\u00e7\" \/>\n<meta property=\"og:description\" content=\"\u0130la\u00e7-Farmas\u00f6tik Hammaddelerin Ambalaj\u0131-\u0130la\u00e7 End\u00fcstrisinde Hammaddeler: Hayvan Besleme \u00dcr\u00fcnleri-MT ROYAL-\u0130la\u00e7 End\u00fcstrisinde Hammaddeler\" \/>\n<meta property=\"og:url\" content=\"https:\/\/mtroyal.com.tr\/tr\/ilac\/\" \/>\n<meta property=\"og:site_name\" content=\"MTROYAL\" \/>\n<meta property=\"article:modified_time\" content=\"2023-08-01T11:31:00+00:00\" \/>\n<meta property=\"og:image\" content=\"https:\/\/mtroyal.com.tr\/tr\/files\/7-23\/%C4%B0la%C3%A7%20hammaddeleri.jpg\" \/>\n<meta name=\"twitter:card\" content=\"summary_large_image\" \/>\n<script type=\"application\/ld+json\" class=\"yoast-schema-graph\">{\"@context\":\"https:\/\/schema.org\",\"@graph\":[{\"@type\":\"WebPage\",\"@id\":\"https:\/\/mtroyal.com.tr\/tr\/ilac\/\",\"url\":\"https:\/\/mtroyal.com.tr\/tr\/ilac\/\",\"name\":\"\u0130la\u00e7 End\u00fcstrisinde Kullan\u0131lan Hammaddeler - MTROYAL\",\"isPartOf\":{\"@id\":\"https:\/\/mtroyal.com.tr\/tr\/#website\"},\"primaryImageOfPage\":{\"@id\":\"https:\/\/mtroyal.com.tr\/tr\/ilac\/#primaryimage\"},\"image\":{\"@id\":\"https:\/\/mtroyal.com.tr\/tr\/ilac\/#primaryimage\"},\"thumbnailUrl\":\"https:\/\/mtroyal.com.tr\/tr\/files\/7-23\/%C4%B0la%C3%A7%20hammaddeleri.jpg\",\"datePublished\":\"2023-07-15T09:29:24+00:00\",\"dateModified\":\"2023-08-01T11:31:00+00:00\",\"description\":\"\u0130la\u00e7-Farmas\u00f6tik Hammaddelerin Ambalaj\u0131-\u0130la\u00e7 End\u00fcstrisinde Hammaddeler: Hayvan Besleme \u00dcr\u00fcnleri-MT ROYAL-\u0130la\u00e7 End\u00fcstrisinde Hammaddeler\",\"breadcrumb\":{\"@id\":\"https:\/\/mtroyal.com.tr\/tr\/ilac\/#breadcrumb\"},\"inLanguage\":\"tr\",\"potentialAction\":[{\"@type\":\"ReadAction\",\"target\":[\"https:\/\/mtroyal.com.tr\/tr\/ilac\/\"]}]},{\"@type\":\"ImageObject\",\"inLanguage\":\"tr\",\"@id\":\"https:\/\/mtroyal.com.tr\/tr\/ilac\/#primaryimage\",\"url\":\"https:\/\/mtroyal.com.tr\/tr\/files\/7-23\/%C4%B0la%C3%A7%20hammaddeleri.jpg\",\"contentUrl\":\"https:\/\/mtroyal.com.tr\/tr\/files\/7-23\/%C4%B0la%C3%A7%20hammaddeleri.jpg\"},{\"@type\":\"BreadcrumbList\",\"@id\":\"https:\/\/mtroyal.com.tr\/tr\/ilac\/#breadcrumb\",\"itemListElement\":[{\"@type\":\"ListItem\",\"position\":1,\"name\":\"Home\",\"item\":\"https:\/\/mtroyal.com.tr\/tr\/\"},{\"@type\":\"ListItem\",\"position\":2,\"name\":\"\u0130la\u00e7\"}]},{\"@type\":\"WebSite\",\"@id\":\"https:\/\/mtroyal.com.tr\/tr\/#website\",\"url\":\"https:\/\/mtroyal.com.tr\/tr\/\",\"name\":\"MTROYAL\",\"description\":\"\",\"publisher\":{\"@id\":\"https:\/\/mtroyal.com.tr\/tr\/#organization\"},\"potentialAction\":[{\"@type\":\"SearchAction\",\"target\":{\"@type\":\"EntryPoint\",\"urlTemplate\":\"https:\/\/mtroyal.com.tr\/tr\/?s={search_term_string}\"},\"query-input\":{\"@type\":\"PropertyValueSpecification\",\"valueRequired\":true,\"valueName\":\"search_term_string\"}}],\"inLanguage\":\"tr\"},{\"@type\":\"Organization\",\"@id\":\"https:\/\/mtroyal.com.tr\/tr\/#organization\",\"name\":\"MTROYAL\",\"url\":\"https:\/\/mtroyal.com.tr\/tr\/\",\"logo\":{\"@type\":\"ImageObject\",\"inLanguage\":\"tr\",\"@id\":\"https:\/\/mtroyal.com.tr\/tr\/#\/schema\/logo\/image\/\",\"url\":\"https:\/\/mtroyal.com.tr\/tr\/wp-content\/uploads\/2023\/12\/mt-logo.png\",\"contentUrl\":\"https:\/\/mtroyal.com.tr\/tr\/wp-content\/uploads\/2023\/12\/mt-logo.png\",\"width\":313,\"height\":261,\"caption\":\"MTROYAL\"},\"image\":{\"@id\":\"https:\/\/mtroyal.com.tr\/tr\/#\/schema\/logo\/image\/\"}},false]}<\/script>\n<!-- \/ Yoast SEO Premium plugin. -->","yoast_head_json":{"title":"\u0130la\u00e7 End\u00fcstrisinde Kullan\u0131lan Hammaddeler - MTROYAL","description":"\u0130la\u00e7-Farmas\u00f6tik Hammaddelerin Ambalaj\u0131-\u0130la\u00e7 End\u00fcstrisinde Hammaddeler: Hayvan Besleme \u00dcr\u00fcnleri-MT ROYAL-\u0130la\u00e7 End\u00fcstrisinde Hammaddeler","robots":{"index":"index","follow":"follow","max-snippet":"max-snippet:-1","max-image-preview":"max-image-preview:large","max-video-preview":"max-video-preview:-1"},"canonical":"https:\/\/mtroyal.com.tr\/tr\/ilac\/","og_locale":"tr_TR","og_type":"article","og_title":"\u0130la\u00e7","og_description":"\u0130la\u00e7-Farmas\u00f6tik Hammaddelerin Ambalaj\u0131-\u0130la\u00e7 End\u00fcstrisinde Hammaddeler: Hayvan Besleme \u00dcr\u00fcnleri-MT ROYAL-\u0130la\u00e7 End\u00fcstrisinde Hammaddeler","og_url":"https:\/\/mtroyal.com.tr\/tr\/ilac\/","og_site_name":"MTROYAL","article_modified_time":"2023-08-01T11:31:00+00:00","og_image":[{"url":"https:\/\/mtroyal.com.tr\/tr\/files\/7-23\/%C4%B0la%C3%A7%20hammaddeleri.jpg","type":"","width":"","height":""}],"twitter_card":"summary_large_image","schema":{"@context":"https:\/\/schema.org","@graph":[{"@type":"WebPage","@id":"https:\/\/mtroyal.com.tr\/tr\/ilac\/","url":"https:\/\/mtroyal.com.tr\/tr\/ilac\/","name":"\u0130la\u00e7 End\u00fcstrisinde Kullan\u0131lan Hammaddeler - MTROYAL","isPartOf":{"@id":"https:\/\/mtroyal.com.tr\/tr\/#website"},"primaryImageOfPage":{"@id":"https:\/\/mtroyal.com.tr\/tr\/ilac\/#primaryimage"},"image":{"@id":"https:\/\/mtroyal.com.tr\/tr\/ilac\/#primaryimage"},"thumbnailUrl":"https:\/\/mtroyal.com.tr\/tr\/files\/7-23\/%C4%B0la%C3%A7%20hammaddeleri.jpg","datePublished":"2023-07-15T09:29:24+00:00","dateModified":"2023-08-01T11:31:00+00:00","description":"\u0130la\u00e7-Farmas\u00f6tik Hammaddelerin Ambalaj\u0131-\u0130la\u00e7 End\u00fcstrisinde Hammaddeler: Hayvan Besleme \u00dcr\u00fcnleri-MT ROYAL-\u0130la\u00e7 End\u00fcstrisinde Hammaddeler","breadcrumb":{"@id":"https:\/\/mtroyal.com.tr\/tr\/ilac\/#breadcrumb"},"inLanguage":"tr","potentialAction":[{"@type":"ReadAction","target":["https:\/\/mtroyal.com.tr\/tr\/ilac\/"]}]},{"@type":"ImageObject","inLanguage":"tr","@id":"https:\/\/mtroyal.com.tr\/tr\/ilac\/#primaryimage","url":"https:\/\/mtroyal.com.tr\/tr\/files\/7-23\/%C4%B0la%C3%A7%20hammaddeleri.jpg","contentUrl":"https:\/\/mtroyal.com.tr\/tr\/files\/7-23\/%C4%B0la%C3%A7%20hammaddeleri.jpg"},{"@type":"BreadcrumbList","@id":"https:\/\/mtroyal.com.tr\/tr\/ilac\/#breadcrumb","itemListElement":[{"@type":"ListItem","position":1,"name":"Home","item":"https:\/\/mtroyal.com.tr\/tr\/"},{"@type":"ListItem","position":2,"name":"\u0130la\u00e7"}]},{"@type":"WebSite","@id":"https:\/\/mtroyal.com.tr\/tr\/#website","url":"https:\/\/mtroyal.com.tr\/tr\/","name":"MTROYAL","description":"","publisher":{"@id":"https:\/\/mtroyal.com.tr\/tr\/#organization"},"potentialAction":[{"@type":"SearchAction","target":{"@type":"EntryPoint","urlTemplate":"https:\/\/mtroyal.com.tr\/tr\/?s={search_term_string}"},"query-input":{"@type":"PropertyValueSpecification","valueRequired":true,"valueName":"search_term_string"}}],"inLanguage":"tr"},{"@type":"Organization","@id":"https:\/\/mtroyal.com.tr\/tr\/#organization","name":"MTROYAL","url":"https:\/\/mtroyal.com.tr\/tr\/","logo":{"@type":"ImageObject","inLanguage":"tr","@id":"https:\/\/mtroyal.com.tr\/tr\/#\/schema\/logo\/image\/","url":"https:\/\/mtroyal.com.tr\/tr\/wp-content\/uploads\/2023\/12\/mt-logo.png","contentUrl":"https:\/\/mtroyal.com.tr\/tr\/wp-content\/uploads\/2023\/12\/mt-logo.png","width":313,"height":261,"caption":"MTROYAL"},"image":{"@id":"https:\/\/mtroyal.com.tr\/tr\/#\/schema\/logo\/image\/"}},false]}},"yasr_visitor_votes":{"stars_attributes":{"read_only":false,"span_bottom":false},"number_of_votes":0,"sum_votes":0},"_links":{"self":[{"href":"https:\/\/mtroyal.com.tr\/tr\/wp-json\/wp\/v2\/pages\/3970","targetHints":{"allow":["GET"]}}],"collection":[{"href":"https:\/\/mtroyal.com.tr\/tr\/wp-json\/wp\/v2\/pages"}],"about":[{"href":"https:\/\/mtroyal.com.tr\/tr\/wp-json\/wp\/v2\/types\/page"}],"author":[{"embeddable":true,"href":"https:\/\/mtroyal.com.tr\/tr\/wp-json\/wp\/v2\/users\/1"}],"replies":[{"embeddable":true,"href":"https:\/\/mtroyal.com.tr\/tr\/wp-json\/wp\/v2\/comments?post=3970"}],"version-history":[{"count":0,"href":"https:\/\/mtroyal.com.tr\/tr\/wp-json\/wp\/v2\/pages\/3970\/revisions"}],"wp:attachment":[{"href":"https:\/\/mtroyal.com.tr\/tr\/wp-json\/wp\/v2\/media?parent=3970"}],"curies":[{"name":"wp","href":"https:\/\/api.w.org\/{rel}","templated":true}]}}