{"id":3972,"date":"2023-07-15T12:34:21","date_gmt":"2023-07-15T09:34:21","guid":{"rendered":"https:\/\/mtroyal.com.tr\/tr\/?page_id=3972"},"modified":"2023-08-01T14:35:54","modified_gmt":"2023-08-01T11:35:54","slug":"kimyasallar","status":"publish","type":"page","link":"https:\/\/mtroyal.com.tr\/tr\/kimyasallar\/","title":{"rendered":"Kimyasallar"},"content":{"rendered":"<figure style=\"width: 900px\" class=\"wp-caption aligncenter\"><img decoding=\"async\" title=\"Kimyasallar\" src=\"data:image\/svg+xml,%3Csvg%20xmlns%3D&#39;http%3A%2F%2Fwww.w3.org%2F2000%2Fsvg&#39;%20width=&#39;900&#39;%20height=&#39;600&#39;%20viewBox%3D&#39;0%200%20900%20600&#39;%2F%3E\" data-czlz data-src=\"https:\/\/mtroyal.com.tr\/tr\/files\/7-23\/Kimyasallar.jpg\" alt=\"Kimyasallar\" width=\"900\" height=\"600\" \/><figcaption class=\"wp-caption-text\">Kimyasallar<\/figcaption><\/figure>\n<p>Kimyasal hammaddeler, end\u00fcstriyel \u00fcretimin \u00f6nemli bir par\u00e7as\u0131d\u0131r. \u0130la\u00e7lar, kozmetikler ve b\u00f6cek ila\u00e7lar\u0131 dahil olmak \u00fczere \u00e7e\u015fitli \u00fcr\u00fcnlerin \u00fcretilmesine yard\u0131mc\u0131 olurlar. End\u00fcstriyel kullan\u0131m i\u00e7in se\u00e7ilen hammaddelerin y\u00fcksek kalitede olmas\u0131n\u0131 sa\u011flamak i\u00e7in \u00f6nemli olan farkl\u0131 nitelikleri anlamak \u00f6nemlidir. Kaliteli kimyasal hammaddeler bir\u00e7ok end\u00fcstride \u00f6nemli bir rol oynamaktad\u0131r. Farmas\u00f6tik, kozmetik ve b\u00f6cek ila\u00e7lar\u0131 dahil olmak \u00fczere geni\u015f bir \u00fcr\u00fcn yelpazesi \u00fcretmek i\u00e7in kullan\u0131l\u0131rlar.<\/p>\n<p>G\u00fcvenilir \u00fcr\u00fcnlerin \u00fcretimini sa\u011flamak i\u00e7in y\u00fcksek kaliteli hammadde se\u00e7imi \u00f6nemlidir. MT ROYAL Firmas\u0131 olarak bu kapsamda kaliteli kimyasal hammaddeler ararken dikkate al\u0131nmas\u0131 gereken temel fakt\u00f6rlere derinlemesine bir bak\u0131\u015f sa\u011flayacakt\u0131r. Ham maddenin safl\u0131\u011f\u0131, ham maddenin kayna\u011f\u0131, tedarik\u00e7inin itibar\u0131, analitik testler, kalite kontrol ve mevzuata uygunluk gibi kritik hususlar\u0131 kapsayacakt\u0131r. \u0130\u015fletmeler bu fakt\u00f6rleri dikkate alarak, gerekli standartlar\u0131 kar\u015f\u0131layan ve kullan\u0131m i\u00e7in g\u00fcvenli olan y\u00fcksek kaliteli hammaddeler kulland\u0131klar\u0131ndan emin olabilirler.<\/p>\n<h3><span style=\"color: #ff6600;\">Kaliteli Kimyasal Hammaddelerin \u00d6nemi<\/span><\/h3>\n<p>Asl\u0131nda Kaliteli kimyasal hammadde kullanman\u0131n \u00f6nemi g\u00f6z ard\u0131 edilemez. Kimyasal hammaddeler, ila\u00e7, kozmetik, g\u0131da ve i\u00e7ecek dahil olmak \u00fczere bir\u00e7ok end\u00fcstrinin temelidir. Kullan\u0131lan hammaddenin kalitesi nihai \u00fcr\u00fcn\u00fcn g\u00fcvenli\u011fi, etkinli\u011fi ve genel kalitesi \u00fczerinde \u00f6nemli bir etkiye sahip olabilir. Y\u00fcksek kaliteli kimyasal hammaddelerin kullan\u0131lmas\u0131, nihai \u00fcr\u00fcn\u00fcn gerekli standartlar\u0131 kar\u015f\u0131lamas\u0131n\u0131 ve kullan\u0131m i\u00e7in g\u00fcvenli olmas\u0131n\u0131 sa\u011flar. \u00d6rne\u011fin, ila\u00e7 end\u00fcstrisinde, saf olmayan veya d\u00fc\u015f\u00fck kaliteli hammaddelerin kullan\u0131lmas\u0131, hastalar i\u00e7in sa\u011fl\u0131k riskleri olu\u015fturabilecek standart alt\u0131 ila\u00e7lar\u0131n \u00fcretilmesine yol a\u00e7abilir.<\/p>\n<h3><strong><em><span style=\"color: #ff6600;\">Kozmetik end\u00fcstrisinde<\/span><\/em><\/strong><\/h3>\n<p>Kozmetik end\u00fcstrisinde, d\u00fc\u015f\u00fck kaliteli hammaddelerin kullan\u0131lmas\u0131, cilt tahri\u015fine veya di\u011fer olumsuz reaksiyonlara neden olan \u00fcr\u00fcnlerin \u00fcretilmesine yol a\u00e7abilir. Benzer \u015fekilde, g\u0131da end\u00fcstrisinde kontamine veya d\u00fc\u015f\u00fck kaliteli ham maddelerin kullan\u0131lmas\u0131, hastal\u0131\u011fa veya g\u0131da kaynakl\u0131 hastal\u0131klara neden olabilecek g\u0131da \u00fcr\u00fcnlerinin \u00fcretilmesine yol a\u00e7abilmektedir. Y\u00fcksek kaliteli hammaddelerin kullan\u0131lmas\u0131, bir \u015firketin itibar\u0131n\u0131n korunmas\u0131na da yard\u0131mc\u0131 olabilir. Kaliteli hammaddeler kullanarak s\u00fcrekli olarak y\u00fcksek kaliteli \u00fcr\u00fcnler \u00fcreten \u015firketlerin sad\u0131k bir m\u00fc\u015fteri taban\u0131 ve olumlu bir marka imaj\u0131 olu\u015fturma olas\u0131l\u0131\u011f\u0131 daha y\u00fcksektir. Ayr\u0131ca kaliteli hammadde kullan\u0131m\u0131, \u00fcr\u00fcn geri \u00e7a\u011f\u0131rma ihtiyac\u0131n\u0131 ve yasal y\u00fck\u00fcml\u00fcl\u00fckleri azaltarak uzun vadede maliyet tasarrufu sa\u011flayabilir. Sonu\u00e7 olarak, g\u00fcvenli, etkili ve kaliteli \u00fcr\u00fcnler \u00fcretmek i\u00e7in kaliteli kimyasal hammadde kullanmak \u015fartt\u0131r. D\u00fc\u015f\u00fck kaliteli veya kirli ham maddelerin kullan\u0131lmas\u0131 sa\u011fl\u0131k ve g\u00fcvenlik riskleri olu\u015fturabilir, bir \u015firketin itibar\u0131na zarar verebilir ve mali kay\u0131plara yol a\u00e7abilir, Bu nedenle MT ROYAL ailesi olarak Kimyasallar alan\u0131nda y\u0131llar\u0131n bize katt\u0131\u011f\u0131 tecr\u00fcbe ile birlikte size t\u00fcm kaliteli \u00fcr\u00fcnlerin tedarik ve sevk i\u015flemlerini yapmaktay\u0131z.<\/p>\n<figure style=\"width: 900px\" class=\"wp-caption aligncenter\"><img decoding=\"async\" title=\"Kimyasallar\" src=\"data:image\/svg+xml,%3Csvg%20xmlns%3D&#39;http%3A%2F%2Fwww.w3.org%2F2000%2Fsvg&#39;%20width=&#39;900&#39;%20height=&#39;300&#39;%20viewBox%3D&#39;0%200%20900%20300&#39;%2F%3E\" data-czlz data-src=\"https:\/\/mtroyal.com.tr\/tr\/files\/7-23\/Kimyasal%20Blog.jpg\" alt=\"Kimyasallar\" width=\"900\" height=\"300\" \/><figcaption class=\"wp-caption-text\">Kimyasallar<\/figcaption><\/figure>\n<p><span style=\"color: #ff6600;\"><strong>Kaliteli Kimyasal Hammadde Ararken Dikkat Edilmesi Gereken Temel Fakt\u00f6rler Nedir<\/strong><\/span><\/p>\n<p><a href=\"https:\/\/mtroyal.com.tr\/tr\">MT ROYAL<\/a> Firmas\u0131 size Kaliteli kimyasal hammaddeler ararken, a\u015fa\u011f\u0131dakiler de dahil olmak \u00fczere dikkate al\u0131nmas\u0131 gereken birka\u00e7 temel fakt\u00f6r\u00fc sizin i\u00e7in a\u00e7\u0131klam\u0131\u015ft\u0131r.<\/p>\n<p><span style=\"color: #339966;\"><strong>Safl\u0131k:<\/strong><\/span> Hammaddenin safl\u0131\u011f\u0131, nihai \u00fcr\u00fcn\u00fcn g\u00fcvenli\u011fini ve etkinli\u011fini sa\u011flamak i\u00e7in \u00e7ok \u00f6nemlidir. Hammaddenin safs\u0131zl\u0131k i\u00e7ermemesi ve gerekli safl\u0131k standartlar\u0131n\u0131 kar\u015f\u0131lamas\u0131 \u00f6nemlidir.<\/p>\n<p><span style=\"color: #339966;\"><b>Kaynak:<\/b> <\/span>Hammaddenin kayna\u011f\u0131n\u0131n bilinmesi, g\u00fcvenilir ve sayg\u0131n bir tedarik\u00e7iden temin edilmesini sa\u011flamak i\u00e7in \u00f6nemlidir. Kayna\u011f\u0131 de\u011ferlendirirken dikkate al\u0131nmas\u0131 gereken fakt\u00f6rler, tedarik\u00e7inin itibar\u0131n\u0131, \u00fcretim uygulamalar\u0131n\u0131 ve sahip olduklar\u0131 sertifikalar\u0131 veya akreditasyonlar\u0131 i\u00e7erir.<\/p>\n<p><span style=\"color: #339966;\"><b>Tedarik\u00e7i \u0130tibar\u0131:<\/b><\/span> Tedarik\u00e7inin itibar\u0131, tedarik ettikleri hammaddelerin kalitesini yans\u0131tt\u0131\u011f\u0131 i\u00e7in \u00f6nemlidir. Y\u00fcksek kaliteli hammadde sa\u011flama ge\u00e7mi\u015fine sahip sayg\u0131n tedarik\u00e7ilerle \u00e7al\u0131\u015fmak esast\u0131r.<\/p>\n<p><span style=\"color: #339966;\"><b>Analitik Test:<\/b><\/span> Hammaddenin kalitesini ve safl\u0131\u011f\u0131n\u0131 sa\u011flamak i\u00e7in analitik testler kritik \u00f6neme sahiptir. Tedarik\u00e7inin ham maddenin safl\u0131\u011f\u0131n\u0131 do\u011frulamak i\u00e7in d\u00fczenli analitik testler ger\u00e7ekle\u015ftirmesini sa\u011flamak \u00f6nemlidir.<\/p>\n<p><span style=\"color: #339966;\"><b>Kalite Endi\u015fesi:<\/b> <\/span>Hammaddenin gerekli standartlar\u0131 kar\u015f\u0131lamas\u0131n\u0131 sa\u011flamak i\u00e7in tedarik\u00e7inin kalite kontrol sistemi \u00f6nemlidir. Sa\u011flam bir kalite kontrol sistemi, \u00fcretim s\u00fcrecinin her a\u015famas\u0131nda kontroller ve dengeler i\u00e7ermelidir.<\/p>\n<p><span style=\"color: #339966;\"><b>Mevzuata Ba\u011fl\u0131l\u0131k:<\/b><\/span> Hammadde tedarik\u00e7isi, hammaddenin g\u00fcvenli ve gerekli standartlar\u0131 kar\u015f\u0131lamas\u0131n\u0131 sa\u011flamak i\u00e7in ilgili d\u00fczenlemelere uymal\u0131d\u0131r. Tedarik\u00e7inin, \u0130yi \u00dcretim Uygulamalar\u0131 (GMP) ve Tehlike Analizi ve Kritik Kontrol Noktalar\u0131 (HACCP) gibi ilgili d\u00fczenlemelere uymas\u0131n\u0131 sa\u011flamak \u00f6nemlidir. \u0130\u015fletmeler, kaliteli kimyasal hammadde ararken bu fakt\u00f6rleri g\u00f6z \u00f6n\u00fcnde bulundurarak, gerekli standartlar\u0131 kar\u015f\u0131layan ve kullan\u0131m i\u00e7in g\u00fcvenli olan y\u00fcksek kaliteli hammaddeler kulland\u0131klar\u0131ndan emin olabilirler.<\/p>\n<p>MT ROYAL Firmas\u0131 olarak Kimyasallar alan\u0131nda, GIDA, \u0130la\u00e7lar, Kozmetik vs \u00fcr\u00fcnler alan\u0131nda gerek \u00fcretim ve ya tedarik a\u015famas\u0131nda size kaliteli \u00fcr\u00fcnleri sunmaktay\u0131z. Bu \u00fcr\u00fcnlerin \u0130thalat\u0131 ve ya ihracat\u0131 konusunda ayn\u0131 zamanda bizimle ileti\u015fime ge\u00e7ebilirsiniz .<\/p>\n<div style='text-align:center' class='yasr-auto-insert-visitor'><\/div>","protected":false},"excerpt":{"rendered":"<p>Kimyasal hammaddeler, end\u00fcstriyel \u00fcretimin \u00f6nemli bir par\u00e7as\u0131d\u0131r. \u0130la\u00e7lar, kozmetikler ve b\u00f6cek &#8230; <\/p>\n","protected":false},"author":1,"featured_media":0,"parent":0,"menu_order":0,"comment_status":"closed","ping_status":"closed","template":"","meta":{"yasr_overall_rating":0,"yasr_post_is_review":"","yasr_auto_insert_disabled":"","yasr_review_type":"","footnotes":""},"class_list":["post-3972","page","type-page","status-publish","hentry"],"yoast_head":"<!-- This site is optimized with the Yoast SEO Premium plugin v24.5 (Yoast SEO v26.6) - https:\/\/yoast.com\/wordpress\/plugins\/seo\/ -->\n<title>Kimyasallar - MTROYAL<\/title>\n<meta name=\"description\" content=\"Kimyasallar-Kaliteli Kimyasal Hammadde-Mevzuata Ba\u011fl\u0131l\u0131k-Kalite Endi\u015fesi-Tedarik\u00e7i \u0130tibar\u0131-Kaynak-Safl\u0131k-MT ROYAL Firmas\u0131-\" \/>\n<meta name=\"robots\" content=\"index, follow, max-snippet:-1, max-image-preview:large, max-video-preview:-1\" \/>\n<link rel=\"canonical\" href=\"https:\/\/mtroyal.com.tr\/tr\/kimyasallar\/\" \/>\n<meta property=\"og:locale\" content=\"tr_TR\" \/>\n<meta property=\"og:type\" content=\"article\" \/>\n<meta property=\"og:title\" content=\"Kimyasallar\" \/>\n<meta property=\"og:description\" content=\"Kimyasallar-Kaliteli Kimyasal Hammadde-Mevzuata Ba\u011fl\u0131l\u0131k-Kalite Endi\u015fesi-Tedarik\u00e7i \u0130tibar\u0131-Kaynak-Safl\u0131k-MT ROYAL Firmas\u0131-\" \/>\n<meta property=\"og:url\" content=\"https:\/\/mtroyal.com.tr\/tr\/kimyasallar\/\" \/>\n<meta property=\"og:site_name\" content=\"MTROYAL\" \/>\n<meta property=\"article:modified_time\" content=\"2023-08-01T11:35:54+00:00\" \/>\n<meta property=\"og:image\" content=\"https:\/\/mtroyal.com.tr\/tr\/files\/7-23\/Kimyasallar.jpg\" \/>\n<meta name=\"twitter:card\" content=\"summary_large_image\" \/>\n<script type=\"application\/ld+json\" class=\"yoast-schema-graph\">{\"@context\":\"https:\/\/schema.org\",\"@graph\":[{\"@type\":\"WebPage\",\"@id\":\"https:\/\/mtroyal.com.tr\/tr\/kimyasallar\/\",\"url\":\"https:\/\/mtroyal.com.tr\/tr\/kimyasallar\/\",\"name\":\"Kimyasallar - MTROYAL\",\"isPartOf\":{\"@id\":\"https:\/\/mtroyal.com.tr\/tr\/#website\"},\"primaryImageOfPage\":{\"@id\":\"https:\/\/mtroyal.com.tr\/tr\/kimyasallar\/#primaryimage\"},\"image\":{\"@id\":\"https:\/\/mtroyal.com.tr\/tr\/kimyasallar\/#primaryimage\"},\"thumbnailUrl\":\"https:\/\/mtroyal.com.tr\/tr\/files\/7-23\/Kimyasallar.jpg\",\"datePublished\":\"2023-07-15T09:34:21+00:00\",\"dateModified\":\"2023-08-01T11:35:54+00:00\",\"description\":\"Kimyasallar-Kaliteli Kimyasal Hammadde-Mevzuata Ba\u011fl\u0131l\u0131k-Kalite Endi\u015fesi-Tedarik\u00e7i \u0130tibar\u0131-Kaynak-Safl\u0131k-MT ROYAL Firmas\u0131-\",\"breadcrumb\":{\"@id\":\"https:\/\/mtroyal.com.tr\/tr\/kimyasallar\/#breadcrumb\"},\"inLanguage\":\"tr\",\"potentialAction\":[{\"@type\":\"ReadAction\",\"target\":[\"https:\/\/mtroyal.com.tr\/tr\/kimyasallar\/\"]}]},{\"@type\":\"ImageObject\",\"inLanguage\":\"tr\",\"@id\":\"https:\/\/mtroyal.com.tr\/tr\/kimyasallar\/#primaryimage\",\"url\":\"https:\/\/mtroyal.com.tr\/tr\/files\/7-23\/Kimyasallar.jpg\",\"contentUrl\":\"https:\/\/mtroyal.com.tr\/tr\/files\/7-23\/Kimyasallar.jpg\"},{\"@type\":\"BreadcrumbList\",\"@id\":\"https:\/\/mtroyal.com.tr\/tr\/kimyasallar\/#breadcrumb\",\"itemListElement\":[{\"@type\":\"ListItem\",\"position\":1,\"name\":\"Home\",\"item\":\"https:\/\/mtroyal.com.tr\/tr\/\"},{\"@type\":\"ListItem\",\"position\":2,\"name\":\"Kimyasallar\"}]},{\"@type\":\"WebSite\",\"@id\":\"https:\/\/mtroyal.com.tr\/tr\/#website\",\"url\":\"https:\/\/mtroyal.com.tr\/tr\/\",\"name\":\"MTROYAL\",\"description\":\"\",\"publisher\":{\"@id\":\"https:\/\/mtroyal.com.tr\/tr\/#organization\"},\"potentialAction\":[{\"@type\":\"SearchAction\",\"target\":{\"@type\":\"EntryPoint\",\"urlTemplate\":\"https:\/\/mtroyal.com.tr\/tr\/?s={search_term_string}\"},\"query-input\":{\"@type\":\"PropertyValueSpecification\",\"valueRequired\":true,\"valueName\":\"search_term_string\"}}],\"inLanguage\":\"tr\"},{\"@type\":\"Organization\",\"@id\":\"https:\/\/mtroyal.com.tr\/tr\/#organization\",\"name\":\"MTROYAL\",\"url\":\"https:\/\/mtroyal.com.tr\/tr\/\",\"logo\":{\"@type\":\"ImageObject\",\"inLanguage\":\"tr\",\"@id\":\"https:\/\/mtroyal.com.tr\/tr\/#\/schema\/logo\/image\/\",\"url\":\"https:\/\/mtroyal.com.tr\/tr\/wp-content\/uploads\/2023\/12\/mt-logo.png\",\"contentUrl\":\"https:\/\/mtroyal.com.tr\/tr\/wp-content\/uploads\/2023\/12\/mt-logo.png\",\"width\":313,\"height\":261,\"caption\":\"MTROYAL\"},\"image\":{\"@id\":\"https:\/\/mtroyal.com.tr\/tr\/#\/schema\/logo\/image\/\"}},false]}<\/script>\n<!-- \/ Yoast SEO Premium plugin. -->","yoast_head_json":{"title":"Kimyasallar - MTROYAL","description":"Kimyasallar-Kaliteli Kimyasal Hammadde-Mevzuata Ba\u011fl\u0131l\u0131k-Kalite Endi\u015fesi-Tedarik\u00e7i \u0130tibar\u0131-Kaynak-Safl\u0131k-MT ROYAL Firmas\u0131-","robots":{"index":"index","follow":"follow","max-snippet":"max-snippet:-1","max-image-preview":"max-image-preview:large","max-video-preview":"max-video-preview:-1"},"canonical":"https:\/\/mtroyal.com.tr\/tr\/kimyasallar\/","og_locale":"tr_TR","og_type":"article","og_title":"Kimyasallar","og_description":"Kimyasallar-Kaliteli Kimyasal Hammadde-Mevzuata Ba\u011fl\u0131l\u0131k-Kalite Endi\u015fesi-Tedarik\u00e7i \u0130tibar\u0131-Kaynak-Safl\u0131k-MT ROYAL Firmas\u0131-","og_url":"https:\/\/mtroyal.com.tr\/tr\/kimyasallar\/","og_site_name":"MTROYAL","article_modified_time":"2023-08-01T11:35:54+00:00","og_image":[{"url":"https:\/\/mtroyal.com.tr\/tr\/files\/7-23\/Kimyasallar.jpg","type":"","width":"","height":""}],"twitter_card":"summary_large_image","schema":{"@context":"https:\/\/schema.org","@graph":[{"@type":"WebPage","@id":"https:\/\/mtroyal.com.tr\/tr\/kimyasallar\/","url":"https:\/\/mtroyal.com.tr\/tr\/kimyasallar\/","name":"Kimyasallar - MTROYAL","isPartOf":{"@id":"https:\/\/mtroyal.com.tr\/tr\/#website"},"primaryImageOfPage":{"@id":"https:\/\/mtroyal.com.tr\/tr\/kimyasallar\/#primaryimage"},"image":{"@id":"https:\/\/mtroyal.com.tr\/tr\/kimyasallar\/#primaryimage"},"thumbnailUrl":"https:\/\/mtroyal.com.tr\/tr\/files\/7-23\/Kimyasallar.jpg","datePublished":"2023-07-15T09:34:21+00:00","dateModified":"2023-08-01T11:35:54+00:00","description":"Kimyasallar-Kaliteli Kimyasal Hammadde-Mevzuata Ba\u011fl\u0131l\u0131k-Kalite Endi\u015fesi-Tedarik\u00e7i \u0130tibar\u0131-Kaynak-Safl\u0131k-MT ROYAL Firmas\u0131-","breadcrumb":{"@id":"https:\/\/mtroyal.com.tr\/tr\/kimyasallar\/#breadcrumb"},"inLanguage":"tr","potentialAction":[{"@type":"ReadAction","target":["https:\/\/mtroyal.com.tr\/tr\/kimyasallar\/"]}]},{"@type":"ImageObject","inLanguage":"tr","@id":"https:\/\/mtroyal.com.tr\/tr\/kimyasallar\/#primaryimage","url":"https:\/\/mtroyal.com.tr\/tr\/files\/7-23\/Kimyasallar.jpg","contentUrl":"https:\/\/mtroyal.com.tr\/tr\/files\/7-23\/Kimyasallar.jpg"},{"@type":"BreadcrumbList","@id":"https:\/\/mtroyal.com.tr\/tr\/kimyasallar\/#breadcrumb","itemListElement":[{"@type":"ListItem","position":1,"name":"Home","item":"https:\/\/mtroyal.com.tr\/tr\/"},{"@type":"ListItem","position":2,"name":"Kimyasallar"}]},{"@type":"WebSite","@id":"https:\/\/mtroyal.com.tr\/tr\/#website","url":"https:\/\/mtroyal.com.tr\/tr\/","name":"MTROYAL","description":"","publisher":{"@id":"https:\/\/mtroyal.com.tr\/tr\/#organization"},"potentialAction":[{"@type":"SearchAction","target":{"@type":"EntryPoint","urlTemplate":"https:\/\/mtroyal.com.tr\/tr\/?s={search_term_string}"},"query-input":{"@type":"PropertyValueSpecification","valueRequired":true,"valueName":"search_term_string"}}],"inLanguage":"tr"},{"@type":"Organization","@id":"https:\/\/mtroyal.com.tr\/tr\/#organization","name":"MTROYAL","url":"https:\/\/mtroyal.com.tr\/tr\/","logo":{"@type":"ImageObject","inLanguage":"tr","@id":"https:\/\/mtroyal.com.tr\/tr\/#\/schema\/logo\/image\/","url":"https:\/\/mtroyal.com.tr\/tr\/wp-content\/uploads\/2023\/12\/mt-logo.png","contentUrl":"https:\/\/mtroyal.com.tr\/tr\/wp-content\/uploads\/2023\/12\/mt-logo.png","width":313,"height":261,"caption":"MTROYAL"},"image":{"@id":"https:\/\/mtroyal.com.tr\/tr\/#\/schema\/logo\/image\/"}},false]}},"yasr_visitor_votes":{"stars_attributes":{"read_only":false,"span_bottom":false},"number_of_votes":0,"sum_votes":0},"_links":{"self":[{"href":"https:\/\/mtroyal.com.tr\/tr\/wp-json\/wp\/v2\/pages\/3972","targetHints":{"allow":["GET"]}}],"collection":[{"href":"https:\/\/mtroyal.com.tr\/tr\/wp-json\/wp\/v2\/pages"}],"about":[{"href":"https:\/\/mtroyal.com.tr\/tr\/wp-json\/wp\/v2\/types\/page"}],"author":[{"embeddable":true,"href":"https:\/\/mtroyal.com.tr\/tr\/wp-json\/wp\/v2\/users\/1"}],"replies":[{"embeddable":true,"href":"https:\/\/mtroyal.com.tr\/tr\/wp-json\/wp\/v2\/comments?post=3972"}],"version-history":[{"count":0,"href":"https:\/\/mtroyal.com.tr\/tr\/wp-json\/wp\/v2\/pages\/3972\/revisions"}],"wp:attachment":[{"href":"https:\/\/mtroyal.com.tr\/tr\/wp-json\/wp\/v2\/media?parent=3972"}],"curies":[{"name":"wp","href":"https:\/\/api.w.org\/{rel}","templated":true}]}}