{"id":3974,"date":"2023-07-15T12:43:39","date_gmt":"2023-07-15T09:43:39","guid":{"rendered":"https:\/\/mtroyal.com.tr\/tr\/?page_id=3974"},"modified":"2023-08-01T12:14:34","modified_gmt":"2023-08-01T09:14:34","slug":"iplik","status":"publish","type":"page","link":"https:\/\/mtroyal.com.tr\/tr\/iplik\/","title":{"rendered":"\u0130PL\u0130K"},"content":{"rendered":"<p><img decoding=\"async\" class=\"aligncenter size-full\" src=\"data:image\/svg+xml,%3Csvg%20xmlns%3D&#39;http%3A%2F%2Fwww.w3.org%2F2000%2Fsvg&#39;%20width=&#39;900&#39;%20height=&#39;600&#39;%20viewBox%3D&#39;0%200%20900%20600&#39;%2F%3E\" data-czlz data-src=\"https:\/\/mtroyal.com.tr\/tr\/files\/7-23\/%C4%B0plik%20hammaddeler%20ithalati.jpg\" alt=\"\u0130plik hammaddeler ithalati\" width=\"900\" height=\"600\" \/><\/p>\n<p>Liflerin \u00f6rme, dokuma ve ba\u011flama i\u015flemlerinden ge\u00e7erek; kuma\u015f, hal\u0131, giysi gibi bir\u00e7ok \u00fcr\u00fcnlerde kullan\u0131ld\u0131\u011f\u0131 y\u00f6ntem tekstil olarak bilinmekte; tekstil end\u00fcstrisi ge\u00e7mi\u015ften g\u00fcn\u00fcm\u00fcze s\u00fcrekli olarak geli\u015fen ve g\u00fcndelik ya\u015fant\u0131ya kolayl\u0131k sa\u011flayan bir \u00e7izgide ilerlemektedir.<\/p>\n<p>S\u00f6z konusu tekstil olunca akla ilk gelen \u00fcr\u00fcn ipliktir. Tekstilin ham maddesi iplik, asl\u0131nda bir lif grubudur.<\/p>\n<p>\u0130plik, pek \u00e7ok liften yap\u0131lmaktad\u0131r. Bu lif gruplar\u0131, \u00e7ekim i\u015fleminin ger\u00e7ekle\u015fmesinin ard\u0131ndan talep edilen \u00f6l\u00e7\u00fclerde, b\u00fck\u00fcmde ve katta olacak \u015fekilde d\u00fczenlenmekte ve kullan\u0131ma haz\u0131r hale getirilerek iplik halini almaktad\u0131r.<\/p>\n<p>\u0130plik yap\u0131m\u0131nda pamuk ve bambu gibi do\u011fal lifler kullan\u0131labilece\u011fi gibi, polyester ve spandeks gibi sentetik lifler de kullan\u0131labilmektedir.<\/p>\n<p>Bir ba\u015fka deyi\u015fle iplik, lifin el veya makine \u00fcretimi i\u00e7in uygun hale getirilmi\u015f hali olup; tekstil, diki\u015f, kro\u015fe, \u00f6rg\u00fc, dokuma, nak\u0131\u015f, halat \u00fcretiminde ba\u015f yard\u0131mc\u0131 \u00fcr\u00fcnd\u00fcr.<\/p>\n<p>\u0130plik \u00e7e\u015fitlerine bakt\u0131\u011f\u0131m\u0131z zaman, farkl\u0131 s\u0131n\u0131fland\u0131rma \u00f6zelliklerine sahip iplik \u00e7e\u015fitlerine rastlamak m\u00fcmk\u00fcnd\u00fcr.<\/p>\n<p>\u0130plikler, ham maddalerine, yap\u0131lar\u0131na, kullan\u0131m alanlar\u0131na g\u00f6re s\u0131n\u0131fland\u0131r\u0131lmas\u0131n\u0131n yan\u0131 s\u0131ra, \u00fcretim bi\u00e7imine g\u00f6re s\u0131n\u0131fland\u0131r\u0131lan iplik \u00e7e\u015fitleri de bulunmaktad\u0131r.<\/p>\n<p>\u0130plik \u00f6l\u00e7\u00fc miktarlar\u0131 ons veya gram \u00fczerinden verilmekte olup; fiziksel g\u00f6r\u00fcn\u00fcm olarak boyas\u0131z ve yapay boyal\u0131 iplik tercih edilmesi m\u00fcmk\u00fcnd\u00fcr.<\/p>\n<p>MT ROYAL olarak, iplik sat\u0131\u015f\u0131n\u0131 ve tedari\u011fini ger\u00e7ekle\u015ftirerek, iplik alan\u0131nda olu\u015fturdu\u011funuz taleplerinize adil bir fiyatland\u0131rma ve sorunsuz bir teslimat s\u00fcreciyle \u00e7\u00f6z\u00fcm olu\u015fturmaktay\u0131z.<\/p>\n<p>&nbsp;<\/p>\n<h3><span style=\"color: #ff6600;\">\u0130plik \u00dcretimi<\/span><\/h3>\n<p>\u0130plikler en temelde k\u0131sa veya kesintisiz liflerin bir araya getirilip b\u00fck\u00fclmesi ile \u00fcretilmektedir. Bu b\u00fck\u00fcm i\u015flemi, asl\u0131nda iplik e\u011firme olarak bilinmektedir. \u0130plik e\u011firme; d\u00fczg\u00fcn, dayan\u0131kl\u0131 ve talep edilen kal\u0131nl\u0131k ve g\u00f6r\u00fcn\u00fcmde iplikler \u00fcretmek amac\u0131n\u0131 ta\u015f\u0131maktad\u0131r.<\/p>\n<p>\u0130plik b\u00fck\u00fcm\u00fc, ipli\u011fin kendi ekseni etraf\u0131nda d\u00f6nd\u00fcr\u00fclerek yap\u0131lan bir i\u015flemdir. Bu i\u015flem, ku\u015fkusuz lif cinsine, iplik t\u00fcr\u00fcne ve \u00f6zelliklerine ba\u011fl\u0131d\u0131r.<br \/>\n2 \u00e7e\u015fit iplik b\u00fck\u00fcm\u00fc bulunmaktad\u0131r. Bu b\u00fck\u00fcm t\u00fcrleri, ipli\u011fin b\u00fck\u00fcm y\u00f6n\u00fcne g\u00f6re s\u0131n\u0131fland\u0131r\u0131lmaktad\u0131r. B\u00fck\u00fcm verme i\u015flemi s\u0131ras\u0131nda ipli\u011fin saat y\u00f6n\u00fcnde d\u00f6nd\u00fcr\u00fclmesi Z b\u00fck\u00fcm; saat y\u00f6n\u00fcn\u00fcn tersine d\u00f6nd\u00fcr\u00fclmesi S b\u00fck\u00fcm olarak adland\u0131r\u0131lmaktad\u0131r.<\/p>\n<p>Yetersiz b\u00fck\u00fcm verilmesi, iplik katlar\u0131n\u0131n tek tek ayr\u0131lmas\u0131na; fazla b\u00fck\u00fcm verilmesi ise iplikte topaklanma, dola\u015fma gibi sorunlar\u0131n g\u00f6r\u00fclebilmesine sebep olmaktad\u0131r.<\/p>\n<p>MT ROYAL\u2019in \u00fcr\u00fcn tedari\u011fi konusunda profesyonel hizmet sunan ekibi ile ileti\u015fime ge\u00e7erseniz, iplik alan\u0131nda ihtiya\u00e7lar\u0131n\u0131za cevap verilmesi noktas\u0131nda do\u011fru bir ad\u0131m atm\u0131\u015f olursunuz.<\/p>\n<p>&nbsp;<\/p>\n<h3><span style=\"color: #ff6600;\">Tekstil ve \u0130plik \u00dcretiminde Cips Nedir?<\/span><\/h3>\n<p>\u0130plik \u00fcretiminde de\u011finilmesi yerinde olacak bir di\u011fer \u015fey ise; cipslerdir.<\/p>\n<p>Cips, tekstil end\u00fcstrisinin en \u00f6nemli ham maddelerinden biridir. Saf tereftalik asit ile monoetilen glikol\u00fcn bir araya gelip reaksiyona u\u011framas\u0131n sonucunda ou\u015fan polyesterin, gran\u00fcl hale getirilmesi ile elde edilmektedir.<\/p>\n<p>Tekstil ama\u00e7l\u0131 \u00fcretilerek iplik end\u00fcstrisinin ihtiya\u00e7lar\u0131n\u0131 kar\u015f\u0131lamaya y\u00f6nelik cipsler hakk\u0131nda detayl\u0131 bilgi i\u00e7in MT ROYAL Ailesi ile ileti\u015fime ge\u00e7menizden b\u00fcy\u00fck bir mutluluk duyar\u0131z.<\/p>\n<p>&nbsp;<\/p>\n<h3><span style=\"color: #ff6600;\">Spandeks \u0130plik \u00dcretimi ve Tedari\u011fi<\/span><\/h3>\n<p>Yukar\u0131da bahsetti\u011fimiz gibi, iplikler \u00e7ok \u00e7e\u015fitli \u00f6zelliklere paralel olarak grupland\u0131r\u0131lmaktad\u0131r. Bunlardan biri de sentetik liflerdir. Sentetik lifler aras\u0131nda kullan\u0131m\u0131na yayg\u0131n olarak ba\u015fvurulan bir iplik \u00e7e\u015fidi; spandeks ipliklerdir.<\/p>\n<p>Spandeks iplikler, tekstil end\u00fcstrisinde likra ( ycra) olarak bilinen, son derece fazla uzama \u00f6zelli\u011fine sahip olan, kimyasal maddelere ve g\u00fcne\u015f \u0131\u015f\u0131\u011f\u0131na kar\u015f\u0131 dayan\u0131kl\u0131l\u0131\u011f\u0131 y\u00fcksek olan \u00fcr\u00fcnlerdir.<\/p>\n<p>Elastikiyet \u00f6zelli\u011fi sayesinde \u00f6zellikle mayo, i\u00e7 \u00e7ama\u015f\u0131r\u0131, \u00e7orap, triko, maske ve \u00e7e\u015fitli spor giysilerinde kullan\u0131m\u0131na yer verilen spandeks iplikler, genel olarak ba\u015fka iplikler ie bir araya getirilerek kullan\u0131l\u0131r.<\/p>\n<p>V\u00fcc\u00fcda oturan ve v\u00fccudun rahat hareket etmesine \u00f6nemli \u00f6l\u00e7\u00fcde izin veren spandeks iplikler ile \u00fcretilen giysiler, kullan\u0131c\u0131lara b\u00fcy\u00fck bir giyim rahatl\u0131\u011f\u0131 sa\u011flamas\u0131 sebebiyle iplik sekt\u00f6r\u00fcnde olduk\u00e7a tercih edilen iplik \u00e7e\u015fitleri aras\u0131nda yer almaktad\u0131r.<\/p>\n<p>\u00dcr\u00fcn ailesindeki geni\u015f denye aral\u0131\u011f\u0131na sahip spandeks iplikler sayesinde; en kaliteli iplikleri en uygun fiyatta ve en h\u0131zl\u0131 teslimat ile sizlere sunmakta olan MT ROYAL; talebiniz do\u011frultusunda \u00fcr\u00fcnlerin sorunsuz tedari\u011fini sa\u011flamaktad\u0131r.<br \/>\nSadece iplik de\u011fil; ayn\u0131 zamanda iplik makinalar\u0131 ve iplik makinalar\u0131n\u0131n yedek par\u00e7alar\u0131 ile ilgili de hizmet veren MT ROYAL A\u0130lesi ile ileti\u015fime ge\u00e7erek, iplik makinalar\u0131 ve iplik makinalar\u0131n\u0131n yedek par\u00e7alar\u0131 ile ilgili ihtiya\u00e7lar\u0131n\u0131za cevap bulabilirsiniz.<\/p>\n<p>\u0130plik ve iplik makinalar\u0131n\u0131n yedek par\u00e7alar\u0131 hakk\u0131nda detayl\u0131 bilgi i\u00e7in, ithalat ve ihracat sekt\u00f6r\u00fcnde ve tekstil end\u00fcstrisinde uzun y\u0131llard\u0131r sahip oldu\u011fu deneyimlerle sekt\u00f6re y\u00f6n vermi\u015f olan MT ROYAL Ailesi ile ileti\u015fime ge\u00e7iniz.<\/p>\n<div style='text-align:center' class='yasr-auto-insert-visitor'><\/div>","protected":false},"excerpt":{"rendered":"<p>Liflerin \u00f6rme, dokuma ve ba\u011flama i\u015flemlerinden ge\u00e7erek; kuma\u015f, hal\u0131, giysi gibi &#8230; <\/p>\n","protected":false},"author":1,"featured_media":0,"parent":0,"menu_order":0,"comment_status":"closed","ping_status":"closed","template":"","meta":{"yasr_overall_rating":0,"yasr_post_is_review":"","yasr_auto_insert_disabled":"","yasr_review_type":"","footnotes":""},"class_list":["post-3974","page","type-page","status-publish","hentry"],"yoast_head":"<!-- This site is optimized with the Yoast SEO Premium plugin v24.5 (Yoast SEO v26.6) - https:\/\/yoast.com\/wordpress\/plugins\/seo\/ -->\n<title>\u0130PL\u0130K - MTROYAL<\/title>\n<meta name=\"description\" content=\"\u0130PL\u0130K\" \/>\n<meta name=\"robots\" content=\"index, follow, max-snippet:-1, max-image-preview:large, max-video-preview:-1\" \/>\n<link rel=\"canonical\" href=\"https:\/\/mtroyal.com.tr\/tr\/iplik\/\" \/>\n<meta property=\"og:locale\" content=\"tr_TR\" \/>\n<meta property=\"og:type\" content=\"article\" \/>\n<meta property=\"og:title\" content=\"\u0130PL\u0130K\" \/>\n<meta property=\"og:description\" content=\"\u0130PL\u0130K\" \/>\n<meta property=\"og:url\" content=\"https:\/\/mtroyal.com.tr\/tr\/iplik\/\" \/>\n<meta property=\"og:site_name\" content=\"MTROYAL\" \/>\n<meta property=\"article:modified_time\" content=\"2023-08-01T09:14:34+00:00\" \/>\n<meta property=\"og:image\" content=\"https:\/\/mtroyal.com.tr\/tr\/files\/7-23\/%C4%B0plik%20hammaddeler%20ithalati.jpg\" \/>\n<meta name=\"twitter:card\" content=\"summary_large_image\" \/>\n<script type=\"application\/ld+json\" class=\"yoast-schema-graph\">{\"@context\":\"https:\/\/schema.org\",\"@graph\":[{\"@type\":\"WebPage\",\"@id\":\"https:\/\/mtroyal.com.tr\/tr\/iplik\/\",\"url\":\"https:\/\/mtroyal.com.tr\/tr\/iplik\/\",\"name\":\"\u0130PL\u0130K - MTROYAL\",\"isPartOf\":{\"@id\":\"https:\/\/mtroyal.com.tr\/tr\/#website\"},\"primaryImageOfPage\":{\"@id\":\"https:\/\/mtroyal.com.tr\/tr\/iplik\/#primaryimage\"},\"image\":{\"@id\":\"https:\/\/mtroyal.com.tr\/tr\/iplik\/#primaryimage\"},\"thumbnailUrl\":\"https:\/\/mtroyal.com.tr\/tr\/files\/7-23\/%C4%B0plik%20hammaddeler%20ithalati.jpg\",\"datePublished\":\"2023-07-15T09:43:39+00:00\",\"dateModified\":\"2023-08-01T09:14:34+00:00\",\"description\":\"\u0130PL\u0130K\",\"breadcrumb\":{\"@id\":\"https:\/\/mtroyal.com.tr\/tr\/iplik\/#breadcrumb\"},\"inLanguage\":\"tr\",\"potentialAction\":[{\"@type\":\"ReadAction\",\"target\":[\"https:\/\/mtroyal.com.tr\/tr\/iplik\/\"]}]},{\"@type\":\"ImageObject\",\"inLanguage\":\"tr\",\"@id\":\"https:\/\/mtroyal.com.tr\/tr\/iplik\/#primaryimage\",\"url\":\"https:\/\/mtroyal.com.tr\/tr\/files\/7-23\/%C4%B0plik%20hammaddeler%20ithalati.jpg\",\"contentUrl\":\"https:\/\/mtroyal.com.tr\/tr\/files\/7-23\/%C4%B0plik%20hammaddeler%20ithalati.jpg\"},{\"@type\":\"BreadcrumbList\",\"@id\":\"https:\/\/mtroyal.com.tr\/tr\/iplik\/#breadcrumb\",\"itemListElement\":[{\"@type\":\"ListItem\",\"position\":1,\"name\":\"Home\",\"item\":\"https:\/\/mtroyal.com.tr\/tr\/\"},{\"@type\":\"ListItem\",\"position\":2,\"name\":\"\u0130PL\u0130K\"}]},{\"@type\":\"WebSite\",\"@id\":\"https:\/\/mtroyal.com.tr\/tr\/#website\",\"url\":\"https:\/\/mtroyal.com.tr\/tr\/\",\"name\":\"MTROYAL\",\"description\":\"\",\"publisher\":{\"@id\":\"https:\/\/mtroyal.com.tr\/tr\/#organization\"},\"potentialAction\":[{\"@type\":\"SearchAction\",\"target\":{\"@type\":\"EntryPoint\",\"urlTemplate\":\"https:\/\/mtroyal.com.tr\/tr\/?s={search_term_string}\"},\"query-input\":{\"@type\":\"PropertyValueSpecification\",\"valueRequired\":true,\"valueName\":\"search_term_string\"}}],\"inLanguage\":\"tr\"},{\"@type\":\"Organization\",\"@id\":\"https:\/\/mtroyal.com.tr\/tr\/#organization\",\"name\":\"MTROYAL\",\"url\":\"https:\/\/mtroyal.com.tr\/tr\/\",\"logo\":{\"@type\":\"ImageObject\",\"inLanguage\":\"tr\",\"@id\":\"https:\/\/mtroyal.com.tr\/tr\/#\/schema\/logo\/image\/\",\"url\":\"https:\/\/mtroyal.com.tr\/tr\/wp-content\/uploads\/2023\/12\/mt-logo.png\",\"contentUrl\":\"https:\/\/mtroyal.com.tr\/tr\/wp-content\/uploads\/2023\/12\/mt-logo.png\",\"width\":313,\"height\":261,\"caption\":\"MTROYAL\"},\"image\":{\"@id\":\"https:\/\/mtroyal.com.tr\/tr\/#\/schema\/logo\/image\/\"}},false]}<\/script>\n<!-- \/ Yoast SEO Premium plugin. -->","yoast_head_json":{"title":"\u0130PL\u0130K - MTROYAL","description":"\u0130PL\u0130K","robots":{"index":"index","follow":"follow","max-snippet":"max-snippet:-1","max-image-preview":"max-image-preview:large","max-video-preview":"max-video-preview:-1"},"canonical":"https:\/\/mtroyal.com.tr\/tr\/iplik\/","og_locale":"tr_TR","og_type":"article","og_title":"\u0130PL\u0130K","og_description":"\u0130PL\u0130K","og_url":"https:\/\/mtroyal.com.tr\/tr\/iplik\/","og_site_name":"MTROYAL","article_modified_time":"2023-08-01T09:14:34+00:00","og_image":[{"url":"https:\/\/mtroyal.com.tr\/tr\/files\/7-23\/%C4%B0plik%20hammaddeler%20ithalati.jpg","type":"","width":"","height":""}],"twitter_card":"summary_large_image","schema":{"@context":"https:\/\/schema.org","@graph":[{"@type":"WebPage","@id":"https:\/\/mtroyal.com.tr\/tr\/iplik\/","url":"https:\/\/mtroyal.com.tr\/tr\/iplik\/","name":"\u0130PL\u0130K - MTROYAL","isPartOf":{"@id":"https:\/\/mtroyal.com.tr\/tr\/#website"},"primaryImageOfPage":{"@id":"https:\/\/mtroyal.com.tr\/tr\/iplik\/#primaryimage"},"image":{"@id":"https:\/\/mtroyal.com.tr\/tr\/iplik\/#primaryimage"},"thumbnailUrl":"https:\/\/mtroyal.com.tr\/tr\/files\/7-23\/%C4%B0plik%20hammaddeler%20ithalati.jpg","datePublished":"2023-07-15T09:43:39+00:00","dateModified":"2023-08-01T09:14:34+00:00","description":"\u0130PL\u0130K","breadcrumb":{"@id":"https:\/\/mtroyal.com.tr\/tr\/iplik\/#breadcrumb"},"inLanguage":"tr","potentialAction":[{"@type":"ReadAction","target":["https:\/\/mtroyal.com.tr\/tr\/iplik\/"]}]},{"@type":"ImageObject","inLanguage":"tr","@id":"https:\/\/mtroyal.com.tr\/tr\/iplik\/#primaryimage","url":"https:\/\/mtroyal.com.tr\/tr\/files\/7-23\/%C4%B0plik%20hammaddeler%20ithalati.jpg","contentUrl":"https:\/\/mtroyal.com.tr\/tr\/files\/7-23\/%C4%B0plik%20hammaddeler%20ithalati.jpg"},{"@type":"BreadcrumbList","@id":"https:\/\/mtroyal.com.tr\/tr\/iplik\/#breadcrumb","itemListElement":[{"@type":"ListItem","position":1,"name":"Home","item":"https:\/\/mtroyal.com.tr\/tr\/"},{"@type":"ListItem","position":2,"name":"\u0130PL\u0130K"}]},{"@type":"WebSite","@id":"https:\/\/mtroyal.com.tr\/tr\/#website","url":"https:\/\/mtroyal.com.tr\/tr\/","name":"MTROYAL","description":"","publisher":{"@id":"https:\/\/mtroyal.com.tr\/tr\/#organization"},"potentialAction":[{"@type":"SearchAction","target":{"@type":"EntryPoint","urlTemplate":"https:\/\/mtroyal.com.tr\/tr\/?s={search_term_string}"},"query-input":{"@type":"PropertyValueSpecification","valueRequired":true,"valueName":"search_term_string"}}],"inLanguage":"tr"},{"@type":"Organization","@id":"https:\/\/mtroyal.com.tr\/tr\/#organization","name":"MTROYAL","url":"https:\/\/mtroyal.com.tr\/tr\/","logo":{"@type":"ImageObject","inLanguage":"tr","@id":"https:\/\/mtroyal.com.tr\/tr\/#\/schema\/logo\/image\/","url":"https:\/\/mtroyal.com.tr\/tr\/wp-content\/uploads\/2023\/12\/mt-logo.png","contentUrl":"https:\/\/mtroyal.com.tr\/tr\/wp-content\/uploads\/2023\/12\/mt-logo.png","width":313,"height":261,"caption":"MTROYAL"},"image":{"@id":"https:\/\/mtroyal.com.tr\/tr\/#\/schema\/logo\/image\/"}},false]}},"yasr_visitor_votes":{"stars_attributes":{"read_only":false,"span_bottom":false},"number_of_votes":0,"sum_votes":0},"_links":{"self":[{"href":"https:\/\/mtroyal.com.tr\/tr\/wp-json\/wp\/v2\/pages\/3974","targetHints":{"allow":["GET"]}}],"collection":[{"href":"https:\/\/mtroyal.com.tr\/tr\/wp-json\/wp\/v2\/pages"}],"about":[{"href":"https:\/\/mtroyal.com.tr\/tr\/wp-json\/wp\/v2\/types\/page"}],"author":[{"embeddable":true,"href":"https:\/\/mtroyal.com.tr\/tr\/wp-json\/wp\/v2\/users\/1"}],"replies":[{"embeddable":true,"href":"https:\/\/mtroyal.com.tr\/tr\/wp-json\/wp\/v2\/comments?post=3974"}],"version-history":[{"count":0,"href":"https:\/\/mtroyal.com.tr\/tr\/wp-json\/wp\/v2\/pages\/3974\/revisions"}],"wp:attachment":[{"href":"https:\/\/mtroyal.com.tr\/tr\/wp-json\/wp\/v2\/media?parent=3974"}],"curies":[{"name":"wp","href":"https:\/\/api.w.org\/{rel}","templated":true}]}}