{"id":10402,"date":"2025-06-12T14:51:26","date_gmt":"2025-06-12T11:51:26","guid":{"rendered":"https:\/\/mtroyal.com.tr\/tr\/?post_type=product&#038;p=10402"},"modified":"2025-06-12T14:51:28","modified_gmt":"2025-06-12T11:51:28","slug":"emulgatorlu-nisasta-karisimi-toptan-satis","status":"publish","type":"product","link":"https:\/\/mtroyal.com.tr\/tr\/product\/emulgatorlu-nisasta-karisimi-toptan-satis\/","title":{"rendered":"Em\u00fclgat\u00f6rl\u00fc Ni\u015fasta Kar\u0131\u015f\u0131m\u0131 \u2013 toptan sat\u0131\u015f"},"content":{"rendered":"<p>Modern \u00fcretim s\u00fcre\u00e7lerinde verimlilik, kalite ve homojenlik her zamankinden daha fazla \u00f6nem ta\u015f\u0131yor. <strong>Em\u00fclgat\u00f6rl\u00fc Ni\u015fasta Kar\u0131\u015f\u0131m toptan sat\u0131\u015f<\/strong> se\u00e7ene\u011fiyle, end\u00fcstriyel \u00fcretimlerinize de\u011fer katabilir, \u00fcr\u00fcnlerinizin k\u0131vam, stabilite ve dayan\u0131kl\u0131l\u0131k \u00f6zelliklerini \u00fcst seviyeye ta\u015f\u0131yabilirsiniz.<\/p>\n<p><strong>MT Royal<\/strong>, bu \u00f6zel \u00fcr\u00fcn\u00fcn <strong>resmi ithalat\u00e7\u0131s\u0131 ve distrib\u00fct\u00f6r\u00fcd\u00fcr<\/strong>. G\u0131da, ka\u011f\u0131t, tekstil, yap\u0131 kimyasallar\u0131 gibi bir\u00e7ok farkl\u0131 sanayi kolunda faaliyet g\u00f6steren \u00fcreticiler i\u00e7in y\u00fcksek kaliteli \u00e7\u00f6z\u00fcmler sunuyoruz. B2B (Business to Business) odakl\u0131 yakla\u015f\u0131m\u0131m\u0131zla, sadece \u00fcr\u00fcn de\u011fil; teknik destek, dan\u0131\u015fmanl\u0131k ve g\u00fcvenilir i\u015f ortakl\u0131\u011f\u0131 da sunuyoruz.<\/p>\n<h2><strong>\u00dcr\u00fcn Tan\u0131t\u0131m\u0131: Em\u00fclgat\u00f6rl\u00fc Ni\u015fasta Kar\u0131\u015f\u0131m\u0131 Nedir?<\/strong><\/h2>\n<p><strong>Em\u00fclgat\u00f6rl\u00fc Ni\u015fasta Kar\u0131\u015f\u0131m\u0131<\/strong>, modifiye ni\u015fasta bazl\u0131 bir yard\u0131mc\u0131 hammaddedir. \u0130\u00e7erdi\u011fi \u00f6zel em\u00fclgat\u00f6r bile\u015fenleri sayesinde kar\u0131\u015f\u0131mlar\u0131n stabilitesini art\u0131r\u0131r, ya\u011f ve su bazl\u0131 fazlar\u0131n homojen \u015fekilde da\u011f\u0131lmas\u0131n\u0131 sa\u011flar. \u00d6zellikle end\u00fcstriyel \u00fcretimlerde kar\u015f\u0131la\u015f\u0131lan kar\u0131\u015f\u0131m ayr\u0131\u015fmas\u0131, k\u0131vam bozulmas\u0131 gibi sorunlar\u0131n \u00f6n\u00fcne ge\u00e7erek daha tutarl\u0131 ve kaliteli \u00fcr\u00fcnler elde edilmesine yard\u0131mc\u0131 olur.<\/p>\n<p>\u00dcr\u00fcn; g\u0131da d\u0131\u015f\u0131 uygulamalarda da yayg\u0131n olarak tercih edilmektedir. \u00d6zellikle ka\u011f\u0131t, tekstil, yap\u0131 kimyasallar\u0131 ve plastik \u00fcretimi gibi sekt\u00f6rlerde viskozite ayarlay\u0131c\u0131, ba\u011flay\u0131c\u0131 ve film olu\u015fturucu \u00f6zellikleri ile \u00f6n plana \u00e7\u0131kar.<\/p>\n<h2><strong>\u00d6ne \u00c7\u0131kan \u00d6zellikler ve Avantajlar<\/strong><\/h2>\n<h3><strong>Temel \u00d6zellikler:<\/strong><\/h3>\n<ul>\n<li>Y\u00fcksek stabilite sa\u011flayan form\u00fcl<\/li>\n<li>Su ve ya\u011f fazlar\u0131n\u0131n homojen da\u011f\u0131lmas\u0131<\/li>\n<li>Is\u0131l i\u015fleme kar\u015f\u0131 dayan\u0131kl\u0131l\u0131k<\/li>\n<li>Ayarlanabilir viskozite yap\u0131s\u0131<\/li>\n<li>Uzun raf \u00f6mr\u00fc ve stabil saklama ko\u015fullar\u0131<\/li>\n<\/ul>\n<h3><strong>End\u00fcstriyel Avantajlar:<\/strong><\/h3>\n<ul>\n<li>\u00dcretim s\u00fcrecinde <strong>daha az fire<\/strong><\/li>\n<li>Nihai \u00fcr\u00fcnde <strong>daha y\u00fcksek kalite<\/strong> ve k\u0131vam<\/li>\n<li><strong>Maliyet optimizasyonu<\/strong> sa\u011flayan etkili kullan\u0131m oran\u0131<\/li>\n<li>\u00c7ok \u00e7e\u015fitli form\u00fclasyonlara <strong>kolay entegrasyon<\/strong><\/li>\n<\/ul>\n<h2><strong>End\u00fcstriyel Kullan\u0131m Alanlar\u0131<\/strong><\/h2>\n<p><strong>Em\u00fclgat\u00f6rl\u00fc Ni\u015fasta Kar\u0131\u015f\u0131m\u0131<\/strong>, farkl\u0131 sekt\u00f6rlerde \u00e7ok y\u00f6nl\u00fc avantajlar sunar.<\/p>\n<h3><strong>G\u0131da D\u0131\u015f\u0131 Uygulamalar:<\/strong><\/h3>\n<ul>\n<li><strong>Ka\u011f\u0131t sanayi:<\/strong> Ka\u011f\u0131t y\u00fczey kaplamalar\u0131nda ba\u011flay\u0131c\u0131 olarak<\/li>\n<li><strong>Tekstil sekt\u00f6r\u00fc:<\/strong> \u0130plik ve kuma\u015f apre i\u015flemlerinde mukavemet art\u0131r\u0131c\u0131<\/li>\n<li><strong>Yap\u0131 kimyasallar\u0131:<\/strong> Har\u00e7 ve s\u0131valarda k\u0131vam d\u00fczenleyici<\/li>\n<li><strong>Plastik \u00fcretimi:<\/strong> Katk\u0131 maddesi olarak kar\u0131\u015f\u0131m homojenli\u011fi sa\u011flar<\/li>\n<\/ul>\n<h3><strong>Kullan\u0131m \u00d6rnekleri:<\/strong><\/h3>\n<ul>\n<li>Lateks bazl\u0131 kar\u0131\u015f\u0131mlar<\/li>\n<li>Su bazl\u0131 boya ve m\u00fcrekkepler<\/li>\n<li>Akrilik dispersiyon sistemleri<\/li>\n<li>Duvar ka\u011f\u0131d\u0131 tutkal kar\u0131\u015f\u0131mlar\u0131<\/li>\n<\/ul>\n<h2><strong>Teknik \u00d6zellikler Tablosu<\/strong><\/h2>\n<table>\n<thead>\n<tr>\n<th>\u00d6zellik<\/th>\n<th>De\u011fer \/ A\u00e7\u0131klama<\/th>\n<\/tr>\n<\/thead>\n<tbody>\n<tr>\n<td><strong>Form<\/strong><\/td>\n<td>\u0130nce toz \/ gran\u00fcl<\/td>\n<\/tr>\n<tr>\n<td><strong>Renk<\/strong><\/td>\n<td>A\u00e7\u0131k krem<\/td>\n<\/tr>\n<tr>\n<td><strong>pH (1% \u00e7\u00f6zeltide)<\/strong><\/td>\n<td>5.5 &#8211; 7.5<\/td>\n<\/tr>\n<tr>\n<td><strong>Nem Oran\u0131<\/strong><\/td>\n<td>&lt;%12<\/td>\n<\/tr>\n<tr>\n<td><strong>\u00c7\u00f6z\u00fcn\u00fcrl\u00fck<\/strong><\/td>\n<td>Suda \u00e7\u00f6z\u00fcn\u00fcr<\/td>\n<\/tr>\n<tr>\n<td><strong>Depolama Ko\u015fullar\u0131<\/strong><\/td>\n<td>Serin, kuru ortamda saklanmal\u0131d\u0131r<\/td>\n<\/tr>\n<tr>\n<td><strong>Ambalaj<\/strong><\/td>\n<td>25 kg kraft torba \/ paletli sevkiyat<\/td>\n<\/tr>\n<\/tbody>\n<\/table>\n<h2><strong>Neden MT Royal&#8217;dan Almal\u0131s\u0131n\u0131z?<\/strong><\/h2>\n<p>MT Royal olarak yaln\u0131zca \u00fcr\u00fcn tedarik etmiyoruz, i\u015f orta\u011f\u0131n\u0131z oluyoruz.<\/p>\n<p><strong>MT Royal\u2019i tercih etmeniz i\u00e7in baz\u0131 nedenler:<\/strong><\/p>\n<ul>\n<li><strong>Resmi ithalat\u00e7\u0131 ve distrib\u00fct\u00f6r<\/strong> \u2013 Orijinal ve garantili \u00fcr\u00fcn<\/li>\n<li><strong>Rekabet\u00e7i toptan sat\u0131\u015f fiyatlar\u0131<\/strong><\/li>\n<li><strong>H\u0131zl\u0131 ve zaman\u0131nda teslimat garantisi<\/strong><\/li>\n<li><strong>Uzman teknik dan\u0131\u015fmanl\u0131k deste\u011fi<\/strong><\/li>\n<li><strong>Stoktan h\u0131zl\u0131 sevkiyat imk\u00e2n\u0131<\/strong><\/li>\n<li><strong>B2B odakl\u0131 g\u00fc\u00e7l\u00fc lojistik altyap\u0131<\/strong><\/li>\n<\/ul>\n<p>\u0130ster b\u00fcy\u00fck \u00f6l\u00e7ekli bir \u00fcretici, ister KOB\u0130 olun; MT Royal size uygun \u00e7\u00f6z\u00fcmler sunar.<\/p>\n<h2><strong>\u015eimdi Sipari\u015f Verin veya Bilgi Al\u0131n!<\/strong><\/h2>\n<p><strong>Em\u00fclgat\u00f6rl\u00fc Ni\u015fasta Kar\u0131\u015f\u0131m\u0131 \u2013 toptan sat\u0131\u015f<\/strong> se\u00e7enekleriyle \u00fcretim hatt\u0131n\u0131za profesyonel destek kazand\u0131r\u0131n. Detayl\u0131 bilgi, fiyat teklifi veya numune talepleriniz i\u00e7in bizimle ileti\u015fime ge\u00e7in.<\/p>\n<p>&nbsp;<\/p>\n<div style='text-align:center' class='yasr-auto-insert-visitor'><\/div>","protected":false},"excerpt":{"rendered":"<p><strong>Em\u00fclgat\u00f6rl\u00fc Ni\u015fasta Kar\u0131\u015f\u0131m\u0131<\/strong>, end\u00fcstriyel \u00fcretimlerde kar\u0131\u015f\u0131m stabilitesini art\u0131ran, k\u0131vam d\u00fczenleyici ve &#8230; <\/p>\n","protected":false},"featured_media":10447,"comment_status":"open","ping_status":"closed","template":"","meta":{"yasr_overall_rating":0,"yasr_post_is_review":"","yasr_auto_insert_disabled":"","yasr_review_type":""},"product_brand":[],"product_cat":[322],"product_tag":[],"class_list":{"0":"post-10402","1":"product","2":"type-product","3":"status-publish","4":"has-post-thumbnail","6":"product_cat-nisasta-un","8":"first","9":"instock","10":"shipping-taxable","11":"product-type-simple"},"yoast_head":"<!-- This site is optimized with the Yoast SEO Premium plugin v24.5 (Yoast SEO v26.6) - https:\/\/yoast.com\/wordpress\/plugins\/seo\/ -->\n<title>Em\u00fclgat\u00f6rl\u00fc Ni\u015fasta Kar\u0131\u015f\u0131m\u0131 \u2013 toptan sat\u0131\u015f - MTROYAL<\/title>\n<meta name=\"description\" content=\"Em\u00fclgat\u00f6rl\u00fc Ni\u015fasta Kar\u0131\u015f\u0131m\u0131 \u2013 toptan sat\u0131\u015f: MT Royal g\u00fcvencesiyle, end\u00fcstriyel \u00fcretiminize \u00f6zel kaliteli ni\u015fasta \u00e7\u00f6z\u00fcmleri. \u015eimdi sipari\u015f verin!\" \/>\n<meta name=\"robots\" content=\"index, follow, max-snippet:-1, max-image-preview:large, max-video-preview:-1\" \/>\n<link rel=\"canonical\" href=\"https:\/\/mtroyal.com.tr\/tr\/product\/emulgatorlu-nisasta-karisimi-toptan-satis\/\" \/>\n<meta property=\"og:locale\" content=\"tr_TR\" \/>\n<meta property=\"og:type\" content=\"article\" \/>\n<meta property=\"og:title\" content=\"Em\u00fclgat\u00f6rl\u00fc Ni\u015fasta Kar\u0131\u015f\u0131m\u0131 \u2013 toptan sat\u0131\u015f\" \/>\n<meta property=\"og:description\" content=\"Em\u00fclgat\u00f6rl\u00fc Ni\u015fasta Kar\u0131\u015f\u0131m\u0131 \u2013 toptan sat\u0131\u015f: MT Royal g\u00fcvencesiyle, end\u00fcstriyel \u00fcretiminize \u00f6zel kaliteli ni\u015fasta \u00e7\u00f6z\u00fcmleri. \u015eimdi sipari\u015f verin!\" \/>\n<meta property=\"og:url\" content=\"https:\/\/mtroyal.com.tr\/tr\/product\/emulgatorlu-nisasta-karisimi-toptan-satis\/\" \/>\n<meta property=\"og:site_name\" content=\"MTROYAL\" \/>\n<meta property=\"article:modified_time\" content=\"2025-06-12T11:51:28+00:00\" \/>\n<meta name=\"twitter:card\" content=\"summary_large_image\" \/>\n<script type=\"application\/ld+json\" class=\"yoast-schema-graph\">{\"@context\":\"https:\/\/schema.org\",\"@graph\":[{\"@type\":\"WebPage\",\"@id\":\"https:\/\/mtroyal.com.tr\/tr\/product\/emulgatorlu-nisasta-karisimi-toptan-satis\/\",\"url\":\"https:\/\/mtroyal.com.tr\/tr\/product\/emulgatorlu-nisasta-karisimi-toptan-satis\/\",\"name\":\"Em\u00fclgat\u00f6rl\u00fc Ni\u015fasta Kar\u0131\u015f\u0131m\u0131 \u2013 toptan sat\u0131\u015f - MTROYAL\",\"isPartOf\":{\"@id\":\"https:\/\/mtroyal.com.tr\/tr\/#website\"},\"primaryImageOfPage\":{\"@id\":\"https:\/\/mtroyal.com.tr\/tr\/product\/emulgatorlu-nisasta-karisimi-toptan-satis\/#primaryimage\"},\"image\":{\"@id\":\"https:\/\/mtroyal.com.tr\/tr\/product\/emulgatorlu-nisasta-karisimi-toptan-satis\/#primaryimage\"},\"thumbnailUrl\":\"https:\/\/mtroyal.com.tr\/tr\/wp-content\/uploads\/2025\/06\/Emulgatorlu-Nisasta-Karisimi-\u2013-toptan-satis.avif\",\"datePublished\":\"2025-06-12T11:51:26+00:00\",\"dateModified\":\"2025-06-12T11:51:28+00:00\",\"description\":\"Em\u00fclgat\u00f6rl\u00fc Ni\u015fasta Kar\u0131\u015f\u0131m\u0131 \u2013 toptan sat\u0131\u015f: MT Royal g\u00fcvencesiyle, end\u00fcstriyel \u00fcretiminize \u00f6zel kaliteli ni\u015fasta \u00e7\u00f6z\u00fcmleri. \u015eimdi sipari\u015f verin!\",\"breadcrumb\":{\"@id\":\"https:\/\/mtroyal.com.tr\/tr\/product\/emulgatorlu-nisasta-karisimi-toptan-satis\/#breadcrumb\"},\"inLanguage\":\"tr\",\"potentialAction\":[{\"@type\":\"ReadAction\",\"target\":[\"https:\/\/mtroyal.com.tr\/tr\/product\/emulgatorlu-nisasta-karisimi-toptan-satis\/\"]}]},{\"@type\":\"ImageObject\",\"inLanguage\":\"tr\",\"@id\":\"https:\/\/mtroyal.com.tr\/tr\/product\/emulgatorlu-nisasta-karisimi-toptan-satis\/#primaryimage\",\"url\":\"https:\/\/mtroyal.com.tr\/tr\/wp-content\/uploads\/2025\/06\/Emulgatorlu-Nisasta-Karisimi-\u2013-toptan-satis.avif\",\"contentUrl\":\"https:\/\/mtroyal.com.tr\/tr\/wp-content\/uploads\/2025\/06\/Emulgatorlu-Nisasta-Karisimi-\u2013-toptan-satis.avif\",\"width\":600,\"height\":600,\"caption\":\"Em\u00fclgat\u00f6rl\u00fc Ni\u015fasta Kar\u0131\u015f\u0131m\u0131 \u2013 toptan sat\u0131\u015f\"},{\"@type\":\"BreadcrumbList\",\"@id\":\"https:\/\/mtroyal.com.tr\/tr\/product\/emulgatorlu-nisasta-karisimi-toptan-satis\/#breadcrumb\",\"itemListElement\":[{\"@type\":\"ListItem\",\"position\":1,\"name\":\"Home\",\"item\":\"https:\/\/mtroyal.com.tr\/tr\/\"},{\"@type\":\"ListItem\",\"position\":2,\"name\":\"\u00dcr\u00fcnlerimiz\",\"item\":\"https:\/\/mtroyal.com.tr\/tr\/urunlerimiz\/\"},{\"@type\":\"ListItem\",\"position\":3,\"name\":\"Em\u00fclgat\u00f6rl\u00fc Ni\u015fasta Kar\u0131\u015f\u0131m\u0131 \u2013 toptan sat\u0131\u015f\"}]},{\"@type\":\"WebSite\",\"@id\":\"https:\/\/mtroyal.com.tr\/tr\/#website\",\"url\":\"https:\/\/mtroyal.com.tr\/tr\/\",\"name\":\"MTROYAL\",\"description\":\"\",\"publisher\":{\"@id\":\"https:\/\/mtroyal.com.tr\/tr\/#organization\"},\"potentialAction\":[{\"@type\":\"SearchAction\",\"target\":{\"@type\":\"EntryPoint\",\"urlTemplate\":\"https:\/\/mtroyal.com.tr\/tr\/?s={search_term_string}\"},\"query-input\":{\"@type\":\"PropertyValueSpecification\",\"valueRequired\":true,\"valueName\":\"search_term_string\"}}],\"inLanguage\":\"tr\"},{\"@type\":\"Organization\",\"@id\":\"https:\/\/mtroyal.com.tr\/tr\/#organization\",\"name\":\"MTROYAL\",\"url\":\"https:\/\/mtroyal.com.tr\/tr\/\",\"logo\":{\"@type\":\"ImageObject\",\"inLanguage\":\"tr\",\"@id\":\"https:\/\/mtroyal.com.tr\/tr\/#\/schema\/logo\/image\/\",\"url\":\"https:\/\/mtroyal.com.tr\/tr\/wp-content\/uploads\/2023\/12\/mt-logo.png\",\"contentUrl\":\"https:\/\/mtroyal.com.tr\/tr\/wp-content\/uploads\/2023\/12\/mt-logo.png\",\"width\":313,\"height\":261,\"caption\":\"MTROYAL\"},\"image\":{\"@id\":\"https:\/\/mtroyal.com.tr\/tr\/#\/schema\/logo\/image\/\"}},false]}<\/script>\n<!-- \/ Yoast SEO Premium plugin. -->","yoast_head_json":{"title":"Em\u00fclgat\u00f6rl\u00fc Ni\u015fasta Kar\u0131\u015f\u0131m\u0131 \u2013 toptan sat\u0131\u015f - MTROYAL","description":"Em\u00fclgat\u00f6rl\u00fc Ni\u015fasta Kar\u0131\u015f\u0131m\u0131 \u2013 toptan sat\u0131\u015f: MT Royal g\u00fcvencesiyle, end\u00fcstriyel \u00fcretiminize \u00f6zel kaliteli ni\u015fasta \u00e7\u00f6z\u00fcmleri. \u015eimdi sipari\u015f verin!","robots":{"index":"index","follow":"follow","max-snippet":"max-snippet:-1","max-image-preview":"max-image-preview:large","max-video-preview":"max-video-preview:-1"},"canonical":"https:\/\/mtroyal.com.tr\/tr\/product\/emulgatorlu-nisasta-karisimi-toptan-satis\/","og_locale":"tr_TR","og_type":"article","og_title":"Em\u00fclgat\u00f6rl\u00fc Ni\u015fasta Kar\u0131\u015f\u0131m\u0131 \u2013 toptan sat\u0131\u015f","og_description":"Em\u00fclgat\u00f6rl\u00fc Ni\u015fasta Kar\u0131\u015f\u0131m\u0131 \u2013 toptan sat\u0131\u015f: MT Royal g\u00fcvencesiyle, end\u00fcstriyel \u00fcretiminize \u00f6zel kaliteli ni\u015fasta \u00e7\u00f6z\u00fcmleri. \u015eimdi sipari\u015f verin!","og_url":"https:\/\/mtroyal.com.tr\/tr\/product\/emulgatorlu-nisasta-karisimi-toptan-satis\/","og_site_name":"MTROYAL","article_modified_time":"2025-06-12T11:51:28+00:00","twitter_card":"summary_large_image","schema":{"@context":"https:\/\/schema.org","@graph":[{"@type":"WebPage","@id":"https:\/\/mtroyal.com.tr\/tr\/product\/emulgatorlu-nisasta-karisimi-toptan-satis\/","url":"https:\/\/mtroyal.com.tr\/tr\/product\/emulgatorlu-nisasta-karisimi-toptan-satis\/","name":"Em\u00fclgat\u00f6rl\u00fc Ni\u015fasta Kar\u0131\u015f\u0131m\u0131 \u2013 toptan sat\u0131\u015f - MTROYAL","isPartOf":{"@id":"https:\/\/mtroyal.com.tr\/tr\/#website"},"primaryImageOfPage":{"@id":"https:\/\/mtroyal.com.tr\/tr\/product\/emulgatorlu-nisasta-karisimi-toptan-satis\/#primaryimage"},"image":{"@id":"https:\/\/mtroyal.com.tr\/tr\/product\/emulgatorlu-nisasta-karisimi-toptan-satis\/#primaryimage"},"thumbnailUrl":"https:\/\/mtroyal.com.tr\/tr\/wp-content\/uploads\/2025\/06\/Emulgatorlu-Nisasta-Karisimi-\u2013-toptan-satis.avif","datePublished":"2025-06-12T11:51:26+00:00","dateModified":"2025-06-12T11:51:28+00:00","description":"Em\u00fclgat\u00f6rl\u00fc Ni\u015fasta Kar\u0131\u015f\u0131m\u0131 \u2013 toptan sat\u0131\u015f: MT Royal g\u00fcvencesiyle, end\u00fcstriyel \u00fcretiminize \u00f6zel kaliteli ni\u015fasta \u00e7\u00f6z\u00fcmleri. \u015eimdi sipari\u015f verin!","breadcrumb":{"@id":"https:\/\/mtroyal.com.tr\/tr\/product\/emulgatorlu-nisasta-karisimi-toptan-satis\/#breadcrumb"},"inLanguage":"tr","potentialAction":[{"@type":"ReadAction","target":["https:\/\/mtroyal.com.tr\/tr\/product\/emulgatorlu-nisasta-karisimi-toptan-satis\/"]}]},{"@type":"ImageObject","inLanguage":"tr","@id":"https:\/\/mtroyal.com.tr\/tr\/product\/emulgatorlu-nisasta-karisimi-toptan-satis\/#primaryimage","url":"https:\/\/mtroyal.com.tr\/tr\/wp-content\/uploads\/2025\/06\/Emulgatorlu-Nisasta-Karisimi-\u2013-toptan-satis.avif","contentUrl":"https:\/\/mtroyal.com.tr\/tr\/wp-content\/uploads\/2025\/06\/Emulgatorlu-Nisasta-Karisimi-\u2013-toptan-satis.avif","width":600,"height":600,"caption":"Em\u00fclgat\u00f6rl\u00fc Ni\u015fasta Kar\u0131\u015f\u0131m\u0131 \u2013 toptan sat\u0131\u015f"},{"@type":"BreadcrumbList","@id":"https:\/\/mtroyal.com.tr\/tr\/product\/emulgatorlu-nisasta-karisimi-toptan-satis\/#breadcrumb","itemListElement":[{"@type":"ListItem","position":1,"name":"Home","item":"https:\/\/mtroyal.com.tr\/tr\/"},{"@type":"ListItem","position":2,"name":"\u00dcr\u00fcnlerimiz","item":"https:\/\/mtroyal.com.tr\/tr\/urunlerimiz\/"},{"@type":"ListItem","position":3,"name":"Em\u00fclgat\u00f6rl\u00fc Ni\u015fasta Kar\u0131\u015f\u0131m\u0131 \u2013 toptan sat\u0131\u015f"}]},{"@type":"WebSite","@id":"https:\/\/mtroyal.com.tr\/tr\/#website","url":"https:\/\/mtroyal.com.tr\/tr\/","name":"MTROYAL","description":"","publisher":{"@id":"https:\/\/mtroyal.com.tr\/tr\/#organization"},"potentialAction":[{"@type":"SearchAction","target":{"@type":"EntryPoint","urlTemplate":"https:\/\/mtroyal.com.tr\/tr\/?s={search_term_string}"},"query-input":{"@type":"PropertyValueSpecification","valueRequired":true,"valueName":"search_term_string"}}],"inLanguage":"tr"},{"@type":"Organization","@id":"https:\/\/mtroyal.com.tr\/tr\/#organization","name":"MTROYAL","url":"https:\/\/mtroyal.com.tr\/tr\/","logo":{"@type":"ImageObject","inLanguage":"tr","@id":"https:\/\/mtroyal.com.tr\/tr\/#\/schema\/logo\/image\/","url":"https:\/\/mtroyal.com.tr\/tr\/wp-content\/uploads\/2023\/12\/mt-logo.png","contentUrl":"https:\/\/mtroyal.com.tr\/tr\/wp-content\/uploads\/2023\/12\/mt-logo.png","width":313,"height":261,"caption":"MTROYAL"},"image":{"@id":"https:\/\/mtroyal.com.tr\/tr\/#\/schema\/logo\/image\/"}},false]}},"yasr_visitor_votes":{"stars_attributes":{"read_only":false,"span_bottom":false},"number_of_votes":0,"sum_votes":0},"_links":{"self":[{"href":"https:\/\/mtroyal.com.tr\/tr\/wp-json\/wp\/v2\/product\/10402","targetHints":{"allow":["GET"]}}],"collection":[{"href":"https:\/\/mtroyal.com.tr\/tr\/wp-json\/wp\/v2\/product"}],"about":[{"href":"https:\/\/mtroyal.com.tr\/tr\/wp-json\/wp\/v2\/types\/product"}],"replies":[{"embeddable":true,"href":"https:\/\/mtroyal.com.tr\/tr\/wp-json\/wp\/v2\/comments?post=10402"}],"wp:featuredmedia":[{"embeddable":true,"href":"https:\/\/mtroyal.com.tr\/tr\/wp-json\/wp\/v2\/media\/10447"}],"wp:attachment":[{"href":"https:\/\/mtroyal.com.tr\/tr\/wp-json\/wp\/v2\/media?parent=10402"}],"wp:term":[{"taxonomy":"product_brand","embeddable":true,"href":"https:\/\/mtroyal.com.tr\/tr\/wp-json\/wp\/v2\/product_brand?post=10402"},{"taxonomy":"product_cat","embeddable":true,"href":"https:\/\/mtroyal.com.tr\/tr\/wp-json\/wp\/v2\/product_cat?post=10402"},{"taxonomy":"product_tag","embeddable":true,"href":"https:\/\/mtroyal.com.tr\/tr\/wp-json\/wp\/v2\/product_tag?post=10402"}],"curies":[{"name":"wp","href":"https:\/\/api.w.org\/{rel}","templated":true}]}}