{"id":10730,"date":"2025-07-28T10:07:49","date_gmt":"2025-07-28T07:07:49","guid":{"rendered":"https:\/\/mtroyal.com.tr\/tr\/?post_type=product&#038;p=10730"},"modified":"2025-07-28T10:07:50","modified_gmt":"2025-07-28T07:07:50","slug":"maltitol-iceren-karisim-tedarikci","status":"publish","type":"product","link":"https:\/\/mtroyal.com.tr\/tr\/product\/maltitol-iceren-karisim-tedarikci\/","title":{"rendered":"Maltitol \u0130\u00e7eren Kar\u0131\u015f\u0131m \u2013 tedarik\u00e7i"},"content":{"rendered":"<p>G\u0131da ve end\u00fcstriyel \u00fcretim s\u00fcre\u00e7lerinde <strong>\u015feker alternatifi<\/strong> aray\u0131\u015f\u0131nda olan \u00fcreticiler i\u00e7in <strong>Maltitol \u0130\u00e7eren Kar\u0131\u015f\u0131m \u2013 tedarik\u00e7i<\/strong> se\u00e7imi b\u00fcy\u00fck \u00f6nem ta\u015f\u0131r. Maltitol, \u00f6zellikle d\u00fc\u015f\u00fck kalorili ve di\u015f dostu form\u00fcl\u00fcyle pek \u00e7ok g\u0131da form\u00fclasyonunda tercih edilir. MT Royal, <strong>Maltitol \u0130\u00e7eren Kar\u0131\u015f\u0131m<\/strong> alan\u0131nda <strong>resmi ithalat\u00e7\u0131 ve distrib\u00fct\u00f6r<\/strong> olarak, sanayiye \u00f6zel toptan \u00e7\u00f6z\u00fcmler sunar. \u00dcretim hatlar\u0131n\u0131zda s\u00fcrd\u00fcr\u00fclebilir kalite, esnek tedarik ve rekabet\u00e7i fiyat avantaj\u0131 i\u00e7in MT Royal\u2019in g\u00fc\u00e7l\u00fc tedarik zincirinden yararlanabilirsiniz.<\/p>\n<h2><strong>\u00dcr\u00fcn Tan\u0131t\u0131m\u0131<\/strong><\/h2>\n<p><strong>Maltitol \u0130\u00e7eren Kar\u0131\u015f\u0131m<\/strong>, \u015feker yerine kullan\u0131lan \u00e7ok y\u00f6nl\u00fc bir tatland\u0131r\u0131c\u0131d\u0131r. \u00d6zellikle \u015fekerleme, \u00e7ikolata, diyet \u00fcr\u00fcnler ve d\u00fc\u015f\u00fck kalorili i\u00e7ecek \u00fcretiminde yayg\u0131n olarak tercih edilir. Y\u00fcksek safl\u0131k oran\u0131, n\u00f6tr tad\u0131 ve \u0131s\u0131ya dayan\u0131kl\u0131 yap\u0131s\u0131 sayesinde proses uyumu sa\u011flar.<\/p>\n<p>Sanayi \u00fcreticileri i\u00e7in <strong>Maltitol \u0130\u00e7eren Kar\u0131\u015f\u0131m \u2013 tedarik\u00e7i<\/strong> se\u00e7imi, \u00fcr\u00fcn kalitesi ve verimlili\u011fi do\u011frudan etkiler. MT Royal\u2019in sundu\u011fu kar\u0131\u015f\u0131mlar, uluslararas\u0131 standartlara uygundur ve HACCP, ISO gibi kalite belgelerine sahiptir.<\/p>\n<h2><strong>Ba\u015fl\u0131ca \u00d6zellikler ve Avantajlar<\/strong><\/h2>\n<h3><strong>Neden Maltitol \u0130\u00e7eren Kar\u0131\u015f\u0131m?<\/strong><\/h3>\n<ul>\n<li><strong>D\u00fc\u015f\u00fck Kalori:<\/strong> \u015eeker yerine kullan\u0131ld\u0131\u011f\u0131nda enerji de\u011ferini azalt\u0131r.<\/li>\n<li><strong>Di\u015f Dostu:<\/strong> \u00c7\u00fcr\u00fck olu\u015fum riskini azalt\u0131r, di\u015f sa\u011fl\u0131\u011f\u0131 dostudur.<\/li>\n<li><strong>Is\u0131ya Dayan\u0131kl\u0131:<\/strong> Y\u00fcksek s\u0131cakl\u0131klarda kararl\u0131l\u0131\u011f\u0131n\u0131 korur.<\/li>\n<li><strong>N\u00f6tr Tat:<\/strong> \u00dcr\u00fcn tad\u0131n\u0131 etkilemez, do\u011fal tat dengesi sa\u011flar.<\/li>\n<li><strong>Kolay Kullan\u0131m:<\/strong> End\u00fcstriyel proseslere uygun gran\u00fcl ve toz formlarda sunulur.<\/li>\n<\/ul>\n<h3><strong>Sanayiye Y\u00f6nelik Kullan\u0131m Alanlar\u0131<\/strong><\/h3>\n<p><strong>Maltitol \u0130\u00e7eren Kar\u0131\u015f\u0131m<\/strong>, g\u0131da sekt\u00f6r\u00fcnde geni\u015f bir uygulama yelpazesine sahiptir:<\/p>\n<ul>\n<li><strong>\u015eekerleme \u00dcretimi:<\/strong> Diyet \u015fekerleme ve \u015fekersiz sak\u0131zlar<\/li>\n<li><strong>\u00c7ikolata ve Kaplamalar:<\/strong> D\u00fc\u015f\u00fck \u015fekerli \u00e7ikolata \u00e7e\u015fitleri<\/li>\n<li><strong>Unlu Mamuller:<\/strong> Kek, bisk\u00fcvi ve kurabiyelerde tatland\u0131r\u0131c\u0131<\/li>\n<li><strong>\u0130\u00e7ecek Sekt\u00f6r\u00fc:<\/strong> D\u00fc\u015f\u00fck kalorili i\u00e7ecek form\u00fclasyonlar\u0131<\/li>\n<li><strong>Diyet \u00dcr\u00fcnleri:<\/strong> \u015eekersiz g\u0131da \u00fcretimi<\/li>\n<\/ul>\n<h2><strong>Teknik \u00d6zellikler<\/strong><\/h2>\n<table>\n<thead>\n<tr>\n<th>Teknik Veri<\/th>\n<th>A\u00e7\u0131klama<\/th>\n<\/tr>\n<\/thead>\n<tbody>\n<tr>\n<td>\u00dcr\u00fcn Ad\u0131<\/td>\n<td>Maltitol \u0130\u00e7eren Kar\u0131\u015f\u0131m<\/td>\n<\/tr>\n<tr>\n<td>Men\u015fei<\/td>\n<td>Avrupa<\/td>\n<\/tr>\n<tr>\n<td>Form<\/td>\n<td>Toz \/ Gran\u00fcl<\/td>\n<\/tr>\n<tr>\n<td>Renk<\/td>\n<td>Beyaz<\/td>\n<\/tr>\n<tr>\n<td>Tat Profili<\/td>\n<td>N\u00f6tr, hafif tatl\u0131<\/td>\n<\/tr>\n<tr>\n<td>Kalite Belgeleri<\/td>\n<td>HACCP, ISO 22000<\/td>\n<\/tr>\n<tr>\n<td>Ambalaj<\/td>\n<td>25 kg kraft torba<\/td>\n<\/tr>\n<tr>\n<td>Raf \u00d6mr\u00fc<\/td>\n<td>24 Ay<\/td>\n<\/tr>\n<tr>\n<td>Saklama<\/td>\n<td>Serin ve kuru ortamda<\/td>\n<\/tr>\n<\/tbody>\n<\/table>\n<h2><strong>Neden MT Royal\u2019den Sat\u0131n Almal\u0131s\u0131n\u0131z?<\/strong><\/h2>\n<p><strong>MT Royal<\/strong>, Maltitol \u0130\u00e7eren Kar\u0131\u015f\u0131m i\u00e7in <strong>g\u00fcvenilir tedarik\u00e7i<\/strong> olman\u0131n \u00f6tesinde, \u00fcreticilere kapsaml\u0131 destek sunar:<\/p>\n<ul>\n<li><strong>Resmi \u0130thalat\u00e7\u0131 &amp; Distrib\u00fct\u00f6r:<\/strong> Orijinal \u00fcr\u00fcn garantisi.<\/li>\n<li><strong>Rekabet\u00e7i Fiyatlar:<\/strong> B2B odakl\u0131 toptan sat\u0131\u015f avantajlar\u0131.<\/li>\n<li><strong>Teknik Destek:<\/strong> \u00dcr\u00fcn form\u00fclasyonu ve uygulama dan\u0131\u015fmanl\u0131\u011f\u0131.<\/li>\n<li><strong>H\u0131zl\u0131 Teslimat:<\/strong> T\u00fcrkiye genelinde zaman\u0131nda lojistik.<\/li>\n<li><strong>Esnek Sipari\u015f:<\/strong> K\u00fc\u00e7\u00fck veya b\u00fcy\u00fck \u00f6l\u00e7ekli taleplere uygun.<\/li>\n<\/ul>\n<p>MT Royal ile \u00e7al\u0131\u015farak \u00fcretim s\u00fcre\u00e7lerinizi kesintisiz destekleyin, pazarda bir ad\u0131m \u00f6ne ge\u00e7in.<\/p>\n<h2><strong>Hemen \u0130leti\u015fime Ge\u00e7in<\/strong><\/h2>\n<p>\u00dcretim hatt\u0131n\u0131z i\u00e7in <strong>Maltitol \u0130\u00e7eren Kar\u0131\u015f\u0131m \u2013 tedarik\u00e7i<\/strong> ar\u0131yorsan\u0131z, do\u011fru adrestesiniz. \u0130htiyac\u0131n\u0131za uygun teklif almak ve detayl\u0131 bilgi i\u00e7in hemen bizimle ileti\u015fime ge\u00e7in!<\/p>\n<p>&nbsp;<\/p>\n<div style='text-align:center' class='yasr-auto-insert-visitor'><\/div>","protected":false},"excerpt":{"rendered":"<p><strong>Maltitol \u0130\u00e7eren Kar\u0131\u015f\u0131m<\/strong>, \u015feker alternatifi arayan \u00fcreticiler i\u00e7in ideal bir \u00e7\u00f6z\u00fcm &#8230; <\/p>\n","protected":false},"featured_media":11169,"comment_status":"open","ping_status":"closed","template":"","meta":{"yasr_overall_rating":0,"yasr_post_is_review":"","yasr_auto_insert_disabled":"","yasr_review_type":""},"product_brand":[],"product_cat":[330],"product_tag":[],"class_list":{"0":"post-10730","1":"product","2":"type-product","3":"status-publish","4":"has-post-thumbnail","6":"product_cat-maltitol","8":"first","9":"instock","10":"shipping-taxable","11":"product-type-simple"},"yoast_head":"<!-- This site is optimized with the Yoast SEO Premium plugin v24.5 (Yoast SEO v26.6) - https:\/\/yoast.com\/wordpress\/plugins\/seo\/ -->\n<title>Maltitol \u0130\u00e7eren Kar\u0131\u015f\u0131m \u2013 tedarik\u00e7i - MTROYAL<\/title>\n<meta name=\"description\" content=\"Maltitol \u0130\u00e7eren Kar\u0131\u015f\u0131m \u2013 tedarik\u00e7i: MT Royal, g\u00fcvenilir ithalat\u00e7\u0131, uygun fiyat, h\u0131zl\u0131 teslimat. Sanayiye \u00f6zel toptan sat\u0131\u015f avantajlar\u0131 \u015fimdi sizinle!\" \/>\n<meta name=\"robots\" content=\"index, follow, max-snippet:-1, max-image-preview:large, max-video-preview:-1\" \/>\n<link rel=\"canonical\" href=\"https:\/\/mtroyal.com.tr\/tr\/product\/maltitol-iceren-karisim-tedarikci\/\" \/>\n<meta property=\"og:locale\" content=\"tr_TR\" \/>\n<meta property=\"og:type\" content=\"article\" \/>\n<meta property=\"og:title\" content=\"Maltitol \u0130\u00e7eren Kar\u0131\u015f\u0131m \u2013 tedarik\u00e7i\" \/>\n<meta property=\"og:description\" content=\"Maltitol \u0130\u00e7eren Kar\u0131\u015f\u0131m \u2013 tedarik\u00e7i: MT Royal, g\u00fcvenilir ithalat\u00e7\u0131, uygun fiyat, h\u0131zl\u0131 teslimat. Sanayiye \u00f6zel toptan sat\u0131\u015f avantajlar\u0131 \u015fimdi sizinle!\" \/>\n<meta property=\"og:url\" content=\"https:\/\/mtroyal.com.tr\/tr\/product\/maltitol-iceren-karisim-tedarikci\/\" \/>\n<meta property=\"og:site_name\" content=\"MTROYAL\" \/>\n<meta property=\"article:modified_time\" content=\"2025-07-28T07:07:50+00:00\" \/>\n<meta property=\"og:image\" content=\"https:\/\/mtroyal.com.tr\/tr\/wp-content\/uploads\/2025\/06\/Maltitol-Iceren-Karisim-\u2013-tedarikci.webp\" \/>\n\t<meta property=\"og:image:width\" content=\"362\" \/>\n\t<meta property=\"og:image:height\" content=\"242\" \/>\n\t<meta property=\"og:image:type\" content=\"image\/webp\" \/>\n<meta name=\"twitter:card\" content=\"summary_large_image\" \/>\n<script type=\"application\/ld+json\" class=\"yoast-schema-graph\">{\"@context\":\"https:\/\/schema.org\",\"@graph\":[{\"@type\":\"WebPage\",\"@id\":\"https:\/\/mtroyal.com.tr\/tr\/product\/maltitol-iceren-karisim-tedarikci\/\",\"url\":\"https:\/\/mtroyal.com.tr\/tr\/product\/maltitol-iceren-karisim-tedarikci\/\",\"name\":\"Maltitol \u0130\u00e7eren Kar\u0131\u015f\u0131m \u2013 tedarik\u00e7i - MTROYAL\",\"isPartOf\":{\"@id\":\"https:\/\/mtroyal.com.tr\/tr\/#website\"},\"primaryImageOfPage\":{\"@id\":\"https:\/\/mtroyal.com.tr\/tr\/product\/maltitol-iceren-karisim-tedarikci\/#primaryimage\"},\"image\":{\"@id\":\"https:\/\/mtroyal.com.tr\/tr\/product\/maltitol-iceren-karisim-tedarikci\/#primaryimage\"},\"thumbnailUrl\":\"https:\/\/mtroyal.com.tr\/tr\/wp-content\/uploads\/2025\/06\/Maltitol-Iceren-Karisim-\u2013-tedarikci.webp\",\"datePublished\":\"2025-07-28T07:07:49+00:00\",\"dateModified\":\"2025-07-28T07:07:50+00:00\",\"description\":\"Maltitol \u0130\u00e7eren Kar\u0131\u015f\u0131m \u2013 tedarik\u00e7i: MT Royal, g\u00fcvenilir ithalat\u00e7\u0131, uygun fiyat, h\u0131zl\u0131 teslimat. Sanayiye \u00f6zel toptan sat\u0131\u015f avantajlar\u0131 \u015fimdi sizinle!\",\"breadcrumb\":{\"@id\":\"https:\/\/mtroyal.com.tr\/tr\/product\/maltitol-iceren-karisim-tedarikci\/#breadcrumb\"},\"inLanguage\":\"tr\",\"potentialAction\":[{\"@type\":\"ReadAction\",\"target\":[\"https:\/\/mtroyal.com.tr\/tr\/product\/maltitol-iceren-karisim-tedarikci\/\"]}]},{\"@type\":\"ImageObject\",\"inLanguage\":\"tr\",\"@id\":\"https:\/\/mtroyal.com.tr\/tr\/product\/maltitol-iceren-karisim-tedarikci\/#primaryimage\",\"url\":\"https:\/\/mtroyal.com.tr\/tr\/wp-content\/uploads\/2025\/06\/Maltitol-Iceren-Karisim-\u2013-tedarikci.webp\",\"contentUrl\":\"https:\/\/mtroyal.com.tr\/tr\/wp-content\/uploads\/2025\/06\/Maltitol-Iceren-Karisim-\u2013-tedarikci.webp\",\"width\":362,\"height\":242,\"caption\":\"Maltitol \u0130\u00e7eren Kar\u0131\u015f\u0131m \u2013 tedarik\u00e7i\"},{\"@type\":\"BreadcrumbList\",\"@id\":\"https:\/\/mtroyal.com.tr\/tr\/product\/maltitol-iceren-karisim-tedarikci\/#breadcrumb\",\"itemListElement\":[{\"@type\":\"ListItem\",\"position\":1,\"name\":\"Home\",\"item\":\"https:\/\/mtroyal.com.tr\/tr\/\"},{\"@type\":\"ListItem\",\"position\":2,\"name\":\"\u00dcr\u00fcnlerimiz\",\"item\":\"https:\/\/mtroyal.com.tr\/tr\/urunlerimiz\/\"},{\"@type\":\"ListItem\",\"position\":3,\"name\":\"Maltitol \u0130\u00e7eren Kar\u0131\u015f\u0131m \u2013 tedarik\u00e7i\"}]},{\"@type\":\"WebSite\",\"@id\":\"https:\/\/mtroyal.com.tr\/tr\/#website\",\"url\":\"https:\/\/mtroyal.com.tr\/tr\/\",\"name\":\"MTROYAL\",\"description\":\"\",\"publisher\":{\"@id\":\"https:\/\/mtroyal.com.tr\/tr\/#organization\"},\"potentialAction\":[{\"@type\":\"SearchAction\",\"target\":{\"@type\":\"EntryPoint\",\"urlTemplate\":\"https:\/\/mtroyal.com.tr\/tr\/?s={search_term_string}\"},\"query-input\":{\"@type\":\"PropertyValueSpecification\",\"valueRequired\":true,\"valueName\":\"search_term_string\"}}],\"inLanguage\":\"tr\"},{\"@type\":\"Organization\",\"@id\":\"https:\/\/mtroyal.com.tr\/tr\/#organization\",\"name\":\"MTROYAL\",\"url\":\"https:\/\/mtroyal.com.tr\/tr\/\",\"logo\":{\"@type\":\"ImageObject\",\"inLanguage\":\"tr\",\"@id\":\"https:\/\/mtroyal.com.tr\/tr\/#\/schema\/logo\/image\/\",\"url\":\"https:\/\/mtroyal.com.tr\/tr\/wp-content\/uploads\/2023\/12\/mt-logo.png\",\"contentUrl\":\"https:\/\/mtroyal.com.tr\/tr\/wp-content\/uploads\/2023\/12\/mt-logo.png\",\"width\":313,\"height\":261,\"caption\":\"MTROYAL\"},\"image\":{\"@id\":\"https:\/\/mtroyal.com.tr\/tr\/#\/schema\/logo\/image\/\"}},false]}<\/script>\n<!-- \/ Yoast SEO Premium plugin. -->","yoast_head_json":{"title":"Maltitol \u0130\u00e7eren Kar\u0131\u015f\u0131m \u2013 tedarik\u00e7i - MTROYAL","description":"Maltitol \u0130\u00e7eren Kar\u0131\u015f\u0131m \u2013 tedarik\u00e7i: MT Royal, g\u00fcvenilir ithalat\u00e7\u0131, uygun fiyat, h\u0131zl\u0131 teslimat. Sanayiye \u00f6zel toptan sat\u0131\u015f avantajlar\u0131 \u015fimdi sizinle!","robots":{"index":"index","follow":"follow","max-snippet":"max-snippet:-1","max-image-preview":"max-image-preview:large","max-video-preview":"max-video-preview:-1"},"canonical":"https:\/\/mtroyal.com.tr\/tr\/product\/maltitol-iceren-karisim-tedarikci\/","og_locale":"tr_TR","og_type":"article","og_title":"Maltitol \u0130\u00e7eren Kar\u0131\u015f\u0131m \u2013 tedarik\u00e7i","og_description":"Maltitol \u0130\u00e7eren Kar\u0131\u015f\u0131m \u2013 tedarik\u00e7i: MT Royal, g\u00fcvenilir ithalat\u00e7\u0131, uygun fiyat, h\u0131zl\u0131 teslimat. Sanayiye \u00f6zel toptan sat\u0131\u015f avantajlar\u0131 \u015fimdi sizinle!","og_url":"https:\/\/mtroyal.com.tr\/tr\/product\/maltitol-iceren-karisim-tedarikci\/","og_site_name":"MTROYAL","article_modified_time":"2025-07-28T07:07:50+00:00","og_image":[{"width":362,"height":242,"url":"https:\/\/mtroyal.com.tr\/tr\/wp-content\/uploads\/2025\/06\/Maltitol-Iceren-Karisim-\u2013-tedarikci.webp","type":"image\/webp"}],"twitter_card":"summary_large_image","schema":{"@context":"https:\/\/schema.org","@graph":[{"@type":"WebPage","@id":"https:\/\/mtroyal.com.tr\/tr\/product\/maltitol-iceren-karisim-tedarikci\/","url":"https:\/\/mtroyal.com.tr\/tr\/product\/maltitol-iceren-karisim-tedarikci\/","name":"Maltitol \u0130\u00e7eren Kar\u0131\u015f\u0131m \u2013 tedarik\u00e7i - MTROYAL","isPartOf":{"@id":"https:\/\/mtroyal.com.tr\/tr\/#website"},"primaryImageOfPage":{"@id":"https:\/\/mtroyal.com.tr\/tr\/product\/maltitol-iceren-karisim-tedarikci\/#primaryimage"},"image":{"@id":"https:\/\/mtroyal.com.tr\/tr\/product\/maltitol-iceren-karisim-tedarikci\/#primaryimage"},"thumbnailUrl":"https:\/\/mtroyal.com.tr\/tr\/wp-content\/uploads\/2025\/06\/Maltitol-Iceren-Karisim-\u2013-tedarikci.webp","datePublished":"2025-07-28T07:07:49+00:00","dateModified":"2025-07-28T07:07:50+00:00","description":"Maltitol \u0130\u00e7eren Kar\u0131\u015f\u0131m \u2013 tedarik\u00e7i: MT Royal, g\u00fcvenilir ithalat\u00e7\u0131, uygun fiyat, h\u0131zl\u0131 teslimat. Sanayiye \u00f6zel toptan sat\u0131\u015f avantajlar\u0131 \u015fimdi sizinle!","breadcrumb":{"@id":"https:\/\/mtroyal.com.tr\/tr\/product\/maltitol-iceren-karisim-tedarikci\/#breadcrumb"},"inLanguage":"tr","potentialAction":[{"@type":"ReadAction","target":["https:\/\/mtroyal.com.tr\/tr\/product\/maltitol-iceren-karisim-tedarikci\/"]}]},{"@type":"ImageObject","inLanguage":"tr","@id":"https:\/\/mtroyal.com.tr\/tr\/product\/maltitol-iceren-karisim-tedarikci\/#primaryimage","url":"https:\/\/mtroyal.com.tr\/tr\/wp-content\/uploads\/2025\/06\/Maltitol-Iceren-Karisim-\u2013-tedarikci.webp","contentUrl":"https:\/\/mtroyal.com.tr\/tr\/wp-content\/uploads\/2025\/06\/Maltitol-Iceren-Karisim-\u2013-tedarikci.webp","width":362,"height":242,"caption":"Maltitol \u0130\u00e7eren Kar\u0131\u015f\u0131m \u2013 tedarik\u00e7i"},{"@type":"BreadcrumbList","@id":"https:\/\/mtroyal.com.tr\/tr\/product\/maltitol-iceren-karisim-tedarikci\/#breadcrumb","itemListElement":[{"@type":"ListItem","position":1,"name":"Home","item":"https:\/\/mtroyal.com.tr\/tr\/"},{"@type":"ListItem","position":2,"name":"\u00dcr\u00fcnlerimiz","item":"https:\/\/mtroyal.com.tr\/tr\/urunlerimiz\/"},{"@type":"ListItem","position":3,"name":"Maltitol \u0130\u00e7eren Kar\u0131\u015f\u0131m \u2013 tedarik\u00e7i"}]},{"@type":"WebSite","@id":"https:\/\/mtroyal.com.tr\/tr\/#website","url":"https:\/\/mtroyal.com.tr\/tr\/","name":"MTROYAL","description":"","publisher":{"@id":"https:\/\/mtroyal.com.tr\/tr\/#organization"},"potentialAction":[{"@type":"SearchAction","target":{"@type":"EntryPoint","urlTemplate":"https:\/\/mtroyal.com.tr\/tr\/?s={search_term_string}"},"query-input":{"@type":"PropertyValueSpecification","valueRequired":true,"valueName":"search_term_string"}}],"inLanguage":"tr"},{"@type":"Organization","@id":"https:\/\/mtroyal.com.tr\/tr\/#organization","name":"MTROYAL","url":"https:\/\/mtroyal.com.tr\/tr\/","logo":{"@type":"ImageObject","inLanguage":"tr","@id":"https:\/\/mtroyal.com.tr\/tr\/#\/schema\/logo\/image\/","url":"https:\/\/mtroyal.com.tr\/tr\/wp-content\/uploads\/2023\/12\/mt-logo.png","contentUrl":"https:\/\/mtroyal.com.tr\/tr\/wp-content\/uploads\/2023\/12\/mt-logo.png","width":313,"height":261,"caption":"MTROYAL"},"image":{"@id":"https:\/\/mtroyal.com.tr\/tr\/#\/schema\/logo\/image\/"}},false]}},"yasr_visitor_votes":{"stars_attributes":{"read_only":false,"span_bottom":false},"number_of_votes":0,"sum_votes":0},"_links":{"self":[{"href":"https:\/\/mtroyal.com.tr\/tr\/wp-json\/wp\/v2\/product\/10730","targetHints":{"allow":["GET"]}}],"collection":[{"href":"https:\/\/mtroyal.com.tr\/tr\/wp-json\/wp\/v2\/product"}],"about":[{"href":"https:\/\/mtroyal.com.tr\/tr\/wp-json\/wp\/v2\/types\/product"}],"replies":[{"embeddable":true,"href":"https:\/\/mtroyal.com.tr\/tr\/wp-json\/wp\/v2\/comments?post=10730"}],"wp:featuredmedia":[{"embeddable":true,"href":"https:\/\/mtroyal.com.tr\/tr\/wp-json\/wp\/v2\/media\/11169"}],"wp:attachment":[{"href":"https:\/\/mtroyal.com.tr\/tr\/wp-json\/wp\/v2\/media?parent=10730"}],"wp:term":[{"taxonomy":"product_brand","embeddable":true,"href":"https:\/\/mtroyal.com.tr\/tr\/wp-json\/wp\/v2\/product_brand?post=10730"},{"taxonomy":"product_cat","embeddable":true,"href":"https:\/\/mtroyal.com.tr\/tr\/wp-json\/wp\/v2\/product_cat?post=10730"},{"taxonomy":"product_tag","embeddable":true,"href":"https:\/\/mtroyal.com.tr\/tr\/wp-json\/wp\/v2\/product_tag?post=10730"}],"curies":[{"name":"wp","href":"https:\/\/api.w.org\/{rel}","templated":true}]}}