{"id":3235,"date":"2020-03-12T11:00:42","date_gmt":"2020-03-12T08:00:42","guid":{"rendered":"https:\/\/mtroyal.com.tr\/tr\/?post_type=product&#038;p=3235"},"modified":"2020-03-12T11:00:42","modified_gmt":"2020-03-12T08:00:42","slug":"cargill-kakao-yagi-esdegeri-sssp","status":"publish","type":"product","link":"https:\/\/mtroyal.com.tr\/tr\/product\/cargill-kakao-yagi-esdegeri-sssp\/","title":{"rendered":"CARGILL KAKAO YA\u011eI E\u015eDE\u011eER\u0130 (SSSP)"},"content":{"rendered":"<p><strong>Uygulamalar<\/strong><br \/>\n\u00c7ikolatal\u0131 Karamel Yap\u0131m\u0131 \u0130\u00e7in \u0130deal Bile\u015fik \u00c7ikolata<br \/>\n<strong>paketleme<\/strong><br \/>\nKakao Ya\u011f\u0131 E\u015fde\u011feri (CBS), 20 kg, 25 kg net polietilen astarl\u0131 kartonlarda veya 180 kg veya 190 kg net, 20 metrik ton esnek veya 20 metrik tonluk bidonlarda paketlenmi\u015ftir.<br \/>\n<strong>Depolama<\/strong><br \/>\nCBS&#8217;nin orijinal ambalaj\u0131nda serin, iyi havaland\u0131r\u0131lm\u0131\u015f ve kuru bir yerde saklanmas\u0131 \u00f6nemlidir. Do\u011frudan g\u00fcne\u015f \u0131\u015f\u0131\u011f\u0131na veya parlak g\u00fcn \u0131\u015f\u0131\u011f\u0131na maruz b\u0131rak\u0131lmamal\u0131d\u0131r.<\/p>\n<div style='text-align:center' class='yasr-auto-insert-visitor'><\/div>","protected":false},"excerpt":{"rendered":"<p>&nbsp;<\/p>\n<p>Cargill kakao ya\u011f\u0131 e\u015fde\u011feri a\u015fa\u011f\u0131daki avantajlar\u0131 sunar:<br \/>\nV\u00fccut s\u0131cakl\u0131\u011f\u0131nda m\u00fckemmel keskin ve &#8230; <\/p>\n","protected":false},"featured_media":3237,"comment_status":"open","ping_status":"closed","template":"","meta":{"yasr_overall_rating":0,"yasr_post_is_review":"","yasr_auto_insert_disabled":"","yasr_review_type":""},"product_brand":[],"product_cat":[50],"product_tag":[152,148,150,149,151],"class_list":{"0":"post-3235","1":"product","2":"type-product","3":"status-publish","4":"has-post-thumbnail","6":"product_cat-temel-hammaddeler","7":"product_tag-cargill","8":"product_tag-cargill-kakao-yagi-esdegeri-sssp","9":"product_tag-cbs-yagi","10":"product_tag-kakao-yagi","11":"product_tag-kakao-yagi-esdegeri","13":"first","14":"instock","15":"shipping-taxable","16":"product-type-simple"},"yoast_head":"<!-- This site is optimized with the Yoast SEO Premium plugin v24.5 (Yoast SEO v26.6) - https:\/\/yoast.com\/wordpress\/plugins\/seo\/ -->\n<title>CARGILL KAKAO YA\u011eI E\u015eDE\u011eER\u0130 (SSSP) - MTROYAL<\/title>\n<meta name=\"robots\" content=\"index, follow, max-snippet:-1, max-image-preview:large, max-video-preview:-1\" \/>\n<link rel=\"canonical\" href=\"https:\/\/mtroyal.com.tr\/tr\/product\/cargill-kakao-yagi-esdegeri-sssp\/\" \/>\n<meta property=\"og:locale\" content=\"tr_TR\" \/>\n<meta property=\"og:type\" content=\"article\" \/>\n<meta property=\"og:title\" content=\"CARGILL KAKAO YA\u011eI E\u015eDE\u011eER\u0130 (SSSP)\" \/>\n<meta property=\"og:description\" content=\"&nbsp;  Cargill kakao ya\u011f\u0131 e\u015fde\u011feri a\u015fa\u011f\u0131daki avantajlar\u0131 sunar: V\u00fccut s\u0131cakl\u0131\u011f\u0131nda m\u00fckemmel keskin ve ...\" \/>\n<meta property=\"og:url\" content=\"https:\/\/mtroyal.com.tr\/tr\/product\/cargill-kakao-yagi-esdegeri-sssp\/\" \/>\n<meta property=\"og:site_name\" content=\"MTROYAL\" \/>\n<meta property=\"og:image\" content=\"https:\/\/mtroyal.com.tr\/tr\/wp-content\/uploads\/2020\/03\/Cocoa-Butter-Substitute-SSSP.jpg\" \/>\n\t<meta property=\"og:image:width\" content=\"1280\" \/>\n\t<meta property=\"og:image:height\" content=\"510\" \/>\n\t<meta property=\"og:image:type\" content=\"image\/jpeg\" \/>\n<meta name=\"twitter:card\" content=\"summary_large_image\" \/>\n<script type=\"application\/ld+json\" class=\"yoast-schema-graph\">{\"@context\":\"https:\/\/schema.org\",\"@graph\":[{\"@type\":\"WebPage\",\"@id\":\"https:\/\/mtroyal.com.tr\/tr\/product\/cargill-kakao-yagi-esdegeri-sssp\/\",\"url\":\"https:\/\/mtroyal.com.tr\/tr\/product\/cargill-kakao-yagi-esdegeri-sssp\/\",\"name\":\"CARGILL KAKAO YA\u011eI E\u015eDE\u011eER\u0130 (SSSP) - MTROYAL\",\"isPartOf\":{\"@id\":\"https:\/\/mtroyal.com.tr\/tr\/#website\"},\"primaryImageOfPage\":{\"@id\":\"https:\/\/mtroyal.com.tr\/tr\/product\/cargill-kakao-yagi-esdegeri-sssp\/#primaryimage\"},\"image\":{\"@id\":\"https:\/\/mtroyal.com.tr\/tr\/product\/cargill-kakao-yagi-esdegeri-sssp\/#primaryimage\"},\"thumbnailUrl\":\"https:\/\/mtroyal.com.tr\/tr\/wp-content\/uploads\/2020\/03\/Cocoa-Butter-Substitute-SSSP.jpg\",\"datePublished\":\"2020-03-12T08:00:42+00:00\",\"breadcrumb\":{\"@id\":\"https:\/\/mtroyal.com.tr\/tr\/product\/cargill-kakao-yagi-esdegeri-sssp\/#breadcrumb\"},\"inLanguage\":\"tr\",\"potentialAction\":[{\"@type\":\"ReadAction\",\"target\":[\"https:\/\/mtroyal.com.tr\/tr\/product\/cargill-kakao-yagi-esdegeri-sssp\/\"]}]},{\"@type\":\"ImageObject\",\"inLanguage\":\"tr\",\"@id\":\"https:\/\/mtroyal.com.tr\/tr\/product\/cargill-kakao-yagi-esdegeri-sssp\/#primaryimage\",\"url\":\"https:\/\/mtroyal.com.tr\/tr\/wp-content\/uploads\/2020\/03\/Cocoa-Butter-Substitute-SSSP.jpg\",\"contentUrl\":\"https:\/\/mtroyal.com.tr\/tr\/wp-content\/uploads\/2020\/03\/Cocoa-Butter-Substitute-SSSP.jpg\",\"width\":1280,\"height\":510,\"caption\":\"CARGILL KAKAO YA\u011eI E\u015eDE\u011eER\u0130 (SSSP)\"},{\"@type\":\"BreadcrumbList\",\"@id\":\"https:\/\/mtroyal.com.tr\/tr\/product\/cargill-kakao-yagi-esdegeri-sssp\/#breadcrumb\",\"itemListElement\":[{\"@type\":\"ListItem\",\"position\":1,\"name\":\"Home\",\"item\":\"https:\/\/mtroyal.com.tr\/tr\/\"},{\"@type\":\"ListItem\",\"position\":2,\"name\":\"\u00dcr\u00fcnlerimiz\",\"item\":\"https:\/\/mtroyal.com.tr\/tr\/urunlerimiz\/\"},{\"@type\":\"ListItem\",\"position\":3,\"name\":\"CARGILL KAKAO YA\u011eI E\u015eDE\u011eER\u0130 (SSSP)\"}]},{\"@type\":\"WebSite\",\"@id\":\"https:\/\/mtroyal.com.tr\/tr\/#website\",\"url\":\"https:\/\/mtroyal.com.tr\/tr\/\",\"name\":\"MTROYAL\",\"description\":\"\",\"publisher\":{\"@id\":\"https:\/\/mtroyal.com.tr\/tr\/#organization\"},\"potentialAction\":[{\"@type\":\"SearchAction\",\"target\":{\"@type\":\"EntryPoint\",\"urlTemplate\":\"https:\/\/mtroyal.com.tr\/tr\/?s={search_term_string}\"},\"query-input\":{\"@type\":\"PropertyValueSpecification\",\"valueRequired\":true,\"valueName\":\"search_term_string\"}}],\"inLanguage\":\"tr\"},{\"@type\":\"Organization\",\"@id\":\"https:\/\/mtroyal.com.tr\/tr\/#organization\",\"name\":\"MTROYAL\",\"url\":\"https:\/\/mtroyal.com.tr\/tr\/\",\"logo\":{\"@type\":\"ImageObject\",\"inLanguage\":\"tr\",\"@id\":\"https:\/\/mtroyal.com.tr\/tr\/#\/schema\/logo\/image\/\",\"url\":\"https:\/\/mtroyal.com.tr\/tr\/wp-content\/uploads\/2023\/12\/mt-logo.png\",\"contentUrl\":\"https:\/\/mtroyal.com.tr\/tr\/wp-content\/uploads\/2023\/12\/mt-logo.png\",\"width\":313,\"height\":261,\"caption\":\"MTROYAL\"},\"image\":{\"@id\":\"https:\/\/mtroyal.com.tr\/tr\/#\/schema\/logo\/image\/\"}},false]}<\/script>\n<!-- \/ Yoast SEO Premium plugin. -->","yoast_head_json":{"title":"CARGILL KAKAO YA\u011eI E\u015eDE\u011eER\u0130 (SSSP) - MTROYAL","robots":{"index":"index","follow":"follow","max-snippet":"max-snippet:-1","max-image-preview":"max-image-preview:large","max-video-preview":"max-video-preview:-1"},"canonical":"https:\/\/mtroyal.com.tr\/tr\/product\/cargill-kakao-yagi-esdegeri-sssp\/","og_locale":"tr_TR","og_type":"article","og_title":"CARGILL KAKAO YA\u011eI E\u015eDE\u011eER\u0130 (SSSP)","og_description":"&nbsp;  Cargill kakao ya\u011f\u0131 e\u015fde\u011feri a\u015fa\u011f\u0131daki avantajlar\u0131 sunar: V\u00fccut s\u0131cakl\u0131\u011f\u0131nda m\u00fckemmel keskin ve ...","og_url":"https:\/\/mtroyal.com.tr\/tr\/product\/cargill-kakao-yagi-esdegeri-sssp\/","og_site_name":"MTROYAL","og_image":[{"width":1280,"height":510,"url":"https:\/\/mtroyal.com.tr\/tr\/wp-content\/uploads\/2020\/03\/Cocoa-Butter-Substitute-SSSP.jpg","type":"image\/jpeg"}],"twitter_card":"summary_large_image","schema":{"@context":"https:\/\/schema.org","@graph":[{"@type":"WebPage","@id":"https:\/\/mtroyal.com.tr\/tr\/product\/cargill-kakao-yagi-esdegeri-sssp\/","url":"https:\/\/mtroyal.com.tr\/tr\/product\/cargill-kakao-yagi-esdegeri-sssp\/","name":"CARGILL KAKAO YA\u011eI E\u015eDE\u011eER\u0130 (SSSP) - MTROYAL","isPartOf":{"@id":"https:\/\/mtroyal.com.tr\/tr\/#website"},"primaryImageOfPage":{"@id":"https:\/\/mtroyal.com.tr\/tr\/product\/cargill-kakao-yagi-esdegeri-sssp\/#primaryimage"},"image":{"@id":"https:\/\/mtroyal.com.tr\/tr\/product\/cargill-kakao-yagi-esdegeri-sssp\/#primaryimage"},"thumbnailUrl":"https:\/\/mtroyal.com.tr\/tr\/wp-content\/uploads\/2020\/03\/Cocoa-Butter-Substitute-SSSP.jpg","datePublished":"2020-03-12T08:00:42+00:00","breadcrumb":{"@id":"https:\/\/mtroyal.com.tr\/tr\/product\/cargill-kakao-yagi-esdegeri-sssp\/#breadcrumb"},"inLanguage":"tr","potentialAction":[{"@type":"ReadAction","target":["https:\/\/mtroyal.com.tr\/tr\/product\/cargill-kakao-yagi-esdegeri-sssp\/"]}]},{"@type":"ImageObject","inLanguage":"tr","@id":"https:\/\/mtroyal.com.tr\/tr\/product\/cargill-kakao-yagi-esdegeri-sssp\/#primaryimage","url":"https:\/\/mtroyal.com.tr\/tr\/wp-content\/uploads\/2020\/03\/Cocoa-Butter-Substitute-SSSP.jpg","contentUrl":"https:\/\/mtroyal.com.tr\/tr\/wp-content\/uploads\/2020\/03\/Cocoa-Butter-Substitute-SSSP.jpg","width":1280,"height":510,"caption":"CARGILL KAKAO YA\u011eI E\u015eDE\u011eER\u0130 (SSSP)"},{"@type":"BreadcrumbList","@id":"https:\/\/mtroyal.com.tr\/tr\/product\/cargill-kakao-yagi-esdegeri-sssp\/#breadcrumb","itemListElement":[{"@type":"ListItem","position":1,"name":"Home","item":"https:\/\/mtroyal.com.tr\/tr\/"},{"@type":"ListItem","position":2,"name":"\u00dcr\u00fcnlerimiz","item":"https:\/\/mtroyal.com.tr\/tr\/urunlerimiz\/"},{"@type":"ListItem","position":3,"name":"CARGILL KAKAO YA\u011eI E\u015eDE\u011eER\u0130 (SSSP)"}]},{"@type":"WebSite","@id":"https:\/\/mtroyal.com.tr\/tr\/#website","url":"https:\/\/mtroyal.com.tr\/tr\/","name":"MTROYAL","description":"","publisher":{"@id":"https:\/\/mtroyal.com.tr\/tr\/#organization"},"potentialAction":[{"@type":"SearchAction","target":{"@type":"EntryPoint","urlTemplate":"https:\/\/mtroyal.com.tr\/tr\/?s={search_term_string}"},"query-input":{"@type":"PropertyValueSpecification","valueRequired":true,"valueName":"search_term_string"}}],"inLanguage":"tr"},{"@type":"Organization","@id":"https:\/\/mtroyal.com.tr\/tr\/#organization","name":"MTROYAL","url":"https:\/\/mtroyal.com.tr\/tr\/","logo":{"@type":"ImageObject","inLanguage":"tr","@id":"https:\/\/mtroyal.com.tr\/tr\/#\/schema\/logo\/image\/","url":"https:\/\/mtroyal.com.tr\/tr\/wp-content\/uploads\/2023\/12\/mt-logo.png","contentUrl":"https:\/\/mtroyal.com.tr\/tr\/wp-content\/uploads\/2023\/12\/mt-logo.png","width":313,"height":261,"caption":"MTROYAL"},"image":{"@id":"https:\/\/mtroyal.com.tr\/tr\/#\/schema\/logo\/image\/"}},false]}},"yasr_visitor_votes":{"stars_attributes":{"read_only":false,"span_bottom":false},"number_of_votes":1,"sum_votes":1},"_links":{"self":[{"href":"https:\/\/mtroyal.com.tr\/tr\/wp-json\/wp\/v2\/product\/3235","targetHints":{"allow":["GET"]}}],"collection":[{"href":"https:\/\/mtroyal.com.tr\/tr\/wp-json\/wp\/v2\/product"}],"about":[{"href":"https:\/\/mtroyal.com.tr\/tr\/wp-json\/wp\/v2\/types\/product"}],"replies":[{"embeddable":true,"href":"https:\/\/mtroyal.com.tr\/tr\/wp-json\/wp\/v2\/comments?post=3235"}],"wp:featuredmedia":[{"embeddable":true,"href":"https:\/\/mtroyal.com.tr\/tr\/wp-json\/wp\/v2\/media\/3237"}],"wp:attachment":[{"href":"https:\/\/mtroyal.com.tr\/tr\/wp-json\/wp\/v2\/media?parent=3235"}],"wp:term":[{"taxonomy":"product_brand","embeddable":true,"href":"https:\/\/mtroyal.com.tr\/tr\/wp-json\/wp\/v2\/product_brand?post=3235"},{"taxonomy":"product_cat","embeddable":true,"href":"https:\/\/mtroyal.com.tr\/tr\/wp-json\/wp\/v2\/product_cat?post=3235"},{"taxonomy":"product_tag","embeddable":true,"href":"https:\/\/mtroyal.com.tr\/tr\/wp-json\/wp\/v2\/product_tag?post=3235"}],"curies":[{"name":"wp","href":"https:\/\/api.w.org\/{rel}","templated":true}]}}