{"id":3249,"date":"2020-03-12T11:26:12","date_gmt":"2020-03-12T08:26:12","guid":{"rendered":"https:\/\/mtroyal.com.tr\/tr\/?post_type=product&#038;p=3249"},"modified":"2020-03-12T11:26:12","modified_gmt":"2020-03-12T08:26:12","slug":"latamarko-alkalize-kakao-tozu","status":"publish","type":"product","link":"https:\/\/mtroyal.com.tr\/tr\/product\/latamarko-alkalize-kakao-tozu\/","title":{"rendered":"LATAMARKO ALKAL\u0130ZE KAKAO TOZU"},"content":{"rendered":"<p><strong>En iyi Afrika \u00e7iftliklerinden kakao tozu<\/strong><\/p>\n<p>Kakao tozunu kesinlikle bildi\u011finiz gibi, T\u00fcrkiye kakao \u00e7ekirde\u011fi \u00fcreticisi de\u011fil, ancak hammaddeyi zenginle\u015ftirmek ve nihai \u00fcr\u00fcnlere d\u00f6n\u00fc\u015ft\u00fcrmek i\u00e7in en iyi yer<br \/>\nLatamarko, d\u00fcnyan\u0131n en b\u00fcy\u00fck kakao distrib\u00fct\u00f6rlerinden biridir ve t\u00fcm d\u00fcnyada 18&#8217;den fazla toptan sat\u0131\u015f ofisi ile i\u015fbirli\u011fi yapmaktad\u0131r.<\/p>\n<div style='text-align:center' class='yasr-auto-insert-visitor'><\/div>","protected":false},"excerpt":{"rendered":"<p><strong>Kakao tozu\u00a0<\/strong><br \/>\nKakao tozu, fermente edilmi\u015f, kurutulmu\u015f ve kavrulmu\u015f kakao \u00e7ekirdeklerinin kuru &#8230; <\/p>\n","protected":false},"featured_media":3251,"comment_status":"open","ping_status":"closed","template":"","meta":{"yasr_overall_rating":0,"yasr_post_is_review":"","yasr_auto_insert_disabled":"","yasr_review_type":""},"product_brand":[],"product_cat":[127],"product_tag":[144,157,160],"class_list":{"0":"post-3249","1":"product","2":"type-product","3":"status-publish","4":"has-post-thumbnail","6":"product_cat-latamarko-urunleri","7":"product_tag-gida","8":"product_tag-kakao-tozu","9":"product_tag-latamarko-alkalize-kakao-tozu","11":"first","12":"instock","13":"shipping-taxable","14":"product-type-simple"},"yoast_head":"<!-- This site is optimized with the Yoast SEO Premium plugin v24.5 (Yoast SEO v26.6) - https:\/\/yoast.com\/wordpress\/plugins\/seo\/ -->\n<title>LATAMARKO ALKAL\u0130ZE KAKAO TOZU - MTROYAL<\/title>\n<meta name=\"robots\" content=\"index, follow, max-snippet:-1, max-image-preview:large, max-video-preview:-1\" \/>\n<link rel=\"canonical\" href=\"https:\/\/mtroyal.com.tr\/tr\/product\/latamarko-alkalize-kakao-tozu\/\" \/>\n<meta property=\"og:locale\" content=\"tr_TR\" \/>\n<meta property=\"og:type\" content=\"article\" \/>\n<meta property=\"og:title\" content=\"LATAMARKO ALKAL\u0130ZE KAKAO TOZU\" \/>\n<meta property=\"og:description\" content=\"Kakao tozu\u00a0 Kakao tozu, fermente edilmi\u015f, kurutulmu\u015f ve kavrulmu\u015f kakao \u00e7ekirdeklerinin kuru ...\" \/>\n<meta property=\"og:url\" content=\"https:\/\/mtroyal.com.tr\/tr\/product\/latamarko-alkalize-kakao-tozu\/\" \/>\n<meta property=\"og:site_name\" content=\"MTROYAL\" \/>\n<meta property=\"og:image\" content=\"https:\/\/mtroyal.com.tr\/tr\/wp-content\/uploads\/2020\/03\/latamarko-cocoa-powder-18.jpg\" \/>\n\t<meta property=\"og:image:width\" content=\"1414\" \/>\n\t<meta property=\"og:image:height\" content=\"2000\" \/>\n\t<meta property=\"og:image:type\" content=\"image\/jpeg\" \/>\n<meta name=\"twitter:card\" content=\"summary_large_image\" \/>\n<script type=\"application\/ld+json\" class=\"yoast-schema-graph\">{\"@context\":\"https:\/\/schema.org\",\"@graph\":[{\"@type\":\"WebPage\",\"@id\":\"https:\/\/mtroyal.com.tr\/tr\/product\/latamarko-alkalize-kakao-tozu\/\",\"url\":\"https:\/\/mtroyal.com.tr\/tr\/product\/latamarko-alkalize-kakao-tozu\/\",\"name\":\"LATAMARKO ALKAL\u0130ZE KAKAO TOZU - MTROYAL\",\"isPartOf\":{\"@id\":\"https:\/\/mtroyal.com.tr\/tr\/#website\"},\"primaryImageOfPage\":{\"@id\":\"https:\/\/mtroyal.com.tr\/tr\/product\/latamarko-alkalize-kakao-tozu\/#primaryimage\"},\"image\":{\"@id\":\"https:\/\/mtroyal.com.tr\/tr\/product\/latamarko-alkalize-kakao-tozu\/#primaryimage\"},\"thumbnailUrl\":\"https:\/\/mtroyal.com.tr\/tr\/wp-content\/uploads\/2020\/03\/latamarko-cocoa-powder-18.jpg\",\"datePublished\":\"2020-03-12T08:26:12+00:00\",\"breadcrumb\":{\"@id\":\"https:\/\/mtroyal.com.tr\/tr\/product\/latamarko-alkalize-kakao-tozu\/#breadcrumb\"},\"inLanguage\":\"tr\",\"potentialAction\":[{\"@type\":\"ReadAction\",\"target\":[\"https:\/\/mtroyal.com.tr\/tr\/product\/latamarko-alkalize-kakao-tozu\/\"]}]},{\"@type\":\"ImageObject\",\"inLanguage\":\"tr\",\"@id\":\"https:\/\/mtroyal.com.tr\/tr\/product\/latamarko-alkalize-kakao-tozu\/#primaryimage\",\"url\":\"https:\/\/mtroyal.com.tr\/tr\/wp-content\/uploads\/2020\/03\/latamarko-cocoa-powder-18.jpg\",\"contentUrl\":\"https:\/\/mtroyal.com.tr\/tr\/wp-content\/uploads\/2020\/03\/latamarko-cocoa-powder-18.jpg\",\"width\":1414,\"height\":2000,\"caption\":\"LATAMARKO ALKAL\u0130ZE KAKAO TOZU\"},{\"@type\":\"BreadcrumbList\",\"@id\":\"https:\/\/mtroyal.com.tr\/tr\/product\/latamarko-alkalize-kakao-tozu\/#breadcrumb\",\"itemListElement\":[{\"@type\":\"ListItem\",\"position\":1,\"name\":\"Home\",\"item\":\"https:\/\/mtroyal.com.tr\/tr\/\"},{\"@type\":\"ListItem\",\"position\":2,\"name\":\"\u00dcr\u00fcnlerimiz\",\"item\":\"https:\/\/mtroyal.com.tr\/tr\/urunlerimiz\/\"},{\"@type\":\"ListItem\",\"position\":3,\"name\":\"LATAMARKO ALKAL\u0130ZE KAKAO TOZU\"}]},{\"@type\":\"WebSite\",\"@id\":\"https:\/\/mtroyal.com.tr\/tr\/#website\",\"url\":\"https:\/\/mtroyal.com.tr\/tr\/\",\"name\":\"MTROYAL\",\"description\":\"\",\"publisher\":{\"@id\":\"https:\/\/mtroyal.com.tr\/tr\/#organization\"},\"potentialAction\":[{\"@type\":\"SearchAction\",\"target\":{\"@type\":\"EntryPoint\",\"urlTemplate\":\"https:\/\/mtroyal.com.tr\/tr\/?s={search_term_string}\"},\"query-input\":{\"@type\":\"PropertyValueSpecification\",\"valueRequired\":true,\"valueName\":\"search_term_string\"}}],\"inLanguage\":\"tr\"},{\"@type\":\"Organization\",\"@id\":\"https:\/\/mtroyal.com.tr\/tr\/#organization\",\"name\":\"MTROYAL\",\"url\":\"https:\/\/mtroyal.com.tr\/tr\/\",\"logo\":{\"@type\":\"ImageObject\",\"inLanguage\":\"tr\",\"@id\":\"https:\/\/mtroyal.com.tr\/tr\/#\/schema\/logo\/image\/\",\"url\":\"https:\/\/mtroyal.com.tr\/tr\/wp-content\/uploads\/2023\/12\/mt-logo.png\",\"contentUrl\":\"https:\/\/mtroyal.com.tr\/tr\/wp-content\/uploads\/2023\/12\/mt-logo.png\",\"width\":313,\"height\":261,\"caption\":\"MTROYAL\"},\"image\":{\"@id\":\"https:\/\/mtroyal.com.tr\/tr\/#\/schema\/logo\/image\/\"}},false]}<\/script>\n<!-- \/ Yoast SEO Premium plugin. -->","yoast_head_json":{"title":"LATAMARKO ALKAL\u0130ZE KAKAO TOZU - MTROYAL","robots":{"index":"index","follow":"follow","max-snippet":"max-snippet:-1","max-image-preview":"max-image-preview:large","max-video-preview":"max-video-preview:-1"},"canonical":"https:\/\/mtroyal.com.tr\/tr\/product\/latamarko-alkalize-kakao-tozu\/","og_locale":"tr_TR","og_type":"article","og_title":"LATAMARKO ALKAL\u0130ZE KAKAO TOZU","og_description":"Kakao tozu\u00a0 Kakao tozu, fermente edilmi\u015f, kurutulmu\u015f ve kavrulmu\u015f kakao \u00e7ekirdeklerinin kuru ...","og_url":"https:\/\/mtroyal.com.tr\/tr\/product\/latamarko-alkalize-kakao-tozu\/","og_site_name":"MTROYAL","og_image":[{"width":1414,"height":2000,"url":"https:\/\/mtroyal.com.tr\/tr\/wp-content\/uploads\/2020\/03\/latamarko-cocoa-powder-18.jpg","type":"image\/jpeg"}],"twitter_card":"summary_large_image","schema":{"@context":"https:\/\/schema.org","@graph":[{"@type":"WebPage","@id":"https:\/\/mtroyal.com.tr\/tr\/product\/latamarko-alkalize-kakao-tozu\/","url":"https:\/\/mtroyal.com.tr\/tr\/product\/latamarko-alkalize-kakao-tozu\/","name":"LATAMARKO ALKAL\u0130ZE KAKAO TOZU - MTROYAL","isPartOf":{"@id":"https:\/\/mtroyal.com.tr\/tr\/#website"},"primaryImageOfPage":{"@id":"https:\/\/mtroyal.com.tr\/tr\/product\/latamarko-alkalize-kakao-tozu\/#primaryimage"},"image":{"@id":"https:\/\/mtroyal.com.tr\/tr\/product\/latamarko-alkalize-kakao-tozu\/#primaryimage"},"thumbnailUrl":"https:\/\/mtroyal.com.tr\/tr\/wp-content\/uploads\/2020\/03\/latamarko-cocoa-powder-18.jpg","datePublished":"2020-03-12T08:26:12+00:00","breadcrumb":{"@id":"https:\/\/mtroyal.com.tr\/tr\/product\/latamarko-alkalize-kakao-tozu\/#breadcrumb"},"inLanguage":"tr","potentialAction":[{"@type":"ReadAction","target":["https:\/\/mtroyal.com.tr\/tr\/product\/latamarko-alkalize-kakao-tozu\/"]}]},{"@type":"ImageObject","inLanguage":"tr","@id":"https:\/\/mtroyal.com.tr\/tr\/product\/latamarko-alkalize-kakao-tozu\/#primaryimage","url":"https:\/\/mtroyal.com.tr\/tr\/wp-content\/uploads\/2020\/03\/latamarko-cocoa-powder-18.jpg","contentUrl":"https:\/\/mtroyal.com.tr\/tr\/wp-content\/uploads\/2020\/03\/latamarko-cocoa-powder-18.jpg","width":1414,"height":2000,"caption":"LATAMARKO ALKAL\u0130ZE KAKAO TOZU"},{"@type":"BreadcrumbList","@id":"https:\/\/mtroyal.com.tr\/tr\/product\/latamarko-alkalize-kakao-tozu\/#breadcrumb","itemListElement":[{"@type":"ListItem","position":1,"name":"Home","item":"https:\/\/mtroyal.com.tr\/tr\/"},{"@type":"ListItem","position":2,"name":"\u00dcr\u00fcnlerimiz","item":"https:\/\/mtroyal.com.tr\/tr\/urunlerimiz\/"},{"@type":"ListItem","position":3,"name":"LATAMARKO ALKAL\u0130ZE KAKAO TOZU"}]},{"@type":"WebSite","@id":"https:\/\/mtroyal.com.tr\/tr\/#website","url":"https:\/\/mtroyal.com.tr\/tr\/","name":"MTROYAL","description":"","publisher":{"@id":"https:\/\/mtroyal.com.tr\/tr\/#organization"},"potentialAction":[{"@type":"SearchAction","target":{"@type":"EntryPoint","urlTemplate":"https:\/\/mtroyal.com.tr\/tr\/?s={search_term_string}"},"query-input":{"@type":"PropertyValueSpecification","valueRequired":true,"valueName":"search_term_string"}}],"inLanguage":"tr"},{"@type":"Organization","@id":"https:\/\/mtroyal.com.tr\/tr\/#organization","name":"MTROYAL","url":"https:\/\/mtroyal.com.tr\/tr\/","logo":{"@type":"ImageObject","inLanguage":"tr","@id":"https:\/\/mtroyal.com.tr\/tr\/#\/schema\/logo\/image\/","url":"https:\/\/mtroyal.com.tr\/tr\/wp-content\/uploads\/2023\/12\/mt-logo.png","contentUrl":"https:\/\/mtroyal.com.tr\/tr\/wp-content\/uploads\/2023\/12\/mt-logo.png","width":313,"height":261,"caption":"MTROYAL"},"image":{"@id":"https:\/\/mtroyal.com.tr\/tr\/#\/schema\/logo\/image\/"}},false]}},"yasr_visitor_votes":{"stars_attributes":{"read_only":false,"span_bottom":false},"number_of_votes":1,"sum_votes":5},"_links":{"self":[{"href":"https:\/\/mtroyal.com.tr\/tr\/wp-json\/wp\/v2\/product\/3249","targetHints":{"allow":["GET"]}}],"collection":[{"href":"https:\/\/mtroyal.com.tr\/tr\/wp-json\/wp\/v2\/product"}],"about":[{"href":"https:\/\/mtroyal.com.tr\/tr\/wp-json\/wp\/v2\/types\/product"}],"replies":[{"embeddable":true,"href":"https:\/\/mtroyal.com.tr\/tr\/wp-json\/wp\/v2\/comments?post=3249"}],"wp:featuredmedia":[{"embeddable":true,"href":"https:\/\/mtroyal.com.tr\/tr\/wp-json\/wp\/v2\/media\/3251"}],"wp:attachment":[{"href":"https:\/\/mtroyal.com.tr\/tr\/wp-json\/wp\/v2\/media?parent=3249"}],"wp:term":[{"taxonomy":"product_brand","embeddable":true,"href":"https:\/\/mtroyal.com.tr\/tr\/wp-json\/wp\/v2\/product_brand?post=3249"},{"taxonomy":"product_cat","embeddable":true,"href":"https:\/\/mtroyal.com.tr\/tr\/wp-json\/wp\/v2\/product_cat?post=3249"},{"taxonomy":"product_tag","embeddable":true,"href":"https:\/\/mtroyal.com.tr\/tr\/wp-json\/wp\/v2\/product_tag?post=3249"}],"curies":[{"name":"wp","href":"https:\/\/api.w.org\/{rel}","templated":true}]}}