{"id":3273,"date":"2020-03-12T12:33:00","date_gmt":"2020-03-12T09:33:00","guid":{"rendered":"https:\/\/mtroyal.com.tr\/tr\/?post_type=product&#038;p=3273"},"modified":"2022-03-03T20:46:15","modified_gmt":"2022-03-03T17:46:15","slug":"amonyum-sulfat","status":"publish","type":"product","link":"https:\/\/mtroyal.com.tr\/tr\/product\/amonyum-sulfat\/","title":{"rendered":"AMONYUM S\u00dcLFAT"},"content":{"rendered":"<p>Amonyum s\u00fclfat esas olarak \u00e7e\u015fitli miktarlarda ve kullan\u0131m y\u00f6ntemlerine sahip \u00e7iftliklerde g\u00fcbre olarak kullan\u0131l\u0131r.<\/p>\n<p>Bu nedenle, bu \u00fcr\u00fcn\u00fcn \u00e7e\u015fitli dereceleri \u00fcretilmektedir, bunlar\u0131n en \u00f6nemlileri: amonyum s\u00fclfat tozu, amonyum s\u00fclfat gran\u00fcl\u00fc, kristal tipi ve ayr\u0131ca amonyum s\u00fclfat \u00e7\u00f6zeltisidir. Kimyasal uygulamalar (kimyasal \u0131zgaralar) olarak da adland\u0131r\u0131l\u0131r.<\/p>\n<div style='text-align:center' class='yasr-auto-insert-visitor'><\/div>","protected":false},"excerpt":{"rendered":"<p><strong>\u00dcr\u00fcn End\u00fcstriyel Uygulamalar\u0131:<\/strong><\/p>\n<p>Amonyum s\u00fclfat\u0131n end\u00fcstriyel uygulamalar\u0131 esas olarak tar\u0131mda g\u00fcbre olarak &#8230; <\/p>\n","protected":false},"featured_media":3275,"comment_status":"open","ping_status":"closed","template":"","meta":{"yasr_overall_rating":0,"yasr_post_is_review":"","yasr_auto_insert_disabled":"","yasr_review_type":""},"product_brand":[],"product_cat":[131],"product_tag":[172,173,147],"class_list":{"0":"post-3273","1":"product","2":"type-product","3":"status-publish","4":"has-post-thumbnail","6":"product_cat-diger-urunler","7":"product_tag-amonyum-sulfat","8":"product_tag-kimya","9":"product_tag-kimyasal-urunler","11":"first","12":"instock","13":"shipping-taxable","14":"product-type-simple"},"yoast_head":"<!-- This site is optimized with the Yoast SEO Premium plugin v24.5 (Yoast SEO v26.6) - https:\/\/yoast.com\/wordpress\/plugins\/seo\/ -->\n<title>AMONYUM S\u00dcLFAT - MTROYAL<\/title>\n<meta name=\"robots\" content=\"index, follow, max-snippet:-1, max-image-preview:large, max-video-preview:-1\" \/>\n<link rel=\"canonical\" href=\"https:\/\/mtroyal.com.tr\/tr\/product\/amonyum-sulfat\/\" \/>\n<meta property=\"og:locale\" content=\"tr_TR\" \/>\n<meta property=\"og:type\" content=\"article\" \/>\n<meta property=\"og:title\" content=\"AMONYUM S\u00dcLFAT\" \/>\n<meta property=\"og:description\" content=\"\u00dcr\u00fcn End\u00fcstriyel Uygulamalar\u0131:  Amonyum s\u00fclfat\u0131n end\u00fcstriyel uygulamalar\u0131 esas olarak tar\u0131mda g\u00fcbre olarak ...\" \/>\n<meta property=\"og:url\" content=\"https:\/\/mtroyal.com.tr\/tr\/product\/amonyum-sulfat\/\" \/>\n<meta property=\"og:site_name\" content=\"MTROYAL\" \/>\n<meta property=\"article:modified_time\" content=\"2022-03-03T17:46:15+00:00\" \/>\n<meta property=\"og:image\" content=\"https:\/\/mtroyal.com.tr\/tr\/wp-content\/uploads\/2020\/03\/Ammonium-sulfate-3.jpg\" \/>\n\t<meta property=\"og:image:width\" content=\"500\" \/>\n\t<meta property=\"og:image:height\" content=\"500\" \/>\n\t<meta property=\"og:image:type\" content=\"image\/jpeg\" \/>\n<meta name=\"twitter:card\" content=\"summary_large_image\" \/>\n<script type=\"application\/ld+json\" class=\"yoast-schema-graph\">{\"@context\":\"https:\/\/schema.org\",\"@graph\":[{\"@type\":\"WebPage\",\"@id\":\"https:\/\/mtroyal.com.tr\/tr\/product\/amonyum-sulfat\/\",\"url\":\"https:\/\/mtroyal.com.tr\/tr\/product\/amonyum-sulfat\/\",\"name\":\"AMONYUM S\u00dcLFAT - MTROYAL\",\"isPartOf\":{\"@id\":\"https:\/\/mtroyal.com.tr\/tr\/#website\"},\"primaryImageOfPage\":{\"@id\":\"https:\/\/mtroyal.com.tr\/tr\/product\/amonyum-sulfat\/#primaryimage\"},\"image\":{\"@id\":\"https:\/\/mtroyal.com.tr\/tr\/product\/amonyum-sulfat\/#primaryimage\"},\"thumbnailUrl\":\"https:\/\/mtroyal.com.tr\/tr\/wp-content\/uploads\/2020\/03\/Ammonium-sulfate-3.jpg\",\"datePublished\":\"2020-03-12T09:33:00+00:00\",\"dateModified\":\"2022-03-03T17:46:15+00:00\",\"breadcrumb\":{\"@id\":\"https:\/\/mtroyal.com.tr\/tr\/product\/amonyum-sulfat\/#breadcrumb\"},\"inLanguage\":\"tr\",\"potentialAction\":[{\"@type\":\"ReadAction\",\"target\":[\"https:\/\/mtroyal.com.tr\/tr\/product\/amonyum-sulfat\/\"]}]},{\"@type\":\"ImageObject\",\"inLanguage\":\"tr\",\"@id\":\"https:\/\/mtroyal.com.tr\/tr\/product\/amonyum-sulfat\/#primaryimage\",\"url\":\"https:\/\/mtroyal.com.tr\/tr\/wp-content\/uploads\/2020\/03\/Ammonium-sulfate-3.jpg\",\"contentUrl\":\"https:\/\/mtroyal.com.tr\/tr\/wp-content\/uploads\/2020\/03\/Ammonium-sulfate-3.jpg\",\"width\":500,\"height\":500,\"caption\":\"AMONYUM S\u00dcLFAT\"},{\"@type\":\"BreadcrumbList\",\"@id\":\"https:\/\/mtroyal.com.tr\/tr\/product\/amonyum-sulfat\/#breadcrumb\",\"itemListElement\":[{\"@type\":\"ListItem\",\"position\":1,\"name\":\"Home\",\"item\":\"https:\/\/mtroyal.com.tr\/tr\/\"},{\"@type\":\"ListItem\",\"position\":2,\"name\":\"\u00dcr\u00fcnlerimiz\",\"item\":\"https:\/\/mtroyal.com.tr\/tr\/urunlerimiz\/\"},{\"@type\":\"ListItem\",\"position\":3,\"name\":\"AMONYUM S\u00dcLFAT\"}]},{\"@type\":\"WebSite\",\"@id\":\"https:\/\/mtroyal.com.tr\/tr\/#website\",\"url\":\"https:\/\/mtroyal.com.tr\/tr\/\",\"name\":\"MTROYAL\",\"description\":\"\",\"publisher\":{\"@id\":\"https:\/\/mtroyal.com.tr\/tr\/#organization\"},\"potentialAction\":[{\"@type\":\"SearchAction\",\"target\":{\"@type\":\"EntryPoint\",\"urlTemplate\":\"https:\/\/mtroyal.com.tr\/tr\/?s={search_term_string}\"},\"query-input\":{\"@type\":\"PropertyValueSpecification\",\"valueRequired\":true,\"valueName\":\"search_term_string\"}}],\"inLanguage\":\"tr\"},{\"@type\":\"Organization\",\"@id\":\"https:\/\/mtroyal.com.tr\/tr\/#organization\",\"name\":\"MTROYAL\",\"url\":\"https:\/\/mtroyal.com.tr\/tr\/\",\"logo\":{\"@type\":\"ImageObject\",\"inLanguage\":\"tr\",\"@id\":\"https:\/\/mtroyal.com.tr\/tr\/#\/schema\/logo\/image\/\",\"url\":\"https:\/\/mtroyal.com.tr\/tr\/wp-content\/uploads\/2023\/12\/mt-logo.png\",\"contentUrl\":\"https:\/\/mtroyal.com.tr\/tr\/wp-content\/uploads\/2023\/12\/mt-logo.png\",\"width\":313,\"height\":261,\"caption\":\"MTROYAL\"},\"image\":{\"@id\":\"https:\/\/mtroyal.com.tr\/tr\/#\/schema\/logo\/image\/\"}},false]}<\/script>\n<!-- \/ Yoast SEO Premium plugin. -->","yoast_head_json":{"title":"AMONYUM S\u00dcLFAT - MTROYAL","robots":{"index":"index","follow":"follow","max-snippet":"max-snippet:-1","max-image-preview":"max-image-preview:large","max-video-preview":"max-video-preview:-1"},"canonical":"https:\/\/mtroyal.com.tr\/tr\/product\/amonyum-sulfat\/","og_locale":"tr_TR","og_type":"article","og_title":"AMONYUM S\u00dcLFAT","og_description":"\u00dcr\u00fcn End\u00fcstriyel Uygulamalar\u0131:  Amonyum s\u00fclfat\u0131n end\u00fcstriyel uygulamalar\u0131 esas olarak tar\u0131mda g\u00fcbre olarak ...","og_url":"https:\/\/mtroyal.com.tr\/tr\/product\/amonyum-sulfat\/","og_site_name":"MTROYAL","article_modified_time":"2022-03-03T17:46:15+00:00","og_image":[{"width":500,"height":500,"url":"https:\/\/mtroyal.com.tr\/tr\/wp-content\/uploads\/2020\/03\/Ammonium-sulfate-3.jpg","type":"image\/jpeg"}],"twitter_card":"summary_large_image","schema":{"@context":"https:\/\/schema.org","@graph":[{"@type":"WebPage","@id":"https:\/\/mtroyal.com.tr\/tr\/product\/amonyum-sulfat\/","url":"https:\/\/mtroyal.com.tr\/tr\/product\/amonyum-sulfat\/","name":"AMONYUM S\u00dcLFAT - MTROYAL","isPartOf":{"@id":"https:\/\/mtroyal.com.tr\/tr\/#website"},"primaryImageOfPage":{"@id":"https:\/\/mtroyal.com.tr\/tr\/product\/amonyum-sulfat\/#primaryimage"},"image":{"@id":"https:\/\/mtroyal.com.tr\/tr\/product\/amonyum-sulfat\/#primaryimage"},"thumbnailUrl":"https:\/\/mtroyal.com.tr\/tr\/wp-content\/uploads\/2020\/03\/Ammonium-sulfate-3.jpg","datePublished":"2020-03-12T09:33:00+00:00","dateModified":"2022-03-03T17:46:15+00:00","breadcrumb":{"@id":"https:\/\/mtroyal.com.tr\/tr\/product\/amonyum-sulfat\/#breadcrumb"},"inLanguage":"tr","potentialAction":[{"@type":"ReadAction","target":["https:\/\/mtroyal.com.tr\/tr\/product\/amonyum-sulfat\/"]}]},{"@type":"ImageObject","inLanguage":"tr","@id":"https:\/\/mtroyal.com.tr\/tr\/product\/amonyum-sulfat\/#primaryimage","url":"https:\/\/mtroyal.com.tr\/tr\/wp-content\/uploads\/2020\/03\/Ammonium-sulfate-3.jpg","contentUrl":"https:\/\/mtroyal.com.tr\/tr\/wp-content\/uploads\/2020\/03\/Ammonium-sulfate-3.jpg","width":500,"height":500,"caption":"AMONYUM S\u00dcLFAT"},{"@type":"BreadcrumbList","@id":"https:\/\/mtroyal.com.tr\/tr\/product\/amonyum-sulfat\/#breadcrumb","itemListElement":[{"@type":"ListItem","position":1,"name":"Home","item":"https:\/\/mtroyal.com.tr\/tr\/"},{"@type":"ListItem","position":2,"name":"\u00dcr\u00fcnlerimiz","item":"https:\/\/mtroyal.com.tr\/tr\/urunlerimiz\/"},{"@type":"ListItem","position":3,"name":"AMONYUM S\u00dcLFAT"}]},{"@type":"WebSite","@id":"https:\/\/mtroyal.com.tr\/tr\/#website","url":"https:\/\/mtroyal.com.tr\/tr\/","name":"MTROYAL","description":"","publisher":{"@id":"https:\/\/mtroyal.com.tr\/tr\/#organization"},"potentialAction":[{"@type":"SearchAction","target":{"@type":"EntryPoint","urlTemplate":"https:\/\/mtroyal.com.tr\/tr\/?s={search_term_string}"},"query-input":{"@type":"PropertyValueSpecification","valueRequired":true,"valueName":"search_term_string"}}],"inLanguage":"tr"},{"@type":"Organization","@id":"https:\/\/mtroyal.com.tr\/tr\/#organization","name":"MTROYAL","url":"https:\/\/mtroyal.com.tr\/tr\/","logo":{"@type":"ImageObject","inLanguage":"tr","@id":"https:\/\/mtroyal.com.tr\/tr\/#\/schema\/logo\/image\/","url":"https:\/\/mtroyal.com.tr\/tr\/wp-content\/uploads\/2023\/12\/mt-logo.png","contentUrl":"https:\/\/mtroyal.com.tr\/tr\/wp-content\/uploads\/2023\/12\/mt-logo.png","width":313,"height":261,"caption":"MTROYAL"},"image":{"@id":"https:\/\/mtroyal.com.tr\/tr\/#\/schema\/logo\/image\/"}},false]}},"yasr_visitor_votes":{"stars_attributes":{"read_only":false,"span_bottom":false},"number_of_votes":0,"sum_votes":0},"_links":{"self":[{"href":"https:\/\/mtroyal.com.tr\/tr\/wp-json\/wp\/v2\/product\/3273","targetHints":{"allow":["GET"]}}],"collection":[{"href":"https:\/\/mtroyal.com.tr\/tr\/wp-json\/wp\/v2\/product"}],"about":[{"href":"https:\/\/mtroyal.com.tr\/tr\/wp-json\/wp\/v2\/types\/product"}],"replies":[{"embeddable":true,"href":"https:\/\/mtroyal.com.tr\/tr\/wp-json\/wp\/v2\/comments?post=3273"}],"wp:featuredmedia":[{"embeddable":true,"href":"https:\/\/mtroyal.com.tr\/tr\/wp-json\/wp\/v2\/media\/3275"}],"wp:attachment":[{"href":"https:\/\/mtroyal.com.tr\/tr\/wp-json\/wp\/v2\/media?parent=3273"}],"wp:term":[{"taxonomy":"product_brand","embeddable":true,"href":"https:\/\/mtroyal.com.tr\/tr\/wp-json\/wp\/v2\/product_brand?post=3273"},{"taxonomy":"product_cat","embeddable":true,"href":"https:\/\/mtroyal.com.tr\/tr\/wp-json\/wp\/v2\/product_cat?post=3273"},{"taxonomy":"product_tag","embeddable":true,"href":"https:\/\/mtroyal.com.tr\/tr\/wp-json\/wp\/v2\/product_tag?post=3273"}],"curies":[{"name":"wp","href":"https:\/\/api.w.org\/{rel}","templated":true}]}}