{"id":3321,"date":"2020-03-12T18:10:15","date_gmt":"2020-03-12T15:10:15","guid":{"rendered":"https:\/\/mtroyal.com.tr\/tr\/?post_type=product&#038;p=3321"},"modified":"2020-03-12T18:10:17","modified_gmt":"2020-03-12T15:10:17","slug":"ceneli-kiricilar-mtr4090","status":"publish","type":"product","link":"https:\/\/mtroyal.com.tr\/tr\/product\/ceneli-kiricilar-mtr4090\/","title":{"rendered":"\u00c7eneli K\u0131r\u0131c\u0131lar-MTR4090"},"content":{"rendered":"<p>A\u015f\u0131nan par\u00e7alar\u0131 y\u00fcksek performans\u0131 vermek \u00fczere tasarlanm\u0131\u015ft\u0131r. MTROYAL makine olarak y\u00fcksek performans ve g\u00fcvenilirlik sa\u011flamak i\u00e7in her k\u00fc\u00e7\u00fck ayr\u0131nt\u0131y\u0131 optimize ettik. MTROYAL \u00e7eneli k\u0131r\u0131c\u0131lar\u0131 g\u00fcven veren g\u00fc\u00e7l\u00fc tasar\u0131m\u0131 ile kullan\u0131c\u0131lar\u0131ndan \u00f6vg\u00fc toplamaktad\u0131r. Gerilimsiz sa\u00e7tan yap\u0131lm\u0131\u015f tek par\u00e7al\u0131 ana g\u00f6vde y\u00fcksek k\u0131rma bas\u0131n\u00e7lar\u0131na dayan\u0131kl\u0131d\u0131r.<br \/>\nUygulayabilece\u011finiz Prosesler;<br \/>\n\u2022 Bak\u0131r Madenleri<br \/>\n\u2022 Demir Madenleri<br \/>\n\u2022 Agrega Tesisleri<br \/>\n\u2022 Kum Tesisleri<br \/>\n\u2022 Demir C\u00fcruflar\u0131n\u0131n K\u0131r\u0131lmas\u0131<br \/>\n\u2022 Krom Madenleri<\/p>\n<p>\u2022 Granit Madenleri<br \/>\n\u2022 Opal Madenleri<br \/>\n\u2022 Bazalt Madenleri<br \/>\n\u2022 Ta\u015f Ocaklar\u0131<br \/>\n\u2022 Konkas\u00f6r Tesisleri<br \/>\n\u2022 Silis oran\u0131 y\u00fcksek Da\u011f Kumu Madenleri<\/p>\n<div style='text-align:center' class='yasr-auto-insert-visitor'><\/div>","protected":false},"excerpt":{"rendered":"<p>\u00c7eneli K\u0131r\u0131c\u0131 imalat\u0131nda kullan\u0131lan b\u00fct\u00fcn par\u00e7alar, tasar\u0131m ve uygulama s\u00fcre\u00e7lerindeki raporlamalar &#8230; <\/p>\n","protected":false},"featured_media":3323,"comment_status":"open","ping_status":"closed","template":"","meta":{"yasr_overall_rating":0,"yasr_post_is_review":"","yasr_auto_insert_disabled":"","yasr_review_type":""},"product_brand":[],"product_cat":[129],"product_tag":[190,191,192,193],"class_list":{"0":"post-3321","1":"product","2":"type-product","3":"status-publish","4":"has-post-thumbnail","6":"product_cat-kirma-eleme-ve-yikama-tesisleri","7":"product_tag-ceneli-kiricilar","8":"product_tag-granit","9":"product_tag-kum-kirici","10":"product_tag-kum-makinalari","12":"first","13":"instock","14":"shipping-taxable","15":"product-type-simple"},"yoast_head":"<!-- This site is optimized with the Yoast SEO Premium plugin v24.5 (Yoast SEO v26.6) - https:\/\/yoast.com\/wordpress\/plugins\/seo\/ -->\n<title>\u00c7eneli K\u0131r\u0131c\u0131lar-MTR4090 - MTROYAL<\/title>\n<meta name=\"robots\" content=\"index, follow, max-snippet:-1, max-image-preview:large, max-video-preview:-1\" \/>\n<link rel=\"canonical\" href=\"https:\/\/mtroyal.com.tr\/tr\/product\/ceneli-kiricilar-mtr4090\/\" \/>\n<meta property=\"og:locale\" content=\"tr_TR\" \/>\n<meta property=\"og:type\" content=\"article\" \/>\n<meta property=\"og:title\" content=\"\u00c7eneli K\u0131r\u0131c\u0131lar-MTR4090\" \/>\n<meta property=\"og:description\" content=\"\u00c7eneli K\u0131r\u0131c\u0131 imalat\u0131nda kullan\u0131lan b\u00fct\u00fcn par\u00e7alar, tasar\u0131m ve uygulama s\u00fcre\u00e7lerindeki raporlamalar ...\" \/>\n<meta property=\"og:url\" content=\"https:\/\/mtroyal.com.tr\/tr\/product\/ceneli-kiricilar-mtr4090\/\" \/>\n<meta property=\"og:site_name\" content=\"MTROYAL\" \/>\n<meta property=\"article:modified_time\" content=\"2020-03-12T15:10:17+00:00\" \/>\n<meta property=\"og:image\" content=\"https:\/\/mtroyal.com.tr\/tr\/wp-content\/uploads\/2020\/03\/8c5aec1d-eab6-498f-8310-1707eb83b2eb.jpg\" \/>\n\t<meta property=\"og:image:width\" content=\"320\" \/>\n\t<meta property=\"og:image:height\" content=\"320\" \/>\n\t<meta property=\"og:image:type\" content=\"image\/jpeg\" \/>\n<meta name=\"twitter:card\" content=\"summary_large_image\" \/>\n<script type=\"application\/ld+json\" class=\"yoast-schema-graph\">{\"@context\":\"https:\/\/schema.org\",\"@graph\":[{\"@type\":\"WebPage\",\"@id\":\"https:\/\/mtroyal.com.tr\/tr\/product\/ceneli-kiricilar-mtr4090\/\",\"url\":\"https:\/\/mtroyal.com.tr\/tr\/product\/ceneli-kiricilar-mtr4090\/\",\"name\":\"\u00c7eneli K\u0131r\u0131c\u0131lar-MTR4090 - MTROYAL\",\"isPartOf\":{\"@id\":\"https:\/\/mtroyal.com.tr\/tr\/#website\"},\"primaryImageOfPage\":{\"@id\":\"https:\/\/mtroyal.com.tr\/tr\/product\/ceneli-kiricilar-mtr4090\/#primaryimage\"},\"image\":{\"@id\":\"https:\/\/mtroyal.com.tr\/tr\/product\/ceneli-kiricilar-mtr4090\/#primaryimage\"},\"thumbnailUrl\":\"https:\/\/mtroyal.com.tr\/tr\/wp-content\/uploads\/2020\/03\/8c5aec1d-eab6-498f-8310-1707eb83b2eb.jpg\",\"datePublished\":\"2020-03-12T15:10:15+00:00\",\"dateModified\":\"2020-03-12T15:10:17+00:00\",\"breadcrumb\":{\"@id\":\"https:\/\/mtroyal.com.tr\/tr\/product\/ceneli-kiricilar-mtr4090\/#breadcrumb\"},\"inLanguage\":\"tr\",\"potentialAction\":[{\"@type\":\"ReadAction\",\"target\":[\"https:\/\/mtroyal.com.tr\/tr\/product\/ceneli-kiricilar-mtr4090\/\"]}]},{\"@type\":\"ImageObject\",\"inLanguage\":\"tr\",\"@id\":\"https:\/\/mtroyal.com.tr\/tr\/product\/ceneli-kiricilar-mtr4090\/#primaryimage\",\"url\":\"https:\/\/mtroyal.com.tr\/tr\/wp-content\/uploads\/2020\/03\/8c5aec1d-eab6-498f-8310-1707eb83b2eb.jpg\",\"contentUrl\":\"https:\/\/mtroyal.com.tr\/tr\/wp-content\/uploads\/2020\/03\/8c5aec1d-eab6-498f-8310-1707eb83b2eb.jpg\",\"width\":320,\"height\":320,\"caption\":\"90 l\u0131k \u00c7eneli K\u0131r\u0131c\u0131\"},{\"@type\":\"BreadcrumbList\",\"@id\":\"https:\/\/mtroyal.com.tr\/tr\/product\/ceneli-kiricilar-mtr4090\/#breadcrumb\",\"itemListElement\":[{\"@type\":\"ListItem\",\"position\":1,\"name\":\"Home\",\"item\":\"https:\/\/mtroyal.com.tr\/tr\/\"},{\"@type\":\"ListItem\",\"position\":2,\"name\":\"\u00dcr\u00fcnlerimiz\",\"item\":\"https:\/\/mtroyal.com.tr\/tr\/urunlerimiz\/\"},{\"@type\":\"ListItem\",\"position\":3,\"name\":\"\u00c7eneli K\u0131r\u0131c\u0131lar-MTR4090\"}]},{\"@type\":\"WebSite\",\"@id\":\"https:\/\/mtroyal.com.tr\/tr\/#website\",\"url\":\"https:\/\/mtroyal.com.tr\/tr\/\",\"name\":\"MTROYAL\",\"description\":\"\",\"publisher\":{\"@id\":\"https:\/\/mtroyal.com.tr\/tr\/#organization\"},\"potentialAction\":[{\"@type\":\"SearchAction\",\"target\":{\"@type\":\"EntryPoint\",\"urlTemplate\":\"https:\/\/mtroyal.com.tr\/tr\/?s={search_term_string}\"},\"query-input\":{\"@type\":\"PropertyValueSpecification\",\"valueRequired\":true,\"valueName\":\"search_term_string\"}}],\"inLanguage\":\"tr\"},{\"@type\":\"Organization\",\"@id\":\"https:\/\/mtroyal.com.tr\/tr\/#organization\",\"name\":\"MTROYAL\",\"url\":\"https:\/\/mtroyal.com.tr\/tr\/\",\"logo\":{\"@type\":\"ImageObject\",\"inLanguage\":\"tr\",\"@id\":\"https:\/\/mtroyal.com.tr\/tr\/#\/schema\/logo\/image\/\",\"url\":\"https:\/\/mtroyal.com.tr\/tr\/wp-content\/uploads\/2023\/12\/mt-logo.png\",\"contentUrl\":\"https:\/\/mtroyal.com.tr\/tr\/wp-content\/uploads\/2023\/12\/mt-logo.png\",\"width\":313,\"height\":261,\"caption\":\"MTROYAL\"},\"image\":{\"@id\":\"https:\/\/mtroyal.com.tr\/tr\/#\/schema\/logo\/image\/\"}},false]}<\/script>\n<!-- \/ Yoast SEO Premium plugin. -->","yoast_head_json":{"title":"\u00c7eneli K\u0131r\u0131c\u0131lar-MTR4090 - MTROYAL","robots":{"index":"index","follow":"follow","max-snippet":"max-snippet:-1","max-image-preview":"max-image-preview:large","max-video-preview":"max-video-preview:-1"},"canonical":"https:\/\/mtroyal.com.tr\/tr\/product\/ceneli-kiricilar-mtr4090\/","og_locale":"tr_TR","og_type":"article","og_title":"\u00c7eneli K\u0131r\u0131c\u0131lar-MTR4090","og_description":"\u00c7eneli K\u0131r\u0131c\u0131 imalat\u0131nda kullan\u0131lan b\u00fct\u00fcn par\u00e7alar, tasar\u0131m ve uygulama s\u00fcre\u00e7lerindeki raporlamalar ...","og_url":"https:\/\/mtroyal.com.tr\/tr\/product\/ceneli-kiricilar-mtr4090\/","og_site_name":"MTROYAL","article_modified_time":"2020-03-12T15:10:17+00:00","og_image":[{"width":320,"height":320,"url":"https:\/\/mtroyal.com.tr\/tr\/wp-content\/uploads\/2020\/03\/8c5aec1d-eab6-498f-8310-1707eb83b2eb.jpg","type":"image\/jpeg"}],"twitter_card":"summary_large_image","schema":{"@context":"https:\/\/schema.org","@graph":[{"@type":"WebPage","@id":"https:\/\/mtroyal.com.tr\/tr\/product\/ceneli-kiricilar-mtr4090\/","url":"https:\/\/mtroyal.com.tr\/tr\/product\/ceneli-kiricilar-mtr4090\/","name":"\u00c7eneli K\u0131r\u0131c\u0131lar-MTR4090 - MTROYAL","isPartOf":{"@id":"https:\/\/mtroyal.com.tr\/tr\/#website"},"primaryImageOfPage":{"@id":"https:\/\/mtroyal.com.tr\/tr\/product\/ceneli-kiricilar-mtr4090\/#primaryimage"},"image":{"@id":"https:\/\/mtroyal.com.tr\/tr\/product\/ceneli-kiricilar-mtr4090\/#primaryimage"},"thumbnailUrl":"https:\/\/mtroyal.com.tr\/tr\/wp-content\/uploads\/2020\/03\/8c5aec1d-eab6-498f-8310-1707eb83b2eb.jpg","datePublished":"2020-03-12T15:10:15+00:00","dateModified":"2020-03-12T15:10:17+00:00","breadcrumb":{"@id":"https:\/\/mtroyal.com.tr\/tr\/product\/ceneli-kiricilar-mtr4090\/#breadcrumb"},"inLanguage":"tr","potentialAction":[{"@type":"ReadAction","target":["https:\/\/mtroyal.com.tr\/tr\/product\/ceneli-kiricilar-mtr4090\/"]}]},{"@type":"ImageObject","inLanguage":"tr","@id":"https:\/\/mtroyal.com.tr\/tr\/product\/ceneli-kiricilar-mtr4090\/#primaryimage","url":"https:\/\/mtroyal.com.tr\/tr\/wp-content\/uploads\/2020\/03\/8c5aec1d-eab6-498f-8310-1707eb83b2eb.jpg","contentUrl":"https:\/\/mtroyal.com.tr\/tr\/wp-content\/uploads\/2020\/03\/8c5aec1d-eab6-498f-8310-1707eb83b2eb.jpg","width":320,"height":320,"caption":"90 l\u0131k \u00c7eneli K\u0131r\u0131c\u0131"},{"@type":"BreadcrumbList","@id":"https:\/\/mtroyal.com.tr\/tr\/product\/ceneli-kiricilar-mtr4090\/#breadcrumb","itemListElement":[{"@type":"ListItem","position":1,"name":"Home","item":"https:\/\/mtroyal.com.tr\/tr\/"},{"@type":"ListItem","position":2,"name":"\u00dcr\u00fcnlerimiz","item":"https:\/\/mtroyal.com.tr\/tr\/urunlerimiz\/"},{"@type":"ListItem","position":3,"name":"\u00c7eneli K\u0131r\u0131c\u0131lar-MTR4090"}]},{"@type":"WebSite","@id":"https:\/\/mtroyal.com.tr\/tr\/#website","url":"https:\/\/mtroyal.com.tr\/tr\/","name":"MTROYAL","description":"","publisher":{"@id":"https:\/\/mtroyal.com.tr\/tr\/#organization"},"potentialAction":[{"@type":"SearchAction","target":{"@type":"EntryPoint","urlTemplate":"https:\/\/mtroyal.com.tr\/tr\/?s={search_term_string}"},"query-input":{"@type":"PropertyValueSpecification","valueRequired":true,"valueName":"search_term_string"}}],"inLanguage":"tr"},{"@type":"Organization","@id":"https:\/\/mtroyal.com.tr\/tr\/#organization","name":"MTROYAL","url":"https:\/\/mtroyal.com.tr\/tr\/","logo":{"@type":"ImageObject","inLanguage":"tr","@id":"https:\/\/mtroyal.com.tr\/tr\/#\/schema\/logo\/image\/","url":"https:\/\/mtroyal.com.tr\/tr\/wp-content\/uploads\/2023\/12\/mt-logo.png","contentUrl":"https:\/\/mtroyal.com.tr\/tr\/wp-content\/uploads\/2023\/12\/mt-logo.png","width":313,"height":261,"caption":"MTROYAL"},"image":{"@id":"https:\/\/mtroyal.com.tr\/tr\/#\/schema\/logo\/image\/"}},false]}},"yasr_visitor_votes":{"stars_attributes":{"read_only":false,"span_bottom":false},"number_of_votes":1,"sum_votes":5},"_links":{"self":[{"href":"https:\/\/mtroyal.com.tr\/tr\/wp-json\/wp\/v2\/product\/3321","targetHints":{"allow":["GET"]}}],"collection":[{"href":"https:\/\/mtroyal.com.tr\/tr\/wp-json\/wp\/v2\/product"}],"about":[{"href":"https:\/\/mtroyal.com.tr\/tr\/wp-json\/wp\/v2\/types\/product"}],"replies":[{"embeddable":true,"href":"https:\/\/mtroyal.com.tr\/tr\/wp-json\/wp\/v2\/comments?post=3321"}],"wp:featuredmedia":[{"embeddable":true,"href":"https:\/\/mtroyal.com.tr\/tr\/wp-json\/wp\/v2\/media\/3323"}],"wp:attachment":[{"href":"https:\/\/mtroyal.com.tr\/tr\/wp-json\/wp\/v2\/media?parent=3321"}],"wp:term":[{"taxonomy":"product_brand","embeddable":true,"href":"https:\/\/mtroyal.com.tr\/tr\/wp-json\/wp\/v2\/product_brand?post=3321"},{"taxonomy":"product_cat","embeddable":true,"href":"https:\/\/mtroyal.com.tr\/tr\/wp-json\/wp\/v2\/product_cat?post=3321"},{"taxonomy":"product_tag","embeddable":true,"href":"https:\/\/mtroyal.com.tr\/tr\/wp-json\/wp\/v2\/product_tag?post=3321"}],"curies":[{"name":"wp","href":"https:\/\/api.w.org\/{rel}","templated":true}]}}