{"id":3353,"date":"2020-03-16T13:59:21","date_gmt":"2020-03-16T10:59:21","guid":{"rendered":"https:\/\/mtroyal.com.tr\/tr\/?post_type=product&#038;p=3353"},"modified":"2020-03-16T13:59:22","modified_gmt":"2020-03-16T10:59:22","slug":"darbeli-kiricilar-mtrhs10","status":"publish","type":"product","link":"https:\/\/mtroyal.com.tr\/tr\/product\/darbeli-kiricilar-mtrhs10\/","title":{"rendered":"Darbeli K\u0131r\u0131c\u0131lar-MTRHS10"},"content":{"rendered":"<p>De\u011fi\u015fen ba\u011flant\u0131 \u015fekli ve rotor \u00fczerinde yap\u0131lan geometriksel de\u011fi\u015fiklik rotorun d\u00fc\u015f\u00fck devirlerde rahat,y\u00fcksek devirlerde ise g\u00fcvenli bir k\u0131rma yapabilmesine olanak vermektedir. Giri\u015f a\u011fz\u0131nda yap\u0131lan dizayn de\u011fi\u015fikli\u011fi ile muadil makinelerde g\u00f6r\u00fclen ta\u015f s\u0131k\u0131\u015fma oran\u0131 minimuma indirilmi\u015ftir.<\/p>\n<div class=\"column mcb-column one-second column_column  column-margin-30px\">\n<div class=\"column_attr clearfix\"><b>\u00d6zellikler;<\/b><\/p>\n<ul>\n<li>Y\u00fcksek kapasite<\/li>\n<li>Y\u00fcksek k\u00fc\u00e7\u00fcltme oran\u0131<\/li>\n<li>Y\u00fcksek oranda ince malzeme \u00fcretimi<\/li>\n<\/ul>\n<\/div>\n<\/div>\n<div class=\"column mcb-column one-second column_column  column-margin-30px\">\n<div class=\"column_attr clearfix\">\n<ul>\n<li>K\u00fcbik \u00fcr\u00fcn<\/li>\n<li>Bak\u0131m kolayl\u0131\u011f\u0131<\/li>\n<\/ul>\n<\/div>\n<\/div>\n<div style='text-align:center' class='yasr-auto-insert-visitor'><\/div>","protected":false},"excerpt":{"rendered":"<p>MTROYAL makinelerinden Darbeli K\u0131r\u0131c\u0131lar, orta sertlikte az a\u015f\u0131nd\u0131r\u0131c\u0131 malzemelerin y\u00fcksek boyut &#8230; <\/p>\n","protected":false},"featured_media":3355,"comment_status":"open","ping_status":"closed","template":"","meta":{"yasr_overall_rating":0,"yasr_post_is_review":"","yasr_auto_insert_disabled":"","yasr_review_type":""},"product_brand":[],"product_cat":[129],"product_tag":[206,136,187,203],"class_list":{"0":"post-3353","1":"product","2":"type-product","3":"status-publish","4":"has-post-thumbnail","6":"product_cat-kirma-eleme-ve-yikama-tesisleri","7":"product_tag-darbeli-kiricilar","8":"product_tag-insaat-makinasi","9":"product_tag-kum-kirma","10":"product_tag-kum-yikama-makineleri","12":"first","13":"instock","14":"shipping-taxable","15":"product-type-simple"},"yoast_head":"<!-- This site is optimized with the Yoast SEO Premium plugin v24.5 (Yoast SEO v26.6) - https:\/\/yoast.com\/wordpress\/plugins\/seo\/ -->\n<title>Darbeli K\u0131r\u0131c\u0131lar-MTRHS10 - MTROYAL<\/title>\n<meta name=\"robots\" content=\"index, follow, max-snippet:-1, max-image-preview:large, max-video-preview:-1\" \/>\n<link rel=\"canonical\" href=\"https:\/\/mtroyal.com.tr\/tr\/product\/darbeli-kiricilar-mtrhs10\/\" \/>\n<meta property=\"og:locale\" content=\"tr_TR\" \/>\n<meta property=\"og:type\" content=\"article\" \/>\n<meta property=\"og:title\" content=\"Darbeli K\u0131r\u0131c\u0131lar-MTRHS10\" \/>\n<meta property=\"og:description\" content=\"MTROYAL makinelerinden Darbeli K\u0131r\u0131c\u0131lar, orta sertlikte az a\u015f\u0131nd\u0131r\u0131c\u0131 malzemelerin y\u00fcksek boyut ...\" \/>\n<meta property=\"og:url\" content=\"https:\/\/mtroyal.com.tr\/tr\/product\/darbeli-kiricilar-mtrhs10\/\" \/>\n<meta property=\"og:site_name\" content=\"MTROYAL\" \/>\n<meta property=\"article:modified_time\" content=\"2020-03-16T10:59:22+00:00\" \/>\n<meta property=\"og:image\" content=\"https:\/\/mtroyal.com.tr\/tr\/wp-content\/uploads\/2020\/03\/3f56fc5c-9179-4a76-99c7-9d5b5d1a35c5.jpg\" \/>\n\t<meta property=\"og:image:width\" content=\"500\" \/>\n\t<meta property=\"og:image:height\" content=\"500\" \/>\n\t<meta property=\"og:image:type\" content=\"image\/jpeg\" \/>\n<meta name=\"twitter:card\" content=\"summary_large_image\" \/>\n<script type=\"application\/ld+json\" class=\"yoast-schema-graph\">{\"@context\":\"https:\/\/schema.org\",\"@graph\":[{\"@type\":\"WebPage\",\"@id\":\"https:\/\/mtroyal.com.tr\/tr\/product\/darbeli-kiricilar-mtrhs10\/\",\"url\":\"https:\/\/mtroyal.com.tr\/tr\/product\/darbeli-kiricilar-mtrhs10\/\",\"name\":\"Darbeli K\u0131r\u0131c\u0131lar-MTRHS10 - MTROYAL\",\"isPartOf\":{\"@id\":\"https:\/\/mtroyal.com.tr\/tr\/#website\"},\"primaryImageOfPage\":{\"@id\":\"https:\/\/mtroyal.com.tr\/tr\/product\/darbeli-kiricilar-mtrhs10\/#primaryimage\"},\"image\":{\"@id\":\"https:\/\/mtroyal.com.tr\/tr\/product\/darbeli-kiricilar-mtrhs10\/#primaryimage\"},\"thumbnailUrl\":\"https:\/\/mtroyal.com.tr\/tr\/wp-content\/uploads\/2020\/03\/3f56fc5c-9179-4a76-99c7-9d5b5d1a35c5.jpg\",\"datePublished\":\"2020-03-16T10:59:21+00:00\",\"dateModified\":\"2020-03-16T10:59:22+00:00\",\"breadcrumb\":{\"@id\":\"https:\/\/mtroyal.com.tr\/tr\/product\/darbeli-kiricilar-mtrhs10\/#breadcrumb\"},\"inLanguage\":\"tr\",\"potentialAction\":[{\"@type\":\"ReadAction\",\"target\":[\"https:\/\/mtroyal.com.tr\/tr\/product\/darbeli-kiricilar-mtrhs10\/\"]}]},{\"@type\":\"ImageObject\",\"inLanguage\":\"tr\",\"@id\":\"https:\/\/mtroyal.com.tr\/tr\/product\/darbeli-kiricilar-mtrhs10\/#primaryimage\",\"url\":\"https:\/\/mtroyal.com.tr\/tr\/wp-content\/uploads\/2020\/03\/3f56fc5c-9179-4a76-99c7-9d5b5d1a35c5.jpg\",\"contentUrl\":\"https:\/\/mtroyal.com.tr\/tr\/wp-content\/uploads\/2020\/03\/3f56fc5c-9179-4a76-99c7-9d5b5d1a35c5.jpg\",\"width\":500,\"height\":500,\"caption\":\"Darbeli k\u0131r\u0131c\u0131 nedir?\"},{\"@type\":\"BreadcrumbList\",\"@id\":\"https:\/\/mtroyal.com.tr\/tr\/product\/darbeli-kiricilar-mtrhs10\/#breadcrumb\",\"itemListElement\":[{\"@type\":\"ListItem\",\"position\":1,\"name\":\"Home\",\"item\":\"https:\/\/mtroyal.com.tr\/tr\/\"},{\"@type\":\"ListItem\",\"position\":2,\"name\":\"\u00dcr\u00fcnlerimiz\",\"item\":\"https:\/\/mtroyal.com.tr\/tr\/urunlerimiz\/\"},{\"@type\":\"ListItem\",\"position\":3,\"name\":\"Darbeli K\u0131r\u0131c\u0131lar-MTRHS10\"}]},{\"@type\":\"WebSite\",\"@id\":\"https:\/\/mtroyal.com.tr\/tr\/#website\",\"url\":\"https:\/\/mtroyal.com.tr\/tr\/\",\"name\":\"MTROYAL\",\"description\":\"\",\"publisher\":{\"@id\":\"https:\/\/mtroyal.com.tr\/tr\/#organization\"},\"potentialAction\":[{\"@type\":\"SearchAction\",\"target\":{\"@type\":\"EntryPoint\",\"urlTemplate\":\"https:\/\/mtroyal.com.tr\/tr\/?s={search_term_string}\"},\"query-input\":{\"@type\":\"PropertyValueSpecification\",\"valueRequired\":true,\"valueName\":\"search_term_string\"}}],\"inLanguage\":\"tr\"},{\"@type\":\"Organization\",\"@id\":\"https:\/\/mtroyal.com.tr\/tr\/#organization\",\"name\":\"MTROYAL\",\"url\":\"https:\/\/mtroyal.com.tr\/tr\/\",\"logo\":{\"@type\":\"ImageObject\",\"inLanguage\":\"tr\",\"@id\":\"https:\/\/mtroyal.com.tr\/tr\/#\/schema\/logo\/image\/\",\"url\":\"https:\/\/mtroyal.com.tr\/tr\/wp-content\/uploads\/2023\/12\/mt-logo.png\",\"contentUrl\":\"https:\/\/mtroyal.com.tr\/tr\/wp-content\/uploads\/2023\/12\/mt-logo.png\",\"width\":313,\"height\":261,\"caption\":\"MTROYAL\"},\"image\":{\"@id\":\"https:\/\/mtroyal.com.tr\/tr\/#\/schema\/logo\/image\/\"}},false]}<\/script>\n<!-- \/ Yoast SEO Premium plugin. -->","yoast_head_json":{"title":"Darbeli K\u0131r\u0131c\u0131lar-MTRHS10 - MTROYAL","robots":{"index":"index","follow":"follow","max-snippet":"max-snippet:-1","max-image-preview":"max-image-preview:large","max-video-preview":"max-video-preview:-1"},"canonical":"https:\/\/mtroyal.com.tr\/tr\/product\/darbeli-kiricilar-mtrhs10\/","og_locale":"tr_TR","og_type":"article","og_title":"Darbeli K\u0131r\u0131c\u0131lar-MTRHS10","og_description":"MTROYAL makinelerinden Darbeli K\u0131r\u0131c\u0131lar, orta sertlikte az a\u015f\u0131nd\u0131r\u0131c\u0131 malzemelerin y\u00fcksek boyut ...","og_url":"https:\/\/mtroyal.com.tr\/tr\/product\/darbeli-kiricilar-mtrhs10\/","og_site_name":"MTROYAL","article_modified_time":"2020-03-16T10:59:22+00:00","og_image":[{"width":500,"height":500,"url":"https:\/\/mtroyal.com.tr\/tr\/wp-content\/uploads\/2020\/03\/3f56fc5c-9179-4a76-99c7-9d5b5d1a35c5.jpg","type":"image\/jpeg"}],"twitter_card":"summary_large_image","schema":{"@context":"https:\/\/schema.org","@graph":[{"@type":"WebPage","@id":"https:\/\/mtroyal.com.tr\/tr\/product\/darbeli-kiricilar-mtrhs10\/","url":"https:\/\/mtroyal.com.tr\/tr\/product\/darbeli-kiricilar-mtrhs10\/","name":"Darbeli K\u0131r\u0131c\u0131lar-MTRHS10 - MTROYAL","isPartOf":{"@id":"https:\/\/mtroyal.com.tr\/tr\/#website"},"primaryImageOfPage":{"@id":"https:\/\/mtroyal.com.tr\/tr\/product\/darbeli-kiricilar-mtrhs10\/#primaryimage"},"image":{"@id":"https:\/\/mtroyal.com.tr\/tr\/product\/darbeli-kiricilar-mtrhs10\/#primaryimage"},"thumbnailUrl":"https:\/\/mtroyal.com.tr\/tr\/wp-content\/uploads\/2020\/03\/3f56fc5c-9179-4a76-99c7-9d5b5d1a35c5.jpg","datePublished":"2020-03-16T10:59:21+00:00","dateModified":"2020-03-16T10:59:22+00:00","breadcrumb":{"@id":"https:\/\/mtroyal.com.tr\/tr\/product\/darbeli-kiricilar-mtrhs10\/#breadcrumb"},"inLanguage":"tr","potentialAction":[{"@type":"ReadAction","target":["https:\/\/mtroyal.com.tr\/tr\/product\/darbeli-kiricilar-mtrhs10\/"]}]},{"@type":"ImageObject","inLanguage":"tr","@id":"https:\/\/mtroyal.com.tr\/tr\/product\/darbeli-kiricilar-mtrhs10\/#primaryimage","url":"https:\/\/mtroyal.com.tr\/tr\/wp-content\/uploads\/2020\/03\/3f56fc5c-9179-4a76-99c7-9d5b5d1a35c5.jpg","contentUrl":"https:\/\/mtroyal.com.tr\/tr\/wp-content\/uploads\/2020\/03\/3f56fc5c-9179-4a76-99c7-9d5b5d1a35c5.jpg","width":500,"height":500,"caption":"Darbeli k\u0131r\u0131c\u0131 nedir?"},{"@type":"BreadcrumbList","@id":"https:\/\/mtroyal.com.tr\/tr\/product\/darbeli-kiricilar-mtrhs10\/#breadcrumb","itemListElement":[{"@type":"ListItem","position":1,"name":"Home","item":"https:\/\/mtroyal.com.tr\/tr\/"},{"@type":"ListItem","position":2,"name":"\u00dcr\u00fcnlerimiz","item":"https:\/\/mtroyal.com.tr\/tr\/urunlerimiz\/"},{"@type":"ListItem","position":3,"name":"Darbeli K\u0131r\u0131c\u0131lar-MTRHS10"}]},{"@type":"WebSite","@id":"https:\/\/mtroyal.com.tr\/tr\/#website","url":"https:\/\/mtroyal.com.tr\/tr\/","name":"MTROYAL","description":"","publisher":{"@id":"https:\/\/mtroyal.com.tr\/tr\/#organization"},"potentialAction":[{"@type":"SearchAction","target":{"@type":"EntryPoint","urlTemplate":"https:\/\/mtroyal.com.tr\/tr\/?s={search_term_string}"},"query-input":{"@type":"PropertyValueSpecification","valueRequired":true,"valueName":"search_term_string"}}],"inLanguage":"tr"},{"@type":"Organization","@id":"https:\/\/mtroyal.com.tr\/tr\/#organization","name":"MTROYAL","url":"https:\/\/mtroyal.com.tr\/tr\/","logo":{"@type":"ImageObject","inLanguage":"tr","@id":"https:\/\/mtroyal.com.tr\/tr\/#\/schema\/logo\/image\/","url":"https:\/\/mtroyal.com.tr\/tr\/wp-content\/uploads\/2023\/12\/mt-logo.png","contentUrl":"https:\/\/mtroyal.com.tr\/tr\/wp-content\/uploads\/2023\/12\/mt-logo.png","width":313,"height":261,"caption":"MTROYAL"},"image":{"@id":"https:\/\/mtroyal.com.tr\/tr\/#\/schema\/logo\/image\/"}},false]}},"yasr_visitor_votes":{"stars_attributes":{"read_only":false,"span_bottom":false},"number_of_votes":0,"sum_votes":0},"_links":{"self":[{"href":"https:\/\/mtroyal.com.tr\/tr\/wp-json\/wp\/v2\/product\/3353","targetHints":{"allow":["GET"]}}],"collection":[{"href":"https:\/\/mtroyal.com.tr\/tr\/wp-json\/wp\/v2\/product"}],"about":[{"href":"https:\/\/mtroyal.com.tr\/tr\/wp-json\/wp\/v2\/types\/product"}],"replies":[{"embeddable":true,"href":"https:\/\/mtroyal.com.tr\/tr\/wp-json\/wp\/v2\/comments?post=3353"}],"wp:featuredmedia":[{"embeddable":true,"href":"https:\/\/mtroyal.com.tr\/tr\/wp-json\/wp\/v2\/media\/3355"}],"wp:attachment":[{"href":"https:\/\/mtroyal.com.tr\/tr\/wp-json\/wp\/v2\/media?parent=3353"}],"wp:term":[{"taxonomy":"product_brand","embeddable":true,"href":"https:\/\/mtroyal.com.tr\/tr\/wp-json\/wp\/v2\/product_brand?post=3353"},{"taxonomy":"product_cat","embeddable":true,"href":"https:\/\/mtroyal.com.tr\/tr\/wp-json\/wp\/v2\/product_cat?post=3353"},{"taxonomy":"product_tag","embeddable":true,"href":"https:\/\/mtroyal.com.tr\/tr\/wp-json\/wp\/v2\/product_tag?post=3353"}],"curies":[{"name":"wp","href":"https:\/\/api.w.org\/{rel}","templated":true}]}}