{"id":4331,"date":"2023-08-08T16:06:29","date_gmt":"2023-08-08T13:06:29","guid":{"rendered":"https:\/\/mtroyal.com.tr\/tr\/?post_type=product&#038;p=4331"},"modified":"2023-08-08T16:06:30","modified_gmt":"2023-08-08T13:06:30","slug":"main-shaft-nut-konik-430-yedek-parca","status":"publish","type":"product","link":"https:\/\/mtroyal.com.tr\/tr\/product\/main-shaft-nut-konik-430-yedek-parca\/","title":{"rendered":"Main Shaft Nut konik 430 yedek par\u00e7a"},"content":{"rendered":"<p>Main Shaft Nut<\/p>\n<p><span class=\"HwtZe\" lang=\"tr\"><span class=\"jCAhz ChMk0b\"><span class=\"ryNqvb\">MT Royal Company 430 ve 440 ta\u015f k\u0131r\u0131c\u0131lar i\u00e7in yedek par\u00e7a \u00fcretmektedir.<\/span><\/span><\/span><\/p>\n<p><span style=\"color: #ff6600;\"><em><strong>NEDEN MT ROYAL<\/strong><\/em><\/span><\/p>\n<p><span class=\"HwtZe\" lang=\"tr\">mt royal\u00a0 <span class=\"jCAhz ChMk0b\"><span class=\"ryNqvb\">Konik 430 ve 440&#8217;\u0131n en y\u00fcksek kaliteye sahip ilk \u00fcreticisi<\/span><\/span> <span class=\"jCAhz ChMk0b\"><span class=\"ryNqvb\">20 y\u0131ll\u0131k tecr\u00fcbe ile<\/span><\/span> <span class=\"jCAhz ChMk0b\"><span class=\"ryNqvb\">en b\u00fcy\u00fck ihracat\u00e7\u0131<\/span><\/span> <span class=\"jCAhz ChMk0b\"><span class=\"ryNqvb\">M\u00fckemmel fiyata orijinal par\u00e7a tedarik\u00e7isi<\/span><\/span> <span class=\"jCAhz ChMk0b\"><span class=\"ryNqvb\">Par\u00e7a ve ekipman hakk\u0131nda bilgi almak i\u00e7in l\u00fctfen bizimle ileti\u015fime ge\u00e7in.<\/span><\/span><\/span><\/p>\n<p><span class=\"HwtZe\" lang=\"tr\"> <span class=\"jCAhz ChMk0b\"><span class=\"ryNqvb\">Memnun kalana kadar %100 \u00fccretsiz dan\u0131\u015fmanl\u0131k.<\/span><\/span><\/span><\/p>\n<p><a href=\"https:\/\/mtroyal.com.tr\/tr\/konik-k%C4%B1r%C4%B1c%C4%B1\/\"><strong><em><span style=\"color: #0000ff;\">konik k\u0131r\u0131c\u0131lar\u0131m\u0131za g\u00f6z at\u0131n<\/span><\/em><\/strong><\/a><\/p>\n<div style='text-align:center' class='yasr-auto-insert-visitor'><\/div>","protected":false},"excerpt":{"rendered":"<p><span class=\"HwtZe\" lang=\"tr\"><span class=\"jCAhz ChMk0b\"><span class=\"ryNqvb\">ta\u015f k\u0131r\u0131c\u0131 yedek par\u00e7a imalat\u0131<\/span><\/span><\/span><\/p>\n<p>Tersiyer k\u0131r\u0131c\u0131<\/p>\n<p>konik &#8230; <\/p>\n","protected":false},"featured_media":4365,"comment_status":"open","ping_status":"closed","template":"","meta":{"yasr_overall_rating":0,"yasr_post_is_review":"","yasr_auto_insert_disabled":"","yasr_review_type":""},"product_brand":[],"product_cat":[295],"product_tag":[],"class_list":{"0":"post-4331","1":"product","2":"type-product","3":"status-publish","4":"has-post-thumbnail","6":"product_cat-yedek-parcalar-ve-asinan-parcalar","8":"first","9":"instock","10":"shipping-taxable","11":"product-type-simple"},"yoast_head":"<!-- This site is optimized with the Yoast SEO Premium plugin v24.5 (Yoast SEO v26.6) - https:\/\/yoast.com\/wordpress\/plugins\/seo\/ -->\n<title>Main Shaft Nut konik 430 yedek par\u00e7a - MTROYAL<\/title>\n<meta name=\"description\" content=\"Main Shaft Nut-Bottom Shell Screw-Tersiyer k\u0131r\u0131c\u0131 -konik k\u0131r\u0131c\u0131 fiyatlar-\u00e7eneli k\u0131r\u0131c\u0131- darbeli k\u0131r\u0131c\u0131-konik k\u0131r\u0131c\u0131 par\u00e7alar\u0131- k\u0131rma-eleme tesisikum- eleme makinasi-\" \/>\n<meta name=\"robots\" content=\"index, follow, max-snippet:-1, max-image-preview:large, max-video-preview:-1\" \/>\n<link rel=\"canonical\" href=\"https:\/\/mtroyal.com.tr\/tr\/product\/main-shaft-nut-konik-430-yedek-parca\/\" \/>\n<meta property=\"og:locale\" content=\"tr_TR\" \/>\n<meta property=\"og:type\" content=\"article\" \/>\n<meta property=\"og:title\" content=\"Main Shaft Nut konik 430 yedek par\u00e7a\" \/>\n<meta property=\"og:description\" content=\"Main Shaft Nut-Bottom Shell Screw-Tersiyer k\u0131r\u0131c\u0131 -konik k\u0131r\u0131c\u0131 fiyatlar-\u00e7eneli k\u0131r\u0131c\u0131- darbeli k\u0131r\u0131c\u0131-konik k\u0131r\u0131c\u0131 par\u00e7alar\u0131- k\u0131rma-eleme tesisikum- eleme makinasi-\" \/>\n<meta property=\"og:url\" content=\"https:\/\/mtroyal.com.tr\/tr\/product\/main-shaft-nut-konik-430-yedek-parca\/\" \/>\n<meta property=\"og:site_name\" content=\"MTROYAL\" \/>\n<meta property=\"article:modified_time\" content=\"2023-08-08T13:06:30+00:00\" \/>\n<meta property=\"og:image\" content=\"https:\/\/mtroyal.com.tr\/tr\/wp-content\/uploads\/2023\/08\/Main-Shaft-Nut.jpg\" \/>\n\t<meta property=\"og:image:width\" content=\"800\" \/>\n\t<meta property=\"og:image:height\" content=\"800\" \/>\n\t<meta property=\"og:image:type\" content=\"image\/jpeg\" \/>\n<meta name=\"twitter:card\" content=\"summary_large_image\" \/>\n<script type=\"application\/ld+json\" class=\"yoast-schema-graph\">{\"@context\":\"https:\/\/schema.org\",\"@graph\":[{\"@type\":\"WebPage\",\"@id\":\"https:\/\/mtroyal.com.tr\/tr\/product\/main-shaft-nut-konik-430-yedek-parca\/\",\"url\":\"https:\/\/mtroyal.com.tr\/tr\/product\/main-shaft-nut-konik-430-yedek-parca\/\",\"name\":\"Main Shaft Nut konik 430 yedek par\u00e7a - MTROYAL\",\"isPartOf\":{\"@id\":\"https:\/\/mtroyal.com.tr\/tr\/#website\"},\"primaryImageOfPage\":{\"@id\":\"https:\/\/mtroyal.com.tr\/tr\/product\/main-shaft-nut-konik-430-yedek-parca\/#primaryimage\"},\"image\":{\"@id\":\"https:\/\/mtroyal.com.tr\/tr\/product\/main-shaft-nut-konik-430-yedek-parca\/#primaryimage\"},\"thumbnailUrl\":\"https:\/\/mtroyal.com.tr\/tr\/wp-content\/uploads\/2023\/08\/Main-Shaft-Nut.jpg\",\"datePublished\":\"2023-08-08T13:06:29+00:00\",\"dateModified\":\"2023-08-08T13:06:30+00:00\",\"description\":\"Main Shaft Nut-Bottom Shell Screw-Tersiyer k\u0131r\u0131c\u0131 -konik k\u0131r\u0131c\u0131 fiyatlar-\u00e7eneli k\u0131r\u0131c\u0131- darbeli k\u0131r\u0131c\u0131-konik k\u0131r\u0131c\u0131 par\u00e7alar\u0131- k\u0131rma-eleme tesisikum- eleme makinasi-\",\"breadcrumb\":{\"@id\":\"https:\/\/mtroyal.com.tr\/tr\/product\/main-shaft-nut-konik-430-yedek-parca\/#breadcrumb\"},\"inLanguage\":\"tr\",\"potentialAction\":[{\"@type\":\"ReadAction\",\"target\":[\"https:\/\/mtroyal.com.tr\/tr\/product\/main-shaft-nut-konik-430-yedek-parca\/\"]}]},{\"@type\":\"ImageObject\",\"inLanguage\":\"tr\",\"@id\":\"https:\/\/mtroyal.com.tr\/tr\/product\/main-shaft-nut-konik-430-yedek-parca\/#primaryimage\",\"url\":\"https:\/\/mtroyal.com.tr\/tr\/wp-content\/uploads\/2023\/08\/Main-Shaft-Nut.jpg\",\"contentUrl\":\"https:\/\/mtroyal.com.tr\/tr\/wp-content\/uploads\/2023\/08\/Main-Shaft-Nut.jpg\",\"width\":800,\"height\":800,\"caption\":\"Main Shaft Nut\"},{\"@type\":\"BreadcrumbList\",\"@id\":\"https:\/\/mtroyal.com.tr\/tr\/product\/main-shaft-nut-konik-430-yedek-parca\/#breadcrumb\",\"itemListElement\":[{\"@type\":\"ListItem\",\"position\":1,\"name\":\"Home\",\"item\":\"https:\/\/mtroyal.com.tr\/tr\/\"},{\"@type\":\"ListItem\",\"position\":2,\"name\":\"\u00dcr\u00fcnlerimiz\",\"item\":\"https:\/\/mtroyal.com.tr\/tr\/urunlerimiz\/\"},{\"@type\":\"ListItem\",\"position\":3,\"name\":\"Main Shaft Nut konik 430 yedek par\u00e7a\"}]},{\"@type\":\"WebSite\",\"@id\":\"https:\/\/mtroyal.com.tr\/tr\/#website\",\"url\":\"https:\/\/mtroyal.com.tr\/tr\/\",\"name\":\"MTROYAL\",\"description\":\"\",\"publisher\":{\"@id\":\"https:\/\/mtroyal.com.tr\/tr\/#organization\"},\"potentialAction\":[{\"@type\":\"SearchAction\",\"target\":{\"@type\":\"EntryPoint\",\"urlTemplate\":\"https:\/\/mtroyal.com.tr\/tr\/?s={search_term_string}\"},\"query-input\":{\"@type\":\"PropertyValueSpecification\",\"valueRequired\":true,\"valueName\":\"search_term_string\"}}],\"inLanguage\":\"tr\"},{\"@type\":\"Organization\",\"@id\":\"https:\/\/mtroyal.com.tr\/tr\/#organization\",\"name\":\"MTROYAL\",\"url\":\"https:\/\/mtroyal.com.tr\/tr\/\",\"logo\":{\"@type\":\"ImageObject\",\"inLanguage\":\"tr\",\"@id\":\"https:\/\/mtroyal.com.tr\/tr\/#\/schema\/logo\/image\/\",\"url\":\"https:\/\/mtroyal.com.tr\/tr\/wp-content\/uploads\/2023\/12\/mt-logo.png\",\"contentUrl\":\"https:\/\/mtroyal.com.tr\/tr\/wp-content\/uploads\/2023\/12\/mt-logo.png\",\"width\":313,\"height\":261,\"caption\":\"MTROYAL\"},\"image\":{\"@id\":\"https:\/\/mtroyal.com.tr\/tr\/#\/schema\/logo\/image\/\"}},false]}<\/script>\n<!-- \/ Yoast SEO Premium plugin. -->","yoast_head_json":{"title":"Main Shaft Nut konik 430 yedek par\u00e7a - MTROYAL","description":"Main Shaft Nut-Bottom Shell Screw-Tersiyer k\u0131r\u0131c\u0131 -konik k\u0131r\u0131c\u0131 fiyatlar-\u00e7eneli k\u0131r\u0131c\u0131- darbeli k\u0131r\u0131c\u0131-konik k\u0131r\u0131c\u0131 par\u00e7alar\u0131- k\u0131rma-eleme tesisikum- eleme makinasi-","robots":{"index":"index","follow":"follow","max-snippet":"max-snippet:-1","max-image-preview":"max-image-preview:large","max-video-preview":"max-video-preview:-1"},"canonical":"https:\/\/mtroyal.com.tr\/tr\/product\/main-shaft-nut-konik-430-yedek-parca\/","og_locale":"tr_TR","og_type":"article","og_title":"Main Shaft Nut konik 430 yedek par\u00e7a","og_description":"Main Shaft Nut-Bottom Shell Screw-Tersiyer k\u0131r\u0131c\u0131 -konik k\u0131r\u0131c\u0131 fiyatlar-\u00e7eneli k\u0131r\u0131c\u0131- darbeli k\u0131r\u0131c\u0131-konik k\u0131r\u0131c\u0131 par\u00e7alar\u0131- k\u0131rma-eleme tesisikum- eleme makinasi-","og_url":"https:\/\/mtroyal.com.tr\/tr\/product\/main-shaft-nut-konik-430-yedek-parca\/","og_site_name":"MTROYAL","article_modified_time":"2023-08-08T13:06:30+00:00","og_image":[{"width":800,"height":800,"url":"https:\/\/mtroyal.com.tr\/tr\/wp-content\/uploads\/2023\/08\/Main-Shaft-Nut.jpg","type":"image\/jpeg"}],"twitter_card":"summary_large_image","schema":{"@context":"https:\/\/schema.org","@graph":[{"@type":"WebPage","@id":"https:\/\/mtroyal.com.tr\/tr\/product\/main-shaft-nut-konik-430-yedek-parca\/","url":"https:\/\/mtroyal.com.tr\/tr\/product\/main-shaft-nut-konik-430-yedek-parca\/","name":"Main Shaft Nut konik 430 yedek par\u00e7a - MTROYAL","isPartOf":{"@id":"https:\/\/mtroyal.com.tr\/tr\/#website"},"primaryImageOfPage":{"@id":"https:\/\/mtroyal.com.tr\/tr\/product\/main-shaft-nut-konik-430-yedek-parca\/#primaryimage"},"image":{"@id":"https:\/\/mtroyal.com.tr\/tr\/product\/main-shaft-nut-konik-430-yedek-parca\/#primaryimage"},"thumbnailUrl":"https:\/\/mtroyal.com.tr\/tr\/wp-content\/uploads\/2023\/08\/Main-Shaft-Nut.jpg","datePublished":"2023-08-08T13:06:29+00:00","dateModified":"2023-08-08T13:06:30+00:00","description":"Main Shaft Nut-Bottom Shell Screw-Tersiyer k\u0131r\u0131c\u0131 -konik k\u0131r\u0131c\u0131 fiyatlar-\u00e7eneli k\u0131r\u0131c\u0131- darbeli k\u0131r\u0131c\u0131-konik k\u0131r\u0131c\u0131 par\u00e7alar\u0131- k\u0131rma-eleme tesisikum- eleme makinasi-","breadcrumb":{"@id":"https:\/\/mtroyal.com.tr\/tr\/product\/main-shaft-nut-konik-430-yedek-parca\/#breadcrumb"},"inLanguage":"tr","potentialAction":[{"@type":"ReadAction","target":["https:\/\/mtroyal.com.tr\/tr\/product\/main-shaft-nut-konik-430-yedek-parca\/"]}]},{"@type":"ImageObject","inLanguage":"tr","@id":"https:\/\/mtroyal.com.tr\/tr\/product\/main-shaft-nut-konik-430-yedek-parca\/#primaryimage","url":"https:\/\/mtroyal.com.tr\/tr\/wp-content\/uploads\/2023\/08\/Main-Shaft-Nut.jpg","contentUrl":"https:\/\/mtroyal.com.tr\/tr\/wp-content\/uploads\/2023\/08\/Main-Shaft-Nut.jpg","width":800,"height":800,"caption":"Main Shaft Nut"},{"@type":"BreadcrumbList","@id":"https:\/\/mtroyal.com.tr\/tr\/product\/main-shaft-nut-konik-430-yedek-parca\/#breadcrumb","itemListElement":[{"@type":"ListItem","position":1,"name":"Home","item":"https:\/\/mtroyal.com.tr\/tr\/"},{"@type":"ListItem","position":2,"name":"\u00dcr\u00fcnlerimiz","item":"https:\/\/mtroyal.com.tr\/tr\/urunlerimiz\/"},{"@type":"ListItem","position":3,"name":"Main Shaft Nut konik 430 yedek par\u00e7a"}]},{"@type":"WebSite","@id":"https:\/\/mtroyal.com.tr\/tr\/#website","url":"https:\/\/mtroyal.com.tr\/tr\/","name":"MTROYAL","description":"","publisher":{"@id":"https:\/\/mtroyal.com.tr\/tr\/#organization"},"potentialAction":[{"@type":"SearchAction","target":{"@type":"EntryPoint","urlTemplate":"https:\/\/mtroyal.com.tr\/tr\/?s={search_term_string}"},"query-input":{"@type":"PropertyValueSpecification","valueRequired":true,"valueName":"search_term_string"}}],"inLanguage":"tr"},{"@type":"Organization","@id":"https:\/\/mtroyal.com.tr\/tr\/#organization","name":"MTROYAL","url":"https:\/\/mtroyal.com.tr\/tr\/","logo":{"@type":"ImageObject","inLanguage":"tr","@id":"https:\/\/mtroyal.com.tr\/tr\/#\/schema\/logo\/image\/","url":"https:\/\/mtroyal.com.tr\/tr\/wp-content\/uploads\/2023\/12\/mt-logo.png","contentUrl":"https:\/\/mtroyal.com.tr\/tr\/wp-content\/uploads\/2023\/12\/mt-logo.png","width":313,"height":261,"caption":"MTROYAL"},"image":{"@id":"https:\/\/mtroyal.com.tr\/tr\/#\/schema\/logo\/image\/"}},false]}},"yasr_visitor_votes":{"stars_attributes":{"read_only":false,"span_bottom":false},"number_of_votes":1,"sum_votes":5},"_links":{"self":[{"href":"https:\/\/mtroyal.com.tr\/tr\/wp-json\/wp\/v2\/product\/4331","targetHints":{"allow":["GET"]}}],"collection":[{"href":"https:\/\/mtroyal.com.tr\/tr\/wp-json\/wp\/v2\/product"}],"about":[{"href":"https:\/\/mtroyal.com.tr\/tr\/wp-json\/wp\/v2\/types\/product"}],"replies":[{"embeddable":true,"href":"https:\/\/mtroyal.com.tr\/tr\/wp-json\/wp\/v2\/comments?post=4331"}],"wp:featuredmedia":[{"embeddable":true,"href":"https:\/\/mtroyal.com.tr\/tr\/wp-json\/wp\/v2\/media\/4365"}],"wp:attachment":[{"href":"https:\/\/mtroyal.com.tr\/tr\/wp-json\/wp\/v2\/media?parent=4331"}],"wp:term":[{"taxonomy":"product_brand","embeddable":true,"href":"https:\/\/mtroyal.com.tr\/tr\/wp-json\/wp\/v2\/product_brand?post=4331"},{"taxonomy":"product_cat","embeddable":true,"href":"https:\/\/mtroyal.com.tr\/tr\/wp-json\/wp\/v2\/product_cat?post=4331"},{"taxonomy":"product_tag","embeddable":true,"href":"https:\/\/mtroyal.com.tr\/tr\/wp-json\/wp\/v2\/product_tag?post=4331"}],"curies":[{"name":"wp","href":"https:\/\/api.w.org\/{rel}","templated":true}]}}