{"id":4889,"date":"2025-02-24T15:09:59","date_gmt":"2025-02-24T12:09:59","guid":{"rendered":"https:\/\/mtroyal.com.tr\/tr\/?post_type=product&#038;p=4889"},"modified":"2025-02-24T15:10:01","modified_gmt":"2025-02-24T12:10:01","slug":"latamarko-naturel-zeytinyagi","status":"publish","type":"product","link":"https:\/\/mtroyal.com.tr\/tr\/product\/latamarko-naturel-zeytinyagi\/","title":{"rendered":"Latamarko Nat\u00fcrel zeytinya\u011f\u0131"},"content":{"rendered":"<p><span style=\"font-size: 16px\">Zeytinya\u011f\u0131, T\u00fcrk mutfa\u011f\u0131n\u0131n vazge\u00e7ilmezi ve sa\u011fl\u0131kl\u0131 ya\u015fam\u0131n anahtarlar\u0131ndan biridir. G\u00fcnl\u00fck yemeklerde kullanabilece\u011finiz, salatalarda taze aromalar yaratabilece\u011finiz, kahvalt\u0131larda e\u015flik edebilece\u011finiz bu mucizevi \u00fcr\u00fcn, ayn\u0131 zamanda sa\u011fl\u0131kl\u0131 ya\u011flar aras\u0131nda yer al\u0131r. E\u011fer siz de kaliteli ve do\u011fal bir zeytinya\u011f\u0131 aray\u0131\u015f\u0131ndaysan\u0131z, MT Royal olarak <\/span><strong style=\"font-size: 16px\">Latamarko Nat\u00fcrel Zeytinya\u011f\u0131<\/strong><span style=\"font-size: 16px\">&#8216;n\u0131 en uygun fiyatlarla sizlere sunuyoruz. Sa\u011fl\u0131k ve lezzet dolu bu \u00fcr\u00fcn\u00fc, mutfa\u011f\u0131n\u0131zda kullanmak i\u00e7in ideal bir se\u00e7enek.<\/span><\/p>\n<h2>MT Royal: G\u0131da End\u00fcstrisinin G\u00fcvenilir Tedarik\u00e7isi<\/h2>\n<p>MT Royal, T\u00fcrkiye&#8217;nin g\u0131da sekt\u00f6r\u00fcnde en g\u00fcvenilir toptan sat\u0131c\u0131lar\u0131ndan biridir. Y\u0131llard\u0131r sekt\u00f6rdeki tecr\u00fcbesiyle, en kaliteli g\u0131da \u00fcr\u00fcnlerini m\u00fc\u015fterilerine en uygun fiyatlarla sunmay\u0131 ilke edinmi\u015ftir. <strong>Latamarko Nat\u00fcrel Zeytinya\u011f\u0131<\/strong> gibi sa\u011fl\u0131kl\u0131 ve kaliteli \u00fcr\u00fcnleri, MT Royal g\u00fcvencesiyle temin edebilirsiniz. \u00dcr\u00fcnlerimiz, her zaman uluslararas\u0131 kalite standartlar\u0131na uygun olarak \u00fcretilir ve tedarik edilir.<\/p>\n<h3>MT Royal\u2019in Fark\u0131 Nedir?<\/h3>\n<ul>\n<li><strong>Uygun Fiyat Garantisi:<\/strong> MT Royal, zeytinya\u011f\u0131 gibi kaliteli \u00fcr\u00fcnleri piyasa fiyatlar\u0131n\u0131n \u00e7ok daha alt\u0131nda sunar. Bu sayede b\u00fct\u00e7enizi sarsmadan sa\u011fl\u0131kl\u0131 \u00fcr\u00fcnler alabilirsiniz.<\/li>\n<li><strong>G\u00fcvenilir Tedarik:<\/strong> Zeytinya\u011f\u0131, g\u0131da g\u00fcvenli\u011fi a\u00e7\u0131s\u0131ndan b\u00fcy\u00fck \u00f6nem ta\u015f\u0131r. MT Royal, t\u00fcm \u00fcr\u00fcnlerinde kalite kontrol\u00fc yaparak, m\u00fc\u015fteri memnuniyetini sa\u011flar.<\/li>\n<li><strong>H\u0131zl\u0131 Teslimat:<\/strong> \u00dcr\u00fcnleriniz her zaman zaman\u0131nda ve sorunsuz bir \u015fekilde teslim edilir.<\/li>\n<\/ul>\n<h2>Latamarko Nat\u00fcrel Zeytinya\u011f\u0131 Nedir?<\/h2>\n<p><strong>Latamarko Nat\u00fcrel Zeytinya\u011f\u0131<\/strong>, kalite ve do\u011fall\u0131\u011f\u0131 bir araya getiren, \u00fcst\u00fcn lezzetli bir zeytinya\u011f\u0131d\u0131r. Erken hasat edilen zeytinlerden elde edilen bu ya\u011f, asidite oran\u0131 d\u00fc\u015f\u00fck ve besleyici \u00f6zelliktedir. Yemeklerde, salatalarda veya tatl\u0131larda kullanabilece\u011finiz gibi, do\u011frudan ekme\u011finizle birlikte de t\u00fcketebilirsiniz. Sadece lezzet de\u011fil, ayn\u0131 zamanda sa\u011fl\u0131k a\u00e7\u0131s\u0131ndan da \u00e7ok faydal\u0131d\u0131r.<\/p>\n<h3>Latamarko Nat\u00fcrel Zeytinya\u011f\u0131 Kullan\u0131m Alanlar\u0131<\/h3>\n<p>Latamarko Nat\u00fcrel Zeytinya\u011f\u0131, mutfakta \u00e7ok y\u00f6nl\u00fc bir kullan\u0131m alan\u0131na sahiptir. \u0130\u015fte bu kaliteli zeytinya\u011f\u0131n\u0131 kullanabilece\u011finiz baz\u0131 yerler:<\/p>\n<ul>\n<li><strong>Salatalar:<\/strong> Do\u011fal ve zengin aromas\u0131, salatalarda m\u00fckemmel bir lezzet sa\u011flar. Zeytinya\u011f\u0131n\u0131n taze ve hafif dokusu, salatan\u0131n t\u00fcm malzemelerini daha iyi bir \u015fekilde birle\u015ftirir.<\/li>\n<li><strong>Zeytinya\u011fl\u0131 Yemekler:<\/strong> Zeytinya\u011fl\u0131 enginar, zeytinya\u011fl\u0131 yaprak sarmas\u0131 gibi geleneksel yemeklerin olmazsa olmaz\u0131d\u0131r. Latamarko Nat\u00fcrel Zeytinya\u011f\u0131, bu yemeklerde m\u00fckemmel sonu\u00e7lar verir.<\/li>\n<li><strong>Izgara Et ve Sebzeler:<\/strong> Etleri ve sebzeleri marine etmek i\u00e7in ideal olan bu ya\u011f, yemeklerinize ekstra lezzet ve sa\u011fl\u0131k katar.<\/li>\n<li><strong>Kahvalt\u0131lar:<\/strong> Kahvalt\u0131da ekme\u011fin \u00fczerine s\u00fcrerek ya da zeytinle birlikte taze bir lezzet olu\u015fturabilirsiniz.<\/li>\n<\/ul>\n<h3>Latamarko Nat\u00fcrel Zeytinya\u011f\u0131\u2019n\u0131n Sa\u011fl\u0131k Faydalar\u0131<\/h3>\n<p>Latamarko Nat\u00fcrel Zeytinya\u011f\u0131, sa\u011fl\u0131k a\u00e7\u0131s\u0131ndan say\u0131s\u0131z fayda sunar. \u0130\u00e7eri\u011finde bulunan <strong>antioksidanlar<\/strong>, v\u00fccudu zararl\u0131 serbest radikallerden korur. Ayr\u0131ca <strong>do\u011fal omega-3 ya\u011f asitleri<\/strong> ile kalp sa\u011fl\u0131\u011f\u0131n\u0131 destekler. D\u00fczenli t\u00fcketildi\u011finde <strong>kolesterol seviyesini dengelemeye<\/strong>, <strong>cilt sa\u011fl\u0131\u011f\u0131n\u0131 iyile\u015ftirmeye<\/strong> ve <strong>ba\u011f\u0131\u015f\u0131kl\u0131k sistemini g\u00fc\u00e7lendirmeye<\/strong> yard\u0131mc\u0131 olur.<\/p>\n<h2>Latamarko Nat\u00fcrel Zeytinya\u011f\u0131\u2019n\u0131n \u00d6zellikleri<\/h2>\n<table>\n<thead>\n<tr>\n<th>\u00d6zellik<\/th>\n<th>A\u00e7\u0131klama<\/th>\n<\/tr>\n<\/thead>\n<tbody>\n<tr>\n<td><strong>\u00dcr\u00fcn Ad\u0131<\/strong><\/td>\n<td>Latamarko Nat\u00fcrel Zeytinya\u011f\u0131<\/td>\n<\/tr>\n<tr>\n<td><strong>Asidite Oran\u0131<\/strong><\/td>\n<td>D\u00fc\u015f\u00fck<\/td>\n<\/tr>\n<tr>\n<td><strong>Elde Edilme Y\u00f6ntemi<\/strong><\/td>\n<td>Erken hasat, so\u011fuk s\u0131k\u0131m<\/td>\n<\/tr>\n<tr>\n<td><strong>Besin De\u011feri<\/strong><\/td>\n<td>Y\u00fcksek antioksidan ve omega-3 ya\u011f asitleri i\u00e7erir<\/td>\n<\/tr>\n<tr>\n<td><strong>Kullan\u0131m Alanlar\u0131<\/strong><\/td>\n<td>Salatalar, yemekler, kahvalt\u0131lar, izgaralar<\/td>\n<\/tr>\n<tr>\n<td><strong>Ambalaj<\/strong><\/td>\n<td>Cam \u015fi\u015fe veya plastik ambalajlarda sunulur<\/td>\n<\/tr>\n<\/tbody>\n<\/table>\n<h2>MT Royal\u2019in Kalite Kontrol\u00fc<\/h2>\n<p>MT Royal, her bir \u00fcr\u00fcn\u00fcnde s\u0131k\u0131 kalite kontrolleri uygulamaktad\u0131r. <strong>Latamarko Nat\u00fcrel Zeytinya\u011f\u0131<\/strong>, uluslararas\u0131 kalite standartlar\u0131na uygun olarak \u00fcretilmi\u015f olup, her a\u015famas\u0131nda denetlenmektedir. Bu sayede \u00fcr\u00fcn\u00fcn tazeli\u011fi, sa\u011fl\u0131\u011f\u0131 ve lezzeti garantilenmi\u015f olur. MT Royal, sadece lezzetli de\u011fil, ayn\u0131 zamanda g\u00fcvenli g\u0131da \u00fcr\u00fcnlerini m\u00fc\u015fterilerine sunar.<\/p>\n<h2>Latamarko Nat\u00fcrel Zeytinya\u011f\u0131\u2019n\u0131n Fark\u0131<\/h2>\n<p><strong>Latamarko Nat\u00fcrel Zeytinya\u011f\u0131<\/strong>, di\u011fer zeytinya\u011flar\u0131yla k\u0131yasland\u0131\u011f\u0131nda, d\u00fc\u015f\u00fck asidite oran\u0131 ve y\u00fcksek besin de\u011ferleriyle \u00f6ne \u00e7\u0131kar. Erken hasat edilen zeytinlerden elde edilmesi, bu zeytinya\u011f\u0131n\u0131 daha da de\u011ferli k\u0131lar. Zeytinya\u011f\u0131n\u0131n lezzeti de, zeytinlerin en olgun zaman\u0131nda toplanarak, so\u011fuk s\u0131k\u0131m y\u00f6ntemiyle i\u015flenmesinden kaynaklan\u0131r. Bu i\u015flem, zeytinin do\u011fal aroma ve besin de\u011ferlerini bozmadan s\u0131v\u0131ya d\u00f6n\u00fc\u015ft\u00fcr\u00fclmesini sa\u011flar.<\/p>\n<h2>MT Royal ile Latamarko Nat\u00fcrel Zeytinya\u011f\u0131 Sat\u0131n Alman\u0131n Avantajlar\u0131<\/h2>\n<ul>\n<li><strong>Uygun Fiyatlar:<\/strong> MT Royal, en iyi zeytinya\u011f\u0131n\u0131 en uygun fiyatlarla sunar. Piyasa ko\u015fullar\u0131nda en avantajl\u0131 f\u0131rsatlar\u0131 yakalayabilirsiniz.<\/li>\n<li><strong>H\u0131zl\u0131 Teslimat:<\/strong> Sipari\u015finiz, belirtti\u011finiz tarihe kadar h\u0131zl\u0131 bir \u015fekilde size ula\u015ft\u0131r\u0131l\u0131r.<\/li>\n<li><strong>M\u00fc\u015fteri Deste\u011fi:<\/strong> Herhangi bir sorunla kar\u015f\u0131la\u015ft\u0131\u011f\u0131n\u0131zda, MT Royal m\u00fc\u015fteri hizmetleri ekibi size yard\u0131mc\u0131 olmaktan mutluluk duyar.<\/li>\n<\/ul>\n<h3>Neden MT Royal\u2019i Tercih Etmelisiniz?<\/h3>\n<ul>\n<li>MT Royal, <strong>Latamarko Nat\u00fcrel Zeytinya\u011f\u0131<\/strong>\u2019n\u0131 T\u00fcrkiye\u2019nin d\u00f6rt bir yan\u0131na en uygun fiyatlarla temin eder.<\/li>\n<li>Her zaman taze ve kaliteli \u00fcr\u00fcnler sunar.<\/li>\n<li>G\u00fcvenilir, h\u0131zl\u0131 ve sorunsuz bir al\u0131\u015fveri\u015f deneyimi sa\u011flar.<\/li>\n<\/ul>\n<h2>Sonu\u00e7: Latamarko Nat\u00fcrel Zeytinya\u011f\u0131 ile Sa\u011fl\u0131kl\u0131 ve Lezzetli Yemekler<\/h2>\n<p><strong>Latamarko Nat\u00fcrel Zeytinya\u011f\u0131<\/strong>, hem sa\u011fl\u0131kl\u0131 hem de lezzetli yemekler haz\u0131rlamak isteyenler i\u00e7in m\u00fckemmel bir tercihtir. MT Royal olarak, bu m\u00fckemmel zeytinya\u011f\u0131n\u0131 sizlere en uygun fiyatlarla sunuyoruz. H\u0131zl\u0131 teslimat, kaliteli \u00fcr\u00fcnler ve m\u00fc\u015fteri memnuniyeti garantisi ile <strong>Latamarko Nat\u00fcrel Zeytinya\u011f\u0131<\/strong>\u2019n\u0131 \u015fimdi sat\u0131n almak i\u00e7in hemen bizimle ileti\u015fime ge\u00e7in. Sa\u011fl\u0131kl\u0131 ve lezzetli bir mutfak i\u00e7in MT Royal\u2019i tercih edin!<br \/>\nLatamarko Nat\u00fcrel Zeytinya\u011f\u0131\u2019n\u0131 MT Royal\u2019den en uygun fiyatla sat\u0131n alarak sa\u011fl\u0131kl\u0131 ve lezzetli yemekler haz\u0131rlay\u0131n. Kaliteli zeytinya\u011f\u0131n\u0131 \u015fimdi ke\u015ffedin!<\/p>\n<div style='text-align:center' class='yasr-auto-insert-visitor'><\/div>","protected":false},"excerpt":{"rendered":"<p><span style=\"font-size: 16px\">MT Royal, g\u0131da end\u00fcstrisinin en g\u00fcvenilir toptan tedarik\u00e7ilerinden biri &#8230; <\/p>\n","protected":false},"featured_media":8608,"comment_status":"open","ping_status":"closed","template":"","meta":{"yasr_overall_rating":0,"yasr_post_is_review":"","yasr_auto_insert_disabled":"","yasr_review_type":""},"product_brand":[],"product_cat":[127],"product_tag":[],"class_list":{"0":"post-4889","1":"product","2":"type-product","3":"status-publish","4":"has-post-thumbnail","6":"product_cat-latamarko-urunleri","8":"first","9":"instock","10":"shipping-taxable","11":"product-type-simple"},"yoast_head":"<!-- This site is optimized with the Yoast SEO Premium plugin v24.5 (Yoast SEO v26.6) - https:\/\/yoast.com\/wordpress\/plugins\/seo\/ -->\n<title>Latamarko Nat\u00fcrel zeytinya\u011f\u0131 - MTROYAL<\/title>\n<meta name=\"description\" content=\"Latamarko Nat\u00fcrel Zeytinya\u011f\u0131&#039;n\u0131 MT Royal&#039;den en uygun fiyatla al\u0131n, sa\u011fl\u0131kl\u0131 ve lezzetli yemekler i\u00e7in ideal tercihinizi yap\u0131n. Hemen sipari\u015f verin!\" \/>\n<meta name=\"robots\" content=\"index, follow, max-snippet:-1, max-image-preview:large, max-video-preview:-1\" \/>\n<link rel=\"canonical\" href=\"https:\/\/mtroyal.com.tr\/tr\/product\/latamarko-naturel-zeytinyagi\/\" \/>\n<meta property=\"og:locale\" content=\"tr_TR\" \/>\n<meta property=\"og:type\" content=\"article\" \/>\n<meta property=\"og:title\" content=\"Latamarko Nat\u00fcrel zeytinya\u011f\u0131\" \/>\n<meta property=\"og:description\" content=\"Latamarko Nat\u00fcrel Zeytinya\u011f\u0131&#039;n\u0131 MT Royal&#039;den en uygun fiyatla al\u0131n, sa\u011fl\u0131kl\u0131 ve lezzetli yemekler i\u00e7in ideal tercihinizi yap\u0131n. Hemen sipari\u015f verin!\" \/>\n<meta property=\"og:url\" content=\"https:\/\/mtroyal.com.tr\/tr\/product\/latamarko-naturel-zeytinyagi\/\" \/>\n<meta property=\"og:site_name\" content=\"MTROYAL\" \/>\n<meta property=\"article:modified_time\" content=\"2025-02-24T12:10:01+00:00\" \/>\n<meta property=\"og:image\" content=\"https:\/\/mtroyal.com.tr\/tr\/wp-content\/uploads\/2023\/11\/Latamarko-Naturel-zeytinyagi.jpg\" \/>\n\t<meta property=\"og:image:width\" content=\"640\" \/>\n\t<meta property=\"og:image:height\" content=\"480\" \/>\n\t<meta property=\"og:image:type\" content=\"image\/jpeg\" \/>\n<meta name=\"twitter:card\" content=\"summary_large_image\" \/>\n<script type=\"application\/ld+json\" class=\"yoast-schema-graph\">{\"@context\":\"https:\/\/schema.org\",\"@graph\":[{\"@type\":\"WebPage\",\"@id\":\"https:\/\/mtroyal.com.tr\/tr\/product\/latamarko-naturel-zeytinyagi\/\",\"url\":\"https:\/\/mtroyal.com.tr\/tr\/product\/latamarko-naturel-zeytinyagi\/\",\"name\":\"Latamarko Nat\u00fcrel zeytinya\u011f\u0131 - MTROYAL\",\"isPartOf\":{\"@id\":\"https:\/\/mtroyal.com.tr\/tr\/#website\"},\"primaryImageOfPage\":{\"@id\":\"https:\/\/mtroyal.com.tr\/tr\/product\/latamarko-naturel-zeytinyagi\/#primaryimage\"},\"image\":{\"@id\":\"https:\/\/mtroyal.com.tr\/tr\/product\/latamarko-naturel-zeytinyagi\/#primaryimage\"},\"thumbnailUrl\":\"https:\/\/mtroyal.com.tr\/tr\/wp-content\/uploads\/2023\/11\/Latamarko-Naturel-zeytinyagi.jpg\",\"datePublished\":\"2025-02-24T12:09:59+00:00\",\"dateModified\":\"2025-02-24T12:10:01+00:00\",\"description\":\"Latamarko Nat\u00fcrel Zeytinya\u011f\u0131'n\u0131 MT Royal'den en uygun fiyatla al\u0131n, sa\u011fl\u0131kl\u0131 ve lezzetli yemekler i\u00e7in ideal tercihinizi yap\u0131n. Hemen sipari\u015f verin!\",\"breadcrumb\":{\"@id\":\"https:\/\/mtroyal.com.tr\/tr\/product\/latamarko-naturel-zeytinyagi\/#breadcrumb\"},\"inLanguage\":\"tr\",\"potentialAction\":[{\"@type\":\"ReadAction\",\"target\":[\"https:\/\/mtroyal.com.tr\/tr\/product\/latamarko-naturel-zeytinyagi\/\"]}]},{\"@type\":\"ImageObject\",\"inLanguage\":\"tr\",\"@id\":\"https:\/\/mtroyal.com.tr\/tr\/product\/latamarko-naturel-zeytinyagi\/#primaryimage\",\"url\":\"https:\/\/mtroyal.com.tr\/tr\/wp-content\/uploads\/2023\/11\/Latamarko-Naturel-zeytinyagi.jpg\",\"contentUrl\":\"https:\/\/mtroyal.com.tr\/tr\/wp-content\/uploads\/2023\/11\/Latamarko-Naturel-zeytinyagi.jpg\",\"width\":640,\"height\":480,\"caption\":\"Latamarko Nat\u00fcrel zeytinya\u011f\u0131\"},{\"@type\":\"BreadcrumbList\",\"@id\":\"https:\/\/mtroyal.com.tr\/tr\/product\/latamarko-naturel-zeytinyagi\/#breadcrumb\",\"itemListElement\":[{\"@type\":\"ListItem\",\"position\":1,\"name\":\"Home\",\"item\":\"https:\/\/mtroyal.com.tr\/tr\/\"},{\"@type\":\"ListItem\",\"position\":2,\"name\":\"\u00dcr\u00fcnlerimiz\",\"item\":\"https:\/\/mtroyal.com.tr\/tr\/urunlerimiz\/\"},{\"@type\":\"ListItem\",\"position\":3,\"name\":\"Latamarko Nat\u00fcrel zeytinya\u011f\u0131\"}]},{\"@type\":\"WebSite\",\"@id\":\"https:\/\/mtroyal.com.tr\/tr\/#website\",\"url\":\"https:\/\/mtroyal.com.tr\/tr\/\",\"name\":\"MTROYAL\",\"description\":\"\",\"publisher\":{\"@id\":\"https:\/\/mtroyal.com.tr\/tr\/#organization\"},\"potentialAction\":[{\"@type\":\"SearchAction\",\"target\":{\"@type\":\"EntryPoint\",\"urlTemplate\":\"https:\/\/mtroyal.com.tr\/tr\/?s={search_term_string}\"},\"query-input\":{\"@type\":\"PropertyValueSpecification\",\"valueRequired\":true,\"valueName\":\"search_term_string\"}}],\"inLanguage\":\"tr\"},{\"@type\":\"Organization\",\"@id\":\"https:\/\/mtroyal.com.tr\/tr\/#organization\",\"name\":\"MTROYAL\",\"url\":\"https:\/\/mtroyal.com.tr\/tr\/\",\"logo\":{\"@type\":\"ImageObject\",\"inLanguage\":\"tr\",\"@id\":\"https:\/\/mtroyal.com.tr\/tr\/#\/schema\/logo\/image\/\",\"url\":\"https:\/\/mtroyal.com.tr\/tr\/wp-content\/uploads\/2023\/12\/mt-logo.png\",\"contentUrl\":\"https:\/\/mtroyal.com.tr\/tr\/wp-content\/uploads\/2023\/12\/mt-logo.png\",\"width\":313,\"height\":261,\"caption\":\"MTROYAL\"},\"image\":{\"@id\":\"https:\/\/mtroyal.com.tr\/tr\/#\/schema\/logo\/image\/\"}},false]}<\/script>\n<!-- \/ Yoast SEO Premium plugin. -->","yoast_head_json":{"title":"Latamarko Nat\u00fcrel zeytinya\u011f\u0131 - MTROYAL","description":"Latamarko Nat\u00fcrel Zeytinya\u011f\u0131'n\u0131 MT Royal'den en uygun fiyatla al\u0131n, sa\u011fl\u0131kl\u0131 ve lezzetli yemekler i\u00e7in ideal tercihinizi yap\u0131n. Hemen sipari\u015f verin!","robots":{"index":"index","follow":"follow","max-snippet":"max-snippet:-1","max-image-preview":"max-image-preview:large","max-video-preview":"max-video-preview:-1"},"canonical":"https:\/\/mtroyal.com.tr\/tr\/product\/latamarko-naturel-zeytinyagi\/","og_locale":"tr_TR","og_type":"article","og_title":"Latamarko Nat\u00fcrel zeytinya\u011f\u0131","og_description":"Latamarko Nat\u00fcrel Zeytinya\u011f\u0131'n\u0131 MT Royal'den en uygun fiyatla al\u0131n, sa\u011fl\u0131kl\u0131 ve lezzetli yemekler i\u00e7in ideal tercihinizi yap\u0131n. Hemen sipari\u015f verin!","og_url":"https:\/\/mtroyal.com.tr\/tr\/product\/latamarko-naturel-zeytinyagi\/","og_site_name":"MTROYAL","article_modified_time":"2025-02-24T12:10:01+00:00","og_image":[{"width":640,"height":480,"url":"https:\/\/mtroyal.com.tr\/tr\/wp-content\/uploads\/2023\/11\/Latamarko-Naturel-zeytinyagi.jpg","type":"image\/jpeg"}],"twitter_card":"summary_large_image","schema":{"@context":"https:\/\/schema.org","@graph":[{"@type":"WebPage","@id":"https:\/\/mtroyal.com.tr\/tr\/product\/latamarko-naturel-zeytinyagi\/","url":"https:\/\/mtroyal.com.tr\/tr\/product\/latamarko-naturel-zeytinyagi\/","name":"Latamarko Nat\u00fcrel zeytinya\u011f\u0131 - MTROYAL","isPartOf":{"@id":"https:\/\/mtroyal.com.tr\/tr\/#website"},"primaryImageOfPage":{"@id":"https:\/\/mtroyal.com.tr\/tr\/product\/latamarko-naturel-zeytinyagi\/#primaryimage"},"image":{"@id":"https:\/\/mtroyal.com.tr\/tr\/product\/latamarko-naturel-zeytinyagi\/#primaryimage"},"thumbnailUrl":"https:\/\/mtroyal.com.tr\/tr\/wp-content\/uploads\/2023\/11\/Latamarko-Naturel-zeytinyagi.jpg","datePublished":"2025-02-24T12:09:59+00:00","dateModified":"2025-02-24T12:10:01+00:00","description":"Latamarko Nat\u00fcrel Zeytinya\u011f\u0131'n\u0131 MT Royal'den en uygun fiyatla al\u0131n, sa\u011fl\u0131kl\u0131 ve lezzetli yemekler i\u00e7in ideal tercihinizi yap\u0131n. Hemen sipari\u015f verin!","breadcrumb":{"@id":"https:\/\/mtroyal.com.tr\/tr\/product\/latamarko-naturel-zeytinyagi\/#breadcrumb"},"inLanguage":"tr","potentialAction":[{"@type":"ReadAction","target":["https:\/\/mtroyal.com.tr\/tr\/product\/latamarko-naturel-zeytinyagi\/"]}]},{"@type":"ImageObject","inLanguage":"tr","@id":"https:\/\/mtroyal.com.tr\/tr\/product\/latamarko-naturel-zeytinyagi\/#primaryimage","url":"https:\/\/mtroyal.com.tr\/tr\/wp-content\/uploads\/2023\/11\/Latamarko-Naturel-zeytinyagi.jpg","contentUrl":"https:\/\/mtroyal.com.tr\/tr\/wp-content\/uploads\/2023\/11\/Latamarko-Naturel-zeytinyagi.jpg","width":640,"height":480,"caption":"Latamarko Nat\u00fcrel zeytinya\u011f\u0131"},{"@type":"BreadcrumbList","@id":"https:\/\/mtroyal.com.tr\/tr\/product\/latamarko-naturel-zeytinyagi\/#breadcrumb","itemListElement":[{"@type":"ListItem","position":1,"name":"Home","item":"https:\/\/mtroyal.com.tr\/tr\/"},{"@type":"ListItem","position":2,"name":"\u00dcr\u00fcnlerimiz","item":"https:\/\/mtroyal.com.tr\/tr\/urunlerimiz\/"},{"@type":"ListItem","position":3,"name":"Latamarko Nat\u00fcrel zeytinya\u011f\u0131"}]},{"@type":"WebSite","@id":"https:\/\/mtroyal.com.tr\/tr\/#website","url":"https:\/\/mtroyal.com.tr\/tr\/","name":"MTROYAL","description":"","publisher":{"@id":"https:\/\/mtroyal.com.tr\/tr\/#organization"},"potentialAction":[{"@type":"SearchAction","target":{"@type":"EntryPoint","urlTemplate":"https:\/\/mtroyal.com.tr\/tr\/?s={search_term_string}"},"query-input":{"@type":"PropertyValueSpecification","valueRequired":true,"valueName":"search_term_string"}}],"inLanguage":"tr"},{"@type":"Organization","@id":"https:\/\/mtroyal.com.tr\/tr\/#organization","name":"MTROYAL","url":"https:\/\/mtroyal.com.tr\/tr\/","logo":{"@type":"ImageObject","inLanguage":"tr","@id":"https:\/\/mtroyal.com.tr\/tr\/#\/schema\/logo\/image\/","url":"https:\/\/mtroyal.com.tr\/tr\/wp-content\/uploads\/2023\/12\/mt-logo.png","contentUrl":"https:\/\/mtroyal.com.tr\/tr\/wp-content\/uploads\/2023\/12\/mt-logo.png","width":313,"height":261,"caption":"MTROYAL"},"image":{"@id":"https:\/\/mtroyal.com.tr\/tr\/#\/schema\/logo\/image\/"}},false]}},"yasr_visitor_votes":{"stars_attributes":{"read_only":false,"span_bottom":false},"number_of_votes":0,"sum_votes":0},"_links":{"self":[{"href":"https:\/\/mtroyal.com.tr\/tr\/wp-json\/wp\/v2\/product\/4889","targetHints":{"allow":["GET"]}}],"collection":[{"href":"https:\/\/mtroyal.com.tr\/tr\/wp-json\/wp\/v2\/product"}],"about":[{"href":"https:\/\/mtroyal.com.tr\/tr\/wp-json\/wp\/v2\/types\/product"}],"replies":[{"embeddable":true,"href":"https:\/\/mtroyal.com.tr\/tr\/wp-json\/wp\/v2\/comments?post=4889"}],"wp:featuredmedia":[{"embeddable":true,"href":"https:\/\/mtroyal.com.tr\/tr\/wp-json\/wp\/v2\/media\/8608"}],"wp:attachment":[{"href":"https:\/\/mtroyal.com.tr\/tr\/wp-json\/wp\/v2\/media?parent=4889"}],"wp:term":[{"taxonomy":"product_brand","embeddable":true,"href":"https:\/\/mtroyal.com.tr\/tr\/wp-json\/wp\/v2\/product_brand?post=4889"},{"taxonomy":"product_cat","embeddable":true,"href":"https:\/\/mtroyal.com.tr\/tr\/wp-json\/wp\/v2\/product_cat?post=4889"},{"taxonomy":"product_tag","embeddable":true,"href":"https:\/\/mtroyal.com.tr\/tr\/wp-json\/wp\/v2\/product_tag?post=4889"}],"curies":[{"name":"wp","href":"https:\/\/api.w.org\/{rel}","templated":true}]}}