{"id":5458,"date":"2025-02-24T14:44:44","date_gmt":"2025-02-24T11:44:44","guid":{"rendered":"https:\/\/mtroyal.com.tr\/tr\/?post_type=product&#038;p=5458"},"modified":"2025-02-24T14:44:46","modified_gmt":"2025-02-24T11:44:46","slug":"dextroz-susuz","status":"publish","type":"product","link":"https:\/\/mtroyal.com.tr\/tr\/product\/dextroz-susuz\/","title":{"rendered":"Dextroz Susuz"},"content":{"rendered":"<p>G\u0131da end\u00fcstrisi, \u00fcr\u00fcnlerin tatland\u0131r\u0131lmas\u0131nda ve raf \u00f6mr\u00fcn\u00fc uzatmada farkl\u0131 \u015feker alternatiflerine ihtiya\u00e7 duyar. Bu alanda, <strong>Dextroz Susuz<\/strong> (dehidrat edilmi\u015f glukoz), \u015fekerin yerini alacak m\u00fckemmel bir se\u00e7enek olarak \u00f6ne \u00e7\u0131kar. <strong>MT Royal<\/strong>, T\u00fcrkiye&#8217;nin \u00f6nde gelen <strong>g\u0131da end\u00fcstrisi tedarik\u00e7ilerinden biri<\/strong> olarak, <strong>Dextroz Susuz<\/strong> \u00fcr\u00fcn\u00fcn\u00fc <strong>en uygun fiyatlarla<\/strong> sunmaktad\u0131r.<\/p>\n<p><strong>Dextroz Susuz<\/strong>, d\u00fc\u015f\u00fck nem i\u00e7eri\u011fiyle saklama ve ta\u015f\u0131may\u0131 kolayla\u015ft\u0131ran, ayn\u0131 zamanda \u015fekerin yerine kullan\u0131labilen, do\u011fal bir \u015feker alternatifidir. Hem tatl\u0131 yap\u0131m\u0131nda hem de enerji veren i\u00e7eri\u011fiyle g\u0131da \u00fcreticilerinin tercihi olmu\u015ftur. Peki, <strong>Dextroz Susuz<\/strong> neden bu kadar pop\u00fcler? \u015eimdi, bu \u00fcr\u00fcn\u00fc daha yak\u0131ndan inceleyelim.<\/p>\n<h2><strong>Dextroz Susuz ve G\u0131da End\u00fcstrisindeki Yeri<\/strong><\/h2>\n<p><strong>Dextroz Susuz<\/strong> (dehidrat edilmi\u015f glukoz), genellikle <strong>enerji verici \u00f6zellikleri<\/strong> ile bilinir. V\u00fccudun h\u0131zla kullanabilece\u011fi bir \u015feker formu olan dextroz, <strong>sporcu i\u00e7ecekleri<\/strong> ve <strong>\u015fekerli \u00fcr\u00fcnler<\/strong> gibi bir\u00e7ok g\u0131da \u00fcr\u00fcn\u00fcnde yayg\u0131n olarak kullan\u0131l\u0131r. Ayr\u0131ca, <strong>Dextroz Susuz<\/strong>, <strong>nem tutma<\/strong> \u00f6zelli\u011fi sayesinde g\u0131da \u00fcr\u00fcnlerinin taze kalmas\u0131n\u0131 sa\u011flar, bu da \u00f6zellikle <strong>kurabiye<\/strong> ve <strong>\u015fekerleme<\/strong> gibi \u00fcr\u00fcnlerin raf \u00f6mr\u00fcn\u00fc uzat\u0131r.<\/p>\n<p>Dextroz, <strong>glikoz \u015furubu<\/strong> gibi s\u0131v\u0131 alternatiflere g\u00f6re ta\u015f\u0131nmas\u0131 ve saklanmas\u0131 daha kolay olan bir formda sunulur. Ayr\u0131ca, \u015fekerden daha az kalori i\u00e7erdi\u011fi i\u00e7in, \u015fekerin yerine <strong>d\u00fc\u015f\u00fck kalorili \u00fcr\u00fcnler<\/strong> \u00fcretmek isteyen firmalar taraf\u0131ndan s\u0131kl\u0131kla tercih edilir.<\/p>\n<p><strong>Dextroz Susuzun Kullan\u0131m Alanlar\u0131<\/strong><\/p>\n<ul>\n<li><strong>Tatland\u0131r\u0131c\u0131<\/strong>: G\u0131da end\u00fcstrisinde en yayg\u0131n kullan\u0131m alan\u0131 tatland\u0131r\u0131c\u0131 olarak tercih edilmesidir. \u015eekerin yerine kullan\u0131labilir ve daha d\u00fc\u015f\u00fck kalori i\u00e7erir.<\/li>\n<li><strong>Enerji Kayna\u011f\u0131<\/strong>: Dextroz, v\u00fccudun h\u0131zla enerjiye d\u00f6n\u00fc\u015ft\u00fcrebilece\u011fi bir karbonhidrat t\u00fcr\u00fcd\u00fcr. Bu \u00f6zellik, \u00f6zellikle sporcu i\u00e7ecekleri ve enerji takviyeleri i\u00e7in olduk\u00e7a \u00f6nemlidir.<\/li>\n<li><strong>Nem Tutma<\/strong>: Dextroz Susuz, nem tutma \u00f6zelli\u011fi ile g\u0131da \u00fcr\u00fcnlerinin taze kalmas\u0131n\u0131 sa\u011flar. Bu, kurabiye, kek, bisk\u00fcvi gibi \u00fcr\u00fcnlerde uzun raf \u00f6mr\u00fc sa\u011flar.<\/li>\n<li><strong>\u015eekerleme \u00dcr\u00fcnleri<\/strong>: \u015eekerleme end\u00fcstrisinde de Dextroz Susuz, tatl\u0131 ve \u015fekerlerin yap\u0131sal \u00f6zelliklerini geli\u015ftirmek i\u00e7in kullan\u0131l\u0131r.<\/li>\n<\/ul>\n<h2><strong>Dextroz Susuzun Sa\u011fl\u0131k \u00dczerindeki Etkileri<\/strong><\/h2>\n<p>Dextroz Susuz, \u015fekerin yerine kullan\u0131labilece\u011fi i\u00e7in, sa\u011fl\u0131kl\u0131 ya\u015fam tarz\u0131n\u0131 benimseyen t\u00fcketiciler i\u00e7in <strong>daha d\u00fc\u015f\u00fck kalorili<\/strong> se\u00e7enekler sunar. Ancak, a\u015f\u0131r\u0131 t\u00fcketildi\u011finde her \u015feker t\u00fcr\u00fc gibi kan \u015fekeri seviyelerini y\u00fckseltebilir, bu nedenle dikkatli kullan\u0131lmas\u0131 \u00f6nemlidir. \u00d6zellikle diyabet gibi sa\u011fl\u0131k sorunlar\u0131 olan ki\u015filer i\u00e7in <strong>d\u00fc\u015f\u00fck glisemik indeksli<\/strong> alternatifler tercih edilebilir.<\/p>\n<p><strong>MT Royal ve Dextroz Susuz<\/strong><\/p>\n<p><strong>MT Royal<\/strong>, T\u00fcrkiye&#8217;deki <strong>en iyi g\u0131da \u00fcr\u00fcnleri tedarik\u00e7ilerinden biri<\/strong> olarak <strong>Dextroz Susuz<\/strong> gibi kaliteli \u00fcr\u00fcnleri <strong>en uygun fiyatlarla<\/strong> sunmaktad\u0131r. G\u0131da sekt\u00f6r\u00fcndeki uzun y\u0131llara dayanan deneyimiyle, <strong>MT Royal<\/strong>, her zaman kaliteyi \u00f6n planda tutarak, m\u00fc\u015fterilerine en iyi \u00fcr\u00fcnleri sunmay\u0131 hedeflemektedir. Dextroz Susuz, MT Royal&#8217;in g\u0131da end\u00fcstrisine olan katk\u0131s\u0131n\u0131n bir \u00f6rne\u011fidir.<\/p>\n<p><strong>MT Royal<\/strong>\u2019in sundu\u011fu <strong>Dextroz Susuz<\/strong> \u00fcr\u00fcn\u00fc, yaln\u0131zca <strong>y\u00fcksek kaliteli<\/strong> olmakla kalmaz, ayn\u0131 zamanda <strong>h\u0131zl\u0131 teslimat<\/strong> se\u00e7enekleri ile g\u0131da \u00fcreticilerinin ihtiyac\u0131n\u0131 zaman\u0131nda kar\u015f\u0131lar. \u015eirket, her zaman <strong>m\u00fc\u015fteri memnuniyetini<\/strong> en \u00fcst seviyede tutarak, g\u0131da end\u00fcstrisinin <strong>g\u00fcvenilir<\/strong> bir tedarik\u00e7isi olmay\u0131 s\u00fcrd\u00fcrmektedir.<\/p>\n<h2><strong>Dextroz Susuz: Key Features<\/strong><\/h2>\n<table>\n<thead>\n<tr>\n<th>\u00d6zellik<\/th>\n<th>Detay<\/th>\n<\/tr>\n<\/thead>\n<tbody>\n<tr>\n<td><strong>Form<\/strong><\/td>\n<td>Susuz (Dehidrat Edilmi\u015f) Glukoz<\/td>\n<\/tr>\n<tr>\n<td><strong>Kullan\u0131m Alan\u0131<\/strong><\/td>\n<td>Tatland\u0131r\u0131c\u0131, Enerji Kayna\u011f\u0131, Nem Tutma, \u015eekerleme \u00dcr\u00fcnleri<\/td>\n<\/tr>\n<tr>\n<td><strong>Kalori<\/strong><\/td>\n<td>\u015eekerden Daha D\u00fc\u015f\u00fck Kalori \u0130\u00e7erir<\/td>\n<\/tr>\n<tr>\n<td><strong>Glisemik \u0130ndeks<\/strong><\/td>\n<td>Orta<\/td>\n<\/tr>\n<tr>\n<td><strong>Saklama Ko\u015fullar\u0131<\/strong><\/td>\n<td>Serin ve Kuru Yerde Saklanmal\u0131d\u0131r<\/td>\n<\/tr>\n<tr>\n<td><strong>Ambalaj<\/strong><\/td>\n<td>Farkl\u0131 Miktarlarda Paketleme Se\u00e7enekleri<\/td>\n<\/tr>\n<\/tbody>\n<\/table>\n<h2><strong>Dextroz Susuz Nerelerde Kullan\u0131l\u0131r?<\/strong><\/h2>\n<p><strong>Dextroz Susuz<\/strong> sadece tatland\u0131r\u0131c\u0131 olarak de\u011fil, ayn\u0131 zamanda \u00e7e\u015fitli g\u0131da end\u00fcstrisi \u00fcr\u00fcnlerinde farkl\u0131 i\u015flevlere sahiptir. \u0130\u015fte baz\u0131 \u00f6rnekler:<\/p>\n<ol>\n<li><strong>Sporcu \u0130\u00e7ecekleri ve Takviyeler<\/strong>: Y\u00fcksek enerji sa\u011flayan ve h\u0131zla v\u00fccutta kullan\u0131labilen bir kaynak.<\/li>\n<li><strong>Kurabiye ve Kek \u00dcretimi<\/strong>: Nem tutma ve raf \u00f6mr\u00fc uzatma \u00f6zellikleriyle kullan\u0131l\u0131r.<\/li>\n<li><strong>\u015eekerleme \u00dcr\u00fcnleri<\/strong>: Tatland\u0131rma ve \u015fekil verme amac\u0131yla kullan\u0131l\u0131r.<\/li>\n<\/ol>\n<h2><strong>Sonu\u00e7: MT Royal ile Kaliteli ve Uygun Fiyatl\u0131 Dextroz Susuz Sat\u0131n Al\u0131n!<\/strong><\/h2>\n<p>G\u0131da end\u00fcstrisinde <strong>Dextroz Susuz<\/strong> kullan\u0131m\u0131, \u00fcr\u00fcnlerin kalitesini art\u0131r\u0131rken, <strong>d\u00fc\u015f\u00fck kalorili<\/strong> alternatifler sunarak sa\u011fl\u0131kl\u0131 ya\u015fam tarz\u0131n\u0131 destekler. <strong>MT Royal<\/strong>, <strong>Dextroz Susuz<\/strong> gibi y\u00fcksek kaliteli \u00fcr\u00fcnleri <strong>en uygun fiyatlarla<\/strong> temin edebilece\u011finiz bir tedarik\u00e7idir. G\u0131da \u00fcreticileri i\u00e7in <strong>h\u0131zl\u0131 teslimat<\/strong> ve <strong>y\u00fcksek kaliteli<\/strong> \u00fcr\u00fcnleriyle <strong>MT Royal<\/strong>, T\u00fcrkiye&#8217;deki g\u00fcvenilir partneriniz olmaya devam ediyor.<\/p>\n<p>Hemen <strong>MT Royal<\/strong> ile ileti\u015fime ge\u00e7in ve <strong>Dextroz Susuz<\/strong> sipari\u015finizi olu\u015fturun. \u015eeker alternatifi ve d\u00fc\u015f\u00fck kalorili g\u0131da \u00fcr\u00fcnleri i\u00e7in en do\u011fru adres MT Royal! MT Royal\u2019den <strong>Dextroz Susuz<\/strong> al\u0131n, g\u0131da \u00fcr\u00fcnlerinizde \u015feker alternatifi ve enerji kayna\u011f\u0131ndan faydalan\u0131n. T\u00fcrkiye\u2019nin en iyi toptan g\u0131da tedarik\u00e7isi!<\/p>\n<div style='text-align:center' class='yasr-auto-insert-visitor'><\/div>","protected":false},"excerpt":{"rendered":"<p><strong>MT Royal<\/strong>\u2019den <strong>Dextroz Susuz<\/strong> alarak g\u0131da \u00fcr\u00fcnlerinize de\u011fer kat\u0131n! D\u00fc\u015f\u00fck kalorili, &#8230; <\/p>\n","protected":false},"featured_media":8526,"comment_status":"open","ping_status":"closed","template":"","meta":{"yasr_overall_rating":0,"yasr_post_is_review":"","yasr_auto_insert_disabled":"","yasr_review_type":""},"product_brand":[],"product_cat":[50],"product_tag":[],"class_list":{"0":"post-5458","1":"product","2":"type-product","3":"status-publish","4":"has-post-thumbnail","6":"product_cat-temel-hammaddeler","8":"first","9":"instock","10":"shipping-taxable","11":"product-type-simple"},"yoast_head":"<!-- This site is optimized with the Yoast SEO Premium plugin v24.5 (Yoast SEO v26.6) - https:\/\/yoast.com\/wordpress\/plugins\/seo\/ -->\n<title>Dextroz Susuz - MTROYAL<\/title>\n<meta name=\"description\" content=\"MT Royal\u2019den Dextroz Susuz al\u0131n, g\u0131da \u00fcr\u00fcnlerinize d\u00fc\u015f\u00fck kalorili \u015feker alternatifi ve enerji kayna\u011f\u0131 ekleyin. T\u00fcrkiye\u2019nin en iyi g\u0131da tedarik\u00e7isi!\" \/>\n<meta name=\"robots\" content=\"index, follow, max-snippet:-1, max-image-preview:large, max-video-preview:-1\" \/>\n<link rel=\"canonical\" href=\"https:\/\/mtroyal.com.tr\/tr\/product\/dextroz-susuz\/\" \/>\n<meta property=\"og:locale\" content=\"tr_TR\" \/>\n<meta property=\"og:type\" content=\"article\" \/>\n<meta property=\"og:title\" content=\"Dextroz Susuz\" \/>\n<meta property=\"og:description\" content=\"MT Royal\u2019den Dextroz Susuz al\u0131n, g\u0131da \u00fcr\u00fcnlerinize d\u00fc\u015f\u00fck kalorili \u015feker alternatifi ve enerji kayna\u011f\u0131 ekleyin. T\u00fcrkiye\u2019nin en iyi g\u0131da tedarik\u00e7isi!\" \/>\n<meta property=\"og:url\" content=\"https:\/\/mtroyal.com.tr\/tr\/product\/dextroz-susuz\/\" \/>\n<meta property=\"og:site_name\" content=\"MTROYAL\" \/>\n<meta property=\"article:modified_time\" content=\"2025-02-24T11:44:46+00:00\" \/>\n<meta property=\"og:image\" content=\"https:\/\/mtroyal.com.tr\/tr\/wp-content\/uploads\/2024\/12\/Dextroz-Susuz.jpg\" \/>\n\t<meta property=\"og:image:width\" content=\"685\" \/>\n\t<meta property=\"og:image:height\" content=\"685\" \/>\n\t<meta property=\"og:image:type\" content=\"image\/jpeg\" \/>\n<meta name=\"twitter:card\" content=\"summary_large_image\" \/>\n<script type=\"application\/ld+json\" class=\"yoast-schema-graph\">{\"@context\":\"https:\/\/schema.org\",\"@graph\":[{\"@type\":\"WebPage\",\"@id\":\"https:\/\/mtroyal.com.tr\/tr\/product\/dextroz-susuz\/\",\"url\":\"https:\/\/mtroyal.com.tr\/tr\/product\/dextroz-susuz\/\",\"name\":\"Dextroz Susuz - MTROYAL\",\"isPartOf\":{\"@id\":\"https:\/\/mtroyal.com.tr\/tr\/#website\"},\"primaryImageOfPage\":{\"@id\":\"https:\/\/mtroyal.com.tr\/tr\/product\/dextroz-susuz\/#primaryimage\"},\"image\":{\"@id\":\"https:\/\/mtroyal.com.tr\/tr\/product\/dextroz-susuz\/#primaryimage\"},\"thumbnailUrl\":\"https:\/\/mtroyal.com.tr\/tr\/wp-content\/uploads\/2024\/12\/Dextroz-Susuz.jpg\",\"datePublished\":\"2025-02-24T11:44:44+00:00\",\"dateModified\":\"2025-02-24T11:44:46+00:00\",\"description\":\"MT Royal\u2019den Dextroz Susuz al\u0131n, g\u0131da \u00fcr\u00fcnlerinize d\u00fc\u015f\u00fck kalorili \u015feker alternatifi ve enerji kayna\u011f\u0131 ekleyin. T\u00fcrkiye\u2019nin en iyi g\u0131da tedarik\u00e7isi!\",\"breadcrumb\":{\"@id\":\"https:\/\/mtroyal.com.tr\/tr\/product\/dextroz-susuz\/#breadcrumb\"},\"inLanguage\":\"tr\",\"potentialAction\":[{\"@type\":\"ReadAction\",\"target\":[\"https:\/\/mtroyal.com.tr\/tr\/product\/dextroz-susuz\/\"]}]},{\"@type\":\"ImageObject\",\"inLanguage\":\"tr\",\"@id\":\"https:\/\/mtroyal.com.tr\/tr\/product\/dextroz-susuz\/#primaryimage\",\"url\":\"https:\/\/mtroyal.com.tr\/tr\/wp-content\/uploads\/2024\/12\/Dextroz-Susuz.jpg\",\"contentUrl\":\"https:\/\/mtroyal.com.tr\/tr\/wp-content\/uploads\/2024\/12\/Dextroz-Susuz.jpg\",\"width\":685,\"height\":685,\"caption\":\"Dextroz Susuz\"},{\"@type\":\"BreadcrumbList\",\"@id\":\"https:\/\/mtroyal.com.tr\/tr\/product\/dextroz-susuz\/#breadcrumb\",\"itemListElement\":[{\"@type\":\"ListItem\",\"position\":1,\"name\":\"Home\",\"item\":\"https:\/\/mtroyal.com.tr\/tr\/\"},{\"@type\":\"ListItem\",\"position\":2,\"name\":\"\u00dcr\u00fcnlerimiz\",\"item\":\"https:\/\/mtroyal.com.tr\/tr\/urunlerimiz\/\"},{\"@type\":\"ListItem\",\"position\":3,\"name\":\"Dextroz Susuz\"}]},{\"@type\":\"WebSite\",\"@id\":\"https:\/\/mtroyal.com.tr\/tr\/#website\",\"url\":\"https:\/\/mtroyal.com.tr\/tr\/\",\"name\":\"MTROYAL\",\"description\":\"\",\"publisher\":{\"@id\":\"https:\/\/mtroyal.com.tr\/tr\/#organization\"},\"potentialAction\":[{\"@type\":\"SearchAction\",\"target\":{\"@type\":\"EntryPoint\",\"urlTemplate\":\"https:\/\/mtroyal.com.tr\/tr\/?s={search_term_string}\"},\"query-input\":{\"@type\":\"PropertyValueSpecification\",\"valueRequired\":true,\"valueName\":\"search_term_string\"}}],\"inLanguage\":\"tr\"},{\"@type\":\"Organization\",\"@id\":\"https:\/\/mtroyal.com.tr\/tr\/#organization\",\"name\":\"MTROYAL\",\"url\":\"https:\/\/mtroyal.com.tr\/tr\/\",\"logo\":{\"@type\":\"ImageObject\",\"inLanguage\":\"tr\",\"@id\":\"https:\/\/mtroyal.com.tr\/tr\/#\/schema\/logo\/image\/\",\"url\":\"https:\/\/mtroyal.com.tr\/tr\/wp-content\/uploads\/2023\/12\/mt-logo.png\",\"contentUrl\":\"https:\/\/mtroyal.com.tr\/tr\/wp-content\/uploads\/2023\/12\/mt-logo.png\",\"width\":313,\"height\":261,\"caption\":\"MTROYAL\"},\"image\":{\"@id\":\"https:\/\/mtroyal.com.tr\/tr\/#\/schema\/logo\/image\/\"}},false]}<\/script>\n<!-- \/ Yoast SEO Premium plugin. -->","yoast_head_json":{"title":"Dextroz Susuz - MTROYAL","description":"MT Royal\u2019den Dextroz Susuz al\u0131n, g\u0131da \u00fcr\u00fcnlerinize d\u00fc\u015f\u00fck kalorili \u015feker alternatifi ve enerji kayna\u011f\u0131 ekleyin. T\u00fcrkiye\u2019nin en iyi g\u0131da tedarik\u00e7isi!","robots":{"index":"index","follow":"follow","max-snippet":"max-snippet:-1","max-image-preview":"max-image-preview:large","max-video-preview":"max-video-preview:-1"},"canonical":"https:\/\/mtroyal.com.tr\/tr\/product\/dextroz-susuz\/","og_locale":"tr_TR","og_type":"article","og_title":"Dextroz Susuz","og_description":"MT Royal\u2019den Dextroz Susuz al\u0131n, g\u0131da \u00fcr\u00fcnlerinize d\u00fc\u015f\u00fck kalorili \u015feker alternatifi ve enerji kayna\u011f\u0131 ekleyin. T\u00fcrkiye\u2019nin en iyi g\u0131da tedarik\u00e7isi!","og_url":"https:\/\/mtroyal.com.tr\/tr\/product\/dextroz-susuz\/","og_site_name":"MTROYAL","article_modified_time":"2025-02-24T11:44:46+00:00","og_image":[{"width":685,"height":685,"url":"https:\/\/mtroyal.com.tr\/tr\/wp-content\/uploads\/2024\/12\/Dextroz-Susuz.jpg","type":"image\/jpeg"}],"twitter_card":"summary_large_image","schema":{"@context":"https:\/\/schema.org","@graph":[{"@type":"WebPage","@id":"https:\/\/mtroyal.com.tr\/tr\/product\/dextroz-susuz\/","url":"https:\/\/mtroyal.com.tr\/tr\/product\/dextroz-susuz\/","name":"Dextroz Susuz - MTROYAL","isPartOf":{"@id":"https:\/\/mtroyal.com.tr\/tr\/#website"},"primaryImageOfPage":{"@id":"https:\/\/mtroyal.com.tr\/tr\/product\/dextroz-susuz\/#primaryimage"},"image":{"@id":"https:\/\/mtroyal.com.tr\/tr\/product\/dextroz-susuz\/#primaryimage"},"thumbnailUrl":"https:\/\/mtroyal.com.tr\/tr\/wp-content\/uploads\/2024\/12\/Dextroz-Susuz.jpg","datePublished":"2025-02-24T11:44:44+00:00","dateModified":"2025-02-24T11:44:46+00:00","description":"MT Royal\u2019den Dextroz Susuz al\u0131n, g\u0131da \u00fcr\u00fcnlerinize d\u00fc\u015f\u00fck kalorili \u015feker alternatifi ve enerji kayna\u011f\u0131 ekleyin. T\u00fcrkiye\u2019nin en iyi g\u0131da tedarik\u00e7isi!","breadcrumb":{"@id":"https:\/\/mtroyal.com.tr\/tr\/product\/dextroz-susuz\/#breadcrumb"},"inLanguage":"tr","potentialAction":[{"@type":"ReadAction","target":["https:\/\/mtroyal.com.tr\/tr\/product\/dextroz-susuz\/"]}]},{"@type":"ImageObject","inLanguage":"tr","@id":"https:\/\/mtroyal.com.tr\/tr\/product\/dextroz-susuz\/#primaryimage","url":"https:\/\/mtroyal.com.tr\/tr\/wp-content\/uploads\/2024\/12\/Dextroz-Susuz.jpg","contentUrl":"https:\/\/mtroyal.com.tr\/tr\/wp-content\/uploads\/2024\/12\/Dextroz-Susuz.jpg","width":685,"height":685,"caption":"Dextroz Susuz"},{"@type":"BreadcrumbList","@id":"https:\/\/mtroyal.com.tr\/tr\/product\/dextroz-susuz\/#breadcrumb","itemListElement":[{"@type":"ListItem","position":1,"name":"Home","item":"https:\/\/mtroyal.com.tr\/tr\/"},{"@type":"ListItem","position":2,"name":"\u00dcr\u00fcnlerimiz","item":"https:\/\/mtroyal.com.tr\/tr\/urunlerimiz\/"},{"@type":"ListItem","position":3,"name":"Dextroz Susuz"}]},{"@type":"WebSite","@id":"https:\/\/mtroyal.com.tr\/tr\/#website","url":"https:\/\/mtroyal.com.tr\/tr\/","name":"MTROYAL","description":"","publisher":{"@id":"https:\/\/mtroyal.com.tr\/tr\/#organization"},"potentialAction":[{"@type":"SearchAction","target":{"@type":"EntryPoint","urlTemplate":"https:\/\/mtroyal.com.tr\/tr\/?s={search_term_string}"},"query-input":{"@type":"PropertyValueSpecification","valueRequired":true,"valueName":"search_term_string"}}],"inLanguage":"tr"},{"@type":"Organization","@id":"https:\/\/mtroyal.com.tr\/tr\/#organization","name":"MTROYAL","url":"https:\/\/mtroyal.com.tr\/tr\/","logo":{"@type":"ImageObject","inLanguage":"tr","@id":"https:\/\/mtroyal.com.tr\/tr\/#\/schema\/logo\/image\/","url":"https:\/\/mtroyal.com.tr\/tr\/wp-content\/uploads\/2023\/12\/mt-logo.png","contentUrl":"https:\/\/mtroyal.com.tr\/tr\/wp-content\/uploads\/2023\/12\/mt-logo.png","width":313,"height":261,"caption":"MTROYAL"},"image":{"@id":"https:\/\/mtroyal.com.tr\/tr\/#\/schema\/logo\/image\/"}},false]}},"yasr_visitor_votes":{"stars_attributes":{"read_only":false,"span_bottom":false},"number_of_votes":0,"sum_votes":0},"_links":{"self":[{"href":"https:\/\/mtroyal.com.tr\/tr\/wp-json\/wp\/v2\/product\/5458","targetHints":{"allow":["GET"]}}],"collection":[{"href":"https:\/\/mtroyal.com.tr\/tr\/wp-json\/wp\/v2\/product"}],"about":[{"href":"https:\/\/mtroyal.com.tr\/tr\/wp-json\/wp\/v2\/types\/product"}],"replies":[{"embeddable":true,"href":"https:\/\/mtroyal.com.tr\/tr\/wp-json\/wp\/v2\/comments?post=5458"}],"wp:featuredmedia":[{"embeddable":true,"href":"https:\/\/mtroyal.com.tr\/tr\/wp-json\/wp\/v2\/media\/8526"}],"wp:attachment":[{"href":"https:\/\/mtroyal.com.tr\/tr\/wp-json\/wp\/v2\/media?parent=5458"}],"wp:term":[{"taxonomy":"product_brand","embeddable":true,"href":"https:\/\/mtroyal.com.tr\/tr\/wp-json\/wp\/v2\/product_brand?post=5458"},{"taxonomy":"product_cat","embeddable":true,"href":"https:\/\/mtroyal.com.tr\/tr\/wp-json\/wp\/v2\/product_cat?post=5458"},{"taxonomy":"product_tag","embeddable":true,"href":"https:\/\/mtroyal.com.tr\/tr\/wp-json\/wp\/v2\/product_tag?post=5458"}],"curies":[{"name":"wp","href":"https:\/\/api.w.org\/{rel}","templated":true}]}}