{"id":5566,"date":"2025-01-31T12:41:00","date_gmt":"2025-01-31T09:41:00","guid":{"rendered":"https:\/\/mtroyal.com.tr\/tr\/?post_type=product&#038;p=5566"},"modified":"2025-01-31T12:41:02","modified_gmt":"2025-01-31T09:41:02","slug":"folik-asit","status":"publish","type":"product","link":"https:\/\/mtroyal.com.tr\/tr\/product\/folik-asit\/","title":{"rendered":"Folik Asit"},"content":{"rendered":"<p>Folik asit, B9 vitamini olarak da bilinen ve v\u00fccudun sa\u011fl\u0131kl\u0131 h\u00fccre \u00fcretimi i\u00e7in ihtiya\u00e7 duydu\u011fu temel bir vitamindir. \u00d6zellikle hamilelik d\u00f6neminde beyin ve omurilik geli\u015fimini destekledi\u011fi i\u00e7in b\u00fcy\u00fck \u00f6nem ta\u015f\u0131r. Bunun yan\u0131 s\u0131ra, folik asit kalp sa\u011fl\u0131\u011f\u0131n\u0131 destekler, ba\u011f\u0131\u015f\u0131kl\u0131k sistemini g\u00fc\u00e7lendirir ve kan h\u00fccrelerinin \u00fcretimini art\u0131r\u0131r.<\/p>\n<h2>Folik Asidin Faydalar\u0131<\/h2>\n<p>Folik asit, B grubu bir vitamin olan folat\u0131n sentetik formudur ve v\u00fccudun d\u00fczg\u00fcn \u00e7al\u0131\u015fabilmesi i\u00e7in hayati \u00f6neme sahiptir. \u0130\u015fte folik asidin baz\u0131 temel faydalar\u0131:<\/p>\n<ol>\n<li><strong>Hamilelikte Sa\u011fl\u0131kl\u0131 Geli\u015fim:<\/strong> Folik asit, hamilelikte bebe\u011fin sa\u011fl\u0131kl\u0131 geli\u015fimine yard\u0131mc\u0131 olur. \u00d6zellikle n\u00f6ral t\u00fcp defektleri gibi do\u011fum kusurlar\u0131n\u0131 \u00f6nlemeye yard\u0131mc\u0131 oldu\u011fu bilinmektedir. Hamilelik \u00f6ncesinde ve s\u0131ras\u0131nda yeterli folik asit al\u0131m\u0131, beyin ve omurili\u011fin geli\u015fimini destekler.<\/li>\n<li><strong>Kalp Sa\u011fl\u0131\u011f\u0131:<\/strong> Folik asit, homosistein seviyelerini d\u00fc\u015f\u00fcrerek kalp hastal\u0131klar\u0131 riskini azaltabilir. Y\u00fcksek homosistein seviyeleri, damarlar\u0131 zay\u0131flatabilir ve kalp hastal\u0131klar\u0131na yol a\u00e7abilir. Folik asit, bu seviyelerin dengede tutulmas\u0131na yard\u0131mc\u0131 olur.<\/li>\n<li><strong>K\u0131rm\u0131z\u0131 Kan H\u00fccreleri \u00dcretimi:<\/strong> Folik asit, v\u00fccudun yeterli miktarda k\u0131rm\u0131z\u0131 kan h\u00fccresi \u00fcretmesine yard\u0131mc\u0131 olur. Bu, \u00f6zellikle anemi gibi kan hastal\u0131klar\u0131n\u0131n \u00f6nlenmesinde \u00f6nemlidir.<\/li>\n<li><strong>Ba\u011f\u0131\u015f\u0131kl\u0131k Sistemini Destekler:<\/strong> Folik asit, ba\u011f\u0131\u015f\u0131kl\u0131k sistemi fonksiyonlar\u0131n\u0131 destekler. V\u00fccudun enfeksiyonlara kar\u015f\u0131 daha g\u00fc\u00e7l\u00fc bir savunma mekanizmas\u0131 geli\u015ftirmesini sa\u011flar.<\/li>\n<li><strong>Beyin Fonksiyonlar\u0131n\u0131 Geli\u015ftirir:<\/strong> Folik asit, beyin fonksiyonlar\u0131n\u0131 destekler ve ya\u015fl\u0131 bireylerde bili\u015fsel i\u015flevlerin korunmas\u0131na yard\u0131mc\u0131 olabilir. Bu, demans ve Alzheimer hastal\u0131\u011f\u0131 gibi ya\u015fa ba\u011fl\u0131 beyin hastal\u0131klar\u0131n\u0131n riskini azaltabilir.<\/li>\n<\/ol>\n<h2><strong>Folik Asit Hangi Besinlerde Bulunur?<\/strong><\/h2>\n<p>Folik asit, bir\u00e7ok g\u0131dada do\u011fal olarak bulunur. \u0130\u015fte en iyi folik asit kaynaklar\u0131ndan baz\u0131lar\u0131:<\/p>\n<ul>\n<li><strong>Ye\u015fil Yaprakl\u0131 Sebzeler:<\/strong> Ispanak, lahana, brokoli gibi sebzeler y\u00fcksek miktarda folik asit i\u00e7erir.<\/li>\n<li><strong>Baklagiller:<\/strong> Mercimek, nohut ve fasulye gibi baklagiller, folik asit a\u00e7\u0131s\u0131ndan zengindir.<\/li>\n<li><strong>Turun\u00e7giller:<\/strong> Portakal, limon, greyfurt gibi meyveler de folik asit i\u00e7erir.<\/li>\n<li><strong>Tam Tah\u0131llar:<\/strong> Kahverengi pirin\u00e7, tam bu\u011fday ekme\u011fi gibi tam tah\u0131llar folik asit sa\u011flar.<\/li>\n<li><strong>Kuruyemi\u015f ve Tohumlar:<\/strong> Ay\u00e7i\u00e7e\u011fi \u00e7ekirde\u011fi, badem gibi kuruyemi\u015fler ve tohumlar da iyi bir folik asit kayna\u011f\u0131d\u0131r.<\/li>\n<\/ul>\n<p>Bazen yeterli miktarda folik asit almak diyetle m\u00fcmk\u00fcn olmayabilir, bu durumda takviye olarak al\u0131nmas\u0131 gerekebilir.<\/p>\n<h2>Folik Asit Kullan\u0131m\u0131 ve Dozaj\u0131<\/h2>\n<p>Folik asidin \u00f6nerilen g\u00fcnl\u00fck al\u0131m miktar\u0131 ki\u015fiye g\u00f6re de\u011fi\u015febilir:<\/p>\n<ul>\n<li><strong>Yeti\u015fkinler i\u00e7in g\u00fcnl\u00fck \u00f6nerilen doz:<\/strong> 400 mcg<\/li>\n<li><strong>Hamile kad\u0131nlar i\u00e7in:<\/strong> 600-800 mcg<\/li>\n<li><strong>Emziren anneler i\u00e7in:<\/strong> 500 mcg<\/li>\n<li><strong>\u00c7ocuklar i\u00e7in:<\/strong> Ya\u015fa ba\u011fl\u0131 olarak 150-300 mcg<\/li>\n<\/ul>\n<p>A\u015f\u0131r\u0131 t\u00fcketim baz\u0131 yan etkilere yol a\u00e7abilece\u011finden, g\u00fcnl\u00fck \u00f6nerilen doz a\u015f\u0131lmamal\u0131d\u0131r.<\/p>\n<h2>Folik Asit Eksikli\u011fi Belirtileri<\/h2>\n<p>Folik asit eksikli\u011fi baz\u0131 sa\u011fl\u0131k sorunlar\u0131na neden olabilir. \u0130\u015fte eksiklik belirtileri:<\/p>\n<ul>\n<li>S\u00fcrekli yorgunluk ve halsizlik<\/li>\n<li>Soluk cilt ve ba\u015f d\u00f6nmesi<\/li>\n<li>Kas g\u00fc\u00e7s\u00fczl\u00fc\u011f\u00fc ve nefes darl\u0131\u011f\u0131<\/li>\n<li>Sinir sistemi problemleri ve konsantrasyon eksikli\u011fi<\/li>\n<\/ul>\n<p>Bu belirtiler fark edildi\u011finde, bir sa\u011fl\u0131k uzman\u0131na dan\u0131\u015farak folik asit takviyesi al\u0131nabilir.<\/p>\n<h2>MT Royal&#8217;den Folik Asit Sat\u0131n Alman\u0131n Avantajlar\u0131<\/h2>\n<p>T\u00fcrkiye&#8217;nin \u00f6nde gelen g\u0131da sekt\u00f6r\u00fc tedarik\u00e7ilerinden biri olan <strong>MT Royal<\/strong>, en kaliteli folik asit \u00fcr\u00fcnlerini en iyi fiyatlarla sunmaktad\u0131r. <strong>MT Royal\u2019in sundu\u011fu avantajlar:<\/strong><\/p>\n<ul>\n<li><strong>Y\u00fcksek kalite:<\/strong> Uluslararas\u0131 standartlara uygun \u00fcr\u00fcnler<\/li>\n<li><strong>Uygun fiyatlar:<\/strong> En iyi fiyat garantisi<\/li>\n<li><strong>H\u0131zl\u0131 teslimat:<\/strong> T\u00fcrkiye genelinde g\u00fcvenilir teslimat<\/li>\n<li><strong>G\u0131da sekt\u00f6r\u00fcne uygun:<\/strong> G\u0131da \u00fcretimi i\u00e7in ideal y\u00fcksek safl\u0131kta folik asit<\/li>\n<\/ul>\n<h2>Folik Asit \u00d6zellikleri<\/h2>\n<table>\n<thead>\n<tr>\n<th><strong>\u00d6zellik<\/strong><\/th>\n<th><strong>Detaylar<\/strong><\/th>\n<\/tr>\n<\/thead>\n<tbody>\n<tr>\n<td>Kimyasal Ad\u0131<\/td>\n<td>B9 Vitamini (Folik Asit)<\/td>\n<\/tr>\n<tr>\n<td>Molek\u00fcler Form\u00fcl<\/td>\n<td>C19H19N7O6<\/td>\n<\/tr>\n<tr>\n<td>Kullan\u0131m Alan\u0131<\/td>\n<td>G\u0131da takviyeleri, ila\u00e7 ve kozmetik<\/td>\n<\/tr>\n<tr>\n<td>G\u00fcnl\u00fck Dozaj<\/td>\n<td>Yeti\u015fkinler i\u00e7in 400 mcg<\/td>\n<\/tr>\n<tr>\n<td>Raf \u00d6mr\u00fc<\/td>\n<td>2 Y\u0131l<\/td>\n<\/tr>\n<tr>\n<td>Paketleme<\/td>\n<td>25 kg \u00e7uvallar \/ \u00f6zel ambalaj<\/td>\n<\/tr>\n<tr>\n<td>Tedarik\u00e7i<\/td>\n<td>MT Royal<\/td>\n<\/tr>\n<\/tbody>\n<\/table>\n<h2>Folik Asit Fiyatlar\u0131 ve Sat\u0131n Alma<\/h2>\n<p><strong>MT Royal<\/strong>, en uygun fiyatlarla folik asit tedarik etmektedir. Folik asit fiyatlar\u0131 piyasa ko\u015fullar\u0131na ve sipari\u015f miktar\u0131na ba\u011fl\u0131 olarak de\u011fi\u015febilir. <strong>Toptan al\u0131m ve \u00f6zel fiyat teklifleri i\u00e7in bizimle ileti\u015fime ge\u00e7ebilirsiniz.<\/strong><\/p>\n<h2>MT Royal ile Folik Asit Sipari\u015fi Nas\u0131l Verilir?<\/h2>\n<p>MT Royal\u2019den folik asit sat\u0131n almak olduk\u00e7a kolayd\u0131r:<\/p>\n<ol>\n<li><strong>Teklif al\u0131n:<\/strong> \u0130htiyac\u0131n\u0131za uygun \u00fcr\u00fcn miktar\u0131n\u0131 belirleyin ve fiyat teklifi al\u0131n.<\/li>\n<li><strong>Sipari\u015f olu\u015fturun:<\/strong> H\u0131zl\u0131 ve g\u00fcvenli sipari\u015f s\u00fcrecini tamamlay\u0131n.<\/li>\n<li><strong>Teslimat a\u015famas\u0131:<\/strong> \u00dcr\u00fcnleriniz h\u0131zl\u0131 bir \u015fekilde adresinize teslim edilir.<\/li>\n<\/ol>\n<h2>Sonu\u00e7<\/h2>\n<p>Folik asit, sa\u011fl\u0131k a\u00e7\u0131s\u0131ndan olduk\u00e7a \u00f6nemli bir vitamindir ve \u00f6zellikle g\u0131da sekt\u00f6r\u00fcnde geni\u015f bir kullan\u0131m alan\u0131na sahiptir. <strong>MT Royal, T\u00fcrkiye&#8217;nin \u00f6nde gelen g\u0131da sekt\u00f6r\u00fc tedarik\u00e7ilerinden biri olarak en kaliteli folik asit \u00fcr\u00fcnlerini en iyi fiyatlarla sunmaktad\u0131r.<\/strong><\/p>\n<p>Hemen sipari\u015f vermek veya detayl\u0131 bilgi almak i\u00e7in <strong>MT Royal ile ileti\u015fime ge\u00e7in!<\/strong><\/p>\n<div style='text-align:center' class='yasr-auto-insert-visitor'><\/div>","protected":false},"excerpt":{"rendered":"<p><span class=\"\">Folik Asit ve daha fazlas\u0131 i\u00e7in MT Royal&#8217;i tercih edin! &#8230; <\/p>\n","protected":false},"featured_media":8063,"comment_status":"open","ping_status":"closed","template":"","meta":{"yasr_overall_rating":0,"yasr_post_is_review":"","yasr_auto_insert_disabled":"","yasr_review_type":""},"product_brand":[],"product_cat":[50],"product_tag":[],"class_list":{"0":"post-5566","1":"product","2":"type-product","3":"status-publish","4":"has-post-thumbnail","6":"product_cat-temel-hammaddeler","8":"first","9":"instock","10":"shipping-taxable","11":"product-type-simple"},"yoast_head":"<!-- This site is optimized with the Yoast SEO Premium plugin v24.5 (Yoast SEO v26.6) - https:\/\/yoast.com\/wordpress\/plugins\/seo\/ -->\n<title>Folik Asit - MTROYAL<\/title>\n<meta name=\"description\" content=\"G\u0131da end\u00fcstrisinin g\u00fcvenilir tedarik\u00e7isi. Folik Asit i\u00e7in kaliteli \u00e7\u00f6z\u00fcmler. Hamilelik \u00fcr\u00fcnleri ve g\u0131da takviyeleri i\u00e7in ideal, rekabet\u00e7i fiyat.\" \/>\n<meta name=\"robots\" content=\"index, follow, max-snippet:-1, max-image-preview:large, max-video-preview:-1\" \/>\n<link rel=\"canonical\" href=\"https:\/\/mtroyal.com.tr\/tr\/product\/folik-asit\/\" \/>\n<meta property=\"og:locale\" content=\"tr_TR\" \/>\n<meta property=\"og:type\" content=\"article\" \/>\n<meta property=\"og:title\" content=\"Folik Asit\" \/>\n<meta property=\"og:description\" content=\"G\u0131da end\u00fcstrisinin g\u00fcvenilir tedarik\u00e7isi. Folik Asit i\u00e7in kaliteli \u00e7\u00f6z\u00fcmler. Hamilelik \u00fcr\u00fcnleri ve g\u0131da takviyeleri i\u00e7in ideal, rekabet\u00e7i fiyat.\" \/>\n<meta property=\"og:url\" content=\"https:\/\/mtroyal.com.tr\/tr\/product\/folik-asit\/\" \/>\n<meta property=\"og:site_name\" content=\"MTROYAL\" \/>\n<meta property=\"article:modified_time\" content=\"2025-01-31T09:41:02+00:00\" \/>\n<meta property=\"og:image\" content=\"https:\/\/mtroyal.com.tr\/tr\/wp-content\/uploads\/2024\/12\/Folik-Asit.webp\" \/>\n\t<meta property=\"og:image:width\" content=\"350\" \/>\n\t<meta property=\"og:image:height\" content=\"350\" \/>\n\t<meta property=\"og:image:type\" content=\"image\/webp\" \/>\n<meta name=\"twitter:card\" content=\"summary_large_image\" \/>\n<script type=\"application\/ld+json\" class=\"yoast-schema-graph\">{\"@context\":\"https:\/\/schema.org\",\"@graph\":[{\"@type\":\"WebPage\",\"@id\":\"https:\/\/mtroyal.com.tr\/tr\/product\/folik-asit\/\",\"url\":\"https:\/\/mtroyal.com.tr\/tr\/product\/folik-asit\/\",\"name\":\"Folik Asit - MTROYAL\",\"isPartOf\":{\"@id\":\"https:\/\/mtroyal.com.tr\/tr\/#website\"},\"primaryImageOfPage\":{\"@id\":\"https:\/\/mtroyal.com.tr\/tr\/product\/folik-asit\/#primaryimage\"},\"image\":{\"@id\":\"https:\/\/mtroyal.com.tr\/tr\/product\/folik-asit\/#primaryimage\"},\"thumbnailUrl\":\"https:\/\/mtroyal.com.tr\/tr\/wp-content\/uploads\/2024\/12\/Folik-Asit.webp\",\"datePublished\":\"2025-01-31T09:41:00+00:00\",\"dateModified\":\"2025-01-31T09:41:02+00:00\",\"description\":\"G\u0131da end\u00fcstrisinin g\u00fcvenilir tedarik\u00e7isi. Folik Asit i\u00e7in kaliteli \u00e7\u00f6z\u00fcmler. Hamilelik \u00fcr\u00fcnleri ve g\u0131da takviyeleri i\u00e7in ideal, rekabet\u00e7i fiyat.\",\"breadcrumb\":{\"@id\":\"https:\/\/mtroyal.com.tr\/tr\/product\/folik-asit\/#breadcrumb\"},\"inLanguage\":\"tr\",\"potentialAction\":[{\"@type\":\"ReadAction\",\"target\":[\"https:\/\/mtroyal.com.tr\/tr\/product\/folik-asit\/\"]}]},{\"@type\":\"ImageObject\",\"inLanguage\":\"tr\",\"@id\":\"https:\/\/mtroyal.com.tr\/tr\/product\/folik-asit\/#primaryimage\",\"url\":\"https:\/\/mtroyal.com.tr\/tr\/wp-content\/uploads\/2024\/12\/Folik-Asit.webp\",\"contentUrl\":\"https:\/\/mtroyal.com.tr\/tr\/wp-content\/uploads\/2024\/12\/Folik-Asit.webp\",\"width\":350,\"height\":350,\"caption\":\"Folik Asit\"},{\"@type\":\"BreadcrumbList\",\"@id\":\"https:\/\/mtroyal.com.tr\/tr\/product\/folik-asit\/#breadcrumb\",\"itemListElement\":[{\"@type\":\"ListItem\",\"position\":1,\"name\":\"Home\",\"item\":\"https:\/\/mtroyal.com.tr\/tr\/\"},{\"@type\":\"ListItem\",\"position\":2,\"name\":\"\u00dcr\u00fcnlerimiz\",\"item\":\"https:\/\/mtroyal.com.tr\/tr\/urunlerimiz\/\"},{\"@type\":\"ListItem\",\"position\":3,\"name\":\"Folik Asit\"}]},{\"@type\":\"WebSite\",\"@id\":\"https:\/\/mtroyal.com.tr\/tr\/#website\",\"url\":\"https:\/\/mtroyal.com.tr\/tr\/\",\"name\":\"MTROYAL\",\"description\":\"\",\"publisher\":{\"@id\":\"https:\/\/mtroyal.com.tr\/tr\/#organization\"},\"potentialAction\":[{\"@type\":\"SearchAction\",\"target\":{\"@type\":\"EntryPoint\",\"urlTemplate\":\"https:\/\/mtroyal.com.tr\/tr\/?s={search_term_string}\"},\"query-input\":{\"@type\":\"PropertyValueSpecification\",\"valueRequired\":true,\"valueName\":\"search_term_string\"}}],\"inLanguage\":\"tr\"},{\"@type\":\"Organization\",\"@id\":\"https:\/\/mtroyal.com.tr\/tr\/#organization\",\"name\":\"MTROYAL\",\"url\":\"https:\/\/mtroyal.com.tr\/tr\/\",\"logo\":{\"@type\":\"ImageObject\",\"inLanguage\":\"tr\",\"@id\":\"https:\/\/mtroyal.com.tr\/tr\/#\/schema\/logo\/image\/\",\"url\":\"https:\/\/mtroyal.com.tr\/tr\/wp-content\/uploads\/2023\/12\/mt-logo.png\",\"contentUrl\":\"https:\/\/mtroyal.com.tr\/tr\/wp-content\/uploads\/2023\/12\/mt-logo.png\",\"width\":313,\"height\":261,\"caption\":\"MTROYAL\"},\"image\":{\"@id\":\"https:\/\/mtroyal.com.tr\/tr\/#\/schema\/logo\/image\/\"}},false]}<\/script>\n<!-- \/ Yoast SEO Premium plugin. -->","yoast_head_json":{"title":"Folik Asit - MTROYAL","description":"G\u0131da end\u00fcstrisinin g\u00fcvenilir tedarik\u00e7isi. Folik Asit i\u00e7in kaliteli \u00e7\u00f6z\u00fcmler. Hamilelik \u00fcr\u00fcnleri ve g\u0131da takviyeleri i\u00e7in ideal, rekabet\u00e7i fiyat.","robots":{"index":"index","follow":"follow","max-snippet":"max-snippet:-1","max-image-preview":"max-image-preview:large","max-video-preview":"max-video-preview:-1"},"canonical":"https:\/\/mtroyal.com.tr\/tr\/product\/folik-asit\/","og_locale":"tr_TR","og_type":"article","og_title":"Folik Asit","og_description":"G\u0131da end\u00fcstrisinin g\u00fcvenilir tedarik\u00e7isi. Folik Asit i\u00e7in kaliteli \u00e7\u00f6z\u00fcmler. Hamilelik \u00fcr\u00fcnleri ve g\u0131da takviyeleri i\u00e7in ideal, rekabet\u00e7i fiyat.","og_url":"https:\/\/mtroyal.com.tr\/tr\/product\/folik-asit\/","og_site_name":"MTROYAL","article_modified_time":"2025-01-31T09:41:02+00:00","og_image":[{"width":350,"height":350,"url":"https:\/\/mtroyal.com.tr\/tr\/wp-content\/uploads\/2024\/12\/Folik-Asit.webp","type":"image\/webp"}],"twitter_card":"summary_large_image","schema":{"@context":"https:\/\/schema.org","@graph":[{"@type":"WebPage","@id":"https:\/\/mtroyal.com.tr\/tr\/product\/folik-asit\/","url":"https:\/\/mtroyal.com.tr\/tr\/product\/folik-asit\/","name":"Folik Asit - MTROYAL","isPartOf":{"@id":"https:\/\/mtroyal.com.tr\/tr\/#website"},"primaryImageOfPage":{"@id":"https:\/\/mtroyal.com.tr\/tr\/product\/folik-asit\/#primaryimage"},"image":{"@id":"https:\/\/mtroyal.com.tr\/tr\/product\/folik-asit\/#primaryimage"},"thumbnailUrl":"https:\/\/mtroyal.com.tr\/tr\/wp-content\/uploads\/2024\/12\/Folik-Asit.webp","datePublished":"2025-01-31T09:41:00+00:00","dateModified":"2025-01-31T09:41:02+00:00","description":"G\u0131da end\u00fcstrisinin g\u00fcvenilir tedarik\u00e7isi. Folik Asit i\u00e7in kaliteli \u00e7\u00f6z\u00fcmler. Hamilelik \u00fcr\u00fcnleri ve g\u0131da takviyeleri i\u00e7in ideal, rekabet\u00e7i fiyat.","breadcrumb":{"@id":"https:\/\/mtroyal.com.tr\/tr\/product\/folik-asit\/#breadcrumb"},"inLanguage":"tr","potentialAction":[{"@type":"ReadAction","target":["https:\/\/mtroyal.com.tr\/tr\/product\/folik-asit\/"]}]},{"@type":"ImageObject","inLanguage":"tr","@id":"https:\/\/mtroyal.com.tr\/tr\/product\/folik-asit\/#primaryimage","url":"https:\/\/mtroyal.com.tr\/tr\/wp-content\/uploads\/2024\/12\/Folik-Asit.webp","contentUrl":"https:\/\/mtroyal.com.tr\/tr\/wp-content\/uploads\/2024\/12\/Folik-Asit.webp","width":350,"height":350,"caption":"Folik Asit"},{"@type":"BreadcrumbList","@id":"https:\/\/mtroyal.com.tr\/tr\/product\/folik-asit\/#breadcrumb","itemListElement":[{"@type":"ListItem","position":1,"name":"Home","item":"https:\/\/mtroyal.com.tr\/tr\/"},{"@type":"ListItem","position":2,"name":"\u00dcr\u00fcnlerimiz","item":"https:\/\/mtroyal.com.tr\/tr\/urunlerimiz\/"},{"@type":"ListItem","position":3,"name":"Folik Asit"}]},{"@type":"WebSite","@id":"https:\/\/mtroyal.com.tr\/tr\/#website","url":"https:\/\/mtroyal.com.tr\/tr\/","name":"MTROYAL","description":"","publisher":{"@id":"https:\/\/mtroyal.com.tr\/tr\/#organization"},"potentialAction":[{"@type":"SearchAction","target":{"@type":"EntryPoint","urlTemplate":"https:\/\/mtroyal.com.tr\/tr\/?s={search_term_string}"},"query-input":{"@type":"PropertyValueSpecification","valueRequired":true,"valueName":"search_term_string"}}],"inLanguage":"tr"},{"@type":"Organization","@id":"https:\/\/mtroyal.com.tr\/tr\/#organization","name":"MTROYAL","url":"https:\/\/mtroyal.com.tr\/tr\/","logo":{"@type":"ImageObject","inLanguage":"tr","@id":"https:\/\/mtroyal.com.tr\/tr\/#\/schema\/logo\/image\/","url":"https:\/\/mtroyal.com.tr\/tr\/wp-content\/uploads\/2023\/12\/mt-logo.png","contentUrl":"https:\/\/mtroyal.com.tr\/tr\/wp-content\/uploads\/2023\/12\/mt-logo.png","width":313,"height":261,"caption":"MTROYAL"},"image":{"@id":"https:\/\/mtroyal.com.tr\/tr\/#\/schema\/logo\/image\/"}},false]}},"yasr_visitor_votes":{"stars_attributes":{"read_only":false,"span_bottom":false},"number_of_votes":0,"sum_votes":0},"_links":{"self":[{"href":"https:\/\/mtroyal.com.tr\/tr\/wp-json\/wp\/v2\/product\/5566","targetHints":{"allow":["GET"]}}],"collection":[{"href":"https:\/\/mtroyal.com.tr\/tr\/wp-json\/wp\/v2\/product"}],"about":[{"href":"https:\/\/mtroyal.com.tr\/tr\/wp-json\/wp\/v2\/types\/product"}],"replies":[{"embeddable":true,"href":"https:\/\/mtroyal.com.tr\/tr\/wp-json\/wp\/v2\/comments?post=5566"}],"wp:featuredmedia":[{"embeddable":true,"href":"https:\/\/mtroyal.com.tr\/tr\/wp-json\/wp\/v2\/media\/8063"}],"wp:attachment":[{"href":"https:\/\/mtroyal.com.tr\/tr\/wp-json\/wp\/v2\/media?parent=5566"}],"wp:term":[{"taxonomy":"product_brand","embeddable":true,"href":"https:\/\/mtroyal.com.tr\/tr\/wp-json\/wp\/v2\/product_brand?post=5566"},{"taxonomy":"product_cat","embeddable":true,"href":"https:\/\/mtroyal.com.tr\/tr\/wp-json\/wp\/v2\/product_cat?post=5566"},{"taxonomy":"product_tag","embeddable":true,"href":"https:\/\/mtroyal.com.tr\/tr\/wp-json\/wp\/v2\/product_tag?post=5566"}],"curies":[{"name":"wp","href":"https:\/\/api.w.org\/{rel}","templated":true}]}}