{"id":5584,"date":"2025-01-28T10:59:58","date_gmt":"2025-01-28T07:59:58","guid":{"rendered":"https:\/\/mtroyal.com.tr\/tr\/?post_type=product&#038;p=5584"},"modified":"2025-01-28T11:00:00","modified_gmt":"2025-01-28T08:00:00","slug":"vitamin-b6","status":"publish","type":"product","link":"https:\/\/mtroyal.com.tr\/tr\/product\/vitamin-b6\/","title":{"rendered":"Vitamin B6"},"content":{"rendered":"<p><strong style=\"font-size: 16px;\">Vitamin B6<\/strong><span style=\"font-size: 16px;\">, v\u00fccudun sa\u011fl\u0131kl\u0131 bir \u015fekilde i\u015fleyebilmesi i\u00e7in gerekli olan \u00f6nemli bir vitamindir. Bir\u00e7ok biyolojik fonksiyonun d\u00fczg\u00fcn \u00e7al\u0131\u015fmas\u0131 i\u00e7in gerekli olan bu vitamin, \u00f6zellikle metabolizma, ba\u011f\u0131\u015f\u0131kl\u0131k sistemi, sinir sa\u011fl\u0131\u011f\u0131 ve hormon dengesi \u00fczerinde \u00f6nemli etkilere sahiptir. <\/span><strong style=\"font-size: 16px;\">MT Royal<\/strong><span style=\"font-size: 16px;\">, T\u00fcrkiye\u2019nin \u00f6nde gelen g\u0131da sanayi \u00fcr\u00fcnleri tedarik\u00e7ilerinden biri olarak, <\/span><strong style=\"font-size: 16px;\">Vitamin B6<\/strong><span style=\"font-size: 16px;\">&#8216;y\u0131 en kaliteli ve uygun fiyatlarla sunmaktad\u0131r. Bu yaz\u0131m\u0131zda, <\/span><strong style=\"font-size: 16px;\">Vitamin B6<\/strong><span style=\"font-size: 16px;\">\u2019n\u0131n sa\u011fl\u0131k \u00fczerindeki faydalar\u0131n\u0131, kullan\u0131m alanlar\u0131n\u0131 ve <\/span><strong style=\"font-size: 16px;\">MT Royal<\/strong><span style=\"font-size: 16px;\">&#8216;in sundu\u011fu avantajlar\u0131 ke\u015ffedece\u011fiz.<\/span><\/p>\n<h2>Vitamin B6 Nedir?<\/h2>\n<p><strong>Vitamin B6<\/strong> veya di\u011fer ad\u0131yla <strong>piridoksin<\/strong>, v\u00fccutta bir\u00e7ok biyolojik fonksiyonu destekleyen bir B vitamini kompleksidir. Suya \u00e7\u00f6z\u00fcnebilen bu vitamin, besinlerden ald\u0131\u011f\u0131m\u0131z proteinlerin ve karbonhidratlar\u0131n enerjiye d\u00f6n\u00fc\u015fmesinde rol oynar. Ayn\u0131 zamanda, sinir sistemi sa\u011fl\u0131\u011f\u0131n\u0131 korur, ba\u011f\u0131\u015f\u0131kl\u0131k sistemini g\u00fc\u00e7lendirir ve hormonlar\u0131n d\u00fczenlenmesine yard\u0131mc\u0131 olur.<\/p>\n<h2>Vitamin B6&#8217;n\u0131n Sa\u011fl\u0131k \u00dczerindeki Faydalar\u0131<\/h2>\n<p><strong>Vitamin B6<\/strong>, v\u00fccudumuzun sa\u011fl\u0131kl\u0131 bir \u015fekilde i\u015flemesi i\u00e7in bir\u00e7ok \u00f6nemli fonksiyonu destekler. \u0130\u015fte bu vitaminin sa\u011fl\u0131\u011f\u0131m\u0131za olan faydalar\u0131:<\/p>\n<p>1. <strong>Metabolizmay\u0131 Destekler<\/strong><\/p>\n<p><strong>Vitamin B6<\/strong>, v\u00fccuttaki metabolik s\u00fcre\u00e7lerde \u00f6nemli bir rol oynar. Karbonhidratlar\u0131n, proteinlerin ve ya\u011flar\u0131n enerjiye d\u00f6n\u00fc\u015ft\u00fcr\u00fclmesini sa\u011flar. Bununla birlikte, v\u00fccutta enerji \u00fcretiminin d\u00fczenlenmesine yard\u0131mc\u0131 olur.<\/p>\n<p>2. <strong>Sinir Sistemi Sa\u011fl\u0131\u011f\u0131n\u0131 Korur<\/strong><\/p>\n<p><strong>Vitamin B6<\/strong>, sinir sistemi \u00fczerinde do\u011frudan etkili olan bir vitamindir. Beynin do\u011fru \u00e7al\u0131\u015fmas\u0131n\u0131 destekler, n\u00f6rolojik hastal\u0131klar\u0131n riskini azalt\u0131r ve sinir h\u00fccrelerinin sa\u011fl\u0131kl\u0131 kalmas\u0131na yard\u0131mc\u0131 olur. Ayr\u0131ca, stres ve anksiyeteyi azaltmaya yard\u0131mc\u0131 olabilir.<\/p>\n<p>3. <strong>Ba\u011f\u0131\u015f\u0131kl\u0131k Sistemini G\u00fc\u00e7lendirir<\/strong><\/p>\n<p>Ba\u011f\u0131\u015f\u0131kl\u0131k sistemi i\u00e7in \u00f6nemli bir vitamindir. Ba\u011f\u0131\u015f\u0131kl\u0131k h\u00fccrelerinin \u00fcretimini art\u0131rarak v\u00fccudu enfeksiyonlara kar\u015f\u0131 korur. \u00d6zellikle k\u0131\u015f aylar\u0131nda, <strong>Vitamin B6<\/strong>\u2019n\u0131n ba\u011f\u0131\u015f\u0131kl\u0131k sistemini destekleme rol\u00fc daha da \u00f6nem kazan\u0131r.<\/p>\n<p>4. <strong>Hormon Dengesini Sa\u011flar<\/strong><\/p>\n<p><strong>Vitamin B6<\/strong>, hormonlar\u0131n d\u00fczg\u00fcn \u00e7al\u0131\u015fmas\u0131na yard\u0131mc\u0131 olur. \u00d6zellikle kad\u0131nlarda, adet d\u00f6nemi \u00f6ncesi ya\u015fanan ruh hali de\u011fi\u015fiklikleri, <strong>Vitamin B6<\/strong> takviyesiyle hafifletilebilir. Ayr\u0131ca, v\u00fccutta do\u011fru hormon dengesinin korunmas\u0131n\u0131 sa\u011flar.<\/p>\n<p>5. <strong>Kardiyovask\u00fcler Sa\u011fl\u0131k<\/strong><\/p>\n<p><strong>Vitamin B6<\/strong>, kalp sa\u011fl\u0131\u011f\u0131n\u0131 koruyan \u00f6nemli bir vitamindir. Homosistein ad\u0131 verilen bir amino asidin seviyesini d\u00fc\u015f\u00fcrerek, kalp krizi ve fel\u00e7 riskini azalt\u0131r. Ayr\u0131ca, sa\u011fl\u0131kl\u0131 bir kan dola\u015f\u0131m\u0131n\u0131 destekler.<\/p>\n<h2>Vitamin B6 Nerelerde Kullan\u0131l\u0131r?<\/h2>\n<p><strong>Vitamin B6<\/strong>, \u00e7e\u015fitli sa\u011fl\u0131k \u00fcr\u00fcnlerinde ve takviyelerde kullan\u0131l\u0131r. \u0130\u015fte baz\u0131 kullan\u0131m alanlar\u0131:<\/p>\n<p>1. <strong>G\u0131da Takviyeleri<\/strong><\/p>\n<p><strong>Vitamin B6<\/strong> eksikli\u011fi ya\u015fayan ki\u015filer i\u00e7in g\u0131da takviyeleri \u00f6nemlidir. <strong>MT Royal<\/strong>, kaliteli <strong>Vitamin B6<\/strong> takviyelerini uygun fiyatlarla temin edebilece\u011finiz g\u00fcvenilir bir tedarik\u00e7idir.<\/p>\n<p>2. <strong>Kozmetik \u00dcr\u00fcnlerde<\/strong><\/p>\n<p>Cilt sa\u011fl\u0131\u011f\u0131n\u0131 iyile\u015ftirmek i\u00e7in <strong>Vitamin B6<\/strong> kullan\u0131lan kozmetik \u00fcr\u00fcnler mevcuttur. Akne tedavisinde, cilt iltihaplar\u0131n\u0131 azaltmaya yard\u0131mc\u0131 olur. Ayr\u0131ca, ciltteki h\u00fccre yenilenmesini h\u0131zland\u0131rarak, sa\u011fl\u0131kl\u0131 bir g\u00f6r\u00fcn\u00fcm elde edilmesini sa\u011flar.<\/p>\n<p>3. <strong>\u0130la\u00e7lar ve Sa\u011fl\u0131k \u00dcr\u00fcnleri<\/strong><\/p>\n<p>Bir\u00e7ok ila\u00e7 ve sa\u011fl\u0131k \u00fcr\u00fcn\u00fcnde de <strong>Vitamin B6<\/strong> bulunur. \u00d6zellikle sinir sistemi, hormon dengesi ve metabolizma d\u00fczenlemesi amac\u0131yla kullan\u0131lan bu vitamin, \u00e7e\u015fitli form\u00fclasyonlarda yer al\u0131r.<\/p>\n<h2>MT Royal&#8217;den Vitamin B6 Sat\u0131n Alman\u0131n Avantajlar\u0131<\/h2>\n<p><strong>MT Royal<\/strong>, <strong>Vitamin B6<\/strong>\u2019y\u0131 en kaliteli ve uygun fiyatlarla temin edebilece\u011finiz g\u00fcvenilir bir kaynakt\u0131r. <strong>MT Royal<\/strong>\u2019den <strong>Vitamin B6<\/strong> almak, bir\u00e7ok avantaj\u0131 beraberinde getirir:<\/p>\n<p>1. <strong>Y\u00fcksek Kalite<\/strong><\/p>\n<p><strong>MT Royal<\/strong>, <strong>Vitamin B6<\/strong> \u00fcr\u00fcnlerini g\u00fcvenilir tedarik\u00e7ilerden temin eder ve her bir \u00fcr\u00fcn y\u00fcksek kalite kontrol s\u00fcre\u00e7lerinden ge\u00e7er. B\u00f6ylece, g\u00fcvenli ve etkili \u00fcr\u00fcnlere ula\u015fm\u0131\u015f olursunuz.<\/p>\n<p>2. <strong>Rekabet\u00e7i Fiyatlar<\/strong><\/p>\n<p><strong>MT Royal<\/strong>, <strong>Vitamin B6<\/strong> gibi \u00f6nemli sa\u011fl\u0131k takviyelerini en uygun fiyatlarla sunar. Uygun fiyatlarla kaliteli \u00fcr\u00fcnlere eri\u015febilmeniz, sa\u011fl\u0131kl\u0131 bir ya\u015fam s\u00fcrmenizi kolayla\u015ft\u0131r\u0131r.<\/p>\n<p>3. <strong>H\u0131zl\u0131 Teslimat<\/strong><\/p>\n<p><strong>MT Royal<\/strong>, sipari\u015flerinizi h\u0131zl\u0131 bir \u015fekilde teslim eder. <strong>Vitamin B6<\/strong> \u00fcr\u00fcn\u00fcn\u00fcz\u00fc k\u0131sa s\u00fcrede alarak sa\u011fl\u0131\u011f\u0131n\u0131z i\u00e7in gereken deste\u011fi alabilirsiniz.<\/p>\n<p>4. <strong>Geni\u015f \u00dcr\u00fcn Yelpazesi<\/strong><\/p>\n<p><strong>MT Royal<\/strong>, sadece <strong>Vitamin B6<\/strong> de\u011fil, bir\u00e7ok sa\u011fl\u0131k takviyesi ve g\u0131da \u00fcr\u00fcn\u00fc sunmaktad\u0131r. \u0130htiya\u00e7lar\u0131n\u0131za g\u00f6re \u00e7e\u015fitli \u00fcr\u00fcn se\u00e7eneklerine ula\u015fabilirsiniz.<\/p>\n<h2>Vitamin B6&#8217;n\u0131n \u00d6zellikleri<\/h2>\n<table>\n<thead>\n<tr>\n<th>\u00d6zellik<\/th>\n<th>A\u00e7\u0131klama<\/th>\n<\/tr>\n<\/thead>\n<tbody>\n<tr>\n<td><strong>\u00dcr\u00fcn Ad\u0131<\/strong><\/td>\n<td>Vitamin B6 (Piridoksin)<\/td>\n<\/tr>\n<tr>\n<td><strong>Faydalar\u0131<\/strong><\/td>\n<td>Metabolizma deste\u011fi, sinir sistemi sa\u011fl\u0131\u011f\u0131, ba\u011f\u0131\u015f\u0131kl\u0131k g\u00fc\u00e7lendirme, hormon dengesi<\/td>\n<\/tr>\n<tr>\n<td><strong>Kullan\u0131m Alanlar\u0131<\/strong><\/td>\n<td>G\u0131da takviyeleri, kozmetik \u00fcr\u00fcnler, sa\u011fl\u0131k ila\u00e7lar\u0131<\/td>\n<\/tr>\n<tr>\n<td><strong>Eksiklik Durumunda Olu\u015fan Sorunlar<\/strong><\/td>\n<td>Yorgunluk, depresyon, ba\u011f\u0131\u015f\u0131kl\u0131k zay\u0131fl\u0131\u011f\u0131, cilt problemleri<\/td>\n<\/tr>\n<tr>\n<td><strong>G\u00fcnl\u00fck Tavsiye Edilen Dozaj<\/strong><\/td>\n<td>1.3\u20132.0 mg (yeti\u015fkinler i\u00e7in)<\/td>\n<\/tr>\n<\/tbody>\n<\/table>\n<h2>MT Royal\u2019den Vitamin B6 Sat\u0131n Al\u0131n!<\/h2>\n<p><strong>Vitamin B6<\/strong>&#8216;n\u0131n v\u00fccudumuz \u00fczerindeki pek \u00e7ok faydas\u0131 vard\u0131r ve sa\u011fl\u0131kl\u0131 bir ya\u015fam i\u00e7in \u00f6nemlidir. <strong>MT Royal<\/strong>, y\u00fcksek kaliteli <strong>Vitamin B6<\/strong>&#8216;y\u0131 en uygun fiyatlarla temin edebilece\u011finiz g\u00fcvenilir bir kaynakt\u0131r. Hemen <strong>MT Royal<\/strong>\u2019in web sitesini ziyaret ederek <strong>Vitamin B6<\/strong> ve di\u011fer sa\u011fl\u0131k takviyeleri hakk\u0131nda daha fazla bilgi edinebilir ve sipari\u015f verebilirsiniz.<br \/>\n<strong>Vitamin B6<\/strong>, metabolizmay\u0131 destekler, sinir sa\u011fl\u0131\u011f\u0131n\u0131 korur ve ba\u011f\u0131\u015f\u0131kl\u0131k sistemini g\u00fc\u00e7lendirir. <strong>MT Royal<\/strong>&#8216;den <strong>Vitamin B6<\/strong>\u2019y\u0131 en uygun fiyatlarla temin edebilirsiniz!<\/p>\n<div style='text-align:center' class='yasr-auto-insert-visitor'><\/div>","protected":false},"excerpt":{"rendered":"<p><span class=\"\" style=\"border: 0px solid #e5e7eb; --tw-border-spacing-x: 0; --tw-border-spacing-y: 0; --tw-translate-x: ... \n<\/p>\n","protected":false},"featured_media":7843,"comment_status":"open","ping_status":"closed","template":"","meta":{"yasr_overall_rating":0,"yasr_post_is_review":"","yasr_auto_insert_disabled":"","yasr_review_type":""},"product_brand":[],"product_cat":[50],"product_tag":[],"class_list":{"0":"post-5584","1":"product","2":"type-product","3":"status-publish","4":"has-post-thumbnail","6":"product_cat-temel-hammaddeler","8":"first","9":"instock","10":"shipping-taxable","11":"product-type-simple"},"yoast_head":"<!-- This site is optimized with the Yoast SEO Premium plugin v24.5 (Yoast SEO v26.6) - https:\/\/yoast.com\/wordpress\/plugins\/seo\/ -->\n<title>Vitamin B6 - MTROYAL<\/title>\n<meta name=\"description\" content=\"G\u0131da end\u00fcstrisinin g\u00fcvenilir tedarik\u00e7isi. Vitamin B6 i\u00e7in kaliteli \u00e7\u00f6z\u00fcmler. Ba\u011f\u0131\u015f\u0131kl\u0131k sistemi ve enerji metabolizmas\u0131 i\u00e7in ideal, rekabet\u00e7i fiyat.\" \/>\n<meta name=\"robots\" content=\"index, follow, max-snippet:-1, max-image-preview:large, max-video-preview:-1\" \/>\n<link rel=\"canonical\" href=\"https:\/\/mtroyal.com.tr\/tr\/product\/vitamin-b6\/\" \/>\n<meta property=\"og:locale\" content=\"tr_TR\" \/>\n<meta property=\"og:type\" content=\"article\" \/>\n<meta property=\"og:title\" content=\"Vitamin B6\" \/>\n<meta property=\"og:description\" content=\"G\u0131da end\u00fcstrisinin g\u00fcvenilir tedarik\u00e7isi. Vitamin B6 i\u00e7in kaliteli \u00e7\u00f6z\u00fcmler. Ba\u011f\u0131\u015f\u0131kl\u0131k sistemi ve enerji metabolizmas\u0131 i\u00e7in ideal, rekabet\u00e7i fiyat.\" \/>\n<meta property=\"og:url\" content=\"https:\/\/mtroyal.com.tr\/tr\/product\/vitamin-b6\/\" \/>\n<meta property=\"og:site_name\" content=\"MTROYAL\" \/>\n<meta property=\"article:modified_time\" content=\"2025-01-28T08:00:00+00:00\" \/>\n<meta property=\"og:image\" content=\"https:\/\/mtroyal.com.tr\/tr\/wp-content\/uploads\/2024\/12\/Vitamin-B6_11zon.jpg\" \/>\n\t<meta property=\"og:image:width\" content=\"1600\" \/>\n\t<meta property=\"og:image:height\" content=\"1600\" \/>\n\t<meta property=\"og:image:type\" content=\"image\/jpeg\" \/>\n<meta name=\"twitter:card\" content=\"summary_large_image\" \/>\n<script type=\"application\/ld+json\" class=\"yoast-schema-graph\">{\"@context\":\"https:\/\/schema.org\",\"@graph\":[{\"@type\":\"WebPage\",\"@id\":\"https:\/\/mtroyal.com.tr\/tr\/product\/vitamin-b6\/\",\"url\":\"https:\/\/mtroyal.com.tr\/tr\/product\/vitamin-b6\/\",\"name\":\"Vitamin B6 - MTROYAL\",\"isPartOf\":{\"@id\":\"https:\/\/mtroyal.com.tr\/tr\/#website\"},\"primaryImageOfPage\":{\"@id\":\"https:\/\/mtroyal.com.tr\/tr\/product\/vitamin-b6\/#primaryimage\"},\"image\":{\"@id\":\"https:\/\/mtroyal.com.tr\/tr\/product\/vitamin-b6\/#primaryimage\"},\"thumbnailUrl\":\"https:\/\/mtroyal.com.tr\/tr\/wp-content\/uploads\/2024\/12\/Vitamin-B6_11zon.jpg\",\"datePublished\":\"2025-01-28T07:59:58+00:00\",\"dateModified\":\"2025-01-28T08:00:00+00:00\",\"description\":\"G\u0131da end\u00fcstrisinin g\u00fcvenilir tedarik\u00e7isi. Vitamin B6 i\u00e7in kaliteli \u00e7\u00f6z\u00fcmler. Ba\u011f\u0131\u015f\u0131kl\u0131k sistemi ve enerji metabolizmas\u0131 i\u00e7in ideal, rekabet\u00e7i fiyat.\",\"breadcrumb\":{\"@id\":\"https:\/\/mtroyal.com.tr\/tr\/product\/vitamin-b6\/#breadcrumb\"},\"inLanguage\":\"tr\",\"potentialAction\":[{\"@type\":\"ReadAction\",\"target\":[\"https:\/\/mtroyal.com.tr\/tr\/product\/vitamin-b6\/\"]}]},{\"@type\":\"ImageObject\",\"inLanguage\":\"tr\",\"@id\":\"https:\/\/mtroyal.com.tr\/tr\/product\/vitamin-b6\/#primaryimage\",\"url\":\"https:\/\/mtroyal.com.tr\/tr\/wp-content\/uploads\/2024\/12\/Vitamin-B6_11zon.jpg\",\"contentUrl\":\"https:\/\/mtroyal.com.tr\/tr\/wp-content\/uploads\/2024\/12\/Vitamin-B6_11zon.jpg\",\"width\":1600,\"height\":1600,\"caption\":\"Vitamin B6\"},{\"@type\":\"BreadcrumbList\",\"@id\":\"https:\/\/mtroyal.com.tr\/tr\/product\/vitamin-b6\/#breadcrumb\",\"itemListElement\":[{\"@type\":\"ListItem\",\"position\":1,\"name\":\"Home\",\"item\":\"https:\/\/mtroyal.com.tr\/tr\/\"},{\"@type\":\"ListItem\",\"position\":2,\"name\":\"\u00dcr\u00fcnlerimiz\",\"item\":\"https:\/\/mtroyal.com.tr\/tr\/urunlerimiz\/\"},{\"@type\":\"ListItem\",\"position\":3,\"name\":\"Vitamin B6\"}]},{\"@type\":\"WebSite\",\"@id\":\"https:\/\/mtroyal.com.tr\/tr\/#website\",\"url\":\"https:\/\/mtroyal.com.tr\/tr\/\",\"name\":\"MTROYAL\",\"description\":\"\",\"publisher\":{\"@id\":\"https:\/\/mtroyal.com.tr\/tr\/#organization\"},\"potentialAction\":[{\"@type\":\"SearchAction\",\"target\":{\"@type\":\"EntryPoint\",\"urlTemplate\":\"https:\/\/mtroyal.com.tr\/tr\/?s={search_term_string}\"},\"query-input\":{\"@type\":\"PropertyValueSpecification\",\"valueRequired\":true,\"valueName\":\"search_term_string\"}}],\"inLanguage\":\"tr\"},{\"@type\":\"Organization\",\"@id\":\"https:\/\/mtroyal.com.tr\/tr\/#organization\",\"name\":\"MTROYAL\",\"url\":\"https:\/\/mtroyal.com.tr\/tr\/\",\"logo\":{\"@type\":\"ImageObject\",\"inLanguage\":\"tr\",\"@id\":\"https:\/\/mtroyal.com.tr\/tr\/#\/schema\/logo\/image\/\",\"url\":\"https:\/\/mtroyal.com.tr\/tr\/wp-content\/uploads\/2023\/12\/mt-logo.png\",\"contentUrl\":\"https:\/\/mtroyal.com.tr\/tr\/wp-content\/uploads\/2023\/12\/mt-logo.png\",\"width\":313,\"height\":261,\"caption\":\"MTROYAL\"},\"image\":{\"@id\":\"https:\/\/mtroyal.com.tr\/tr\/#\/schema\/logo\/image\/\"}},false]}<\/script>\n<!-- \/ Yoast SEO Premium plugin. -->","yoast_head_json":{"title":"Vitamin B6 - MTROYAL","description":"G\u0131da end\u00fcstrisinin g\u00fcvenilir tedarik\u00e7isi. Vitamin B6 i\u00e7in kaliteli \u00e7\u00f6z\u00fcmler. Ba\u011f\u0131\u015f\u0131kl\u0131k sistemi ve enerji metabolizmas\u0131 i\u00e7in ideal, rekabet\u00e7i fiyat.","robots":{"index":"index","follow":"follow","max-snippet":"max-snippet:-1","max-image-preview":"max-image-preview:large","max-video-preview":"max-video-preview:-1"},"canonical":"https:\/\/mtroyal.com.tr\/tr\/product\/vitamin-b6\/","og_locale":"tr_TR","og_type":"article","og_title":"Vitamin B6","og_description":"G\u0131da end\u00fcstrisinin g\u00fcvenilir tedarik\u00e7isi. Vitamin B6 i\u00e7in kaliteli \u00e7\u00f6z\u00fcmler. Ba\u011f\u0131\u015f\u0131kl\u0131k sistemi ve enerji metabolizmas\u0131 i\u00e7in ideal, rekabet\u00e7i fiyat.","og_url":"https:\/\/mtroyal.com.tr\/tr\/product\/vitamin-b6\/","og_site_name":"MTROYAL","article_modified_time":"2025-01-28T08:00:00+00:00","og_image":[{"width":1600,"height":1600,"url":"https:\/\/mtroyal.com.tr\/tr\/wp-content\/uploads\/2024\/12\/Vitamin-B6_11zon.jpg","type":"image\/jpeg"}],"twitter_card":"summary_large_image","schema":{"@context":"https:\/\/schema.org","@graph":[{"@type":"WebPage","@id":"https:\/\/mtroyal.com.tr\/tr\/product\/vitamin-b6\/","url":"https:\/\/mtroyal.com.tr\/tr\/product\/vitamin-b6\/","name":"Vitamin B6 - MTROYAL","isPartOf":{"@id":"https:\/\/mtroyal.com.tr\/tr\/#website"},"primaryImageOfPage":{"@id":"https:\/\/mtroyal.com.tr\/tr\/product\/vitamin-b6\/#primaryimage"},"image":{"@id":"https:\/\/mtroyal.com.tr\/tr\/product\/vitamin-b6\/#primaryimage"},"thumbnailUrl":"https:\/\/mtroyal.com.tr\/tr\/wp-content\/uploads\/2024\/12\/Vitamin-B6_11zon.jpg","datePublished":"2025-01-28T07:59:58+00:00","dateModified":"2025-01-28T08:00:00+00:00","description":"G\u0131da end\u00fcstrisinin g\u00fcvenilir tedarik\u00e7isi. Vitamin B6 i\u00e7in kaliteli \u00e7\u00f6z\u00fcmler. Ba\u011f\u0131\u015f\u0131kl\u0131k sistemi ve enerji metabolizmas\u0131 i\u00e7in ideal, rekabet\u00e7i fiyat.","breadcrumb":{"@id":"https:\/\/mtroyal.com.tr\/tr\/product\/vitamin-b6\/#breadcrumb"},"inLanguage":"tr","potentialAction":[{"@type":"ReadAction","target":["https:\/\/mtroyal.com.tr\/tr\/product\/vitamin-b6\/"]}]},{"@type":"ImageObject","inLanguage":"tr","@id":"https:\/\/mtroyal.com.tr\/tr\/product\/vitamin-b6\/#primaryimage","url":"https:\/\/mtroyal.com.tr\/tr\/wp-content\/uploads\/2024\/12\/Vitamin-B6_11zon.jpg","contentUrl":"https:\/\/mtroyal.com.tr\/tr\/wp-content\/uploads\/2024\/12\/Vitamin-B6_11zon.jpg","width":1600,"height":1600,"caption":"Vitamin B6"},{"@type":"BreadcrumbList","@id":"https:\/\/mtroyal.com.tr\/tr\/product\/vitamin-b6\/#breadcrumb","itemListElement":[{"@type":"ListItem","position":1,"name":"Home","item":"https:\/\/mtroyal.com.tr\/tr\/"},{"@type":"ListItem","position":2,"name":"\u00dcr\u00fcnlerimiz","item":"https:\/\/mtroyal.com.tr\/tr\/urunlerimiz\/"},{"@type":"ListItem","position":3,"name":"Vitamin B6"}]},{"@type":"WebSite","@id":"https:\/\/mtroyal.com.tr\/tr\/#website","url":"https:\/\/mtroyal.com.tr\/tr\/","name":"MTROYAL","description":"","publisher":{"@id":"https:\/\/mtroyal.com.tr\/tr\/#organization"},"potentialAction":[{"@type":"SearchAction","target":{"@type":"EntryPoint","urlTemplate":"https:\/\/mtroyal.com.tr\/tr\/?s={search_term_string}"},"query-input":{"@type":"PropertyValueSpecification","valueRequired":true,"valueName":"search_term_string"}}],"inLanguage":"tr"},{"@type":"Organization","@id":"https:\/\/mtroyal.com.tr\/tr\/#organization","name":"MTROYAL","url":"https:\/\/mtroyal.com.tr\/tr\/","logo":{"@type":"ImageObject","inLanguage":"tr","@id":"https:\/\/mtroyal.com.tr\/tr\/#\/schema\/logo\/image\/","url":"https:\/\/mtroyal.com.tr\/tr\/wp-content\/uploads\/2023\/12\/mt-logo.png","contentUrl":"https:\/\/mtroyal.com.tr\/tr\/wp-content\/uploads\/2023\/12\/mt-logo.png","width":313,"height":261,"caption":"MTROYAL"},"image":{"@id":"https:\/\/mtroyal.com.tr\/tr\/#\/schema\/logo\/image\/"}},false]}},"yasr_visitor_votes":{"stars_attributes":{"read_only":false,"span_bottom":false},"number_of_votes":0,"sum_votes":0},"_links":{"self":[{"href":"https:\/\/mtroyal.com.tr\/tr\/wp-json\/wp\/v2\/product\/5584","targetHints":{"allow":["GET"]}}],"collection":[{"href":"https:\/\/mtroyal.com.tr\/tr\/wp-json\/wp\/v2\/product"}],"about":[{"href":"https:\/\/mtroyal.com.tr\/tr\/wp-json\/wp\/v2\/types\/product"}],"replies":[{"embeddable":true,"href":"https:\/\/mtroyal.com.tr\/tr\/wp-json\/wp\/v2\/comments?post=5584"}],"wp:featuredmedia":[{"embeddable":true,"href":"https:\/\/mtroyal.com.tr\/tr\/wp-json\/wp\/v2\/media\/7843"}],"wp:attachment":[{"href":"https:\/\/mtroyal.com.tr\/tr\/wp-json\/wp\/v2\/media?parent=5584"}],"wp:term":[{"taxonomy":"product_brand","embeddable":true,"href":"https:\/\/mtroyal.com.tr\/tr\/wp-json\/wp\/v2\/product_brand?post=5584"},{"taxonomy":"product_cat","embeddable":true,"href":"https:\/\/mtroyal.com.tr\/tr\/wp-json\/wp\/v2\/product_cat?post=5584"},{"taxonomy":"product_tag","embeddable":true,"href":"https:\/\/mtroyal.com.tr\/tr\/wp-json\/wp\/v2\/product_tag?post=5584"}],"curies":[{"name":"wp","href":"https:\/\/api.w.org\/{rel}","templated":true}]}}