{"id":5603,"date":"2025-01-28T10:51:24","date_gmt":"2025-01-28T07:51:24","guid":{"rendered":"https:\/\/mtroyal.com.tr\/tr\/?post_type=product&#038;p=5603"},"modified":"2025-01-28T10:51:26","modified_gmt":"2025-01-28T07:51:26","slug":"dehidre-yesil-biber","status":"publish","type":"product","link":"https:\/\/mtroyal.com.tr\/tr\/product\/dehidre-yesil-biber\/","title":{"rendered":"Dehidre Ye\u015fil Biber"},"content":{"rendered":"<p>Dehidre Ye\u015fil Biber, taze ye\u015fil biberlerin \u00f6zel bir i\u015flemle kurutulup, lezzetini ve besin de\u011ferini koruyarak kullan\u0131ma sunulmu\u015f bir \u00fcr\u00fcnd\u00fcr. So\u011fuk kurutma i\u015flemi ile vitamin, mineral ve antioksidanlar korunarak, bu \u00fcr\u00fcn\u00fc her t\u00fcrl\u00fc yemekte rahat\u00e7a kullanabilirsiniz. MT Royal, g\u0131da sekt\u00f6r\u00fcne y\u00f6nelik en kaliteli Dehidre Ye\u015fil Biber&#8217;i, en uygun fiyatlarla sunarak sekt\u00f6r profesyonellerine ve ev a\u015f\u00e7\u0131lar\u0131na b\u00fcy\u00fck bir kolayl\u0131k sa\u011flamaktad\u0131r.<\/p>\n<h2>Dehidre Ye\u015fil Biber&#8217;in Faydalar\u0131<\/h2>\n<p>Dehidre Ye\u015fil Biber, sadece lezzetli bir malzeme olmakla kalmaz, ayn\u0131 zamanda sa\u011fl\u0131k a\u00e7\u0131s\u0131ndan da bir\u00e7ok fayda sa\u011flar. \u0130\u015fte bu \u00fcr\u00fcn\u00fcn \u00f6ne \u00e7\u0131kan baz\u0131 sa\u011fl\u0131k yararlar\u0131:<\/p>\n<p>1. <strong>Zengin Besin \u0130\u00e7eri\u011fi<\/strong><\/p>\n<p>Dehidre Ye\u015fil Biber, vitamin ve mineral a\u00e7\u0131s\u0131ndan olduk\u00e7a zengindir. A, C ve E vitaminleri ba\u015fta olmak \u00fczere, antioksidan \u00f6zellikleriyle v\u00fccuda faydal\u0131d\u0131r. \u0130\u00e7erdi\u011fi vitaminler, ba\u011f\u0131\u015f\u0131kl\u0131k sistemini g\u00fc\u00e7lendirmeye yard\u0131mc\u0131 olur.<\/p>\n<p>2. <strong>Kolesterol D\u00fc\u015f\u00fcrme<\/strong><\/p>\n<p>Ye\u015fil biber, lif ve potasyum a\u00e7\u0131s\u0131ndan zengin oldu\u011fundan, kolesterol\u00fc dengelemeye yard\u0131mc\u0131 olabilir. Ayr\u0131ca, kalp sa\u011fl\u0131\u011f\u0131n\u0131 korumaya katk\u0131da bulunur.<\/p>\n<p>3. <strong>Metabolizma H\u0131zland\u0131r\u0131c\u0131 Etki<\/strong><\/p>\n<p>Ye\u015fil biber, i\u00e7erdi\u011fi kapsaisin bile\u015feniyle metabolizmay\u0131 h\u0131zland\u0131r\u0131r. Bu da v\u00fccudun daha fazla kalori yakmas\u0131na yard\u0131mc\u0131 olur, bu nedenle zay\u0131flama diyetlerinde de tercih edilir.<\/p>\n<p>4. <strong>Antioksidan \u00d6zellikler<\/strong><\/p>\n<p>Ye\u015fil biber, v\u00fccuttaki serbest radikalleri n\u00f6tralize eder, bu da ya\u015flanma s\u00fcrecini yava\u015flat\u0131r ve h\u00fccrelerin zarar g\u00f6rmesini engeller.<\/p>\n<h2>Dehidre Ye\u015fil Biber\u2019in Kullan\u0131m Alanlar\u0131<\/h2>\n<p>Dehidre Ye\u015fil Biber, mutfaklarda \u00e7ok y\u00f6nl\u00fc olarak kullan\u0131labilir. Bu kurutulmu\u015f malzeme, hem profesyonel mutfaklarda hem de ev mutfaklar\u0131nda geni\u015f bir kullan\u0131m alan\u0131 sunar. \u0130\u015fte Dehidre Ye\u015fil Biber\u2019in en pop\u00fcler kullan\u0131m alanlar\u0131:<\/p>\n<p>1. <strong>Yemeklere Lezzet Katma<\/strong><\/p>\n<p>Dehidre Ye\u015fil Biber, yemeklerinize do\u011fal bir tat katar. \u00c7orbalar, et yemekleri, sebzeli yemekler ve garnit\u00fcrlerde kullanabilece\u011finiz gibi, pizza, b\u00f6rek gibi f\u0131r\u0131nlanm\u0131\u015f \u00fcr\u00fcnlerde de m\u00fckemmel bir malzeme olarak kar\u015f\u0131n\u0131za \u00e7\u0131kar.<\/p>\n<p>2. <strong>Soslar ve Salatalar<\/strong><\/p>\n<p>Dehidre Ye\u015fil Biber, soslar ve salatalarda da kullan\u0131labilir. \u00d6zellikle ac\u0131 ve baharatl\u0131 lezzetleri sevenler i\u00e7in harika bir alternatif olu\u015fturur. Salatalarda, do\u011frudan so\u011fuk yemeklere eklenebilir, s\u0131cak yemeklerde ise pi\u015firme s\u00fcresince kolayca eriyebilir.<\/p>\n<p>3. <strong>Dondurulmu\u015f \u00dcr\u00fcnlerde Kullan\u0131m<\/strong><\/p>\n<p>Dondurulmu\u015f g\u0131da \u00fcr\u00fcnleri haz\u0131rlarken de dehidre ye\u015fil biberi kullanabilirsiniz. \u00d6zellikle yemeklere h\u0131zl\u0131 bir \u015fekilde lezzet eklemek i\u00e7in pratik bir \u00e7\u00f6z\u00fcmd\u00fcr. Ayr\u0131ca, bu \u00fcr\u00fcn\u00fcn kurutulmu\u015f formu, dondurulmu\u015f g\u0131da \u00fcr\u00fcnlerinde uzun s\u00fcre taze kalmas\u0131na olanak tan\u0131r.<\/p>\n<p>4. <strong>Paketlenmi\u015f G\u0131da \u00dcr\u00fcnleri<\/strong><\/p>\n<p>Dehidre Ye\u015fil Biber, paketlenmi\u015f g\u0131da \u00fcr\u00fcnlerinde de kullan\u0131l\u0131r. Haz\u0131r \u00e7orbalar, haz\u0131r yemekler ve at\u0131\u015ft\u0131rmal\u0131klar gibi \u00fcr\u00fcnlere do\u011fall\u0131k katmak i\u00e7in idealdir.<\/p>\n<p>5. <strong>Baharat Kar\u0131\u015f\u0131mlar\u0131<\/strong><\/p>\n<p>Dehidre Ye\u015fil Biber, \u00e7e\u015fitli baharat kar\u0131\u015f\u0131mlar\u0131nda kullan\u0131larak yeme\u011fe ekstra bir tat ve renk katar. \u00c7e\u015fitli ev yap\u0131m\u0131 baharat kar\u0131\u015f\u0131mlar\u0131n\u0131zda veya ticari baharat kar\u0131\u015f\u0131mlar\u0131n\u0131zda bu \u00fcr\u00fcn\u00fc kullanabilirsiniz.<\/p>\n<h2>Dehidre Ye\u015fil Biber ve Sa\u011fl\u0131k Faydalar\u0131<\/h2>\n<p>Ye\u015fil biberin sa\u011fl\u0131k \u00fczerindeki faydalar\u0131 saymakla bitmez. Dehidre edilmi\u015f formu da bu \u00f6zellikleri kaybetmeden kullan\u0131m\u0131n\u0131za sunuluyor. \u0130\u015fte sa\u011fl\u0131\u011f\u0131n\u0131za sa\u011flad\u0131\u011f\u0131 baz\u0131 katk\u0131lar:<\/p>\n<p>1. <strong>Cilt Sa\u011fl\u0131\u011f\u0131n\u0131 Destekler<\/strong><\/p>\n<p>Ye\u015fil biber, i\u00e7erdi\u011fi C vitamini sayesinde cilt sa\u011fl\u0131\u011f\u0131n\u0131 iyile\u015ftirir. C vitamini, cilt h\u00fccrelerinin yenilenmesine yard\u0131mc\u0131 olur, b\u00f6ylece cilt daha sa\u011fl\u0131kl\u0131 ve parlak g\u00f6r\u00fcn\u00fcr.<\/p>\n<p>2. <strong>Sindirim Sistemi Destekler<\/strong><\/p>\n<p>Lif a\u00e7\u0131s\u0131ndan zengin olan ye\u015fil biber, sindirim sisteminin d\u00fczenli \u00e7al\u0131\u015fmas\u0131n\u0131 destekler. Ayr\u0131ca, sindirimi kolayla\u015ft\u0131rarak kab\u0131zl\u0131k gibi sorunlar\u0131 engellemeye yard\u0131mc\u0131 olur.<\/p>\n<p>3. <strong>\u0130ltihap Azalt\u0131c\u0131 \u00d6zellikler<\/strong><\/p>\n<p>Ye\u015fil biber, do\u011fal bir anti-inflamatuar (iltihap \u00f6nleyici) \u00f6zelli\u011fe sahiptir. V\u00fccuttaki iltihaplar\u0131 azaltarak kas a\u011fr\u0131lar\u0131, eklem sorunlar\u0131 ve di\u011fer inflamasyon belirtilerini hafifletebilir.<\/p>\n<p>4. <strong>Ba\u011f\u0131\u015f\u0131kl\u0131k Sistemini G\u00fc\u00e7lendirir<\/strong><\/p>\n<p>\u0130\u00e7erdi\u011fi y\u00fcksek miktarda C vitamini sayesinde ba\u011f\u0131\u015f\u0131kl\u0131k sistemini g\u00fc\u00e7lendirir. So\u011fuk alg\u0131nl\u0131\u011f\u0131na kar\u015f\u0131 v\u00fccudu korur, hastal\u0131klara kar\u015f\u0131 diren\u00e7 kazand\u0131r\u0131r.<\/p>\n<h2>MT Royal: Dehidre Ye\u015fil Biber \u0130\u00e7in G\u00fcvenilir Tedarik\u00e7i<\/h2>\n<p>MT Royal, g\u0131da end\u00fcstrisine y\u00f6nelik y\u00fcksek kaliteli ve g\u00fcvenli \u00fcr\u00fcnler sa\u011flayan lider bir markad\u0131r. Dehidre Ye\u015fil Biber de MT Royal&#8217;in sundu\u011fu kaliteli g\u0131da \u00fcr\u00fcnlerinden sadece bir tanesidir. \u0130\u015fte MT Royal\u2019in bu \u00fcr\u00fcn\u00fc sunarken sa\u011flad\u0131\u011f\u0131 baz\u0131 avantajlar:<\/p>\n<p>1. <strong>Y\u00fcksek Kalite ve G\u00fcvenlik<\/strong><\/p>\n<p>MT Royal, yaln\u0131zca g\u0131da g\u00fcvenli\u011fi standartlar\u0131na uygun \u00fcr\u00fcnleri tedarik eder. Dehidre Ye\u015fil Biber de titiz bir kalite kontrol s\u00fcrecinden ge\u00e7er, bu sayede g\u00fcvenle kullanabilirsiniz.<\/p>\n<p>2. <strong>Uygun Fiyatlar<\/strong><\/p>\n<p>MT Royal, Dehidre Ye\u015fil Biber&#8217;i en uygun fiyatlarla sunarak g\u0131da sekt\u00f6r\u00fcndeki profesyonellere b\u00fcy\u00fck bir avantaj sa\u011flar. Rekabet\u00e7i fiyatlarla y\u00fcksek kaliteli \u00fcr\u00fcnlere sahip olabilirsiniz.<\/p>\n<p>3. <strong>H\u0131zl\u0131 ve G\u00fcvenli Teslimat<\/strong><\/p>\n<p>MT Royal, \u00fcr\u00fcnlerini h\u0131zl\u0131 bir \u015fekilde teslim eder. Sipari\u015flerinizi g\u00fcvenli bir \u015fekilde al\u0131r, zaman\u0131nda teslimat yaparak i\u015flerinizi aksatmaz.<\/p>\n<p>4. <strong>Geni\u015f \u00dcr\u00fcn Yelpazesi<\/strong><\/p>\n<p>Dehidre Ye\u015fil Biber d\u0131\u015f\u0131nda, MT Royal geni\u015f bir \u00fcr\u00fcn yelpazesi sunar. Farkl\u0131 g\u0131da \u00fcr\u00fcnleriyle ihtiyac\u0131n\u0131za uygun \u00e7\u00f6z\u00fcmler sa\u011flar.<\/p>\n<p>5. <strong>Uzman Destek<\/strong><\/p>\n<p>MT Royal, g\u0131da \u00fcr\u00fcnleri hakk\u0131nda teknik destek ve dan\u0131\u015fmanl\u0131k hizmeti sunmaktad\u0131r. Dehidre Ye\u015fil Biber hakk\u0131nda detayl\u0131 bilgi almak ve \u00fcr\u00fcn hakk\u0131nda sorular sormak i\u00e7in MT Royal ekibiyle ileti\u015fime ge\u00e7ebilirsiniz.<\/p>\n<h2>Dehidre Ye\u015fil Biber Anahtar \u00d6zellikleri<\/h2>\n<p>A\u015fa\u011f\u0131daki tabloda, Dehidre Ye\u015fil Biber\u2019in sa\u011flad\u0131\u011f\u0131 anahtar \u00f6zellikleri daha net bir \u015fekilde g\u00f6rebilirsiniz:<\/p>\n<table>\n<thead>\n<tr>\n<th>\u00d6zellik<\/th>\n<th>A\u00e7\u0131klama<\/th>\n<\/tr>\n<\/thead>\n<tbody>\n<tr>\n<td><strong>Do\u011fal ve Sa\u011fl\u0131kl\u0131<\/strong><\/td>\n<td>Taze ye\u015fil biberin do\u011fal \u00f6zelliklerini i\u00e7erir, sa\u011fl\u0131kl\u0131 bir bile\u015fendir.<\/td>\n<\/tr>\n<tr>\n<td><strong>Kolay Kullan\u0131m<\/strong><\/td>\n<td>Direkt olarak yemeklere eklenebilir, pratik kullan\u0131m\u0131 sayesinde zaman kazand\u0131r\u0131r.<\/td>\n<\/tr>\n<tr>\n<td><strong>Lezzet Art\u0131r\u0131c\u0131<\/strong><\/td>\n<td>Yemeklere do\u011fal ye\u015fil biber tad\u0131 katar, lezzetli ve aromatik sonu\u00e7lar elde edilir.<\/td>\n<\/tr>\n<tr>\n<td><strong>Uzun Raf \u00d6mr\u00fc<\/strong><\/td>\n<td>Taze ye\u015fil biberle k\u0131yasland\u0131\u011f\u0131nda daha uzun s\u00fcre saklanabilir ve taze gibi kullan\u0131labilir.<\/td>\n<\/tr>\n<tr>\n<td><strong>\u00c7e\u015fitli Kullan\u0131m Alanlar\u0131<\/strong><\/td>\n<td>\u00c7orba, et yemekleri, salatalar ve dondurulmu\u015f \u00fcr\u00fcnlerde kullan\u0131labilir.<\/td>\n<\/tr>\n<\/tbody>\n<\/table>\n<h2>Sonu\u00e7: Dehidre Ye\u015fil Biber ile Yemeklerinize Do\u011fal Lezzet Kat\u0131n<\/h2>\n<p>Dehidre Ye\u015fil Biber, yemeklerinize hem lezzet hem de sa\u011fl\u0131k katmak i\u00e7in m\u00fckemmel bir alternatiftir. MT Royal, bu kaliteli g\u0131da \u00fcr\u00fcn\u00fcn\u00fc en uygun fiyatlarla sunarak g\u0131da sekt\u00f6r\u00fcndeki profesyonellere b\u00fcy\u00fck bir kolayl\u0131k sa\u011flar. Yemeklerinize do\u011fal bir tat ve sa\u011fl\u0131kl\u0131 faydalar eklemek istiyorsan\u0131z, Dehidre Ye\u015fil Biber\u2019i mutlaka denemelisiniz.<\/p>\n<p><strong>Dehidre Ye\u015fil Biber sipari\u015fi vermek veya daha fazla bilgi almak i\u00e7in MT Royal ile ileti\u015fime ge\u00e7in!<\/strong><\/p>\n<div style='text-align:center' class='yasr-auto-insert-visitor'><\/div>","protected":false},"excerpt":{"rendered":"<p><span style=\"border: 0px solid #e5e7eb; --tw-border-spacing-x: 0; --tw-border-spacing-y: 0; --tw-translate-x: 0; ... \n<\/p>\n","protected":false},"featured_media":7668,"comment_status":"open","ping_status":"closed","template":"","meta":{"yasr_overall_rating":0,"yasr_post_is_review":"","yasr_auto_insert_disabled":"","yasr_review_type":""},"product_brand":[],"product_cat":[50],"product_tag":[],"class_list":{"0":"post-5603","1":"product","2":"type-product","3":"status-publish","4":"has-post-thumbnail","6":"product_cat-temel-hammaddeler","8":"first","9":"instock","10":"shipping-taxable","11":"product-type-simple"},"yoast_head":"<!-- This site is optimized with the Yoast SEO Premium plugin v24.5 (Yoast SEO v26.6) - https:\/\/yoast.com\/wordpress\/plugins\/seo\/ -->\n<title>Dehidre Ye\u015fil Biber - MTROYAL<\/title>\n<meta name=\"description\" content=\"G\u0131da end\u00fcstrisinin g\u00fcvenilir tedarik\u00e7isi. Dehidre Ye\u015fil Biber i\u00e7in kaliteli \u00e7\u00f6z\u00fcmler. Lezzet art\u0131r\u0131c\u0131 ve pratik kullan\u0131m, rekabet\u00e7i fiyat. sipari\u015f verin!\" \/>\n<meta name=\"robots\" content=\"index, follow, max-snippet:-1, max-image-preview:large, max-video-preview:-1\" \/>\n<link rel=\"canonical\" href=\"https:\/\/mtroyal.com.tr\/tr\/product\/dehidre-yesil-biber\/\" \/>\n<meta property=\"og:locale\" content=\"tr_TR\" \/>\n<meta property=\"og:type\" content=\"article\" \/>\n<meta property=\"og:title\" content=\"Dehidre Ye\u015fil Biber\" \/>\n<meta property=\"og:description\" content=\"G\u0131da end\u00fcstrisinin g\u00fcvenilir tedarik\u00e7isi. Dehidre Ye\u015fil Biber i\u00e7in kaliteli \u00e7\u00f6z\u00fcmler. Lezzet art\u0131r\u0131c\u0131 ve pratik kullan\u0131m, rekabet\u00e7i fiyat. sipari\u015f verin!\" \/>\n<meta property=\"og:url\" content=\"https:\/\/mtroyal.com.tr\/tr\/product\/dehidre-yesil-biber\/\" \/>\n<meta property=\"og:site_name\" content=\"MTROYAL\" \/>\n<meta property=\"article:modified_time\" content=\"2025-01-28T07:51:26+00:00\" \/>\n<meta property=\"og:image\" content=\"https:\/\/mtroyal.com.tr\/tr\/wp-content\/uploads\/2024\/12\/Dehidre-Yesil-Biber.jpg\" \/>\n\t<meta property=\"og:image:width\" content=\"1000\" \/>\n\t<meta property=\"og:image:height\" content=\"1000\" \/>\n\t<meta property=\"og:image:type\" content=\"image\/jpeg\" \/>\n<meta name=\"twitter:card\" content=\"summary_large_image\" \/>\n<script type=\"application\/ld+json\" class=\"yoast-schema-graph\">{\"@context\":\"https:\/\/schema.org\",\"@graph\":[{\"@type\":\"WebPage\",\"@id\":\"https:\/\/mtroyal.com.tr\/tr\/product\/dehidre-yesil-biber\/\",\"url\":\"https:\/\/mtroyal.com.tr\/tr\/product\/dehidre-yesil-biber\/\",\"name\":\"Dehidre Ye\u015fil Biber - MTROYAL\",\"isPartOf\":{\"@id\":\"https:\/\/mtroyal.com.tr\/tr\/#website\"},\"primaryImageOfPage\":{\"@id\":\"https:\/\/mtroyal.com.tr\/tr\/product\/dehidre-yesil-biber\/#primaryimage\"},\"image\":{\"@id\":\"https:\/\/mtroyal.com.tr\/tr\/product\/dehidre-yesil-biber\/#primaryimage\"},\"thumbnailUrl\":\"https:\/\/mtroyal.com.tr\/tr\/wp-content\/uploads\/2024\/12\/Dehidre-Yesil-Biber.jpg\",\"datePublished\":\"2025-01-28T07:51:24+00:00\",\"dateModified\":\"2025-01-28T07:51:26+00:00\",\"description\":\"G\u0131da end\u00fcstrisinin g\u00fcvenilir tedarik\u00e7isi. Dehidre Ye\u015fil Biber i\u00e7in kaliteli \u00e7\u00f6z\u00fcmler. Lezzet art\u0131r\u0131c\u0131 ve pratik kullan\u0131m, rekabet\u00e7i fiyat. sipari\u015f verin!\",\"breadcrumb\":{\"@id\":\"https:\/\/mtroyal.com.tr\/tr\/product\/dehidre-yesil-biber\/#breadcrumb\"},\"inLanguage\":\"tr\",\"potentialAction\":[{\"@type\":\"ReadAction\",\"target\":[\"https:\/\/mtroyal.com.tr\/tr\/product\/dehidre-yesil-biber\/\"]}]},{\"@type\":\"ImageObject\",\"inLanguage\":\"tr\",\"@id\":\"https:\/\/mtroyal.com.tr\/tr\/product\/dehidre-yesil-biber\/#primaryimage\",\"url\":\"https:\/\/mtroyal.com.tr\/tr\/wp-content\/uploads\/2024\/12\/Dehidre-Yesil-Biber.jpg\",\"contentUrl\":\"https:\/\/mtroyal.com.tr\/tr\/wp-content\/uploads\/2024\/12\/Dehidre-Yesil-Biber.jpg\",\"width\":1000,\"height\":1000,\"caption\":\"Dehidre Ye\u015fil Biber\"},{\"@type\":\"BreadcrumbList\",\"@id\":\"https:\/\/mtroyal.com.tr\/tr\/product\/dehidre-yesil-biber\/#breadcrumb\",\"itemListElement\":[{\"@type\":\"ListItem\",\"position\":1,\"name\":\"Home\",\"item\":\"https:\/\/mtroyal.com.tr\/tr\/\"},{\"@type\":\"ListItem\",\"position\":2,\"name\":\"\u00dcr\u00fcnlerimiz\",\"item\":\"https:\/\/mtroyal.com.tr\/tr\/urunlerimiz\/\"},{\"@type\":\"ListItem\",\"position\":3,\"name\":\"Dehidre Ye\u015fil Biber\"}]},{\"@type\":\"WebSite\",\"@id\":\"https:\/\/mtroyal.com.tr\/tr\/#website\",\"url\":\"https:\/\/mtroyal.com.tr\/tr\/\",\"name\":\"MTROYAL\",\"description\":\"\",\"publisher\":{\"@id\":\"https:\/\/mtroyal.com.tr\/tr\/#organization\"},\"potentialAction\":[{\"@type\":\"SearchAction\",\"target\":{\"@type\":\"EntryPoint\",\"urlTemplate\":\"https:\/\/mtroyal.com.tr\/tr\/?s={search_term_string}\"},\"query-input\":{\"@type\":\"PropertyValueSpecification\",\"valueRequired\":true,\"valueName\":\"search_term_string\"}}],\"inLanguage\":\"tr\"},{\"@type\":\"Organization\",\"@id\":\"https:\/\/mtroyal.com.tr\/tr\/#organization\",\"name\":\"MTROYAL\",\"url\":\"https:\/\/mtroyal.com.tr\/tr\/\",\"logo\":{\"@type\":\"ImageObject\",\"inLanguage\":\"tr\",\"@id\":\"https:\/\/mtroyal.com.tr\/tr\/#\/schema\/logo\/image\/\",\"url\":\"https:\/\/mtroyal.com.tr\/tr\/wp-content\/uploads\/2023\/12\/mt-logo.png\",\"contentUrl\":\"https:\/\/mtroyal.com.tr\/tr\/wp-content\/uploads\/2023\/12\/mt-logo.png\",\"width\":313,\"height\":261,\"caption\":\"MTROYAL\"},\"image\":{\"@id\":\"https:\/\/mtroyal.com.tr\/tr\/#\/schema\/logo\/image\/\"}},false]}<\/script>\n<!-- \/ Yoast SEO Premium plugin. -->","yoast_head_json":{"title":"Dehidre Ye\u015fil Biber - MTROYAL","description":"G\u0131da end\u00fcstrisinin g\u00fcvenilir tedarik\u00e7isi. Dehidre Ye\u015fil Biber i\u00e7in kaliteli \u00e7\u00f6z\u00fcmler. Lezzet art\u0131r\u0131c\u0131 ve pratik kullan\u0131m, rekabet\u00e7i fiyat. sipari\u015f verin!","robots":{"index":"index","follow":"follow","max-snippet":"max-snippet:-1","max-image-preview":"max-image-preview:large","max-video-preview":"max-video-preview:-1"},"canonical":"https:\/\/mtroyal.com.tr\/tr\/product\/dehidre-yesil-biber\/","og_locale":"tr_TR","og_type":"article","og_title":"Dehidre Ye\u015fil Biber","og_description":"G\u0131da end\u00fcstrisinin g\u00fcvenilir tedarik\u00e7isi. Dehidre Ye\u015fil Biber i\u00e7in kaliteli \u00e7\u00f6z\u00fcmler. Lezzet art\u0131r\u0131c\u0131 ve pratik kullan\u0131m, rekabet\u00e7i fiyat. sipari\u015f verin!","og_url":"https:\/\/mtroyal.com.tr\/tr\/product\/dehidre-yesil-biber\/","og_site_name":"MTROYAL","article_modified_time":"2025-01-28T07:51:26+00:00","og_image":[{"width":1000,"height":1000,"url":"https:\/\/mtroyal.com.tr\/tr\/wp-content\/uploads\/2024\/12\/Dehidre-Yesil-Biber.jpg","type":"image\/jpeg"}],"twitter_card":"summary_large_image","schema":{"@context":"https:\/\/schema.org","@graph":[{"@type":"WebPage","@id":"https:\/\/mtroyal.com.tr\/tr\/product\/dehidre-yesil-biber\/","url":"https:\/\/mtroyal.com.tr\/tr\/product\/dehidre-yesil-biber\/","name":"Dehidre Ye\u015fil Biber - MTROYAL","isPartOf":{"@id":"https:\/\/mtroyal.com.tr\/tr\/#website"},"primaryImageOfPage":{"@id":"https:\/\/mtroyal.com.tr\/tr\/product\/dehidre-yesil-biber\/#primaryimage"},"image":{"@id":"https:\/\/mtroyal.com.tr\/tr\/product\/dehidre-yesil-biber\/#primaryimage"},"thumbnailUrl":"https:\/\/mtroyal.com.tr\/tr\/wp-content\/uploads\/2024\/12\/Dehidre-Yesil-Biber.jpg","datePublished":"2025-01-28T07:51:24+00:00","dateModified":"2025-01-28T07:51:26+00:00","description":"G\u0131da end\u00fcstrisinin g\u00fcvenilir tedarik\u00e7isi. Dehidre Ye\u015fil Biber i\u00e7in kaliteli \u00e7\u00f6z\u00fcmler. Lezzet art\u0131r\u0131c\u0131 ve pratik kullan\u0131m, rekabet\u00e7i fiyat. sipari\u015f verin!","breadcrumb":{"@id":"https:\/\/mtroyal.com.tr\/tr\/product\/dehidre-yesil-biber\/#breadcrumb"},"inLanguage":"tr","potentialAction":[{"@type":"ReadAction","target":["https:\/\/mtroyal.com.tr\/tr\/product\/dehidre-yesil-biber\/"]}]},{"@type":"ImageObject","inLanguage":"tr","@id":"https:\/\/mtroyal.com.tr\/tr\/product\/dehidre-yesil-biber\/#primaryimage","url":"https:\/\/mtroyal.com.tr\/tr\/wp-content\/uploads\/2024\/12\/Dehidre-Yesil-Biber.jpg","contentUrl":"https:\/\/mtroyal.com.tr\/tr\/wp-content\/uploads\/2024\/12\/Dehidre-Yesil-Biber.jpg","width":1000,"height":1000,"caption":"Dehidre Ye\u015fil Biber"},{"@type":"BreadcrumbList","@id":"https:\/\/mtroyal.com.tr\/tr\/product\/dehidre-yesil-biber\/#breadcrumb","itemListElement":[{"@type":"ListItem","position":1,"name":"Home","item":"https:\/\/mtroyal.com.tr\/tr\/"},{"@type":"ListItem","position":2,"name":"\u00dcr\u00fcnlerimiz","item":"https:\/\/mtroyal.com.tr\/tr\/urunlerimiz\/"},{"@type":"ListItem","position":3,"name":"Dehidre Ye\u015fil Biber"}]},{"@type":"WebSite","@id":"https:\/\/mtroyal.com.tr\/tr\/#website","url":"https:\/\/mtroyal.com.tr\/tr\/","name":"MTROYAL","description":"","publisher":{"@id":"https:\/\/mtroyal.com.tr\/tr\/#organization"},"potentialAction":[{"@type":"SearchAction","target":{"@type":"EntryPoint","urlTemplate":"https:\/\/mtroyal.com.tr\/tr\/?s={search_term_string}"},"query-input":{"@type":"PropertyValueSpecification","valueRequired":true,"valueName":"search_term_string"}}],"inLanguage":"tr"},{"@type":"Organization","@id":"https:\/\/mtroyal.com.tr\/tr\/#organization","name":"MTROYAL","url":"https:\/\/mtroyal.com.tr\/tr\/","logo":{"@type":"ImageObject","inLanguage":"tr","@id":"https:\/\/mtroyal.com.tr\/tr\/#\/schema\/logo\/image\/","url":"https:\/\/mtroyal.com.tr\/tr\/wp-content\/uploads\/2023\/12\/mt-logo.png","contentUrl":"https:\/\/mtroyal.com.tr\/tr\/wp-content\/uploads\/2023\/12\/mt-logo.png","width":313,"height":261,"caption":"MTROYAL"},"image":{"@id":"https:\/\/mtroyal.com.tr\/tr\/#\/schema\/logo\/image\/"}},false]}},"yasr_visitor_votes":{"stars_attributes":{"read_only":false,"span_bottom":false},"number_of_votes":0,"sum_votes":0},"_links":{"self":[{"href":"https:\/\/mtroyal.com.tr\/tr\/wp-json\/wp\/v2\/product\/5603","targetHints":{"allow":["GET"]}}],"collection":[{"href":"https:\/\/mtroyal.com.tr\/tr\/wp-json\/wp\/v2\/product"}],"about":[{"href":"https:\/\/mtroyal.com.tr\/tr\/wp-json\/wp\/v2\/types\/product"}],"replies":[{"embeddable":true,"href":"https:\/\/mtroyal.com.tr\/tr\/wp-json\/wp\/v2\/comments?post=5603"}],"wp:featuredmedia":[{"embeddable":true,"href":"https:\/\/mtroyal.com.tr\/tr\/wp-json\/wp\/v2\/media\/7668"}],"wp:attachment":[{"href":"https:\/\/mtroyal.com.tr\/tr\/wp-json\/wp\/v2\/media?parent=5603"}],"wp:term":[{"taxonomy":"product_brand","embeddable":true,"href":"https:\/\/mtroyal.com.tr\/tr\/wp-json\/wp\/v2\/product_brand?post=5603"},{"taxonomy":"product_cat","embeddable":true,"href":"https:\/\/mtroyal.com.tr\/tr\/wp-json\/wp\/v2\/product_cat?post=5603"},{"taxonomy":"product_tag","embeddable":true,"href":"https:\/\/mtroyal.com.tr\/tr\/wp-json\/wp\/v2\/product_tag?post=5603"}],"curies":[{"name":"wp","href":"https:\/\/api.w.org\/{rel}","templated":true}]}}