{"id":5611,"date":"2025-01-28T10:51:32","date_gmt":"2025-01-28T07:51:32","guid":{"rendered":"https:\/\/mtroyal.com.tr\/tr\/?post_type=product&#038;p=5611"},"modified":"2025-01-28T10:51:33","modified_gmt":"2025-01-28T07:51:33","slug":"dehidre-sogan-pul","status":"publish","type":"product","link":"https:\/\/mtroyal.com.tr\/tr\/product\/dehidre-sogan-pul\/","title":{"rendered":"Dehidre So\u011fan Pul"},"content":{"rendered":"<p>Dehidre So\u011fan Pul, taze so\u011fan\u0131n kurutulup ince ince do\u011franarak yap\u0131lan bir \u00fcr\u00fcnd\u00fcr. Kurutulmu\u015f so\u011fanlar, g\u0131da end\u00fcstrisinde \u00e7ok geni\u015f bir kullan\u0131m alan\u0131na sahip olan pratik bir bile\u015fendir. Yemeklere lezzet katmak i\u00e7in kullan\u0131lan bu \u00fcr\u00fcn, taze so\u011fan\u0131 elde etmenin zahmetinden ka\u00e7\u0131nman\u0131z\u0131 sa\u011flar. So\u011fan\u0131n yo\u011fun ve zengin lezzetini yemeklerinize kolayca ekleyebilmeniz i\u00e7in ideal bir alternatiftir. MT Royal, g\u0131da sekt\u00f6r\u00fcne y\u00f6nelik en kaliteli Dehidre So\u011fan Pul \u00fcr\u00fcnlerini, en uygun fiyatlarla sunmaktad\u0131r.<\/p>\n<h2>Dehidre So\u011fan Pul\u2019un Faydalar\u0131<\/h2>\n<p>Dehidre So\u011fan Pul, taze so\u011fan\u0131n sundu\u011fu bir\u00e7ok fayday\u0131 sunmaya devam eder. Hem sa\u011fl\u0131kl\u0131 hem de pratik bir malzeme olan bu \u00fcr\u00fcn, hem profesyonel mutfaklar hem de ev mutfaklar\u0131 i\u00e7in m\u00fckemmel bir tercihtir.<\/p>\n<p>1. <strong>Uzun Raf \u00d6mr\u00fc<\/strong><\/p>\n<p>Dehidre so\u011fanlar, taze so\u011fan\u0131n aksine uzun s\u00fcre bozulmadan saklanabilir. Dehidre So\u011fan Pul, uzun raf \u00f6mr\u00fc sayesinde, so\u011fanlar\u0131 her zaman taze gibi kullanman\u0131za olanak tan\u0131r. Bu da depolama maliyetlerini d\u00fc\u015f\u00fcr\u00fcr.<\/p>\n<p>2. <strong>Kolay Kullan\u0131m<\/strong><\/p>\n<p>Dehidre So\u011fan Pul, yemeklerinizde do\u011frudan kullan\u0131labilir. Taze so\u011fan do\u011framak, so\u011fanlar\u0131 soyup haz\u0131rlamak gibi i\u015flemlerle vakit kaybetmezsiniz. Sadece miktar\u0131na g\u00f6re su ekleyip kar\u0131\u015ft\u0131rarak yemeklerinize ekleyebilirsiniz.<\/p>\n<p>3. <strong>Lezzet ve Aroma<\/strong><\/p>\n<p>So\u011fan\u0131n zengin ve yo\u011fun aromas\u0131, dehidre so\u011fan pulunda da korunur. Yemeklerinize \u00f6zg\u00fcn bir so\u011fan tad\u0131 katarak lezzetini art\u0131r\u0131r. \u00d6zellikle \u00e7orbalar, soslar, et yemekleri ve garnit\u00fcrlerde kullan\u0131ld\u0131\u011f\u0131nda lezzet fark\u0131n\u0131 hemen hissedebilirsiniz.<\/p>\n<p>4. <strong>Sa\u011fl\u0131k Faydalar\u0131<\/strong><\/p>\n<p>So\u011fan, v\u00fccuda bir\u00e7ok faydal\u0131 bile\u015fen sunar. Dehidre So\u011fan Pul, so\u011fan\u0131n vitamin, mineral ve antioksidan \u00f6zelliklerini i\u00e7erir. Bu, ba\u011f\u0131\u015f\u0131kl\u0131k sistemini g\u00fc\u00e7lendirmek ve genel sa\u011fl\u0131k i\u00e7in \u00f6nemli bir fakt\u00f6rd\u00fcr.<\/p>\n<h2>Dehidre So\u011fan Pul\u2019un Kullan\u0131m Alanlar\u0131<\/h2>\n<p>Dehidre So\u011fan Pul, farkl\u0131 yemeklerde kullan\u0131labilen \u00e7ok y\u00f6nl\u00fc bir bile\u015fendir. \u0130\u015fte en yayg\u0131n kullan\u0131m alanlar\u0131:<\/p>\n<p>1. <strong>\u00c7orba ve Soslar<\/strong><\/p>\n<p>\u00c7orbalar ve soslar, so\u011fanl\u0131 lezzetler i\u00e7in harika alanlard\u0131r. Dehidre So\u011fan Pul, \u00e7orbalara lezzet katmak i\u00e7in m\u00fckemmeldir. Ayr\u0131ca, hemen \u00e7\u00f6z\u00fcnmesi ve kar\u0131\u015fmas\u0131 sayesinde soslarda da rahatl\u0131kla kullan\u0131labilir.<\/p>\n<p>2. <strong>Et ve Tavuk Yemekleri<\/strong><\/p>\n<p>Et ve tavuk yemeklerinde, dehidre so\u011fan puluyla yemeklerinizin lezzetini art\u0131rabilirsiniz. Hem etin marinasyonunda hem de pi\u015firme s\u0131ras\u0131nda kullan\u0131labilir. \u00d6zellikle tavuk ve k\u0131rm\u0131z\u0131 et yemeklerinde bu malzeme \u00e7ok iyi sonu\u00e7 verir.<\/p>\n<p>3. <strong>F\u0131r\u0131nlanm\u0131\u015f \u00dcr\u00fcnler<\/strong><\/p>\n<p>Dehidre So\u011fan Pul, f\u0131r\u0131nlanm\u0131\u015f \u00fcr\u00fcnlere, \u00f6zellikle tuzlu kekler ve b\u00f6reklerde kullan\u0131labilir. Hamur i\u015flerine ekstra bir lezzet katmak i\u00e7in ideal bir bile\u015fendir.<\/p>\n<p>4. <strong>Salatalar ve At\u0131\u015ft\u0131rmal\u0131klar<\/strong><\/p>\n<p>Dehidre So\u011fan Pul, salatalarda ve at\u0131\u015ft\u0131rmal\u0131klarda da kullan\u0131labilir. So\u011fan\u0131n aromas\u0131n\u0131 kolayca yemeklerinize katarken, yemeklerinizi daha da lezzetli hale getirebilirsiniz.<\/p>\n<p>5. <strong>Paketlenmi\u015f G\u0131da \u00dcr\u00fcnleri<\/strong><\/p>\n<p>Dehidre So\u011fan Pul, paketlenmi\u015f g\u0131da \u00fcr\u00fcnlerinde lezzet art\u0131r\u0131c\u0131 olarak kullan\u0131l\u0131r. \u00c7e\u015fitli haz\u0131r yemekler ve at\u0131\u015ft\u0131rmal\u0131klarda kullan\u0131labilir, b\u00f6ylece \u00fcr\u00fcnlere do\u011fal bir tat eklenmi\u015f olur.<\/p>\n<h2>Dehidre So\u011fan Pul\u2019un Sa\u011fl\u0131k Faydalar\u0131<\/h2>\n<p>So\u011fan, do\u011fada bulunan en sa\u011fl\u0131kl\u0131 g\u0131da bile\u015fenlerinden biridir. Dehidre So\u011fan Pul, bu faydalar\u0131 korur ve sunar. \u0130\u015fte bu \u00fcr\u00fcn\u00fc t\u00fcketmenin sa\u011fl\u0131k a\u00e7\u0131s\u0131ndan sa\u011flad\u0131\u011f\u0131 baz\u0131 faydalar:<\/p>\n<p>1. <strong>Ba\u011f\u0131\u015f\u0131kl\u0131k Sistemi G\u00fc\u00e7lendirir<\/strong><\/p>\n<p>So\u011fan, i\u00e7erdi\u011fi C vitamini, k\u00fck\u00fcrt bile\u015fenleri ve di\u011fer antioksidanlar ile ba\u011f\u0131\u015f\u0131kl\u0131k sistemini g\u00fc\u00e7lendirir. Dehidre So\u011fan Pul, bu besin \u00f6\u011felerini i\u00e7erdi\u011fi i\u00e7in v\u00fccudu hastal\u0131klara kar\u015f\u0131 korur.<\/p>\n<p>2. <strong>Sindirim Sa\u011fl\u0131\u011f\u0131n\u0131 \u0130yile\u015ftirir<\/strong><\/p>\n<p>So\u011fan, sindirim sistemine fayda sa\u011flar. Dehidre So\u011fan Pul, sindirimi kolayla\u015ft\u0131ran bir bile\u015fen olarak kar\u0131n a\u011fr\u0131lar\u0131n\u0131, \u015fi\u015fkinlikleri ve gaz problemlerini azalt\u0131r.<\/p>\n<p>3. <strong>Antioksidan Etkisi<\/strong><\/p>\n<p>Dehidre So\u011fan Pul, g\u00fc\u00e7l\u00fc antioksidan \u00f6zelliklere sahiptir. Bu \u00f6zellik, v\u00fccuttaki serbest radikalleri temizler ve h\u00fccrelerin ya\u015flanmas\u0131n\u0131 engeller.<\/p>\n<p>4. <strong>Kalp Sa\u011fl\u0131\u011f\u0131n\u0131 Destekler<\/strong><\/p>\n<p>Dehidre So\u011fan Pul, kalp sa\u011fl\u0131\u011f\u0131 \u00fczerinde olumlu etkiler yarat\u0131r. \u0130\u00e7erdi\u011fi k\u00fck\u00fcrt bile\u015fenleri sayesinde damar sa\u011fl\u0131\u011f\u0131n\u0131 iyile\u015ftirir ve kan bas\u0131nc\u0131n\u0131 d\u00fczenler.<\/p>\n<h2>MT Royal: Dehidre So\u011fan Pul \u0130\u00e7in G\u00fcvenilir Tedarik\u00e7i<\/h2>\n<p>MT Royal, g\u0131da sekt\u00f6r\u00fcnde g\u00fcvenilir ve kaliteli \u00fcr\u00fcnleriyle tan\u0131nan bir markad\u0131r. Dehidre So\u011fan Pul da MT Royal\u2019in sundu\u011fu y\u00fcksek kaliteli g\u0131da \u00fcr\u00fcnlerinden biridir. \u0130\u015fte MT Royal\u2019in Dehidre So\u011fan Pul sundu\u011fu avantajlar:<\/p>\n<p>1. <strong>Y\u00fcksek Kalite ve G\u00fcvenlik<\/strong><\/p>\n<p>MT Royal, yaln\u0131zca y\u00fcksek kaliteli ve g\u00fcvenli Dehidre So\u011fan Pul tedarik eder. \u00dcr\u00fcnler, g\u0131da g\u00fcvenli\u011fi standartlar\u0131na uygun olarak temin edilir ve kaliteli denetimlerden ge\u00e7er.<\/p>\n<p>2. <strong>Rekabet\u00e7i Fiyatlar<\/strong><\/p>\n<p>MT Royal, Dehidre So\u011fan Pul\u2019u en uygun fiyatlarla sunmaktad\u0131r. G\u0131da end\u00fcstrisindeki profesyonellere en kaliteli \u00fcr\u00fcn\u00fc en hesapl\u0131 fiyatla sa\u011flamay\u0131 hedefler.<\/p>\n<p>3. <strong>H\u0131zl\u0131 Teslimat<\/strong><\/p>\n<p>MT Royal, sipari\u015flerinizi h\u0131zl\u0131 bir \u015fekilde teslim eder. G\u0131da \u00fcretimi veya haz\u0131rl\u0131klar\u0131 s\u0131ras\u0131nda zaman kayb\u0131 ya\u015faman\u0131z\u0131 engeller, sipari\u015flerinizi g\u00fcvenli bir \u015fekilde alabilirsiniz.<\/p>\n<p>4. <strong>Geni\u015f \u00dcr\u00fcn Yelpazesi<\/strong><\/p>\n<p>Dehidre So\u011fan Pul d\u0131\u015f\u0131nda, MT Royal\u2019in g\u0131da sekt\u00f6r\u00fcne y\u00f6nelik bir\u00e7ok farkl\u0131 \u00fcr\u00fcn yelpazesi vard\u0131r. G\u0131da bile\u015fenleri konusunda geni\u015f bir se\u00e7im sunarak ihtiyac\u0131n\u0131za uygun \u00fcr\u00fcnleri bulman\u0131z\u0131 sa\u011flar.<\/p>\n<p>5. <strong>Uzman Destek<\/strong><\/p>\n<p>MT Royal, g\u0131da sekt\u00f6r\u00fcndeki t\u00fcm ihtiya\u00e7lar\u0131n\u0131za y\u00f6nelik uzman destek hizmeti sunar. Dehidre So\u011fan Pul hakk\u0131nda teknik destek almak ve detayl\u0131 bilgi edinmek i\u00e7in MT Royal\u2019in uzman ekibiyle ileti\u015fime ge\u00e7ebilirsiniz.<\/p>\n<h2>Dehidre So\u011fan Pul Anahtar \u00d6zellikleri<\/h2>\n<p>Dehidre So\u011fan Pul\u2019\u00fcn sa\u011flad\u0131\u011f\u0131 faydalar\u0131 daha net bir \u015fekilde anlamak i\u00e7in a\u015fa\u011f\u0131daki tabloyu inceleyebilirsiniz:<\/p>\n<table>\n<thead>\n<tr>\n<th>\u00d6zellik<\/th>\n<th>A\u00e7\u0131klama<\/th>\n<\/tr>\n<\/thead>\n<tbody>\n<tr>\n<td><strong>Do\u011fal ve Sa\u011fl\u0131kl\u0131<\/strong><\/td>\n<td>Taze so\u011fan\u0131n do\u011fal \u00f6zelliklerini i\u00e7erir, sa\u011fl\u0131k a\u00e7\u0131s\u0131ndan faydal\u0131d\u0131r.<\/td>\n<\/tr>\n<tr>\n<td><strong>Kolay Kullan\u0131m<\/strong><\/td>\n<td>Direkt olarak yemeklere eklenebilir, zaman kazand\u0131r\u0131r.<\/td>\n<\/tr>\n<tr>\n<td><strong>Lezzet Art\u0131r\u0131c\u0131<\/strong><\/td>\n<td>Yemeklere do\u011fal so\u011fan tad\u0131 katar, lezzetleri zenginle\u015ftirir.<\/td>\n<\/tr>\n<tr>\n<td><strong>Uzun Raf \u00d6mr\u00fc<\/strong><\/td>\n<td>Taze so\u011fana g\u00f6re daha uzun s\u00fcre saklanabilir, pratik depolama sa\u011flar.<\/td>\n<\/tr>\n<tr>\n<td><strong>\u00c7e\u015fitli Kullan\u0131m Alanlar\u0131<\/strong><\/td>\n<td>\u00c7orba, sos, et yemekleri, salatalar ve at\u0131\u015ft\u0131rmal\u0131klarda kullan\u0131labilir.<\/td>\n<\/tr>\n<\/tbody>\n<\/table>\n<h2>Sonu\u00e7: Dehidre So\u011fan Pul ile Yemeklerinize Lezzet Kat\u0131n<\/h2>\n<p>Dehidre So\u011fan Pul, yemeklere lezzet katman\u0131n yan\u0131 s\u0131ra sa\u011fl\u0131k faydalar\u0131yla da \u00f6ne \u00e7\u0131kan bir bile\u015fendir. MT Royal, kaliteli ve g\u00fcvenilir Dehidre So\u011fan Pul\u2019u, en uygun fiyatlarla g\u0131da sekt\u00f6r\u00fcne sunmaktad\u0131r. Pratikli\u011fi, uzun raf \u00f6mr\u00fc ve sa\u011fl\u0131kl\u0131 faydalar\u0131 ile her mutfakta yer almas\u0131 gereken bir \u00fcr\u00fcnd\u00fcr.<\/p>\n<p><strong>Dehidre So\u011fan Pul sipari\u015fi vermek veya daha fazla bilgi almak i\u00e7in MT Royal ile ileti\u015fime ge\u00e7in!<\/strong><\/p>\n<div style='text-align:center' class='yasr-auto-insert-visitor'><\/div>","protected":false},"excerpt":{"rendered":"<p><span style=\"border: 0px solid #e5e7eb; --tw-border-spacing-x: 0; --tw-border-spacing-y: 0; --tw-translate-x: 0; ... \n<\/p>\n","protected":false},"featured_media":7667,"comment_status":"open","ping_status":"closed","template":"","meta":{"yasr_overall_rating":0,"yasr_post_is_review":"","yasr_auto_insert_disabled":"","yasr_review_type":""},"product_brand":[],"product_cat":[50],"product_tag":[],"class_list":{"0":"post-5611","1":"product","2":"type-product","3":"status-publish","4":"has-post-thumbnail","6":"product_cat-temel-hammaddeler","8":"first","9":"instock","10":"shipping-taxable","11":"product-type-simple"},"yoast_head":"<!-- This site is optimized with the Yoast SEO Premium plugin v24.5 (Yoast SEO v26.6) - https:\/\/yoast.com\/wordpress\/plugins\/seo\/ -->\n<title>Dehidre So\u011fan Pul - MTROYAL<\/title>\n<meta name=\"description\" content=\"G\u0131da end\u00fcstrisinin g\u00fcvenilir tedarik\u00e7isi. Dehidre So\u011fan Pul i\u00e7in kaliteli \u00e7\u00f6z\u00fcmler. Lezzet art\u0131r\u0131c\u0131 ve pratik kullan\u0131m, rekabet\u00e7i fiyat. sipari\u015f verin!\" \/>\n<meta name=\"robots\" content=\"index, follow, max-snippet:-1, max-image-preview:large, max-video-preview:-1\" \/>\n<link rel=\"canonical\" href=\"https:\/\/mtroyal.com.tr\/tr\/product\/dehidre-sogan-pul\/\" \/>\n<meta property=\"og:locale\" content=\"tr_TR\" \/>\n<meta property=\"og:type\" content=\"article\" \/>\n<meta property=\"og:title\" content=\"Dehidre So\u011fan Pul\" \/>\n<meta property=\"og:description\" content=\"G\u0131da end\u00fcstrisinin g\u00fcvenilir tedarik\u00e7isi. Dehidre So\u011fan Pul i\u00e7in kaliteli \u00e7\u00f6z\u00fcmler. Lezzet art\u0131r\u0131c\u0131 ve pratik kullan\u0131m, rekabet\u00e7i fiyat. sipari\u015f verin!\" \/>\n<meta property=\"og:url\" content=\"https:\/\/mtroyal.com.tr\/tr\/product\/dehidre-sogan-pul\/\" \/>\n<meta property=\"og:site_name\" content=\"MTROYAL\" \/>\n<meta property=\"article:modified_time\" content=\"2025-01-28T07:51:33+00:00\" \/>\n<meta property=\"og:image\" content=\"https:\/\/mtroyal.com.tr\/tr\/wp-content\/uploads\/2024\/12\/Dehidre-Sogan-Pul.jpg\" \/>\n\t<meta property=\"og:image:width\" content=\"352\" \/>\n\t<meta property=\"og:image:height\" content=\"346\" \/>\n\t<meta property=\"og:image:type\" content=\"image\/jpeg\" \/>\n<meta name=\"twitter:card\" content=\"summary_large_image\" \/>\n<script type=\"application\/ld+json\" class=\"yoast-schema-graph\">{\"@context\":\"https:\/\/schema.org\",\"@graph\":[{\"@type\":\"WebPage\",\"@id\":\"https:\/\/mtroyal.com.tr\/tr\/product\/dehidre-sogan-pul\/\",\"url\":\"https:\/\/mtroyal.com.tr\/tr\/product\/dehidre-sogan-pul\/\",\"name\":\"Dehidre So\u011fan Pul - MTROYAL\",\"isPartOf\":{\"@id\":\"https:\/\/mtroyal.com.tr\/tr\/#website\"},\"primaryImageOfPage\":{\"@id\":\"https:\/\/mtroyal.com.tr\/tr\/product\/dehidre-sogan-pul\/#primaryimage\"},\"image\":{\"@id\":\"https:\/\/mtroyal.com.tr\/tr\/product\/dehidre-sogan-pul\/#primaryimage\"},\"thumbnailUrl\":\"https:\/\/mtroyal.com.tr\/tr\/wp-content\/uploads\/2024\/12\/Dehidre-Sogan-Pul.jpg\",\"datePublished\":\"2025-01-28T07:51:32+00:00\",\"dateModified\":\"2025-01-28T07:51:33+00:00\",\"description\":\"G\u0131da end\u00fcstrisinin g\u00fcvenilir tedarik\u00e7isi. Dehidre So\u011fan Pul i\u00e7in kaliteli \u00e7\u00f6z\u00fcmler. Lezzet art\u0131r\u0131c\u0131 ve pratik kullan\u0131m, rekabet\u00e7i fiyat. sipari\u015f verin!\",\"breadcrumb\":{\"@id\":\"https:\/\/mtroyal.com.tr\/tr\/product\/dehidre-sogan-pul\/#breadcrumb\"},\"inLanguage\":\"tr\",\"potentialAction\":[{\"@type\":\"ReadAction\",\"target\":[\"https:\/\/mtroyal.com.tr\/tr\/product\/dehidre-sogan-pul\/\"]}]},{\"@type\":\"ImageObject\",\"inLanguage\":\"tr\",\"@id\":\"https:\/\/mtroyal.com.tr\/tr\/product\/dehidre-sogan-pul\/#primaryimage\",\"url\":\"https:\/\/mtroyal.com.tr\/tr\/wp-content\/uploads\/2024\/12\/Dehidre-Sogan-Pul.jpg\",\"contentUrl\":\"https:\/\/mtroyal.com.tr\/tr\/wp-content\/uploads\/2024\/12\/Dehidre-Sogan-Pul.jpg\",\"width\":352,\"height\":346,\"caption\":\"Dehidre So\u011fan Pul\"},{\"@type\":\"BreadcrumbList\",\"@id\":\"https:\/\/mtroyal.com.tr\/tr\/product\/dehidre-sogan-pul\/#breadcrumb\",\"itemListElement\":[{\"@type\":\"ListItem\",\"position\":1,\"name\":\"Home\",\"item\":\"https:\/\/mtroyal.com.tr\/tr\/\"},{\"@type\":\"ListItem\",\"position\":2,\"name\":\"\u00dcr\u00fcnlerimiz\",\"item\":\"https:\/\/mtroyal.com.tr\/tr\/urunlerimiz\/\"},{\"@type\":\"ListItem\",\"position\":3,\"name\":\"Dehidre So\u011fan Pul\"}]},{\"@type\":\"WebSite\",\"@id\":\"https:\/\/mtroyal.com.tr\/tr\/#website\",\"url\":\"https:\/\/mtroyal.com.tr\/tr\/\",\"name\":\"MTROYAL\",\"description\":\"\",\"publisher\":{\"@id\":\"https:\/\/mtroyal.com.tr\/tr\/#organization\"},\"potentialAction\":[{\"@type\":\"SearchAction\",\"target\":{\"@type\":\"EntryPoint\",\"urlTemplate\":\"https:\/\/mtroyal.com.tr\/tr\/?s={search_term_string}\"},\"query-input\":{\"@type\":\"PropertyValueSpecification\",\"valueRequired\":true,\"valueName\":\"search_term_string\"}}],\"inLanguage\":\"tr\"},{\"@type\":\"Organization\",\"@id\":\"https:\/\/mtroyal.com.tr\/tr\/#organization\",\"name\":\"MTROYAL\",\"url\":\"https:\/\/mtroyal.com.tr\/tr\/\",\"logo\":{\"@type\":\"ImageObject\",\"inLanguage\":\"tr\",\"@id\":\"https:\/\/mtroyal.com.tr\/tr\/#\/schema\/logo\/image\/\",\"url\":\"https:\/\/mtroyal.com.tr\/tr\/wp-content\/uploads\/2023\/12\/mt-logo.png\",\"contentUrl\":\"https:\/\/mtroyal.com.tr\/tr\/wp-content\/uploads\/2023\/12\/mt-logo.png\",\"width\":313,\"height\":261,\"caption\":\"MTROYAL\"},\"image\":{\"@id\":\"https:\/\/mtroyal.com.tr\/tr\/#\/schema\/logo\/image\/\"}},false]}<\/script>\n<!-- \/ Yoast SEO Premium plugin. -->","yoast_head_json":{"title":"Dehidre So\u011fan Pul - MTROYAL","description":"G\u0131da end\u00fcstrisinin g\u00fcvenilir tedarik\u00e7isi. Dehidre So\u011fan Pul i\u00e7in kaliteli \u00e7\u00f6z\u00fcmler. Lezzet art\u0131r\u0131c\u0131 ve pratik kullan\u0131m, rekabet\u00e7i fiyat. sipari\u015f verin!","robots":{"index":"index","follow":"follow","max-snippet":"max-snippet:-1","max-image-preview":"max-image-preview:large","max-video-preview":"max-video-preview:-1"},"canonical":"https:\/\/mtroyal.com.tr\/tr\/product\/dehidre-sogan-pul\/","og_locale":"tr_TR","og_type":"article","og_title":"Dehidre So\u011fan Pul","og_description":"G\u0131da end\u00fcstrisinin g\u00fcvenilir tedarik\u00e7isi. Dehidre So\u011fan Pul i\u00e7in kaliteli \u00e7\u00f6z\u00fcmler. Lezzet art\u0131r\u0131c\u0131 ve pratik kullan\u0131m, rekabet\u00e7i fiyat. sipari\u015f verin!","og_url":"https:\/\/mtroyal.com.tr\/tr\/product\/dehidre-sogan-pul\/","og_site_name":"MTROYAL","article_modified_time":"2025-01-28T07:51:33+00:00","og_image":[{"width":352,"height":346,"url":"https:\/\/mtroyal.com.tr\/tr\/wp-content\/uploads\/2024\/12\/Dehidre-Sogan-Pul.jpg","type":"image\/jpeg"}],"twitter_card":"summary_large_image","schema":{"@context":"https:\/\/schema.org","@graph":[{"@type":"WebPage","@id":"https:\/\/mtroyal.com.tr\/tr\/product\/dehidre-sogan-pul\/","url":"https:\/\/mtroyal.com.tr\/tr\/product\/dehidre-sogan-pul\/","name":"Dehidre So\u011fan Pul - MTROYAL","isPartOf":{"@id":"https:\/\/mtroyal.com.tr\/tr\/#website"},"primaryImageOfPage":{"@id":"https:\/\/mtroyal.com.tr\/tr\/product\/dehidre-sogan-pul\/#primaryimage"},"image":{"@id":"https:\/\/mtroyal.com.tr\/tr\/product\/dehidre-sogan-pul\/#primaryimage"},"thumbnailUrl":"https:\/\/mtroyal.com.tr\/tr\/wp-content\/uploads\/2024\/12\/Dehidre-Sogan-Pul.jpg","datePublished":"2025-01-28T07:51:32+00:00","dateModified":"2025-01-28T07:51:33+00:00","description":"G\u0131da end\u00fcstrisinin g\u00fcvenilir tedarik\u00e7isi. Dehidre So\u011fan Pul i\u00e7in kaliteli \u00e7\u00f6z\u00fcmler. Lezzet art\u0131r\u0131c\u0131 ve pratik kullan\u0131m, rekabet\u00e7i fiyat. sipari\u015f verin!","breadcrumb":{"@id":"https:\/\/mtroyal.com.tr\/tr\/product\/dehidre-sogan-pul\/#breadcrumb"},"inLanguage":"tr","potentialAction":[{"@type":"ReadAction","target":["https:\/\/mtroyal.com.tr\/tr\/product\/dehidre-sogan-pul\/"]}]},{"@type":"ImageObject","inLanguage":"tr","@id":"https:\/\/mtroyal.com.tr\/tr\/product\/dehidre-sogan-pul\/#primaryimage","url":"https:\/\/mtroyal.com.tr\/tr\/wp-content\/uploads\/2024\/12\/Dehidre-Sogan-Pul.jpg","contentUrl":"https:\/\/mtroyal.com.tr\/tr\/wp-content\/uploads\/2024\/12\/Dehidre-Sogan-Pul.jpg","width":352,"height":346,"caption":"Dehidre So\u011fan Pul"},{"@type":"BreadcrumbList","@id":"https:\/\/mtroyal.com.tr\/tr\/product\/dehidre-sogan-pul\/#breadcrumb","itemListElement":[{"@type":"ListItem","position":1,"name":"Home","item":"https:\/\/mtroyal.com.tr\/tr\/"},{"@type":"ListItem","position":2,"name":"\u00dcr\u00fcnlerimiz","item":"https:\/\/mtroyal.com.tr\/tr\/urunlerimiz\/"},{"@type":"ListItem","position":3,"name":"Dehidre So\u011fan Pul"}]},{"@type":"WebSite","@id":"https:\/\/mtroyal.com.tr\/tr\/#website","url":"https:\/\/mtroyal.com.tr\/tr\/","name":"MTROYAL","description":"","publisher":{"@id":"https:\/\/mtroyal.com.tr\/tr\/#organization"},"potentialAction":[{"@type":"SearchAction","target":{"@type":"EntryPoint","urlTemplate":"https:\/\/mtroyal.com.tr\/tr\/?s={search_term_string}"},"query-input":{"@type":"PropertyValueSpecification","valueRequired":true,"valueName":"search_term_string"}}],"inLanguage":"tr"},{"@type":"Organization","@id":"https:\/\/mtroyal.com.tr\/tr\/#organization","name":"MTROYAL","url":"https:\/\/mtroyal.com.tr\/tr\/","logo":{"@type":"ImageObject","inLanguage":"tr","@id":"https:\/\/mtroyal.com.tr\/tr\/#\/schema\/logo\/image\/","url":"https:\/\/mtroyal.com.tr\/tr\/wp-content\/uploads\/2023\/12\/mt-logo.png","contentUrl":"https:\/\/mtroyal.com.tr\/tr\/wp-content\/uploads\/2023\/12\/mt-logo.png","width":313,"height":261,"caption":"MTROYAL"},"image":{"@id":"https:\/\/mtroyal.com.tr\/tr\/#\/schema\/logo\/image\/"}},false]}},"yasr_visitor_votes":{"stars_attributes":{"read_only":false,"span_bottom":false},"number_of_votes":0,"sum_votes":0},"_links":{"self":[{"href":"https:\/\/mtroyal.com.tr\/tr\/wp-json\/wp\/v2\/product\/5611","targetHints":{"allow":["GET"]}}],"collection":[{"href":"https:\/\/mtroyal.com.tr\/tr\/wp-json\/wp\/v2\/product"}],"about":[{"href":"https:\/\/mtroyal.com.tr\/tr\/wp-json\/wp\/v2\/types\/product"}],"replies":[{"embeddable":true,"href":"https:\/\/mtroyal.com.tr\/tr\/wp-json\/wp\/v2\/comments?post=5611"}],"wp:featuredmedia":[{"embeddable":true,"href":"https:\/\/mtroyal.com.tr\/tr\/wp-json\/wp\/v2\/media\/7667"}],"wp:attachment":[{"href":"https:\/\/mtroyal.com.tr\/tr\/wp-json\/wp\/v2\/media?parent=5611"}],"wp:term":[{"taxonomy":"product_brand","embeddable":true,"href":"https:\/\/mtroyal.com.tr\/tr\/wp-json\/wp\/v2\/product_brand?post=5611"},{"taxonomy":"product_cat","embeddable":true,"href":"https:\/\/mtroyal.com.tr\/tr\/wp-json\/wp\/v2\/product_cat?post=5611"},{"taxonomy":"product_tag","embeddable":true,"href":"https:\/\/mtroyal.com.tr\/tr\/wp-json\/wp\/v2\/product_tag?post=5611"}],"curies":[{"name":"wp","href":"https:\/\/api.w.org\/{rel}","templated":true}]}}