{"id":5706,"date":"2025-01-27T14:01:19","date_gmt":"2025-01-27T11:01:19","guid":{"rendered":"https:\/\/mtroyal.com.tr\/tr\/?post_type=product&#038;p=5706"},"modified":"2025-01-27T14:01:21","modified_gmt":"2025-01-27T11:01:21","slug":"l-karnitin","status":"publish","type":"product","link":"https:\/\/mtroyal.com.tr\/tr\/product\/l-karnitin\/","title":{"rendered":"L-Karnitin"},"content":{"rendered":"<p><span style=\"font-size: 16px;\">L-Karnitin, son y\u0131llarda sa\u011fl\u0131kl\u0131 ya\u015fam ve sporcular aras\u0131nda pop\u00fclerle\u015fen \u00f6nemli bir takviyedir. Hem enerjik kalman\u0131za yard\u0131mc\u0131 olur hem de v\u00fccudun ya\u011f yakma s\u00fcrecini h\u0131zland\u0131r\u0131r. Bu yaz\u0131m\u0131zda, L-Karnitin\u2019in faydalar\u0131, kullan\u0131m\u0131 ve MT Royal\u2019den en uygun fiyatlarla nas\u0131l temin edebilece\u011finiz hakk\u0131nda detayl\u0131 bilgi verece\u011fiz. MT Royal, T\u00fcrkiye&#8217;nin \u00f6nde gelen g\u0131da end\u00fcstrisi tedarik\u00e7ilerinden biri olarak, kaliteli \u00fcr\u00fcnleri uygun fiyatlarla sunmaktad\u0131r.\u00a0<\/span>\u00a0L-Karnitin, enerji art\u0131r\u0131c\u0131 ve ya\u011f yak\u0131m\u0131n\u0131 destekleyen etkili bir takviyedir. MT Royal\u2019den en kaliteli L-Karnitin\u2019i en uygun fiyatlarla sat\u0131n alabilirsiniz.<\/p>\n<h2>L-Karnitin Nedir?<\/h2>\n<p>L-Karnitin, v\u00fccudun ya\u011flar\u0131 enerjiye d\u00f6n\u00fc\u015ft\u00fcrmesinde \u00f6nemli bir rol oynayan bir amino asittir. Asl\u0131nda, v\u00fccutta do\u011fal olarak bulunan bir bile\u015fen olup, genellikle kaslar ve kalp gibi enerjiye ihtiya\u00e7 duyan organlarda yo\u011fun olarak bulunur. L-Karnitin, ya\u011f asitlerinin h\u00fccrelere ta\u015f\u0131nmas\u0131n\u0131 sa\u011flar ve bu sayede v\u00fccudun ya\u011flar\u0131 enerji olarak kullanabilmesini kolayla\u015ft\u0131r\u0131r. Ayn\u0131 zamanda, sporcular i\u00e7in performans art\u0131\u015f\u0131 sa\u011flamak, dayan\u0131kl\u0131l\u0131\u011f\u0131 art\u0131rmak ve iyile\u015fme s\u00fcrecini h\u0131zland\u0131rmak gibi faydalar sunar.<\/p>\n<h2>L-Karnitin\u2019in Faydalar\u0131<\/h2>\n<p>L-Karnitin, sa\u011fl\u0131\u011f\u0131 art\u0131r\u0131c\u0131 bir\u00e7ok fayda sunar. \u0130\u015fte L-Karnitin kullan\u0131m\u0131n\u0131n baz\u0131 temel yararlar\u0131:<\/p>\n<p>1. <strong>Ya\u011f Yak\u0131m\u0131n\u0131 Destekler<\/strong><\/p>\n<p>L-Karnitin, ya\u011f asitlerini h\u00fccrelere ta\u015f\u0131yarak bunlar\u0131n enerjiye d\u00f6n\u00fc\u015fmesini sa\u011flar. Bu s\u00fcre\u00e7, v\u00fccudun daha fazla ya\u011f yakmas\u0131n\u0131 te\u015fvik eder ve ya\u011f kayb\u0131 hedefleyen ki\u015filer i\u00e7in son derece faydal\u0131d\u0131r.<\/p>\n<p>2. <strong>Enerji Seviyelerini Art\u0131r\u0131r<\/strong><\/p>\n<p>L-Karnitin, \u00f6zellikle yo\u011fun egzersizlerde enerji \u00fcretimini art\u0131r\u0131r. Sporcular i\u00e7in, egzersiz s\u0131ras\u0131nda daha fazla enerji sa\u011flamak ve daha uzun s\u00fcre dayanmak olduk\u00e7a \u00f6nemlidir. L-Karnitin, bu noktada yard\u0131mc\u0131 olabilir.<\/p>\n<p>3. <strong>Zihinsel ve Fiziksel Performans\u0131 \u0130yile\u015ftirir<\/strong><\/p>\n<p>L-Karnitin, beyin fonksiyonlar\u0131n\u0131 destekler ve genel zihinsel performans\u0131 art\u0131rabilir. Ayr\u0131ca, v\u00fccudun daha az yorulmas\u0131n\u0131 sa\u011flayarak genel fiziksel performans\u0131 y\u00fckseltir.<\/p>\n<p>4. <strong>Kalp Sa\u011fl\u0131\u011f\u0131n\u0131 Destekler<\/strong><\/p>\n<p>Yap\u0131lan baz\u0131 ara\u015ft\u0131rmalar, L-Karnitin\u2019in kalp sa\u011fl\u0131\u011f\u0131 \u00fczerinde olumlu etkiler yaratt\u0131\u011f\u0131n\u0131 g\u00f6stermektedir. Ya\u011f asitlerinin h\u00fccrelerde daha verimli bir \u015fekilde kullan\u0131lmas\u0131n\u0131 sa\u011flad\u0131\u011f\u0131 i\u00e7in, kalbin daha az enerji harcayarak \u00e7al\u0131\u015fmas\u0131na yard\u0131mc\u0131 olabilir.<\/p>\n<p>5. <strong>Kas Geli\u015fimine Yard\u0131mc\u0131 Olur<\/strong><\/p>\n<p>L-Karnitin, kaslar \u00fczerinde olumlu etkiler g\u00f6sterir. Kaslarda birikmi\u015f olan laktik asidi azaltarak kaslar\u0131n iyile\u015fme s\u00fcrecini h\u0131zland\u0131r\u0131r.<\/p>\n<h2>L-Karnitin Nas\u0131l Kullan\u0131l\u0131r?<\/h2>\n<p>L-Karnitin\u2019in do\u011fru kullan\u0131m\u0131, en iyi sonu\u00e7lar\u0131 alabilmek i\u00e7in \u00e7ok \u00f6nemlidir. \u0130\u015fte L-Karnitin kullan\u0131m\u0131na dair baz\u0131 ipu\u00e7lar\u0131:<\/p>\n<p>1. <strong>Dozaj<\/strong><\/p>\n<p>L-Karnitin\u2019in g\u00fcnl\u00fck kullan\u0131m\u0131 genellikle 500 mg ile 2000 mg aras\u0131nda de\u011fi\u015fir. Egzersiz \u00f6ncesi al\u0131nmas\u0131, performans\u0131 art\u0131rabilir.<\/p>\n<p>2. <strong>Zamanlama<\/strong><\/p>\n<p>L-Karnitin genellikle egzersizden 30-45 dakika \u00f6nce al\u0131n\u0131r. Bu, v\u00fccudun egzersiz s\u0131ras\u0131nda daha fazla enerji \u00fcretmesini sa\u011flayabilir. Ayr\u0131ca, \u00f6\u011f\u00fcnlerden sonra da kullan\u0131labilir.<\/p>\n<p>3. <strong>Kombinasyon<\/strong><\/p>\n<p>L-Karnitin, di\u011fer takviyelerle (\u00f6rne\u011fin, protein tozlar\u0131 veya enerji i\u00e7ecekleri) kombin edilebilir. Bu, etkilerini daha da art\u0131rabilir.<\/p>\n<p>4. <strong>D\u00fczenli Kullan\u0131m<\/strong><\/p>\n<p>Uzun vadeli faydalar sa\u011flamak i\u00e7in L-Karnitin\u2019in d\u00fczenli bir \u015fekilde al\u0131nmas\u0131 \u00f6nerilir. Bu, metabolizman\u0131n d\u00fczg\u00fcn \u00e7al\u0131\u015fmas\u0131n\u0131 ve ya\u011f yakma s\u00fcrecinin h\u0131zlanmas\u0131n\u0131 destekler.<\/p>\n<h2>MT Royal\u2019den L-Karnitin Sat\u0131n Alman\u0131n Avantajlar\u0131<\/h2>\n<p>MT Royal, T\u00fcrkiye\u2019deki en g\u00fcvenilir ve kaliteli g\u0131da end\u00fcstrisi tedarik\u00e7ilerinden biridir. L-Karnitin\u2019i MT Royal\u2019den sat\u0131n alman\u0131n pek \u00e7ok avantaj\u0131 vard\u0131r. \u0130\u015fte bu avantajlardan baz\u0131lar\u0131:<\/p>\n<p>1. <strong>Kalite Garantisi<\/strong><\/p>\n<p>MT Royal, \u00fcr\u00fcnlerini y\u00fcksek kalite standartlar\u0131na uygun \u015fekilde temin eder. \u00dcr\u00fcnlerimiz, uluslararas\u0131 denetimlerden ge\u00e7erek piyasaya sunulmaktad\u0131r.<\/p>\n<p>2. <strong>Rekabet\u00e7i Fiyatlar<\/strong><\/p>\n<p>L-Karnitin\u2019i, piyasadaki en uygun fiyatlarla temin etmeniz m\u00fcmk\u00fcnd\u00fcr. MT Royal, en kaliteli takviyeleri en uygun fiyatlarla sunar.<\/p>\n<p>3. <strong>Kolay Sipari\u015f S\u00fcreci<\/strong><\/p>\n<p>MT Royal&#8217;in kullan\u0131c\u0131 dostu web sitesi \u00fczerinden L-Karnitin\u2019i kolayca sipari\u015f edebilirsiniz. Sadece birka\u00e7 ad\u0131mda sipari\u015finizi tamamlayabilir ve \u00fcr\u00fcn\u00fcn\u00fcz\u00fc h\u0131zl\u0131ca teslim alabilirsiniz.<\/p>\n<p>4. <strong>M\u00fc\u015fteri Deste\u011fi<\/strong><\/p>\n<p>7\/24 m\u00fc\u015fteri destek hatt\u0131m\u0131z sayesinde, herhangi bir sorunuz oldu\u011funda h\u0131zl\u0131ca cevap alabilirsiniz. M\u00fc\u015fteri memnuniyeti, MT Royal i\u00e7in en \u00f6nemli \u00f6nceliktir.<\/p>\n<h2>L-Karnitin&#8217;in Anahtar \u00d6zellikleri<\/h2>\n<table>\n<thead>\n<tr>\n<th>\u00d6zellik<\/th>\n<th>A\u00e7\u0131klama<\/th>\n<\/tr>\n<\/thead>\n<tbody>\n<tr>\n<td><strong>Enerji Art\u0131\u015f\u0131<\/strong><\/td>\n<td>V\u00fccudun ya\u011flar\u0131 enerjiye d\u00f6n\u00fc\u015ft\u00fcrmesini sa\u011flar.<\/td>\n<\/tr>\n<tr>\n<td><strong>Ya\u011f Yak\u0131m\u0131n\u0131 Destekler<\/strong><\/td>\n<td>Ya\u011f asitlerini ta\u015f\u0131yarak bunlar\u0131n enerjiye d\u00f6n\u00fc\u015fmesini sa\u011flar.<\/td>\n<\/tr>\n<tr>\n<td><strong>Zihinsel Performans<\/strong><\/td>\n<td>Beyin fonksiyonlar\u0131n\u0131 destekler ve odaklanmay\u0131 art\u0131r\u0131r.<\/td>\n<\/tr>\n<tr>\n<td><strong>Kas \u0130yile\u015fmesi<\/strong><\/td>\n<td>Kaslar\u0131n daha h\u0131zl\u0131 iyile\u015fmesini sa\u011flar.<\/td>\n<\/tr>\n<tr>\n<td><strong>Kalp Sa\u011fl\u0131\u011f\u0131n\u0131 Destekler<\/strong><\/td>\n<td>Kalbin daha verimli \u00e7al\u0131\u015fmas\u0131na yard\u0131mc\u0131 olur.<\/td>\n<\/tr>\n<\/tbody>\n<\/table>\n<h2>Sonu\u00e7: Neden L-Karnitin\u2019i MT Royal\u2019den Sat\u0131n Almal\u0131s\u0131n\u0131z?<\/h2>\n<p>L-Karnitin, enerji seviyelerinizi art\u0131rmak ve ya\u011f yak\u0131m\u0131n\u0131 h\u0131zland\u0131rmak i\u00e7in etkili bir takviyedir. MT Royal, kaliteli L-Karnitin\u2019i en uygun fiyatlarla temin edebilece\u011finiz g\u00fcvenilir bir kaynakt\u0131r. E\u011fer siz de sa\u011fl\u0131kl\u0131 bir ya\u015fam tarz\u0131 benimsemek veya spor performans\u0131n\u0131z\u0131 art\u0131rmak istiyorsan\u0131z, MT Royal\u2019den L-Karnitin sipari\u015fi vermek i\u00e7in hemen bizimle ileti\u015fime ge\u00e7ebilirsiniz.<\/p>\n<p>MT Royal, m\u00fc\u015fteri memnuniyetini her zaman \u00f6n planda tutarak, en kaliteli \u00fcr\u00fcnleri en uygun fiyatlarla sunmaya devam ediyor. Sadece L-Karnitin de\u011fil, di\u011fer sa\u011fl\u0131k takviyeleri ve g\u0131da end\u00fcstrisi \u00fcr\u00fcnleri i\u00e7in de MT Royal\u2019i tercih edebilirsiniz.<\/p>\n<p><strong>Harekete Ge\u00e7in!<\/strong><br \/>\nBug\u00fcn MT Royal\u2019den L-Karnitin sipari\u015fi verin ve sa\u011fl\u0131\u011f\u0131n\u0131z\u0131 bir ad\u0131m \u00f6teye ta\u015f\u0131y\u0131n!<\/p>\n<div style='text-align:center' class='yasr-auto-insert-visitor'><\/div>","protected":false},"excerpt":{"rendered":"<p><span style=\"border: 0px solid #e5e7eb; --tw-border-spacing-x: 0; --tw-border-spacing-y: 0; --tw-translate-x: 0; ... \n<\/p>\n","protected":false},"featured_media":7500,"comment_status":"open","ping_status":"closed","template":"","meta":{"yasr_overall_rating":0,"yasr_post_is_review":"","yasr_auto_insert_disabled":"","yasr_review_type":""},"product_brand":[],"product_cat":[50],"product_tag":[],"class_list":{"0":"post-5706","1":"product","2":"type-product","3":"status-publish","4":"has-post-thumbnail","6":"product_cat-temel-hammaddeler","8":"first","9":"instock","10":"shipping-taxable","11":"product-type-simple"},"yoast_head":"<!-- This site is optimized with the Yoast SEO Premium plugin v24.5 (Yoast SEO v26.6) - https:\/\/yoast.com\/wordpress\/plugins\/seo\/ -->\n<title>L-Karnitin - MTROYAL<\/title>\n<meta name=\"description\" content=\"G\u0131da end\u00fcstrisinin g\u00fcvenilir tedarik\u00e7isi. L-Karnitin i\u00e7in kaliteli \u00e7\u00f6z\u00fcmler. Ya\u011f yak\u0131m\u0131 ve enerji deste\u011fi, rekabet\u00e7i fiyat. Hemen sipari\u015f verin!\" \/>\n<meta name=\"robots\" content=\"index, follow, max-snippet:-1, max-image-preview:large, max-video-preview:-1\" \/>\n<link rel=\"canonical\" href=\"https:\/\/mtroyal.com.tr\/tr\/product\/l-karnitin\/\" \/>\n<meta property=\"og:locale\" content=\"tr_TR\" \/>\n<meta property=\"og:type\" content=\"article\" \/>\n<meta property=\"og:title\" content=\"L-Karnitin\" \/>\n<meta property=\"og:description\" content=\"G\u0131da end\u00fcstrisinin g\u00fcvenilir tedarik\u00e7isi. L-Karnitin i\u00e7in kaliteli \u00e7\u00f6z\u00fcmler. Ya\u011f yak\u0131m\u0131 ve enerji deste\u011fi, rekabet\u00e7i fiyat. Hemen sipari\u015f verin!\" \/>\n<meta property=\"og:url\" content=\"https:\/\/mtroyal.com.tr\/tr\/product\/l-karnitin\/\" \/>\n<meta property=\"og:site_name\" content=\"MTROYAL\" \/>\n<meta property=\"article:modified_time\" content=\"2025-01-27T11:01:21+00:00\" \/>\n<meta property=\"og:image\" content=\"https:\/\/mtroyal.com.tr\/tr\/wp-content\/uploads\/2024\/12\/L-Karnitin.jpg\" \/>\n\t<meta property=\"og:image:width\" content=\"600\" \/>\n\t<meta property=\"og:image:height\" content=\"600\" \/>\n\t<meta property=\"og:image:type\" content=\"image\/jpeg\" \/>\n<meta name=\"twitter:card\" content=\"summary_large_image\" \/>\n<script type=\"application\/ld+json\" class=\"yoast-schema-graph\">{\"@context\":\"https:\/\/schema.org\",\"@graph\":[{\"@type\":\"WebPage\",\"@id\":\"https:\/\/mtroyal.com.tr\/tr\/product\/l-karnitin\/\",\"url\":\"https:\/\/mtroyal.com.tr\/tr\/product\/l-karnitin\/\",\"name\":\"L-Karnitin - MTROYAL\",\"isPartOf\":{\"@id\":\"https:\/\/mtroyal.com.tr\/tr\/#website\"},\"primaryImageOfPage\":{\"@id\":\"https:\/\/mtroyal.com.tr\/tr\/product\/l-karnitin\/#primaryimage\"},\"image\":{\"@id\":\"https:\/\/mtroyal.com.tr\/tr\/product\/l-karnitin\/#primaryimage\"},\"thumbnailUrl\":\"https:\/\/mtroyal.com.tr\/tr\/wp-content\/uploads\/2024\/12\/L-Karnitin.jpg\",\"datePublished\":\"2025-01-27T11:01:19+00:00\",\"dateModified\":\"2025-01-27T11:01:21+00:00\",\"description\":\"G\u0131da end\u00fcstrisinin g\u00fcvenilir tedarik\u00e7isi. L-Karnitin i\u00e7in kaliteli \u00e7\u00f6z\u00fcmler. Ya\u011f yak\u0131m\u0131 ve enerji deste\u011fi, rekabet\u00e7i fiyat. Hemen sipari\u015f verin!\",\"breadcrumb\":{\"@id\":\"https:\/\/mtroyal.com.tr\/tr\/product\/l-karnitin\/#breadcrumb\"},\"inLanguage\":\"tr\",\"potentialAction\":[{\"@type\":\"ReadAction\",\"target\":[\"https:\/\/mtroyal.com.tr\/tr\/product\/l-karnitin\/\"]}]},{\"@type\":\"ImageObject\",\"inLanguage\":\"tr\",\"@id\":\"https:\/\/mtroyal.com.tr\/tr\/product\/l-karnitin\/#primaryimage\",\"url\":\"https:\/\/mtroyal.com.tr\/tr\/wp-content\/uploads\/2024\/12\/L-Karnitin.jpg\",\"contentUrl\":\"https:\/\/mtroyal.com.tr\/tr\/wp-content\/uploads\/2024\/12\/L-Karnitin.jpg\",\"width\":600,\"height\":600,\"caption\":\"L-Karnitin\"},{\"@type\":\"BreadcrumbList\",\"@id\":\"https:\/\/mtroyal.com.tr\/tr\/product\/l-karnitin\/#breadcrumb\",\"itemListElement\":[{\"@type\":\"ListItem\",\"position\":1,\"name\":\"Home\",\"item\":\"https:\/\/mtroyal.com.tr\/tr\/\"},{\"@type\":\"ListItem\",\"position\":2,\"name\":\"\u00dcr\u00fcnlerimiz\",\"item\":\"https:\/\/mtroyal.com.tr\/tr\/urunlerimiz\/\"},{\"@type\":\"ListItem\",\"position\":3,\"name\":\"L-Karnitin\"}]},{\"@type\":\"WebSite\",\"@id\":\"https:\/\/mtroyal.com.tr\/tr\/#website\",\"url\":\"https:\/\/mtroyal.com.tr\/tr\/\",\"name\":\"MTROYAL\",\"description\":\"\",\"publisher\":{\"@id\":\"https:\/\/mtroyal.com.tr\/tr\/#organization\"},\"potentialAction\":[{\"@type\":\"SearchAction\",\"target\":{\"@type\":\"EntryPoint\",\"urlTemplate\":\"https:\/\/mtroyal.com.tr\/tr\/?s={search_term_string}\"},\"query-input\":{\"@type\":\"PropertyValueSpecification\",\"valueRequired\":true,\"valueName\":\"search_term_string\"}}],\"inLanguage\":\"tr\"},{\"@type\":\"Organization\",\"@id\":\"https:\/\/mtroyal.com.tr\/tr\/#organization\",\"name\":\"MTROYAL\",\"url\":\"https:\/\/mtroyal.com.tr\/tr\/\",\"logo\":{\"@type\":\"ImageObject\",\"inLanguage\":\"tr\",\"@id\":\"https:\/\/mtroyal.com.tr\/tr\/#\/schema\/logo\/image\/\",\"url\":\"https:\/\/mtroyal.com.tr\/tr\/wp-content\/uploads\/2023\/12\/mt-logo.png\",\"contentUrl\":\"https:\/\/mtroyal.com.tr\/tr\/wp-content\/uploads\/2023\/12\/mt-logo.png\",\"width\":313,\"height\":261,\"caption\":\"MTROYAL\"},\"image\":{\"@id\":\"https:\/\/mtroyal.com.tr\/tr\/#\/schema\/logo\/image\/\"}},false]}<\/script>\n<!-- \/ Yoast SEO Premium plugin. -->","yoast_head_json":{"title":"L-Karnitin - MTROYAL","description":"G\u0131da end\u00fcstrisinin g\u00fcvenilir tedarik\u00e7isi. L-Karnitin i\u00e7in kaliteli \u00e7\u00f6z\u00fcmler. Ya\u011f yak\u0131m\u0131 ve enerji deste\u011fi, rekabet\u00e7i fiyat. Hemen sipari\u015f verin!","robots":{"index":"index","follow":"follow","max-snippet":"max-snippet:-1","max-image-preview":"max-image-preview:large","max-video-preview":"max-video-preview:-1"},"canonical":"https:\/\/mtroyal.com.tr\/tr\/product\/l-karnitin\/","og_locale":"tr_TR","og_type":"article","og_title":"L-Karnitin","og_description":"G\u0131da end\u00fcstrisinin g\u00fcvenilir tedarik\u00e7isi. L-Karnitin i\u00e7in kaliteli \u00e7\u00f6z\u00fcmler. Ya\u011f yak\u0131m\u0131 ve enerji deste\u011fi, rekabet\u00e7i fiyat. Hemen sipari\u015f verin!","og_url":"https:\/\/mtroyal.com.tr\/tr\/product\/l-karnitin\/","og_site_name":"MTROYAL","article_modified_time":"2025-01-27T11:01:21+00:00","og_image":[{"width":600,"height":600,"url":"https:\/\/mtroyal.com.tr\/tr\/wp-content\/uploads\/2024\/12\/L-Karnitin.jpg","type":"image\/jpeg"}],"twitter_card":"summary_large_image","schema":{"@context":"https:\/\/schema.org","@graph":[{"@type":"WebPage","@id":"https:\/\/mtroyal.com.tr\/tr\/product\/l-karnitin\/","url":"https:\/\/mtroyal.com.tr\/tr\/product\/l-karnitin\/","name":"L-Karnitin - MTROYAL","isPartOf":{"@id":"https:\/\/mtroyal.com.tr\/tr\/#website"},"primaryImageOfPage":{"@id":"https:\/\/mtroyal.com.tr\/tr\/product\/l-karnitin\/#primaryimage"},"image":{"@id":"https:\/\/mtroyal.com.tr\/tr\/product\/l-karnitin\/#primaryimage"},"thumbnailUrl":"https:\/\/mtroyal.com.tr\/tr\/wp-content\/uploads\/2024\/12\/L-Karnitin.jpg","datePublished":"2025-01-27T11:01:19+00:00","dateModified":"2025-01-27T11:01:21+00:00","description":"G\u0131da end\u00fcstrisinin g\u00fcvenilir tedarik\u00e7isi. L-Karnitin i\u00e7in kaliteli \u00e7\u00f6z\u00fcmler. Ya\u011f yak\u0131m\u0131 ve enerji deste\u011fi, rekabet\u00e7i fiyat. Hemen sipari\u015f verin!","breadcrumb":{"@id":"https:\/\/mtroyal.com.tr\/tr\/product\/l-karnitin\/#breadcrumb"},"inLanguage":"tr","potentialAction":[{"@type":"ReadAction","target":["https:\/\/mtroyal.com.tr\/tr\/product\/l-karnitin\/"]}]},{"@type":"ImageObject","inLanguage":"tr","@id":"https:\/\/mtroyal.com.tr\/tr\/product\/l-karnitin\/#primaryimage","url":"https:\/\/mtroyal.com.tr\/tr\/wp-content\/uploads\/2024\/12\/L-Karnitin.jpg","contentUrl":"https:\/\/mtroyal.com.tr\/tr\/wp-content\/uploads\/2024\/12\/L-Karnitin.jpg","width":600,"height":600,"caption":"L-Karnitin"},{"@type":"BreadcrumbList","@id":"https:\/\/mtroyal.com.tr\/tr\/product\/l-karnitin\/#breadcrumb","itemListElement":[{"@type":"ListItem","position":1,"name":"Home","item":"https:\/\/mtroyal.com.tr\/tr\/"},{"@type":"ListItem","position":2,"name":"\u00dcr\u00fcnlerimiz","item":"https:\/\/mtroyal.com.tr\/tr\/urunlerimiz\/"},{"@type":"ListItem","position":3,"name":"L-Karnitin"}]},{"@type":"WebSite","@id":"https:\/\/mtroyal.com.tr\/tr\/#website","url":"https:\/\/mtroyal.com.tr\/tr\/","name":"MTROYAL","description":"","publisher":{"@id":"https:\/\/mtroyal.com.tr\/tr\/#organization"},"potentialAction":[{"@type":"SearchAction","target":{"@type":"EntryPoint","urlTemplate":"https:\/\/mtroyal.com.tr\/tr\/?s={search_term_string}"},"query-input":{"@type":"PropertyValueSpecification","valueRequired":true,"valueName":"search_term_string"}}],"inLanguage":"tr"},{"@type":"Organization","@id":"https:\/\/mtroyal.com.tr\/tr\/#organization","name":"MTROYAL","url":"https:\/\/mtroyal.com.tr\/tr\/","logo":{"@type":"ImageObject","inLanguage":"tr","@id":"https:\/\/mtroyal.com.tr\/tr\/#\/schema\/logo\/image\/","url":"https:\/\/mtroyal.com.tr\/tr\/wp-content\/uploads\/2023\/12\/mt-logo.png","contentUrl":"https:\/\/mtroyal.com.tr\/tr\/wp-content\/uploads\/2023\/12\/mt-logo.png","width":313,"height":261,"caption":"MTROYAL"},"image":{"@id":"https:\/\/mtroyal.com.tr\/tr\/#\/schema\/logo\/image\/"}},false]}},"yasr_visitor_votes":{"stars_attributes":{"read_only":false,"span_bottom":false},"number_of_votes":0,"sum_votes":0},"_links":{"self":[{"href":"https:\/\/mtroyal.com.tr\/tr\/wp-json\/wp\/v2\/product\/5706","targetHints":{"allow":["GET"]}}],"collection":[{"href":"https:\/\/mtroyal.com.tr\/tr\/wp-json\/wp\/v2\/product"}],"about":[{"href":"https:\/\/mtroyal.com.tr\/tr\/wp-json\/wp\/v2\/types\/product"}],"replies":[{"embeddable":true,"href":"https:\/\/mtroyal.com.tr\/tr\/wp-json\/wp\/v2\/comments?post=5706"}],"wp:featuredmedia":[{"embeddable":true,"href":"https:\/\/mtroyal.com.tr\/tr\/wp-json\/wp\/v2\/media\/7500"}],"wp:attachment":[{"href":"https:\/\/mtroyal.com.tr\/tr\/wp-json\/wp\/v2\/media?parent=5706"}],"wp:term":[{"taxonomy":"product_brand","embeddable":true,"href":"https:\/\/mtroyal.com.tr\/tr\/wp-json\/wp\/v2\/product_brand?post=5706"},{"taxonomy":"product_cat","embeddable":true,"href":"https:\/\/mtroyal.com.tr\/tr\/wp-json\/wp\/v2\/product_cat?post=5706"},{"taxonomy":"product_tag","embeddable":true,"href":"https:\/\/mtroyal.com.tr\/tr\/wp-json\/wp\/v2\/product_tag?post=5706"}],"curies":[{"name":"wp","href":"https:\/\/api.w.org\/{rel}","templated":true}]}}