{"id":5731,"date":"2025-02-07T15:00:37","date_gmt":"2025-02-07T12:00:37","guid":{"rendered":"https:\/\/mtroyal.com.tr\/tr\/?post_type=product&#038;p=5731"},"modified":"2025-01-25T04:07:40","modified_gmt":"2025-01-25T01:07:40","slug":"gingko-biloba-ekstresi","status":"publish","type":"product","link":"https:\/\/mtroyal.com.tr\/tr\/product\/gingko-biloba-ekstresi\/","title":{"rendered":"Gingko Biloba Ekstresi"},"content":{"rendered":"<p>Gingko Biloba, d\u00fcnyan\u0131n en eski a\u011fa\u00e7 t\u00fcrlerinden biridir ve geleneksel t\u0131pta binlerce y\u0131ld\u0131r kullan\u0131l\u0131yor. Gingko Biloba Ekstresi, bu a\u011fac\u0131n yapraklar\u0131ndan elde edilen, sa\u011fl\u0131k a\u00e7\u0131s\u0131ndan pek \u00e7ok faydas\u0131 bulunan bir bile\u015fiktir. \u00d6zellikle haf\u0131za, beyin fonksiyonlar\u0131 ve kan dola\u015f\u0131m\u0131 \u00fczerindeki olumlu etkileri ile tan\u0131n\u0131r.<\/p>\n<p>Gingko Biloba Ekstresi, i\u00e7erdi\u011fi aktif bile\u015fenler sayesinde, beyin h\u00fccrelerini korur, zihinsel netli\u011fi art\u0131r\u0131r ve beyin fonksiyonlar\u0131n\u0131 destekler. Ayr\u0131ca, bu ekstrenin kan dola\u015f\u0131m\u0131n\u0131 iyile\u015ftirici \u00f6zellikleri sayesinde kalp sa\u011fl\u0131\u011f\u0131n\u0131 destekledi\u011fi ve ya\u015flanma etkilerini geciktirdi\u011fi de bilinmektedir.<\/p>\n<h2><strong>Gingko Biloba Ekstresi&#8217;nin Sa\u011fl\u0131k \u00dczerindeki Faydalar\u0131<\/strong><\/h2>\n<p>Gingko Biloba Ekstresi, sa\u011fl\u0131k alan\u0131nda olduk\u00e7a de\u011ferli bir bile\u015fiktir. \u0130\u015fte bu do\u011fal ekstrenin \u00f6ne \u00e7\u0131kan sa\u011fl\u0131k faydalar\u0131:<\/p>\n<p><strong>1. Haf\u0131zay\u0131 G\u00fc\u00e7lendirir ve Zihinsel Netlik Sa\u011flar<\/strong><\/p>\n<p>Gingko Biloba, \u00f6zellikle ya\u015fl\u0131lar aras\u0131nda haf\u0131za kayb\u0131 ve zihinsel yava\u015flama sorunlar\u0131n\u0131 hafifletmeye yard\u0131mc\u0131 olabilir. Yap\u0131lan ara\u015ft\u0131rmalar, d\u00fczenli olarak Gingko Biloba Ekstresi kullanan ki\u015filerin, zihinsel netliklerini ve haf\u0131zalar\u0131n\u0131 daha iyi koruduklar\u0131n\u0131 g\u00f6stermektedir. Bu, \u00f6zellikle ya\u015fla birlikte zihin sa\u011fl\u0131\u011f\u0131n\u0131 g\u00fc\u00e7lendirmek isteyenler i\u00e7in m\u00fckemmel bir do\u011fal \u00e7\u00f6z\u00fcm sunar.<\/p>\n<p><strong>2. Kan Dola\u015f\u0131m\u0131n\u0131 \u0130yile\u015ftirir<\/strong><\/p>\n<p>Gingko Biloba, kan damarlar\u0131n\u0131 geni\u015fleterek kan dola\u015f\u0131m\u0131n\u0131 iyile\u015ftirir. Bu sayede, v\u00fccutta oksijen ta\u015f\u0131nmas\u0131 daha verimli hale gelir ve organlar daha sa\u011fl\u0131kl\u0131 \u00e7al\u0131\u015f\u0131r. Ayn\u0131 zamanda, bu ekstrenin antioksidan \u00f6zellikleri sayesinde kalp sa\u011fl\u0131\u011f\u0131n\u0131 da destekler.<\/p>\n<p><strong>3. Ya\u015flanma Belirtilerini Geciktirir<\/strong><\/p>\n<p>Gingko Biloba, g\u00fc\u00e7l\u00fc antioksidan \u00f6zelliklere sahip bir bitkidir. Antioksidanlar, serbest radikallerle sava\u015farak h\u00fccrelerin sa\u011fl\u0131kl\u0131 kalmas\u0131na yard\u0131mc\u0131 olur. Bu da ya\u015flanma s\u00fcrecini yava\u015flat\u0131r ve cilt sa\u011fl\u0131\u011f\u0131n\u0131 iyile\u015ftirir. Bu \u00f6zellikleri sayesinde, ya\u015flanma kar\u015f\u0131t\u0131 bak\u0131m \u00fcr\u00fcnlerinde de kullan\u0131l\u0131r.<\/p>\n<p><strong>4. Depresyon ve Anksiyete \u00dczerinde Etkili Olabilir<\/strong><\/p>\n<p>Baz\u0131 ara\u015ft\u0131rmalar, Gingko Biloba&#8217;n\u0131n depresyon ve anksiyete gibi ruhsal durumlar \u00fczerinde olumlu etkiler yaratt\u0131\u011f\u0131n\u0131 g\u00f6stermektedir. Bu bitkisel \u00fcr\u00fcn, sinir sistemini yat\u0131\u015ft\u0131rarak ruh halini iyile\u015ftirebilir ve stresle ba\u015fa \u00e7\u0131kmada yard\u0131mc\u0131 olabilir.<\/p>\n<h2><strong>Gingko Biloba Ekstresi&#8217;nin G\u0131da End\u00fcstrisindeki Kullan\u0131m Alanlar\u0131<\/strong><\/h2>\n<p>Gingko Biloba Ekstresi, g\u0131da end\u00fcstrisinde de olduk\u00e7a pop\u00fcler bir bile\u015fendir. \u0130\u015fte bu do\u011fal bile\u015fi\u011fin yayg\u0131n olarak kullan\u0131ld\u0131\u011f\u0131 baz\u0131 alanlar:<\/p>\n<ul>\n<li><strong>Sa\u011fl\u0131k Takviyeleri<\/strong>: Gingko Biloba, beyin fonksiyonlar\u0131n\u0131 desteklemek ve zihinsel sa\u011fl\u0131\u011f\u0131 iyile\u015ftirmek amac\u0131yla yayg\u0131n olarak sa\u011fl\u0131k takviyelerinde kullan\u0131l\u0131r. \u00d6zellikle ya\u015flanma kar\u015f\u0131t\u0131 ve haf\u0131za g\u00fc\u00e7lendirici takviyeler aras\u0131nda s\u0131kl\u0131kla yer al\u0131r.<\/li>\n<li><strong>\u0130\u00e7ecekler<\/strong>: Zihinsel performans\u0131 art\u0131r\u0131c\u0131 etkisi nedeniyle, baz\u0131 i\u00e7eceklerde Gingko Biloba Ekstresi kullan\u0131labilir. Bu i\u00e7ecekler, beyin sa\u011fl\u0131\u011f\u0131n\u0131 desteklerken ayn\u0131 zamanda enerji seviyelerini y\u00fckseltebilir.<\/li>\n<li><strong>Cilt Bak\u0131m \u00dcr\u00fcnleri<\/strong>: Antioksidan \u00f6zellikleri sayesinde, cilt bak\u0131m \u00fcr\u00fcnlerinde de kullan\u0131lmaktad\u0131r. Ciltteki ya\u015flanma belirtilerini azaltmaya yard\u0131mc\u0131 olabilir.<\/li>\n<li><strong>Soslar ve Re\u00e7eller<\/strong>: Gingko Biloba, g\u0131da \u00fcr\u00fcnlerinde kullan\u0131lan do\u011fal bir bile\u015fen olarak, sa\u011fl\u0131k faydalar\u0131n\u0131n yan\u0131 s\u0131ra tat da sa\u011flar. Bu da, \u00f6zellikle sa\u011fl\u0131k bilincine sahip t\u00fcketicilerin tercih etti\u011fi \u00fcr\u00fcnlerin olu\u015fturulmas\u0131na olanak tan\u0131r.<\/li>\n<\/ul>\n<h2><strong>MT Royal ile Gingko Biloba Ekstresi Alman\u0131n Avantajlar\u0131<\/strong><\/h2>\n<p>MT Royal, g\u0131da end\u00fcstrisi i\u00e7in kaliteli ve g\u00fcvenilir \u00fcr\u00fcnler sunan bir lider tedarik\u00e7idir. Gingko Biloba Ekstresi de dahil olmak \u00fczere, g\u0131da sekt\u00f6r\u00fcnde kullanabilece\u011finiz bir\u00e7ok do\u011fal bile\u015fen MT Royal\u2019den temin edilebilir. MT Royal, \u00fcr\u00fcnlerini en iyi fiyatlarla ve y\u00fcksek kalite standartlar\u0131nda sunar.<\/p>\n<p><strong>MT Royal&#8217;in Avantajlar\u0131:<\/strong><\/p>\n<ol>\n<li><strong>Y\u00fcksek Kalite<\/strong>: MT Royal, t\u00fcm \u00fcr\u00fcnlerini kalite kontrol s\u00fcre\u00e7lerinden ge\u00e7irir. Bu, \u00fcr\u00fcnlerin uluslararas\u0131 kalite standartlar\u0131na uygun olmas\u0131n\u0131 sa\u011flar.<\/li>\n<li><strong>Rekabet\u00e7i Fiyatlar<\/strong>: MT Royal, kaliteli \u00fcr\u00fcnleri uygun fiyatlarla sunarak, g\u0131da end\u00fcstrisi firmalar\u0131na b\u00fcy\u00fck avantajlar sa\u011flar.<\/li>\n<li><strong>Geni\u015f \u00dcr\u00fcn Yelpazesi<\/strong>: Gingko Biloba Ekstresi de dahil olmak \u00fczere, MT Royal\u2019de g\u0131da sekt\u00f6r\u00fcne y\u00f6nelik bir\u00e7ok do\u011fal bile\u015fen mevcuttur.<\/li>\n<li><strong>M\u00fc\u015fteri Memnuniyeti<\/strong>: MT Royal, m\u00fc\u015fteri memnuniyetini \u00f6n planda tutarak, her zaman ihtiya\u00e7lar\u0131n\u0131za en uygun \u00e7\u00f6z\u00fcmleri sunar.<\/li>\n<\/ol>\n<h2><strong>Gingko Biloba Ekstresi Anahtar \u00d6zellikler<\/strong><\/h2>\n<p>A\u015fa\u011f\u0131da Gingko Biloba Ekstresi&#8217;nin anahtar \u00f6zelliklerini bulabilirsiniz:<\/p>\n<table>\n<thead>\n<tr>\n<th><strong>\u00d6zellik<\/strong><\/th>\n<th><strong>A\u00e7\u0131klama<\/strong><\/th>\n<\/tr>\n<\/thead>\n<tbody>\n<tr>\n<td><strong>Do\u011fal Kaynak<\/strong><\/td>\n<td>Gingko Biloba a\u011fac\u0131n\u0131n yapraklar\u0131ndan elde edilir.<\/td>\n<\/tr>\n<tr>\n<td><strong>Haf\u0131za ve Zihinsel Netlik<\/strong><\/td>\n<td>Zihinsel netlik ve haf\u0131za \u00fczerinde olumlu etkiler yapar.<\/td>\n<\/tr>\n<tr>\n<td><strong>Kan Dola\u015f\u0131m\u0131n\u0131 \u0130yile\u015ftirir<\/strong><\/td>\n<td>Kan damarlar\u0131n\u0131 geni\u015fleterek kan dola\u015f\u0131m\u0131n\u0131 iyile\u015ftirir.<\/td>\n<\/tr>\n<tr>\n<td><strong>Antioksidan \u00d6zellikler<\/strong><\/td>\n<td>Serbest radikallerle sava\u015farak h\u00fccreleri korur.<\/td>\n<\/tr>\n<tr>\n<td><strong>Kullan\u0131m Alanlar\u0131<\/strong><\/td>\n<td>Sa\u011fl\u0131k takviyeleri, i\u00e7ecekler, cilt bak\u0131m \u00fcr\u00fcnleri, soslar.<\/td>\n<\/tr>\n<tr>\n<td><strong>Tedarik\u00e7i<\/strong><\/td>\n<td>MT Royal, g\u00fcvenilir ve kaliteli \u00fcr\u00fcn tedarik\u00e7isidir.<\/td>\n<\/tr>\n<\/tbody>\n<\/table>\n<h2><strong>Sonu\u00e7: Gingko Biloba Ekstresi ile Sa\u011fl\u0131\u011f\u0131n\u0131z\u0131 Destekleyin<\/strong><\/h2>\n<p>Gingko Biloba Ekstresi, haf\u0131zan\u0131z\u0131 g\u00fc\u00e7lendiren, kan dola\u015f\u0131m\u0131n\u0131 iyile\u015ftiren ve ya\u015flanma belirtilerini geciktiren g\u00fc\u00e7l\u00fc bir do\u011fal bile\u015fiktir. MT Royal, bu de\u011ferli bile\u015fi\u011fi y\u00fcksek kaliteyle ve en uygun fiyatlarla sunarak, g\u0131da end\u00fcstrisinde kaliteli ve sa\u011fl\u0131kl\u0131 \u00fcr\u00fcnler temin etmenize olanak sa\u011flar.<\/p>\n<p><strong>Hemen \u0130leti\u015fime Ge\u00e7in!<\/strong><br \/>\nGingko Biloba Ekstresi ve di\u011fer do\u011fal bile\u015fenler hakk\u0131nda daha fazla bilgi almak ve MT Royal\u2019in sundu\u011fu kaliteli \u00fcr\u00fcnlerden faydalanmak i\u00e7in bizimle ileti\u015fime ge\u00e7ebilirsiniz. Sa\u011fl\u0131kl\u0131 \u00fcr\u00fcnler i\u00e7in do\u011fru adres: MT Royal!<\/p>\n<div style='text-align:center' class='yasr-auto-insert-visitor'><\/div>","protected":false},"excerpt":{"rendered":"<p><span style=\"border: 0px solid #e5e7eb; --tw-border-spacing-x: 0; --tw-border-spacing-y: 0; --tw-translate-x: 0; ... \n<\/p>\n","protected":false},"featured_media":7427,"comment_status":"open","ping_status":"closed","template":"","meta":{"yasr_overall_rating":0,"yasr_post_is_review":"","yasr_auto_insert_disabled":"","yasr_review_type":""},"product_brand":[],"product_cat":[50],"product_tag":[],"class_list":{"0":"post-5731","1":"product","2":"type-product","3":"status-publish","4":"has-post-thumbnail","6":"product_cat-temel-hammaddeler","8":"first","9":"instock","10":"shipping-taxable","11":"product-type-simple"},"yoast_head":"<!-- This site is optimized with the Yoast SEO Premium plugin v24.5 (Yoast SEO v26.6) - https:\/\/yoast.com\/wordpress\/plugins\/seo\/ -->\n<title>Gingko Biloba Ekstresi - MTROYAL<\/title>\n<meta name=\"description\" content=\"G\u0131da end\u00fcstrisinin g\u00fcvenilir tedarik\u00e7isi. Gingko Biloba Ekstresi ve daha fazlas\u0131 i\u00e7in en kaliteli \u00e7\u00f6z\u00fcmler. Rekabet\u00e7i fiyatlar, h\u0131zl\u0131 teslimat.\" \/>\n<meta name=\"robots\" content=\"index, follow, max-snippet:-1, max-image-preview:large, max-video-preview:-1\" \/>\n<link rel=\"canonical\" href=\"https:\/\/mtroyal.com.tr\/tr\/product\/gingko-biloba-ekstresi\/\" \/>\n<meta property=\"og:locale\" content=\"tr_TR\" \/>\n<meta property=\"og:type\" content=\"article\" \/>\n<meta property=\"og:title\" content=\"Gingko Biloba Ekstresi\" \/>\n<meta property=\"og:description\" content=\"G\u0131da end\u00fcstrisinin g\u00fcvenilir tedarik\u00e7isi. Gingko Biloba Ekstresi ve daha fazlas\u0131 i\u00e7in en kaliteli \u00e7\u00f6z\u00fcmler. Rekabet\u00e7i fiyatlar, h\u0131zl\u0131 teslimat.\" \/>\n<meta property=\"og:url\" content=\"https:\/\/mtroyal.com.tr\/tr\/product\/gingko-biloba-ekstresi\/\" \/>\n<meta property=\"og:site_name\" content=\"MTROYAL\" \/>\n<meta property=\"og:image\" content=\"https:\/\/mtroyal.com.tr\/tr\/wp-content\/uploads\/2024\/12\/Gingko-Biloba-Ekstresi.jpg\" \/>\n\t<meta property=\"og:image:width\" content=\"518\" \/>\n\t<meta property=\"og:image:height\" content=\"393\" \/>\n\t<meta property=\"og:image:type\" content=\"image\/jpeg\" \/>\n<meta name=\"twitter:card\" content=\"summary_large_image\" \/>\n<script type=\"application\/ld+json\" class=\"yoast-schema-graph\">{\"@context\":\"https:\/\/schema.org\",\"@graph\":[{\"@type\":\"WebPage\",\"@id\":\"https:\/\/mtroyal.com.tr\/tr\/product\/gingko-biloba-ekstresi\/\",\"url\":\"https:\/\/mtroyal.com.tr\/tr\/product\/gingko-biloba-ekstresi\/\",\"name\":\"Gingko Biloba Ekstresi - MTROYAL\",\"isPartOf\":{\"@id\":\"https:\/\/mtroyal.com.tr\/tr\/#website\"},\"primaryImageOfPage\":{\"@id\":\"https:\/\/mtroyal.com.tr\/tr\/product\/gingko-biloba-ekstresi\/#primaryimage\"},\"image\":{\"@id\":\"https:\/\/mtroyal.com.tr\/tr\/product\/gingko-biloba-ekstresi\/#primaryimage\"},\"thumbnailUrl\":\"https:\/\/mtroyal.com.tr\/tr\/wp-content\/uploads\/2024\/12\/Gingko-Biloba-Ekstresi.jpg\",\"datePublished\":\"2025-02-07T12:00:37+00:00\",\"description\":\"G\u0131da end\u00fcstrisinin g\u00fcvenilir tedarik\u00e7isi. Gingko Biloba Ekstresi ve daha fazlas\u0131 i\u00e7in en kaliteli \u00e7\u00f6z\u00fcmler. Rekabet\u00e7i fiyatlar, h\u0131zl\u0131 teslimat.\",\"breadcrumb\":{\"@id\":\"https:\/\/mtroyal.com.tr\/tr\/product\/gingko-biloba-ekstresi\/#breadcrumb\"},\"inLanguage\":\"tr\",\"potentialAction\":[{\"@type\":\"ReadAction\",\"target\":[\"https:\/\/mtroyal.com.tr\/tr\/product\/gingko-biloba-ekstresi\/\"]}]},{\"@type\":\"ImageObject\",\"inLanguage\":\"tr\",\"@id\":\"https:\/\/mtroyal.com.tr\/tr\/product\/gingko-biloba-ekstresi\/#primaryimage\",\"url\":\"https:\/\/mtroyal.com.tr\/tr\/wp-content\/uploads\/2024\/12\/Gingko-Biloba-Ekstresi.jpg\",\"contentUrl\":\"https:\/\/mtroyal.com.tr\/tr\/wp-content\/uploads\/2024\/12\/Gingko-Biloba-Ekstresi.jpg\",\"width\":518,\"height\":393,\"caption\":\"Gingko Biloba Ekstresi\"},{\"@type\":\"BreadcrumbList\",\"@id\":\"https:\/\/mtroyal.com.tr\/tr\/product\/gingko-biloba-ekstresi\/#breadcrumb\",\"itemListElement\":[{\"@type\":\"ListItem\",\"position\":1,\"name\":\"Home\",\"item\":\"https:\/\/mtroyal.com.tr\/tr\/\"},{\"@type\":\"ListItem\",\"position\":2,\"name\":\"\u00dcr\u00fcnlerimiz\",\"item\":\"https:\/\/mtroyal.com.tr\/tr\/urunlerimiz\/\"},{\"@type\":\"ListItem\",\"position\":3,\"name\":\"Gingko Biloba Ekstresi\"}]},{\"@type\":\"WebSite\",\"@id\":\"https:\/\/mtroyal.com.tr\/tr\/#website\",\"url\":\"https:\/\/mtroyal.com.tr\/tr\/\",\"name\":\"MTROYAL\",\"description\":\"\",\"publisher\":{\"@id\":\"https:\/\/mtroyal.com.tr\/tr\/#organization\"},\"potentialAction\":[{\"@type\":\"SearchAction\",\"target\":{\"@type\":\"EntryPoint\",\"urlTemplate\":\"https:\/\/mtroyal.com.tr\/tr\/?s={search_term_string}\"},\"query-input\":{\"@type\":\"PropertyValueSpecification\",\"valueRequired\":true,\"valueName\":\"search_term_string\"}}],\"inLanguage\":\"tr\"},{\"@type\":\"Organization\",\"@id\":\"https:\/\/mtroyal.com.tr\/tr\/#organization\",\"name\":\"MTROYAL\",\"url\":\"https:\/\/mtroyal.com.tr\/tr\/\",\"logo\":{\"@type\":\"ImageObject\",\"inLanguage\":\"tr\",\"@id\":\"https:\/\/mtroyal.com.tr\/tr\/#\/schema\/logo\/image\/\",\"url\":\"https:\/\/mtroyal.com.tr\/tr\/wp-content\/uploads\/2023\/12\/mt-logo.png\",\"contentUrl\":\"https:\/\/mtroyal.com.tr\/tr\/wp-content\/uploads\/2023\/12\/mt-logo.png\",\"width\":313,\"height\":261,\"caption\":\"MTROYAL\"},\"image\":{\"@id\":\"https:\/\/mtroyal.com.tr\/tr\/#\/schema\/logo\/image\/\"}},false]}<\/script>\n<!-- \/ Yoast SEO Premium plugin. -->","yoast_head_json":{"title":"Gingko Biloba Ekstresi - MTROYAL","description":"G\u0131da end\u00fcstrisinin g\u00fcvenilir tedarik\u00e7isi. Gingko Biloba Ekstresi ve daha fazlas\u0131 i\u00e7in en kaliteli \u00e7\u00f6z\u00fcmler. Rekabet\u00e7i fiyatlar, h\u0131zl\u0131 teslimat.","robots":{"index":"index","follow":"follow","max-snippet":"max-snippet:-1","max-image-preview":"max-image-preview:large","max-video-preview":"max-video-preview:-1"},"canonical":"https:\/\/mtroyal.com.tr\/tr\/product\/gingko-biloba-ekstresi\/","og_locale":"tr_TR","og_type":"article","og_title":"Gingko Biloba Ekstresi","og_description":"G\u0131da end\u00fcstrisinin g\u00fcvenilir tedarik\u00e7isi. Gingko Biloba Ekstresi ve daha fazlas\u0131 i\u00e7in en kaliteli \u00e7\u00f6z\u00fcmler. Rekabet\u00e7i fiyatlar, h\u0131zl\u0131 teslimat.","og_url":"https:\/\/mtroyal.com.tr\/tr\/product\/gingko-biloba-ekstresi\/","og_site_name":"MTROYAL","og_image":[{"width":518,"height":393,"url":"https:\/\/mtroyal.com.tr\/tr\/wp-content\/uploads\/2024\/12\/Gingko-Biloba-Ekstresi.jpg","type":"image\/jpeg"}],"twitter_card":"summary_large_image","schema":{"@context":"https:\/\/schema.org","@graph":[{"@type":"WebPage","@id":"https:\/\/mtroyal.com.tr\/tr\/product\/gingko-biloba-ekstresi\/","url":"https:\/\/mtroyal.com.tr\/tr\/product\/gingko-biloba-ekstresi\/","name":"Gingko Biloba Ekstresi - MTROYAL","isPartOf":{"@id":"https:\/\/mtroyal.com.tr\/tr\/#website"},"primaryImageOfPage":{"@id":"https:\/\/mtroyal.com.tr\/tr\/product\/gingko-biloba-ekstresi\/#primaryimage"},"image":{"@id":"https:\/\/mtroyal.com.tr\/tr\/product\/gingko-biloba-ekstresi\/#primaryimage"},"thumbnailUrl":"https:\/\/mtroyal.com.tr\/tr\/wp-content\/uploads\/2024\/12\/Gingko-Biloba-Ekstresi.jpg","datePublished":"2025-02-07T12:00:37+00:00","description":"G\u0131da end\u00fcstrisinin g\u00fcvenilir tedarik\u00e7isi. Gingko Biloba Ekstresi ve daha fazlas\u0131 i\u00e7in en kaliteli \u00e7\u00f6z\u00fcmler. Rekabet\u00e7i fiyatlar, h\u0131zl\u0131 teslimat.","breadcrumb":{"@id":"https:\/\/mtroyal.com.tr\/tr\/product\/gingko-biloba-ekstresi\/#breadcrumb"},"inLanguage":"tr","potentialAction":[{"@type":"ReadAction","target":["https:\/\/mtroyal.com.tr\/tr\/product\/gingko-biloba-ekstresi\/"]}]},{"@type":"ImageObject","inLanguage":"tr","@id":"https:\/\/mtroyal.com.tr\/tr\/product\/gingko-biloba-ekstresi\/#primaryimage","url":"https:\/\/mtroyal.com.tr\/tr\/wp-content\/uploads\/2024\/12\/Gingko-Biloba-Ekstresi.jpg","contentUrl":"https:\/\/mtroyal.com.tr\/tr\/wp-content\/uploads\/2024\/12\/Gingko-Biloba-Ekstresi.jpg","width":518,"height":393,"caption":"Gingko Biloba Ekstresi"},{"@type":"BreadcrumbList","@id":"https:\/\/mtroyal.com.tr\/tr\/product\/gingko-biloba-ekstresi\/#breadcrumb","itemListElement":[{"@type":"ListItem","position":1,"name":"Home","item":"https:\/\/mtroyal.com.tr\/tr\/"},{"@type":"ListItem","position":2,"name":"\u00dcr\u00fcnlerimiz","item":"https:\/\/mtroyal.com.tr\/tr\/urunlerimiz\/"},{"@type":"ListItem","position":3,"name":"Gingko Biloba Ekstresi"}]},{"@type":"WebSite","@id":"https:\/\/mtroyal.com.tr\/tr\/#website","url":"https:\/\/mtroyal.com.tr\/tr\/","name":"MTROYAL","description":"","publisher":{"@id":"https:\/\/mtroyal.com.tr\/tr\/#organization"},"potentialAction":[{"@type":"SearchAction","target":{"@type":"EntryPoint","urlTemplate":"https:\/\/mtroyal.com.tr\/tr\/?s={search_term_string}"},"query-input":{"@type":"PropertyValueSpecification","valueRequired":true,"valueName":"search_term_string"}}],"inLanguage":"tr"},{"@type":"Organization","@id":"https:\/\/mtroyal.com.tr\/tr\/#organization","name":"MTROYAL","url":"https:\/\/mtroyal.com.tr\/tr\/","logo":{"@type":"ImageObject","inLanguage":"tr","@id":"https:\/\/mtroyal.com.tr\/tr\/#\/schema\/logo\/image\/","url":"https:\/\/mtroyal.com.tr\/tr\/wp-content\/uploads\/2023\/12\/mt-logo.png","contentUrl":"https:\/\/mtroyal.com.tr\/tr\/wp-content\/uploads\/2023\/12\/mt-logo.png","width":313,"height":261,"caption":"MTROYAL"},"image":{"@id":"https:\/\/mtroyal.com.tr\/tr\/#\/schema\/logo\/image\/"}},false]}},"yasr_visitor_votes":{"stars_attributes":{"read_only":false,"span_bottom":false},"number_of_votes":0,"sum_votes":0},"_links":{"self":[{"href":"https:\/\/mtroyal.com.tr\/tr\/wp-json\/wp\/v2\/product\/5731","targetHints":{"allow":["GET"]}}],"collection":[{"href":"https:\/\/mtroyal.com.tr\/tr\/wp-json\/wp\/v2\/product"}],"about":[{"href":"https:\/\/mtroyal.com.tr\/tr\/wp-json\/wp\/v2\/types\/product"}],"replies":[{"embeddable":true,"href":"https:\/\/mtroyal.com.tr\/tr\/wp-json\/wp\/v2\/comments?post=5731"}],"wp:featuredmedia":[{"embeddable":true,"href":"https:\/\/mtroyal.com.tr\/tr\/wp-json\/wp\/v2\/media\/7427"}],"wp:attachment":[{"href":"https:\/\/mtroyal.com.tr\/tr\/wp-json\/wp\/v2\/media?parent=5731"}],"wp:term":[{"taxonomy":"product_brand","embeddable":true,"href":"https:\/\/mtroyal.com.tr\/tr\/wp-json\/wp\/v2\/product_brand?post=5731"},{"taxonomy":"product_cat","embeddable":true,"href":"https:\/\/mtroyal.com.tr\/tr\/wp-json\/wp\/v2\/product_cat?post=5731"},{"taxonomy":"product_tag","embeddable":true,"href":"https:\/\/mtroyal.com.tr\/tr\/wp-json\/wp\/v2\/product_tag?post=5731"}],"curies":[{"name":"wp","href":"https:\/\/api.w.org\/{rel}","templated":true}]}}