{"id":5772,"date":"2025-01-25T03:43:51","date_gmt":"2025-01-25T00:43:51","guid":{"rendered":"https:\/\/mtroyal.com.tr\/tr\/?post_type=product&#038;p=5772"},"modified":"2025-01-25T03:43:52","modified_gmt":"2025-01-25T00:43:52","slug":"kalsiyum-stearat","status":"publish","type":"product","link":"https:\/\/mtroyal.com.tr\/tr\/product\/kalsiyum-stearat\/","title":{"rendered":"Kalsiyum Stearat"},"content":{"rendered":"<p><em>Kalsiyum Stearat<\/em>, g\u0131da end\u00fcstrisinde ve bir\u00e7ok farkl\u0131 sekt\u00f6rde yayg\u0131n olarak kullan\u0131lan \u00f6nemli bir bile\u015fendir. Geli\u015fen g\u0131da \u00fcretim s\u00fcre\u00e7lerinde \u00f6nemli bir yer tutan bu bile\u015fen, \u00fcr\u00fcnlerinizin kalitesini art\u0131rmaya yard\u0131mc\u0131 olabilir. MT Royal olarak, T\u00fcrkiye\u2019nin \u00f6nde gelen g\u0131da sanayi \u00fcr\u00fcnleri tedarik\u00e7isi olarak, <em>Kalsiyum Stearat<\/em>&#8216;\u0131 en uygun fiyatlarla temin etmeniz i\u00e7in hizmetinizdeyiz.<\/p>\n<p>Bu yaz\u0131da, <em>Kalsiyum Stearat<\/em>\u2019\u0131n ne oldu\u011funu, nas\u0131l kullan\u0131ld\u0131\u011f\u0131n\u0131 ve MT Royal\u2019in sa\u011flad\u0131\u011f\u0131 avantajlar\u0131 ke\u015ffedeceksiniz. Ayr\u0131ca, MT Royal\u2019den nas\u0131l temin edebilece\u011finiz hakk\u0131nda bilgi edinecek ve \u015firketimizin sa\u011flad\u0131\u011f\u0131 hizmetler hakk\u0131nda daha fazla bilgi sahibi olacaks\u0131n\u0131z.<\/p>\n<h2>Kalsiyum Stearat Nedir?<\/h2>\n<p>Kalsiyum Stearat, genellikle beyaz toz \u015feklinde olan, kalsiyum ve stearik asit bile\u015fenlerinden olu\u015fan bir tuzdur. \u00d6zellikle g\u0131da sanayinde, kozmetik \u00fcr\u00fcnlerde, ila\u00e7 sekt\u00f6r\u00fcnde ve hatta plastik end\u00fcstrisinde yayg\u0131n olarak kullan\u0131l\u0131r. Kalsiyum Stearat, esasen bir ya\u011flay\u0131c\u0131 ve stabilizat\u00f6r g\u00f6revi g\u00f6r\u00fcr, bu da onun \u00e7ok y\u00f6nl\u00fcl\u00fc\u011f\u00fcn\u00fc ve farkl\u0131 end\u00fcstrilerdeki de\u011ferini art\u0131r\u0131r.<\/p>\n<h2>Kalsiyum Stearat\u2019\u0131n G\u0131da End\u00fcstrisindeki Kullan\u0131m\u0131<\/h2>\n<p>Kalsiyum Stearat, g\u0131da \u00fcreticileri i\u00e7in bir\u00e7ok fayda sa\u011flar. \u0130\u015fte bu bile\u015fi\u011fin g\u0131da end\u00fcstrisinde en yayg\u0131n kullan\u0131m alanlar\u0131:<\/p>\n<p>1. <strong>Ya\u011flay\u0131c\u0131 Olarak Kullan\u0131m\u0131<\/strong><\/p>\n<p>Kalsiyum Stearat, \u00f6zellikle \u015fekerlemeler ve \u00e7ikolata \u00fcretiminde, \u00fcretim ekipmanlar\u0131n\u0131n d\u00fczg\u00fcn \u00e7al\u0131\u015fmas\u0131n\u0131 sa\u011flamak i\u00e7in kullan\u0131l\u0131r. \u00dcretim s\u00fcrecindeki makinelerde t\u0131kanmalar\u0131 \u00f6nler ve \u00fcr\u00fcnlerin d\u00fczg\u00fcn bir \u015fekilde \u015fekil almas\u0131na yard\u0131mc\u0131 olur.<\/p>\n<h4>2. <strong>Stabilizat\u00f6r G\u00f6revi<\/strong><\/h4>\n<p>Kalsiyum Stearat, em\u00fclsiyonlar\u0131n ve kar\u0131\u015f\u0131mlar\u0131n daha stabil hale gelmesine yard\u0131mc\u0131 olur. S\u00fctl\u00fc \u00fcr\u00fcnler, margarin ve baz\u0131 i\u00e7eceklerde, kar\u0131\u015f\u0131m\u0131n homojen bir yap\u0131ya sahip olmas\u0131n\u0131 sa\u011flar.<\/p>\n<h4>3. <strong>K\u0131vam Art\u0131r\u0131c\u0131<\/strong><\/h4>\n<p>Baz\u0131 g\u0131da \u00fcr\u00fcnlerinde, \u00f6zellikle unlu mamuller ve hamur i\u015flerinde, Kalsiyum Stearat k\u0131vam artt\u0131r\u0131c\u0131 olarak kullan\u0131l\u0131r. Bu, \u00fcr\u00fcnlerin daha p\u00fcr\u00fczs\u00fcz ve yo\u011fun olmas\u0131n\u0131 sa\u011flar.<\/p>\n<h3>MT Royal\u2019in Sa\u011flad\u0131\u011f\u0131 Kalsiyum Stearat Fiyatlar\u0131<\/h3>\n<p>MT Royal, <em>Kalsiyum Stearat<\/em>\u2019\u0131 g\u0131da sanayi i\u00e7in en uygun fiyatlarla sunarak, kaliteli \u00fcr\u00fcnlere eri\u015fiminizi kolayla\u015ft\u0131r\u0131r. T\u00fcrkiye\u2019deki en b\u00fcy\u00fck tedarik\u00e7ilerden biri olan \u015firketimiz, y\u00fcksek kaliteyi en iyi fiyatlarla sunarak, sekt\u00f6rdeki liderli\u011fini s\u00fcrd\u00fcrmektedir. MT Royal olarak, kaliteyi ve m\u00fc\u015fteri memnuniyetini \u00f6n planda tutarak, her zaman en iyi hizmeti vermeyi hedefliyoruz.<\/p>\n<h4>MT Royal ile Kalsiyum Stearat Sat\u0131n Alman\u0131n Avantajlar\u0131<\/h4>\n<ul>\n<li><strong>Uygun Fiyatlar<\/strong>: MT Royal, Kalsiyum Stearat&#8217;\u0131, sekt\u00f6r\u00fcn en uygun fiyatlar\u0131yla temin etmenizi sa\u011flar.<\/li>\n<li><strong>Y\u00fcksek Kalite<\/strong>: \u00dcr\u00fcnlerimiz, d\u00fcnya standartlar\u0131na uygun olarak y\u00fcksek kaliteye sahiptir.<\/li>\n<li><strong>H\u0131zl\u0131 Teslimat<\/strong>: Sipari\u015fleriniz, istedi\u011finiz zaman h\u0131zl\u0131 ve g\u00fcvenli bir \u015fekilde teslim edilir.<\/li>\n<li><strong>M\u00fc\u015fteri Deste\u011fi<\/strong>: Herhangi bir sorunuz oldu\u011funda, profesyonel m\u00fc\u015fteri hizmetleri ekibimiz size yard\u0131mc\u0131 olmaktan mutluluk duyar.<\/li>\n<\/ul>\n<h3>Kalsiyum Stearat\u2019\u0131n Di\u011fer End\u00fcstrilerdeki Kullan\u0131m\u0131<\/h3>\n<p>Kalsiyum Stearat, yaln\u0131zca g\u0131da end\u00fcstrisinde de\u011fil, ayn\u0131 zamanda farkl\u0131 end\u00fcstrilerde de yayg\u0131n olarak kullan\u0131lmaktad\u0131r. Her end\u00fcstri, bu bile\u015fi\u011fin farkl\u0131 \u00f6zelliklerinden faydalanarak \u00fcr\u00fcnlerini daha verimli ve kaliteli hale getirebilir. \u0130\u015fte Kalsiyum Stearat\u2019\u0131n kullan\u0131ld\u0131\u011f\u0131 baz\u0131 \u00f6nemli sekt\u00f6rler:<\/p>\n<h3>1. <strong>Kozmetik ve \u0130la\u00e7 Sekt\u00f6r\u00fc<\/strong><\/h3>\n<p>Kalsiyum Stearat, kozmetik \u00fcr\u00fcnlerinin stabilitesini art\u0131rmak i\u00e7in yayg\u0131n olarak kullan\u0131l\u0131r. \u00d6zellikle krem, losyon ve sabun gibi \u00fcr\u00fcnlerde, bu bile\u015fik \u00fcr\u00fcn\u00fcn yap\u0131s\u0131n\u0131 g\u00fc\u00e7lendirir ve daha homojen bir k\u0131vam sa\u011flar. Ayr\u0131ca, \u00fcr\u00fcnlerin \u00fcretim a\u015famalar\u0131nda kullan\u0131lan makinelerin daha verimli \u00e7al\u0131\u015fmas\u0131na yard\u0131mc\u0131 olur.<\/p>\n<p>\u0130la\u00e7 sekt\u00f6r\u00fcnde ise, Kalsiyum Stearat, tabletlerin y\u00fczeyini d\u00fczg\u00fcnle\u015ftirir ve tabletlerin daha kolay da\u011f\u0131lmas\u0131n\u0131 sa\u011flar. Bu, ila\u00e7lar\u0131n etkinli\u011fini art\u0131r\u0131r ve hastalar\u0131n daha iyi bir deneyim ya\u015famas\u0131na yard\u0131mc\u0131 olur. Tabletlerin y\u00fczeyinin d\u00fczg\u00fcn olmas\u0131, do\u011fru dozda ila\u00e7 al\u0131m\u0131n\u0131 sa\u011flar ve kullan\u0131c\u0131lar\u0131n ila\u00e7lar\u0131 g\u00fcvenle kullanmalar\u0131na olanak tan\u0131r.<\/p>\n<h3>2. <strong>Plastik ve Kau\u00e7uk End\u00fcstrisi<\/strong><\/h3>\n<p>Plastik ve kau\u00e7uk end\u00fcstrisinde de Kalsiyum Stearat \u00f6nemli bir rol oynar. Plastik \u00fcr\u00fcnlerin \u00fcretiminde, bu bile\u015fik, plastiklerin d\u00fczg\u00fcn bir \u015fekilde \u015fekil almas\u0131n\u0131 sa\u011flar. Kalsiyum Stearat, \u00fcretim makinelerinin daha verimli \u00e7al\u0131\u015fmas\u0131n\u0131 sa\u011flar, bu da \u00fcretim s\u00fcrecinde zaman ve enerji tasarrufu sa\u011flar. Ayr\u0131ca, kau\u00e7uk \u00fcr\u00fcnlerinde de benzer \u015fekilde kullan\u0131larak, kau\u00e7uklar\u0131n i\u015flenmesinde stabilite sa\u011flar.<\/p>\n<p>Kalsiyum Stearat\u2019\u0131n kullan\u0131m\u0131, \u00fcretim s\u00fcre\u00e7lerinin h\u0131zlanmas\u0131na yard\u0131mc\u0131 olur ve nihai \u00fcr\u00fcn\u00fcn kalitesini art\u0131r\u0131r. Ayr\u0131ca, plastiklerin ve kau\u00e7uklar\u0131n dayan\u0131kl\u0131l\u0131\u011f\u0131n\u0131 art\u0131rarak, \u00fcr\u00fcnlerin daha uzun s\u00fcre kullan\u0131lmas\u0131n\u0131 sa\u011flar.<\/p>\n<h2><strong>Kalsiyum Stearat\u2019\u0131n Faydalar\u0131<\/strong><\/h2>\n<p>Kalsiyum Stearat, farkl\u0131 end\u00fcstrilerdeki kullan\u0131mlar\u0131yla pek \u00e7ok fayda sa\u011flar. Bu faydalar, \u00f6zellikle \u00fcretim s\u00fcre\u00e7lerini iyile\u015ftirmek ve nihai \u00fcr\u00fcnlerin kalitesini art\u0131rmak amac\u0131yla olduk\u00e7a \u00f6nemlidir. \u0130\u015fte Kalsiyum Stearat\u2019\u0131n ba\u015fl\u0131ca avantajlar\u0131:<\/p>\n<p>1. <strong>\u00dcr\u00fcn Kalitesinin Artmas\u0131<\/strong><\/p>\n<p>Kalsiyum Stearat, \u00fcr\u00fcnlerin daha stabil ve dayan\u0131kl\u0131 hale gelmesini sa\u011flar. Bu, \u00f6zellikle g\u0131da \u00fcr\u00fcnlerinde, kozmetik \u00fcr\u00fcnlerde ve ila\u00e7larda kaliteyi art\u0131rarak, kullan\u0131c\u0131lar\u0131n \u00fcr\u00fcnlerden en iyi \u015fekilde faydalanmas\u0131n\u0131 sa\u011flar.<\/p>\n<p>2. <strong>\u00dcretim S\u00fcre\u00e7lerinde Verimlilik<\/strong><\/p>\n<p>Kalsiyum Stearat, \u00fcretim s\u00fcre\u00e7lerini h\u0131zland\u0131r\u0131r ve makinelerin daha verimli \u00e7al\u0131\u015fmas\u0131n\u0131 sa\u011flar. Bu, \u00fcretim hatlar\u0131nda daha az ar\u0131za, daha h\u0131zl\u0131 \u00fcretim ve daha d\u00fc\u015f\u00fck maliyetler anlam\u0131na gelir.<\/p>\n<p>3. <strong>G\u0131da G\u00fcvenli\u011fi<\/strong><\/p>\n<p>Kalsiyum Stearat, g\u0131da sekt\u00f6r\u00fcnde kullan\u0131ld\u0131\u011f\u0131nda sa\u011fl\u0131k a\u00e7\u0131s\u0131ndan tamamen g\u00fcvenlidir. G\u0131da g\u00fcvenli\u011fi standartlar\u0131na uygun olan bu bile\u015fik, insanlar\u0131n sa\u011fl\u0131\u011f\u0131n\u0131 tehdit etmez. Ayr\u0131ca, \u00fcr\u00fcnlerin dayan\u0131kl\u0131l\u0131\u011f\u0131n\u0131 art\u0131rarak, t\u00fcketici sa\u011fl\u0131\u011f\u0131na katk\u0131da bulunur.<\/p>\n<p>Sonu\u00e7 olarak, Kalsiyum Stearat\u2019\u0131n \u00e7e\u015fitli end\u00fcstrilerdeki kullan\u0131m alanlar\u0131, onun ne kadar \u00e7ok y\u00f6nl\u00fc ve faydal\u0131 bir bile\u015fik oldu\u011funu g\u00f6sterir. \u00dcr\u00fcnlerin kalitesini art\u0131r\u0131rken, \u00fcretim s\u00fcre\u00e7lerinde verimlilik sa\u011flar ve sa\u011fl\u0131k a\u00e7\u0131s\u0131ndan g\u00fcvenlidir.<\/p>\n<h3>Kalsiyum Stearat\u2019\u0131n Keyifli \u00d6zellikleri<\/h3>\n<p>A\u015fa\u011f\u0131da, Kalsiyum Stearat\u2019\u0131n temel \u00f6zelliklerini \u00f6zetleyen bir tablo bulabilirsiniz:<\/p>\n<table>\n<thead>\n<tr>\n<th>\u00d6zellik<\/th>\n<th>A\u00e7\u0131klama<\/th>\n<\/tr>\n<\/thead>\n<tbody>\n<tr>\n<td><strong>Kimyasal Yap\u0131<\/strong><\/td>\n<td>Kalsiyum Stearat, kalsiyum ve stearik asitten olu\u015fur.<\/td>\n<\/tr>\n<tr>\n<td><strong>Renk<\/strong><\/td>\n<td>Beyaz veya hafif krem renginde tozdur.<\/td>\n<\/tr>\n<tr>\n<td><strong>Kullan\u0131m Alanlar\u0131<\/strong><\/td>\n<td>G\u0131da, kozmetik, ila\u00e7, plastik end\u00fcstrisi<\/td>\n<\/tr>\n<tr>\n<td><strong>Faydalar<\/strong><\/td>\n<td>Ya\u011flay\u0131c\u0131, stabilizat\u00f6r, k\u0131vam artt\u0131r\u0131c\u0131<\/td>\n<\/tr>\n<tr>\n<td><strong>Fiziksel Durum<\/strong><\/td>\n<td>Toz, genellikle suda \u00e7\u00f6z\u00fcnmez.<\/td>\n<\/tr>\n<\/tbody>\n<\/table>\n<h3>Kalsiyum Stearat Al\u0131rken Nelere Dikkat Edilmeli?<\/h3>\n<p>Kalsiyum Stearat sat\u0131n al\u0131rken dikkat edilmesi gereken baz\u0131 fakt\u00f6rler, hem \u00fcr\u00fcn\u00fcn kalitesini hem de al\u0131m s\u00fcrecinin verimlili\u011fini etkileyebilir. \u0130\u015fte bu fakt\u00f6rlerin detaylar\u0131:<\/p>\n<ol>\n<li><strong>\u00dcretici Firma<\/strong>:<br \/>\nG\u00fcvenilir ve kaliteli \u00fcr\u00fcn tedarik eden bir firma se\u00e7mek, alaca\u011f\u0131n\u0131z Kalsiyum Stearat\u2019\u0131n kalitesini do\u011frudan etkiler. \u00dcr\u00fcn\u00fcn \u00fcreticisi, sekt\u00f6r\u00fcn tan\u0131nm\u0131\u015f ve deneyimli firmalar\u0131ndan olmal\u0131, b\u00f6ylece \u00fcr\u00fcn\u00fcn g\u00fcvenilirli\u011fi konusunda endi\u015fe duymadan sat\u0131n alabilirsiniz. Ayr\u0131ca, firman\u0131n sekt\u00f6rdeki itibar\u0131, m\u00fc\u015fteri memnuniyeti ve sa\u011flad\u0131\u011f\u0131 garanti hizmetleri de g\u00f6z \u00f6n\u00fcnde bulundurulmal\u0131d\u0131r.<\/li>\n<li><strong>\u00dcr\u00fcn Sertifikalar\u0131<\/strong>:<br \/>\nKalsiyum Stearat al\u0131rken, \u00fcr\u00fcn\u00fcn ge\u00e7erli ve g\u00fcvenilir sertifikalara sahip olmas\u0131 \u00e7ok \u00f6nemlidir. G\u0131da ve end\u00fcstri standartlar\u0131na uygunluk sertifikalar\u0131, \u00fcr\u00fcn\u00fcn kalite ve g\u00fcvenlik a\u00e7\u0131s\u0131ndan belirli normlara uygun oldu\u011funu g\u00f6sterir. G\u0131da sekt\u00f6r\u00fcnde kullan\u0131lan Kalsiyum Stearat\u2019\u0131n, g\u0131da g\u00fcvenli\u011fi standartlar\u0131na (\u00f6rne\u011fin, ISO, FDA onaylar\u0131) uygun olmas\u0131 gereklidir. Bu sertifikalar, \u00fcr\u00fcn\u00fcn sa\u011fl\u0131k a\u00e7\u0131s\u0131ndan g\u00fcvenli oldu\u011funu ve belirli kalite kontrollerinden ge\u00e7ti\u011fini garanti eder.<\/li>\n<li><strong>Fiyat Kar\u015f\u0131la\u015ft\u0131rmas\u0131<\/strong>:<br \/>\nKalsiyum Stearat al\u0131rken fiyat kar\u015f\u0131la\u015ft\u0131rmas\u0131 yapmak, uygun maliyetli bir se\u00e7im yapman\u0131za yard\u0131mc\u0131 olabilir. Ancak, fiyat sadece tek ba\u015f\u0131na bir kriter olmamal\u0131d\u0131r. Uygun fiyatl\u0131 \u00fcr\u00fcnler aray\u0131\u015f\u0131nda, kaliteyi g\u00f6z ard\u0131 etmemek gerekir. En uygun fiyat\u0131 sunan firma, her zaman en kaliteli \u00fcr\u00fcn\u00fc sunmayabilir. Bu nedenle, fiyat ve kalite dengesini iyi bir \u015fekilde de\u011ferlendirmek, do\u011fru se\u00e7imi yapman\u0131za yard\u0131mc\u0131 olur.<\/li>\n<\/ol>\n<p>K\u0131sacas\u0131, Kalsiyum Stearat al\u0131rken dikkat edilmesi gereken en \u00f6nemli fakt\u00f6rler, \u00fcretici firma g\u00fcvenilirli\u011fi, \u00fcr\u00fcn\u00fcn sertifikalar\u0131 ve fiyat\/kalite oran\u0131d\u0131r. Bu fakt\u00f6rlere \u00f6zen g\u00f6stererek, hem kaliteli hem de ekonomik bir al\u0131\u015fveri\u015f yapabilirsiniz.<\/p>\n<h3>MT Royal ile Kalsiyum Stearat Sat\u0131n Al\u0131n<\/h3>\n<p>Kalsiyum Stearat\u2019\u0131 en uygun fiyatlarla temin etmek i\u00e7in MT Royal ile ileti\u015fime ge\u00e7ebilirsiniz. G\u00fcvenilir tedarik\u00e7i olarak MT Royal, kaliteli \u00fcr\u00fcnleri, h\u0131zl\u0131 teslimat\u0131 ve m\u00fc\u015fteri odakl\u0131 hizmet anlay\u0131\u015f\u0131yla size en iyi \u00e7\u00f6z\u00fcm\u00fc sunar. Hemen \u015fimdi MT Royal\u2019e ba\u015fvurun ve \u00fcr\u00fcnlerinizde kaliteyi art\u0131r\u0131n!<br \/>\nT\u00fcrkiye\u2019nin lider g\u0131da \u00fcr\u00fcnleri tedarik\u00e7isi MT Royal\u2019den en iyi fiyatlarla Kalsiyum Stearat sat\u0131n alabilirsiniz. \u00dcr\u00fcnlerinizin kalitesini art\u0131rmak i\u00e7in MT Royal ile ileti\u015fime ge\u00e7in!<\/p>\n<div style='text-align:center' class='yasr-auto-insert-visitor'><\/div>","protected":false},"excerpt":{"rendered":"<p><span style=\"border: 0px solid #e5e7eb; --tw-border-spacing-x: 0; --tw-border-spacing-y: 0; --tw-translate-x: 0; ... \n<\/p>\n","protected":false},"featured_media":7348,"comment_status":"open","ping_status":"closed","template":"","meta":{"yasr_overall_rating":0,"yasr_post_is_review":"","yasr_auto_insert_disabled":"","yasr_review_type":""},"product_brand":[],"product_cat":[50],"product_tag":[],"class_list":{"0":"post-5772","1":"product","2":"type-product","3":"status-publish","4":"has-post-thumbnail","6":"product_cat-temel-hammaddeler","8":"first","9":"instock","10":"shipping-taxable","11":"product-type-simple"},"yoast_head":"<!-- This site is optimized with the Yoast SEO Premium plugin v24.5 (Yoast SEO v26.6) - https:\/\/yoast.com\/wordpress\/plugins\/seo\/ -->\n<title>Kalsiyum Stearat - MTROYAL<\/title>\n<meta name=\"description\" content=\"G\u0131da end\u00fcstrisinin g\u00fcvenilir tedarik\u00e7isi. Kalsiyum Stearat ve daha fazlas\u0131 i\u00e7in en kaliteli \u00e7\u00f6z\u00fcmler. Rekabet\u00e7i fiyatlar, h\u0131zl\u0131 teslimat. Sipari\u015f verin!\" \/>\n<meta name=\"robots\" content=\"index, follow, max-snippet:-1, max-image-preview:large, max-video-preview:-1\" \/>\n<link rel=\"canonical\" href=\"https:\/\/mtroyal.com.tr\/tr\/product\/kalsiyum-stearat\/\" \/>\n<meta property=\"og:locale\" content=\"tr_TR\" \/>\n<meta property=\"og:type\" content=\"article\" \/>\n<meta property=\"og:title\" content=\"Kalsiyum Stearat\" \/>\n<meta property=\"og:description\" content=\"G\u0131da end\u00fcstrisinin g\u00fcvenilir tedarik\u00e7isi. Kalsiyum Stearat ve daha fazlas\u0131 i\u00e7in en kaliteli \u00e7\u00f6z\u00fcmler. Rekabet\u00e7i fiyatlar, h\u0131zl\u0131 teslimat. Sipari\u015f verin!\" \/>\n<meta property=\"og:url\" content=\"https:\/\/mtroyal.com.tr\/tr\/product\/kalsiyum-stearat\/\" \/>\n<meta property=\"og:site_name\" content=\"MTROYAL\" \/>\n<meta property=\"article:modified_time\" content=\"2025-01-25T00:43:52+00:00\" \/>\n<meta property=\"og:image\" content=\"https:\/\/mtroyal.com.tr\/tr\/wp-content\/uploads\/2024\/12\/Kalsiyum-Stearat.png\" \/>\n\t<meta property=\"og:image:width\" content=\"365\" \/>\n\t<meta property=\"og:image:height\" content=\"401\" \/>\n\t<meta property=\"og:image:type\" content=\"image\/png\" \/>\n<meta name=\"twitter:card\" content=\"summary_large_image\" \/>\n<script type=\"application\/ld+json\" class=\"yoast-schema-graph\">{\"@context\":\"https:\/\/schema.org\",\"@graph\":[{\"@type\":\"WebPage\",\"@id\":\"https:\/\/mtroyal.com.tr\/tr\/product\/kalsiyum-stearat\/\",\"url\":\"https:\/\/mtroyal.com.tr\/tr\/product\/kalsiyum-stearat\/\",\"name\":\"Kalsiyum Stearat - MTROYAL\",\"isPartOf\":{\"@id\":\"https:\/\/mtroyal.com.tr\/tr\/#website\"},\"primaryImageOfPage\":{\"@id\":\"https:\/\/mtroyal.com.tr\/tr\/product\/kalsiyum-stearat\/#primaryimage\"},\"image\":{\"@id\":\"https:\/\/mtroyal.com.tr\/tr\/product\/kalsiyum-stearat\/#primaryimage\"},\"thumbnailUrl\":\"https:\/\/mtroyal.com.tr\/tr\/wp-content\/uploads\/2024\/12\/Kalsiyum-Stearat.png\",\"datePublished\":\"2025-01-25T00:43:51+00:00\",\"dateModified\":\"2025-01-25T00:43:52+00:00\",\"description\":\"G\u0131da end\u00fcstrisinin g\u00fcvenilir tedarik\u00e7isi. Kalsiyum Stearat ve daha fazlas\u0131 i\u00e7in en kaliteli \u00e7\u00f6z\u00fcmler. Rekabet\u00e7i fiyatlar, h\u0131zl\u0131 teslimat. Sipari\u015f verin!\",\"breadcrumb\":{\"@id\":\"https:\/\/mtroyal.com.tr\/tr\/product\/kalsiyum-stearat\/#breadcrumb\"},\"inLanguage\":\"tr\",\"potentialAction\":[{\"@type\":\"ReadAction\",\"target\":[\"https:\/\/mtroyal.com.tr\/tr\/product\/kalsiyum-stearat\/\"]}]},{\"@type\":\"ImageObject\",\"inLanguage\":\"tr\",\"@id\":\"https:\/\/mtroyal.com.tr\/tr\/product\/kalsiyum-stearat\/#primaryimage\",\"url\":\"https:\/\/mtroyal.com.tr\/tr\/wp-content\/uploads\/2024\/12\/Kalsiyum-Stearat.png\",\"contentUrl\":\"https:\/\/mtroyal.com.tr\/tr\/wp-content\/uploads\/2024\/12\/Kalsiyum-Stearat.png\",\"width\":365,\"height\":401,\"caption\":\"Kalsiyum Stearat\"},{\"@type\":\"BreadcrumbList\",\"@id\":\"https:\/\/mtroyal.com.tr\/tr\/product\/kalsiyum-stearat\/#breadcrumb\",\"itemListElement\":[{\"@type\":\"ListItem\",\"position\":1,\"name\":\"Home\",\"item\":\"https:\/\/mtroyal.com.tr\/tr\/\"},{\"@type\":\"ListItem\",\"position\":2,\"name\":\"\u00dcr\u00fcnlerimiz\",\"item\":\"https:\/\/mtroyal.com.tr\/tr\/urunlerimiz\/\"},{\"@type\":\"ListItem\",\"position\":3,\"name\":\"Kalsiyum Stearat\"}]},{\"@type\":\"WebSite\",\"@id\":\"https:\/\/mtroyal.com.tr\/tr\/#website\",\"url\":\"https:\/\/mtroyal.com.tr\/tr\/\",\"name\":\"MTROYAL\",\"description\":\"\",\"publisher\":{\"@id\":\"https:\/\/mtroyal.com.tr\/tr\/#organization\"},\"potentialAction\":[{\"@type\":\"SearchAction\",\"target\":{\"@type\":\"EntryPoint\",\"urlTemplate\":\"https:\/\/mtroyal.com.tr\/tr\/?s={search_term_string}\"},\"query-input\":{\"@type\":\"PropertyValueSpecification\",\"valueRequired\":true,\"valueName\":\"search_term_string\"}}],\"inLanguage\":\"tr\"},{\"@type\":\"Organization\",\"@id\":\"https:\/\/mtroyal.com.tr\/tr\/#organization\",\"name\":\"MTROYAL\",\"url\":\"https:\/\/mtroyal.com.tr\/tr\/\",\"logo\":{\"@type\":\"ImageObject\",\"inLanguage\":\"tr\",\"@id\":\"https:\/\/mtroyal.com.tr\/tr\/#\/schema\/logo\/image\/\",\"url\":\"https:\/\/mtroyal.com.tr\/tr\/wp-content\/uploads\/2023\/12\/mt-logo.png\",\"contentUrl\":\"https:\/\/mtroyal.com.tr\/tr\/wp-content\/uploads\/2023\/12\/mt-logo.png\",\"width\":313,\"height\":261,\"caption\":\"MTROYAL\"},\"image\":{\"@id\":\"https:\/\/mtroyal.com.tr\/tr\/#\/schema\/logo\/image\/\"}},false]}<\/script>\n<!-- \/ Yoast SEO Premium plugin. -->","yoast_head_json":{"title":"Kalsiyum Stearat - MTROYAL","description":"G\u0131da end\u00fcstrisinin g\u00fcvenilir tedarik\u00e7isi. Kalsiyum Stearat ve daha fazlas\u0131 i\u00e7in en kaliteli \u00e7\u00f6z\u00fcmler. Rekabet\u00e7i fiyatlar, h\u0131zl\u0131 teslimat. Sipari\u015f verin!","robots":{"index":"index","follow":"follow","max-snippet":"max-snippet:-1","max-image-preview":"max-image-preview:large","max-video-preview":"max-video-preview:-1"},"canonical":"https:\/\/mtroyal.com.tr\/tr\/product\/kalsiyum-stearat\/","og_locale":"tr_TR","og_type":"article","og_title":"Kalsiyum Stearat","og_description":"G\u0131da end\u00fcstrisinin g\u00fcvenilir tedarik\u00e7isi. Kalsiyum Stearat ve daha fazlas\u0131 i\u00e7in en kaliteli \u00e7\u00f6z\u00fcmler. Rekabet\u00e7i fiyatlar, h\u0131zl\u0131 teslimat. Sipari\u015f verin!","og_url":"https:\/\/mtroyal.com.tr\/tr\/product\/kalsiyum-stearat\/","og_site_name":"MTROYAL","article_modified_time":"2025-01-25T00:43:52+00:00","og_image":[{"width":365,"height":401,"url":"https:\/\/mtroyal.com.tr\/tr\/wp-content\/uploads\/2024\/12\/Kalsiyum-Stearat.png","type":"image\/png"}],"twitter_card":"summary_large_image","schema":{"@context":"https:\/\/schema.org","@graph":[{"@type":"WebPage","@id":"https:\/\/mtroyal.com.tr\/tr\/product\/kalsiyum-stearat\/","url":"https:\/\/mtroyal.com.tr\/tr\/product\/kalsiyum-stearat\/","name":"Kalsiyum Stearat - MTROYAL","isPartOf":{"@id":"https:\/\/mtroyal.com.tr\/tr\/#website"},"primaryImageOfPage":{"@id":"https:\/\/mtroyal.com.tr\/tr\/product\/kalsiyum-stearat\/#primaryimage"},"image":{"@id":"https:\/\/mtroyal.com.tr\/tr\/product\/kalsiyum-stearat\/#primaryimage"},"thumbnailUrl":"https:\/\/mtroyal.com.tr\/tr\/wp-content\/uploads\/2024\/12\/Kalsiyum-Stearat.png","datePublished":"2025-01-25T00:43:51+00:00","dateModified":"2025-01-25T00:43:52+00:00","description":"G\u0131da end\u00fcstrisinin g\u00fcvenilir tedarik\u00e7isi. Kalsiyum Stearat ve daha fazlas\u0131 i\u00e7in en kaliteli \u00e7\u00f6z\u00fcmler. Rekabet\u00e7i fiyatlar, h\u0131zl\u0131 teslimat. Sipari\u015f verin!","breadcrumb":{"@id":"https:\/\/mtroyal.com.tr\/tr\/product\/kalsiyum-stearat\/#breadcrumb"},"inLanguage":"tr","potentialAction":[{"@type":"ReadAction","target":["https:\/\/mtroyal.com.tr\/tr\/product\/kalsiyum-stearat\/"]}]},{"@type":"ImageObject","inLanguage":"tr","@id":"https:\/\/mtroyal.com.tr\/tr\/product\/kalsiyum-stearat\/#primaryimage","url":"https:\/\/mtroyal.com.tr\/tr\/wp-content\/uploads\/2024\/12\/Kalsiyum-Stearat.png","contentUrl":"https:\/\/mtroyal.com.tr\/tr\/wp-content\/uploads\/2024\/12\/Kalsiyum-Stearat.png","width":365,"height":401,"caption":"Kalsiyum Stearat"},{"@type":"BreadcrumbList","@id":"https:\/\/mtroyal.com.tr\/tr\/product\/kalsiyum-stearat\/#breadcrumb","itemListElement":[{"@type":"ListItem","position":1,"name":"Home","item":"https:\/\/mtroyal.com.tr\/tr\/"},{"@type":"ListItem","position":2,"name":"\u00dcr\u00fcnlerimiz","item":"https:\/\/mtroyal.com.tr\/tr\/urunlerimiz\/"},{"@type":"ListItem","position":3,"name":"Kalsiyum Stearat"}]},{"@type":"WebSite","@id":"https:\/\/mtroyal.com.tr\/tr\/#website","url":"https:\/\/mtroyal.com.tr\/tr\/","name":"MTROYAL","description":"","publisher":{"@id":"https:\/\/mtroyal.com.tr\/tr\/#organization"},"potentialAction":[{"@type":"SearchAction","target":{"@type":"EntryPoint","urlTemplate":"https:\/\/mtroyal.com.tr\/tr\/?s={search_term_string}"},"query-input":{"@type":"PropertyValueSpecification","valueRequired":true,"valueName":"search_term_string"}}],"inLanguage":"tr"},{"@type":"Organization","@id":"https:\/\/mtroyal.com.tr\/tr\/#organization","name":"MTROYAL","url":"https:\/\/mtroyal.com.tr\/tr\/","logo":{"@type":"ImageObject","inLanguage":"tr","@id":"https:\/\/mtroyal.com.tr\/tr\/#\/schema\/logo\/image\/","url":"https:\/\/mtroyal.com.tr\/tr\/wp-content\/uploads\/2023\/12\/mt-logo.png","contentUrl":"https:\/\/mtroyal.com.tr\/tr\/wp-content\/uploads\/2023\/12\/mt-logo.png","width":313,"height":261,"caption":"MTROYAL"},"image":{"@id":"https:\/\/mtroyal.com.tr\/tr\/#\/schema\/logo\/image\/"}},false]}},"yasr_visitor_votes":{"stars_attributes":{"read_only":false,"span_bottom":false},"number_of_votes":0,"sum_votes":0},"_links":{"self":[{"href":"https:\/\/mtroyal.com.tr\/tr\/wp-json\/wp\/v2\/product\/5772","targetHints":{"allow":["GET"]}}],"collection":[{"href":"https:\/\/mtroyal.com.tr\/tr\/wp-json\/wp\/v2\/product"}],"about":[{"href":"https:\/\/mtroyal.com.tr\/tr\/wp-json\/wp\/v2\/types\/product"}],"replies":[{"embeddable":true,"href":"https:\/\/mtroyal.com.tr\/tr\/wp-json\/wp\/v2\/comments?post=5772"}],"wp:featuredmedia":[{"embeddable":true,"href":"https:\/\/mtroyal.com.tr\/tr\/wp-json\/wp\/v2\/media\/7348"}],"wp:attachment":[{"href":"https:\/\/mtroyal.com.tr\/tr\/wp-json\/wp\/v2\/media?parent=5772"}],"wp:term":[{"taxonomy":"product_brand","embeddable":true,"href":"https:\/\/mtroyal.com.tr\/tr\/wp-json\/wp\/v2\/product_brand?post=5772"},{"taxonomy":"product_cat","embeddable":true,"href":"https:\/\/mtroyal.com.tr\/tr\/wp-json\/wp\/v2\/product_cat?post=5772"},{"taxonomy":"product_tag","embeddable":true,"href":"https:\/\/mtroyal.com.tr\/tr\/wp-json\/wp\/v2\/product_tag?post=5772"}],"curies":[{"name":"wp","href":"https:\/\/api.w.org\/{rel}","templated":true}]}}