{"id":5851,"date":"2025-01-16T14:13:11","date_gmt":"2025-01-16T11:13:11","guid":{"rendered":"https:\/\/mtroyal.com.tr\/tr\/?post_type=product&#038;p=5851"},"modified":"2025-01-16T14:13:12","modified_gmt":"2025-01-16T11:13:12","slug":"sut-tozu-%30-%70-tuzu-alinmis","status":"publish","type":"product","link":"https:\/\/mtroyal.com.tr\/tr\/product\/sut-tozu-%30-%70-tuzu-alinmis\/","title":{"rendered":"S\u00fct Tozu %30-%70 tuzu al\u0131nm\u0131\u015f"},"content":{"rendered":"<p><span style=\"background-color: #ffffff; color: #333333; font-family: Georgia, 'Times New Roman', 'Bitstream Charter', Times, serif; font-size: 16px; float: none;\">S\u00fct tozu g\u0131da sekt\u00f6r\u00fcnde yayg\u0131n olarak kullan\u0131lan \u00e7ok y\u00f6nl\u00fc bir malzemedir. MT Royal, T\u00fcrkiye\u2019nin g\u0131da sekt\u00f6r\u00fcnde lider tedarik\u00e7ilerinden biri olarak, %30-%70 tuzu al\u0131nm\u0131\u015f s\u00fct tozu ile ihtiya\u00e7lar\u0131n\u0131za uygun \u00e7\u00f6z\u00fcmler sunuyor. Hem kalite hem de fiyat avantaj\u0131 arayanlar i\u00e7in MT Royal, sekt\u00f6rde fark yarat\u0131yor.<\/span><\/p>\n<p>S\u00fct tozu g\u0131da sekt\u00f6r\u00fcnde yayg\u0131n olarak kullan\u0131lan \u00e7ok y\u00f6nl\u00fc bir malzemedir. MT Royal, T\u00fcrkiye\u2019nin g\u0131da sekt\u00f6r\u00fcnde lider tedarik\u00e7ilerinden biri olarak, %30-%70 tuzu al\u0131nm\u0131\u015f s\u00fct tozu ile ihtiya\u00e7lar\u0131n\u0131za uygun \u00e7\u00f6z\u00fcmler sunuyor. Hem kalite hem de fiyat avantaj\u0131 arayanlar i\u00e7in MT Royal, sekt\u00f6rde fark yarat\u0131yor.<\/p>\n<h2>S\u00fct Tozu Nedir ve Neden Tercih Edilir?<\/h2>\n<p><strong>S\u00fct Tozu Nedir ve Neden Tercih Edilir?<\/strong> ba\u015fl\u0131\u011f\u0131 alt\u0131nda \u015fu a\u00e7\u0131klamalar sunulmaktad\u0131r:<\/p>\n<h3>S\u00fct Tozu Nedir?<\/h3>\n<p>S\u00fct tozu, s\u00fct\u00fcn i\u00e7erisindeki suyun uzakla\u015ft\u0131r\u0131lmas\u0131yla \u00fcretilen bir g\u0131da \u00fcr\u00fcn\u00fcd\u00fcr. Bu i\u015flem s\u0131ras\u0131nda, s\u00fct\u00fcn besin de\u011ferleri b\u00fcy\u00fck \u00f6l\u00e7\u00fcde korunur ve daha konsantre bir forma getirilir. S\u00fct tozu, uzun s\u00fcre saklanabilirli\u011fi ve kolay ta\u015f\u0131nabilirli\u011fi nedeniyle g\u0131da end\u00fcstrisinde \u00f6nemli bir yere sahiptir.<\/p>\n<h3>Neden S\u00fct Tozu Tercih Edilir?<\/h3>\n<p>S\u00fct tozunun kullan\u0131m\u0131n\u0131 avantajl\u0131 k\u0131lan birka\u00e7 \u00f6nemli fakt\u00f6r vard\u0131r:<\/p>\n<ol>\n<li><strong>Uzun Raf \u00d6mr\u00fc<\/strong><br \/>\nS\u00fct tozu, taze s\u00fcte k\u0131yasla \u00e7ok daha uzun s\u00fcre dayan\u0131r. Bu \u00f6zelli\u011fi sayesinde \u00f6zellikle depolama ve lojistik maliyetlerini d\u00fc\u015f\u00fcrmek isteyen g\u0131da \u00fcreticileri i\u00e7in ideal bir se\u00e7enektir.<\/li>\n<li><strong>Kolay Depolama<\/strong><br \/>\nD\u00fc\u015f\u00fck hacimli yap\u0131s\u0131yla, s\u00fct tozu saklama alan\u0131nda tasarruf sa\u011flar. Bu da, b\u00fcy\u00fck miktarlarda s\u00fct tozu stoklamak isteyen firmalar i\u00e7in olduk\u00e7a pratiktir.<\/li>\n<li><strong>G\u0131da \u00dcretiminde \u00c7ok Y\u00f6nl\u00fcl\u00fck<\/strong><br \/>\nS\u00fct tozu, bir\u00e7ok farkl\u0131 g\u0131da \u00fcr\u00fcn\u00fcn\u00fcn \u00fcretiminde kullan\u0131labilir. \u00d6rne\u011fin:<\/p>\n<ul>\n<li><strong>Peynir<\/strong>: Yo\u011funla\u015ft\u0131r\u0131lm\u0131\u015f s\u00fct \u00f6zelli\u011fiyle peynir yap\u0131m\u0131nda kullan\u0131labilir.<\/li>\n<li><strong>Yo\u011furt<\/strong>: Yo\u011furt \u00fcretiminde s\u00fct tozu, k\u0131vam\u0131 art\u0131rmak i\u00e7in tercih edilir.<\/li>\n<li><strong>Tatl\u0131lar ve Hamur \u0130\u015fleri<\/strong>: Kek, kurabiye, pasta gibi bir\u00e7ok \u00fcr\u00fcnde s\u00fct tozu kullan\u0131larak daha yo\u011fun bir lezzet sa\u011flan\u0131r.<\/li>\n<\/ul>\n<\/li>\n<\/ol>\n<p>S\u00fct tozu, ekonomik, pratik ve \u00e7ok y\u00f6nl\u00fc bir g\u0131da bile\u015feni olarak \u00f6ne \u00e7\u0131kar. Bu avantajlar\u0131 sayesinde, g\u0131da \u00fcretiminde ve ev kullan\u0131mlar\u0131nda s\u0131k\u00e7a tercih edilen bir \u00fcr\u00fcnd\u00fcr.<\/p>\n<h2>%30-%70 Tuzu Al\u0131nm\u0131\u015f S\u00fct Tozunun \u00d6zellikleri<\/h2>\n<p>Tuzu al\u0131nm\u0131\u015f s\u00fct tozu, \u00f6zellikle tuz seviyesinin kontrol edilmesi gereken tariflerde \u00f6nemlidir. Bu \u00fcr\u00fcn, g\u0131da \u00fcretiminde \u015fu avantajlar\u0131 sunar:<\/p>\n<ol>\n<li><strong>D\u00fc\u015f\u00fck Sodyum Seviyesi<\/strong>: T\u00fcketicilerin daha sa\u011fl\u0131kl\u0131 se\u00e7enekler arad\u0131\u011f\u0131 bir d\u00f6nemde, d\u00fc\u015f\u00fck sodyumlu \u00fcr\u00fcnler \u00e7ok de\u011ferlidir.<\/li>\n<li><strong>Tat Kontrol\u00fc<\/strong>: Tuz miktar\u0131 azalt\u0131ld\u0131\u011f\u0131 i\u00e7in, g\u0131dan\u0131n do\u011fal tad\u0131 korunur.<\/li>\n<li><strong>Esneklik<\/strong>: Farkl\u0131 tariflerde rahat\u00e7a kullan\u0131labilir.<\/li>\n<\/ol>\n<h2>Anahtar \u00d6zellikler Tablosu<\/h2>\n<table>\n<thead>\n<tr>\n<th>\u00d6zellik<\/th>\n<th>Detaylar<\/th>\n<\/tr>\n<\/thead>\n<tbody>\n<tr>\n<td><strong>Tuz Oran\u0131<\/strong><\/td>\n<td>%30-%70 tuzu al\u0131nm\u0131\u015f<\/td>\n<\/tr>\n<tr>\n<td><strong>Raf \u00d6mr\u00fc<\/strong><\/td>\n<td>Uzun, uygun depolama ile aylarca dayan\u0131r<\/td>\n<\/tr>\n<tr>\n<td><strong>Kullan\u0131m Alanlar\u0131<\/strong><\/td>\n<td>Peynir, yo\u011furt, tatl\u0131, hamur i\u015fleri<\/td>\n<\/tr>\n<tr>\n<td><strong>Sa\u011fl\u0131k Avantajlar\u0131<\/strong><\/td>\n<td>D\u00fc\u015f\u00fck sodyum i\u00e7eri\u011fi<\/td>\n<\/tr>\n<\/tbody>\n<\/table>\n<h2>MT Royal\u2019den S\u00fct Tozu Sat\u0131n Alman\u0131n Avantajlar\u0131<\/h2>\n<p>MT Royal, kaliteli \u00fcr\u00fcnleri uygun fiyatlarla sunarak g\u0131da sekt\u00f6r\u00fcnde \u00f6nc\u00fc bir rol \u00fcstlenir. %30-%70 tuzu al\u0131nm\u0131\u015f s\u00fct tozu da bu kaliteli \u00fcr\u00fcnlerden biridir.<\/p>\n<h3>MT Royal\u2019i Tercih Etmeniz \u0130\u00e7in 5 Neden<\/h3>\n<ol>\n<li><strong>G\u00fcvenilirlik<\/strong>: MT Royal, y\u0131llar\u0131n deneyimiyle sekt\u00f6rdeki en g\u00fcvenilir isimlerden biri olarak, m\u00fc\u015fteri memnuniyetini her zaman \u00f6n planda tutar. G\u00fcvenilirlik, uzun vadeli i\u015f ili\u015fkileri kurman\u0131n temelidir ve MT Royal bu alandaki liderli\u011fini s\u00fcrd\u00fcrmektedir.<\/li>\n<li><strong>Kaliteli \u00dcr\u00fcnler<\/strong>: MT Royal, sundu\u011fu t\u00fcm \u00fcr\u00fcnlerin uluslararas\u0131 standartlara uygun olmas\u0131na \u00f6zen g\u00f6sterir. Kaliteyi her zaman \u00f6ncelik alarak, sekt\u00f6rdeki en y\u00fcksek beklentileri kar\u015f\u0131layan \u00fcr\u00fcnler sunar.<\/li>\n<li><strong>Rekabet\u00e7i Fiyatlar<\/strong>: Hem kaliteli hem de ekonomik se\u00e7enekler sunarak, m\u00fc\u015fterilerine b\u00fct\u00e7elerine uygun fiyatlarla y\u00fcksek kaliteli \u00fcr\u00fcnler sa\u011flar. MT Royal, uygun fiyat politikas\u0131yla sekt\u00f6rdeki rakiplerine g\u00f6re \u00f6ne \u00e7\u0131kar.<\/li>\n<li><strong>M\u00fc\u015fteri Deste\u011fi<\/strong>: MT Royal\u2019in profesyonel ekibi, m\u00fc\u015fterilerinin ihtiya\u00e7lar\u0131na \u00f6zel \u00e7\u00f6z\u00fcmler sunarak her a\u015famada destek olur. \u0130htiya\u00e7 duydu\u011funuz her konuda size yard\u0131mc\u0131 olmaktan mutluluk duyarlar.<\/li>\n<li><strong>Geni\u015f Da\u011f\u0131t\u0131m A\u011f\u0131<\/strong>: T\u00fcrkiye genelinde h\u0131zl\u0131 teslimat yapan MT Royal, \u00fcr\u00fcnlerinizi zaman\u0131nda ve g\u00fcvenli bir \u015fekilde teslim ederek, i\u015f s\u00fcre\u00e7lerinizi aksatmaz. Geni\u015f da\u011f\u0131t\u0131m a\u011f\u0131 sayesinde \u00fcr\u00fcnlere kolayca ula\u015fabilirsiniz.<\/li>\n<\/ol>\n<p>Bu 5 neden, MT Royal\u2019i tercih etmeniz i\u00e7in yeterli sebepler sunuyor. Hem g\u00fcvenilir hem de kaliteli hizmet anlay\u0131\u015f\u0131yla, sekt\u00f6rdeki ba\u015far\u0131lar\u0131n\u0131za katk\u0131 sa\u011flamak i\u00e7in yan\u0131n\u0131zda!<\/p>\n<h2>S\u00fct Tozu Kullan\u0131m Alanlar\u0131<\/h2>\n<p>S\u00fct tozu, tuz oran\u0131 farkl\u0131 varyasyonlarla, pek \u00e7ok sekt\u00f6rde \u00e7e\u015fitli ama\u00e7larla kullan\u0131labilir. \u0130\u015fte s\u00fct tozunun baz\u0131 yayg\u0131n kullan\u0131m alanlar\u0131:<\/p>\n<ol>\n<li><strong>Peynir \u00dcretimi<\/strong>: S\u00fct tozu, peynir \u00fcretiminde kullan\u0131ld\u0131\u011f\u0131nda, \u00f6zellikle tuz oran\u0131n\u0131n kontrol alt\u0131nda tutulmas\u0131 istenen durumlar i\u00e7in idealdir. %30-%70 tuzu al\u0131nm\u0131\u015f s\u00fct tozu, peynirdeki tuz miktar\u0131n\u0131 dengede tutarak istenilen lezzet profilini elde etmeyi kolayla\u015ft\u0131r\u0131r.<\/li>\n<li><strong>Tatland\u0131r\u0131lm\u0131\u015f \u0130\u00e7ecekler<\/strong>: Kahve kremas\u0131 ve \u00e7ikolatal\u0131 i\u00e7eceklerde s\u00fct tozu, i\u00e7eceklere yumu\u015fak bir dokunu\u015f ve lezzet ekler. Bu, \u00f6zellikle i\u00e7eceklere tatl\u0131l\u0131k katmak i\u00e7in kullan\u0131l\u0131r ve ayn\u0131 zamanda daha kremsi bir k\u0131vam sa\u011flar.<\/li>\n<li><strong>Tatland\u0131r\u0131c\u0131lar ve Soslar<\/strong>: D\u00fc\u015f\u00fck tuzlu tariflerde s\u00fct tozu, soslar ve tatland\u0131r\u0131c\u0131lar i\u00e7in m\u00fckemmel bir bile\u015fendir. Tuz miktar\u0131n\u0131 dengede tutarak, hem lezzet hem de doku a\u00e7\u0131s\u0131ndan ideal bir sonu\u00e7 elde edilmesine yard\u0131mc\u0131 olur.<\/li>\n<\/ol>\n<p>S\u00fct tozu, bu alanlar\u0131n yan\u0131 s\u0131ra farkl\u0131 \u00fcr\u00fcnlerde de kullan\u0131larak hem lezzet hem de besin de\u011ferini art\u0131rabilir.<\/p>\n<h2>MT Royal ile Hemen Ba\u011flant\u0131ya Ge\u00e7in<\/h2>\n<p>E\u011fer %30-%70 tuzu al\u0131nm\u0131\u015f s\u00fct tozuna ihtiyac\u0131n\u0131z varsa, <strong>MT Royal<\/strong> en do\u011fru adres! MT Royal, g\u0131da sekt\u00f6r\u00fcndeki \u00e7e\u015fitli ihtiya\u00e7lar\u0131n\u0131za y\u00f6nelik kaliteli ve g\u00fcvenilir \u00e7\u00f6z\u00fcmler sunarak sizlere en iyi hizmeti sa\u011flamay\u0131 hedefliyor.<\/p>\n<p><strong>\u0130leti\u015fime Ge\u00e7in:<\/strong><\/p>\n<p>MT Royal\u2019in sundu\u011fu avantajlardan yararlanmak ve \u00fcr\u00fcnler hakk\u0131nda detayl\u0131 bilgi almak i\u00e7in bizimle hemen ileti\u015fime ge\u00e7ebilirsiniz. Uzman ekibimiz, ihtiya\u00e7lar\u0131n\u0131za en uygun \u00e7\u00f6z\u00fcmleri sunmak i\u00e7in her zaman haz\u0131r!<\/p>\n<p>MT Royal, sekt\u00f6rdeki tecr\u00fcbesiyle g\u0131da sekt\u00f6r\u00fcne katk\u0131 sa\u011flamakta ve ba\u015far\u0131n\u0131za destek olmaktan mutluluk duymaktad\u0131r. Sizin i\u00e7in en kaliteli ve uygun fiyatl\u0131 s\u00fct tozu \u00e7\u00f6z\u00fcmleriyle yan\u0131n\u0131zda!<\/p>\n<h3>Son S\u00f6z<\/h3>\n<p>S\u00fct tozu, g\u0131da sekt\u00f6r\u00fcnde vazge\u00e7ilmez bir \u00fcr\u00fcn olmas\u0131n\u0131n yan\u0131 s\u0131ra, MT Royal ile birlikte kalite ve fiyat avantaj\u0131 sunar. Siz de hemen MT Royal fark\u0131yla tan\u0131\u015f\u0131n ve \u00fcr\u00fcnlerinizi bir \u00fctopyaya d\u00f6n\u00fc\u015ft\u00fcr\u00fcn!<\/p>\n<p><span style=\"color: #0000ff;\"><strong><a style=\"color: #0000ff;\" href=\"https:\/\/www.mtroyal.com.tr\/tr\/%C3%BCr%C3%BCnler\/\"><span class=\"HwtZe\" lang=\"tr\"><span class=\"jCAhz ChMk0b\"><span class=\"ryNqvb\">G\u0131da sanayi hammaddeleri listesi<\/span><\/span><\/span><\/a><\/strong><\/span><\/p>\n<p><strong><a href=\"https:\/\/mtroyal.com.tr\/tr\/product\/latamarko-alkalize-kakao-tozu\/\"><span style=\"color: #0000ff;\">latamarko alkalize kakao tozu<\/span><\/a><\/strong><\/p>\n<div style='text-align:center' class='yasr-auto-insert-visitor'><\/div>","protected":false},"excerpt":{"rendered":"<p><span style=\"border: 0px solid #e5e7eb; --tw-border-spacing-x: 0; --tw-border-spacing-y: 0; --tw-translate-x: 0; ... \n<\/p>\n","protected":false},"featured_media":7143,"comment_status":"open","ping_status":"closed","template":"","meta":{"yasr_overall_rating":0,"yasr_post_is_review":"","yasr_auto_insert_disabled":"","yasr_review_type":""},"product_brand":[],"product_cat":[50],"product_tag":[],"class_list":{"0":"post-5851","1":"product","2":"type-product","3":"status-publish","4":"has-post-thumbnail","6":"product_cat-temel-hammaddeler","8":"first","9":"instock","10":"shipping-taxable","11":"product-type-simple"},"yoast_head":"<!-- This site is optimized with the Yoast SEO Premium plugin v24.5 (Yoast SEO v26.6) - https:\/\/yoast.com\/wordpress\/plugins\/seo\/ -->\n<title>S\u00fct Tozu %30-%70 tuzu al\u0131nm\u0131\u015f - MTROYAL<\/title>\n<meta name=\"description\" content=\"MT Royal&#039;dan - tuzu al\u0131nm\u0131\u015f S\u00fct Tozu! Kaliteli s\u00fct tozu \u00fcr\u00fcnleri i\u00e7in lider g\u0131da hammaddesi ihracat\u00e7\u0131s\u0131n\u0131 tercih edin. Hemen sipari\u015f verin!\" \/>\n<meta name=\"robots\" content=\"index, follow, max-snippet:-1, max-image-preview:large, max-video-preview:-1\" \/>\n<link rel=\"canonical\" href=\"https:\/\/mtroyal.com.tr\/tr\/product\/sut-tozu-0-p-tuzu-alinmis\/\" \/>\n<meta property=\"og:locale\" content=\"tr_TR\" \/>\n<meta property=\"og:type\" content=\"article\" \/>\n<meta property=\"og:title\" content=\"S\u00fct Tozu %30-%70 tuzu al\u0131nm\u0131\u015f\" \/>\n<meta property=\"og:description\" content=\"MT Royal&#039;dan - tuzu al\u0131nm\u0131\u015f S\u00fct Tozu! Kaliteli s\u00fct tozu \u00fcr\u00fcnleri i\u00e7in lider g\u0131da hammaddesi ihracat\u00e7\u0131s\u0131n\u0131 tercih edin. Hemen sipari\u015f verin!\" \/>\n<meta property=\"og:url\" content=\"https:\/\/mtroyal.com.tr\/tr\/product\/sut-tozu-0-p-tuzu-alinmis\/\" \/>\n<meta property=\"og:site_name\" content=\"MTROYAL\" \/>\n<meta property=\"article:modified_time\" content=\"2025-01-16T11:13:12+00:00\" \/>\n<meta property=\"og:image\" content=\"https:\/\/mtroyal.com.tr\/tr\/wp-content\/uploads\/2025\/01\/Sut-Tozu-30-70-tuzu-alinmis.jpg\" \/>\n\t<meta property=\"og:image:width\" content=\"797\" \/>\n\t<meta property=\"og:image:height\" content=\"450\" \/>\n\t<meta property=\"og:image:type\" content=\"image\/jpeg\" \/>\n<meta name=\"twitter:card\" content=\"summary_large_image\" \/>\n<script type=\"application\/ld+json\" class=\"yoast-schema-graph\">{\"@context\":\"https:\/\/schema.org\",\"@graph\":[{\"@type\":\"WebPage\",\"@id\":\"https:\/\/mtroyal.com.tr\/tr\/product\/sut-tozu-%30-%70-tuzu-alinmis\/\",\"url\":\"https:\/\/mtroyal.com.tr\/tr\/product\/sut-tozu-%30-%70-tuzu-alinmis\/\",\"name\":\"S\u00fct Tozu %30-%70 tuzu al\u0131nm\u0131\u015f - MTROYAL\",\"isPartOf\":{\"@id\":\"https:\/\/mtroyal.com.tr\/tr\/#website\"},\"primaryImageOfPage\":{\"@id\":\"https:\/\/mtroyal.com.tr\/tr\/product\/sut-tozu-%30-%70-tuzu-alinmis\/#primaryimage\"},\"image\":{\"@id\":\"https:\/\/mtroyal.com.tr\/tr\/product\/sut-tozu-%30-%70-tuzu-alinmis\/#primaryimage\"},\"thumbnailUrl\":\"https:\/\/mtroyal.com.tr\/tr\/wp-content\/uploads\/2025\/01\/Sut-Tozu-30-70-tuzu-alinmis.jpg\",\"datePublished\":\"2025-01-16T11:13:11+00:00\",\"dateModified\":\"2025-01-16T11:13:12+00:00\",\"description\":\"MT Royal'dan - tuzu al\u0131nm\u0131\u015f S\u00fct Tozu! Kaliteli s\u00fct tozu \u00fcr\u00fcnleri i\u00e7in lider g\u0131da hammaddesi ihracat\u00e7\u0131s\u0131n\u0131 tercih edin. Hemen sipari\u015f verin!\",\"breadcrumb\":{\"@id\":\"https:\/\/mtroyal.com.tr\/tr\/product\/sut-tozu-%30-%70-tuzu-alinmis\/#breadcrumb\"},\"inLanguage\":\"tr\",\"potentialAction\":[{\"@type\":\"ReadAction\",\"target\":[\"https:\/\/mtroyal.com.tr\/tr\/product\/sut-tozu-%30-%70-tuzu-alinmis\/\"]}]},{\"@type\":\"ImageObject\",\"inLanguage\":\"tr\",\"@id\":\"https:\/\/mtroyal.com.tr\/tr\/product\/sut-tozu-%30-%70-tuzu-alinmis\/#primaryimage\",\"url\":\"https:\/\/mtroyal.com.tr\/tr\/wp-content\/uploads\/2025\/01\/Sut-Tozu-30-70-tuzu-alinmis.jpg\",\"contentUrl\":\"https:\/\/mtroyal.com.tr\/tr\/wp-content\/uploads\/2025\/01\/Sut-Tozu-30-70-tuzu-alinmis.jpg\",\"width\":797,\"height\":450,\"caption\":\"S\u00fct Tozu %30-%70 tuzu al\u0131nm\u0131\u015f\"},{\"@type\":\"BreadcrumbList\",\"@id\":\"https:\/\/mtroyal.com.tr\/tr\/product\/sut-tozu-%30-%70-tuzu-alinmis\/#breadcrumb\",\"itemListElement\":[{\"@type\":\"ListItem\",\"position\":1,\"name\":\"Home\",\"item\":\"https:\/\/mtroyal.com.tr\/tr\/\"},{\"@type\":\"ListItem\",\"position\":2,\"name\":\"\u00dcr\u00fcnlerimiz\",\"item\":\"https:\/\/mtroyal.com.tr\/tr\/urunlerimiz\/\"},{\"@type\":\"ListItem\",\"position\":3,\"name\":\"S\u00fct Tozu %30-%70 tuzu al\u0131nm\u0131\u015f\"}]},{\"@type\":\"WebSite\",\"@id\":\"https:\/\/mtroyal.com.tr\/tr\/#website\",\"url\":\"https:\/\/mtroyal.com.tr\/tr\/\",\"name\":\"MTROYAL\",\"description\":\"\",\"publisher\":{\"@id\":\"https:\/\/mtroyal.com.tr\/tr\/#organization\"},\"potentialAction\":[{\"@type\":\"SearchAction\",\"target\":{\"@type\":\"EntryPoint\",\"urlTemplate\":\"https:\/\/mtroyal.com.tr\/tr\/?s={search_term_string}\"},\"query-input\":{\"@type\":\"PropertyValueSpecification\",\"valueRequired\":true,\"valueName\":\"search_term_string\"}}],\"inLanguage\":\"tr\"},{\"@type\":\"Organization\",\"@id\":\"https:\/\/mtroyal.com.tr\/tr\/#organization\",\"name\":\"MTROYAL\",\"url\":\"https:\/\/mtroyal.com.tr\/tr\/\",\"logo\":{\"@type\":\"ImageObject\",\"inLanguage\":\"tr\",\"@id\":\"https:\/\/mtroyal.com.tr\/tr\/#\/schema\/logo\/image\/\",\"url\":\"https:\/\/mtroyal.com.tr\/tr\/wp-content\/uploads\/2023\/12\/mt-logo.png\",\"contentUrl\":\"https:\/\/mtroyal.com.tr\/tr\/wp-content\/uploads\/2023\/12\/mt-logo.png\",\"width\":313,\"height\":261,\"caption\":\"MTROYAL\"},\"image\":{\"@id\":\"https:\/\/mtroyal.com.tr\/tr\/#\/schema\/logo\/image\/\"}},false]}<\/script>\n<!-- \/ Yoast SEO Premium plugin. -->","yoast_head_json":{"title":"S\u00fct Tozu %30-%70 tuzu al\u0131nm\u0131\u015f - MTROYAL","description":"MT Royal'dan - tuzu al\u0131nm\u0131\u015f S\u00fct Tozu! Kaliteli s\u00fct tozu \u00fcr\u00fcnleri i\u00e7in lider g\u0131da hammaddesi ihracat\u00e7\u0131s\u0131n\u0131 tercih edin. Hemen sipari\u015f verin!","robots":{"index":"index","follow":"follow","max-snippet":"max-snippet:-1","max-image-preview":"max-image-preview:large","max-video-preview":"max-video-preview:-1"},"canonical":"https:\/\/mtroyal.com.tr\/tr\/product\/sut-tozu-0-p-tuzu-alinmis\/","og_locale":"tr_TR","og_type":"article","og_title":"S\u00fct Tozu %30-%70 tuzu al\u0131nm\u0131\u015f","og_description":"MT Royal'dan - tuzu al\u0131nm\u0131\u015f S\u00fct Tozu! Kaliteli s\u00fct tozu \u00fcr\u00fcnleri i\u00e7in lider g\u0131da hammaddesi ihracat\u00e7\u0131s\u0131n\u0131 tercih edin. Hemen sipari\u015f verin!","og_url":"https:\/\/mtroyal.com.tr\/tr\/product\/sut-tozu-0-p-tuzu-alinmis\/","og_site_name":"MTROYAL","article_modified_time":"2025-01-16T11:13:12+00:00","og_image":[{"width":797,"height":450,"url":"https:\/\/mtroyal.com.tr\/tr\/wp-content\/uploads\/2025\/01\/Sut-Tozu-30-70-tuzu-alinmis.jpg","type":"image\/jpeg"}],"twitter_card":"summary_large_image","schema":{"@context":"https:\/\/schema.org","@graph":[{"@type":"WebPage","@id":"https:\/\/mtroyal.com.tr\/tr\/product\/sut-tozu-%30-%70-tuzu-alinmis\/","url":"https:\/\/mtroyal.com.tr\/tr\/product\/sut-tozu-%30-%70-tuzu-alinmis\/","name":"S\u00fct Tozu %30-%70 tuzu al\u0131nm\u0131\u015f - MTROYAL","isPartOf":{"@id":"https:\/\/mtroyal.com.tr\/tr\/#website"},"primaryImageOfPage":{"@id":"https:\/\/mtroyal.com.tr\/tr\/product\/sut-tozu-%30-%70-tuzu-alinmis\/#primaryimage"},"image":{"@id":"https:\/\/mtroyal.com.tr\/tr\/product\/sut-tozu-%30-%70-tuzu-alinmis\/#primaryimage"},"thumbnailUrl":"https:\/\/mtroyal.com.tr\/tr\/wp-content\/uploads\/2025\/01\/Sut-Tozu-30-70-tuzu-alinmis.jpg","datePublished":"2025-01-16T11:13:11+00:00","dateModified":"2025-01-16T11:13:12+00:00","description":"MT Royal'dan - tuzu al\u0131nm\u0131\u015f S\u00fct Tozu! Kaliteli s\u00fct tozu \u00fcr\u00fcnleri i\u00e7in lider g\u0131da hammaddesi ihracat\u00e7\u0131s\u0131n\u0131 tercih edin. Hemen sipari\u015f verin!","breadcrumb":{"@id":"https:\/\/mtroyal.com.tr\/tr\/product\/sut-tozu-%30-%70-tuzu-alinmis\/#breadcrumb"},"inLanguage":"tr","potentialAction":[{"@type":"ReadAction","target":["https:\/\/mtroyal.com.tr\/tr\/product\/sut-tozu-%30-%70-tuzu-alinmis\/"]}]},{"@type":"ImageObject","inLanguage":"tr","@id":"https:\/\/mtroyal.com.tr\/tr\/product\/sut-tozu-%30-%70-tuzu-alinmis\/#primaryimage","url":"https:\/\/mtroyal.com.tr\/tr\/wp-content\/uploads\/2025\/01\/Sut-Tozu-30-70-tuzu-alinmis.jpg","contentUrl":"https:\/\/mtroyal.com.tr\/tr\/wp-content\/uploads\/2025\/01\/Sut-Tozu-30-70-tuzu-alinmis.jpg","width":797,"height":450,"caption":"S\u00fct Tozu %30-%70 tuzu al\u0131nm\u0131\u015f"},{"@type":"BreadcrumbList","@id":"https:\/\/mtroyal.com.tr\/tr\/product\/sut-tozu-%30-%70-tuzu-alinmis\/#breadcrumb","itemListElement":[{"@type":"ListItem","position":1,"name":"Home","item":"https:\/\/mtroyal.com.tr\/tr\/"},{"@type":"ListItem","position":2,"name":"\u00dcr\u00fcnlerimiz","item":"https:\/\/mtroyal.com.tr\/tr\/urunlerimiz\/"},{"@type":"ListItem","position":3,"name":"S\u00fct Tozu %30-%70 tuzu al\u0131nm\u0131\u015f"}]},{"@type":"WebSite","@id":"https:\/\/mtroyal.com.tr\/tr\/#website","url":"https:\/\/mtroyal.com.tr\/tr\/","name":"MTROYAL","description":"","publisher":{"@id":"https:\/\/mtroyal.com.tr\/tr\/#organization"},"potentialAction":[{"@type":"SearchAction","target":{"@type":"EntryPoint","urlTemplate":"https:\/\/mtroyal.com.tr\/tr\/?s={search_term_string}"},"query-input":{"@type":"PropertyValueSpecification","valueRequired":true,"valueName":"search_term_string"}}],"inLanguage":"tr"},{"@type":"Organization","@id":"https:\/\/mtroyal.com.tr\/tr\/#organization","name":"MTROYAL","url":"https:\/\/mtroyal.com.tr\/tr\/","logo":{"@type":"ImageObject","inLanguage":"tr","@id":"https:\/\/mtroyal.com.tr\/tr\/#\/schema\/logo\/image\/","url":"https:\/\/mtroyal.com.tr\/tr\/wp-content\/uploads\/2023\/12\/mt-logo.png","contentUrl":"https:\/\/mtroyal.com.tr\/tr\/wp-content\/uploads\/2023\/12\/mt-logo.png","width":313,"height":261,"caption":"MTROYAL"},"image":{"@id":"https:\/\/mtroyal.com.tr\/tr\/#\/schema\/logo\/image\/"}},false]}},"yasr_visitor_votes":{"stars_attributes":{"read_only":false,"span_bottom":false},"number_of_votes":0,"sum_votes":0},"_links":{"self":[{"href":"https:\/\/mtroyal.com.tr\/tr\/wp-json\/wp\/v2\/product\/5851","targetHints":{"allow":["GET"]}}],"collection":[{"href":"https:\/\/mtroyal.com.tr\/tr\/wp-json\/wp\/v2\/product"}],"about":[{"href":"https:\/\/mtroyal.com.tr\/tr\/wp-json\/wp\/v2\/types\/product"}],"replies":[{"embeddable":true,"href":"https:\/\/mtroyal.com.tr\/tr\/wp-json\/wp\/v2\/comments?post=5851"}],"wp:featuredmedia":[{"embeddable":true,"href":"https:\/\/mtroyal.com.tr\/tr\/wp-json\/wp\/v2\/media\/7143"}],"wp:attachment":[{"href":"https:\/\/mtroyal.com.tr\/tr\/wp-json\/wp\/v2\/media?parent=5851"}],"wp:term":[{"taxonomy":"product_brand","embeddable":true,"href":"https:\/\/mtroyal.com.tr\/tr\/wp-json\/wp\/v2\/product_brand?post=5851"},{"taxonomy":"product_cat","embeddable":true,"href":"https:\/\/mtroyal.com.tr\/tr\/wp-json\/wp\/v2\/product_cat?post=5851"},{"taxonomy":"product_tag","embeddable":true,"href":"https:\/\/mtroyal.com.tr\/tr\/wp-json\/wp\/v2\/product_tag?post=5851"}],"curies":[{"name":"wp","href":"https:\/\/api.w.org\/{rel}","templated":true}]}}