{"id":5905,"date":"2025-01-15T13:31:45","date_gmt":"2025-01-15T10:31:45","guid":{"rendered":"https:\/\/mtroyal.com.tr\/tr\/?post_type=product&#038;p=5905"},"modified":"2025-01-15T13:31:46","modified_gmt":"2025-01-15T10:31:46","slug":"cragill-fonksiyonel-karisimlar","status":"publish","type":"product","link":"https:\/\/mtroyal.com.tr\/tr\/product\/cragill-fonksiyonel-karisimlar\/","title":{"rendered":"Cragill Fonksiyonel kar\u0131\u015f\u0131mlar"},"content":{"rendered":"<p>G\u0131da sanayisinde kullan\u0131lan fonksiyonel kar\u0131\u015f\u0131mlar, \u00f6zellikle \u00fcretim s\u00fcre\u00e7lerinde verimlili\u011fi art\u0131rmak ve \u00fcr\u00fcnlerin \u00f6zelliklerini iyile\u015ftirmek amac\u0131yla kullan\u0131lan bile\u015fenlerdir. Cragill Fonksiyonel Kar\u0131\u015f\u0131mlar, bu t\u00fcr \u00e7\u00f6z\u00fcmlerin en kaliteli ve etkili versiyonlar\u0131ndan birini sunar. T\u00fcrkiye\u2019deki g\u0131da \u00fcreticileri i\u00e7in MT Royal, Cragill Fonksiyonel Kar\u0131\u015f\u0131mlar\u0131n\u0131 en uygun fiyatlarla temin edebilece\u011finiz g\u00fcvenilir bir tedarik\u00e7idir.<\/p>\n<p>Fonksiyonel kar\u0131\u015f\u0131mlar, yaln\u0131zca tat de\u011fil, ayn\u0131 zamanda g\u0131da \u00fcr\u00fcnlerinin dokusunu, stabilitesini ve raf \u00f6mr\u00fcn\u00fc iyile\u015ftirir. Cragill\u2019in sundu\u011fu bu kar\u0131\u015f\u0131mlar, modern g\u0131da \u00fcretim s\u00fcre\u00e7lerinde \u00f6nemli bir yere sahiptir.<\/p>\n<h2><strong>Cragill Fonksiyonel Kar\u0131\u015f\u0131mlar\u0131n\u0131n G\u0131da \u00dcretimindeki Rol\u00fc<\/strong><\/h2>\n<p>Fonksiyonel kar\u0131\u015f\u0131mlar, yaln\u0131zca tatland\u0131r\u0131c\u0131lar de\u011fil, ayn\u0131 zamanda g\u0131da \u00fcr\u00fcnlerinin genel \u00f6zelliklerini iyile\u015ftiren karma\u015f\u0131k form\u00fclasyonlard\u0131r. Cragill Fonksiyonel Kar\u0131\u015f\u0131mlar, \u015fekerin yerine ge\u00e7erek d\u00fc\u015f\u00fck kalorili, sa\u011fl\u0131kl\u0131 ve lezzetli \u00fcr\u00fcnler yarat\u0131lmas\u0131na olanak tan\u0131r. Bu kar\u0131\u015f\u0131mlar, bir\u00e7ok farkl\u0131 g\u0131da kategorisinde kullan\u0131l\u0131r:<\/p>\n<ul>\n<li><strong>\u0130\u00e7ecekler<\/strong>: Meyve suyu, enerji i\u00e7ecekleri, sporcu i\u00e7ecekleri ve gazl\u0131 i\u00e7eceklerde Cragill Fonksiyonel Kar\u0131\u015f\u0131mlar kullan\u0131larak \u00fcr\u00fcnlerin tat profilleri iyile\u015ftirilir.<\/li>\n<li><strong>F\u0131r\u0131nc\u0131l\u0131k \u00dcr\u00fcnleri<\/strong>: \u00c7\u00f6rekler, kekler ve di\u011fer f\u0131r\u0131n \u00fcr\u00fcnlerinde bu kar\u0131\u015f\u0131mlar, \u00fcr\u00fcnlerin dokusunu ve yap\u0131s\u0131n\u0131 g\u00fc\u00e7lendirir.<\/li>\n<li><strong>S\u00fct \u00dcr\u00fcnleri ve Dondurmalar<\/strong>: Yo\u011furt, dondurma ve s\u00fctl\u00fc tatl\u0131larda, bu kar\u0131\u015f\u0131mlar, \u00fcr\u00fcnlerin kremams\u0131 k\u0131vam\u0131n\u0131 iyile\u015ftirir.<\/li>\n<\/ul>\n<h2><strong>Cragill Fonksiyonel Kar\u0131\u015f\u0131mlar\u0131n\u0131n Sa\u011fl\u0131k \u00dczerindeki Etkileri<\/strong><\/h2>\n<p>Cragill Fonksiyonel Kar\u0131\u015f\u0131mlar, sadece g\u0131da \u00fcretim s\u00fcre\u00e7lerini iyile\u015ftirmekle kalmaz, ayn\u0131 zamanda sa\u011fl\u0131k a\u00e7\u0131s\u0131ndan da b\u00fcy\u00fck faydalar sa\u011flar. Bu kar\u0131\u015f\u0131mlar, g\u0131da \u00fcr\u00fcnlerinin daha sa\u011fl\u0131kl\u0131 hale gelmesine yard\u0131mc\u0131 olur ve \u015fu alanlarda \u00f6nemli avantajlar sunar:<\/p>\n<p><strong>Daha Az Kalori, Daha Fazla Lezzet<\/strong><\/p>\n<p>Cragill Fonksiyonel Kar\u0131\u015f\u0131mlar, d\u00fc\u015f\u00fck kalorili alternatifler sunarak, g\u0131da \u00fcr\u00fcnlerinde tat kayb\u0131 ya\u015fanmadan kalori miktar\u0131n\u0131 azaltmay\u0131 m\u00fcmk\u00fcn k\u0131lar. Bu, diyet \u00fcr\u00fcnleri ve sa\u011fl\u0131kl\u0131 ya\u015fam tarz\u0131n\u0131 benimseyen t\u00fcketiciler i\u00e7in \u00f6nemli bir avantajd\u0131r.<\/p>\n<p><strong>Daha Y\u00fcksek Besin De\u011feri<\/strong><\/p>\n<p>Bu kar\u0131\u015f\u0131mlar, g\u0131da \u00fcr\u00fcnlerinin besin de\u011ferini art\u0131rarak, daha sa\u011fl\u0131kl\u0131 ve dengeli bir beslenme imkan\u0131 sunar. Fonksiyonel bile\u015fenler i\u00e7erdi\u011fi i\u00e7in, bu \u00fcr\u00fcnler v\u00fccudun ihtiyac\u0131 olan \u00f6nemli besinleri sa\u011flar.<\/p>\n<p><strong>Daha \u0130yi Sindirim ve Ba\u011f\u0131rsak Sa\u011fl\u0131\u011f\u0131<\/strong><\/p>\n<p>Cragill Fonksiyonel Kar\u0131\u015f\u0131mlar, sindirimi kolayla\u015ft\u0131ran ve ba\u011f\u0131rsak sa\u011fl\u0131\u011f\u0131n\u0131 destekleyen \u00f6zelliklere sahiptir. \u00d6rne\u011fin, prebiyotik ve probiyotik \u00f6zellikler ta\u015f\u0131yan kar\u0131\u015f\u0131mlar, sindirim sistemine faydal\u0131d\u0131r.<\/p>\n<h2><strong>Cragill Fonksiyonel Kar\u0131\u015f\u0131mlar\u0131n Kullan\u0131m Alanlar\u0131<\/strong><\/h2>\n<p>Fonksiyonel kar\u0131\u015f\u0131mlar, g\u0131da sanayisinin hemen her alan\u0131nda kullan\u0131labilir. \u0130\u015fte en yayg\u0131n kullan\u0131m alanlar\u0131:<\/p>\n<p><strong>\u0130\u00e7ecek End\u00fcstrisi<\/strong><\/p>\n<p>\u00c7e\u015fitli i\u00e7eceklerde tatland\u0131r\u0131c\u0131 ve stabilizat\u00f6r olarak kullan\u0131lan bu kar\u0131\u015f\u0131mlar, i\u00e7eceklerin kalitesini artt\u0131r\u0131rken daha d\u00fc\u015f\u00fck kalori ile t\u00fcketicilere hitap eder. \u00d6zellikle sporcu i\u00e7eceklerinde Cragill Fonksiyonel Kar\u0131\u015f\u0131mlar tercih edilir.<\/p>\n<p><strong>F\u0131r\u0131nc\u0131l\u0131k ve Tatl\u0131lar<\/strong><\/p>\n<p>F\u0131r\u0131nc\u0131l\u0131k \u00fcr\u00fcnlerinde, \u00f6zellikle kek, \u00e7\u00f6rek ve bisk\u00fcvi gibi tatl\u0131larda Cragill Fonksiyonel Kar\u0131\u015f\u0131mlar kullan\u0131larak \u00fcr\u00fcnlerin nem dengesinin korunmas\u0131 sa\u011flan\u0131r. Ayr\u0131ca, f\u0131r\u0131nlanm\u0131\u015f \u00fcr\u00fcnlerin daha uzun s\u00fcre taze kalmas\u0131na yard\u0131mc\u0131 olur.<\/p>\n<p><strong>S\u00fct \u00dcr\u00fcnleri ve Dondurma<\/strong><\/p>\n<p>Cragill Fonksiyonel Kar\u0131\u015f\u0131mlar, s\u00fct \u00fcr\u00fcnlerinde daha p\u00fcr\u00fczs\u00fcz ve kremams\u0131 bir k\u0131vam yarat\u0131r. Dondurma ve yo\u011furt \u00fcreticileri i\u00e7in bu kar\u0131\u015f\u0131mlar, \u00fcr\u00fcnlerin dokusal \u00f6zelliklerini iyile\u015ftirir ve daha lezzetli hale gelmelerine yard\u0131mc\u0131 olur.<\/p>\n<p><strong>Haz\u0131r Yiyecekler<\/strong><\/p>\n<p>Haz\u0131r yemekler, soslar ve \u00e7orbalar gibi i\u015flenmi\u015f g\u0131dalarda da fonksiyonel kar\u0131\u015f\u0131mlar kullan\u0131l\u0131r. Bu \u00fcr\u00fcnler daha az kaloriyle ayn\u0131 lezzet seviyesine ula\u015fmak i\u00e7in Cragill Fonksiyonel Kar\u0131\u015f\u0131mlar\u0131na ba\u015fvurur.<\/p>\n<h2><strong>Cragill Fonksiyonel Kar\u0131\u015f\u0131mlar\u0131n Avantajlar\u0131<\/strong><\/h2>\n<p>Cragill Fonksiyonel Kar\u0131\u015f\u0131mlar, g\u0131da \u00fcreticilerine say\u0131s\u0131z avantaj sunar. \u0130\u015fte bu avantajlar:<\/p>\n<p><strong>\u00dcretim Maliyetlerini D\u00fc\u015f\u00fcr\u00fcr<\/strong><\/p>\n<p>Fonksiyonel kar\u0131\u015f\u0131mlar, ayn\u0131 tat ve dokuyu sa\u011flarken, daha az ham madde kullan\u0131m\u0131yla \u00fcretim maliyetlerini d\u00fc\u015f\u00fcr\u00fcr. Bu da \u00fcreticilerin daha verimli bir \u015fekilde \u00fcretim yapmas\u0131n\u0131 sa\u011flar.<\/p>\n<p><strong>Daha Uzun Raf \u00d6mr\u00fc<\/strong><\/p>\n<p>Bu kar\u0131\u015f\u0131mlar, g\u0131da \u00fcr\u00fcnlerinin raf \u00f6mr\u00fcn\u00fc uzat\u0131r. Raf \u00f6mr\u00fc uzun olan \u00fcr\u00fcnler, daha geni\u015f bir pazar ve da\u011f\u0131t\u0131m a\u011f\u0131na ula\u015fabilir.<\/p>\n<p><strong>Verimli \u00dcretim S\u00fcre\u00e7leri<\/strong><\/p>\n<p>Cragill Fonksiyonel Kar\u0131\u015f\u0131mlar, \u00fcretim s\u00fcre\u00e7lerinde h\u0131z kazand\u0131r\u0131r. Kolayca \u00e7\u00f6z\u00fcnebilen bu kar\u0131\u015f\u0131mlar, \u00fcretim s\u00fcre\u00e7lerini h\u0131zland\u0131r\u0131r ve enerji maliyetlerini azalt\u0131r.<\/p>\n<h2><strong>MT Royal ile Cragill Fonksiyonel Kar\u0131\u015f\u0131mlar Temini<\/strong><\/h2>\n<p>MT Royal, Cragill Fonksiyonel Kar\u0131\u015f\u0131mlar\u0131n\u0131 T\u00fcrkiye\u2019deki en uygun fiyatlarla temin edebilmeniz i\u00e7in size yard\u0131mc\u0131 olur. G\u0131da sanayi \u00fcr\u00fcnleri tedarikinde uzun y\u0131llara dayanan deneyimiyle MT Royal, en kaliteli \u00fcr\u00fcnleri ve hizmetleri sunar.<\/p>\n<h4><strong>MT Royal\u2019in Avantajlar\u0131<\/strong><\/h4>\n<ul>\n<li><strong>Uygun Fiyat Garantisi<\/strong>: Cragill Fonksiyonel Kar\u0131\u015f\u0131mlar\u0131n\u0131, MT Royal\u2019den en uygun fiyatlarla temin edebilirsiniz.<\/li>\n<li><strong>Geni\u015f \u00dcr\u00fcn Yelpazesi<\/strong>: MT Royal, g\u0131da sanayisindeki t\u00fcm ihtiya\u00e7lar\u0131n\u0131za y\u00f6nelik geni\u015f bir \u00fcr\u00fcn yelpazesi sunar.<\/li>\n<li><strong>H\u0131zl\u0131 Teslimat<\/strong>: Sipari\u015flerinizi h\u0131zl\u0131 bir \u015fekilde teslim ederek \u00fcretim s\u00fcre\u00e7lerinizi h\u0131zland\u0131r\u0131r.<\/li>\n<li><strong>M\u00fc\u015fteri Memnuniyeti<\/strong>: MT Royal, m\u00fc\u015fteri memnuniyetini her zaman \u00f6n planda tutarak g\u00fcvenilir bir hizmet sunar.<\/li>\n<\/ul>\n<h2><strong>Cragill Fonksiyonel Kar\u0131\u015f\u0131mlar\u0131n \u00d6zellikleri<\/strong><\/h2>\n<table>\n<thead>\n<tr>\n<th>\u00d6zellik<\/th>\n<th>A\u00e7\u0131klama<\/th>\n<\/tr>\n<\/thead>\n<tbody>\n<tr>\n<td><strong>D\u00fc\u015f\u00fck Kalori \u0130\u00e7eri\u011fi<\/strong><\/td>\n<td>Sa\u011fl\u0131kl\u0131 beslenme isteyenler i\u00e7in idealdir.<\/td>\n<\/tr>\n<tr>\n<td><strong>Y\u00fcksek Tatland\u0131rma G\u00fcc\u00fc<\/strong><\/td>\n<td>Az miktarda kullan\u0131larak y\u00fcksek verim sa\u011flan\u0131r.<\/td>\n<\/tr>\n<tr>\n<td><strong>Besin De\u011feri Art\u0131\u015f\u0131<\/strong><\/td>\n<td>\u00dcr\u00fcnlere ekstra besin de\u011ferleri ekler.<\/td>\n<\/tr>\n<tr>\n<td><strong>Kolay \u00c7\u00f6z\u00fcn\u00fcrl\u00fck<\/strong><\/td>\n<td>H\u0131zl\u0131 \u00e7\u00f6z\u00fcn\u00fcr ve \u00fcretim s\u00fcre\u00e7lerini h\u0131zland\u0131r\u0131r.<\/td>\n<\/tr>\n<tr>\n<td><strong>Raf \u00d6mr\u00fc Uzatma<\/strong><\/td>\n<td>\u00dcr\u00fcnlerin daha uzun s\u00fcre taze kalmas\u0131na yard\u0131mc\u0131 olur.<\/td>\n<\/tr>\n<\/tbody>\n<\/table>\n<h2><strong>MT Royal ile Cragill Fonksiyonel Kar\u0131\u015f\u0131mlar\u0131n\u0131z\u0131 Sipari\u015f Edin!<\/strong><\/h2>\n<p>Cragill Fonksiyonel Kar\u0131\u015f\u0131mlar\u0131n\u0131, en uygun fiyatlarla temin etmek i\u00e7in MT Royal ile ileti\u015fime ge\u00e7in. G\u0131da sanayisinde \u00fcretiminizi daha verimli ve ekonomik hale getirmek i\u00e7in MT Royal\u2019i tercih edin. \u00dcr\u00fcnlerinizi \u015fimdi sipari\u015f edin ve kaliteden \u00f6d\u00fcn vermeden daha verimli \u00fcretimler yap\u0131n!<\/p>\n<p><span style=\"color: #0000ff;\"><strong><a style=\"color: #0000ff;\" href=\"https:\/\/www.mtroyal.com.tr\/tr\/%C3%BCr%C3%BCnler\/\"><span class=\"HwtZe\" lang=\"tr\"><span class=\"jCAhz ChMk0b\"><span class=\"ryNqvb\">G\u0131da sanayi hammaddeleri listesi<\/span><\/span><\/span><\/a><\/strong><\/span><\/p>\n<p><strong><a href=\"https:\/\/mtroyal.com.tr\/tr\/product\/latamarko-alkalize-kakao-tozu\/\"><span style=\"color: #0000ff;\">latamarko alkalize kakao tozu<\/span><\/a><\/strong><\/p>\n<div style='text-align:center' class='yasr-auto-insert-visitor'><\/div>","protected":false},"excerpt":{"rendered":"<p><span style=\"border: 0px solid #e5e7eb; --tw-border-spacing-x: 0; --tw-border-spacing-y: 0; --tw-translate-x: 0; ... \n<\/p>\n","protected":false},"featured_media":6787,"comment_status":"open","ping_status":"closed","template":"","meta":{"yasr_overall_rating":0,"yasr_post_is_review":"","yasr_auto_insert_disabled":"","yasr_review_type":""},"product_brand":[],"product_cat":[50],"product_tag":[],"class_list":{"0":"post-5905","1":"product","2":"type-product","3":"status-publish","4":"has-post-thumbnail","6":"product_cat-temel-hammaddeler","8":"first","9":"instock","10":"shipping-taxable","11":"product-type-simple"},"yoast_head":"<!-- This site is optimized with the Yoast SEO Premium plugin v24.5 (Yoast SEO v26.6) - https:\/\/yoast.com\/wordpress\/plugins\/seo\/ -->\n<title>Cragill Fonksiyonel kar\u0131\u015f\u0131mlar - MTROYAL<\/title>\n<meta name=\"description\" content=\"MT Royal&#039;de premium Cargill Fonksiyonel Kar\u0131\u015f\u0131mlar ke\u015ffedin. \u00dcr\u00fcnlerinize e\u015fsiz \u00f6zellikler ve m\u00fckemmel performans kat\u0131n. Toptan al\u0131m i\u00e7in sipari\u015f verin!\" \/>\n<meta name=\"robots\" content=\"index, follow, max-snippet:-1, max-image-preview:large, max-video-preview:-1\" \/>\n<link rel=\"canonical\" href=\"https:\/\/mtroyal.com.tr\/tr\/product\/cragill-fonksiyonel-karisimlar\/\" \/>\n<meta property=\"og:locale\" content=\"tr_TR\" \/>\n<meta property=\"og:type\" content=\"article\" \/>\n<meta property=\"og:title\" content=\"Cragill Fonksiyonel kar\u0131\u015f\u0131mlar\" \/>\n<meta property=\"og:description\" content=\"MT Royal&#039;de premium Cargill Fonksiyonel Kar\u0131\u015f\u0131mlar ke\u015ffedin. \u00dcr\u00fcnlerinize e\u015fsiz \u00f6zellikler ve m\u00fckemmel performans kat\u0131n. Toptan al\u0131m i\u00e7in sipari\u015f verin!\" \/>\n<meta property=\"og:url\" content=\"https:\/\/mtroyal.com.tr\/tr\/product\/cragill-fonksiyonel-karisimlar\/\" \/>\n<meta property=\"og:site_name\" content=\"MTROYAL\" \/>\n<meta property=\"article:modified_time\" content=\"2025-01-15T10:31:46+00:00\" \/>\n<meta property=\"og:image\" content=\"https:\/\/mtroyal.com.tr\/tr\/wp-content\/uploads\/2024\/12\/Cargill-Functional-blends.png\" \/>\n\t<meta property=\"og:image:width\" content=\"1200\" \/>\n\t<meta property=\"og:image:height\" content=\"537\" \/>\n\t<meta property=\"og:image:type\" content=\"image\/png\" \/>\n<meta name=\"twitter:card\" content=\"summary_large_image\" \/>\n<script type=\"application\/ld+json\" class=\"yoast-schema-graph\">{\"@context\":\"https:\/\/schema.org\",\"@graph\":[{\"@type\":\"WebPage\",\"@id\":\"https:\/\/mtroyal.com.tr\/tr\/product\/cragill-fonksiyonel-karisimlar\/\",\"url\":\"https:\/\/mtroyal.com.tr\/tr\/product\/cragill-fonksiyonel-karisimlar\/\",\"name\":\"Cragill Fonksiyonel kar\u0131\u015f\u0131mlar - MTROYAL\",\"isPartOf\":{\"@id\":\"https:\/\/mtroyal.com.tr\/tr\/#website\"},\"primaryImageOfPage\":{\"@id\":\"https:\/\/mtroyal.com.tr\/tr\/product\/cragill-fonksiyonel-karisimlar\/#primaryimage\"},\"image\":{\"@id\":\"https:\/\/mtroyal.com.tr\/tr\/product\/cragill-fonksiyonel-karisimlar\/#primaryimage\"},\"thumbnailUrl\":\"https:\/\/mtroyal.com.tr\/tr\/wp-content\/uploads\/2024\/12\/Cargill-Functional-blends.png\",\"datePublished\":\"2025-01-15T10:31:45+00:00\",\"dateModified\":\"2025-01-15T10:31:46+00:00\",\"description\":\"MT Royal'de premium Cargill Fonksiyonel Kar\u0131\u015f\u0131mlar ke\u015ffedin. \u00dcr\u00fcnlerinize e\u015fsiz \u00f6zellikler ve m\u00fckemmel performans kat\u0131n. Toptan al\u0131m i\u00e7in sipari\u015f verin!\",\"breadcrumb\":{\"@id\":\"https:\/\/mtroyal.com.tr\/tr\/product\/cragill-fonksiyonel-karisimlar\/#breadcrumb\"},\"inLanguage\":\"tr\",\"potentialAction\":[{\"@type\":\"ReadAction\",\"target\":[\"https:\/\/mtroyal.com.tr\/tr\/product\/cragill-fonksiyonel-karisimlar\/\"]}]},{\"@type\":\"ImageObject\",\"inLanguage\":\"tr\",\"@id\":\"https:\/\/mtroyal.com.tr\/tr\/product\/cragill-fonksiyonel-karisimlar\/#primaryimage\",\"url\":\"https:\/\/mtroyal.com.tr\/tr\/wp-content\/uploads\/2024\/12\/Cargill-Functional-blends.png\",\"contentUrl\":\"https:\/\/mtroyal.com.tr\/tr\/wp-content\/uploads\/2024\/12\/Cargill-Functional-blends.png\",\"width\":1200,\"height\":537,\"caption\":\"Cargill Functional blends\"},{\"@type\":\"BreadcrumbList\",\"@id\":\"https:\/\/mtroyal.com.tr\/tr\/product\/cragill-fonksiyonel-karisimlar\/#breadcrumb\",\"itemListElement\":[{\"@type\":\"ListItem\",\"position\":1,\"name\":\"Home\",\"item\":\"https:\/\/mtroyal.com.tr\/tr\/\"},{\"@type\":\"ListItem\",\"position\":2,\"name\":\"\u00dcr\u00fcnlerimiz\",\"item\":\"https:\/\/mtroyal.com.tr\/tr\/urunlerimiz\/\"},{\"@type\":\"ListItem\",\"position\":3,\"name\":\"Cragill Fonksiyonel kar\u0131\u015f\u0131mlar\"}]},{\"@type\":\"WebSite\",\"@id\":\"https:\/\/mtroyal.com.tr\/tr\/#website\",\"url\":\"https:\/\/mtroyal.com.tr\/tr\/\",\"name\":\"MTROYAL\",\"description\":\"\",\"publisher\":{\"@id\":\"https:\/\/mtroyal.com.tr\/tr\/#organization\"},\"potentialAction\":[{\"@type\":\"SearchAction\",\"target\":{\"@type\":\"EntryPoint\",\"urlTemplate\":\"https:\/\/mtroyal.com.tr\/tr\/?s={search_term_string}\"},\"query-input\":{\"@type\":\"PropertyValueSpecification\",\"valueRequired\":true,\"valueName\":\"search_term_string\"}}],\"inLanguage\":\"tr\"},{\"@type\":\"Organization\",\"@id\":\"https:\/\/mtroyal.com.tr\/tr\/#organization\",\"name\":\"MTROYAL\",\"url\":\"https:\/\/mtroyal.com.tr\/tr\/\",\"logo\":{\"@type\":\"ImageObject\",\"inLanguage\":\"tr\",\"@id\":\"https:\/\/mtroyal.com.tr\/tr\/#\/schema\/logo\/image\/\",\"url\":\"https:\/\/mtroyal.com.tr\/tr\/wp-content\/uploads\/2023\/12\/mt-logo.png\",\"contentUrl\":\"https:\/\/mtroyal.com.tr\/tr\/wp-content\/uploads\/2023\/12\/mt-logo.png\",\"width\":313,\"height\":261,\"caption\":\"MTROYAL\"},\"image\":{\"@id\":\"https:\/\/mtroyal.com.tr\/tr\/#\/schema\/logo\/image\/\"}},false]}<\/script>\n<!-- \/ Yoast SEO Premium plugin. -->","yoast_head_json":{"title":"Cragill Fonksiyonel kar\u0131\u015f\u0131mlar - MTROYAL","description":"MT Royal'de premium Cargill Fonksiyonel Kar\u0131\u015f\u0131mlar ke\u015ffedin. \u00dcr\u00fcnlerinize e\u015fsiz \u00f6zellikler ve m\u00fckemmel performans kat\u0131n. Toptan al\u0131m i\u00e7in sipari\u015f verin!","robots":{"index":"index","follow":"follow","max-snippet":"max-snippet:-1","max-image-preview":"max-image-preview:large","max-video-preview":"max-video-preview:-1"},"canonical":"https:\/\/mtroyal.com.tr\/tr\/product\/cragill-fonksiyonel-karisimlar\/","og_locale":"tr_TR","og_type":"article","og_title":"Cragill Fonksiyonel kar\u0131\u015f\u0131mlar","og_description":"MT Royal'de premium Cargill Fonksiyonel Kar\u0131\u015f\u0131mlar ke\u015ffedin. \u00dcr\u00fcnlerinize e\u015fsiz \u00f6zellikler ve m\u00fckemmel performans kat\u0131n. Toptan al\u0131m i\u00e7in sipari\u015f verin!","og_url":"https:\/\/mtroyal.com.tr\/tr\/product\/cragill-fonksiyonel-karisimlar\/","og_site_name":"MTROYAL","article_modified_time":"2025-01-15T10:31:46+00:00","og_image":[{"width":1200,"height":537,"url":"https:\/\/mtroyal.com.tr\/tr\/wp-content\/uploads\/2024\/12\/Cargill-Functional-blends.png","type":"image\/png"}],"twitter_card":"summary_large_image","schema":{"@context":"https:\/\/schema.org","@graph":[{"@type":"WebPage","@id":"https:\/\/mtroyal.com.tr\/tr\/product\/cragill-fonksiyonel-karisimlar\/","url":"https:\/\/mtroyal.com.tr\/tr\/product\/cragill-fonksiyonel-karisimlar\/","name":"Cragill Fonksiyonel kar\u0131\u015f\u0131mlar - MTROYAL","isPartOf":{"@id":"https:\/\/mtroyal.com.tr\/tr\/#website"},"primaryImageOfPage":{"@id":"https:\/\/mtroyal.com.tr\/tr\/product\/cragill-fonksiyonel-karisimlar\/#primaryimage"},"image":{"@id":"https:\/\/mtroyal.com.tr\/tr\/product\/cragill-fonksiyonel-karisimlar\/#primaryimage"},"thumbnailUrl":"https:\/\/mtroyal.com.tr\/tr\/wp-content\/uploads\/2024\/12\/Cargill-Functional-blends.png","datePublished":"2025-01-15T10:31:45+00:00","dateModified":"2025-01-15T10:31:46+00:00","description":"MT Royal'de premium Cargill Fonksiyonel Kar\u0131\u015f\u0131mlar ke\u015ffedin. \u00dcr\u00fcnlerinize e\u015fsiz \u00f6zellikler ve m\u00fckemmel performans kat\u0131n. Toptan al\u0131m i\u00e7in sipari\u015f verin!","breadcrumb":{"@id":"https:\/\/mtroyal.com.tr\/tr\/product\/cragill-fonksiyonel-karisimlar\/#breadcrumb"},"inLanguage":"tr","potentialAction":[{"@type":"ReadAction","target":["https:\/\/mtroyal.com.tr\/tr\/product\/cragill-fonksiyonel-karisimlar\/"]}]},{"@type":"ImageObject","inLanguage":"tr","@id":"https:\/\/mtroyal.com.tr\/tr\/product\/cragill-fonksiyonel-karisimlar\/#primaryimage","url":"https:\/\/mtroyal.com.tr\/tr\/wp-content\/uploads\/2024\/12\/Cargill-Functional-blends.png","contentUrl":"https:\/\/mtroyal.com.tr\/tr\/wp-content\/uploads\/2024\/12\/Cargill-Functional-blends.png","width":1200,"height":537,"caption":"Cargill Functional blends"},{"@type":"BreadcrumbList","@id":"https:\/\/mtroyal.com.tr\/tr\/product\/cragill-fonksiyonel-karisimlar\/#breadcrumb","itemListElement":[{"@type":"ListItem","position":1,"name":"Home","item":"https:\/\/mtroyal.com.tr\/tr\/"},{"@type":"ListItem","position":2,"name":"\u00dcr\u00fcnlerimiz","item":"https:\/\/mtroyal.com.tr\/tr\/urunlerimiz\/"},{"@type":"ListItem","position":3,"name":"Cragill Fonksiyonel kar\u0131\u015f\u0131mlar"}]},{"@type":"WebSite","@id":"https:\/\/mtroyal.com.tr\/tr\/#website","url":"https:\/\/mtroyal.com.tr\/tr\/","name":"MTROYAL","description":"","publisher":{"@id":"https:\/\/mtroyal.com.tr\/tr\/#organization"},"potentialAction":[{"@type":"SearchAction","target":{"@type":"EntryPoint","urlTemplate":"https:\/\/mtroyal.com.tr\/tr\/?s={search_term_string}"},"query-input":{"@type":"PropertyValueSpecification","valueRequired":true,"valueName":"search_term_string"}}],"inLanguage":"tr"},{"@type":"Organization","@id":"https:\/\/mtroyal.com.tr\/tr\/#organization","name":"MTROYAL","url":"https:\/\/mtroyal.com.tr\/tr\/","logo":{"@type":"ImageObject","inLanguage":"tr","@id":"https:\/\/mtroyal.com.tr\/tr\/#\/schema\/logo\/image\/","url":"https:\/\/mtroyal.com.tr\/tr\/wp-content\/uploads\/2023\/12\/mt-logo.png","contentUrl":"https:\/\/mtroyal.com.tr\/tr\/wp-content\/uploads\/2023\/12\/mt-logo.png","width":313,"height":261,"caption":"MTROYAL"},"image":{"@id":"https:\/\/mtroyal.com.tr\/tr\/#\/schema\/logo\/image\/"}},false]}},"yasr_visitor_votes":{"stars_attributes":{"read_only":false,"span_bottom":false},"number_of_votes":0,"sum_votes":0},"_links":{"self":[{"href":"https:\/\/mtroyal.com.tr\/tr\/wp-json\/wp\/v2\/product\/5905","targetHints":{"allow":["GET"]}}],"collection":[{"href":"https:\/\/mtroyal.com.tr\/tr\/wp-json\/wp\/v2\/product"}],"about":[{"href":"https:\/\/mtroyal.com.tr\/tr\/wp-json\/wp\/v2\/types\/product"}],"replies":[{"embeddable":true,"href":"https:\/\/mtroyal.com.tr\/tr\/wp-json\/wp\/v2\/comments?post=5905"}],"wp:featuredmedia":[{"embeddable":true,"href":"https:\/\/mtroyal.com.tr\/tr\/wp-json\/wp\/v2\/media\/6787"}],"wp:attachment":[{"href":"https:\/\/mtroyal.com.tr\/tr\/wp-json\/wp\/v2\/media?parent=5905"}],"wp:term":[{"taxonomy":"product_brand","embeddable":true,"href":"https:\/\/mtroyal.com.tr\/tr\/wp-json\/wp\/v2\/product_brand?post=5905"},{"taxonomy":"product_cat","embeddable":true,"href":"https:\/\/mtroyal.com.tr\/tr\/wp-json\/wp\/v2\/product_cat?post=5905"},{"taxonomy":"product_tag","embeddable":true,"href":"https:\/\/mtroyal.com.tr\/tr\/wp-json\/wp\/v2\/product_tag?post=5905"}],"curies":[{"name":"wp","href":"https:\/\/api.w.org\/{rel}","templated":true}]}}