{"id":5918,"date":"2025-01-15T13:31:36","date_gmt":"2025-01-15T10:31:36","guid":{"rendered":"https:\/\/mtroyal.com.tr\/tr\/?post_type=product&#038;p=5918"},"modified":"2025-01-15T13:31:38","modified_gmt":"2025-01-15T10:31:38","slug":"cragill-glikoz-fruktoz-suruplari","status":"publish","type":"product","link":"https:\/\/mtroyal.com.tr\/tr\/product\/cragill-glikoz-fruktoz-suruplari\/","title":{"rendered":"Cragill Glikoz &#8211; fruktoz \u015furuplar\u0131"},"content":{"rendered":"<p>Glikoz ve fruktoz \u015furuplar\u0131, g\u0131da sanayinin \u00f6nemli tatland\u0131r\u0131c\u0131lar\u0131ndan biridir. Cragill Glikoz &#8211; Fruktoz \u015euruplar\u0131, tatland\u0131r\u0131c\u0131lar olarak, g\u0131da \u00fcr\u00fcnlerinin tatlar\u0131n\u0131 zenginle\u015ftirir, ayn\u0131 zamanda \u00fcr\u00fcnlerin raf \u00f6mr\u00fcn\u00fc uzatarak verimlili\u011fi art\u0131r\u0131r. T\u00fcrkiye&#8217;nin en b\u00fcy\u00fck g\u0131da sanayi tedarik\u00e7ilerinden biri olan MT Royal, Cragill markas\u0131n\u0131n bu \u00f6zel \u015furuplar\u0131n\u0131 en uygun fiyatlarla temin edebilmeniz i\u00e7in hizmetinizdedir.<\/p>\n<p>Cragill Glikoz &#8211; Fruktoz \u015euruplar\u0131, y\u00fcksek tatland\u0131rma g\u00fcc\u00fcne sahip, d\u00fc\u015f\u00fck maliyetli alternatifler sunarak \u00fcreticilerin maliyetlerini d\u00fc\u015f\u00fcrmesine yard\u0131mc\u0131 olur. \u015eeker yerine kullan\u0131lan bu \u015furuplar, g\u0131da \u00fcr\u00fcnlerinde hem tat hem de doku a\u00e7\u0131s\u0131ndan \u00f6nemli iyile\u015ftirmeler sa\u011flar.<\/p>\n<h2><strong>Cragill Glikoz &#8211; Fruktoz \u015euruplar\u0131n\u0131n Kullan\u0131m Alanlar\u0131<\/strong><\/h2>\n<p>Cragill Glikoz &#8211; Fruktoz \u015euruplar\u0131, pek \u00e7ok farkl\u0131 g\u0131da \u00fcr\u00fcn\u00fcnde kullan\u0131labilecek esnek ve \u00e7ok y\u00f6nl\u00fc bir bile\u015fiktir. G\u0131da \u00fcreticileri, bu \u015furuplar\u0131 \u00fcr\u00fcnlerinde tat, doku ve besin de\u011ferini art\u0131rmak i\u00e7in kullanabilirler.<\/p>\n<h4><strong>\u0130\u00e7eceklerde Kullan\u0131m<\/strong><\/h4>\n<p>Glikoz-fruktoz \u015furuplar\u0131, \u00f6zellikle \u015fekerli i\u00e7eceklerde yayg\u0131n olarak kullan\u0131l\u0131r. Bu \u015furuplar, i\u00e7eceklerin tatl\u0131l\u0131k seviyesini art\u0131r\u0131rken, ayn\u0131 zamanda lezzet profillerini zenginle\u015ftirir.<\/p>\n<p><strong>Tatl\u0131 ve \u015eekerlemelerde Kullan\u0131m<\/strong><\/p>\n<p>\u00c7ikolatalar, \u015fekerlemeler ve tatl\u0131lar gibi \u00fcr\u00fcnlerde, glikoz-fruktoz \u015furuplar\u0131, \u00fcr\u00fcnlerin dokusunu iyile\u015ftirir ve uzun raf \u00f6mr\u00fc sa\u011flar. Bu \u015furuplar, \u015fekerin yerine kullan\u0131labilir, daha d\u00fc\u015f\u00fck maliyetli bir alternatif sunar.<\/p>\n<p><strong>F\u0131r\u0131n \u00dcr\u00fcnlerinde Kullan\u0131m<\/strong><\/p>\n<p>F\u0131r\u0131nc\u0131l\u0131k sekt\u00f6r\u00fcnde, ekmek, kek ve di\u011fer unlu mamuller \u00fcretiminde kullan\u0131lan glikoz-fruktoz \u015furuplar\u0131, daha nemli ve yumu\u015fak \u00fcr\u00fcnler elde edilmesine yard\u0131mc\u0131 olur. Ayn\u0131 zamanda, \u00fcr\u00fcnlerin daha uzun s\u00fcre taze kalmas\u0131na olanak tan\u0131r.<\/p>\n<p><strong>Dondurma ve S\u00fct \u00dcr\u00fcnlerinde Kullan\u0131m<\/strong><\/p>\n<p>Dondurma ve s\u00fctl\u00fc tatl\u0131lar gibi \u00fcr\u00fcnlerde, bu \u015furuplar hem tatland\u0131r\u0131c\u0131 hem de yap\u0131sal iyile\u015ftirici olarak kullan\u0131l\u0131r. Ayr\u0131ca, dondurmalarda daha p\u00fcr\u00fczs\u00fcz bir doku ve daha az kristalle\u015fme sa\u011flar.<\/p>\n<h2><strong>Cragill Glikoz &#8211; Fruktoz \u015euruplar\u0131n\u0131n Sa\u011fl\u0131k \u00dczerindeki Etkileri<\/strong><\/h2>\n<p>Cragill Glikoz &#8211; Fruktoz \u015euruplar\u0131, geleneksel \u015fekerin yerine kullan\u0131labilecek sa\u011fl\u0131kl\u0131 bir alternatif sunar. Bu \u015furuplar\u0131n sa\u011fl\u0131k \u00fczerindeki etkileri ise \u015fu \u015fekildedir:<\/p>\n<ul>\n<li><strong>D\u00fc\u015f\u00fck Kalori Se\u00e7ene\u011fi:<\/strong> Glikoz-fruktoz \u015furuplar\u0131, daha az kalori i\u00e7erir, bu da d\u00fc\u015f\u00fck kalorili g\u0131da se\u00e7enekleri \u00fcretmek isteyen \u00fcreticiler i\u00e7in b\u00fcy\u00fck bir avantaj sa\u011flar.<\/li>\n<li><strong>H\u0131zl\u0131 Enerji Sa\u011flar:<\/strong> Glikoz, h\u0131zl\u0131 bir enerji kayna\u011f\u0131d\u0131r. Bu nedenle, sporcu beslenmesi \u00fcr\u00fcnlerinde s\u0131k\u00e7a tercih edilir.<\/li>\n<li><strong>Kan \u015eekeri D\u00fczeylerini Daha \u0130yi Kontrol Etme:<\/strong> Fruktoz, kan \u015fekeri seviyelerini daha stabil tutmaya yard\u0131mc\u0131 olabilir, bu da diyabetli bireyler i\u00e7in \u00f6nemli bir fayda sa\u011flar.<\/li>\n<li><strong>Sindirim Sistemi \u00dczerindeki Etkiler:<\/strong> Glikoz ve fruktoz, sindirimi kolayla\u015ft\u0131r\u0131r, bu nedenle sindirim sistemi \u00fczerinde olumsuz etkileri azalt\u0131r.<\/li>\n<\/ul>\n<h2><strong>Cragill Glikoz &#8211; Fruktoz \u015euruplar\u0131n\u0131n G\u0131da Sanayindeki Yeri<\/strong><\/h2>\n<p>G\u0131da sanayinde tatland\u0131r\u0131c\u0131lar, \u00fcr\u00fcnlerin kalitesini do\u011frudan etkileyen \u00f6nemli bile\u015fenlerdir. Cragill Glikoz &#8211; Fruktoz \u015euruplar\u0131, g\u0131da \u00fcreticilerine daha verimli ve kaliteli \u00fcretim yapabilme imkan\u0131 tan\u0131r. Bu \u00fcr\u00fcnlerin sa\u011flad\u0131\u011f\u0131 avantajlar \u015funlard\u0131r:<\/p>\n<ul>\n<li><strong>Verimlilik Artt\u0131r\u0131r:<\/strong> Glikoz-fruktoz \u015furuplar\u0131, \u00fcreticilerin tatland\u0131r\u0131c\u0131 maliyetlerini d\u00fc\u015f\u00fcrmesine yard\u0131mc\u0131 olur ve \u00fcretim s\u00fcre\u00e7lerini daha verimli hale getirir.<\/li>\n<li><strong>Daha Uzun Raf \u00d6mr\u00fc:<\/strong> \u015euruplar\u0131n i\u00e7erdi\u011fi \u00f6zellikler, g\u0131da \u00fcr\u00fcnlerinin raf \u00f6mr\u00fcn\u00fc uzat\u0131r. Bu \u00f6zellik, \u00f6zellikle ihracat yapan firmalar i\u00e7in \u00f6nemlidir.<\/li>\n<li><strong>\u00dcr\u00fcn Kalitesini Y\u00fckseltir:<\/strong> Tatl\u0131l\u0131k oran\u0131n\u0131 sabit tutarak, \u00fcr\u00fcnlerin kalite kontrol\u00fcn\u00fc sa\u011flamak \u00e7ok daha kolay hale gelir.<\/li>\n<\/ul>\n<h2><strong>Cragill Glikoz &#8211; Fruktoz \u015euruplar\u0131n\u0131n Kullan\u0131m\u0131 \u0130\u00e7in \u0130pu\u00e7lar\u0131<\/strong><\/h2>\n<p>Glikoz-fruktoz \u015furuplar\u0131n\u0131n etkin bir \u015fekilde kullan\u0131labilmesi i\u00e7in baz\u0131 \u00f6nemli noktalar bulunmaktad\u0131r. \u0130\u015fte bu \u015furuplar\u0131 en verimli \u015fekilde kullanman\u0131za yard\u0131mc\u0131 olacak baz\u0131 ipu\u00e7lar\u0131:<\/p>\n<ol>\n<li><strong>Dozaj\u0131 \u0130yi Ayarlay\u0131n:<\/strong> Tatland\u0131r\u0131c\u0131lar\u0131n do\u011fru dozajda kullan\u0131lmas\u0131 \u00e7ok \u00f6nemlidir. Aksi takdirde, \u00fcr\u00fcnlerin tatlar\u0131 a\u015f\u0131r\u0131 tatl\u0131 ya da fazla yo\u011fun olabilir.<\/li>\n<li><strong>\u00dcr\u00fcn Tipine G\u00f6re Se\u00e7im Yap\u0131n:<\/strong> Farkl\u0131 \u015furuplar, farkl\u0131 g\u0131da \u00fcr\u00fcnlerinde farkl\u0131 etkiler yaratabilir. \u0130htiyac\u0131n\u0131za uygun olan \u015furubu se\u00e7mek \u00f6nemlidir.<\/li>\n<li><strong>Saklama Ko\u015fullar\u0131na Dikkat Edin:<\/strong> \u015euruplar\u0131n saklama ko\u015fullar\u0131na dikkat edilmesi, \u00fcr\u00fcnlerin uzun s\u00fcre taze kalmas\u0131n\u0131 sa\u011flar. S\u0131cakl\u0131k ve nem seviyesini do\u011fru ayarlamak gereklidir.<\/li>\n<li><strong>S\u00fcreklilik Sa\u011flay\u0131n:<\/strong> Glikoz-fruktoz \u015furuplar\u0131, \u00fcr\u00fcnlerinizin kalitesini s\u00fcrekli k\u0131lacakt\u0131r. Bu nedenle, \u00fcretim s\u00fcre\u00e7lerinizde s\u00fcrekli olarak bu \u015furuplar\u0131 kullanmak faydal\u0131 olacakt\u0131r.<\/li>\n<\/ol>\n<h2><strong>Cragill Glikoz &#8211; Fruktoz \u015euruplar\u0131n\u0131n \u00d6ne \u00c7\u0131kan \u00d6zellikleri<\/strong><\/h2>\n<table>\n<thead>\n<tr>\n<th>\u00d6zellik<\/th>\n<th>A\u00e7\u0131klama<\/th>\n<\/tr>\n<\/thead>\n<tbody>\n<tr>\n<td><strong>Y\u00fcksek Tatland\u0131rma G\u00fcc\u00fc<\/strong><\/td>\n<td>Daha az \u015feker ile ayn\u0131 tat seviyesini sa\u011flar.<\/td>\n<\/tr>\n<tr>\n<td><strong>D\u00fc\u015f\u00fck Kalori Se\u00e7ene\u011fi<\/strong><\/td>\n<td>D\u00fc\u015f\u00fck kalorili g\u0131da se\u00e7enekleri \u00fcretmek isteyenler i\u00e7in idealdir.<\/td>\n<\/tr>\n<tr>\n<td><strong>Daha Uzun Raf \u00d6mr\u00fc<\/strong><\/td>\n<td>\u00dcr\u00fcnlerin tazeli\u011fini daha uzun s\u00fcre korur.<\/td>\n<\/tr>\n<tr>\n<td><strong>H\u0131zl\u0131 Enerji Kayna\u011f\u0131<\/strong><\/td>\n<td>V\u00fccuda h\u0131zl\u0131 enerji sa\u011flar, \u00f6zellikle sporcu beslenmesi \u00fcr\u00fcnlerinde kullan\u0131l\u0131r.<\/td>\n<\/tr>\n<tr>\n<td><strong>Sindirim Dostu<\/strong><\/td>\n<td>Sindirim sistemi \u00fczerinde olumlu etkiler yarat\u0131r.<\/td>\n<\/tr>\n<\/tbody>\n<\/table>\n<h2><strong>MT Royal ile Cragill Glikoz &#8211; Fruktoz \u015euruplar\u0131na Ula\u015f\u0131n<\/strong><\/h2>\n<p>MT Royal, T\u00fcrkiye\u2019deki en b\u00fcy\u00fck g\u0131da sanayi tedarik\u00e7ilerinden biri olarak, Cragill Glikoz &#8211; Fruktoz \u015euruplar\u0131\u2019n\u0131 en uygun fiyatlarla temin edebilmenizi sa\u011flar. Bu y\u00fcksek kaliteli \u00fcr\u00fcnlerle, g\u0131da \u00fcretiminizin kalitesini art\u0131rabilir, maliyetlerinizi d\u00fc\u015f\u00fcrebilirsiniz.<\/p>\n<h3><strong>Bize Ula\u015f\u0131n ve \u00dcr\u00fcnlerinizi Sipari\u015f Edin!<\/strong><\/h3>\n<p>Cragill Glikoz &#8211; Fruktoz \u015euruplar\u0131 hakk\u0131nda daha fazla bilgi almak i\u00e7in MT Royal ile ileti\u015fime ge\u00e7ebilirsiniz. Web sitemizi ziyaret ederek \u00fcr\u00fcnlerimizi ke\u015ffedin ve sipari\u015flerinizi hemen verin. Sa\u011fl\u0131kl\u0131 ve lezzetli g\u0131da \u00fcretimi i\u00e7in MT Royal\u2019i tercih edin!<\/p>\n<p><span style=\"color: #0000ff;\"><strong><a style=\"color: #0000ff;\" href=\"https:\/\/www.mtroyal.com.tr\/tr\/%C3%BCr%C3%BCnler\/\"><span class=\"HwtZe\" lang=\"tr\"><span class=\"jCAhz ChMk0b\"><span class=\"ryNqvb\">G\u0131da sanayi hammaddeleri listesi<\/span><\/span><\/span><\/a><\/strong><\/span><\/p>\n<p><strong><a href=\"https:\/\/mtroyal.com.tr\/tr\/product\/latamarko-alkalize-kakao-tozu\/\"><span style=\"color: #0000ff;\">latamarko alkalize kakao tozu<\/span><\/a><\/strong><\/p>\n<div style='text-align:center' class='yasr-auto-insert-visitor'><\/div>","protected":false},"excerpt":{"rendered":"<p><span style=\"border: 0px solid #e5e7eb; --tw-border-spacing-x: 0; --tw-border-spacing-y: 0; --tw-translate-x: 0; ... \n<\/p>\n","protected":false},"featured_media":6781,"comment_status":"open","ping_status":"closed","template":"","meta":{"yasr_overall_rating":0,"yasr_post_is_review":"","yasr_auto_insert_disabled":"","yasr_review_type":""},"product_brand":[],"product_cat":[50],"product_tag":[],"class_list":{"0":"post-5918","1":"product","2":"type-product","3":"status-publish","4":"has-post-thumbnail","6":"product_cat-temel-hammaddeler","8":"first","9":"instock","10":"shipping-taxable","11":"product-type-simple"},"yoast_head":"<!-- This site is optimized with the Yoast SEO Premium plugin v24.5 (Yoast SEO v26.6) - https:\/\/yoast.com\/wordpress\/plugins\/seo\/ -->\n<title>Cragill Glikoz - fruktoz \u015furuplar\u0131 - MTROYAL<\/title>\n<meta name=\"description\" content=\"MT Royal&#039;de premium Cargill Glikoz-Fruktoz \u015euruplar\u0131 ke\u015ffedin. \u00dcr\u00fcnlerinize m\u00fckemmel tat ve k\u0131vam kat\u0131n. Toptan al\u0131m i\u00e7in hemen sipari\u015f verin!\" \/>\n<meta name=\"robots\" content=\"index, follow, max-snippet:-1, max-image-preview:large, max-video-preview:-1\" \/>\n<link rel=\"canonical\" href=\"https:\/\/mtroyal.com.tr\/tr\/product\/cragill-glikoz-fruktoz-suruplari\/\" \/>\n<meta property=\"og:locale\" content=\"tr_TR\" \/>\n<meta property=\"og:type\" content=\"article\" \/>\n<meta property=\"og:title\" content=\"Cragill Glikoz - fruktoz \u015furuplar\u0131\" \/>\n<meta property=\"og:description\" content=\"MT Royal&#039;de premium Cargill Glikoz-Fruktoz \u015euruplar\u0131 ke\u015ffedin. \u00dcr\u00fcnlerinize m\u00fckemmel tat ve k\u0131vam kat\u0131n. Toptan al\u0131m i\u00e7in hemen sipari\u015f verin!\" \/>\n<meta property=\"og:url\" content=\"https:\/\/mtroyal.com.tr\/tr\/product\/cragill-glikoz-fruktoz-suruplari\/\" \/>\n<meta property=\"og:site_name\" content=\"MTROYAL\" \/>\n<meta property=\"article:modified_time\" content=\"2025-01-15T10:31:38+00:00\" \/>\n<meta property=\"og:image\" content=\"https:\/\/mtroyal.com.tr\/tr\/wp-content\/uploads\/2024\/12\/Cragill-Glikoz-fruktoz-suruplari.jpg\" \/>\n\t<meta property=\"og:image:width\" content=\"578\" \/>\n\t<meta property=\"og:image:height\" content=\"578\" \/>\n\t<meta property=\"og:image:type\" content=\"image\/jpeg\" \/>\n<meta name=\"twitter:card\" content=\"summary_large_image\" \/>\n<script type=\"application\/ld+json\" class=\"yoast-schema-graph\">{\"@context\":\"https:\/\/schema.org\",\"@graph\":[{\"@type\":\"WebPage\",\"@id\":\"https:\/\/mtroyal.com.tr\/tr\/product\/cragill-glikoz-fruktoz-suruplari\/\",\"url\":\"https:\/\/mtroyal.com.tr\/tr\/product\/cragill-glikoz-fruktoz-suruplari\/\",\"name\":\"Cragill Glikoz - fruktoz \u015furuplar\u0131 - MTROYAL\",\"isPartOf\":{\"@id\":\"https:\/\/mtroyal.com.tr\/tr\/#website\"},\"primaryImageOfPage\":{\"@id\":\"https:\/\/mtroyal.com.tr\/tr\/product\/cragill-glikoz-fruktoz-suruplari\/#primaryimage\"},\"image\":{\"@id\":\"https:\/\/mtroyal.com.tr\/tr\/product\/cragill-glikoz-fruktoz-suruplari\/#primaryimage\"},\"thumbnailUrl\":\"https:\/\/mtroyal.com.tr\/tr\/wp-content\/uploads\/2024\/12\/Cragill-Glikoz-fruktoz-suruplari.jpg\",\"datePublished\":\"2025-01-15T10:31:36+00:00\",\"dateModified\":\"2025-01-15T10:31:38+00:00\",\"description\":\"MT Royal'de premium Cargill Glikoz-Fruktoz \u015euruplar\u0131 ke\u015ffedin. \u00dcr\u00fcnlerinize m\u00fckemmel tat ve k\u0131vam kat\u0131n. Toptan al\u0131m i\u00e7in hemen sipari\u015f verin!\",\"breadcrumb\":{\"@id\":\"https:\/\/mtroyal.com.tr\/tr\/product\/cragill-glikoz-fruktoz-suruplari\/#breadcrumb\"},\"inLanguage\":\"tr\",\"potentialAction\":[{\"@type\":\"ReadAction\",\"target\":[\"https:\/\/mtroyal.com.tr\/tr\/product\/cragill-glikoz-fruktoz-suruplari\/\"]}]},{\"@type\":\"ImageObject\",\"inLanguage\":\"tr\",\"@id\":\"https:\/\/mtroyal.com.tr\/tr\/product\/cragill-glikoz-fruktoz-suruplari\/#primaryimage\",\"url\":\"https:\/\/mtroyal.com.tr\/tr\/wp-content\/uploads\/2024\/12\/Cragill-Glikoz-fruktoz-suruplari.jpg\",\"contentUrl\":\"https:\/\/mtroyal.com.tr\/tr\/wp-content\/uploads\/2024\/12\/Cragill-Glikoz-fruktoz-suruplari.jpg\",\"width\":578,\"height\":578},{\"@type\":\"BreadcrumbList\",\"@id\":\"https:\/\/mtroyal.com.tr\/tr\/product\/cragill-glikoz-fruktoz-suruplari\/#breadcrumb\",\"itemListElement\":[{\"@type\":\"ListItem\",\"position\":1,\"name\":\"Home\",\"item\":\"https:\/\/mtroyal.com.tr\/tr\/\"},{\"@type\":\"ListItem\",\"position\":2,\"name\":\"\u00dcr\u00fcnlerimiz\",\"item\":\"https:\/\/mtroyal.com.tr\/tr\/urunlerimiz\/\"},{\"@type\":\"ListItem\",\"position\":3,\"name\":\"Cragill Glikoz &#8211; fruktoz \u015furuplar\u0131\"}]},{\"@type\":\"WebSite\",\"@id\":\"https:\/\/mtroyal.com.tr\/tr\/#website\",\"url\":\"https:\/\/mtroyal.com.tr\/tr\/\",\"name\":\"MTROYAL\",\"description\":\"\",\"publisher\":{\"@id\":\"https:\/\/mtroyal.com.tr\/tr\/#organization\"},\"potentialAction\":[{\"@type\":\"SearchAction\",\"target\":{\"@type\":\"EntryPoint\",\"urlTemplate\":\"https:\/\/mtroyal.com.tr\/tr\/?s={search_term_string}\"},\"query-input\":{\"@type\":\"PropertyValueSpecification\",\"valueRequired\":true,\"valueName\":\"search_term_string\"}}],\"inLanguage\":\"tr\"},{\"@type\":\"Organization\",\"@id\":\"https:\/\/mtroyal.com.tr\/tr\/#organization\",\"name\":\"MTROYAL\",\"url\":\"https:\/\/mtroyal.com.tr\/tr\/\",\"logo\":{\"@type\":\"ImageObject\",\"inLanguage\":\"tr\",\"@id\":\"https:\/\/mtroyal.com.tr\/tr\/#\/schema\/logo\/image\/\",\"url\":\"https:\/\/mtroyal.com.tr\/tr\/wp-content\/uploads\/2023\/12\/mt-logo.png\",\"contentUrl\":\"https:\/\/mtroyal.com.tr\/tr\/wp-content\/uploads\/2023\/12\/mt-logo.png\",\"width\":313,\"height\":261,\"caption\":\"MTROYAL\"},\"image\":{\"@id\":\"https:\/\/mtroyal.com.tr\/tr\/#\/schema\/logo\/image\/\"}},false]}<\/script>\n<!-- \/ Yoast SEO Premium plugin. -->","yoast_head_json":{"title":"Cragill Glikoz - fruktoz \u015furuplar\u0131 - MTROYAL","description":"MT Royal'de premium Cargill Glikoz-Fruktoz \u015euruplar\u0131 ke\u015ffedin. \u00dcr\u00fcnlerinize m\u00fckemmel tat ve k\u0131vam kat\u0131n. Toptan al\u0131m i\u00e7in hemen sipari\u015f verin!","robots":{"index":"index","follow":"follow","max-snippet":"max-snippet:-1","max-image-preview":"max-image-preview:large","max-video-preview":"max-video-preview:-1"},"canonical":"https:\/\/mtroyal.com.tr\/tr\/product\/cragill-glikoz-fruktoz-suruplari\/","og_locale":"tr_TR","og_type":"article","og_title":"Cragill Glikoz - fruktoz \u015furuplar\u0131","og_description":"MT Royal'de premium Cargill Glikoz-Fruktoz \u015euruplar\u0131 ke\u015ffedin. \u00dcr\u00fcnlerinize m\u00fckemmel tat ve k\u0131vam kat\u0131n. Toptan al\u0131m i\u00e7in hemen sipari\u015f verin!","og_url":"https:\/\/mtroyal.com.tr\/tr\/product\/cragill-glikoz-fruktoz-suruplari\/","og_site_name":"MTROYAL","article_modified_time":"2025-01-15T10:31:38+00:00","og_image":[{"width":578,"height":578,"url":"https:\/\/mtroyal.com.tr\/tr\/wp-content\/uploads\/2024\/12\/Cragill-Glikoz-fruktoz-suruplari.jpg","type":"image\/jpeg"}],"twitter_card":"summary_large_image","schema":{"@context":"https:\/\/schema.org","@graph":[{"@type":"WebPage","@id":"https:\/\/mtroyal.com.tr\/tr\/product\/cragill-glikoz-fruktoz-suruplari\/","url":"https:\/\/mtroyal.com.tr\/tr\/product\/cragill-glikoz-fruktoz-suruplari\/","name":"Cragill Glikoz - fruktoz \u015furuplar\u0131 - MTROYAL","isPartOf":{"@id":"https:\/\/mtroyal.com.tr\/tr\/#website"},"primaryImageOfPage":{"@id":"https:\/\/mtroyal.com.tr\/tr\/product\/cragill-glikoz-fruktoz-suruplari\/#primaryimage"},"image":{"@id":"https:\/\/mtroyal.com.tr\/tr\/product\/cragill-glikoz-fruktoz-suruplari\/#primaryimage"},"thumbnailUrl":"https:\/\/mtroyal.com.tr\/tr\/wp-content\/uploads\/2024\/12\/Cragill-Glikoz-fruktoz-suruplari.jpg","datePublished":"2025-01-15T10:31:36+00:00","dateModified":"2025-01-15T10:31:38+00:00","description":"MT Royal'de premium Cargill Glikoz-Fruktoz \u015euruplar\u0131 ke\u015ffedin. \u00dcr\u00fcnlerinize m\u00fckemmel tat ve k\u0131vam kat\u0131n. Toptan al\u0131m i\u00e7in hemen sipari\u015f verin!","breadcrumb":{"@id":"https:\/\/mtroyal.com.tr\/tr\/product\/cragill-glikoz-fruktoz-suruplari\/#breadcrumb"},"inLanguage":"tr","potentialAction":[{"@type":"ReadAction","target":["https:\/\/mtroyal.com.tr\/tr\/product\/cragill-glikoz-fruktoz-suruplari\/"]}]},{"@type":"ImageObject","inLanguage":"tr","@id":"https:\/\/mtroyal.com.tr\/tr\/product\/cragill-glikoz-fruktoz-suruplari\/#primaryimage","url":"https:\/\/mtroyal.com.tr\/tr\/wp-content\/uploads\/2024\/12\/Cragill-Glikoz-fruktoz-suruplari.jpg","contentUrl":"https:\/\/mtroyal.com.tr\/tr\/wp-content\/uploads\/2024\/12\/Cragill-Glikoz-fruktoz-suruplari.jpg","width":578,"height":578},{"@type":"BreadcrumbList","@id":"https:\/\/mtroyal.com.tr\/tr\/product\/cragill-glikoz-fruktoz-suruplari\/#breadcrumb","itemListElement":[{"@type":"ListItem","position":1,"name":"Home","item":"https:\/\/mtroyal.com.tr\/tr\/"},{"@type":"ListItem","position":2,"name":"\u00dcr\u00fcnlerimiz","item":"https:\/\/mtroyal.com.tr\/tr\/urunlerimiz\/"},{"@type":"ListItem","position":3,"name":"Cragill Glikoz &#8211; fruktoz \u015furuplar\u0131"}]},{"@type":"WebSite","@id":"https:\/\/mtroyal.com.tr\/tr\/#website","url":"https:\/\/mtroyal.com.tr\/tr\/","name":"MTROYAL","description":"","publisher":{"@id":"https:\/\/mtroyal.com.tr\/tr\/#organization"},"potentialAction":[{"@type":"SearchAction","target":{"@type":"EntryPoint","urlTemplate":"https:\/\/mtroyal.com.tr\/tr\/?s={search_term_string}"},"query-input":{"@type":"PropertyValueSpecification","valueRequired":true,"valueName":"search_term_string"}}],"inLanguage":"tr"},{"@type":"Organization","@id":"https:\/\/mtroyal.com.tr\/tr\/#organization","name":"MTROYAL","url":"https:\/\/mtroyal.com.tr\/tr\/","logo":{"@type":"ImageObject","inLanguage":"tr","@id":"https:\/\/mtroyal.com.tr\/tr\/#\/schema\/logo\/image\/","url":"https:\/\/mtroyal.com.tr\/tr\/wp-content\/uploads\/2023\/12\/mt-logo.png","contentUrl":"https:\/\/mtroyal.com.tr\/tr\/wp-content\/uploads\/2023\/12\/mt-logo.png","width":313,"height":261,"caption":"MTROYAL"},"image":{"@id":"https:\/\/mtroyal.com.tr\/tr\/#\/schema\/logo\/image\/"}},false]}},"yasr_visitor_votes":{"stars_attributes":{"read_only":false,"span_bottom":false},"number_of_votes":0,"sum_votes":0},"_links":{"self":[{"href":"https:\/\/mtroyal.com.tr\/tr\/wp-json\/wp\/v2\/product\/5918","targetHints":{"allow":["GET"]}}],"collection":[{"href":"https:\/\/mtroyal.com.tr\/tr\/wp-json\/wp\/v2\/product"}],"about":[{"href":"https:\/\/mtroyal.com.tr\/tr\/wp-json\/wp\/v2\/types\/product"}],"replies":[{"embeddable":true,"href":"https:\/\/mtroyal.com.tr\/tr\/wp-json\/wp\/v2\/comments?post=5918"}],"wp:featuredmedia":[{"embeddable":true,"href":"https:\/\/mtroyal.com.tr\/tr\/wp-json\/wp\/v2\/media\/6781"}],"wp:attachment":[{"href":"https:\/\/mtroyal.com.tr\/tr\/wp-json\/wp\/v2\/media?parent=5918"}],"wp:term":[{"taxonomy":"product_brand","embeddable":true,"href":"https:\/\/mtroyal.com.tr\/tr\/wp-json\/wp\/v2\/product_brand?post=5918"},{"taxonomy":"product_cat","embeddable":true,"href":"https:\/\/mtroyal.com.tr\/tr\/wp-json\/wp\/v2\/product_cat?post=5918"},{"taxonomy":"product_tag","embeddable":true,"href":"https:\/\/mtroyal.com.tr\/tr\/wp-json\/wp\/v2\/product_tag?post=5918"}],"curies":[{"name":"wp","href":"https:\/\/api.w.org\/{rel}","templated":true}]}}