{"id":5941,"date":"2025-01-15T13:12:47","date_gmt":"2025-01-15T10:12:47","guid":{"rendered":"https:\/\/mtroyal.com.tr\/tr\/?post_type=product&#038;p=5941"},"modified":"2025-01-15T13:12:48","modified_gmt":"2025-01-15T10:12:48","slug":"kakao-parcaciklari-cargill","status":"publish","type":"product","link":"https:\/\/mtroyal.com.tr\/tr\/product\/kakao-parcaciklari-cargill\/","title":{"rendered":"Kakao Par\u00e7ac\u0131klar\u0131 Cargill"},"content":{"rendered":"<p>Kakao par\u00e7ac\u0131klar\u0131, \u00e7ikolata \u00fcretiminden pastac\u0131l\u0131\u011fa kadar bir\u00e7ok alanda kullan\u0131lan \u00f6nemli bir malzemedir. <strong>Cargill<\/strong>, g\u0131da sekt\u00f6r\u00fcnde kaliteli ve s\u00fcrd\u00fcr\u00fclebilir kakao \u00fcr\u00fcnleriyle tan\u0131nan bir markad\u0131r ve <strong>Kakao Par\u00e7ac\u0131klar\u0131 Cargill<\/strong>, bu kalitesini her \u00fcr\u00fcn\u00fcnde yans\u0131t\u0131r. \u00c7ikolata \u00fcreticileri, pastac\u0131lar, tatl\u0131 yap\u0131mc\u0131lar\u0131 ve i\u00e7ecek \u00fcreticileri i\u00e7in vazge\u00e7ilmez olan bu \u00fcr\u00fcn, y\u00fcksek kaliteyi en uygun fiyatlarla temin etmek isteyenler i\u00e7in <strong>MT Royal<\/strong> taraf\u0131ndan T\u00fcrkiye&#8217;de sunulmaktad\u0131r.<\/p>\n<p>Bu yaz\u0131da, <strong>Kakao Par\u00e7ac\u0131klar\u0131 Cargill<\/strong>\u2019\u0131n sa\u011flad\u0131\u011f\u0131 avantajlar\u0131, kullan\u0131m alanlar\u0131n\u0131 ve MT Royal\u2019in bu kaliteli \u00fcr\u00fcn\u00fc nas\u0131l en uygun fiyatlarla sundu\u011funu detayl\u0131 bir \u015fekilde ele alaca\u011f\u0131z.<\/p>\n<h2>Kakao Par\u00e7ac\u0131klar\u0131 Cargill: Neden Tercih Edilmeli?<\/h2>\n<p><strong>Cargill<\/strong>, d\u00fcnya \u00e7ap\u0131nda tar\u0131m ve g\u0131da sekt\u00f6r\u00fcnde tan\u0131nm\u0131\u015f bir markad\u0131r. Cargill&#8217;in <strong>kakao par\u00e7ac\u0131klar\u0131<\/strong>, \u00e7ikolata \u00fcreticileri ve di\u011fer g\u0131da profesyonelleri i\u00e7in ideal bir \u00e7\u00f6z\u00fcmd\u00fcr. Kaliteyi ve s\u00fcrd\u00fcr\u00fclebilirli\u011fi birle\u015ftiren bu \u00fcr\u00fcnler, tatl\u0131lar\u0131n\u0131zda ve \u00e7ikolatalar\u0131n\u0131zda m\u00fckemmel sonu\u00e7lar elde etmenizi sa\u011flar.<\/p>\n<h4>Kakao Par\u00e7ac\u0131klar\u0131 Cargill\u2019\u0131n Temel \u00d6zellikleri<\/h4>\n<table>\n<thead>\n<tr>\n<th><strong>\u00d6zellik<\/strong><\/th>\n<th><strong>A\u00e7\u0131klama<\/strong><\/th>\n<\/tr>\n<\/thead>\n<tbody>\n<tr>\n<td><strong>S\u00fcrd\u00fcr\u00fclebilir \u00dcretim<\/strong><\/td>\n<td>Cargill, kakao \u00fcretiminde s\u00fcrd\u00fcr\u00fclebilir y\u00f6ntemleri destekler ve do\u011faya dosttur.<\/td>\n<\/tr>\n<tr>\n<td><strong>Y\u00fcksek Kalite<\/strong><\/td>\n<td>\u00dcr\u00fcnler, y\u00fcksek kaliteyi ve taze kakao tatlar\u0131n\u0131 garanti eder.<\/td>\n<\/tr>\n<tr>\n<td><strong>Zengin Tat Profili<\/strong><\/td>\n<td>Kakao par\u00e7ac\u0131klar\u0131, \u00fcr\u00fcnlere yo\u011fun ve zengin bir \u00e7ikolata lezzeti katar.<\/td>\n<\/tr>\n<tr>\n<td><strong>Geni\u015f Kullan\u0131m Alanlar\u0131<\/strong><\/td>\n<td>Keklerden \u00e7ikolatalara, i\u00e7eceklerden dondurmalara kadar geni\u015f bir kullan\u0131m yelpazesi vard\u0131r.<\/td>\n<\/tr>\n<tr>\n<td><strong>\u0130deal \u0130\u015flenebilirlik<\/strong><\/td>\n<td>\u00dcr\u00fcn, i\u015flenmesi kolay olup farkl\u0131 mutfaklarda rahat\u00e7a kullan\u0131labilir.<\/td>\n<\/tr>\n<\/tbody>\n<\/table>\n<p><strong>Cargill kakao par\u00e7ac\u0131klar\u0131<\/strong>, yaln\u0131zca lezzet a\u00e7\u0131s\u0131ndan de\u011fil, ayn\u0131 zamanda i\u015flenebilirlik a\u00e7\u0131s\u0131ndan da m\u00fckemmeldir. Y\u00fcksek kaliteyi ve do\u011fal \u00e7ikolata tad\u0131n\u0131 bir araya getiren bu \u00fcr\u00fcn, profesyonel mutfaklarda ve evde kullan\u0131lan tatl\u0131larda s\u0131kl\u0131kla tercih edilmektedir.<\/p>\n<h2>Kakao Par\u00e7ac\u0131klar\u0131 Cargill\u2019\u0131n Kullan\u0131m Alanlar\u0131<\/h2>\n<p>Kakao par\u00e7ac\u0131klar\u0131, \u00e7ok y\u00f6nl\u00fc kullan\u0131mlar\u0131yla dikkat \u00e7eker. <strong>Cargill kakao par\u00e7ac\u0131klar\u0131<\/strong>, \u00e7ikolata yap\u0131m\u0131ndan pastac\u0131l\u0131\u011fa, dondurmalardan i\u00e7ecek \u00fcretimine kadar geni\u015f bir alanda kullan\u0131l\u0131r. \u0130\u015fte bu \u00fcr\u00fcn\u00fcn en yayg\u0131n kullan\u0131m alanlar\u0131:<\/p>\n<p>1. <strong>\u00c7ikolata \u00dcretimi<\/strong><\/p>\n<p>Kakao par\u00e7ac\u0131klar\u0131, \u00e7ikolata \u00fcretiminde temel bir bile\u015fendir. <strong>Cargill kakao par\u00e7ac\u0131klar\u0131<\/strong>, \u00e7ikolatan\u0131n lezzetini ve dokusunu zenginle\u015ftirir. \u00c7ikolatan\u0131n i\u00e7inde yer alan kakao oran\u0131n\u0131 art\u0131rarak, tatl\u0131lar\u0131n\u0131za daha derin bir lezzet ve aroma katabilir. Cargill\u2019in kakao par\u00e7ac\u0131klar\u0131, \u00e7ikolatan\u0131n p\u00fcr\u00fczs\u00fcz yap\u0131s\u0131na katk\u0131 sa\u011flar.<\/p>\n<p>2. <strong>Pastac\u0131l\u0131k ve Kek Yap\u0131m\u0131<\/strong><\/p>\n<p>Pastac\u0131l\u0131k ve kek yap\u0131m\u0131 da kakao par\u00e7ac\u0131klar\u0131 i\u00e7in pop\u00fcler kullan\u0131m alanlar\u0131d\u0131r. Keklere ve tatl\u0131lara eklenen bu par\u00e7ac\u0131klar, tatl\u0131lar\u0131n\u0131za zengin bir \u00e7ikolata lezzeti katar. Kek ve kurabiye gibi pastac\u0131l\u0131k \u00fcr\u00fcnlerinde <strong>Cargill kakao par\u00e7ac\u0131klar\u0131<\/strong>, \u00fcr\u00fcnlere e\u015fsiz bir doku ve lezzet sunar.<\/p>\n<p>3. <strong>Dondurma ve Tatl\u0131lar<\/strong><\/p>\n<p>Dondurma \u00fcretimi ve tatl\u0131larda kullan\u0131lan kakao par\u00e7ac\u0131klar\u0131, \u00fcr\u00fcnlere ekstra bir \u00e7ikolatal\u0131 tat katarken ayn\u0131 zamanda dokusal \u00e7e\u015fitlilik yarat\u0131r. <strong>Cargill kakao par\u00e7ac\u0131klar\u0131<\/strong>, \u00f6zellikle \u00e7ikolatal\u0131 dondurma \u00fcreticileri taraf\u0131ndan tercih edilir.<\/p>\n<p>4. <strong>\u0130\u00e7ecek \u00dcretimi<\/strong><\/p>\n<p><strong>Cargill kakao par\u00e7ac\u0131klar\u0131<\/strong>, s\u0131cak \u00e7ikolata, protein i\u00e7ecekleri ve enerji i\u00e7eceklerinde de kullan\u0131l\u0131r. Kakao par\u00e7ac\u0131klar\u0131, i\u00e7eceklere zengin bir lezzet ve besin de\u011feri eklerken, i\u00e7ece\u011fin k\u0131vam\u0131n\u0131 da iyile\u015ftirir.<\/p>\n<p>5. <strong>End\u00fcstriyel G\u0131da \u00dcretimi<\/strong><\/p>\n<p>End\u00fcstriyel g\u0131da \u00fcretiminde de <strong>Cargill kakao par\u00e7ac\u0131klar\u0131<\/strong> s\u0131kl\u0131kla kullan\u0131l\u0131r. \u00c7ikolatal\u0131 i\u00e7ecekler, bebek mamalar\u0131, sporcu besinleri ve tatl\u0131 \u00fcr\u00fcnleri gibi end\u00fcstriyel \u00fcretimlerde bu \u00fcr\u00fcnler, lezzet ve kalitenin garantisidir.<\/p>\n<h2>MT Royal: T\u00fcrkiye\u2019nin G\u00fcvenilir G\u0131da Tedarik\u00e7isi<\/h2>\n<p><strong>MT Royal<\/strong>, <strong>Cargill kakao par\u00e7ac\u0131klar\u0131<\/strong> ve di\u011fer kaliteli g\u0131da \u00fcr\u00fcnlerini T\u00fcrkiye\u2019deki \u00fcreticilere en uygun fiyatlarla sunan \u00f6nde gelen bir tedarik\u00e7idir. MT Royal, sekt\u00f6r\u00fcndeki deneyimi ve m\u00fc\u015fteri odakl\u0131 yakla\u015f\u0131m\u0131yla fark yarat\u0131r. Kaliteli ve s\u00fcrd\u00fcr\u00fclebilir \u00fcr\u00fcnleri ile <strong>Cargill kakao par\u00e7ac\u0131klar\u0131<\/strong> gibi \u00fcr\u00fcnleri g\u00fcvenle temin edebilirsiniz.<\/p>\n<h4>MT Royal\u2019in Avantajlar\u0131<\/h4>\n<ul>\n<li><strong>En Uygun Fiyatlar<\/strong>: MT Royal, <strong>Cargill kakao par\u00e7ac\u0131klar\u0131<\/strong> dahil olmak \u00fczere bir\u00e7ok g\u0131da \u00fcr\u00fcn\u00fcn\u00fc en uygun fiyatlarla sunar.<\/li>\n<li><strong>Kaliteli \u00dcr\u00fcnler<\/strong>: MT Royal, yaln\u0131zca d\u00fcnya \u00e7ap\u0131nda tan\u0131nm\u0131\u015f markalar\u0131n \u00fcr\u00fcnlerini tedarik eder. Y\u00fcksek kaliteyi garantiler.<\/li>\n<li><strong>Esnek Teslimat Se\u00e7enekleri<\/strong>: H\u0131zl\u0131 ve g\u00fcvenli teslimat se\u00e7enekleri ile her zaman yan\u0131n\u0131zdad\u0131r.<\/li>\n<li><strong>M\u00fc\u015fteri Deste\u011fi<\/strong>: MT Royal, her zaman m\u00fc\u015fteri memnuniyetini \u00f6n planda tutarak, t\u00fcm sorular\u0131n\u0131za en h\u0131zl\u0131 \u015fekilde yan\u0131t verir.<\/li>\n<\/ul>\n<h2>Neden Kakao Par\u00e7ac\u0131klar\u0131 Cargill&#8217;i MT Royal\u2019den Almal\u0131s\u0131n\u0131z?<\/h2>\n<p><strong>Cargill kakao par\u00e7ac\u0131klar\u0131<\/strong>, <strong>MT Royal<\/strong> arac\u0131l\u0131\u011f\u0131yla temin edildi\u011finde, kaliteli \u00fcr\u00fcnlere uygun fiyatlarla ula\u015fabilirsiniz. \u0130\u015fte <strong>MT Royal<\/strong>\u2019in \u00f6ne \u00e7\u0131kan avantajlar\u0131:<\/p>\n<p>1. <strong>Rekabet\u00e7i Fiyatlar<\/strong><\/p>\n<p><strong>MT Royal<\/strong>, <strong>Cargill kakao par\u00e7ac\u0131klar\u0131<\/strong> ve di\u011fer g\u0131da \u00fcr\u00fcnlerini en uygun fiyatlarla tedarik eder. Bu, y\u00fcksek kaliteyi eri\u015filebilir fiyatlarla almak isteyenler i\u00e7in m\u00fckemmel bir f\u0131rsatt\u0131r.<\/p>\n<p>2. <strong>\u00dcst\u00fcn Kalite<\/strong><\/p>\n<p><strong>Cargill kakao par\u00e7ac\u0131klar\u0131<\/strong>, \u00e7ikolata \u00fcreticileri ve pastac\u0131lar i\u00e7in ideal bir bile\u015fendir. MT Royal, bu \u00fcr\u00fcn\u00fc en taze ve kaliteli haliyle sunar.<\/p>\n<p>3. <strong>H\u0131zl\u0131 ve G\u00fcvenilir Teslimat<\/strong><\/p>\n<p>Sipari\u015flerinizi h\u0131zl\u0131 bir \u015fekilde alman\u0131z\u0131 sa\u011flayan g\u00fcvenilir teslimat se\u00e7enekleri ile MT Royal, her zaman hizmetinizdedir.<\/p>\n<p>4. <strong>M\u00fc\u015fteri Odakl\u0131 Hizmet<\/strong><\/p>\n<p>MT Royal, her m\u00fc\u015fterisine \u00f6zel \u00e7\u00f6z\u00fcmler sunarak, m\u00fc\u015fteri memnuniyetini en y\u00fcksek seviyede tutar.<\/p>\n<h2>Sonu\u00e7: Kakao Par\u00e7ac\u0131klar\u0131 Cargill ile Lezzetli \u00dcr\u00fcnler \u00dcretin<\/h2>\n<p><strong>Kakao Par\u00e7ac\u0131klar\u0131 Cargill<\/strong>, y\u00fcksek kaliteli, s\u00fcrd\u00fcr\u00fclebilir ve lezzetli \u00fcr\u00fcnler \u00fcretmek isteyenler i\u00e7in m\u00fckemmel bir se\u00e7enektir. \u00c7ikolata yap\u0131m\u0131ndan tatl\u0131 \u00fcretimine kadar pek \u00e7ok alanda kullan\u0131labilen bu \u00fcr\u00fcn, <strong>MT Royal<\/strong> sayesinde T\u00fcrkiye\u2019nin en uygun fiyatlar\u0131yla temin edilebilir. Y\u00fcksek kaliteyi uygun fiyatlarla almak i\u00e7in hemen <strong>MT Royal<\/strong> ile ileti\u015fime ge\u00e7ebilirsiniz.<br \/>\n<strong>MT Royal<\/strong>\u2019in sundu\u011fu <strong>Cargill kakao par\u00e7ac\u0131klar\u0131<\/strong> ve di\u011fer g\u0131da \u00fcr\u00fcnleri hakk\u0131nda daha fazla bilgi almak ve hemen sipari\u015f vermek i\u00e7in bizimle ileti\u015fime ge\u00e7in! Kaliteli \u00fcr\u00fcnleri en uygun fiyatlarla temin etmek i\u00e7in MT Royal\u2019i ke\u015ffedin!<\/p>\n<p><span style=\"color: #0000ff;\"><strong><a style=\"color: #0000ff;\" href=\"https:\/\/www.mtroyal.com.tr\/tr\/%C3%BCr%C3%BCnler\/\"><span class=\"HwtZe\" lang=\"tr\"><span class=\"jCAhz ChMk0b\"><span class=\"ryNqvb\">G\u0131da sanayi hammaddeleri listesi<\/span><\/span><\/span><\/a><\/strong><\/span><\/p>\n<p><strong><a href=\"https:\/\/mtroyal.com.tr\/tr\/product\/latamarko-alkalize-kakao-tozu\/\"><span style=\"color: #0000ff;\">latamarko alkalize kakao tozu<\/span><\/a><\/strong><\/p>\n<div style='text-align:center' class='yasr-auto-insert-visitor'><\/div>","protected":false},"excerpt":{"rendered":"<p><span style=\"border: 0px solid #e5e7eb; --tw-border-spacing-x: 0; --tw-border-spacing-y: 0; --tw-translate-x: 0; ... \n<\/p>\n","protected":false},"featured_media":6718,"comment_status":"open","ping_status":"closed","template":"","meta":{"yasr_overall_rating":0,"yasr_post_is_review":"","yasr_auto_insert_disabled":"","yasr_review_type":""},"product_brand":[],"product_cat":[50],"product_tag":[],"class_list":{"0":"post-5941","1":"product","2":"type-product","3":"status-publish","4":"has-post-thumbnail","6":"product_cat-temel-hammaddeler","8":"first","9":"instock","10":"shipping-taxable","11":"product-type-simple"},"yoast_head":"<!-- This site is optimized with the Yoast SEO Premium plugin v24.5 (Yoast SEO v26.6) - https:\/\/yoast.com\/wordpress\/plugins\/seo\/ -->\n<title>Kakao Par\u00e7ac\u0131klar\u0131 Cargill - MTROYAL<\/title>\n<meta name=\"description\" content=\"MT Royal&#039;de premium Kakao Par\u00e7ac\u0131klar\u0131 Cargill ke\u015ffedin. \u00c7ikolata ve tatl\u0131lar\u0131n\u0131z\u0131n kalitesini art\u0131r\u0131n. Toptan al\u0131m i\u00e7in hemen sipari\u015f verin!\" \/>\n<meta name=\"robots\" content=\"index, follow, max-snippet:-1, max-image-preview:large, max-video-preview:-1\" \/>\n<link rel=\"canonical\" href=\"https:\/\/mtroyal.com.tr\/tr\/product\/kakao-parcaciklari-cargill\/\" \/>\n<meta property=\"og:locale\" content=\"tr_TR\" \/>\n<meta property=\"og:type\" content=\"article\" \/>\n<meta property=\"og:title\" content=\"Kakao Par\u00e7ac\u0131klar\u0131 Cargill\" \/>\n<meta property=\"og:description\" content=\"MT Royal&#039;de premium Kakao Par\u00e7ac\u0131klar\u0131 Cargill ke\u015ffedin. \u00c7ikolata ve tatl\u0131lar\u0131n\u0131z\u0131n kalitesini art\u0131r\u0131n. Toptan al\u0131m i\u00e7in hemen sipari\u015f verin!\" \/>\n<meta property=\"og:url\" content=\"https:\/\/mtroyal.com.tr\/tr\/product\/kakao-parcaciklari-cargill\/\" \/>\n<meta property=\"og:site_name\" content=\"MTROYAL\" \/>\n<meta property=\"article:modified_time\" content=\"2025-01-15T10:12:48+00:00\" \/>\n<meta property=\"og:image\" content=\"https:\/\/mtroyal.com.tr\/tr\/wp-content\/uploads\/2024\/12\/Kakao-Parcaciklari-Cargill.jpg\" \/>\n\t<meta property=\"og:image:width\" content=\"1080\" \/>\n\t<meta property=\"og:image:height\" content=\"1080\" \/>\n\t<meta property=\"og:image:type\" content=\"image\/jpeg\" \/>\n<meta name=\"twitter:card\" content=\"summary_large_image\" \/>\n<script type=\"application\/ld+json\" class=\"yoast-schema-graph\">{\"@context\":\"https:\/\/schema.org\",\"@graph\":[{\"@type\":\"WebPage\",\"@id\":\"https:\/\/mtroyal.com.tr\/tr\/product\/kakao-parcaciklari-cargill\/\",\"url\":\"https:\/\/mtroyal.com.tr\/tr\/product\/kakao-parcaciklari-cargill\/\",\"name\":\"Kakao Par\u00e7ac\u0131klar\u0131 Cargill - MTROYAL\",\"isPartOf\":{\"@id\":\"https:\/\/mtroyal.com.tr\/tr\/#website\"},\"primaryImageOfPage\":{\"@id\":\"https:\/\/mtroyal.com.tr\/tr\/product\/kakao-parcaciklari-cargill\/#primaryimage\"},\"image\":{\"@id\":\"https:\/\/mtroyal.com.tr\/tr\/product\/kakao-parcaciklari-cargill\/#primaryimage\"},\"thumbnailUrl\":\"https:\/\/mtroyal.com.tr\/tr\/wp-content\/uploads\/2024\/12\/Kakao-Parcaciklari-Cargill.jpg\",\"datePublished\":\"2025-01-15T10:12:47+00:00\",\"dateModified\":\"2025-01-15T10:12:48+00:00\",\"description\":\"MT Royal'de premium Kakao Par\u00e7ac\u0131klar\u0131 Cargill ke\u015ffedin. \u00c7ikolata ve tatl\u0131lar\u0131n\u0131z\u0131n kalitesini art\u0131r\u0131n. Toptan al\u0131m i\u00e7in hemen sipari\u015f verin!\",\"breadcrumb\":{\"@id\":\"https:\/\/mtroyal.com.tr\/tr\/product\/kakao-parcaciklari-cargill\/#breadcrumb\"},\"inLanguage\":\"tr\",\"potentialAction\":[{\"@type\":\"ReadAction\",\"target\":[\"https:\/\/mtroyal.com.tr\/tr\/product\/kakao-parcaciklari-cargill\/\"]}]},{\"@type\":\"ImageObject\",\"inLanguage\":\"tr\",\"@id\":\"https:\/\/mtroyal.com.tr\/tr\/product\/kakao-parcaciklari-cargill\/#primaryimage\",\"url\":\"https:\/\/mtroyal.com.tr\/tr\/wp-content\/uploads\/2024\/12\/Kakao-Parcaciklari-Cargill.jpg\",\"contentUrl\":\"https:\/\/mtroyal.com.tr\/tr\/wp-content\/uploads\/2024\/12\/Kakao-Parcaciklari-Cargill.jpg\",\"width\":1080,\"height\":1080,\"caption\":\"Kakao Par\u00e7ac\u0131klar\u0131 Cargill\"},{\"@type\":\"BreadcrumbList\",\"@id\":\"https:\/\/mtroyal.com.tr\/tr\/product\/kakao-parcaciklari-cargill\/#breadcrumb\",\"itemListElement\":[{\"@type\":\"ListItem\",\"position\":1,\"name\":\"Home\",\"item\":\"https:\/\/mtroyal.com.tr\/tr\/\"},{\"@type\":\"ListItem\",\"position\":2,\"name\":\"\u00dcr\u00fcnlerimiz\",\"item\":\"https:\/\/mtroyal.com.tr\/tr\/urunlerimiz\/\"},{\"@type\":\"ListItem\",\"position\":3,\"name\":\"Kakao Par\u00e7ac\u0131klar\u0131 Cargill\"}]},{\"@type\":\"WebSite\",\"@id\":\"https:\/\/mtroyal.com.tr\/tr\/#website\",\"url\":\"https:\/\/mtroyal.com.tr\/tr\/\",\"name\":\"MTROYAL\",\"description\":\"\",\"publisher\":{\"@id\":\"https:\/\/mtroyal.com.tr\/tr\/#organization\"},\"potentialAction\":[{\"@type\":\"SearchAction\",\"target\":{\"@type\":\"EntryPoint\",\"urlTemplate\":\"https:\/\/mtroyal.com.tr\/tr\/?s={search_term_string}\"},\"query-input\":{\"@type\":\"PropertyValueSpecification\",\"valueRequired\":true,\"valueName\":\"search_term_string\"}}],\"inLanguage\":\"tr\"},{\"@type\":\"Organization\",\"@id\":\"https:\/\/mtroyal.com.tr\/tr\/#organization\",\"name\":\"MTROYAL\",\"url\":\"https:\/\/mtroyal.com.tr\/tr\/\",\"logo\":{\"@type\":\"ImageObject\",\"inLanguage\":\"tr\",\"@id\":\"https:\/\/mtroyal.com.tr\/tr\/#\/schema\/logo\/image\/\",\"url\":\"https:\/\/mtroyal.com.tr\/tr\/wp-content\/uploads\/2023\/12\/mt-logo.png\",\"contentUrl\":\"https:\/\/mtroyal.com.tr\/tr\/wp-content\/uploads\/2023\/12\/mt-logo.png\",\"width\":313,\"height\":261,\"caption\":\"MTROYAL\"},\"image\":{\"@id\":\"https:\/\/mtroyal.com.tr\/tr\/#\/schema\/logo\/image\/\"}},false]}<\/script>\n<!-- \/ Yoast SEO Premium plugin. -->","yoast_head_json":{"title":"Kakao Par\u00e7ac\u0131klar\u0131 Cargill - MTROYAL","description":"MT Royal'de premium Kakao Par\u00e7ac\u0131klar\u0131 Cargill ke\u015ffedin. \u00c7ikolata ve tatl\u0131lar\u0131n\u0131z\u0131n kalitesini art\u0131r\u0131n. Toptan al\u0131m i\u00e7in hemen sipari\u015f verin!","robots":{"index":"index","follow":"follow","max-snippet":"max-snippet:-1","max-image-preview":"max-image-preview:large","max-video-preview":"max-video-preview:-1"},"canonical":"https:\/\/mtroyal.com.tr\/tr\/product\/kakao-parcaciklari-cargill\/","og_locale":"tr_TR","og_type":"article","og_title":"Kakao Par\u00e7ac\u0131klar\u0131 Cargill","og_description":"MT Royal'de premium Kakao Par\u00e7ac\u0131klar\u0131 Cargill ke\u015ffedin. \u00c7ikolata ve tatl\u0131lar\u0131n\u0131z\u0131n kalitesini art\u0131r\u0131n. Toptan al\u0131m i\u00e7in hemen sipari\u015f verin!","og_url":"https:\/\/mtroyal.com.tr\/tr\/product\/kakao-parcaciklari-cargill\/","og_site_name":"MTROYAL","article_modified_time":"2025-01-15T10:12:48+00:00","og_image":[{"width":1080,"height":1080,"url":"https:\/\/mtroyal.com.tr\/tr\/wp-content\/uploads\/2024\/12\/Kakao-Parcaciklari-Cargill.jpg","type":"image\/jpeg"}],"twitter_card":"summary_large_image","schema":{"@context":"https:\/\/schema.org","@graph":[{"@type":"WebPage","@id":"https:\/\/mtroyal.com.tr\/tr\/product\/kakao-parcaciklari-cargill\/","url":"https:\/\/mtroyal.com.tr\/tr\/product\/kakao-parcaciklari-cargill\/","name":"Kakao Par\u00e7ac\u0131klar\u0131 Cargill - MTROYAL","isPartOf":{"@id":"https:\/\/mtroyal.com.tr\/tr\/#website"},"primaryImageOfPage":{"@id":"https:\/\/mtroyal.com.tr\/tr\/product\/kakao-parcaciklari-cargill\/#primaryimage"},"image":{"@id":"https:\/\/mtroyal.com.tr\/tr\/product\/kakao-parcaciklari-cargill\/#primaryimage"},"thumbnailUrl":"https:\/\/mtroyal.com.tr\/tr\/wp-content\/uploads\/2024\/12\/Kakao-Parcaciklari-Cargill.jpg","datePublished":"2025-01-15T10:12:47+00:00","dateModified":"2025-01-15T10:12:48+00:00","description":"MT Royal'de premium Kakao Par\u00e7ac\u0131klar\u0131 Cargill ke\u015ffedin. \u00c7ikolata ve tatl\u0131lar\u0131n\u0131z\u0131n kalitesini art\u0131r\u0131n. Toptan al\u0131m i\u00e7in hemen sipari\u015f verin!","breadcrumb":{"@id":"https:\/\/mtroyal.com.tr\/tr\/product\/kakao-parcaciklari-cargill\/#breadcrumb"},"inLanguage":"tr","potentialAction":[{"@type":"ReadAction","target":["https:\/\/mtroyal.com.tr\/tr\/product\/kakao-parcaciklari-cargill\/"]}]},{"@type":"ImageObject","inLanguage":"tr","@id":"https:\/\/mtroyal.com.tr\/tr\/product\/kakao-parcaciklari-cargill\/#primaryimage","url":"https:\/\/mtroyal.com.tr\/tr\/wp-content\/uploads\/2024\/12\/Kakao-Parcaciklari-Cargill.jpg","contentUrl":"https:\/\/mtroyal.com.tr\/tr\/wp-content\/uploads\/2024\/12\/Kakao-Parcaciklari-Cargill.jpg","width":1080,"height":1080,"caption":"Kakao Par\u00e7ac\u0131klar\u0131 Cargill"},{"@type":"BreadcrumbList","@id":"https:\/\/mtroyal.com.tr\/tr\/product\/kakao-parcaciklari-cargill\/#breadcrumb","itemListElement":[{"@type":"ListItem","position":1,"name":"Home","item":"https:\/\/mtroyal.com.tr\/tr\/"},{"@type":"ListItem","position":2,"name":"\u00dcr\u00fcnlerimiz","item":"https:\/\/mtroyal.com.tr\/tr\/urunlerimiz\/"},{"@type":"ListItem","position":3,"name":"Kakao Par\u00e7ac\u0131klar\u0131 Cargill"}]},{"@type":"WebSite","@id":"https:\/\/mtroyal.com.tr\/tr\/#website","url":"https:\/\/mtroyal.com.tr\/tr\/","name":"MTROYAL","description":"","publisher":{"@id":"https:\/\/mtroyal.com.tr\/tr\/#organization"},"potentialAction":[{"@type":"SearchAction","target":{"@type":"EntryPoint","urlTemplate":"https:\/\/mtroyal.com.tr\/tr\/?s={search_term_string}"},"query-input":{"@type":"PropertyValueSpecification","valueRequired":true,"valueName":"search_term_string"}}],"inLanguage":"tr"},{"@type":"Organization","@id":"https:\/\/mtroyal.com.tr\/tr\/#organization","name":"MTROYAL","url":"https:\/\/mtroyal.com.tr\/tr\/","logo":{"@type":"ImageObject","inLanguage":"tr","@id":"https:\/\/mtroyal.com.tr\/tr\/#\/schema\/logo\/image\/","url":"https:\/\/mtroyal.com.tr\/tr\/wp-content\/uploads\/2023\/12\/mt-logo.png","contentUrl":"https:\/\/mtroyal.com.tr\/tr\/wp-content\/uploads\/2023\/12\/mt-logo.png","width":313,"height":261,"caption":"MTROYAL"},"image":{"@id":"https:\/\/mtroyal.com.tr\/tr\/#\/schema\/logo\/image\/"}},false]}},"yasr_visitor_votes":{"stars_attributes":{"read_only":false,"span_bottom":false},"number_of_votes":0,"sum_votes":0},"_links":{"self":[{"href":"https:\/\/mtroyal.com.tr\/tr\/wp-json\/wp\/v2\/product\/5941","targetHints":{"allow":["GET"]}}],"collection":[{"href":"https:\/\/mtroyal.com.tr\/tr\/wp-json\/wp\/v2\/product"}],"about":[{"href":"https:\/\/mtroyal.com.tr\/tr\/wp-json\/wp\/v2\/types\/product"}],"replies":[{"embeddable":true,"href":"https:\/\/mtroyal.com.tr\/tr\/wp-json\/wp\/v2\/comments?post=5941"}],"wp:featuredmedia":[{"embeddable":true,"href":"https:\/\/mtroyal.com.tr\/tr\/wp-json\/wp\/v2\/media\/6718"}],"wp:attachment":[{"href":"https:\/\/mtroyal.com.tr\/tr\/wp-json\/wp\/v2\/media?parent=5941"}],"wp:term":[{"taxonomy":"product_brand","embeddable":true,"href":"https:\/\/mtroyal.com.tr\/tr\/wp-json\/wp\/v2\/product_brand?post=5941"},{"taxonomy":"product_cat","embeddable":true,"href":"https:\/\/mtroyal.com.tr\/tr\/wp-json\/wp\/v2\/product_cat?post=5941"},{"taxonomy":"product_tag","embeddable":true,"href":"https:\/\/mtroyal.com.tr\/tr\/wp-json\/wp\/v2\/product_tag?post=5941"}],"curies":[{"name":"wp","href":"https:\/\/api.w.org\/{rel}","templated":true}]}}