{"id":8860,"date":"2025-05-02T13:02:45","date_gmt":"2025-05-02T10:02:45","guid":{"rendered":"https:\/\/mtroyal.com.tr\/tr\/?post_type=product&#038;p=8860"},"modified":"2025-05-02T13:02:45","modified_gmt":"2025-05-02T10:02:45","slug":"cift-titresimli-elek-dual-vibrating-screen","status":"publish","type":"product","link":"https:\/\/mtroyal.com.tr\/tr\/product\/cift-titresimli-elek-dual-vibrating-screen\/","title":{"rendered":"\u00c7ift Titre\u015fimli Elek (Dual Vibrating Screen)"},"content":{"rendered":"<p><span style=\"font-size: 16px\">\u00c7ift Titre\u015fimli Elek (Dual Vibrating Screen), g\u0131da end\u00fcstrisinde ve di\u011fer sekt\u00f6rlerde \u00fcr\u00fcnlerin ayr\u0131\u015ft\u0131r\u0131lmas\u0131 ve kalite kontrol\u00fcn\u00fcn sa\u011flanmas\u0131 i\u00e7in hayati bir \u00f6neme sahiptir. Bu cihazlar, \u00f6zellikle hammaddelerin d\u00fczg\u00fcn bir \u015fekilde s\u0131n\u0131fland\u0131r\u0131lmas\u0131 ve safla\u015ft\u0131r\u0131lmas\u0131 gereken uygulamalarda kullan\u0131l\u0131r. MT Royal olarak, T\u00fcrkiye&#8217;deki en kaliteli <\/span><strong style=\"font-size: 16px\">\u00c7ift Titre\u015fimli Elek<\/strong><span style=\"font-size: 16px\"> modellerini uygun fiyatlarla sunuyoruz. Bu blog yaz\u0131s\u0131nda, \u00c7ift Titre\u015fimli Eleklerin avantajlar\u0131n\u0131, nas\u0131l \u00e7al\u0131\u015ft\u0131\u011f\u0131n\u0131, kullan\u0131ld\u0131\u011f\u0131 alanlar\u0131 ve MT Royal olarak sa\u011flad\u0131\u011f\u0131m\u0131z benzersiz faydalar\u0131 detayl\u0131 bir \u015fekilde ele alaca\u011f\u0131z.<\/span><\/p>\n<h2>\u00c7ift Titre\u015fimli Elek Nedir?<\/h2>\n<p>\u00c7ift Titre\u015fimli Elek, iki ayr\u0131 titre\u015fimli ekran\u0131n bir arada \u00e7al\u0131\u015ft\u0131\u011f\u0131 ve hammaddelerin farkl\u0131 boyutlarda ayr\u0131\u015ft\u0131r\u0131lmas\u0131na olanak tan\u0131yan bir makinad\u0131r. Bu makineler, \u00f6zellikle g\u0131da sekt\u00f6r\u00fcnde, unlu mamuller, baharatlar, kuru meyveler ve di\u011fer \u00fcr\u00fcnlerin temizlenmesi ve kalite kontrol\u00fcn\u00fcn yap\u0131lmas\u0131 i\u00e7in idealdir. <strong>\u00c7ift Titre\u015fimli Elek<\/strong>, g\u00fc\u00e7l\u00fc titre\u015fim hareketleri ile malzemeyi e\u015fit bir \u015fekilde elekten ge\u00e7irir ve daha h\u0131zl\u0131 i\u015flem yapar.<\/p>\n<h3>\u00c7ift Titre\u015fimli Ele\u011fin \u00c7al\u0131\u015fma Prensibi<\/h3>\n<p>\u00c7ift Titre\u015fimli Eleklerin \u00e7al\u0131\u015fma prensibi, malzemeyi h\u0131zla titre\u015ftirerek, belirli boyutlardaki par\u00e7alar\u0131n eleklerden ge\u00e7mesini sa\u011flamak \u00fczerine kuruludur. Bu makineler, ayn\u0131 anda iki farkl\u0131 titre\u015fim hareketi yaparak daha verimli bir ayr\u0131\u015ft\u0131rma ger\u00e7ekle\u015ftirir. \u00c7ift ekran sistemi, daha fazla \u00fcretkenlik ve d\u00fc\u015f\u00fck enerji t\u00fcketimi sa\u011flar.<\/p>\n<h2>\u00c7ift Titre\u015fimli Ele\u011fin Avantajlar\u0131<\/h2>\n<p><strong>\u00c7ift Titre\u015fimli Eleklerin sa\u011flad\u0131\u011f\u0131 ba\u015fl\u0131ca avantajlar<\/strong> aras\u0131nda \u015funlar yer almaktad\u0131r:<\/p>\n<ul>\n<li><strong>H\u0131zl\u0131 ve Verimli Ayr\u0131\u015ft\u0131rma<\/strong>: \u0130ki ayr\u0131 titre\u015fimli ekran, daha y\u00fcksek h\u0131zda i\u015flem yapar, bu da \u00fcretim verimlili\u011fini art\u0131r\u0131r.<\/li>\n<li><strong>Daha Az Enerji T\u00fcketimi<\/strong>: \u00c7ift ekran teknolojisi sayesinde ayn\u0131 i\u015flemi daha az enerji ile ger\u00e7ekle\u015ftirebilirsiniz.<\/li>\n<li><strong>Dayan\u0131kl\u0131l\u0131k ve Uzun \u00d6m\u00fcr<\/strong>: Y\u00fcksek kaliteli malzemelerle \u00fcretilmi\u015f olan <strong>\u00c7ift Titre\u015fimli Elekler<\/strong>, uzun s\u00fcreli kullan\u0131m sa\u011flar ve bak\u0131m gereksinimlerini minimumda tutar.<\/li>\n<li><strong>\u00c7ok Y\u00f6nl\u00fcl\u00fck<\/strong>: G\u0131da sekt\u00f6r\u00fcnden in\u015faata, kimya end\u00fcstrisinden tar\u0131ma kadar farkl\u0131 alanlarda kullan\u0131labilir.<\/li>\n<li><strong>Kolay Kurulum ve Kullan\u0131m<\/strong>: Kullan\u0131c\u0131 dostu tasar\u0131m\u0131, makinelerin kurulumu ve \u00e7al\u0131\u015ft\u0131r\u0131lmas\u0131 i\u015flemlerini kolayla\u015ft\u0131r\u0131r.<\/li>\n<\/ul>\n<h2>\u00c7ift Titre\u015fimli Elek Nerelerde Kullan\u0131l\u0131r?<\/h2>\n<p><strong>\u00c7ift Titre\u015fimli Elek<\/strong>, \u00f6zellikle a\u015fa\u011f\u0131daki alanlarda yayg\u0131n olarak kullan\u0131l\u0131r:<\/p>\n<h3>G\u0131da Sekt\u00f6r\u00fc<\/h3>\n<ul>\n<li><strong>Tah\u0131l \u00dcr\u00fcnleri<\/strong>: Un, irmik, m\u0131s\u0131r ve di\u011fer tah\u0131l \u00fcr\u00fcnlerinin temizlenmesi ve elenmesi.<\/li>\n<li><strong>Baharatlar<\/strong>: Baharat kar\u0131\u015f\u0131mlar\u0131n\u0131n s\u0131n\u0131fland\u0131r\u0131lmas\u0131 ve safs\u0131zl\u0131klardan ar\u0131nd\u0131r\u0131lmas\u0131.<\/li>\n<li><strong>Kuru Meyveler ve Kuruyemi\u015fler<\/strong>: Kuru meyve ve kuruyemi\u015flerin boyutlar\u0131na g\u00f6re ayr\u0131\u015ft\u0131r\u0131lmas\u0131.<\/li>\n<\/ul>\n<h3>Kimya ve \u0130la\u00e7 Sekt\u00f6r\u00fc<\/h3>\n<ul>\n<li><strong>Kimyasal Maddeler<\/strong>: Kimyasal maddelerin belirli boyutlarda ayr\u0131\u015ft\u0131r\u0131lmas\u0131 ve kalite kontrol\u00fc.<\/li>\n<li><strong>\u0130la\u00e7 \u00dcretimi<\/strong>: \u0130la\u00e7 bile\u015fenlerinin istenilen standartlarda eleme i\u015flemi.<\/li>\n<\/ul>\n<h3>\u0130n\u015faat ve Madencilik<\/h3>\n<ul>\n<li><strong>Toprak ve Kum Eleme<\/strong>: \u0130n\u015faat sekt\u00f6r\u00fcnde, kum, ta\u015f ve toprak gibi malzemelerin ayr\u0131\u015ft\u0131r\u0131lmas\u0131 i\u015flemlerinde kullan\u0131l\u0131r.<\/li>\n<\/ul>\n<h2>MT Royal: T\u00fcrkiye\u2019nin En \u0130yi \u00c7ift Titre\u015fimli Elek Tedarik\u00e7isi<\/h2>\n<p>MT Royal, <strong>\u00c7ift Titre\u015fimli Elek<\/strong> konusunda sekt\u00f6rdeki en g\u00fcvenilir ve lider tedarik\u00e7ilerden biridir. M\u00fc\u015fterilerine, <strong>y\u00fcksek kaliteli makineleri en uygun fiyatlarla<\/strong> sunarak, end\u00fcstriyel verimliliklerini art\u0131rmalar\u0131na yard\u0131mc\u0131 olmaktad\u0131r. MT Royal, her zaman m\u00fc\u015fteri memnuniyetini \u00f6n planda tutarak, kaliteli \u00fcr\u00fcnlerle sekt\u00f6re de\u011fer katmaktad\u0131r.<\/p>\n<h3>MT Royal\u2019in Fark\u0131<\/h3>\n<p>MT Royal olarak, her zaman en son teknolojiyi takip eder ve sekt\u00f6r\u00fcn ihtiya\u00e7lar\u0131na g\u00f6re \u00fcr\u00fcnlerimizi s\u00fcrekli geli\u015ftiririz. <strong>\u00c7ift Titre\u015fimli Elekler<\/strong> konusunda sa\u011flad\u0131\u011f\u0131m\u0131z benzersiz faydalar \u015funlard\u0131r:<\/p>\n<ul>\n<li><strong>Geni\u015f \u00dcr\u00fcn Yelpazesi<\/strong>: Farkl\u0131 sekt\u00f6rlere uygun bir\u00e7ok farkl\u0131 model se\u00e7ene\u011fi.<\/li>\n<li><strong>Uzman Kadro<\/strong>: Alan\u0131nda uzman m\u00fchendisler ve teknik destek ekibi.<\/li>\n<li><strong>Uygun Fiyat Garantisi<\/strong>: <strong>\u00c7ift Titre\u015fimli Elekler<\/strong> ve di\u011fer end\u00fcstriyel makinelerde sekt\u00f6r\u00fcn en uygun fiyatlar\u0131.<\/li>\n<li><strong>H\u0131zl\u0131 Teslimat<\/strong>: \u00dcr\u00fcnlerimizi zaman\u0131nda ve eksiksiz teslim etme garantisi.<\/li>\n<\/ul>\n<h3>\u00c7ift Titre\u015fimli Eleklerin Anahtar \u00d6zellikleri<\/h3>\n<table>\n<thead>\n<tr>\n<th>\u00d6zellik<\/th>\n<th>A\u00e7\u0131klama<\/th>\n<\/tr>\n<\/thead>\n<tbody>\n<tr>\n<td><strong>Ekran Say\u0131s\u0131<\/strong><\/td>\n<td>\u00c7ift titre\u015fimli ekran, iki ayr\u0131 ayr\u0131\u015ft\u0131rma i\u015flemi yapar.<\/td>\n<\/tr>\n<tr>\n<td><strong>Enerji Verimlili\u011fi<\/strong><\/td>\n<td>D\u00fc\u015f\u00fck enerji t\u00fcketimi ile y\u00fcksek verimlilik sa\u011flar.<\/td>\n<\/tr>\n<tr>\n<td><strong>Dayan\u0131kl\u0131l\u0131k<\/strong><\/td>\n<td>Uzun \u00f6m\u00fcrl\u00fc kullan\u0131m i\u00e7in dayan\u0131kl\u0131 yap\u0131lar.<\/td>\n<\/tr>\n<tr>\n<td><strong>\u00c7al\u0131\u015fma H\u0131z\u0131<\/strong><\/td>\n<td>H\u0131zl\u0131 ayr\u0131\u015ft\u0131rma ile i\u015flem s\u00fcresini azalt\u0131r.<\/td>\n<\/tr>\n<tr>\n<td><strong>Boyut Se\u00e7enekleri<\/strong><\/td>\n<td>Farkl\u0131 kapasitelerde se\u00e7enekler mevcut.<\/td>\n<\/tr>\n<\/tbody>\n<\/table>\n<h2>Sonu\u00e7: MT Royal ile \u00c7ift Titre\u015fimli Eleklerde Kalite ve Fiyat\u0131n M\u00fckemmel Uyumu<\/h2>\n<p><strong>\u00c7ift Titre\u015fimli Elek (Dual Vibrating Screen)<\/strong>, \u00fcr\u00fcnlerin do\u011fru bir \u015fekilde ayr\u0131\u015ft\u0131r\u0131lmas\u0131 ve kaliteli bir \u00fcretim s\u00fcrecinin sa\u011flanmas\u0131 i\u00e7in vazge\u00e7ilmez bir cihazd\u0131r. <strong>MT Royal<\/strong>, T\u00fcrkiye&#8217;nin en kaliteli ve uygun fiyatl\u0131 <strong>\u00c7ift Titre\u015fimli Elek<\/strong> modellerini sunarak, i\u015fletmelerin verimlili\u011fini art\u0131rmalar\u0131na yard\u0131mc\u0131 olmaktad\u0131r. Siz de <strong>\u00c7ift Titre\u015fimli Elek<\/strong> almak ve i\u015f s\u00fcre\u00e7lerinizi h\u0131zland\u0131rmak i\u00e7in hemen MT Royal ile ileti\u015fime ge\u00e7ebilirsiniz!<br \/>\n<strong>\u00c7ift Titre\u015fimli Elek (Dual Vibrating Screen)<\/strong> MT Royal&#8217;de en uygun fiyatlarla sat\u0131\u015fta! End\u00fcstriyel verimlili\u011finizi art\u0131rmak i\u00e7in \u015fimdi ileti\u015fime ge\u00e7in.<\/p>\n<div style='text-align:center' class='yasr-auto-insert-visitor'><\/div>","protected":false},"excerpt":{"rendered":"<p>MT Royal, T\u00fcrkiye&#8217;nin en g\u00fcvenilir ve en iyi toptan sanayi makineleri &#8230; <\/p>\n","protected":false},"featured_media":8861,"comment_status":"open","ping_status":"closed","template":"","meta":{"yasr_overall_rating":0,"yasr_post_is_review":"","yasr_auto_insert_disabled":"","yasr_review_type":""},"product_brand":[],"product_cat":[129],"product_tag":[],"class_list":{"0":"post-8860","1":"product","2":"type-product","3":"status-publish","4":"has-post-thumbnail","6":"product_cat-kirma-eleme-ve-yikama-tesisleri","8":"first","9":"instock","10":"shipping-taxable","11":"product-type-simple"},"yoast_head":"<!-- This site is optimized with the Yoast SEO Premium plugin v24.5 (Yoast SEO v26.6) - https:\/\/yoast.com\/wordpress\/plugins\/seo\/ -->\n<title>\u00c7ift Titre\u015fimli Elek (Dual Vibrating Screen) - MTROYAL<\/title>\n<meta name=\"description\" content=\"MT Royal, T\u00fcrkiye&#039;nin en iyi toptan sanayi makineleri tedarik\u00e7isi! \u00c7ift Titre\u015fimli Elek ile verimlili\u011finizi art\u0131r\u0131n. Hemen bizimle ileti\u015fime ge\u00e7in!\" \/>\n<meta name=\"robots\" content=\"index, follow, max-snippet:-1, max-image-preview:large, max-video-preview:-1\" \/>\n<link rel=\"canonical\" href=\"https:\/\/mtroyal.com.tr\/tr\/product\/cift-titresimli-elek-dual-vibrating-screen\/\" \/>\n<meta property=\"og:locale\" content=\"tr_TR\" \/>\n<meta property=\"og:type\" content=\"article\" \/>\n<meta property=\"og:title\" content=\"\u00c7ift Titre\u015fimli Elek (Dual Vibrating Screen)\" \/>\n<meta property=\"og:description\" content=\"MT Royal, T\u00fcrkiye&#039;nin en iyi toptan sanayi makineleri tedarik\u00e7isi! \u00c7ift Titre\u015fimli Elek ile verimlili\u011finizi art\u0131r\u0131n. Hemen bizimle ileti\u015fime ge\u00e7in!\" \/>\n<meta property=\"og:url\" content=\"https:\/\/mtroyal.com.tr\/tr\/product\/cift-titresimli-elek-dual-vibrating-screen\/\" \/>\n<meta property=\"og:site_name\" content=\"MTROYAL\" \/>\n<meta property=\"og:image\" content=\"https:\/\/mtroyal.com.tr\/tr\/wp-content\/uploads\/2025\/02\/Cift-Titresimli-Elek-Dual-Vibrating-Screen.webp\" \/>\n\t<meta property=\"og:image:width\" content=\"730\" \/>\n\t<meta property=\"og:image:height\" content=\"464\" \/>\n\t<meta property=\"og:image:type\" content=\"image\/webp\" \/>\n<meta name=\"twitter:card\" content=\"summary_large_image\" \/>\n<script type=\"application\/ld+json\" class=\"yoast-schema-graph\">{\"@context\":\"https:\/\/schema.org\",\"@graph\":[{\"@type\":\"WebPage\",\"@id\":\"https:\/\/mtroyal.com.tr\/tr\/product\/cift-titresimli-elek-dual-vibrating-screen\/\",\"url\":\"https:\/\/mtroyal.com.tr\/tr\/product\/cift-titresimli-elek-dual-vibrating-screen\/\",\"name\":\"\u00c7ift Titre\u015fimli Elek (Dual Vibrating Screen) - MTROYAL\",\"isPartOf\":{\"@id\":\"https:\/\/mtroyal.com.tr\/tr\/#website\"},\"primaryImageOfPage\":{\"@id\":\"https:\/\/mtroyal.com.tr\/tr\/product\/cift-titresimli-elek-dual-vibrating-screen\/#primaryimage\"},\"image\":{\"@id\":\"https:\/\/mtroyal.com.tr\/tr\/product\/cift-titresimli-elek-dual-vibrating-screen\/#primaryimage\"},\"thumbnailUrl\":\"https:\/\/mtroyal.com.tr\/tr\/wp-content\/uploads\/2025\/02\/Cift-Titresimli-Elek-Dual-Vibrating-Screen.webp\",\"datePublished\":\"2025-05-02T10:02:45+00:00\",\"description\":\"MT Royal, T\u00fcrkiye'nin en iyi toptan sanayi makineleri tedarik\u00e7isi! \u00c7ift Titre\u015fimli Elek ile verimlili\u011finizi art\u0131r\u0131n. Hemen bizimle ileti\u015fime ge\u00e7in!\",\"breadcrumb\":{\"@id\":\"https:\/\/mtroyal.com.tr\/tr\/product\/cift-titresimli-elek-dual-vibrating-screen\/#breadcrumb\"},\"inLanguage\":\"tr\",\"potentialAction\":[{\"@type\":\"ReadAction\",\"target\":[\"https:\/\/mtroyal.com.tr\/tr\/product\/cift-titresimli-elek-dual-vibrating-screen\/\"]}]},{\"@type\":\"ImageObject\",\"inLanguage\":\"tr\",\"@id\":\"https:\/\/mtroyal.com.tr\/tr\/product\/cift-titresimli-elek-dual-vibrating-screen\/#primaryimage\",\"url\":\"https:\/\/mtroyal.com.tr\/tr\/wp-content\/uploads\/2025\/02\/Cift-Titresimli-Elek-Dual-Vibrating-Screen.webp\",\"contentUrl\":\"https:\/\/mtroyal.com.tr\/tr\/wp-content\/uploads\/2025\/02\/Cift-Titresimli-Elek-Dual-Vibrating-Screen.webp\",\"width\":730,\"height\":464,\"caption\":\"\u00c7ift Titre\u015fimli Elek (Dual Vibrating Screen)\"},{\"@type\":\"BreadcrumbList\",\"@id\":\"https:\/\/mtroyal.com.tr\/tr\/product\/cift-titresimli-elek-dual-vibrating-screen\/#breadcrumb\",\"itemListElement\":[{\"@type\":\"ListItem\",\"position\":1,\"name\":\"Home\",\"item\":\"https:\/\/mtroyal.com.tr\/tr\/\"},{\"@type\":\"ListItem\",\"position\":2,\"name\":\"\u00dcr\u00fcnlerimiz\",\"item\":\"https:\/\/mtroyal.com.tr\/tr\/urunlerimiz\/\"},{\"@type\":\"ListItem\",\"position\":3,\"name\":\"\u00c7ift Titre\u015fimli Elek (Dual Vibrating Screen)\"}]},{\"@type\":\"WebSite\",\"@id\":\"https:\/\/mtroyal.com.tr\/tr\/#website\",\"url\":\"https:\/\/mtroyal.com.tr\/tr\/\",\"name\":\"MTROYAL\",\"description\":\"\",\"publisher\":{\"@id\":\"https:\/\/mtroyal.com.tr\/tr\/#organization\"},\"potentialAction\":[{\"@type\":\"SearchAction\",\"target\":{\"@type\":\"EntryPoint\",\"urlTemplate\":\"https:\/\/mtroyal.com.tr\/tr\/?s={search_term_string}\"},\"query-input\":{\"@type\":\"PropertyValueSpecification\",\"valueRequired\":true,\"valueName\":\"search_term_string\"}}],\"inLanguage\":\"tr\"},{\"@type\":\"Organization\",\"@id\":\"https:\/\/mtroyal.com.tr\/tr\/#organization\",\"name\":\"MTROYAL\",\"url\":\"https:\/\/mtroyal.com.tr\/tr\/\",\"logo\":{\"@type\":\"ImageObject\",\"inLanguage\":\"tr\",\"@id\":\"https:\/\/mtroyal.com.tr\/tr\/#\/schema\/logo\/image\/\",\"url\":\"https:\/\/mtroyal.com.tr\/tr\/wp-content\/uploads\/2023\/12\/mt-logo.png\",\"contentUrl\":\"https:\/\/mtroyal.com.tr\/tr\/wp-content\/uploads\/2023\/12\/mt-logo.png\",\"width\":313,\"height\":261,\"caption\":\"MTROYAL\"},\"image\":{\"@id\":\"https:\/\/mtroyal.com.tr\/tr\/#\/schema\/logo\/image\/\"}},false]}<\/script>\n<!-- \/ Yoast SEO Premium plugin. -->","yoast_head_json":{"title":"\u00c7ift Titre\u015fimli Elek (Dual Vibrating Screen) - MTROYAL","description":"MT Royal, T\u00fcrkiye'nin en iyi toptan sanayi makineleri tedarik\u00e7isi! \u00c7ift Titre\u015fimli Elek ile verimlili\u011finizi art\u0131r\u0131n. Hemen bizimle ileti\u015fime ge\u00e7in!","robots":{"index":"index","follow":"follow","max-snippet":"max-snippet:-1","max-image-preview":"max-image-preview:large","max-video-preview":"max-video-preview:-1"},"canonical":"https:\/\/mtroyal.com.tr\/tr\/product\/cift-titresimli-elek-dual-vibrating-screen\/","og_locale":"tr_TR","og_type":"article","og_title":"\u00c7ift Titre\u015fimli Elek (Dual Vibrating Screen)","og_description":"MT Royal, T\u00fcrkiye'nin en iyi toptan sanayi makineleri tedarik\u00e7isi! \u00c7ift Titre\u015fimli Elek ile verimlili\u011finizi art\u0131r\u0131n. Hemen bizimle ileti\u015fime ge\u00e7in!","og_url":"https:\/\/mtroyal.com.tr\/tr\/product\/cift-titresimli-elek-dual-vibrating-screen\/","og_site_name":"MTROYAL","og_image":[{"width":730,"height":464,"url":"https:\/\/mtroyal.com.tr\/tr\/wp-content\/uploads\/2025\/02\/Cift-Titresimli-Elek-Dual-Vibrating-Screen.webp","type":"image\/webp"}],"twitter_card":"summary_large_image","schema":{"@context":"https:\/\/schema.org","@graph":[{"@type":"WebPage","@id":"https:\/\/mtroyal.com.tr\/tr\/product\/cift-titresimli-elek-dual-vibrating-screen\/","url":"https:\/\/mtroyal.com.tr\/tr\/product\/cift-titresimli-elek-dual-vibrating-screen\/","name":"\u00c7ift Titre\u015fimli Elek (Dual Vibrating Screen) - MTROYAL","isPartOf":{"@id":"https:\/\/mtroyal.com.tr\/tr\/#website"},"primaryImageOfPage":{"@id":"https:\/\/mtroyal.com.tr\/tr\/product\/cift-titresimli-elek-dual-vibrating-screen\/#primaryimage"},"image":{"@id":"https:\/\/mtroyal.com.tr\/tr\/product\/cift-titresimli-elek-dual-vibrating-screen\/#primaryimage"},"thumbnailUrl":"https:\/\/mtroyal.com.tr\/tr\/wp-content\/uploads\/2025\/02\/Cift-Titresimli-Elek-Dual-Vibrating-Screen.webp","datePublished":"2025-05-02T10:02:45+00:00","description":"MT Royal, T\u00fcrkiye'nin en iyi toptan sanayi makineleri tedarik\u00e7isi! \u00c7ift Titre\u015fimli Elek ile verimlili\u011finizi art\u0131r\u0131n. Hemen bizimle ileti\u015fime ge\u00e7in!","breadcrumb":{"@id":"https:\/\/mtroyal.com.tr\/tr\/product\/cift-titresimli-elek-dual-vibrating-screen\/#breadcrumb"},"inLanguage":"tr","potentialAction":[{"@type":"ReadAction","target":["https:\/\/mtroyal.com.tr\/tr\/product\/cift-titresimli-elek-dual-vibrating-screen\/"]}]},{"@type":"ImageObject","inLanguage":"tr","@id":"https:\/\/mtroyal.com.tr\/tr\/product\/cift-titresimli-elek-dual-vibrating-screen\/#primaryimage","url":"https:\/\/mtroyal.com.tr\/tr\/wp-content\/uploads\/2025\/02\/Cift-Titresimli-Elek-Dual-Vibrating-Screen.webp","contentUrl":"https:\/\/mtroyal.com.tr\/tr\/wp-content\/uploads\/2025\/02\/Cift-Titresimli-Elek-Dual-Vibrating-Screen.webp","width":730,"height":464,"caption":"\u00c7ift Titre\u015fimli Elek (Dual Vibrating Screen)"},{"@type":"BreadcrumbList","@id":"https:\/\/mtroyal.com.tr\/tr\/product\/cift-titresimli-elek-dual-vibrating-screen\/#breadcrumb","itemListElement":[{"@type":"ListItem","position":1,"name":"Home","item":"https:\/\/mtroyal.com.tr\/tr\/"},{"@type":"ListItem","position":2,"name":"\u00dcr\u00fcnlerimiz","item":"https:\/\/mtroyal.com.tr\/tr\/urunlerimiz\/"},{"@type":"ListItem","position":3,"name":"\u00c7ift Titre\u015fimli Elek (Dual Vibrating Screen)"}]},{"@type":"WebSite","@id":"https:\/\/mtroyal.com.tr\/tr\/#website","url":"https:\/\/mtroyal.com.tr\/tr\/","name":"MTROYAL","description":"","publisher":{"@id":"https:\/\/mtroyal.com.tr\/tr\/#organization"},"potentialAction":[{"@type":"SearchAction","target":{"@type":"EntryPoint","urlTemplate":"https:\/\/mtroyal.com.tr\/tr\/?s={search_term_string}"},"query-input":{"@type":"PropertyValueSpecification","valueRequired":true,"valueName":"search_term_string"}}],"inLanguage":"tr"},{"@type":"Organization","@id":"https:\/\/mtroyal.com.tr\/tr\/#organization","name":"MTROYAL","url":"https:\/\/mtroyal.com.tr\/tr\/","logo":{"@type":"ImageObject","inLanguage":"tr","@id":"https:\/\/mtroyal.com.tr\/tr\/#\/schema\/logo\/image\/","url":"https:\/\/mtroyal.com.tr\/tr\/wp-content\/uploads\/2023\/12\/mt-logo.png","contentUrl":"https:\/\/mtroyal.com.tr\/tr\/wp-content\/uploads\/2023\/12\/mt-logo.png","width":313,"height":261,"caption":"MTROYAL"},"image":{"@id":"https:\/\/mtroyal.com.tr\/tr\/#\/schema\/logo\/image\/"}},false]}},"yasr_visitor_votes":{"stars_attributes":{"read_only":false,"span_bottom":false},"number_of_votes":0,"sum_votes":0},"_links":{"self":[{"href":"https:\/\/mtroyal.com.tr\/tr\/wp-json\/wp\/v2\/product\/8860","targetHints":{"allow":["GET"]}}],"collection":[{"href":"https:\/\/mtroyal.com.tr\/tr\/wp-json\/wp\/v2\/product"}],"about":[{"href":"https:\/\/mtroyal.com.tr\/tr\/wp-json\/wp\/v2\/types\/product"}],"replies":[{"embeddable":true,"href":"https:\/\/mtroyal.com.tr\/tr\/wp-json\/wp\/v2\/comments?post=8860"}],"wp:featuredmedia":[{"embeddable":true,"href":"https:\/\/mtroyal.com.tr\/tr\/wp-json\/wp\/v2\/media\/8861"}],"wp:attachment":[{"href":"https:\/\/mtroyal.com.tr\/tr\/wp-json\/wp\/v2\/media?parent=8860"}],"wp:term":[{"taxonomy":"product_brand","embeddable":true,"href":"https:\/\/mtroyal.com.tr\/tr\/wp-json\/wp\/v2\/product_brand?post=8860"},{"taxonomy":"product_cat","embeddable":true,"href":"https:\/\/mtroyal.com.tr\/tr\/wp-json\/wp\/v2\/product_cat?post=8860"},{"taxonomy":"product_tag","embeddable":true,"href":"https:\/\/mtroyal.com.tr\/tr\/wp-json\/wp\/v2\/product_tag?post=8860"}],"curies":[{"name":"wp","href":"https:\/\/api.w.org\/{rel}","templated":true}]}}