{"id":8911,"date":"2025-05-02T13:05:48","date_gmt":"2025-05-02T10:05:48","guid":{"rendered":"https:\/\/mtroyal.com.tr\/tr\/?post_type=product&#038;p=8911"},"modified":"2025-05-02T13:05:52","modified_gmt":"2025-05-02T10:05:52","slug":"kati-sivi-ayirma-makinesi-solid-liquid-separator","status":"publish","type":"product","link":"https:\/\/mtroyal.com.tr\/tr\/product\/kati-sivi-ayirma-makinesi-solid-liquid-separator\/","title":{"rendered":"Kat\u0131-S\u0131v\u0131 Ay\u0131rma Makinesi (Solid-Liquid Separator)"},"content":{"rendered":"<p><span style=\"font-size: 16px\">G\u00fcn\u00fcm\u00fczde end\u00fcstriyel \u00fcretimde verimlilik, i\u015fletmelerin en b\u00fcy\u00fck hedeflerinden biridir. \u0130\u015fte tam bu noktada <\/span><strong style=\"font-size: 16px\">Kat\u0131-S\u0131v\u0131 Ay\u0131rma Makinesi (Solid-Liquid Separator)<\/strong><span style=\"font-size: 16px\"> devreye giriyor. End\u00fcstriyel alanlarda s\u0131v\u0131 ve kat\u0131 maddelerin etkin bir \u015fekilde ayr\u0131lmas\u0131, pek \u00e7ok \u00fcretim s\u00fcrecinde kritik bir rol oynamaktad\u0131r. MT Royal, <\/span><strong style=\"font-size: 16px\">T\u00fcrkiye\u2019nin \u00f6nde gelen end\u00fcstriyel makineler tedarik\u00e7isi<\/strong><span style=\"font-size: 16px\"> olarak, <\/span><strong style=\"font-size: 16px\">kat\u0131-s\u0131v\u0131 ay\u0131rma makineleri<\/strong><span style=\"font-size: 16px\"> ile verimlili\u011fi art\u0131rmak ve maliyetleri d\u00fc\u015f\u00fcrmek isteyen i\u015fletmelere kaliteli \u00e7\u00f6z\u00fcmler sunmaktad\u0131r.<\/span><\/p>\n<p>Bu blog yaz\u0131s\u0131nda, <strong>Kat\u0131-S\u0131v\u0131 Ay\u0131rma Makinesi<\/strong> hakk\u0131nda bilmeniz gereken her \u015feyi ve MT Royal\u2019in sundu\u011fu avantajlar\u0131 ke\u015ffedeceksiniz.<\/p>\n<h2>Kat\u0131-S\u0131v\u0131 Ay\u0131rma Makinesi Nedir?<\/h2>\n<p><strong>Kat\u0131-S\u0131v\u0131 Ay\u0131rma Makinesi<\/strong>, end\u00fcstriyel s\u00fcre\u00e7lerde s\u0131v\u0131 ve kat\u0131 maddelerin ayr\u0131lmas\u0131nda kullan\u0131lan bir makinad\u0131r. Bu makineler, s\u0131v\u0131 ve kat\u0131 maddelerin ayr\u0131lmas\u0131n\u0131 sa\u011flar ve genellikle at\u0131k su ar\u0131tma tesisleri, g\u0131da i\u015fleme sanayi, kimya sanayi gibi alanlarda kullan\u0131l\u0131r.<\/p>\n<p><strong>Kat\u0131-S\u0131v\u0131 Ay\u0131rma Makinesi<\/strong>, fiziksel ya da kimyasal y\u00f6ntemlerle s\u0131v\u0131lar\u0131n ve kat\u0131lar\u0131n birbirinden ayr\u0131lmas\u0131n\u0131 sa\u011flar. Bu i\u015flem, daha temiz ve i\u015flenebilir bir malzeme ortaya \u00e7\u0131kar\u0131r. Bu makineler, i\u015fletmelerin daha \u00e7evre dostu ve verimli \u00e7al\u0131\u015fmalar\u0131n\u0131 sa\u011flar.<\/p>\n<h3>Kat\u0131-S\u0131v\u0131 Ay\u0131rma Makinesi Nerelerde Kullan\u0131l\u0131r?<\/h3>\n<ul>\n<li><strong>G\u0131da \u0130\u015fleme<\/strong>: Kat\u0131-s\u0131v\u0131 ayr\u0131m\u0131, g\u0131da \u00fcr\u00fcnlerinin \u00fcretim s\u00fcre\u00e7lerinde s\u0131kl\u0131kla kullan\u0131l\u0131r. \u00d6zellikle meyve suyu, sebze i\u015fleme ve s\u00fct \u00fcr\u00fcnleri \u00fcretiminde \u00f6nemli bir rol oynar.<\/li>\n<li><strong>At\u0131k Su Ar\u0131tma<\/strong>: At\u0131k su ar\u0131tma tesislerinde, kirli suyun temizlenmesi i\u00e7in kat\u0131 ve s\u0131v\u0131 maddelerin ayr\u0131lmas\u0131 gerekir. Bu makineler, bu i\u015flemi h\u0131zl\u0131 ve etkili \u015fekilde yapar.<\/li>\n<li><strong>Kimya Sanayi<\/strong>: Kimyasal i\u015flemler s\u0131ras\u0131nda, \u00fcr\u00fcnlerin s\u0131v\u0131 ve kat\u0131 fazlar\u0131n\u0131n ayr\u0131lmas\u0131 \u00f6nemlidir. Kat\u0131-s\u0131v\u0131 ay\u0131rma makineleri bu ihtiyac\u0131 kar\u015f\u0131lar.<\/li>\n<\/ul>\n<h2>Kat\u0131-S\u0131v\u0131 Ay\u0131rma Makinesi \u00c7al\u0131\u015fma Prensibi<\/h2>\n<p>Kat\u0131-s\u0131v\u0131 ay\u0131rma makineleri, genellikle mekanik filtreleme, santrif\u00fcjleme veya s\u0131k\u0131\u015ft\u0131rma gibi y\u00f6ntemlerle \u00e7al\u0131\u015f\u0131r. Bu makineler, s\u0131v\u0131 faz\u0131 h\u0131zl\u0131 bir \u015fekilde ay\u0131rarak, geri kalan kat\u0131 maddelerin i\u015flenmesini sa\u011flar.<\/p>\n<p>\u0130\u015fte bu makinelerin genel \u00e7al\u0131\u015fma prensibi:<\/p>\n<ol>\n<li><strong>Filtreleme<\/strong>: S\u0131v\u0131 ve kat\u0131 maddeler, bir filtre arac\u0131l\u0131\u011f\u0131yla ayr\u0131l\u0131r. Bu y\u00f6ntem, genellikle daha ince partik\u00fcllerin ayr\u0131lmas\u0131 i\u00e7in kullan\u0131l\u0131r.<\/li>\n<li><strong>Santrif\u00fcjleme<\/strong>: H\u0131zl\u0131 d\u00f6nen bir tambur arac\u0131l\u0131\u011f\u0131yla s\u0131v\u0131 ve kat\u0131 maddeler birbirinden ayr\u0131l\u0131r. Bu y\u00f6ntem, \u00f6zellikle viskoz s\u0131v\u0131lar\u0131n i\u015flenmesinde etkilidir.<\/li>\n<li><strong>S\u0131k\u0131\u015ft\u0131rma<\/strong>: Kat\u0131 maddeler, makinelerde s\u0131k\u0131\u015ft\u0131r\u0131larak s\u0131v\u0131dan ayr\u0131l\u0131r. Bu y\u00f6ntem, \u00f6zellikle kat\u0131 maddelerin yo\u011fun oldu\u011fu i\u015flemlerde kullan\u0131l\u0131r.<\/li>\n<\/ol>\n<h2>MT Royal\u2019den Kat\u0131-S\u0131v\u0131 Ay\u0131rma Makinesi Alman\u0131n Avantajlar\u0131<\/h2>\n<p>MT Royal, <strong>Kat\u0131-S\u0131v\u0131 Ay\u0131rma Makineleri<\/strong> konusunda <strong>T\u00fcrkiye\u2019nin en g\u00fcvenilir ve kaliteli tedarik\u00e7isi<\/strong> olarak \u00f6ne \u00e7\u0131kmaktad\u0131r. MT Royal\u2019den bu makineleri sat\u0131n alarak elde edece\u011finiz baz\u0131 avantajlar:<\/p>\n<p>1. <strong>Y\u00fcksek Verimlilik<\/strong><\/p>\n<p>Kat\u0131-S\u0131v\u0131 Ay\u0131rma Makineleri, do\u011fru kullan\u0131ld\u0131\u011f\u0131nda \u00fcretim s\u00fcre\u00e7lerinizi h\u0131zland\u0131r\u0131r ve at\u0131k miktar\u0131n\u0131 en aza indirir. MT Royal\u2019in sundu\u011fu makineler, y\u00fcksek verimlilik sa\u011flamak i\u00e7in son teknolojiyle \u00fcretilmi\u015ftir.<\/p>\n<p>2. <strong>Uzun \u00d6m\u00fcrl\u00fc Makineler<\/strong><\/p>\n<p>MT Royal, uzun \u00f6m\u00fcrl\u00fc ve dayan\u0131kl\u0131 makineler sunar. Bu makineler, end\u00fcstriyel alanlarda y\u00fcksek performansla \u00e7al\u0131\u015facak \u015fekilde tasarlanm\u0131\u015ft\u0131r. Y\u00fcksek kaliteli malzemelerle \u00fcretilmi\u015f makineler sayesinde uzun y\u0131llar boyunca sorunsuz bir \u015fekilde kullan\u0131labilir.<\/p>\n<p>3. <strong>D\u00fc\u015f\u00fck Enerji T\u00fcketimi<\/strong><\/p>\n<p>MT Royal\u2019in Kat\u0131-S\u0131v\u0131 Ay\u0131rma Makineleri, d\u00fc\u015f\u00fck enerji t\u00fcketimiyle y\u00fcksek performans g\u00f6sterir. Bu sayede i\u015fletmelerinizin enerji maliyetlerini de azaltabilirsiniz.<\/p>\n<p>4. <strong>\u00c7evre Dostu \u00c7\u00f6z\u00fcmler<\/strong><\/p>\n<p>\u00c7evre dostu makineler, at\u0131klar\u0131n do\u011fru \u015fekilde ayr\u0131lmas\u0131n\u0131 sa\u011flar ve geri d\u00f6n\u00fc\u015f\u00fcm s\u00fcre\u00e7lerini kolayla\u015ft\u0131r\u0131r. MT Royal\u2019in makineleri, \u00e7evreye duyarl\u0131 tasar\u0131m\u0131yla hem \u00e7evreyi hem de i\u015fletmenizin maliyetlerini korur.<\/p>\n<p>5. <strong>Fiyat-Performans Oran\u0131<\/strong><\/p>\n<p>MT Royal, <strong>en uygun fiyatlarla kaliteli makineler<\/strong> sunar. Bu makineler, i\u015fletmelerin b\u00fct\u00e7elerini a\u015fmadan y\u00fcksek kaliteli \u00e7\u00f6z\u00fcmler elde etmelerini sa\u011flar.<\/p>\n<h2>Kat\u0131-S\u0131v\u0131 Ay\u0131rma Makinesi \u00d6zellikleri<\/h2>\n<table>\n<thead>\n<tr>\n<th>\u00d6zellik<\/th>\n<th>Detaylar<\/th>\n<\/tr>\n<\/thead>\n<tbody>\n<tr>\n<td><strong>Model<\/strong><\/td>\n<td>Kat\u0131-S\u0131v\u0131 Ay\u0131rma Makinesi<\/td>\n<\/tr>\n<tr>\n<td><strong>Kapasite<\/strong><\/td>\n<td>Y\u00fcksek kapasite (500 L\/saat, 1000 L\/saat)<\/td>\n<\/tr>\n<tr>\n<td><strong>Enerji Verimlili\u011fi<\/strong><\/td>\n<td>D\u00fc\u015f\u00fck enerji t\u00fcketimi<\/td>\n<\/tr>\n<tr>\n<td><strong>Malzeme<\/strong><\/td>\n<td>Paslanmaz \u00e7elik, dayan\u0131kl\u0131 malzeme<\/td>\n<\/tr>\n<tr>\n<td><strong>Uygulama Alanlar\u0131<\/strong><\/td>\n<td>G\u0131da i\u015fleme, at\u0131k su ar\u0131tma, kimya sanayi<\/td>\n<\/tr>\n<tr>\n<td><strong>Filtreleme Tipi<\/strong><\/td>\n<td>Santrif\u00fcj, mekanik filtreleme, s\u0131k\u0131\u015ft\u0131rma<\/td>\n<\/tr>\n<tr>\n<td><strong>\u00c7evre Dostu<\/strong><\/td>\n<td>Evet<\/td>\n<\/tr>\n<tr>\n<td><strong>Fiyat<\/strong><\/td>\n<td>Uygun fiyatlarla en kaliteli makineler<\/td>\n<\/tr>\n<\/tbody>\n<\/table>\n<h2>Kat\u0131-S\u0131v\u0131 Ay\u0131rma Makinesi Al\u0131rken Nelere Dikkat Etmelisiniz?<\/h2>\n<p>Kat\u0131-S\u0131v\u0131 Ay\u0131rma Makinesi al\u0131rken dikkat etmeniz gereken baz\u0131 fakt\u00f6rler \u015funlard\u0131r:<\/p>\n<ul>\n<li><strong>Kapasite ve Boyut<\/strong>: \u0130\u015fletmenizin ihtiyac\u0131na g\u00f6re uygun kapasiteye sahip makineleri se\u00e7melisiniz.<\/li>\n<li><strong>Filtrasyon Tipi<\/strong>: Farkl\u0131 filtrasyon tipleri, farkl\u0131 uygulama alanlar\u0131nda daha verimli olabilir. \u0130htiyac\u0131n\u0131za g\u00f6re do\u011fru filtrasyon tipi se\u00e7ilmelidir.<\/li>\n<li><strong>Enerji T\u00fcketimi<\/strong>: D\u00fc\u015f\u00fck enerji t\u00fcketimi, i\u015fletmenizin maliyetlerini azalt\u0131r. Enerji verimli makineleri tercih etmek \u00f6nemlidir.<\/li>\n<li><strong>Bak\u0131m ve Servis<\/strong>: Makinenin bak\u0131m\u0131 ve servisi, uzun \u00f6m\u00fcrl\u00fc ve verimli bir kullan\u0131m sa\u011flar. MT Royal, sat\u0131\u015f sonras\u0131 hizmetleriyle de m\u00fc\u015fterilerinin yan\u0131ndad\u0131r.<\/li>\n<\/ul>\n<h2>Sonu\u00e7: MT Royal ile Verimlili\u011finizi Art\u0131r\u0131n<\/h2>\n<p><strong>Kat\u0131-S\u0131v\u0131 Ay\u0131rma Makinesi<\/strong>, end\u00fcstriyel s\u00fcre\u00e7lerde verimlili\u011fi art\u0131rman\u0131n anahtar\u0131d\u0131r. MT Royal, <strong>y\u00fcksek kaliteli, \u00e7evre dostu ve uygun fiyatl\u0131 makineler<\/strong> sunarak, i\u015fletmenizin \u00fcretim s\u00fcre\u00e7lerini daha verimli hale getirir. \u0130htiyac\u0131n\u0131z olan <strong>Kat\u0131-S\u0131v\u0131 Ay\u0131rma Makinesi<\/strong> i\u00e7in MT Royal ile ileti\u015fime ge\u00e7in ve sekt\u00f6r\u00fcn\u00fczdeki ba\u015far\u0131y\u0131 bir ad\u0131m \u00f6teye ta\u015f\u0131y\u0131n!<\/p>\n<h3>Hemen \u0130leti\u015fime Ge\u00e7in!<\/h3>\n<p>MT Royal&#8217;in sundu\u011fu <strong>Kat\u0131-S\u0131v\u0131 Ay\u0131rma Makineleri<\/strong> hakk\u0131nda daha fazla bilgi almak ve <strong>en uygun fiyatlarla<\/strong> sat\u0131n almak i\u00e7in bizimle ileti\u015fime ge\u00e7in. Profesyonel ekibimiz, sizin i\u00e7in en iyi \u00e7\u00f6z\u00fcmleri sunacakt\u0131r. MT Royal\u2019den Kat\u0131-S\u0131v\u0131 Ay\u0131rma Makinesi al\u0131n, end\u00fcstriyel s\u00fcre\u00e7lerde verimlili\u011finizi art\u0131r\u0131n. Y\u00fcksek kaliteli, \u00e7evre dostu ve uygun fiyatl\u0131 makineler i\u00e7in bizimle ileti\u015fime ge\u00e7in!<\/p>\n<div style='text-align:center' class='yasr-auto-insert-visitor'><\/div>","protected":false},"excerpt":{"rendered":"<p><span style=\"font-size: 16px\">MT Royal, end\u00fcstriyel makineler alan\u0131nda lider tedarik\u00e7iniz! <\/span><strong style=\"font-size: ... \n<\/p>\n","protected":false},"featured_media":8912,"comment_status":"open","ping_status":"closed","template":"","meta":{"yasr_overall_rating":0,"yasr_post_is_review":"","yasr_auto_insert_disabled":"","yasr_review_type":""},"product_brand":[],"product_cat":[321],"product_tag":[],"class_list":{"0":"post-8911","1":"product","2":"type-product","3":"status-publish","4":"has-post-thumbnail","6":"product_cat-kirma-ekipmanlari","8":"first","9":"instock","10":"shipping-taxable","11":"product-type-simple"},"yoast_head":"<!-- This site is optimized with the Yoast SEO Premium plugin v24.5 (Yoast SEO v26.6) - https:\/\/yoast.com\/wordpress\/plugins\/seo\/ -->\n<title>Kat\u0131-S\u0131v\u0131 Ay\u0131rma Makinesi (Solid-Liquid Separator) - MTROYAL<\/title>\n<meta name=\"description\" content=\"MT Royal&#039;den Kat\u0131-S\u0131v\u0131 Ay\u0131rma Makinesi al\u0131n,end\u00fcstriyel verimlili\u011finizi art\u0131r\u0131n. Y\u00fcksek kalite,d\u00fc\u015f\u00fck fiyat ve g\u00fcvenilir hizmet i\u00e7in bizimle ileti\u015fime ge\u00e7in!\" \/>\n<meta name=\"robots\" content=\"index, follow, max-snippet:-1, max-image-preview:large, max-video-preview:-1\" \/>\n<link rel=\"canonical\" href=\"https:\/\/mtroyal.com.tr\/tr\/product\/kati-sivi-ayirma-makinesi-solid-liquid-separator\/\" \/>\n<meta property=\"og:locale\" content=\"tr_TR\" \/>\n<meta property=\"og:type\" content=\"article\" \/>\n<meta property=\"og:title\" content=\"Kat\u0131-S\u0131v\u0131 Ay\u0131rma Makinesi (Solid-Liquid Separator)\" \/>\n<meta property=\"og:description\" content=\"MT Royal&#039;den Kat\u0131-S\u0131v\u0131 Ay\u0131rma Makinesi al\u0131n,end\u00fcstriyel verimlili\u011finizi art\u0131r\u0131n. Y\u00fcksek kalite,d\u00fc\u015f\u00fck fiyat ve g\u00fcvenilir hizmet i\u00e7in bizimle ileti\u015fime ge\u00e7in!\" \/>\n<meta property=\"og:url\" content=\"https:\/\/mtroyal.com.tr\/tr\/product\/kati-sivi-ayirma-makinesi-solid-liquid-separator\/\" \/>\n<meta property=\"og:site_name\" content=\"MTROYAL\" \/>\n<meta property=\"article:modified_time\" content=\"2025-05-02T10:05:52+00:00\" \/>\n<meta property=\"og:image\" content=\"https:\/\/mtroyal.com.tr\/tr\/wp-content\/uploads\/2025\/02\/kati-sivi-ayirma-makinesi-solid-liquid-separator.jpg\" \/>\n\t<meta property=\"og:image:width\" content=\"856\" \/>\n\t<meta property=\"og:image:height\" content=\"1000\" \/>\n\t<meta property=\"og:image:type\" content=\"image\/jpeg\" \/>\n<meta name=\"twitter:card\" content=\"summary_large_image\" \/>\n<script type=\"application\/ld+json\" class=\"yoast-schema-graph\">{\"@context\":\"https:\/\/schema.org\",\"@graph\":[{\"@type\":\"WebPage\",\"@id\":\"https:\/\/mtroyal.com.tr\/tr\/product\/kati-sivi-ayirma-makinesi-solid-liquid-separator\/\",\"url\":\"https:\/\/mtroyal.com.tr\/tr\/product\/kati-sivi-ayirma-makinesi-solid-liquid-separator\/\",\"name\":\"Kat\u0131-S\u0131v\u0131 Ay\u0131rma Makinesi (Solid-Liquid Separator) - MTROYAL\",\"isPartOf\":{\"@id\":\"https:\/\/mtroyal.com.tr\/tr\/#website\"},\"primaryImageOfPage\":{\"@id\":\"https:\/\/mtroyal.com.tr\/tr\/product\/kati-sivi-ayirma-makinesi-solid-liquid-separator\/#primaryimage\"},\"image\":{\"@id\":\"https:\/\/mtroyal.com.tr\/tr\/product\/kati-sivi-ayirma-makinesi-solid-liquid-separator\/#primaryimage\"},\"thumbnailUrl\":\"https:\/\/mtroyal.com.tr\/tr\/wp-content\/uploads\/2025\/02\/kati-sivi-ayirma-makinesi-solid-liquid-separator.jpg\",\"datePublished\":\"2025-05-02T10:05:48+00:00\",\"dateModified\":\"2025-05-02T10:05:52+00:00\",\"description\":\"MT Royal'den Kat\u0131-S\u0131v\u0131 Ay\u0131rma Makinesi al\u0131n,end\u00fcstriyel verimlili\u011finizi art\u0131r\u0131n. Y\u00fcksek kalite,d\u00fc\u015f\u00fck fiyat ve g\u00fcvenilir hizmet i\u00e7in bizimle ileti\u015fime ge\u00e7in!\",\"breadcrumb\":{\"@id\":\"https:\/\/mtroyal.com.tr\/tr\/product\/kati-sivi-ayirma-makinesi-solid-liquid-separator\/#breadcrumb\"},\"inLanguage\":\"tr\",\"potentialAction\":[{\"@type\":\"ReadAction\",\"target\":[\"https:\/\/mtroyal.com.tr\/tr\/product\/kati-sivi-ayirma-makinesi-solid-liquid-separator\/\"]}]},{\"@type\":\"ImageObject\",\"inLanguage\":\"tr\",\"@id\":\"https:\/\/mtroyal.com.tr\/tr\/product\/kati-sivi-ayirma-makinesi-solid-liquid-separator\/#primaryimage\",\"url\":\"https:\/\/mtroyal.com.tr\/tr\/wp-content\/uploads\/2025\/02\/kati-sivi-ayirma-makinesi-solid-liquid-separator.jpg\",\"contentUrl\":\"https:\/\/mtroyal.com.tr\/tr\/wp-content\/uploads\/2025\/02\/kati-sivi-ayirma-makinesi-solid-liquid-separator.jpg\",\"width\":856,\"height\":1000,\"caption\":\"kat\u0131-s\u0131v\u0131 ay\u0131rma makinesi (solid-liquid separator)\"},{\"@type\":\"BreadcrumbList\",\"@id\":\"https:\/\/mtroyal.com.tr\/tr\/product\/kati-sivi-ayirma-makinesi-solid-liquid-separator\/#breadcrumb\",\"itemListElement\":[{\"@type\":\"ListItem\",\"position\":1,\"name\":\"Home\",\"item\":\"https:\/\/mtroyal.com.tr\/tr\/\"},{\"@type\":\"ListItem\",\"position\":2,\"name\":\"\u00dcr\u00fcnlerimiz\",\"item\":\"https:\/\/mtroyal.com.tr\/tr\/urunlerimiz\/\"},{\"@type\":\"ListItem\",\"position\":3,\"name\":\"Kat\u0131-S\u0131v\u0131 Ay\u0131rma Makinesi (Solid-Liquid Separator)\"}]},{\"@type\":\"WebSite\",\"@id\":\"https:\/\/mtroyal.com.tr\/tr\/#website\",\"url\":\"https:\/\/mtroyal.com.tr\/tr\/\",\"name\":\"MTROYAL\",\"description\":\"\",\"publisher\":{\"@id\":\"https:\/\/mtroyal.com.tr\/tr\/#organization\"},\"potentialAction\":[{\"@type\":\"SearchAction\",\"target\":{\"@type\":\"EntryPoint\",\"urlTemplate\":\"https:\/\/mtroyal.com.tr\/tr\/?s={search_term_string}\"},\"query-input\":{\"@type\":\"PropertyValueSpecification\",\"valueRequired\":true,\"valueName\":\"search_term_string\"}}],\"inLanguage\":\"tr\"},{\"@type\":\"Organization\",\"@id\":\"https:\/\/mtroyal.com.tr\/tr\/#organization\",\"name\":\"MTROYAL\",\"url\":\"https:\/\/mtroyal.com.tr\/tr\/\",\"logo\":{\"@type\":\"ImageObject\",\"inLanguage\":\"tr\",\"@id\":\"https:\/\/mtroyal.com.tr\/tr\/#\/schema\/logo\/image\/\",\"url\":\"https:\/\/mtroyal.com.tr\/tr\/wp-content\/uploads\/2023\/12\/mt-logo.png\",\"contentUrl\":\"https:\/\/mtroyal.com.tr\/tr\/wp-content\/uploads\/2023\/12\/mt-logo.png\",\"width\":313,\"height\":261,\"caption\":\"MTROYAL\"},\"image\":{\"@id\":\"https:\/\/mtroyal.com.tr\/tr\/#\/schema\/logo\/image\/\"}},false]}<\/script>\n<!-- \/ Yoast SEO Premium plugin. -->","yoast_head_json":{"title":"Kat\u0131-S\u0131v\u0131 Ay\u0131rma Makinesi (Solid-Liquid Separator) - MTROYAL","description":"MT Royal'den Kat\u0131-S\u0131v\u0131 Ay\u0131rma Makinesi al\u0131n,end\u00fcstriyel verimlili\u011finizi art\u0131r\u0131n. Y\u00fcksek kalite,d\u00fc\u015f\u00fck fiyat ve g\u00fcvenilir hizmet i\u00e7in bizimle ileti\u015fime ge\u00e7in!","robots":{"index":"index","follow":"follow","max-snippet":"max-snippet:-1","max-image-preview":"max-image-preview:large","max-video-preview":"max-video-preview:-1"},"canonical":"https:\/\/mtroyal.com.tr\/tr\/product\/kati-sivi-ayirma-makinesi-solid-liquid-separator\/","og_locale":"tr_TR","og_type":"article","og_title":"Kat\u0131-S\u0131v\u0131 Ay\u0131rma Makinesi (Solid-Liquid Separator)","og_description":"MT Royal'den Kat\u0131-S\u0131v\u0131 Ay\u0131rma Makinesi al\u0131n,end\u00fcstriyel verimlili\u011finizi art\u0131r\u0131n. Y\u00fcksek kalite,d\u00fc\u015f\u00fck fiyat ve g\u00fcvenilir hizmet i\u00e7in bizimle ileti\u015fime ge\u00e7in!","og_url":"https:\/\/mtroyal.com.tr\/tr\/product\/kati-sivi-ayirma-makinesi-solid-liquid-separator\/","og_site_name":"MTROYAL","article_modified_time":"2025-05-02T10:05:52+00:00","og_image":[{"width":856,"height":1000,"url":"https:\/\/mtroyal.com.tr\/tr\/wp-content\/uploads\/2025\/02\/kati-sivi-ayirma-makinesi-solid-liquid-separator.jpg","type":"image\/jpeg"}],"twitter_card":"summary_large_image","schema":{"@context":"https:\/\/schema.org","@graph":[{"@type":"WebPage","@id":"https:\/\/mtroyal.com.tr\/tr\/product\/kati-sivi-ayirma-makinesi-solid-liquid-separator\/","url":"https:\/\/mtroyal.com.tr\/tr\/product\/kati-sivi-ayirma-makinesi-solid-liquid-separator\/","name":"Kat\u0131-S\u0131v\u0131 Ay\u0131rma Makinesi (Solid-Liquid Separator) - MTROYAL","isPartOf":{"@id":"https:\/\/mtroyal.com.tr\/tr\/#website"},"primaryImageOfPage":{"@id":"https:\/\/mtroyal.com.tr\/tr\/product\/kati-sivi-ayirma-makinesi-solid-liquid-separator\/#primaryimage"},"image":{"@id":"https:\/\/mtroyal.com.tr\/tr\/product\/kati-sivi-ayirma-makinesi-solid-liquid-separator\/#primaryimage"},"thumbnailUrl":"https:\/\/mtroyal.com.tr\/tr\/wp-content\/uploads\/2025\/02\/kati-sivi-ayirma-makinesi-solid-liquid-separator.jpg","datePublished":"2025-05-02T10:05:48+00:00","dateModified":"2025-05-02T10:05:52+00:00","description":"MT Royal'den Kat\u0131-S\u0131v\u0131 Ay\u0131rma Makinesi al\u0131n,end\u00fcstriyel verimlili\u011finizi art\u0131r\u0131n. Y\u00fcksek kalite,d\u00fc\u015f\u00fck fiyat ve g\u00fcvenilir hizmet i\u00e7in bizimle ileti\u015fime ge\u00e7in!","breadcrumb":{"@id":"https:\/\/mtroyal.com.tr\/tr\/product\/kati-sivi-ayirma-makinesi-solid-liquid-separator\/#breadcrumb"},"inLanguage":"tr","potentialAction":[{"@type":"ReadAction","target":["https:\/\/mtroyal.com.tr\/tr\/product\/kati-sivi-ayirma-makinesi-solid-liquid-separator\/"]}]},{"@type":"ImageObject","inLanguage":"tr","@id":"https:\/\/mtroyal.com.tr\/tr\/product\/kati-sivi-ayirma-makinesi-solid-liquid-separator\/#primaryimage","url":"https:\/\/mtroyal.com.tr\/tr\/wp-content\/uploads\/2025\/02\/kati-sivi-ayirma-makinesi-solid-liquid-separator.jpg","contentUrl":"https:\/\/mtroyal.com.tr\/tr\/wp-content\/uploads\/2025\/02\/kati-sivi-ayirma-makinesi-solid-liquid-separator.jpg","width":856,"height":1000,"caption":"kat\u0131-s\u0131v\u0131 ay\u0131rma makinesi (solid-liquid separator)"},{"@type":"BreadcrumbList","@id":"https:\/\/mtroyal.com.tr\/tr\/product\/kati-sivi-ayirma-makinesi-solid-liquid-separator\/#breadcrumb","itemListElement":[{"@type":"ListItem","position":1,"name":"Home","item":"https:\/\/mtroyal.com.tr\/tr\/"},{"@type":"ListItem","position":2,"name":"\u00dcr\u00fcnlerimiz","item":"https:\/\/mtroyal.com.tr\/tr\/urunlerimiz\/"},{"@type":"ListItem","position":3,"name":"Kat\u0131-S\u0131v\u0131 Ay\u0131rma Makinesi (Solid-Liquid Separator)"}]},{"@type":"WebSite","@id":"https:\/\/mtroyal.com.tr\/tr\/#website","url":"https:\/\/mtroyal.com.tr\/tr\/","name":"MTROYAL","description":"","publisher":{"@id":"https:\/\/mtroyal.com.tr\/tr\/#organization"},"potentialAction":[{"@type":"SearchAction","target":{"@type":"EntryPoint","urlTemplate":"https:\/\/mtroyal.com.tr\/tr\/?s={search_term_string}"},"query-input":{"@type":"PropertyValueSpecification","valueRequired":true,"valueName":"search_term_string"}}],"inLanguage":"tr"},{"@type":"Organization","@id":"https:\/\/mtroyal.com.tr\/tr\/#organization","name":"MTROYAL","url":"https:\/\/mtroyal.com.tr\/tr\/","logo":{"@type":"ImageObject","inLanguage":"tr","@id":"https:\/\/mtroyal.com.tr\/tr\/#\/schema\/logo\/image\/","url":"https:\/\/mtroyal.com.tr\/tr\/wp-content\/uploads\/2023\/12\/mt-logo.png","contentUrl":"https:\/\/mtroyal.com.tr\/tr\/wp-content\/uploads\/2023\/12\/mt-logo.png","width":313,"height":261,"caption":"MTROYAL"},"image":{"@id":"https:\/\/mtroyal.com.tr\/tr\/#\/schema\/logo\/image\/"}},false]}},"yasr_visitor_votes":{"stars_attributes":{"read_only":false,"span_bottom":false},"number_of_votes":0,"sum_votes":0},"_links":{"self":[{"href":"https:\/\/mtroyal.com.tr\/tr\/wp-json\/wp\/v2\/product\/8911","targetHints":{"allow":["GET"]}}],"collection":[{"href":"https:\/\/mtroyal.com.tr\/tr\/wp-json\/wp\/v2\/product"}],"about":[{"href":"https:\/\/mtroyal.com.tr\/tr\/wp-json\/wp\/v2\/types\/product"}],"replies":[{"embeddable":true,"href":"https:\/\/mtroyal.com.tr\/tr\/wp-json\/wp\/v2\/comments?post=8911"}],"wp:featuredmedia":[{"embeddable":true,"href":"https:\/\/mtroyal.com.tr\/tr\/wp-json\/wp\/v2\/media\/8912"}],"wp:attachment":[{"href":"https:\/\/mtroyal.com.tr\/tr\/wp-json\/wp\/v2\/media?parent=8911"}],"wp:term":[{"taxonomy":"product_brand","embeddable":true,"href":"https:\/\/mtroyal.com.tr\/tr\/wp-json\/wp\/v2\/product_brand?post=8911"},{"taxonomy":"product_cat","embeddable":true,"href":"https:\/\/mtroyal.com.tr\/tr\/wp-json\/wp\/v2\/product_cat?post=8911"},{"taxonomy":"product_tag","embeddable":true,"href":"https:\/\/mtroyal.com.tr\/tr\/wp-json\/wp\/v2\/product_tag?post=8911"}],"curies":[{"name":"wp","href":"https:\/\/api.w.org\/{rel}","templated":true}]}}