{"id":8993,"date":"2025-05-02T13:14:25","date_gmt":"2025-05-02T10:14:25","guid":{"rendered":"https:\/\/mtroyal.com.tr\/tr\/?post_type=product&#038;p=8993"},"modified":"2025-05-02T13:14:25","modified_gmt":"2025-05-02T10:14:25","slug":"vakumlu-tasima-sistemi-vacuum-conveying-system","status":"publish","type":"product","link":"https:\/\/mtroyal.com.tr\/tr\/product\/vakumlu-tasima-sistemi-vacuum-conveying-system\/","title":{"rendered":"Vakumlu Ta\u015f\u0131ma Sistemi (Vacuum Conveying System)"},"content":{"rendered":"<p><strong>Vakumlu Ta\u015f\u0131ma Sistemi (Vacuum Conveying System)<\/strong>, \u00f6zellikle g\u0131da end\u00fcstrisinde ve \u00e7e\u015fitli \u00fcretim s\u00fcre\u00e7lerinde s\u0131kl\u0131kla kullan\u0131lan \u00f6nemli bir end\u00fcstriyel makine sistemidir. Bu sistemler, materyalleri ve \u00fcr\u00fcnleri g\u00fcvenli ve verimli bir \u015fekilde ta\u015f\u0131mak i\u00e7in vakum g\u00fcc\u00fcnden faydalan\u0131r. Bu yaz\u0131m\u0131zda, <strong>Vakumlu Ta\u015f\u0131ma Sistemi<\/strong> hakk\u0131nda bilinmesi gereken her \u015feyi ke\u015ffedecek, neden <strong>MT Royal<\/strong>&#8216;i tercih etmeniz gerekti\u011fini anlataca\u011f\u0131z.<\/p>\n<h2>Vakumlu Ta\u015f\u0131ma Sistemi Nedir?<\/h2>\n<p>Vakumlu ta\u015f\u0131ma, end\u00fcstriyel sistemlerde, \u00f6zellikle toz, gran\u00fcl ve k\u00fc\u00e7\u00fck malzemelerin ta\u015f\u0131nmas\u0131nda kullan\u0131lan bir teknolojidir. Bu ta\u015f\u0131ma sistemleri, hava ak\u0131\u015f\u0131n\u0131 ve vakum g\u00fcc\u00fcn\u00fc kullanarak materyalleri borular arac\u0131l\u0131\u011f\u0131yla bir noktadan di\u011ferine ta\u015f\u0131r. <strong>Vakumlu Ta\u015f\u0131ma Sistemi<\/strong> kullanman\u0131n sa\u011flad\u0131\u011f\u0131 avantajlar, \u00f6zellikle hijyen ve verimlilik a\u00e7\u0131s\u0131ndan b\u00fcy\u00fck \u00f6nem ta\u015f\u0131r.<\/p>\n<h3>Temel \u00c7al\u0131\u015fma Prensibi<\/h3>\n<p>Vakumlu ta\u015f\u0131ma sistemi, bir vakum pompas\u0131, borular ve ta\u015f\u0131ma haznelerinden olu\u015fur. Vakum pompas\u0131, hava bas\u0131nc\u0131n\u0131 d\u00fc\u015f\u00fcrerek \u00fcr\u00fcn\u00fcn ta\u015f\u0131nmas\u0131 i\u00e7in gerekli olan emi\u015f g\u00fcc\u00fcn\u00fc sa\u011flar. Bu sistem, ta\u015f\u0131ma s\u0131ras\u0131nda \u00fcr\u00fcnlerin d\u0131\u015f etkenlerden zarar g\u00f6rmesini engeller ve \u00e7evreye zarars\u0131z bir ta\u015f\u0131ma \u00e7\u00f6z\u00fcm\u00fc sunar.<\/p>\n<h2>MT Royal ve Vakumlu Ta\u015f\u0131ma Sistemi<\/h2>\n<p><strong>MT Royal<\/strong>, T\u00fcrkiye&#8217;nin \u00f6nde gelen <strong>end\u00fcstriyel makine tedarik\u00e7ileri<\/strong> aras\u0131nda yer al\u0131r. G\u0131da sekt\u00f6r\u00fcnden otomotiv sanayisine kadar pek \u00e7ok farkl\u0131 sekt\u00f6rde ihtiya\u00e7 duyulan vakumlu ta\u015f\u0131ma sistemlerini uygun fiyatlarla temin edebilirsiniz. <strong>MT Royal<\/strong>\u2019in sundu\u011fu <strong>Vakumlu Ta\u015f\u0131ma Sistemi<\/strong>, \u00fcst\u00fcn kaliteli malzemelerle \u00fcretilmi\u015f ve kullan\u0131c\u0131 dostu tasar\u0131m\u0131yla sekt\u00f6rde fark yaratmaktad\u0131r.<\/p>\n<h3>Neden MT Royal?<\/h3>\n<ul>\n<li><strong>Y\u00fcksek Kalite<\/strong>: <strong>MT Royal<\/strong>, end\u00fcstriyel makineler ve ta\u015f\u0131ma sistemlerinde \u00fcst\u00fcn kaliteyi her zaman \u00f6n planda tutar.<\/li>\n<li><strong>Uygun Fiyat<\/strong>: En kaliteli <strong>Vakumlu Ta\u015f\u0131ma Sistemi<\/strong>ni en uygun fiyatlarla temin edebilirsiniz.<\/li>\n<li><strong>M\u00fc\u015fteri Deste\u011fi<\/strong>: Sat\u0131\u015f sonras\u0131 destek ve servis hizmetleri ile her zaman yan\u0131n\u0131zday\u0131z.<\/li>\n<\/ul>\n<h2>Vakumlu Ta\u015f\u0131ma Sisteminin Avantajlar\u0131<\/h2>\n<p>Vakumlu ta\u015f\u0131ma sistemlerinin bir\u00e7ok avantaj\u0131 vard\u0131r. Bu sistemlerin i\u015fletmeler i\u00e7in sundu\u011fu baz\u0131 \u00f6nemli faydalar \u015funlard\u0131r:<\/p>\n<p><b>Hijyenik Ta\u015f\u0131ma<\/b><\/p>\n<p>Vakumlu ta\u015f\u0131ma, \u00f6zellikle g\u0131da ve ila\u00e7 sekt\u00f6r\u00fcnde hijyenin \u00e7ok \u00f6nemli oldu\u011fu alanlarda kullan\u0131l\u0131r. Sistemde malzeme ta\u015f\u0131ma s\u0131ras\u0131nda \u00fcr\u00fcnler d\u0131\u015f etkenlerden korunur, b\u00f6ylece kirlenme riski en aza indirilir.<\/p>\n<p><b>Y\u00fcksek Verimlilik<\/b><\/p>\n<p>Vakumlu ta\u015f\u0131ma sistemleri, manuel ta\u015f\u0131ma y\u00f6ntemlerine g\u00f6re daha h\u0131zl\u0131 ve verimlidir. Otomatik olarak \u00e7al\u0131\u015fan sistemler, insan g\u00fcc\u00fc kullan\u0131m\u0131n\u0131 azaltarak i\u015f g\u00fcc\u00fc verimlili\u011fini art\u0131r\u0131r.<\/p>\n<p><b>Azalt\u0131lm\u0131\u015f \u00c7al\u0131\u015fan Y\u00fck\u00fc<\/b><\/p>\n<p>Manuel ta\u015f\u0131ma y\u00f6ntemlerine k\u0131yasla daha az insan g\u00fcc\u00fc gerektiren bu sistemler, \u00e7al\u0131\u015fanlar\u0131n daha az yorulmas\u0131n\u0131 sa\u011flar.<\/p>\n<p><b>Kolay Entegrasyon<\/b><\/p>\n<p><strong>Vakumlu Ta\u015f\u0131ma Sistemi<\/strong> mevcut \u00fcretim hatt\u0131n\u0131za kolayca entegre edilebilir. Bu sistemler, verimlili\u011fi art\u0131rmak ve \u00fcretim s\u00fcre\u00e7lerini h\u0131zland\u0131rmak i\u00e7in m\u00fckemmel bir \u00e7\u00f6z\u00fcmd\u00fcr.<\/p>\n<h2>Vakumlu Ta\u015f\u0131ma Sistemi Nerelerde Kullan\u0131l\u0131r?<\/h2>\n<p><b>G\u0131da Sekt\u00f6r\u00fc<\/b><\/p>\n<p>G\u0131da \u00fcretiminde hijyen ve g\u00fcvenlik \u00e7ok \u00f6nemlidir. <strong>Vakumlu Ta\u015f\u0131ma Sistemi<\/strong>, toz, gran\u00fcl veya ince malzemelerin g\u00fcvenli bir \u015fekilde ta\u015f\u0131nmas\u0131n\u0131 sa\u011flar. \u00d6zellikle un, \u015feker, tuz ve baharat gibi g\u0131da maddelerinin ta\u015f\u0131nmas\u0131nda yayg\u0131n olarak kullan\u0131l\u0131r.<\/p>\n<p><b>Kimya ve \u0130la\u00e7 End\u00fcstrisi<\/b><\/p>\n<p>Kimyasal maddelerin veya ila\u00e7lar\u0131n ta\u015f\u0131nmas\u0131nda da <strong>vakumlu ta\u015f\u0131ma<\/strong> sistemleri tercih edilmektedir. Bu sistemler, maddelerin hasar g\u00f6rmeden ve kontaminasyona u\u011framadan ta\u015f\u0131nmas\u0131n\u0131 sa\u011flar.<\/p>\n<p><b>Tekstil End\u00fcstrisi<\/b><\/p>\n<p>Tekstil sekt\u00f6r\u00fcnde iplik, kuma\u015f ve di\u011fer materyallerin ta\u015f\u0131nmas\u0131nda da <strong>Vakumlu Ta\u015f\u0131ma Sistemi<\/strong> kullan\u0131l\u0131r. \u00d6zellikle hassas \u00fcr\u00fcnlerin ta\u015f\u0131nmas\u0131nda b\u00fcy\u00fck kolayl\u0131k sa\u011flar.<\/p>\n<h2>MT Royal\u2019den Vakumlu Ta\u015f\u0131ma Sistemi Alman\u0131n Avantajlar\u0131<\/h2>\n<p><strong>MT Royal<\/strong>, <strong>Vakumlu Ta\u015f\u0131ma Sistemi<\/strong> alacak olan i\u015fletmelere bir\u00e7ok avantaj sunmaktad\u0131r. Firma, her bir m\u00fc\u015fterisinin ihtiyac\u0131na y\u00f6nelik \u00f6zelle\u015ftirilmi\u015f \u00e7\u00f6z\u00fcmler sunar.<\/p>\n<h3>\u0130htiya\u00e7lar\u0131n\u0131za Uygun \u00c7\u00f6z\u00fcmler<\/h3>\n<p><strong>MT Royal<\/strong>, her i\u015fletmenin farkl\u0131 ihtiya\u00e7lar\u0131n\u0131 anlar ve buna g\u00f6re uygun <strong>vakumlu ta\u015f\u0131ma<\/strong> sistemleri sunar. \u0130ster k\u00fc\u00e7\u00fck bir \u00fcretim hatt\u0131 ister b\u00fcy\u00fck \u00f6l\u00e7ekli bir tesis i\u00e7in ihtiyac\u0131n\u0131z olan sistemi bulabilirsiniz.<\/p>\n<h3>Y\u00fcksek Kalite ve Dayan\u0131kl\u0131l\u0131k<\/h3>\n<p><strong>Vakumlu Ta\u015f\u0131ma Sistemi<\/strong>\u2019nin dayan\u0131kl\u0131l\u0131\u011f\u0131, y\u00fcksek kaliteli malzemeler ve son teknoloji \u00fcretim teknikleri ile sa\u011flan\u0131r. Bu sayede, sistem uzun y\u0131llar boyunca sorunsuz bir \u015fekilde \u00e7al\u0131\u015f\u0131r.<\/p>\n<h3>En \u0130yi Fiyat Performans\u0131<\/h3>\n<p><strong>MT Royal<\/strong>, en kaliteli <strong>Vakumlu Ta\u015f\u0131ma Sistemi<\/strong>ni, en uygun fiyatlarla temin etmenizi sa\u011flar. Fiyat-performans oran\u0131 y\u00fcksek sistemler, i\u015fletmenizin b\u00fct\u00e7esini zorlamadan verimlili\u011fini art\u0131r\u0131r.<\/p>\n<h2><strong>Vakumlu Ta\u015f\u0131ma Sistemi<\/strong> Key Features<\/h2>\n<table>\n<thead>\n<tr>\n<th>\u00d6zellik<\/th>\n<th>A\u00e7\u0131klama<\/th>\n<\/tr>\n<\/thead>\n<tbody>\n<tr>\n<td><strong>Y\u00fcksek Verimlilik<\/strong><\/td>\n<td>Otomatik ta\u015f\u0131ma, h\u0131z ve g\u00fcvenli\u011fi art\u0131r\u0131r.<\/td>\n<\/tr>\n<tr>\n<td><strong>Hijyenik Ta\u015f\u0131ma<\/strong><\/td>\n<td>G\u0131da ve ila\u00e7 sekt\u00f6r\u00fcnde g\u00fcvenli ta\u015f\u0131may\u0131 sa\u011flar.<\/td>\n<\/tr>\n<tr>\n<td><strong>Enerji Verimlili\u011fi<\/strong><\/td>\n<td>D\u00fc\u015f\u00fck enerji t\u00fcketimi ile ekonomik \u00e7\u00f6z\u00fcm sunar.<\/td>\n<\/tr>\n<tr>\n<td><strong>Dayan\u0131kl\u0131 ve Uzun \u00d6m\u00fcrl\u00fc<\/strong><\/td>\n<td>Y\u00fcksek kaliteli malzemelerden \u00fcretilmi\u015ftir, uzun \u00f6m\u00fcrl\u00fcd\u00fcr.<\/td>\n<\/tr>\n<tr>\n<td><strong>Kolay Kurulum ve Entegrasyon<\/strong><\/td>\n<td>Mevcut \u00fcretim hatt\u0131n\u0131za kolayca entegre edilebilir.<\/td>\n<\/tr>\n<\/tbody>\n<\/table>\n<h2>Sonu\u00e7: Neden MT Royal?<\/h2>\n<p><strong>MT Royal<\/strong>, <strong>Vakumlu Ta\u015f\u0131ma Sistemi<\/strong> konusunda T\u00fcrkiye&#8217;nin lider tedarik\u00e7isi olup, y\u00fcksek kaliteyi uygun fiyatlarla sunmaktad\u0131r. Sizin i\u00e7in \u00f6zel \u00e7\u00f6z\u00fcmler geli\u015ftiren <strong>MT Royal<\/strong> ile \u00fcretim s\u00fcre\u00e7lerinizi daha verimli hale getirebilirsiniz. <strong>MT Royal<\/strong>&#8216;den alaca\u011f\u0131n\u0131z her \u00fcr\u00fcn, i\u015fletmenize de\u011fer katacak, verimlili\u011fi art\u0131racak ve maliyetlerinizi azaltacakt\u0131r.<\/p>\n<h2>Hemen \u0130leti\u015fime Ge\u00e7in!<\/h2>\n<p><strong>MT Royal<\/strong> ile \u00fcretim hatt\u0131n\u0131zda devrim yaratacak <strong>Vakumlu Ta\u015f\u0131ma Sistemi<\/strong>\u2019ni hemen ke\u015ffedin. En uygun fiyatlarla y\u00fcksek kaliteli makineler i\u00e7in bizimle ileti\u015fime ge\u00e7in ve size en uygun \u00e7\u00f6z\u00fcm\u00fc sunmam\u0131za izin verin. \u00dcretim verimlili\u011finizi art\u0131rmak i\u00e7in <strong>Vakumlu Ta\u015f\u0131ma Sistemi<\/strong>\u2019ni <strong>MT Royal<\/strong>&#8216;den hemen sat\u0131n al\u0131n. <strong>MT Royal<\/strong>, T\u00fcrkiye\u2019nin en g\u00fcvenilir end\u00fcstriyel makine tedarik\u00e7isi olarak size en iyi fiyatlarla kaliteli \u00fcr\u00fcnler sunuyor. Bize ula\u015f\u0131n, profesyonel deste\u011fimizle i\u015finizi bir ad\u0131m \u00f6teye ta\u015f\u0131y\u0131n!<\/p>\n<div style='text-align:center' class='yasr-auto-insert-visitor'><\/div>","protected":false},"excerpt":{"rendered":"<p>\u0130\u015fletmenizi daha verimli hale getirmek ve maliyetleri d\u00fc\u015f\u00fcrmek i\u00e7in <strong>Vakumlu Ta\u015f\u0131ma &#8230; <\/p>\n","protected":false},"featured_media":8995,"comment_status":"open","ping_status":"closed","template":"","meta":{"yasr_overall_rating":0,"yasr_post_is_review":"","yasr_auto_insert_disabled":"","yasr_review_type":""},"product_brand":[],"product_cat":[129],"product_tag":[],"class_list":{"0":"post-8993","1":"product","2":"type-product","3":"status-publish","4":"has-post-thumbnail","6":"product_cat-kirma-eleme-ve-yikama-tesisleri","8":"first","9":"instock","10":"shipping-taxable","11":"product-type-simple"},"yoast_head":"<!-- This site is optimized with the Yoast SEO Premium plugin v24.5 (Yoast SEO v26.6) - https:\/\/yoast.com\/wordpress\/plugins\/seo\/ -->\n<title>Vakumlu Ta\u015f\u0131ma Sistemi (Vacuum Conveying System) - MTROYAL<\/title>\n<meta name=\"description\" content=\"Vakumlu Ta\u015f\u0131ma Sistemi&#039;ni MT Royal&#039;de ke\u015ffedin, en iyi fiyatlarla y\u00fcksek kaliteli end\u00fcstriyel makineleri hemen edinin! T\u00fcrkiye&#039;nin lider tedarik\u00e7isi.\" \/>\n<meta name=\"robots\" content=\"index, follow, max-snippet:-1, max-image-preview:large, max-video-preview:-1\" \/>\n<link rel=\"canonical\" href=\"https:\/\/mtroyal.com.tr\/tr\/product\/vakumlu-tasima-sistemi-vacuum-conveying-system\/\" \/>\n<meta property=\"og:locale\" content=\"tr_TR\" \/>\n<meta property=\"og:type\" content=\"article\" \/>\n<meta property=\"og:title\" content=\"Vakumlu Ta\u015f\u0131ma Sistemi (Vacuum Conveying System)\" \/>\n<meta property=\"og:description\" content=\"Vakumlu Ta\u015f\u0131ma Sistemi&#039;ni MT Royal&#039;de ke\u015ffedin, en iyi fiyatlarla y\u00fcksek kaliteli end\u00fcstriyel makineleri hemen edinin! T\u00fcrkiye&#039;nin lider tedarik\u00e7isi.\" \/>\n<meta property=\"og:url\" content=\"https:\/\/mtroyal.com.tr\/tr\/product\/vakumlu-tasima-sistemi-vacuum-conveying-system\/\" \/>\n<meta property=\"og:site_name\" content=\"MTROYAL\" \/>\n<meta property=\"og:image\" content=\"https:\/\/mtroyal.com.tr\/tr\/wp-content\/uploads\/2025\/02\/Vakumlu-Tasima-Sistemi-Vacuum-Conveying-System.jpg\" \/>\n\t<meta property=\"og:image:width\" content=\"1280\" \/>\n\t<meta property=\"og:image:height\" content=\"1024\" \/>\n\t<meta property=\"og:image:type\" content=\"image\/jpeg\" \/>\n<meta name=\"twitter:card\" content=\"summary_large_image\" \/>\n<script type=\"application\/ld+json\" class=\"yoast-schema-graph\">{\"@context\":\"https:\/\/schema.org\",\"@graph\":[{\"@type\":\"WebPage\",\"@id\":\"https:\/\/mtroyal.com.tr\/tr\/product\/vakumlu-tasima-sistemi-vacuum-conveying-system\/\",\"url\":\"https:\/\/mtroyal.com.tr\/tr\/product\/vakumlu-tasima-sistemi-vacuum-conveying-system\/\",\"name\":\"Vakumlu Ta\u015f\u0131ma Sistemi (Vacuum Conveying System) - MTROYAL\",\"isPartOf\":{\"@id\":\"https:\/\/mtroyal.com.tr\/tr\/#website\"},\"primaryImageOfPage\":{\"@id\":\"https:\/\/mtroyal.com.tr\/tr\/product\/vakumlu-tasima-sistemi-vacuum-conveying-system\/#primaryimage\"},\"image\":{\"@id\":\"https:\/\/mtroyal.com.tr\/tr\/product\/vakumlu-tasima-sistemi-vacuum-conveying-system\/#primaryimage\"},\"thumbnailUrl\":\"https:\/\/mtroyal.com.tr\/tr\/wp-content\/uploads\/2025\/02\/Vakumlu-Tasima-Sistemi-Vacuum-Conveying-System.jpg\",\"datePublished\":\"2025-05-02T10:14:25+00:00\",\"description\":\"Vakumlu Ta\u015f\u0131ma Sistemi'ni MT Royal'de ke\u015ffedin, en iyi fiyatlarla y\u00fcksek kaliteli end\u00fcstriyel makineleri hemen edinin! T\u00fcrkiye'nin lider tedarik\u00e7isi.\",\"breadcrumb\":{\"@id\":\"https:\/\/mtroyal.com.tr\/tr\/product\/vakumlu-tasima-sistemi-vacuum-conveying-system\/#breadcrumb\"},\"inLanguage\":\"tr\",\"potentialAction\":[{\"@type\":\"ReadAction\",\"target\":[\"https:\/\/mtroyal.com.tr\/tr\/product\/vakumlu-tasima-sistemi-vacuum-conveying-system\/\"]}]},{\"@type\":\"ImageObject\",\"inLanguage\":\"tr\",\"@id\":\"https:\/\/mtroyal.com.tr\/tr\/product\/vakumlu-tasima-sistemi-vacuum-conveying-system\/#primaryimage\",\"url\":\"https:\/\/mtroyal.com.tr\/tr\/wp-content\/uploads\/2025\/02\/Vakumlu-Tasima-Sistemi-Vacuum-Conveying-System.jpg\",\"contentUrl\":\"https:\/\/mtroyal.com.tr\/tr\/wp-content\/uploads\/2025\/02\/Vakumlu-Tasima-Sistemi-Vacuum-Conveying-System.jpg\",\"width\":1280,\"height\":1024,\"caption\":\"Vakumlu Ta\u015f\u0131ma Sistemi (Vacuum Conveying System)\"},{\"@type\":\"BreadcrumbList\",\"@id\":\"https:\/\/mtroyal.com.tr\/tr\/product\/vakumlu-tasima-sistemi-vacuum-conveying-system\/#breadcrumb\",\"itemListElement\":[{\"@type\":\"ListItem\",\"position\":1,\"name\":\"Home\",\"item\":\"https:\/\/mtroyal.com.tr\/tr\/\"},{\"@type\":\"ListItem\",\"position\":2,\"name\":\"\u00dcr\u00fcnlerimiz\",\"item\":\"https:\/\/mtroyal.com.tr\/tr\/urunlerimiz\/\"},{\"@type\":\"ListItem\",\"position\":3,\"name\":\"Vakumlu Ta\u015f\u0131ma Sistemi (Vacuum Conveying System)\"}]},{\"@type\":\"WebSite\",\"@id\":\"https:\/\/mtroyal.com.tr\/tr\/#website\",\"url\":\"https:\/\/mtroyal.com.tr\/tr\/\",\"name\":\"MTROYAL\",\"description\":\"\",\"publisher\":{\"@id\":\"https:\/\/mtroyal.com.tr\/tr\/#organization\"},\"potentialAction\":[{\"@type\":\"SearchAction\",\"target\":{\"@type\":\"EntryPoint\",\"urlTemplate\":\"https:\/\/mtroyal.com.tr\/tr\/?s={search_term_string}\"},\"query-input\":{\"@type\":\"PropertyValueSpecification\",\"valueRequired\":true,\"valueName\":\"search_term_string\"}}],\"inLanguage\":\"tr\"},{\"@type\":\"Organization\",\"@id\":\"https:\/\/mtroyal.com.tr\/tr\/#organization\",\"name\":\"MTROYAL\",\"url\":\"https:\/\/mtroyal.com.tr\/tr\/\",\"logo\":{\"@type\":\"ImageObject\",\"inLanguage\":\"tr\",\"@id\":\"https:\/\/mtroyal.com.tr\/tr\/#\/schema\/logo\/image\/\",\"url\":\"https:\/\/mtroyal.com.tr\/tr\/wp-content\/uploads\/2023\/12\/mt-logo.png\",\"contentUrl\":\"https:\/\/mtroyal.com.tr\/tr\/wp-content\/uploads\/2023\/12\/mt-logo.png\",\"width\":313,\"height\":261,\"caption\":\"MTROYAL\"},\"image\":{\"@id\":\"https:\/\/mtroyal.com.tr\/tr\/#\/schema\/logo\/image\/\"}},false]}<\/script>\n<!-- \/ Yoast SEO Premium plugin. -->","yoast_head_json":{"title":"Vakumlu Ta\u015f\u0131ma Sistemi (Vacuum Conveying System) - MTROYAL","description":"Vakumlu Ta\u015f\u0131ma Sistemi'ni MT Royal'de ke\u015ffedin, en iyi fiyatlarla y\u00fcksek kaliteli end\u00fcstriyel makineleri hemen edinin! T\u00fcrkiye'nin lider tedarik\u00e7isi.","robots":{"index":"index","follow":"follow","max-snippet":"max-snippet:-1","max-image-preview":"max-image-preview:large","max-video-preview":"max-video-preview:-1"},"canonical":"https:\/\/mtroyal.com.tr\/tr\/product\/vakumlu-tasima-sistemi-vacuum-conveying-system\/","og_locale":"tr_TR","og_type":"article","og_title":"Vakumlu Ta\u015f\u0131ma Sistemi (Vacuum Conveying System)","og_description":"Vakumlu Ta\u015f\u0131ma Sistemi'ni MT Royal'de ke\u015ffedin, en iyi fiyatlarla y\u00fcksek kaliteli end\u00fcstriyel makineleri hemen edinin! T\u00fcrkiye'nin lider tedarik\u00e7isi.","og_url":"https:\/\/mtroyal.com.tr\/tr\/product\/vakumlu-tasima-sistemi-vacuum-conveying-system\/","og_site_name":"MTROYAL","og_image":[{"width":1280,"height":1024,"url":"https:\/\/mtroyal.com.tr\/tr\/wp-content\/uploads\/2025\/02\/Vakumlu-Tasima-Sistemi-Vacuum-Conveying-System.jpg","type":"image\/jpeg"}],"twitter_card":"summary_large_image","schema":{"@context":"https:\/\/schema.org","@graph":[{"@type":"WebPage","@id":"https:\/\/mtroyal.com.tr\/tr\/product\/vakumlu-tasima-sistemi-vacuum-conveying-system\/","url":"https:\/\/mtroyal.com.tr\/tr\/product\/vakumlu-tasima-sistemi-vacuum-conveying-system\/","name":"Vakumlu Ta\u015f\u0131ma Sistemi (Vacuum Conveying System) - MTROYAL","isPartOf":{"@id":"https:\/\/mtroyal.com.tr\/tr\/#website"},"primaryImageOfPage":{"@id":"https:\/\/mtroyal.com.tr\/tr\/product\/vakumlu-tasima-sistemi-vacuum-conveying-system\/#primaryimage"},"image":{"@id":"https:\/\/mtroyal.com.tr\/tr\/product\/vakumlu-tasima-sistemi-vacuum-conveying-system\/#primaryimage"},"thumbnailUrl":"https:\/\/mtroyal.com.tr\/tr\/wp-content\/uploads\/2025\/02\/Vakumlu-Tasima-Sistemi-Vacuum-Conveying-System.jpg","datePublished":"2025-05-02T10:14:25+00:00","description":"Vakumlu Ta\u015f\u0131ma Sistemi'ni MT Royal'de ke\u015ffedin, en iyi fiyatlarla y\u00fcksek kaliteli end\u00fcstriyel makineleri hemen edinin! T\u00fcrkiye'nin lider tedarik\u00e7isi.","breadcrumb":{"@id":"https:\/\/mtroyal.com.tr\/tr\/product\/vakumlu-tasima-sistemi-vacuum-conveying-system\/#breadcrumb"},"inLanguage":"tr","potentialAction":[{"@type":"ReadAction","target":["https:\/\/mtroyal.com.tr\/tr\/product\/vakumlu-tasima-sistemi-vacuum-conveying-system\/"]}]},{"@type":"ImageObject","inLanguage":"tr","@id":"https:\/\/mtroyal.com.tr\/tr\/product\/vakumlu-tasima-sistemi-vacuum-conveying-system\/#primaryimage","url":"https:\/\/mtroyal.com.tr\/tr\/wp-content\/uploads\/2025\/02\/Vakumlu-Tasima-Sistemi-Vacuum-Conveying-System.jpg","contentUrl":"https:\/\/mtroyal.com.tr\/tr\/wp-content\/uploads\/2025\/02\/Vakumlu-Tasima-Sistemi-Vacuum-Conveying-System.jpg","width":1280,"height":1024,"caption":"Vakumlu Ta\u015f\u0131ma Sistemi (Vacuum Conveying System)"},{"@type":"BreadcrumbList","@id":"https:\/\/mtroyal.com.tr\/tr\/product\/vakumlu-tasima-sistemi-vacuum-conveying-system\/#breadcrumb","itemListElement":[{"@type":"ListItem","position":1,"name":"Home","item":"https:\/\/mtroyal.com.tr\/tr\/"},{"@type":"ListItem","position":2,"name":"\u00dcr\u00fcnlerimiz","item":"https:\/\/mtroyal.com.tr\/tr\/urunlerimiz\/"},{"@type":"ListItem","position":3,"name":"Vakumlu Ta\u015f\u0131ma Sistemi (Vacuum Conveying System)"}]},{"@type":"WebSite","@id":"https:\/\/mtroyal.com.tr\/tr\/#website","url":"https:\/\/mtroyal.com.tr\/tr\/","name":"MTROYAL","description":"","publisher":{"@id":"https:\/\/mtroyal.com.tr\/tr\/#organization"},"potentialAction":[{"@type":"SearchAction","target":{"@type":"EntryPoint","urlTemplate":"https:\/\/mtroyal.com.tr\/tr\/?s={search_term_string}"},"query-input":{"@type":"PropertyValueSpecification","valueRequired":true,"valueName":"search_term_string"}}],"inLanguage":"tr"},{"@type":"Organization","@id":"https:\/\/mtroyal.com.tr\/tr\/#organization","name":"MTROYAL","url":"https:\/\/mtroyal.com.tr\/tr\/","logo":{"@type":"ImageObject","inLanguage":"tr","@id":"https:\/\/mtroyal.com.tr\/tr\/#\/schema\/logo\/image\/","url":"https:\/\/mtroyal.com.tr\/tr\/wp-content\/uploads\/2023\/12\/mt-logo.png","contentUrl":"https:\/\/mtroyal.com.tr\/tr\/wp-content\/uploads\/2023\/12\/mt-logo.png","width":313,"height":261,"caption":"MTROYAL"},"image":{"@id":"https:\/\/mtroyal.com.tr\/tr\/#\/schema\/logo\/image\/"}},false]}},"yasr_visitor_votes":{"stars_attributes":{"read_only":false,"span_bottom":false},"number_of_votes":0,"sum_votes":0},"_links":{"self":[{"href":"https:\/\/mtroyal.com.tr\/tr\/wp-json\/wp\/v2\/product\/8993","targetHints":{"allow":["GET"]}}],"collection":[{"href":"https:\/\/mtroyal.com.tr\/tr\/wp-json\/wp\/v2\/product"}],"about":[{"href":"https:\/\/mtroyal.com.tr\/tr\/wp-json\/wp\/v2\/types\/product"}],"replies":[{"embeddable":true,"href":"https:\/\/mtroyal.com.tr\/tr\/wp-json\/wp\/v2\/comments?post=8993"}],"wp:featuredmedia":[{"embeddable":true,"href":"https:\/\/mtroyal.com.tr\/tr\/wp-json\/wp\/v2\/media\/8995"}],"wp:attachment":[{"href":"https:\/\/mtroyal.com.tr\/tr\/wp-json\/wp\/v2\/media?parent=8993"}],"wp:term":[{"taxonomy":"product_brand","embeddable":true,"href":"https:\/\/mtroyal.com.tr\/tr\/wp-json\/wp\/v2\/product_brand?post=8993"},{"taxonomy":"product_cat","embeddable":true,"href":"https:\/\/mtroyal.com.tr\/tr\/wp-json\/wp\/v2\/product_cat?post=8993"},{"taxonomy":"product_tag","embeddable":true,"href":"https:\/\/mtroyal.com.tr\/tr\/wp-json\/wp\/v2\/product_tag?post=8993"}],"curies":[{"name":"wp","href":"https:\/\/api.w.org\/{rel}","templated":true}]}}