{"id":9047,"date":"2025-05-02T13:17:22","date_gmt":"2025-05-02T10:17:22","guid":{"rendered":"https:\/\/mtroyal.com.tr\/tr\/?post_type=product&#038;p=9047"},"modified":"2025-05-02T13:17:23","modified_gmt":"2025-05-02T10:17:23","slug":"tas-kirma-tesisi","status":"publish","type":"product","link":"https:\/\/mtroyal.com.tr\/tr\/product\/tas-kirma-tesisi\/","title":{"rendered":"Ta\u015f K\u0131rma Tesisi"},"content":{"rendered":"<p><span style=\"font-size: 16px\">Ta\u015f k\u0131rma tesisleri, in\u015faat, madencilik ve altyap\u0131 sekt\u00f6rlerinde \u00f6nemli bir yer tutar. Bu tesisler, ta\u015flar\u0131 k\u0131rarak agrega ve kum gibi malzemelere d\u00f6n\u00fc\u015ft\u00fcr\u00fcr ve bu malzemeler, beton \u00fcretimi, yol yap\u0131m\u0131 ve bir\u00e7ok end\u00fcstriyel i\u015flemde kullan\u0131l\u0131r. E\u011fer siz de ta\u015f k\u0131rma tesisi almak istiyorsan\u0131z, do\u011fru adrestesiniz! MT Royal, T\u00fcrkiye&#8217;deki en b\u00fcy\u00fck end\u00fcstriyel \u00fcr\u00fcn ve makine tedarik\u00e7isidir ve ta\u015f k\u0131rma tesisleri ile i\u015finizi kolayla\u015ft\u0131rman\u0131za yard\u0131mc\u0131 olur.<\/span><\/p>\n<p>Bu yaz\u0131da, MT Royal&#8217;den sat\u0131n alabilece\u011finiz ta\u015f k\u0131rma tesislerinin \u00f6zelliklerini, avantajlar\u0131n\u0131 ve i\u015f verimlili\u011finizi nas\u0131l art\u0131rabilece\u011finizi anlataca\u011f\u0131z. Ayr\u0131ca ta\u015f k\u0131rma tesislerinin nas\u0131l \u00e7al\u0131\u015ft\u0131\u011f\u0131n\u0131, nelere dikkat etmeniz gerekti\u011fini de ele alaca\u011f\u0131z.<\/p>\n<h2>Ta\u015f K\u0131rma Tesisi Nedir?<\/h2>\n<p>Ta\u015f k\u0131rma tesisi, do\u011fal ta\u015flar\u0131 k\u0131rarak \u00e7e\u015fitli boyutlarda in\u015faat malzemeleri \u00fcreten bir makine park\u0131d\u0131r. Bu tesisler, b\u00fcy\u00fck kaya ve ta\u015flar\u0131, istenilen ebatlarda k\u0131rarak, in\u015faat sekt\u00f6r\u00fcnde yayg\u0131n olarak kullan\u0131lan agregalar ve kumlar gibi malzemeleri \u00fcretir.<\/p>\n<p>Ta\u015f k\u0131rma tesislerinin \u00e7al\u0131\u015fma prensibi olduk\u00e7a basittir: ta\u015flar \u00f6nce b\u00fcy\u00fck bir \u00e7eneli k\u0131r\u0131c\u0131dan ge\u00e7irilir, ard\u0131ndan daha k\u00fc\u00e7\u00fck boyutlarda k\u0131r\u0131lmaya devam eder. Bu makineler, ta\u015flar\u0131 belirli bir b\u00fcy\u00fckl\u00fc\u011fe g\u00f6re k\u0131rarak istenilen malzeme boyutunu elde eder. \u0130\u015fte bu s\u00fcre\u00e7 sayesinde, ta\u015f k\u0131rma tesisleri hem verimli hem de y\u00fcksek kapasiteli \u00fcretim sa\u011flar.<\/p>\n<h2>MT Royal: Ta\u015f K\u0131rma Tesisi Al\u0131m\u0131nda G\u00fcvenilir Bir Ortak<\/h2>\n<p>MT Royal, end\u00fcstriyel makineler ve g\u0131da sekt\u00f6r\u00fc \u00fcr\u00fcnleri alan\u0131nda T\u00fcrkiye&#8217;nin en g\u00fcvenilir tedarik\u00e7isidir. Ta\u015f k\u0131rma tesisleri konusunda da uzun y\u0131llara dayanan deneyime sahip olan MT Royal, size kaliteli ve verimli makineler sunar. MT Royal\u2019den alaca\u011f\u0131n\u0131z ta\u015f k\u0131rma tesisleri, dayan\u0131kl\u0131l\u0131\u011f\u0131 ve y\u00fcksek performans\u0131yla i\u015finizi kolayla\u015ft\u0131racakt\u0131r.<\/p>\n<h3>MT Royal&#8217;in Ta\u015f K\u0131rma Tesisi \u00d6zellikleri<\/h3>\n<p>MT Royal\u2019den alaca\u011f\u0131n\u0131z ta\u015f k\u0131rma tesislerinin baz\u0131 temel \u00f6zellikleri \u015funlard\u0131r:<\/p>\n<ol>\n<li><strong>Y\u00fcksek Performans<\/strong>: MT Royal ta\u015f k\u0131rma tesisleri, y\u00fcksek verimlilik sa\u011flar. \u00c7e\u015fitli ta\u015f t\u00fcrlerini h\u0131zl\u0131 ve etkili bir \u015fekilde k\u0131rarak \u00fcretim s\u00fcrecinizi h\u0131zland\u0131r\u0131r.<\/li>\n<li><strong>Dayan\u0131kl\u0131l\u0131k<\/strong>: Kullan\u0131lan malzemeler sayesinde uzun \u00f6m\u00fcrl\u00fcd\u00fcr. Bu makineler, zorlu ko\u015fullarda bile dayan\u0131kl\u0131 performans g\u00f6sterir.<\/li>\n<li><strong>Enerji Verimlili\u011fi<\/strong>: MT Royal ta\u015f k\u0131rma tesisleri, enerji verimli teknolojilerle donat\u0131lm\u0131\u015ft\u0131r. Bu da i\u015fletme maliyetlerinizi azalt\u0131r.<\/li>\n<li><strong>Kolay Bak\u0131m<\/strong>: Bak\u0131m gereksinimleri minimaldir ve makinelerin bak\u0131m s\u00fcre\u00e7leri olduk\u00e7a basittir. Bu sayede, \u00fcretim s\u00fcreklili\u011finiz kesintiye u\u011framaz.<\/li>\n<li><strong>\u00c7e\u015fitli Model Se\u00e7enekleri<\/strong>: \u0130htiyac\u0131n\u0131za uygun farkl\u0131 model se\u00e7enekleri bulunur. K\u00fc\u00e7\u00fck i\u015fletmelerden b\u00fcy\u00fck \u00f6l\u00e7ekli projelere kadar her \u00f6l\u00e7ekteki i\u015f i\u00e7in uygun ta\u015f k\u0131rma tesisleri MT Royal&#8217;de mevcuttur.<\/li>\n<\/ol>\n<h2>Ta\u015f K\u0131rma Tesisi Al\u0131rken Dikkat Edilmesi Gerekenler<\/h2>\n<p>Ta\u015f k\u0131rma tesisi al\u0131rken, dikkat etmeniz gereken baz\u0131 \u00f6nemli fakt\u00f6rler vard\u0131r. \u0130\u015fte bunlar:<\/p>\n<ul>\n<li><strong>\u0130htiya\u00e7lar\u0131n\u0131z\u0131 Belirleyin<\/strong>: Hangi ta\u015flar\u0131 k\u0131raca\u011f\u0131n\u0131z\u0131 ve hangi boyutlarda malzemeler \u00fcretmek istedi\u011finizi belirlemek, do\u011fru makineleri se\u00e7meniz a\u00e7\u0131s\u0131ndan \u00f6nemlidir.<\/li>\n<li><strong>Maliyet<\/strong>: Ta\u015f k\u0131rma tesislerinin fiyatlar\u0131, kapasiteye ve \u00f6zelliklere g\u00f6re de\u011fi\u015fir. MT Royal, en uygun fiyatlar\u0131 sunarak, i\u015fletmenizin b\u00fct\u00e7esini a\u015fmadan kaliteli makineler temin etmenizi sa\u011flar.<\/li>\n<li><strong>Bak\u0131m ve Servis<\/strong>: Ta\u015f k\u0131rma makineleri, d\u00fczenli bak\u0131m gerektirir. MT Royal, alaca\u011f\u0131n\u0131z makinelerin bak\u0131m ve servis hizmetlerini de sunarak, kesintisiz bir \u00fcretim s\u00fcreci sa\u011flar.<\/li>\n<\/ul>\n<h2>Ta\u015f K\u0131rma Tesisi Nerelerde Kullan\u0131l\u0131r?<\/h2>\n<p>Ta\u015f k\u0131rma tesisleri, genellikle a\u015fa\u011f\u0131daki alanlarda kullan\u0131l\u0131r:<\/p>\n<ul>\n<li><strong>\u0130n\u015faat<\/strong>: Beton \u00fcretimi i\u00e7in agregalar sa\u011flan\u0131r. Yollar\u0131n, k\u00f6pr\u00fclerin yap\u0131m\u0131nda kullan\u0131l\u0131r.<\/li>\n<li><strong>Madencilik<\/strong>: Maden i\u015fletmeleri, ta\u015flar\u0131 k\u0131rarak de\u011ferli mineralleri \u00e7\u0131kar\u0131r.<\/li>\n<li><strong>Altyap\u0131 Projeleri<\/strong>: Otoyollar, demiryollar\u0131 ve di\u011fer altyap\u0131 projelerinde kullan\u0131l\u0131r.<\/li>\n<\/ul>\n<p>MT Royal, bu sekt\u00f6rlere y\u00f6nelik ta\u015f k\u0131rma tesisleri sunarak, i\u015fletmenizin verimlili\u011fini art\u0131r\u0131r.<\/p>\n<h2>MT Royal Ta\u015f K\u0131rma Tesisi Fiyatlar\u0131<\/h2>\n<p>MT Royal, ta\u015f k\u0131rma tesislerini en uygun fiyatlarla sunar. Her b\u00fct\u00e7eye uygun se\u00e7enekler ile y\u00fcksek performans\u0131 ve dayan\u0131kl\u0131l\u0131\u011f\u0131 bir arada bulabilirsiniz. \u00dcstelik, MT Royal&#8217;in sat\u0131\u015f sonras\u0131 destek hizmetleri ile makinelerinizin her zaman verimli \u00e7al\u0131\u015fmas\u0131n\u0131 sa\u011flar.<\/p>\n<h2>Ta\u015f K\u0131rma Tesisi Se\u00e7imi \u0130\u00e7in \u0130pu\u00e7lar\u0131<\/h2>\n<ul>\n<li><strong>\u0130\u015fletmenizin Kapasitesini D\u00fc\u015f\u00fcn\u00fcn<\/strong>: Se\u00e7ti\u011finiz tesisin kapasitesi, i\u015fletmenizin b\u00fcy\u00fckl\u00fc\u011f\u00fcne g\u00f6re de\u011fi\u015fir. Daha b\u00fcy\u00fck projeler i\u00e7in y\u00fcksek kapasiteli makineler gereklidir.<\/li>\n<li><strong>Makineyi Deneyin<\/strong>: Makinelerin \u00e7al\u0131\u015fma \u00f6zelliklerini ve verimlili\u011fini g\u00f6rmek i\u00e7in deneme yapman\u0131zda fayda var. MT Royal, size makineleri deneme f\u0131rsat\u0131 sunar.<\/li>\n<li><strong>Uzun Vadeli Yat\u0131r\u0131m<\/strong>: Ta\u015f k\u0131rma tesisi, uzun vadeli bir yat\u0131r\u0131md\u0131r. Bu y\u00fczden, makinenizin uzun \u00f6m\u00fcrl\u00fc ve verimli olmas\u0131na dikkat edin.<\/li>\n<\/ul>\n<h2>Sonu\u00e7<\/h2>\n<p>Ta\u015f k\u0131rma tesisi almak, i\u015f verimlili\u011finizi art\u0131rman\u0131n ve maliyetleri d\u00fc\u015f\u00fcrmenin harika bir yoludur. MT Royal, ta\u015f k\u0131rma tesisleri konusunda uzmanla\u015fm\u0131\u015f bir tedarik\u00e7i olarak, ihtiya\u00e7lar\u0131n\u0131za en uygun makineleri sunar. Dayan\u0131kl\u0131, enerji verimli ve y\u00fcksek performansl\u0131 makineler ile i\u015finizi b\u00fcy\u00fctebilirsiniz.<\/p>\n<p>MT Royal\u2019den ta\u015f k\u0131rma tesisi almak i\u00e7in hemen bizimle ileti\u015fime ge\u00e7in ve size \u00f6zel fiyatlar ve kampanyalardan yararlan\u0131n. \u0130\u015fletmenizin b\u00fcy\u00fcmesine katk\u0131 sa\u011flamak i\u00e7in en do\u011fru se\u00e7im, MT Royal\u2019dir. MT Royal\u2019den ta\u015f k\u0131rma tesisi sat\u0131n alarak i\u015f verimlili\u011finizi art\u0131r\u0131n! Y\u00fcksek performans, d\u00fc\u015f\u00fck maliyet ve dayan\u0131kl\u0131 makinelerle \u00fcretiminizi h\u0131zland\u0131r\u0131n.<\/p>\n<div style='text-align:center' class='yasr-auto-insert-visitor'><\/div>","protected":false},"excerpt":{"rendered":"<p>MT Royal&#8217;den Ta\u015f K\u0131rma Tesisi sat\u0131n alarak i\u015fletmenizin verimlili\u011fini art\u0131r\u0131n! Y\u00fcksek &#8230; <\/p>\n","protected":false},"featured_media":9050,"comment_status":"open","ping_status":"closed","template":"","meta":{"yasr_overall_rating":0,"yasr_post_is_review":"","yasr_auto_insert_disabled":"","yasr_review_type":""},"product_brand":[],"product_cat":[129],"product_tag":[],"class_list":{"0":"post-9047","1":"product","2":"type-product","3":"status-publish","4":"has-post-thumbnail","6":"product_cat-kirma-eleme-ve-yikama-tesisleri","8":"first","9":"instock","10":"shipping-taxable","11":"product-type-simple"},"yoast_head":"<!-- This site is optimized with the Yoast SEO Premium plugin v24.5 (Yoast SEO v26.6) - https:\/\/yoast.com\/wordpress\/plugins\/seo\/ -->\n<title>Ta\u015f K\u0131rma Tesisi - MTROYAL<\/title>\n<meta name=\"description\" content=\"MT Royal&#039;den Ta\u015f K\u0131rma Tesisi sat\u0131n alarak i\u015f verimlili\u011finizi art\u0131r\u0131n! Y\u00fcksek performans ve dayan\u0131kl\u0131 makinelerle \u00fcretiminizi h\u0131zland\u0131r\u0131n.\" \/>\n<meta name=\"robots\" content=\"index, follow, max-snippet:-1, max-image-preview:large, max-video-preview:-1\" \/>\n<link rel=\"canonical\" href=\"https:\/\/mtroyal.com.tr\/tr\/product\/tas-kirma-tesisi\/\" \/>\n<meta property=\"og:locale\" content=\"tr_TR\" \/>\n<meta property=\"og:type\" content=\"article\" \/>\n<meta property=\"og:title\" content=\"Ta\u015f K\u0131rma Tesisi\" \/>\n<meta property=\"og:description\" content=\"MT Royal&#039;den Ta\u015f K\u0131rma Tesisi sat\u0131n alarak i\u015f verimlili\u011finizi art\u0131r\u0131n! Y\u00fcksek performans ve dayan\u0131kl\u0131 makinelerle \u00fcretiminizi h\u0131zland\u0131r\u0131n.\" \/>\n<meta property=\"og:url\" content=\"https:\/\/mtroyal.com.tr\/tr\/product\/tas-kirma-tesisi\/\" \/>\n<meta property=\"og:site_name\" content=\"MTROYAL\" \/>\n<meta property=\"article:modified_time\" content=\"2025-05-02T10:17:23+00:00\" \/>\n<meta property=\"og:image\" content=\"https:\/\/mtroyal.com.tr\/tr\/wp-content\/uploads\/2025\/02\/tas-kirma-tesisi.jpg\" \/>\n\t<meta property=\"og:image:width\" content=\"512\" \/>\n\t<meta property=\"og:image:height\" content=\"256\" \/>\n\t<meta property=\"og:image:type\" content=\"image\/jpeg\" \/>\n<meta name=\"twitter:card\" content=\"summary_large_image\" \/>\n<script type=\"application\/ld+json\" class=\"yoast-schema-graph\">{\"@context\":\"https:\/\/schema.org\",\"@graph\":[{\"@type\":\"WebPage\",\"@id\":\"https:\/\/mtroyal.com.tr\/tr\/product\/tas-kirma-tesisi\/\",\"url\":\"https:\/\/mtroyal.com.tr\/tr\/product\/tas-kirma-tesisi\/\",\"name\":\"Ta\u015f K\u0131rma Tesisi - MTROYAL\",\"isPartOf\":{\"@id\":\"https:\/\/mtroyal.com.tr\/tr\/#website\"},\"primaryImageOfPage\":{\"@id\":\"https:\/\/mtroyal.com.tr\/tr\/product\/tas-kirma-tesisi\/#primaryimage\"},\"image\":{\"@id\":\"https:\/\/mtroyal.com.tr\/tr\/product\/tas-kirma-tesisi\/#primaryimage\"},\"thumbnailUrl\":\"https:\/\/mtroyal.com.tr\/tr\/wp-content\/uploads\/2025\/02\/tas-kirma-tesisi.jpg\",\"datePublished\":\"2025-05-02T10:17:22+00:00\",\"dateModified\":\"2025-05-02T10:17:23+00:00\",\"description\":\"MT Royal'den Ta\u015f K\u0131rma Tesisi sat\u0131n alarak i\u015f verimlili\u011finizi art\u0131r\u0131n! Y\u00fcksek performans ve dayan\u0131kl\u0131 makinelerle \u00fcretiminizi h\u0131zland\u0131r\u0131n.\",\"breadcrumb\":{\"@id\":\"https:\/\/mtroyal.com.tr\/tr\/product\/tas-kirma-tesisi\/#breadcrumb\"},\"inLanguage\":\"tr\",\"potentialAction\":[{\"@type\":\"ReadAction\",\"target\":[\"https:\/\/mtroyal.com.tr\/tr\/product\/tas-kirma-tesisi\/\"]}]},{\"@type\":\"ImageObject\",\"inLanguage\":\"tr\",\"@id\":\"https:\/\/mtroyal.com.tr\/tr\/product\/tas-kirma-tesisi\/#primaryimage\",\"url\":\"https:\/\/mtroyal.com.tr\/tr\/wp-content\/uploads\/2025\/02\/tas-kirma-tesisi.jpg\",\"contentUrl\":\"https:\/\/mtroyal.com.tr\/tr\/wp-content\/uploads\/2025\/02\/tas-kirma-tesisi.jpg\",\"width\":512,\"height\":256,\"caption\":\"ta\u015f k\u0131rma tesisi\"},{\"@type\":\"BreadcrumbList\",\"@id\":\"https:\/\/mtroyal.com.tr\/tr\/product\/tas-kirma-tesisi\/#breadcrumb\",\"itemListElement\":[{\"@type\":\"ListItem\",\"position\":1,\"name\":\"Home\",\"item\":\"https:\/\/mtroyal.com.tr\/tr\/\"},{\"@type\":\"ListItem\",\"position\":2,\"name\":\"\u00dcr\u00fcnlerimiz\",\"item\":\"https:\/\/mtroyal.com.tr\/tr\/urunlerimiz\/\"},{\"@type\":\"ListItem\",\"position\":3,\"name\":\"Ta\u015f K\u0131rma Tesisi\"}]},{\"@type\":\"WebSite\",\"@id\":\"https:\/\/mtroyal.com.tr\/tr\/#website\",\"url\":\"https:\/\/mtroyal.com.tr\/tr\/\",\"name\":\"MTROYAL\",\"description\":\"\",\"publisher\":{\"@id\":\"https:\/\/mtroyal.com.tr\/tr\/#organization\"},\"potentialAction\":[{\"@type\":\"SearchAction\",\"target\":{\"@type\":\"EntryPoint\",\"urlTemplate\":\"https:\/\/mtroyal.com.tr\/tr\/?s={search_term_string}\"},\"query-input\":{\"@type\":\"PropertyValueSpecification\",\"valueRequired\":true,\"valueName\":\"search_term_string\"}}],\"inLanguage\":\"tr\"},{\"@type\":\"Organization\",\"@id\":\"https:\/\/mtroyal.com.tr\/tr\/#organization\",\"name\":\"MTROYAL\",\"url\":\"https:\/\/mtroyal.com.tr\/tr\/\",\"logo\":{\"@type\":\"ImageObject\",\"inLanguage\":\"tr\",\"@id\":\"https:\/\/mtroyal.com.tr\/tr\/#\/schema\/logo\/image\/\",\"url\":\"https:\/\/mtroyal.com.tr\/tr\/wp-content\/uploads\/2023\/12\/mt-logo.png\",\"contentUrl\":\"https:\/\/mtroyal.com.tr\/tr\/wp-content\/uploads\/2023\/12\/mt-logo.png\",\"width\":313,\"height\":261,\"caption\":\"MTROYAL\"},\"image\":{\"@id\":\"https:\/\/mtroyal.com.tr\/tr\/#\/schema\/logo\/image\/\"}},false]}<\/script>\n<!-- \/ Yoast SEO Premium plugin. -->","yoast_head_json":{"title":"Ta\u015f K\u0131rma Tesisi - MTROYAL","description":"MT Royal'den Ta\u015f K\u0131rma Tesisi sat\u0131n alarak i\u015f verimlili\u011finizi art\u0131r\u0131n! Y\u00fcksek performans ve dayan\u0131kl\u0131 makinelerle \u00fcretiminizi h\u0131zland\u0131r\u0131n.","robots":{"index":"index","follow":"follow","max-snippet":"max-snippet:-1","max-image-preview":"max-image-preview:large","max-video-preview":"max-video-preview:-1"},"canonical":"https:\/\/mtroyal.com.tr\/tr\/product\/tas-kirma-tesisi\/","og_locale":"tr_TR","og_type":"article","og_title":"Ta\u015f K\u0131rma Tesisi","og_description":"MT Royal'den Ta\u015f K\u0131rma Tesisi sat\u0131n alarak i\u015f verimlili\u011finizi art\u0131r\u0131n! Y\u00fcksek performans ve dayan\u0131kl\u0131 makinelerle \u00fcretiminizi h\u0131zland\u0131r\u0131n.","og_url":"https:\/\/mtroyal.com.tr\/tr\/product\/tas-kirma-tesisi\/","og_site_name":"MTROYAL","article_modified_time":"2025-05-02T10:17:23+00:00","og_image":[{"width":512,"height":256,"url":"https:\/\/mtroyal.com.tr\/tr\/wp-content\/uploads\/2025\/02\/tas-kirma-tesisi.jpg","type":"image\/jpeg"}],"twitter_card":"summary_large_image","schema":{"@context":"https:\/\/schema.org","@graph":[{"@type":"WebPage","@id":"https:\/\/mtroyal.com.tr\/tr\/product\/tas-kirma-tesisi\/","url":"https:\/\/mtroyal.com.tr\/tr\/product\/tas-kirma-tesisi\/","name":"Ta\u015f K\u0131rma Tesisi - MTROYAL","isPartOf":{"@id":"https:\/\/mtroyal.com.tr\/tr\/#website"},"primaryImageOfPage":{"@id":"https:\/\/mtroyal.com.tr\/tr\/product\/tas-kirma-tesisi\/#primaryimage"},"image":{"@id":"https:\/\/mtroyal.com.tr\/tr\/product\/tas-kirma-tesisi\/#primaryimage"},"thumbnailUrl":"https:\/\/mtroyal.com.tr\/tr\/wp-content\/uploads\/2025\/02\/tas-kirma-tesisi.jpg","datePublished":"2025-05-02T10:17:22+00:00","dateModified":"2025-05-02T10:17:23+00:00","description":"MT Royal'den Ta\u015f K\u0131rma Tesisi sat\u0131n alarak i\u015f verimlili\u011finizi art\u0131r\u0131n! Y\u00fcksek performans ve dayan\u0131kl\u0131 makinelerle \u00fcretiminizi h\u0131zland\u0131r\u0131n.","breadcrumb":{"@id":"https:\/\/mtroyal.com.tr\/tr\/product\/tas-kirma-tesisi\/#breadcrumb"},"inLanguage":"tr","potentialAction":[{"@type":"ReadAction","target":["https:\/\/mtroyal.com.tr\/tr\/product\/tas-kirma-tesisi\/"]}]},{"@type":"ImageObject","inLanguage":"tr","@id":"https:\/\/mtroyal.com.tr\/tr\/product\/tas-kirma-tesisi\/#primaryimage","url":"https:\/\/mtroyal.com.tr\/tr\/wp-content\/uploads\/2025\/02\/tas-kirma-tesisi.jpg","contentUrl":"https:\/\/mtroyal.com.tr\/tr\/wp-content\/uploads\/2025\/02\/tas-kirma-tesisi.jpg","width":512,"height":256,"caption":"ta\u015f k\u0131rma tesisi"},{"@type":"BreadcrumbList","@id":"https:\/\/mtroyal.com.tr\/tr\/product\/tas-kirma-tesisi\/#breadcrumb","itemListElement":[{"@type":"ListItem","position":1,"name":"Home","item":"https:\/\/mtroyal.com.tr\/tr\/"},{"@type":"ListItem","position":2,"name":"\u00dcr\u00fcnlerimiz","item":"https:\/\/mtroyal.com.tr\/tr\/urunlerimiz\/"},{"@type":"ListItem","position":3,"name":"Ta\u015f K\u0131rma Tesisi"}]},{"@type":"WebSite","@id":"https:\/\/mtroyal.com.tr\/tr\/#website","url":"https:\/\/mtroyal.com.tr\/tr\/","name":"MTROYAL","description":"","publisher":{"@id":"https:\/\/mtroyal.com.tr\/tr\/#organization"},"potentialAction":[{"@type":"SearchAction","target":{"@type":"EntryPoint","urlTemplate":"https:\/\/mtroyal.com.tr\/tr\/?s={search_term_string}"},"query-input":{"@type":"PropertyValueSpecification","valueRequired":true,"valueName":"search_term_string"}}],"inLanguage":"tr"},{"@type":"Organization","@id":"https:\/\/mtroyal.com.tr\/tr\/#organization","name":"MTROYAL","url":"https:\/\/mtroyal.com.tr\/tr\/","logo":{"@type":"ImageObject","inLanguage":"tr","@id":"https:\/\/mtroyal.com.tr\/tr\/#\/schema\/logo\/image\/","url":"https:\/\/mtroyal.com.tr\/tr\/wp-content\/uploads\/2023\/12\/mt-logo.png","contentUrl":"https:\/\/mtroyal.com.tr\/tr\/wp-content\/uploads\/2023\/12\/mt-logo.png","width":313,"height":261,"caption":"MTROYAL"},"image":{"@id":"https:\/\/mtroyal.com.tr\/tr\/#\/schema\/logo\/image\/"}},false]}},"yasr_visitor_votes":{"stars_attributes":{"read_only":false,"span_bottom":false},"number_of_votes":0,"sum_votes":0},"_links":{"self":[{"href":"https:\/\/mtroyal.com.tr\/tr\/wp-json\/wp\/v2\/product\/9047","targetHints":{"allow":["GET"]}}],"collection":[{"href":"https:\/\/mtroyal.com.tr\/tr\/wp-json\/wp\/v2\/product"}],"about":[{"href":"https:\/\/mtroyal.com.tr\/tr\/wp-json\/wp\/v2\/types\/product"}],"replies":[{"embeddable":true,"href":"https:\/\/mtroyal.com.tr\/tr\/wp-json\/wp\/v2\/comments?post=9047"}],"wp:featuredmedia":[{"embeddable":true,"href":"https:\/\/mtroyal.com.tr\/tr\/wp-json\/wp\/v2\/media\/9050"}],"wp:attachment":[{"href":"https:\/\/mtroyal.com.tr\/tr\/wp-json\/wp\/v2\/media?parent=9047"}],"wp:term":[{"taxonomy":"product_brand","embeddable":true,"href":"https:\/\/mtroyal.com.tr\/tr\/wp-json\/wp\/v2\/product_brand?post=9047"},{"taxonomy":"product_cat","embeddable":true,"href":"https:\/\/mtroyal.com.tr\/tr\/wp-json\/wp\/v2\/product_cat?post=9047"},{"taxonomy":"product_tag","embeddable":true,"href":"https:\/\/mtroyal.com.tr\/tr\/wp-json\/wp\/v2\/product_tag?post=9047"}],"curies":[{"name":"wp","href":"https:\/\/api.w.org\/{rel}","templated":true}]}}