{"id":9059,"date":"2025-05-02T14:02:30","date_gmt":"2025-05-02T11:02:30","guid":{"rendered":"https:\/\/mtroyal.com.tr\/tr\/?post_type=product&#038;p=9059"},"modified":"2025-05-02T14:02:30","modified_gmt":"2025-05-02T11:02:30","slug":"kirma-eleme-tesisi","status":"publish","type":"product","link":"https:\/\/mtroyal.com.tr\/tr\/product\/kirma-eleme-tesisi\/","title":{"rendered":"K\u0131rma Eleme Tesisi"},"content":{"rendered":"<p data-start=\"287\" data-end=\"862\">End\u00fcstriyel makineler, her sekt\u00f6rde \u00fcretim s\u00fcre\u00e7lerinin verimlili\u011fini art\u0131ran \u00f6nemli ara\u00e7lard\u0131r. Bu noktada, <strong data-start=\"396\" data-end=\"418\">K\u0131rma Eleme Tesisi<\/strong> gibi ileri teknolojiye sahip makineler, her t\u00fcrl\u00fc malzeme i\u015fleme ihtiyac\u0131n\u0131 kar\u015f\u0131layabilir. T\u00fcrkiye\u2019nin en g\u00fcvenilir end\u00fcstriyel makine tedarik\u00e7isi <strong data-start=\"567\" data-end=\"579\">MT Royal<\/strong>, m\u00fc\u015fterilerine y\u00fcksek kalite, dayan\u0131kl\u0131l\u0131k ve uygun fiyat avantaj\u0131 sunarak, bu alandaki liderli\u011fini s\u00fcrd\u00fcrmektedir. Bu blog yaz\u0131s\u0131nda, <strong data-start=\"715\" data-end=\"737\">K\u0131rma Eleme Tesisi<\/strong> makinelerinin avantajlar\u0131, kullan\u0131m alanlar\u0131 ve MT Royal\u2019in sundu\u011fu benzersiz f\u0131rsatlar hakk\u0131nda detayl\u0131 bilgiler verece\u011fiz.<\/p>\n<h2 data-start=\"864\" data-end=\"892\">K\u0131rma Eleme Tesisi Nedir?<\/h2>\n<p data-start=\"894\" data-end=\"1189\"><strong data-start=\"894\" data-end=\"916\">K\u0131rma Eleme Tesisi<\/strong>, genellikle mineral, ta\u015f, kum, metal ve di\u011fer end\u00fcstriyel materyallerin i\u015flenmesinde kullan\u0131lan bir makineler grubudur. Bu tesisler, ta\u015flar\u0131n veya di\u011fer malzemelerin boyutlar\u0131na g\u00f6re k\u0131r\u0131lmas\u0131, \u00f6\u011f\u00fct\u00fclmesi ve ayr\u0131lmas\u0131 i\u015flemlerini ger\u00e7ekle\u015ftiren \u00f6nemli makinelerden olu\u015fur.<\/p>\n<ul data-start=\"1191\" data-end=\"1541\">\n<li data-start=\"1191\" data-end=\"1374\"><strong data-start=\"1193\" data-end=\"1209\">K\u0131rma \u0130\u015flemi<\/strong>: Bu i\u015flem, b\u00fcy\u00fck malzemelerin k\u00fc\u00e7\u00fck par\u00e7alara ayr\u0131lmas\u0131 i\u00e7in kullan\u0131l\u0131r. K\u0131rma makineleri, malzemeleri mekanik yollarla par\u00e7alayarak, daha i\u015flenebilir hale getirir.<\/li>\n<li data-start=\"1375\" data-end=\"1541\"><strong data-start=\"1377\" data-end=\"1393\">Eleme \u0130\u015flemi<\/strong>: Eleme, k\u0131r\u0131lan malzemelerin istenilen boyutlarda ayr\u0131lmas\u0131n\u0131 sa\u011flar. Eleme makineleri, malzemeleri belirli bir b\u00fcy\u00fckl\u00fckte ay\u0131rmak i\u00e7in kullan\u0131l\u0131r.<\/li>\n<\/ul>\n<p data-start=\"1543\" data-end=\"1664\"><strong data-start=\"1543\" data-end=\"1565\">K\u0131rma Eleme Tesisi<\/strong>, bu i\u015flemleri bir arada sunarak, \u00fcretim s\u00fcre\u00e7lerinin daha verimli ve etkili hale gelmesini sa\u011flar.<\/p>\n<h2 data-start=\"1666\" data-end=\"1705\">K\u0131rma Eleme Tesisi Kullan\u0131m Alanlar\u0131<\/h2>\n<p data-start=\"1707\" data-end=\"1931\"><strong data-start=\"1707\" data-end=\"1729\">K\u0131rma Eleme Tesisi<\/strong> makineleri, \u00e7e\u015fitli end\u00fcstrilerde geni\u015f bir kullan\u0131m alan\u0131na sahiptir. MT Royal, bu makineleri farkl\u0131 sekt\u00f6rlerin ihtiya\u00e7lar\u0131na g\u00f6re uyarlanm\u0131\u015f \u00e7\u00f6z\u00fcmler sunarak, geni\u015f bir m\u00fc\u015fteri kitlesine hitap eder.<\/p>\n<h3 data-start=\"1933\" data-end=\"1958\">1. Madencilik Sekt\u00f6r\u00fc<\/h3>\n<p data-start=\"1960\" data-end=\"2191\">Madencilik sekt\u00f6r\u00fcnde, ta\u015flar\u0131n ve minerallerin ayr\u0131lmas\u0131, ta\u015f\u0131nmas\u0131 ve i\u015flenmesi kritik bir s\u00fcre\u00e7tir. <strong data-start=\"2063\" data-end=\"2085\">K\u0131rma Eleme Tesisi<\/strong>, madencilik i\u015flemlerinde verimlili\u011fi art\u0131rmak ve istenilen boyutta malzemeler elde etmek i\u00e7in kullan\u0131l\u0131r.<\/p>\n<ul data-start=\"2193\" data-end=\"2267\">\n<li data-start=\"2193\" data-end=\"2212\">Y\u00fcksek verimlilik<\/li>\n<li data-start=\"2213\" data-end=\"2232\">Dayan\u0131kl\u0131 yap\u0131lar<\/li>\n<li data-start=\"2233\" data-end=\"2267\">Zorlu \u00e7evre ko\u015fullar\u0131na uygunluk<\/li>\n<\/ul>\n<h3 data-start=\"2269\" data-end=\"2290\">2. \u0130n\u015faat Sekt\u00f6r\u00fc<\/h3>\n<p data-start=\"2292\" data-end=\"2547\">\u0130n\u015faat sekt\u00f6r\u00fcnde, malzeme haz\u0131rl\u0131\u011f\u0131 ve i\u015flenmesi \u00e7ok \u00f6nemlidir. <strong data-start=\"2357\" data-end=\"2379\">K\u0131rma Eleme Tesisi<\/strong>, in\u015faat malzemelerinin do\u011fru \u015fekilde haz\u0131rlanmas\u0131na olanak sa\u011flar. Bu makineler, kum, \u00e7ak\u0131l ve ta\u015f gibi in\u015faat malzemelerini uygun boyutlarda haz\u0131rlamak i\u00e7in idealdir.<\/p>\n<ul data-start=\"2549\" data-end=\"2614\">\n<li data-start=\"2549\" data-end=\"2572\">H\u0131zl\u0131 i\u015flem s\u00fcre\u00e7leri<\/li>\n<li data-start=\"2573\" data-end=\"2590\">Y\u00fcksek kapasite<\/li>\n<li data-start=\"2591\" data-end=\"2614\">Uzun \u00f6m\u00fcrl\u00fc makineler<\/li>\n<\/ul>\n<h3 data-start=\"2616\" data-end=\"2652\">3. Geri D\u00f6n\u00fc\u015f\u00fcm ve At\u0131k Y\u00f6netimi<\/h3>\n<p data-start=\"2654\" data-end=\"2889\">\u00c7evre dostu \u00e7\u00f6z\u00fcmler arayan i\u015fletmeler i\u00e7in <strong data-start=\"2698\" data-end=\"2720\">K\u0131rma Eleme Tesisi<\/strong>, at\u0131klar\u0131n ayr\u0131lmas\u0131 ve geri d\u00f6n\u00fc\u015ft\u00fcr\u00fclmesi s\u00fcrecinde kritik bir rol oynar. Bu makineler, malzemeleri verimli bir \u015fekilde ay\u0131rarak geri d\u00f6n\u00fc\u015f\u00fcm i\u015flemlerini h\u0131zland\u0131r\u0131r.<\/p>\n<ul data-start=\"2891\" data-end=\"2955\">\n<li data-start=\"2891\" data-end=\"2911\">\u00c7evre dostu \u00fcretim<\/li>\n<li data-start=\"2912\" data-end=\"2935\">D\u00fc\u015f\u00fck enerji t\u00fcketimi<\/li>\n<li data-start=\"2936\" data-end=\"2955\">Y\u00fcksek verimlilik<\/li>\n<\/ul>\n<h3 data-start=\"2957\" data-end=\"2985\">4. Tar\u0131m ve G\u0131da Sekt\u00f6r\u00fc<\/h3>\n<p data-start=\"2987\" data-end=\"3182\">Tar\u0131m ve g\u0131da sekt\u00f6r\u00fcnde, \u00f6zellikle hammaddelerin i\u015flenmesi s\u0131ras\u0131nda <strong data-start=\"3057\" data-end=\"3079\">K\u0131rma Eleme Tesisi<\/strong> kullan\u0131m\u0131 artm\u0131\u015ft\u0131r. \u00d6zellikle tah\u0131l, m\u0131s\u0131r gibi \u00fcr\u00fcnlerin i\u015flenmesinde etkili bir \u015fekilde kullan\u0131l\u0131r.<\/p>\n<ul data-start=\"3184\" data-end=\"3234\">\n<li data-start=\"3184\" data-end=\"3199\">Hassas i\u015fleme<\/li>\n<li data-start=\"3200\" data-end=\"3216\">G\u0131da g\u00fcvenli\u011fi<\/li>\n<li data-start=\"3217\" data-end=\"3234\">Y\u00fcksek kapasite<\/li>\n<\/ul>\n<h2 data-start=\"3236\" data-end=\"3279\">MT Royal&#8217;in K\u0131rma Eleme Tesisi \u00c7\u00f6z\u00fcmleri<\/h2>\n<p data-start=\"3281\" data-end=\"3601\"><strong data-start=\"3281\" data-end=\"3293\">MT Royal<\/strong>, <strong data-start=\"3295\" data-end=\"3317\">K\u0131rma Eleme Tesisi<\/strong> makineleri konusunda sekt\u00f6rdeki en kaliteli ve uygun fiyatl\u0131 \u00e7\u00f6z\u00fcmleri sunmaktad\u0131r. \u015eirket, yaln\u0131zca y\u00fcksek verimlilik sa\u011flayan makineler temin etmekle kalmaz, ayn\u0131 zamanda her sekt\u00f6r i\u00e7in \u00f6zelle\u015ftirilmi\u015f \u00e7\u00f6z\u00fcmler sunarak, i\u015fletmelerin ihtiya\u00e7lar\u0131na en uygun makineleri tedarik eder.<\/p>\n<p data-start=\"3603\" data-end=\"3639\"><b>1. Y\u00fcksek Kapasite ve Verimlilik<\/b><\/p>\n<p data-start=\"3641\" data-end=\"3873\"><strong data-start=\"3641\" data-end=\"3653\">MT Royal<\/strong> taraf\u0131ndan temin edilen <strong data-start=\"3678\" data-end=\"3700\">K\u0131rma Eleme Tesisi<\/strong> makineleri, y\u00fcksek kapasiteye sahip olup, daha k\u0131sa s\u00fcrede daha fazla \u00fcretim yapman\u0131z\u0131 sa\u011flar. Bu makineler, i\u015f g\u00fcc\u00fcnden ve zaman diliminden tasarruf etmenize olanak tan\u0131r.<\/p>\n<p data-start=\"3875\" data-end=\"3907\"><b>2. Dayan\u0131kl\u0131l\u0131k ve Uzun \u00d6m\u00fcr<\/b><\/p>\n<p data-start=\"3909\" data-end=\"4140\"><strong data-start=\"3909\" data-end=\"3931\">K\u0131rma Eleme Tesisi<\/strong> makineleri, zorlu \u00e7al\u0131\u015fma ko\u015fullar\u0131nda bile y\u00fcksek performans g\u00f6sterir. MT Royal, bu makineleri uzun \u00f6m\u00fcrl\u00fc ve dayan\u0131kl\u0131 malzemelerle \u00fcretir, b\u00f6ylece i\u015fletmeniz uzun vadeli yat\u0131r\u0131m yapma f\u0131rsat\u0131na sahip olur.<\/p>\n<p data-start=\"4142\" data-end=\"4170\"><b>3. D\u00fc\u015f\u00fck Enerji T\u00fcketimi<\/b><\/p>\n<p data-start=\"4172\" data-end=\"4427\">Enerji verimlili\u011fi, her end\u00fcstride \u00f6nemli bir fakt\u00f6rd\u00fcr. <strong data-start=\"4229\" data-end=\"4241\">MT Royal<\/strong>\u2019in sa\u011flad\u0131\u011f\u0131 makineler, d\u00fc\u015f\u00fck enerji t\u00fcketimi ile y\u00fcksek verimlilik sunar. B\u00f6ylece i\u015fletmenizin operasyonel maliyetlerini azaltarak, \u00e7evreye de duyarl\u0131 bir \u00fcretim s\u00fcreci elde edersiniz.<\/p>\n<p data-start=\"4429\" data-end=\"4469\"><b>4. Kolay Bak\u0131m ve Yedek Par\u00e7a Temini<\/b><\/p>\n<p data-start=\"4471\" data-end=\"4640\"><strong data-start=\"4471\" data-end=\"4483\">MT Royal<\/strong>, sa\u011flad\u0131\u011f\u0131 makinelerin bak\u0131m s\u00fcre\u00e7lerini kolayla\u015ft\u0131r\u0131r ve yedek par\u00e7a temininde h\u0131zla \u00e7\u00f6z\u00fcm sunar. Bu, tesislerin kesintisiz bir \u015fekilde \u00e7al\u0131\u015fmas\u0131n\u0131 sa\u011flar.<\/p>\n<h2 data-start=\"4642\" data-end=\"4675\">K\u0131rma Eleme Tesisi \u00d6zellikleri<\/h2>\n<table data-start=\"4677\" data-end=\"5157\">\n<thead data-start=\"4677\" data-end=\"4745\">\n<tr data-start=\"4677\" data-end=\"4745\">\n<th data-start=\"4677\" data-end=\"4705\">\u00d6zellik<\/th>\n<th data-start=\"4705\" data-end=\"4745\">Detaylar<\/th>\n<\/tr>\n<\/thead>\n<tbody data-start=\"4815\" data-end=\"5157\">\n<tr data-start=\"4815\" data-end=\"4882\">\n<td>Y\u00fcksek Kapasite<\/td>\n<td>H\u0131zl\u0131 i\u015flem s\u00fcreci ve y\u00fcksek \u00fcretim<\/td>\n<\/tr>\n<tr data-start=\"4883\" data-end=\"4951\">\n<td>Dayan\u0131kl\u0131 Malzeme<\/td>\n<td>Uzun \u00f6m\u00fcrl\u00fc kullan\u0131m ve dayan\u0131kl\u0131l\u0131k<\/td>\n<\/tr>\n<tr data-start=\"4952\" data-end=\"5019\">\n<td>Enerji Verimlili\u011fi<\/td>\n<td>D\u00fc\u015f\u00fck enerji t\u00fcketimi<\/td>\n<\/tr>\n<tr data-start=\"5020\" data-end=\"5087\">\n<td>Kolay Bak\u0131m<\/td>\n<td>H\u0131zl\u0131 ve verimli bak\u0131m s\u00fcre\u00e7leri<\/td>\n<\/tr>\n<tr data-start=\"5088\" data-end=\"5157\">\n<td>\u00c7e\u015fitli Kapasite Se\u00e7enekleri<\/td>\n<td>\u0130htiyaca g\u00f6re \u00f6zelle\u015ftirilebilir<\/td>\n<\/tr>\n<\/tbody>\n<\/table>\n<h2 data-start=\"5159\" data-end=\"5223\">K\u0131rma Eleme Tesisi ile \u00dcretiminizi Nas\u0131l Geli\u015ftirebilirsiniz?<\/h2>\n<p data-start=\"5225\" data-end=\"5478\">E\u011fer verimlili\u011finizi art\u0131rmak ve maliyetleri azaltmak istiyorsan\u0131z, <strong data-start=\"5293\" data-end=\"5315\">K\u0131rma Eleme Tesisi<\/strong> makineleri i\u015f s\u00fcre\u00e7lerinizi optimize edebilir. MT Royal, ihtiya\u00e7lar\u0131n\u0131za g\u00f6re en uygun \u00e7\u00f6z\u00fcm\u00fc sunarak, i\u015fletmenizin rekabet g\u00fcc\u00fcn\u00fc art\u0131rman\u0131za yard\u0131mc\u0131 olacakt\u0131r.<\/p>\n<h2 data-start=\"5480\" data-end=\"5488\">Sonu\u00e7<\/h2>\n<p data-start=\"5490\" data-end=\"5964\"><strong data-start=\"5490\" data-end=\"5512\">K\u0131rma Eleme Tesisi<\/strong>, her sekt\u00f6rdeki \u00fcretim s\u00fcre\u00e7lerinin vazge\u00e7ilmez bir par\u00e7as\u0131 haline gelmi\u015ftir. <strong data-start=\"5591\" data-end=\"5603\">MT Royal<\/strong>\u2019in sundu\u011fu y\u00fcksek kaliteli makineler, i\u015fletmenizin verimlili\u011fini art\u0131rman\u0131n yan\u0131 s\u0131ra, enerji ve maliyet tasarrufu sa\u011flaman\u0131z\u0131 da m\u00fcmk\u00fcn k\u0131lar. E\u011fer siz de i\u015fletmenizin \u00fcretim s\u00fcre\u00e7lerini iyile\u015ftirmek istiyorsan\u0131z, <strong data-start=\"5819\" data-end=\"5841\">K\u0131rma Eleme Tesisi<\/strong> makineleri hakk\u0131nda daha fazla bilgi almak ve en uygun fiyatlarla sat\u0131n almak i\u00e7in hemen <strong data-start=\"5931\" data-end=\"5943\">MT Royal<\/strong> ile ileti\u015fime ge\u00e7in!<\/p>\n<div style='text-align:center' class='yasr-auto-insert-visitor'><\/div>","protected":false},"excerpt":{"rendered":"<p>MT Royal, T\u00fcrkiye&#8217;nin en g\u00fcvenilir end\u00fcstriyel makine tedarik\u00e7isi olarak k\u0131rma eleme &#8230; <\/p>\n","protected":false},"featured_media":9061,"comment_status":"open","ping_status":"closed","template":"","meta":{"yasr_overall_rating":0,"yasr_post_is_review":"","yasr_auto_insert_disabled":"","yasr_review_type":""},"product_brand":[],"product_cat":[129],"product_tag":[],"class_list":{"0":"post-9059","1":"product","2":"type-product","3":"status-publish","4":"has-post-thumbnail","6":"product_cat-kirma-eleme-ve-yikama-tesisleri","8":"first","9":"instock","10":"shipping-taxable","11":"product-type-simple"},"yoast_head":"<!-- This site is optimized with the Yoast SEO Premium plugin v24.5 (Yoast SEO v26.6) - https:\/\/yoast.com\/wordpress\/plugins\/seo\/ -->\n<title>K\u0131rma Eleme Tesisi - MTROYAL<\/title>\n<meta name=\"description\" content=\"MT Royal\u2019den k\u0131rma eleme tesisi alarak verimlili\u011finizi art\u0131r\u0131n. Uygun fiyat ve kaliteli makineler i\u00e7in hemen ileti\u015fime ge\u00e7in!\" \/>\n<meta name=\"robots\" content=\"index, follow, max-snippet:-1, max-image-preview:large, max-video-preview:-1\" \/>\n<link rel=\"canonical\" href=\"https:\/\/mtroyal.com.tr\/tr\/product\/kirma-eleme-tesisi\/\" \/>\n<meta property=\"og:locale\" content=\"tr_TR\" \/>\n<meta property=\"og:type\" content=\"article\" \/>\n<meta property=\"og:title\" content=\"K\u0131rma Eleme Tesisi\" \/>\n<meta property=\"og:description\" content=\"MT Royal\u2019den k\u0131rma eleme tesisi alarak verimlili\u011finizi art\u0131r\u0131n. Uygun fiyat ve kaliteli makineler i\u00e7in hemen ileti\u015fime ge\u00e7in!\" \/>\n<meta property=\"og:url\" content=\"https:\/\/mtroyal.com.tr\/tr\/product\/kirma-eleme-tesisi\/\" \/>\n<meta property=\"og:site_name\" content=\"MTROYAL\" \/>\n<meta property=\"og:image\" content=\"https:\/\/mtroyal.com.tr\/tr\/wp-content\/uploads\/2025\/02\/kirma-eleme-tesisi.jpg\" \/>\n\t<meta property=\"og:image:width\" content=\"585\" \/>\n\t<meta property=\"og:image:height\" content=\"302\" \/>\n\t<meta property=\"og:image:type\" content=\"image\/jpeg\" \/>\n<meta name=\"twitter:card\" content=\"summary_large_image\" \/>\n<script type=\"application\/ld+json\" class=\"yoast-schema-graph\">{\"@context\":\"https:\/\/schema.org\",\"@graph\":[{\"@type\":\"WebPage\",\"@id\":\"https:\/\/mtroyal.com.tr\/tr\/product\/kirma-eleme-tesisi\/\",\"url\":\"https:\/\/mtroyal.com.tr\/tr\/product\/kirma-eleme-tesisi\/\",\"name\":\"K\u0131rma Eleme Tesisi - MTROYAL\",\"isPartOf\":{\"@id\":\"https:\/\/mtroyal.com.tr\/tr\/#website\"},\"primaryImageOfPage\":{\"@id\":\"https:\/\/mtroyal.com.tr\/tr\/product\/kirma-eleme-tesisi\/#primaryimage\"},\"image\":{\"@id\":\"https:\/\/mtroyal.com.tr\/tr\/product\/kirma-eleme-tesisi\/#primaryimage\"},\"thumbnailUrl\":\"https:\/\/mtroyal.com.tr\/tr\/wp-content\/uploads\/2025\/02\/kirma-eleme-tesisi.jpg\",\"datePublished\":\"2025-05-02T11:02:30+00:00\",\"description\":\"MT Royal\u2019den k\u0131rma eleme tesisi alarak verimlili\u011finizi art\u0131r\u0131n. Uygun fiyat ve kaliteli makineler i\u00e7in hemen ileti\u015fime ge\u00e7in!\",\"breadcrumb\":{\"@id\":\"https:\/\/mtroyal.com.tr\/tr\/product\/kirma-eleme-tesisi\/#breadcrumb\"},\"inLanguage\":\"tr\",\"potentialAction\":[{\"@type\":\"ReadAction\",\"target\":[\"https:\/\/mtroyal.com.tr\/tr\/product\/kirma-eleme-tesisi\/\"]}]},{\"@type\":\"ImageObject\",\"inLanguage\":\"tr\",\"@id\":\"https:\/\/mtroyal.com.tr\/tr\/product\/kirma-eleme-tesisi\/#primaryimage\",\"url\":\"https:\/\/mtroyal.com.tr\/tr\/wp-content\/uploads\/2025\/02\/kirma-eleme-tesisi.jpg\",\"contentUrl\":\"https:\/\/mtroyal.com.tr\/tr\/wp-content\/uploads\/2025\/02\/kirma-eleme-tesisi.jpg\",\"width\":585,\"height\":302,\"caption\":\"k\u0131rma eleme tesisi\"},{\"@type\":\"BreadcrumbList\",\"@id\":\"https:\/\/mtroyal.com.tr\/tr\/product\/kirma-eleme-tesisi\/#breadcrumb\",\"itemListElement\":[{\"@type\":\"ListItem\",\"position\":1,\"name\":\"Home\",\"item\":\"https:\/\/mtroyal.com.tr\/tr\/\"},{\"@type\":\"ListItem\",\"position\":2,\"name\":\"\u00dcr\u00fcnlerimiz\",\"item\":\"https:\/\/mtroyal.com.tr\/tr\/urunlerimiz\/\"},{\"@type\":\"ListItem\",\"position\":3,\"name\":\"K\u0131rma Eleme Tesisi\"}]},{\"@type\":\"WebSite\",\"@id\":\"https:\/\/mtroyal.com.tr\/tr\/#website\",\"url\":\"https:\/\/mtroyal.com.tr\/tr\/\",\"name\":\"MTROYAL\",\"description\":\"\",\"publisher\":{\"@id\":\"https:\/\/mtroyal.com.tr\/tr\/#organization\"},\"potentialAction\":[{\"@type\":\"SearchAction\",\"target\":{\"@type\":\"EntryPoint\",\"urlTemplate\":\"https:\/\/mtroyal.com.tr\/tr\/?s={search_term_string}\"},\"query-input\":{\"@type\":\"PropertyValueSpecification\",\"valueRequired\":true,\"valueName\":\"search_term_string\"}}],\"inLanguage\":\"tr\"},{\"@type\":\"Organization\",\"@id\":\"https:\/\/mtroyal.com.tr\/tr\/#organization\",\"name\":\"MTROYAL\",\"url\":\"https:\/\/mtroyal.com.tr\/tr\/\",\"logo\":{\"@type\":\"ImageObject\",\"inLanguage\":\"tr\",\"@id\":\"https:\/\/mtroyal.com.tr\/tr\/#\/schema\/logo\/image\/\",\"url\":\"https:\/\/mtroyal.com.tr\/tr\/wp-content\/uploads\/2023\/12\/mt-logo.png\",\"contentUrl\":\"https:\/\/mtroyal.com.tr\/tr\/wp-content\/uploads\/2023\/12\/mt-logo.png\",\"width\":313,\"height\":261,\"caption\":\"MTROYAL\"},\"image\":{\"@id\":\"https:\/\/mtroyal.com.tr\/tr\/#\/schema\/logo\/image\/\"}},false]}<\/script>\n<!-- \/ Yoast SEO Premium plugin. -->","yoast_head_json":{"title":"K\u0131rma Eleme Tesisi - MTROYAL","description":"MT Royal\u2019den k\u0131rma eleme tesisi alarak verimlili\u011finizi art\u0131r\u0131n. Uygun fiyat ve kaliteli makineler i\u00e7in hemen ileti\u015fime ge\u00e7in!","robots":{"index":"index","follow":"follow","max-snippet":"max-snippet:-1","max-image-preview":"max-image-preview:large","max-video-preview":"max-video-preview:-1"},"canonical":"https:\/\/mtroyal.com.tr\/tr\/product\/kirma-eleme-tesisi\/","og_locale":"tr_TR","og_type":"article","og_title":"K\u0131rma Eleme Tesisi","og_description":"MT Royal\u2019den k\u0131rma eleme tesisi alarak verimlili\u011finizi art\u0131r\u0131n. Uygun fiyat ve kaliteli makineler i\u00e7in hemen ileti\u015fime ge\u00e7in!","og_url":"https:\/\/mtroyal.com.tr\/tr\/product\/kirma-eleme-tesisi\/","og_site_name":"MTROYAL","og_image":[{"width":585,"height":302,"url":"https:\/\/mtroyal.com.tr\/tr\/wp-content\/uploads\/2025\/02\/kirma-eleme-tesisi.jpg","type":"image\/jpeg"}],"twitter_card":"summary_large_image","schema":{"@context":"https:\/\/schema.org","@graph":[{"@type":"WebPage","@id":"https:\/\/mtroyal.com.tr\/tr\/product\/kirma-eleme-tesisi\/","url":"https:\/\/mtroyal.com.tr\/tr\/product\/kirma-eleme-tesisi\/","name":"K\u0131rma Eleme Tesisi - MTROYAL","isPartOf":{"@id":"https:\/\/mtroyal.com.tr\/tr\/#website"},"primaryImageOfPage":{"@id":"https:\/\/mtroyal.com.tr\/tr\/product\/kirma-eleme-tesisi\/#primaryimage"},"image":{"@id":"https:\/\/mtroyal.com.tr\/tr\/product\/kirma-eleme-tesisi\/#primaryimage"},"thumbnailUrl":"https:\/\/mtroyal.com.tr\/tr\/wp-content\/uploads\/2025\/02\/kirma-eleme-tesisi.jpg","datePublished":"2025-05-02T11:02:30+00:00","description":"MT Royal\u2019den k\u0131rma eleme tesisi alarak verimlili\u011finizi art\u0131r\u0131n. Uygun fiyat ve kaliteli makineler i\u00e7in hemen ileti\u015fime ge\u00e7in!","breadcrumb":{"@id":"https:\/\/mtroyal.com.tr\/tr\/product\/kirma-eleme-tesisi\/#breadcrumb"},"inLanguage":"tr","potentialAction":[{"@type":"ReadAction","target":["https:\/\/mtroyal.com.tr\/tr\/product\/kirma-eleme-tesisi\/"]}]},{"@type":"ImageObject","inLanguage":"tr","@id":"https:\/\/mtroyal.com.tr\/tr\/product\/kirma-eleme-tesisi\/#primaryimage","url":"https:\/\/mtroyal.com.tr\/tr\/wp-content\/uploads\/2025\/02\/kirma-eleme-tesisi.jpg","contentUrl":"https:\/\/mtroyal.com.tr\/tr\/wp-content\/uploads\/2025\/02\/kirma-eleme-tesisi.jpg","width":585,"height":302,"caption":"k\u0131rma eleme tesisi"},{"@type":"BreadcrumbList","@id":"https:\/\/mtroyal.com.tr\/tr\/product\/kirma-eleme-tesisi\/#breadcrumb","itemListElement":[{"@type":"ListItem","position":1,"name":"Home","item":"https:\/\/mtroyal.com.tr\/tr\/"},{"@type":"ListItem","position":2,"name":"\u00dcr\u00fcnlerimiz","item":"https:\/\/mtroyal.com.tr\/tr\/urunlerimiz\/"},{"@type":"ListItem","position":3,"name":"K\u0131rma Eleme Tesisi"}]},{"@type":"WebSite","@id":"https:\/\/mtroyal.com.tr\/tr\/#website","url":"https:\/\/mtroyal.com.tr\/tr\/","name":"MTROYAL","description":"","publisher":{"@id":"https:\/\/mtroyal.com.tr\/tr\/#organization"},"potentialAction":[{"@type":"SearchAction","target":{"@type":"EntryPoint","urlTemplate":"https:\/\/mtroyal.com.tr\/tr\/?s={search_term_string}"},"query-input":{"@type":"PropertyValueSpecification","valueRequired":true,"valueName":"search_term_string"}}],"inLanguage":"tr"},{"@type":"Organization","@id":"https:\/\/mtroyal.com.tr\/tr\/#organization","name":"MTROYAL","url":"https:\/\/mtroyal.com.tr\/tr\/","logo":{"@type":"ImageObject","inLanguage":"tr","@id":"https:\/\/mtroyal.com.tr\/tr\/#\/schema\/logo\/image\/","url":"https:\/\/mtroyal.com.tr\/tr\/wp-content\/uploads\/2023\/12\/mt-logo.png","contentUrl":"https:\/\/mtroyal.com.tr\/tr\/wp-content\/uploads\/2023\/12\/mt-logo.png","width":313,"height":261,"caption":"MTROYAL"},"image":{"@id":"https:\/\/mtroyal.com.tr\/tr\/#\/schema\/logo\/image\/"}},false]}},"yasr_visitor_votes":{"stars_attributes":{"read_only":false,"span_bottom":false},"number_of_votes":0,"sum_votes":0},"_links":{"self":[{"href":"https:\/\/mtroyal.com.tr\/tr\/wp-json\/wp\/v2\/product\/9059","targetHints":{"allow":["GET"]}}],"collection":[{"href":"https:\/\/mtroyal.com.tr\/tr\/wp-json\/wp\/v2\/product"}],"about":[{"href":"https:\/\/mtroyal.com.tr\/tr\/wp-json\/wp\/v2\/types\/product"}],"replies":[{"embeddable":true,"href":"https:\/\/mtroyal.com.tr\/tr\/wp-json\/wp\/v2\/comments?post=9059"}],"wp:featuredmedia":[{"embeddable":true,"href":"https:\/\/mtroyal.com.tr\/tr\/wp-json\/wp\/v2\/media\/9061"}],"wp:attachment":[{"href":"https:\/\/mtroyal.com.tr\/tr\/wp-json\/wp\/v2\/media?parent=9059"}],"wp:term":[{"taxonomy":"product_brand","embeddable":true,"href":"https:\/\/mtroyal.com.tr\/tr\/wp-json\/wp\/v2\/product_brand?post=9059"},{"taxonomy":"product_cat","embeddable":true,"href":"https:\/\/mtroyal.com.tr\/tr\/wp-json\/wp\/v2\/product_cat?post=9059"},{"taxonomy":"product_tag","embeddable":true,"href":"https:\/\/mtroyal.com.tr\/tr\/wp-json\/wp\/v2\/product_tag?post=9059"}],"curies":[{"name":"wp","href":"https:\/\/api.w.org\/{rel}","templated":true}]}}