{"id":9079,"date":"2025-05-02T13:38:24","date_gmt":"2025-05-02T10:38:24","guid":{"rendered":"https:\/\/mtroyal.com.tr\/tr\/?post_type=product&#038;p=9079"},"modified":"2025-05-02T13:38:25","modified_gmt":"2025-05-02T10:38:25","slug":"kompakt-mobil-konik-kirici","status":"publish","type":"product","link":"https:\/\/mtroyal.com.tr\/tr\/product\/kompakt-mobil-konik-kirici\/","title":{"rendered":"Kompakt Mobil Konik K\u0131r\u0131c\u0131"},"content":{"rendered":"<p><strong style=\"font-size: 16px\">Kompakt Mobil Konik K\u0131r\u0131c\u0131<\/strong><span style=\"font-size: 16px\">, ta\u015f oca\u011f\u0131 ve madencilik gibi zorlu sekt\u00f6rlerdeki \u00f6nemli makinelerden biridir. Bu makineler, ta\u015flar\u0131 ve di\u011fer materyalleri kolayca k\u0131rarak, i\u015flemin verimlili\u011fini art\u0131r\u0131r. E\u011fer siz de kaliteli bir <\/span><strong style=\"font-size: 16px\">kompakt mobil konik k\u0131r\u0131c\u0131<\/strong><span style=\"font-size: 16px\"> aray\u0131\u015f\u0131ndaysan\u0131z, do\u011fru adrestesiniz! T\u00fcrkiye&#8217;nin lider sanayi makine tedarik\u00e7isi MT Royal, y\u00fcksek performansl\u0131 ve dayan\u0131kl\u0131 makineleriyle her zaman yan\u0131n\u0131zda. Bu yaz\u0131da, <\/span><strong style=\"font-size: 16px\">kompakt mobil konik k\u0131r\u0131c\u0131<\/strong><span style=\"font-size: 16px\"> hakk\u0131nda detayl\u0131 bilgilere ve MT Royal&#8217;in sundu\u011fu avantajlara g\u00f6z ataca\u011f\u0131z.<\/span><\/p>\n<h2><strong>Kompakt Mobil Konik K\u0131r\u0131c\u0131 Nedir?<\/strong><\/h2>\n<p><strong>Kompakt mobil konik k\u0131r\u0131c\u0131<\/strong>, ta\u015flar\u0131n k\u0131r\u0131lmas\u0131nda ve i\u015flenmesinde kullan\u0131lan mobil bir makinedir. Genellikle, b\u00fcy\u00fck ta\u015flar\u0131 daha k\u00fc\u00e7\u00fck par\u00e7alara ay\u0131rarak daha kolay ta\u015f\u0131nabilir hale getirir. Bu makineler, y\u00fcksek k\u0131rma kapasitesine sahip olup, ayn\u0131 zamanda ta\u015f\u0131nabilirlikleriyle de avantaj sa\u011flar. \u00d6zellikle in\u015faat ve maden sekt\u00f6rlerinde, pratik ve verimli bir \u00e7\u00f6z\u00fcm sunar.<\/p>\n<p>MT Royal\u2019in sundu\u011fu <strong>kompakt mobil konik k\u0131r\u0131c\u0131lar<\/strong>, kullan\u0131c\u0131lar\u0131n ihtiya\u00e7lar\u0131na g\u00f6re tasarlanm\u0131\u015f, verimlili\u011fi art\u0131ran, son teknolojiyle donat\u0131lm\u0131\u015f makineler olarak \u00f6ne \u00e7\u0131kar.<\/p>\n<h2><strong>Kompakt Mobil Konik K\u0131r\u0131c\u0131&#8217;n\u0131n Avantajlar\u0131<\/strong><\/h2>\n<p><strong>Y\u00fcksek Performans<\/strong><\/p>\n<p><strong>Kompakt mobil konik k\u0131r\u0131c\u0131<\/strong>, b\u00fcy\u00fck ta\u015flar\u0131 h\u0131zla k\u0131rarak y\u00fcksek verim sa\u011flar. Y\u00fcksek performans, i\u015f g\u00fcc\u00fcn\u00fc azalt\u0131r ve i\u015flerin daha h\u0131zl\u0131 tamamlanmas\u0131na yard\u0131mc\u0131 olur. MT Royal, her biri y\u00fcksek teknolojiyle donat\u0131lm\u0131\u015f makineler sunarak m\u00fc\u015fterilerinin verimlili\u011fini art\u0131r\u0131r.<\/p>\n<p><strong>Ta\u015f\u0131nabilirlik<\/strong><\/p>\n<p>Mobil konik k\u0131r\u0131c\u0131lar\u0131n en \u00f6nemli avantajlar\u0131ndan biri, ta\u015f\u0131nabilir olmalar\u0131d\u0131r. Bu makineler, her t\u00fcrl\u00fc arazide rahatl\u0131kla kullan\u0131labilir. Bu \u00f6zellik, \u00f6zellikle geni\u015f alanlarda \u00e7al\u0131\u015f\u0131rken b\u00fcy\u00fck bir kolayl\u0131k sa\u011flar. <strong>Kompakt mobil konik k\u0131r\u0131c\u0131<\/strong>, ta\u015f\u0131ma ve kurulum a\u00e7\u0131s\u0131ndan da olduk\u00e7a pratik olup, sahadaki hareketlili\u011fi art\u0131r\u0131r.<\/p>\n<p><strong>Dayan\u0131kl\u0131l\u0131k<\/strong><\/p>\n<p>MT Royal&#8217;in sundu\u011fu <strong>kompakt mobil konik k\u0131r\u0131c\u0131<\/strong> modelleri, uzun \u00f6m\u00fcrl\u00fc ve dayan\u0131kl\u0131d\u0131r. Zorlu \u00e7al\u0131\u015fma ko\u015fullar\u0131na kar\u015f\u0131 dayan\u0131kl\u0131 olarak \u00fcretilen bu makineler, zaman i\u00e7inde bak\u0131m gereksinimlerini minimuma indirir ve maliyetleri d\u00fc\u015f\u00fcr\u00fcr.<\/p>\n<p><strong>D\u00fc\u015f\u00fck Enerji T\u00fcketimi<\/strong><\/p>\n<p>Kompakt mobil konik k\u0131r\u0131c\u0131lar, y\u00fcksek verimlilik sa\u011flarken ayn\u0131 zamanda d\u00fc\u015f\u00fck enerji t\u00fcketir. Bu sayede i\u015fletmeler, enerji maliyetlerini minimize edebilir. MT Royal, bu makinelerin enerji verimlili\u011fini art\u0131ran \u00f6zelliklerle donat\u0131lmas\u0131n\u0131 sa\u011flar.<\/p>\n<h2><strong>Kompakt Mobil Konik K\u0131r\u0131c\u0131 Kullan\u0131m Alanlar\u0131<\/strong><\/h2>\n<p>Kompakt mobil konik k\u0131r\u0131c\u0131lar, bir\u00e7ok farkl\u0131 sekt\u00f6rde kullan\u0131labilecek \u00e7ok y\u00f6nl\u00fc makinelerdir. A\u015fa\u011f\u0131da, bu makinelerin kullan\u0131m alanlar\u0131ndan baz\u0131lar\u0131 yer almaktad\u0131r:<\/p>\n<ol>\n<li><strong>\u0130n\u015faat Sekt\u00f6r\u00fc:<\/strong> Ta\u015f ve molozlar\u0131 k\u0131rarak, in\u015faat sahalar\u0131nda h\u0131zl\u0131 bir \u015fekilde kullan\u0131labilir hale getirir.<\/li>\n<li><strong>Madencilik:<\/strong> \u00c7e\u015fitli mineralleri k\u0131rma i\u015flemi i\u00e7in kullan\u0131l\u0131r.<\/li>\n<li><strong>Yol Yap\u0131m\u0131:<\/strong> Yollar\u0131n in\u015fas\u0131 s\u0131ras\u0131nda, k\u0131r\u0131lm\u0131\u015f ta\u015flar temel malzeme olarak kullan\u0131labilir.<\/li>\n<li><strong>\u00c7evre Temizli\u011fi:<\/strong> \u00c7e\u015fitli in\u015faat ve ta\u015f ocaklar\u0131 at\u0131klar\u0131n\u0131 temizlemek amac\u0131yla da kullan\u0131l\u0131r.<\/li>\n<\/ol>\n<h2><strong>MT Royal&#8217;in Sunmu\u015f Oldu\u011fu Kompakt Mobil Konik K\u0131r\u0131c\u0131 Fark\u0131<\/strong><\/h2>\n<p>MT Royal, <strong>kompakt mobil konik k\u0131r\u0131c\u0131<\/strong> \u00fcr\u00fcnlerini en kaliteli \u015fekilde tedarik etmektedir. Peki, MT Royal\u2019i di\u011fer tedarik\u00e7ilerden ay\u0131ran \u00f6zellikler nelerdir?<\/p>\n<ol>\n<li><strong>Y\u00fcksek Kalite<\/strong>: MT Royal, her bir makineyi s\u0131k\u0131 kalite kontrol testlerinden ge\u00e7irerek y\u00fcksek kalitede \u00fcr\u00fcnler sunar.<\/li>\n<li><strong>H\u0131zl\u0131 Teslimat<\/strong>: Sipari\u015fleriniz h\u0131zla i\u015flenir ve teslimat s\u00fcresi k\u0131sa tutulur.<\/li>\n<li><strong>Uygun Fiyat<\/strong>: MT Royal, sanayi makinelerini en uygun fiyatlarla tedarik etmenizi sa\u011flar.<\/li>\n<li><strong>M\u00fc\u015fteri Deste\u011fi<\/strong>: MT Royal, sat\u0131n ald\u0131\u011f\u0131n\u0131z makinelerle ilgili her t\u00fcrl\u00fc deste\u011fi sa\u011flar. Makine kurulumu, bak\u0131m\u0131 ve onar\u0131m\u0131 konusunda uzman ekipler hizmetinizdedir.<\/li>\n<li><strong>Geni\u015f \u00dcr\u00fcn Yelpazesi<\/strong>: Kompakt mobil konik k\u0131r\u0131c\u0131 d\u0131\u015f\u0131nda bir\u00e7ok sanayi makinesi \u00fcr\u00fcn grubu sunarak, ihtiyac\u0131n\u0131z olan her \u015feyi ayn\u0131 adresten temin etmenizi sa\u011flar.<\/li>\n<\/ol>\n<h2><strong>Kompakt Mobil Konik K\u0131r\u0131c\u0131 Teknik \u00d6zellikleri<\/strong><\/h2>\n<p>A\u015fa\u011f\u0131daki tablo, MT Royal&#8217;in sundu\u011fu <strong>kompakt mobil konik k\u0131r\u0131c\u0131<\/strong> modellerinin temel \u00f6zelliklerini i\u00e7ermektedir:<\/p>\n<table>\n<thead>\n<tr>\n<th>\u00d6zellik<\/th>\n<th>De\u011ferler<\/th>\n<\/tr>\n<\/thead>\n<tbody>\n<tr>\n<td><strong>Motor G\u00fcc\u00fc<\/strong><\/td>\n<td>150-400 HP<\/td>\n<\/tr>\n<tr>\n<td><strong>Kapal\u0131 \u00c7ap\u0131<\/strong><\/td>\n<td>38-75 cm<\/td>\n<\/tr>\n<tr>\n<td><strong>Kapasite<\/strong><\/td>\n<td>100-350 ton\/saat<\/td>\n<\/tr>\n<tr>\n<td><strong>A\u011f\u0131rl\u0131k<\/strong><\/td>\n<td>20-50 ton<\/td>\n<\/tr>\n<tr>\n<td><strong>Enerji Verimlili\u011fi<\/strong><\/td>\n<td>%90\u2019a kadar<\/td>\n<\/tr>\n<tr>\n<td><strong>\u00c7al\u0131\u015fma Alan\u0131<\/strong><\/td>\n<td>50 m\u00b2 &#8211; 100 m\u00b2<\/td>\n<\/tr>\n<\/tbody>\n<\/table>\n<h2><strong>Sonu\u00e7: MT Royal&#8217;den Kompakt Mobil Konik K\u0131r\u0131c\u0131 ile Y\u00fcksek Verimlilik Sa\u011flay\u0131n!<\/strong><\/h2>\n<p>E\u011fer y\u00fcksek performansl\u0131 ve verimli bir <strong>kompakt mobil konik k\u0131r\u0131c\u0131<\/strong> aray\u0131\u015f\u0131ndaysan\u0131z, MT Royal tam size g\u00f6re! Y\u00fcksek kaliteyi, uygun fiyatlarla ve m\u00fckemmel m\u00fc\u015fteri deste\u011fi ile birle\u015ftirerek i\u015fletmenizin verimlili\u011fini art\u0131rabilirsiniz. <strong>Kompakt mobil konik k\u0131r\u0131c\u0131<\/strong> modellerimiz, her sekt\u00f6rdeki ihtiyac\u0131 kar\u015f\u0131lamak i\u00e7in ideal \u00e7\u00f6z\u00fcmler sunar. \u0130ster in\u015faat, ister madencilik sekt\u00f6r\u00fcnde olun, MT Royal&#8217;in sundu\u011fu makineler i\u015flerinizi kolayla\u015ft\u0131racak ve h\u0131zland\u0131racakt\u0131r.<\/p>\n<p>Hadi, <strong>MT Royal ile ileti\u015fime ge\u00e7in<\/strong> ve i\u015fletmeniz i\u00e7in en uygun <strong>kompakt mobil konik k\u0131r\u0131c\u0131y\u0131<\/strong> \u015fimdi sat\u0131n al\u0131n! Y\u00fcksek kaliteli makinelerle i\u015flerinizi daha verimli hale getirin ve sekt\u00f6r\u00fcn\u00fczdeki ba\u015far\u0131ya bir ad\u0131m daha yakla\u015f\u0131n! MT Royal&#8217;den <strong>Kompakt Mobil Konik K\u0131r\u0131c\u0131<\/strong> sat\u0131n alarak y\u00fcksek performansl\u0131 ve dayan\u0131kl\u0131 makinelerle i\u015fletmenizin verimlili\u011fini art\u0131r\u0131n! En uygun fiyatlar burada.<\/p>\n<div style='text-align:center' class='yasr-auto-insert-visitor'><\/div>","protected":false},"excerpt":{"rendered":"<p>\u0130\u015fletmenizi daha verimli hale getirmek ve sekt\u00f6rdeki rekabet g\u00fcc\u00fcn\u00fcz\u00fc art\u0131rmak i\u00e7in &#8230; <\/p>\n","protected":false},"featured_media":9083,"comment_status":"open","ping_status":"closed","template":"","meta":{"yasr_overall_rating":0,"yasr_post_is_review":"","yasr_auto_insert_disabled":"","yasr_review_type":""},"product_brand":[],"product_cat":[129],"product_tag":[],"class_list":{"0":"post-9079","1":"product","2":"type-product","3":"status-publish","4":"has-post-thumbnail","6":"product_cat-kirma-eleme-ve-yikama-tesisleri","8":"first","9":"instock","10":"shipping-taxable","11":"product-type-simple"},"yoast_head":"<!-- This site is optimized with the Yoast SEO Premium plugin v24.5 (Yoast SEO v26.6) - https:\/\/yoast.com\/wordpress\/plugins\/seo\/ -->\n<title>Kompakt Mobil Konik K\u0131r\u0131c\u0131 - MTROYAL<\/title>\n<meta name=\"description\" content=\"MT Royal&#039;den Kompakt Mobil Konik K\u0131r\u0131c\u0131 alarak i\u015fletmenizin verimlili\u011fini art\u0131r\u0131n! Y\u00fcksek performans ve uygun fiyatlarla en kaliteli makineler burada.\" \/>\n<meta name=\"robots\" content=\"index, follow, max-snippet:-1, max-image-preview:large, max-video-preview:-1\" \/>\n<link rel=\"canonical\" href=\"https:\/\/mtroyal.com.tr\/tr\/product\/kompakt-mobil-konik-kirici\/\" \/>\n<meta property=\"og:locale\" content=\"tr_TR\" \/>\n<meta property=\"og:type\" content=\"article\" \/>\n<meta property=\"og:title\" content=\"Kompakt Mobil Konik K\u0131r\u0131c\u0131\" \/>\n<meta property=\"og:description\" content=\"MT Royal&#039;den Kompakt Mobil Konik K\u0131r\u0131c\u0131 alarak i\u015fletmenizin verimlili\u011fini art\u0131r\u0131n! Y\u00fcksek performans ve uygun fiyatlarla en kaliteli makineler burada.\" \/>\n<meta property=\"og:url\" content=\"https:\/\/mtroyal.com.tr\/tr\/product\/kompakt-mobil-konik-kirici\/\" \/>\n<meta property=\"og:site_name\" content=\"MTROYAL\" \/>\n<meta property=\"article:modified_time\" content=\"2025-05-02T10:38:25+00:00\" \/>\n<meta property=\"og:image\" content=\"https:\/\/mtroyal.com.tr\/tr\/wp-content\/uploads\/2025\/02\/Kompakt-Mobil-Konik-Kirici.jpg\" \/>\n\t<meta property=\"og:image:width\" content=\"500\" \/>\n\t<meta property=\"og:image:height\" content=\"400\" \/>\n\t<meta property=\"og:image:type\" content=\"image\/jpeg\" \/>\n<meta name=\"twitter:card\" content=\"summary_large_image\" \/>\n<script type=\"application\/ld+json\" class=\"yoast-schema-graph\">{\"@context\":\"https:\/\/schema.org\",\"@graph\":[{\"@type\":\"WebPage\",\"@id\":\"https:\/\/mtroyal.com.tr\/tr\/product\/kompakt-mobil-konik-kirici\/\",\"url\":\"https:\/\/mtroyal.com.tr\/tr\/product\/kompakt-mobil-konik-kirici\/\",\"name\":\"Kompakt Mobil Konik K\u0131r\u0131c\u0131 - MTROYAL\",\"isPartOf\":{\"@id\":\"https:\/\/mtroyal.com.tr\/tr\/#website\"},\"primaryImageOfPage\":{\"@id\":\"https:\/\/mtroyal.com.tr\/tr\/product\/kompakt-mobil-konik-kirici\/#primaryimage\"},\"image\":{\"@id\":\"https:\/\/mtroyal.com.tr\/tr\/product\/kompakt-mobil-konik-kirici\/#primaryimage\"},\"thumbnailUrl\":\"https:\/\/mtroyal.com.tr\/tr\/wp-content\/uploads\/2025\/02\/Kompakt-Mobil-Konik-Kirici.jpg\",\"datePublished\":\"2025-05-02T10:38:24+00:00\",\"dateModified\":\"2025-05-02T10:38:25+00:00\",\"description\":\"MT Royal'den Kompakt Mobil Konik K\u0131r\u0131c\u0131 alarak i\u015fletmenizin verimlili\u011fini art\u0131r\u0131n! Y\u00fcksek performans ve uygun fiyatlarla en kaliteli makineler burada.\",\"breadcrumb\":{\"@id\":\"https:\/\/mtroyal.com.tr\/tr\/product\/kompakt-mobil-konik-kirici\/#breadcrumb\"},\"inLanguage\":\"tr\",\"potentialAction\":[{\"@type\":\"ReadAction\",\"target\":[\"https:\/\/mtroyal.com.tr\/tr\/product\/kompakt-mobil-konik-kirici\/\"]}]},{\"@type\":\"ImageObject\",\"inLanguage\":\"tr\",\"@id\":\"https:\/\/mtroyal.com.tr\/tr\/product\/kompakt-mobil-konik-kirici\/#primaryimage\",\"url\":\"https:\/\/mtroyal.com.tr\/tr\/wp-content\/uploads\/2025\/02\/Kompakt-Mobil-Konik-Kirici.jpg\",\"contentUrl\":\"https:\/\/mtroyal.com.tr\/tr\/wp-content\/uploads\/2025\/02\/Kompakt-Mobil-Konik-Kirici.jpg\",\"width\":500,\"height\":400,\"caption\":\"Kompakt Mobil Konik K\u0131r\u0131c\u0131\"},{\"@type\":\"BreadcrumbList\",\"@id\":\"https:\/\/mtroyal.com.tr\/tr\/product\/kompakt-mobil-konik-kirici\/#breadcrumb\",\"itemListElement\":[{\"@type\":\"ListItem\",\"position\":1,\"name\":\"Home\",\"item\":\"https:\/\/mtroyal.com.tr\/tr\/\"},{\"@type\":\"ListItem\",\"position\":2,\"name\":\"\u00dcr\u00fcnlerimiz\",\"item\":\"https:\/\/mtroyal.com.tr\/tr\/urunlerimiz\/\"},{\"@type\":\"ListItem\",\"position\":3,\"name\":\"Kompakt Mobil Konik K\u0131r\u0131c\u0131\"}]},{\"@type\":\"WebSite\",\"@id\":\"https:\/\/mtroyal.com.tr\/tr\/#website\",\"url\":\"https:\/\/mtroyal.com.tr\/tr\/\",\"name\":\"MTROYAL\",\"description\":\"\",\"publisher\":{\"@id\":\"https:\/\/mtroyal.com.tr\/tr\/#organization\"},\"potentialAction\":[{\"@type\":\"SearchAction\",\"target\":{\"@type\":\"EntryPoint\",\"urlTemplate\":\"https:\/\/mtroyal.com.tr\/tr\/?s={search_term_string}\"},\"query-input\":{\"@type\":\"PropertyValueSpecification\",\"valueRequired\":true,\"valueName\":\"search_term_string\"}}],\"inLanguage\":\"tr\"},{\"@type\":\"Organization\",\"@id\":\"https:\/\/mtroyal.com.tr\/tr\/#organization\",\"name\":\"MTROYAL\",\"url\":\"https:\/\/mtroyal.com.tr\/tr\/\",\"logo\":{\"@type\":\"ImageObject\",\"inLanguage\":\"tr\",\"@id\":\"https:\/\/mtroyal.com.tr\/tr\/#\/schema\/logo\/image\/\",\"url\":\"https:\/\/mtroyal.com.tr\/tr\/wp-content\/uploads\/2023\/12\/mt-logo.png\",\"contentUrl\":\"https:\/\/mtroyal.com.tr\/tr\/wp-content\/uploads\/2023\/12\/mt-logo.png\",\"width\":313,\"height\":261,\"caption\":\"MTROYAL\"},\"image\":{\"@id\":\"https:\/\/mtroyal.com.tr\/tr\/#\/schema\/logo\/image\/\"}},false]}<\/script>\n<!-- \/ Yoast SEO Premium plugin. -->","yoast_head_json":{"title":"Kompakt Mobil Konik K\u0131r\u0131c\u0131 - MTROYAL","description":"MT Royal'den Kompakt Mobil Konik K\u0131r\u0131c\u0131 alarak i\u015fletmenizin verimlili\u011fini art\u0131r\u0131n! Y\u00fcksek performans ve uygun fiyatlarla en kaliteli makineler burada.","robots":{"index":"index","follow":"follow","max-snippet":"max-snippet:-1","max-image-preview":"max-image-preview:large","max-video-preview":"max-video-preview:-1"},"canonical":"https:\/\/mtroyal.com.tr\/tr\/product\/kompakt-mobil-konik-kirici\/","og_locale":"tr_TR","og_type":"article","og_title":"Kompakt Mobil Konik K\u0131r\u0131c\u0131","og_description":"MT Royal'den Kompakt Mobil Konik K\u0131r\u0131c\u0131 alarak i\u015fletmenizin verimlili\u011fini art\u0131r\u0131n! Y\u00fcksek performans ve uygun fiyatlarla en kaliteli makineler burada.","og_url":"https:\/\/mtroyal.com.tr\/tr\/product\/kompakt-mobil-konik-kirici\/","og_site_name":"MTROYAL","article_modified_time":"2025-05-02T10:38:25+00:00","og_image":[{"width":500,"height":400,"url":"https:\/\/mtroyal.com.tr\/tr\/wp-content\/uploads\/2025\/02\/Kompakt-Mobil-Konik-Kirici.jpg","type":"image\/jpeg"}],"twitter_card":"summary_large_image","schema":{"@context":"https:\/\/schema.org","@graph":[{"@type":"WebPage","@id":"https:\/\/mtroyal.com.tr\/tr\/product\/kompakt-mobil-konik-kirici\/","url":"https:\/\/mtroyal.com.tr\/tr\/product\/kompakt-mobil-konik-kirici\/","name":"Kompakt Mobil Konik K\u0131r\u0131c\u0131 - MTROYAL","isPartOf":{"@id":"https:\/\/mtroyal.com.tr\/tr\/#website"},"primaryImageOfPage":{"@id":"https:\/\/mtroyal.com.tr\/tr\/product\/kompakt-mobil-konik-kirici\/#primaryimage"},"image":{"@id":"https:\/\/mtroyal.com.tr\/tr\/product\/kompakt-mobil-konik-kirici\/#primaryimage"},"thumbnailUrl":"https:\/\/mtroyal.com.tr\/tr\/wp-content\/uploads\/2025\/02\/Kompakt-Mobil-Konik-Kirici.jpg","datePublished":"2025-05-02T10:38:24+00:00","dateModified":"2025-05-02T10:38:25+00:00","description":"MT Royal'den Kompakt Mobil Konik K\u0131r\u0131c\u0131 alarak i\u015fletmenizin verimlili\u011fini art\u0131r\u0131n! Y\u00fcksek performans ve uygun fiyatlarla en kaliteli makineler burada.","breadcrumb":{"@id":"https:\/\/mtroyal.com.tr\/tr\/product\/kompakt-mobil-konik-kirici\/#breadcrumb"},"inLanguage":"tr","potentialAction":[{"@type":"ReadAction","target":["https:\/\/mtroyal.com.tr\/tr\/product\/kompakt-mobil-konik-kirici\/"]}]},{"@type":"ImageObject","inLanguage":"tr","@id":"https:\/\/mtroyal.com.tr\/tr\/product\/kompakt-mobil-konik-kirici\/#primaryimage","url":"https:\/\/mtroyal.com.tr\/tr\/wp-content\/uploads\/2025\/02\/Kompakt-Mobil-Konik-Kirici.jpg","contentUrl":"https:\/\/mtroyal.com.tr\/tr\/wp-content\/uploads\/2025\/02\/Kompakt-Mobil-Konik-Kirici.jpg","width":500,"height":400,"caption":"Kompakt Mobil Konik K\u0131r\u0131c\u0131"},{"@type":"BreadcrumbList","@id":"https:\/\/mtroyal.com.tr\/tr\/product\/kompakt-mobil-konik-kirici\/#breadcrumb","itemListElement":[{"@type":"ListItem","position":1,"name":"Home","item":"https:\/\/mtroyal.com.tr\/tr\/"},{"@type":"ListItem","position":2,"name":"\u00dcr\u00fcnlerimiz","item":"https:\/\/mtroyal.com.tr\/tr\/urunlerimiz\/"},{"@type":"ListItem","position":3,"name":"Kompakt Mobil Konik K\u0131r\u0131c\u0131"}]},{"@type":"WebSite","@id":"https:\/\/mtroyal.com.tr\/tr\/#website","url":"https:\/\/mtroyal.com.tr\/tr\/","name":"MTROYAL","description":"","publisher":{"@id":"https:\/\/mtroyal.com.tr\/tr\/#organization"},"potentialAction":[{"@type":"SearchAction","target":{"@type":"EntryPoint","urlTemplate":"https:\/\/mtroyal.com.tr\/tr\/?s={search_term_string}"},"query-input":{"@type":"PropertyValueSpecification","valueRequired":true,"valueName":"search_term_string"}}],"inLanguage":"tr"},{"@type":"Organization","@id":"https:\/\/mtroyal.com.tr\/tr\/#organization","name":"MTROYAL","url":"https:\/\/mtroyal.com.tr\/tr\/","logo":{"@type":"ImageObject","inLanguage":"tr","@id":"https:\/\/mtroyal.com.tr\/tr\/#\/schema\/logo\/image\/","url":"https:\/\/mtroyal.com.tr\/tr\/wp-content\/uploads\/2023\/12\/mt-logo.png","contentUrl":"https:\/\/mtroyal.com.tr\/tr\/wp-content\/uploads\/2023\/12\/mt-logo.png","width":313,"height":261,"caption":"MTROYAL"},"image":{"@id":"https:\/\/mtroyal.com.tr\/tr\/#\/schema\/logo\/image\/"}},false]}},"yasr_visitor_votes":{"stars_attributes":{"read_only":false,"span_bottom":false},"number_of_votes":0,"sum_votes":0},"_links":{"self":[{"href":"https:\/\/mtroyal.com.tr\/tr\/wp-json\/wp\/v2\/product\/9079","targetHints":{"allow":["GET"]}}],"collection":[{"href":"https:\/\/mtroyal.com.tr\/tr\/wp-json\/wp\/v2\/product"}],"about":[{"href":"https:\/\/mtroyal.com.tr\/tr\/wp-json\/wp\/v2\/types\/product"}],"replies":[{"embeddable":true,"href":"https:\/\/mtroyal.com.tr\/tr\/wp-json\/wp\/v2\/comments?post=9079"}],"wp:featuredmedia":[{"embeddable":true,"href":"https:\/\/mtroyal.com.tr\/tr\/wp-json\/wp\/v2\/media\/9083"}],"wp:attachment":[{"href":"https:\/\/mtroyal.com.tr\/tr\/wp-json\/wp\/v2\/media?parent=9079"}],"wp:term":[{"taxonomy":"product_brand","embeddable":true,"href":"https:\/\/mtroyal.com.tr\/tr\/wp-json\/wp\/v2\/product_brand?post=9079"},{"taxonomy":"product_cat","embeddable":true,"href":"https:\/\/mtroyal.com.tr\/tr\/wp-json\/wp\/v2\/product_cat?post=9079"},{"taxonomy":"product_tag","embeddable":true,"href":"https:\/\/mtroyal.com.tr\/tr\/wp-json\/wp\/v2\/product_tag?post=9079"}],"curies":[{"name":"wp","href":"https:\/\/api.w.org\/{rel}","templated":true}]}}