{"id":9227,"date":"2025-05-02T14:12:32","date_gmt":"2025-05-02T11:12:32","guid":{"rendered":"https:\/\/mtroyal.com.tr\/tr\/?post_type=product&#038;p=9227"},"modified":"2025-05-02T14:12:34","modified_gmt":"2025-05-02T11:12:34","slug":"darbeli-kirici-impact-crusher-2","status":"publish","type":"product","link":"https:\/\/mtroyal.com.tr\/tr\/product\/darbeli-kirici-impact-crusher-2\/","title":{"rendered":"Darbeli K\u0131r\u0131c\u0131 (Impact Crusher)"},"content":{"rendered":"<p>Darbeli k\u0131r\u0131c\u0131 (<strong>Impact Crusher<\/strong>), madencilik, in\u015faat ve ta\u015f ocaklar\u0131 gibi end\u00fcstriyel alanlarda sert ve orta sertlikteki malzemeleri etkili bir \u015fekilde par\u00e7alamak i\u00e7in kullan\u0131lan bir makinad\u0131r. MT Royal olarak, <strong>en dayan\u0131kl\u0131 ve verimli darbeli k\u0131r\u0131c\u0131lar\u0131<\/strong> sizlere en uygun fiyatlarla sunuyoruz.<\/p>\n<p>Darbeli k\u0131r\u0131c\u0131lar\u0131n sundu\u011fu avantajlar:<\/p>\n<ul>\n<li><strong>Y\u00fcksek k\u0131rma kapasitesi<\/strong><\/li>\n<li><strong>Dayan\u0131kl\u0131 ve uzun \u00f6m\u00fcrl\u00fc tasar\u0131m<\/strong><\/li>\n<li><strong>Bak\u0131m kolayl\u0131\u011f\u0131 ve d\u00fc\u015f\u00fck i\u015fletme maliyetleri<\/strong><\/li>\n<li><strong>Geni\u015f uygulama alanlar\u0131<\/strong><\/li>\n<\/ul>\n<h2><strong>Darbeli K\u0131r\u0131c\u0131n\u0131n \u00d6ne \u00c7\u0131kan \u00d6zellikleri<\/strong><\/h2>\n<p>MT Royal&#8217;in sundu\u011fu darbeli k\u0131r\u0131c\u0131 modelleri <strong>son teknoloji ile tasarlanm\u0131\u015f olup<\/strong>, y\u00fcksek verimlilik ve dayan\u0131kl\u0131l\u0131k sunar.<\/p>\n<table>\n<thead>\n<tr>\n<th><strong>\u00d6zellik<\/strong><\/th>\n<th><strong>A\u00e7\u0131klama<\/strong><\/th>\n<\/tr>\n<\/thead>\n<tbody>\n<tr>\n<td><strong>Kapasite<\/strong><\/td>\n<td>Y\u00fcksek tonajl\u0131 k\u0131rma kapasitesi<\/td>\n<\/tr>\n<tr>\n<td><strong>Dayan\u0131kl\u0131 Malzeme<\/strong><\/td>\n<td>A\u015f\u0131nmaya dayan\u0131kl\u0131 par\u00e7alar<\/td>\n<\/tr>\n<tr>\n<td><strong>Bak\u0131m Kolayl\u0131\u011f\u0131<\/strong><\/td>\n<td>Kolay de\u011fi\u015ftirilebilir aksam<\/td>\n<\/tr>\n<tr>\n<td><strong>Verimlilik<\/strong><\/td>\n<td>Daha az enerji t\u00fcketimi<\/td>\n<\/tr>\n<tr>\n<td><strong>Uygulama Alanlar\u0131<\/strong><\/td>\n<td>Madencilik, ta\u015f ocaklar\u0131, geri d\u00f6n\u00fc\u015f\u00fcm<\/td>\n<\/tr>\n<\/tbody>\n<\/table>\n<h2><strong>Darbeli K\u0131r\u0131c\u0131 Nas\u0131l \u00c7al\u0131\u015f\u0131r?<\/strong><\/h2>\n<p>Darbeli k\u0131r\u0131c\u0131lar, i\u00e7lerinde bulunan <strong>rotor ve darbe plakalar\u0131 yard\u0131m\u0131yla<\/strong> malzemeleri par\u00e7alayarak ince fraksiyonlara ay\u0131r\u0131r.<\/p>\n<ul>\n<li><strong>Rotor h\u0131zl\u0131 d\u00f6ner ve malzemeye darbe uygular.<\/strong><\/li>\n<li><strong>Malzeme, darbe plakalar\u0131na \u00e7arparak ufalan\u0131r.<\/strong><\/li>\n<li><strong>Sonu\u00e7 olarak, istenilen boyutta malzeme elde edilir.<\/strong><\/li>\n<\/ul>\n<p>Bu mekanizma, <strong>etkili k\u0131rma ve y\u00fcksek verimlilik<\/strong> sa\u011flar.<\/p>\n<h2><strong>MT Royal Darbeli K\u0131r\u0131c\u0131 Modelleri<\/strong><\/h2>\n<p>MT Royal, farkl\u0131 i\u015fletme ihtiya\u00e7lar\u0131na uygun olarak <strong>birincil (primer) ve ikincil (sekonder) darbeli k\u0131r\u0131c\u0131lar<\/strong> sunmaktad\u0131r:<\/p>\n<h3><strong>1. Primer Darbeli K\u0131r\u0131c\u0131<\/strong><\/h3>\n<ul>\n<li>Sert ve b\u00fcy\u00fck malzemelerin ilk k\u0131rma i\u015flemi i\u00e7in idealdir.<\/li>\n<li>Y\u00fcksek kapasite ve d\u00fc\u015f\u00fck enerji t\u00fcketimi sa\u011flar.<\/li>\n<\/ul>\n<h3><strong>2. Sekonder Darbeli K\u0131r\u0131c\u0131<\/strong><\/h3>\n<ul>\n<li>Orta sertlikteki malzemelerin <strong>ince fraksiyonlara<\/strong> ayr\u0131lmas\u0131nda kullan\u0131l\u0131r.<\/li>\n<li>Daha hassas k\u0131rma ve <strong>daha homojen son \u00fcr\u00fcn<\/strong> elde edilir.<\/li>\n<\/ul>\n<h2><strong>Darbeli K\u0131r\u0131c\u0131 Se\u00e7erken Nelere Dikkat Edilmelidir?<\/strong><\/h2>\n<p>Bir darbeli k\u0131r\u0131c\u0131 sat\u0131n almadan \u00f6nce \u015fu fakt\u00f6rleri g\u00f6z \u00f6n\u00fcnde bulundurmal\u0131s\u0131n\u0131z:<\/p>\n<ul>\n<li><strong>Malzeme Sertli\u011fi:<\/strong> Sert kaya\u00e7lar i\u00e7in <strong>primer<\/strong>, daha yumu\u015fak malzemeler i\u00e7in <strong>sekonder<\/strong> darbeli k\u0131r\u0131c\u0131 tercih edilmelidir.<\/li>\n<li><strong>Kapasite:<\/strong> \u00dcretim hacminize uygun bir model se\u00e7melisiniz.<\/li>\n<li><strong>Bak\u0131m Kolayl\u0131\u011f\u0131:<\/strong> Yedek par\u00e7a ve servis deste\u011fi sunan bir marka tercih edilmelidir.<\/li>\n<li><strong>Enerji Verimlili\u011fi:<\/strong> Daha az enerji t\u00fcketimi ile maliyet avantaj\u0131 sa\u011flayan modeller \u00f6nerilir.<\/li>\n<\/ul>\n<h2><strong>MT Royal Darbeli K\u0131r\u0131c\u0131 ile Rakiplerinizden Bir Ad\u0131m \u00d6nde Olun!<\/strong><\/h2>\n<p>MT Royal olarak <strong>end\u00fcstriyel makine ve a\u011f\u0131r ekipman konusunda lider bir firmay\u0131z<\/strong>.<\/p>\n<ul>\n<li>Y\u00fcksek kaliteli malzemeler kullanarak <strong>dayan\u0131kl\u0131 ve uzun \u00f6m\u00fcrl\u00fc makineler<\/strong> sunuyoruz.<\/li>\n<li><strong>Rekabet\u00e7i fiyatlar<\/strong> ile her ihtiyaca uygun \u00e7\u00f6z\u00fcmler sa\u011fl\u0131yoruz.<\/li>\n<li><strong>Uzman teknik destek ekibimiz<\/strong> ile her zaman yan\u0131n\u0131zday\u0131z.<\/li>\n<\/ul>\n<h2><strong>Hemen Teklif Al\u0131n!<\/strong><\/h2>\n<p>Siz de en iyi fiyatlarla <strong>MT Royal darbeli k\u0131r\u0131c\u0131<\/strong> sahibi olmak i\u00e7in bizimle ileti\u015fime ge\u00e7in. MT Royal darbeli k\u0131r\u0131c\u0131 en iyi fiyatlarla! Dayan\u0131kl\u0131, verimli ve y\u00fcksek kapasiteli Impact Crusher modellerimizle \u00fcretiminizi optimize edin. Hemen teklif al\u0131n!<\/p>\n<div style='text-align:center' class='yasr-auto-insert-visitor'><\/div>","protected":false},"excerpt":{"rendered":"<p>End\u00fcstriyel projeleriniz i\u00e7in y\u00fcksek performansl\u0131 ve dayan\u0131kl\u0131 <strong>Darbeli K\u0131r\u0131c\u0131 (Impact Crusher)<\/strong> &#8230; <\/p>\n","protected":false},"featured_media":9366,"comment_status":"open","ping_status":"closed","template":"","meta":{"yasr_overall_rating":0,"yasr_post_is_review":"","yasr_auto_insert_disabled":"","yasr_review_type":""},"product_brand":[],"product_cat":[321],"product_tag":[],"class_list":{"0":"post-9227","1":"product","2":"type-product","3":"status-publish","4":"has-post-thumbnail","6":"product_cat-kirma-ekipmanlari","8":"first","9":"instock","10":"shipping-taxable","11":"product-type-simple"},"yoast_head":"<!-- This site is optimized with the Yoast SEO Premium plugin v24.5 (Yoast SEO v26.6) - https:\/\/yoast.com\/wordpress\/plugins\/seo\/ -->\n<title>Darbeli K\u0131r\u0131c\u0131 (Impact Crusher) - MTROYAL<\/title>\n<meta name=\"description\" content=\"Darbeli k\u0131r\u0131c\u0131 (Impact Crusher) en iyi fiyatlarla MT Royal\u2019de! G\u00fc\u00e7l\u00fc performans&amp; dayan\u0131kl\u0131l\u0131k i\u00e7in hemen bizimle ileti\u015fime ge\u00e7in. Kaliteli \u00e7\u00f6z\u00fcmler burada!\" \/>\n<meta name=\"robots\" content=\"index, follow, max-snippet:-1, max-image-preview:large, max-video-preview:-1\" \/>\n<link rel=\"canonical\" href=\"https:\/\/mtroyal.com.tr\/tr\/product\/darbeli-kirici-impact-crusher-2\/\" \/>\n<meta property=\"og:locale\" content=\"tr_TR\" \/>\n<meta property=\"og:type\" content=\"article\" \/>\n<meta property=\"og:title\" content=\"Darbeli K\u0131r\u0131c\u0131 (Impact Crusher)\" \/>\n<meta property=\"og:description\" content=\"Darbeli k\u0131r\u0131c\u0131 (Impact Crusher) en iyi fiyatlarla MT Royal\u2019de! G\u00fc\u00e7l\u00fc performans&amp; dayan\u0131kl\u0131l\u0131k i\u00e7in hemen bizimle ileti\u015fime ge\u00e7in. Kaliteli \u00e7\u00f6z\u00fcmler burada!\" \/>\n<meta property=\"og:url\" content=\"https:\/\/mtroyal.com.tr\/tr\/product\/darbeli-kirici-impact-crusher-2\/\" \/>\n<meta property=\"og:site_name\" content=\"MTROYAL\" \/>\n<meta property=\"article:modified_time\" content=\"2025-05-02T11:12:34+00:00\" \/>\n<meta property=\"og:image\" content=\"https:\/\/mtroyal.com.tr\/tr\/wp-content\/uploads\/2025\/02\/Darbeli-Kirici-Impact-Crusher-1.jpg\" \/>\n\t<meta property=\"og:image:width\" content=\"586\" \/>\n\t<meta property=\"og:image:height\" content=\"371\" \/>\n\t<meta property=\"og:image:type\" content=\"image\/jpeg\" \/>\n<meta name=\"twitter:card\" content=\"summary_large_image\" \/>\n<script type=\"application\/ld+json\" class=\"yoast-schema-graph\">{\"@context\":\"https:\/\/schema.org\",\"@graph\":[{\"@type\":\"WebPage\",\"@id\":\"https:\/\/mtroyal.com.tr\/tr\/product\/darbeli-kirici-impact-crusher-2\/\",\"url\":\"https:\/\/mtroyal.com.tr\/tr\/product\/darbeli-kirici-impact-crusher-2\/\",\"name\":\"Darbeli K\u0131r\u0131c\u0131 (Impact Crusher) - MTROYAL\",\"isPartOf\":{\"@id\":\"https:\/\/mtroyal.com.tr\/tr\/#website\"},\"primaryImageOfPage\":{\"@id\":\"https:\/\/mtroyal.com.tr\/tr\/product\/darbeli-kirici-impact-crusher-2\/#primaryimage\"},\"image\":{\"@id\":\"https:\/\/mtroyal.com.tr\/tr\/product\/darbeli-kirici-impact-crusher-2\/#primaryimage\"},\"thumbnailUrl\":\"https:\/\/mtroyal.com.tr\/tr\/wp-content\/uploads\/2025\/02\/Darbeli-Kirici-Impact-Crusher-1.jpg\",\"datePublished\":\"2025-05-02T11:12:32+00:00\",\"dateModified\":\"2025-05-02T11:12:34+00:00\",\"description\":\"Darbeli k\u0131r\u0131c\u0131 (Impact Crusher) en iyi fiyatlarla MT Royal\u2019de! G\u00fc\u00e7l\u00fc performans& dayan\u0131kl\u0131l\u0131k i\u00e7in hemen bizimle ileti\u015fime ge\u00e7in. Kaliteli \u00e7\u00f6z\u00fcmler burada!\",\"breadcrumb\":{\"@id\":\"https:\/\/mtroyal.com.tr\/tr\/product\/darbeli-kirici-impact-crusher-2\/#breadcrumb\"},\"inLanguage\":\"tr\",\"potentialAction\":[{\"@type\":\"ReadAction\",\"target\":[\"https:\/\/mtroyal.com.tr\/tr\/product\/darbeli-kirici-impact-crusher-2\/\"]}]},{\"@type\":\"ImageObject\",\"inLanguage\":\"tr\",\"@id\":\"https:\/\/mtroyal.com.tr\/tr\/product\/darbeli-kirici-impact-crusher-2\/#primaryimage\",\"url\":\"https:\/\/mtroyal.com.tr\/tr\/wp-content\/uploads\/2025\/02\/Darbeli-Kirici-Impact-Crusher-1.jpg\",\"contentUrl\":\"https:\/\/mtroyal.com.tr\/tr\/wp-content\/uploads\/2025\/02\/Darbeli-Kirici-Impact-Crusher-1.jpg\",\"width\":586,\"height\":371,\"caption\":\"Darbeli K\u0131r\u0131c\u0131 (Impact Crusher)\"},{\"@type\":\"BreadcrumbList\",\"@id\":\"https:\/\/mtroyal.com.tr\/tr\/product\/darbeli-kirici-impact-crusher-2\/#breadcrumb\",\"itemListElement\":[{\"@type\":\"ListItem\",\"position\":1,\"name\":\"Home\",\"item\":\"https:\/\/mtroyal.com.tr\/tr\/\"},{\"@type\":\"ListItem\",\"position\":2,\"name\":\"\u00dcr\u00fcnlerimiz\",\"item\":\"https:\/\/mtroyal.com.tr\/tr\/urunlerimiz\/\"},{\"@type\":\"ListItem\",\"position\":3,\"name\":\"Darbeli K\u0131r\u0131c\u0131 (Impact Crusher)\"}]},{\"@type\":\"WebSite\",\"@id\":\"https:\/\/mtroyal.com.tr\/tr\/#website\",\"url\":\"https:\/\/mtroyal.com.tr\/tr\/\",\"name\":\"MTROYAL\",\"description\":\"\",\"publisher\":{\"@id\":\"https:\/\/mtroyal.com.tr\/tr\/#organization\"},\"potentialAction\":[{\"@type\":\"SearchAction\",\"target\":{\"@type\":\"EntryPoint\",\"urlTemplate\":\"https:\/\/mtroyal.com.tr\/tr\/?s={search_term_string}\"},\"query-input\":{\"@type\":\"PropertyValueSpecification\",\"valueRequired\":true,\"valueName\":\"search_term_string\"}}],\"inLanguage\":\"tr\"},{\"@type\":\"Organization\",\"@id\":\"https:\/\/mtroyal.com.tr\/tr\/#organization\",\"name\":\"MTROYAL\",\"url\":\"https:\/\/mtroyal.com.tr\/tr\/\",\"logo\":{\"@type\":\"ImageObject\",\"inLanguage\":\"tr\",\"@id\":\"https:\/\/mtroyal.com.tr\/tr\/#\/schema\/logo\/image\/\",\"url\":\"https:\/\/mtroyal.com.tr\/tr\/wp-content\/uploads\/2023\/12\/mt-logo.png\",\"contentUrl\":\"https:\/\/mtroyal.com.tr\/tr\/wp-content\/uploads\/2023\/12\/mt-logo.png\",\"width\":313,\"height\":261,\"caption\":\"MTROYAL\"},\"image\":{\"@id\":\"https:\/\/mtroyal.com.tr\/tr\/#\/schema\/logo\/image\/\"}},false]}<\/script>\n<!-- \/ Yoast SEO Premium plugin. -->","yoast_head_json":{"title":"Darbeli K\u0131r\u0131c\u0131 (Impact Crusher) - MTROYAL","description":"Darbeli k\u0131r\u0131c\u0131 (Impact Crusher) en iyi fiyatlarla MT Royal\u2019de! G\u00fc\u00e7l\u00fc performans& dayan\u0131kl\u0131l\u0131k i\u00e7in hemen bizimle ileti\u015fime ge\u00e7in. Kaliteli \u00e7\u00f6z\u00fcmler burada!","robots":{"index":"index","follow":"follow","max-snippet":"max-snippet:-1","max-image-preview":"max-image-preview:large","max-video-preview":"max-video-preview:-1"},"canonical":"https:\/\/mtroyal.com.tr\/tr\/product\/darbeli-kirici-impact-crusher-2\/","og_locale":"tr_TR","og_type":"article","og_title":"Darbeli K\u0131r\u0131c\u0131 (Impact Crusher)","og_description":"Darbeli k\u0131r\u0131c\u0131 (Impact Crusher) en iyi fiyatlarla MT Royal\u2019de! G\u00fc\u00e7l\u00fc performans& dayan\u0131kl\u0131l\u0131k i\u00e7in hemen bizimle ileti\u015fime ge\u00e7in. Kaliteli \u00e7\u00f6z\u00fcmler burada!","og_url":"https:\/\/mtroyal.com.tr\/tr\/product\/darbeli-kirici-impact-crusher-2\/","og_site_name":"MTROYAL","article_modified_time":"2025-05-02T11:12:34+00:00","og_image":[{"width":586,"height":371,"url":"https:\/\/mtroyal.com.tr\/tr\/wp-content\/uploads\/2025\/02\/Darbeli-Kirici-Impact-Crusher-1.jpg","type":"image\/jpeg"}],"twitter_card":"summary_large_image","schema":{"@context":"https:\/\/schema.org","@graph":[{"@type":"WebPage","@id":"https:\/\/mtroyal.com.tr\/tr\/product\/darbeli-kirici-impact-crusher-2\/","url":"https:\/\/mtroyal.com.tr\/tr\/product\/darbeli-kirici-impact-crusher-2\/","name":"Darbeli K\u0131r\u0131c\u0131 (Impact Crusher) - MTROYAL","isPartOf":{"@id":"https:\/\/mtroyal.com.tr\/tr\/#website"},"primaryImageOfPage":{"@id":"https:\/\/mtroyal.com.tr\/tr\/product\/darbeli-kirici-impact-crusher-2\/#primaryimage"},"image":{"@id":"https:\/\/mtroyal.com.tr\/tr\/product\/darbeli-kirici-impact-crusher-2\/#primaryimage"},"thumbnailUrl":"https:\/\/mtroyal.com.tr\/tr\/wp-content\/uploads\/2025\/02\/Darbeli-Kirici-Impact-Crusher-1.jpg","datePublished":"2025-05-02T11:12:32+00:00","dateModified":"2025-05-02T11:12:34+00:00","description":"Darbeli k\u0131r\u0131c\u0131 (Impact Crusher) en iyi fiyatlarla MT Royal\u2019de! G\u00fc\u00e7l\u00fc performans& dayan\u0131kl\u0131l\u0131k i\u00e7in hemen bizimle ileti\u015fime ge\u00e7in. Kaliteli \u00e7\u00f6z\u00fcmler burada!","breadcrumb":{"@id":"https:\/\/mtroyal.com.tr\/tr\/product\/darbeli-kirici-impact-crusher-2\/#breadcrumb"},"inLanguage":"tr","potentialAction":[{"@type":"ReadAction","target":["https:\/\/mtroyal.com.tr\/tr\/product\/darbeli-kirici-impact-crusher-2\/"]}]},{"@type":"ImageObject","inLanguage":"tr","@id":"https:\/\/mtroyal.com.tr\/tr\/product\/darbeli-kirici-impact-crusher-2\/#primaryimage","url":"https:\/\/mtroyal.com.tr\/tr\/wp-content\/uploads\/2025\/02\/Darbeli-Kirici-Impact-Crusher-1.jpg","contentUrl":"https:\/\/mtroyal.com.tr\/tr\/wp-content\/uploads\/2025\/02\/Darbeli-Kirici-Impact-Crusher-1.jpg","width":586,"height":371,"caption":"Darbeli K\u0131r\u0131c\u0131 (Impact Crusher)"},{"@type":"BreadcrumbList","@id":"https:\/\/mtroyal.com.tr\/tr\/product\/darbeli-kirici-impact-crusher-2\/#breadcrumb","itemListElement":[{"@type":"ListItem","position":1,"name":"Home","item":"https:\/\/mtroyal.com.tr\/tr\/"},{"@type":"ListItem","position":2,"name":"\u00dcr\u00fcnlerimiz","item":"https:\/\/mtroyal.com.tr\/tr\/urunlerimiz\/"},{"@type":"ListItem","position":3,"name":"Darbeli K\u0131r\u0131c\u0131 (Impact Crusher)"}]},{"@type":"WebSite","@id":"https:\/\/mtroyal.com.tr\/tr\/#website","url":"https:\/\/mtroyal.com.tr\/tr\/","name":"MTROYAL","description":"","publisher":{"@id":"https:\/\/mtroyal.com.tr\/tr\/#organization"},"potentialAction":[{"@type":"SearchAction","target":{"@type":"EntryPoint","urlTemplate":"https:\/\/mtroyal.com.tr\/tr\/?s={search_term_string}"},"query-input":{"@type":"PropertyValueSpecification","valueRequired":true,"valueName":"search_term_string"}}],"inLanguage":"tr"},{"@type":"Organization","@id":"https:\/\/mtroyal.com.tr\/tr\/#organization","name":"MTROYAL","url":"https:\/\/mtroyal.com.tr\/tr\/","logo":{"@type":"ImageObject","inLanguage":"tr","@id":"https:\/\/mtroyal.com.tr\/tr\/#\/schema\/logo\/image\/","url":"https:\/\/mtroyal.com.tr\/tr\/wp-content\/uploads\/2023\/12\/mt-logo.png","contentUrl":"https:\/\/mtroyal.com.tr\/tr\/wp-content\/uploads\/2023\/12\/mt-logo.png","width":313,"height":261,"caption":"MTROYAL"},"image":{"@id":"https:\/\/mtroyal.com.tr\/tr\/#\/schema\/logo\/image\/"}},false]}},"yasr_visitor_votes":{"stars_attributes":{"read_only":false,"span_bottom":false},"number_of_votes":0,"sum_votes":0},"_links":{"self":[{"href":"https:\/\/mtroyal.com.tr\/tr\/wp-json\/wp\/v2\/product\/9227","targetHints":{"allow":["GET"]}}],"collection":[{"href":"https:\/\/mtroyal.com.tr\/tr\/wp-json\/wp\/v2\/product"}],"about":[{"href":"https:\/\/mtroyal.com.tr\/tr\/wp-json\/wp\/v2\/types\/product"}],"replies":[{"embeddable":true,"href":"https:\/\/mtroyal.com.tr\/tr\/wp-json\/wp\/v2\/comments?post=9227"}],"wp:featuredmedia":[{"embeddable":true,"href":"https:\/\/mtroyal.com.tr\/tr\/wp-json\/wp\/v2\/media\/9366"}],"wp:attachment":[{"href":"https:\/\/mtroyal.com.tr\/tr\/wp-json\/wp\/v2\/media?parent=9227"}],"wp:term":[{"taxonomy":"product_brand","embeddable":true,"href":"https:\/\/mtroyal.com.tr\/tr\/wp-json\/wp\/v2\/product_brand?post=9227"},{"taxonomy":"product_cat","embeddable":true,"href":"https:\/\/mtroyal.com.tr\/tr\/wp-json\/wp\/v2\/product_cat?post=9227"},{"taxonomy":"product_tag","embeddable":true,"href":"https:\/\/mtroyal.com.tr\/tr\/wp-json\/wp\/v2\/product_tag?post=9227"}],"curies":[{"name":"wp","href":"https:\/\/api.w.org\/{rel}","templated":true}]}}