{"id":9256,"date":"2025-05-02T14:14:56","date_gmt":"2025-05-02T11:14:56","guid":{"rendered":"https:\/\/mtroyal.com.tr\/tr\/?post_type=product&#038;p=9256"},"modified":"2025-05-02T14:14:57","modified_gmt":"2025-05-02T11:14:57","slug":"cubuk-degirmeni-rod-mill","status":"publish","type":"product","link":"https:\/\/mtroyal.com.tr\/tr\/product\/cubuk-degirmeni-rod-mill\/","title":{"rendered":"\u00c7ubuk De\u011firmeni (Rod Mill)"},"content":{"rendered":"<p><strong style=\"font-size: 16px\">\u00c7ubuk de\u011firmeni (Rod Mill)<\/strong><span style=\"font-size: 16px\">, end\u00fcstriyel \u00fcretimde kullan\u0131lan ve sert malzemeleri ince toz haline getirmek i\u00e7in tasarlanm\u0131\u015f bir <\/span><strong style=\"font-size: 16px\">\u00f6\u011f\u00fctme makinesidir<\/strong><span style=\"font-size: 16px\">. Genellikle madencilik, metalurji, cam, seramik ve kimya end\u00fcstrilerinde yayg\u0131n olarak kullan\u0131l\u0131r. \u0130\u00e7erisindeki uzun \u00e7elik \u00e7ubuklar, d\u00f6nme hareketi sayesinde malzemeyi ezerek ve ufalayarak istenilen boyuta indirger.<\/span><\/p>\n<p>MT Royal olarak, <strong>en kaliteli \u00e7ubuk de\u011firmenlerini<\/strong> sizlere en uygun fiyatlarla sunuyoruz.<\/p>\n<h2>\u00c7ubuk De\u011firmeni Nas\u0131l \u00c7al\u0131\u015f\u0131r?<\/h2>\n<p>\u00c7ubuk de\u011firmenleri, <strong>d\u00f6ner tambur<\/strong> i\u00e7erisinde bulunan uzun \u00e7ubuklar sayesinde \u00e7al\u0131\u015f\u0131r. Bu tambur, motor g\u00fcc\u00fcyle d\u00f6nerek \u00e7ubuklar\u0131 harekete ge\u00e7irir. \u0130\u015fte temel \u00e7al\u0131\u015fma prensibi:<\/p>\n<ol>\n<li><strong>Malzeme besleme haznesinden girer.<\/strong><\/li>\n<li><strong>D\u00f6nen tambur, \u00e7ubuklar\u0131 harekete ge\u00e7irir.<\/strong><\/li>\n<li><strong>\u00c7ubuklar, malzemeyi s\u00fcrekli d\u00f6nerek ufalar.<\/strong><\/li>\n<li><strong>Par\u00e7alanan malzeme elekten ge\u00e7erek uygun b\u00fcy\u00fckl\u00fckte \u00e7\u0131k\u0131\u015f yapar.<\/strong><\/li>\n<li><strong>Son \u00fcr\u00fcn, paketleme veya daha ileri i\u015flem i\u00e7in haz\u0131r hale gelir.<\/strong><\/li>\n<\/ol>\n<h2>\u00c7ubuk De\u011firmeni Kullan\u0131m Alanlar\u0131<\/h2>\n<p><strong>\u00c7ubuk de\u011firmeni<\/strong>, farkl\u0131 end\u00fcstrilerde geni\u015f bir kullan\u0131m alan\u0131na sahiptir. Ba\u015fl\u0131ca kullan\u0131m alanlar\u0131 \u015funlard\u0131r:<\/p>\n<ul>\n<li><strong>Madencilik<\/strong>: Cevherlerin inceltilmesi ve \u00f6\u011f\u00fct\u00fclmesi.<\/li>\n<li><strong>Cam Sanayi<\/strong>: Cam ham maddelerinin ufalanmas\u0131.<\/li>\n<li><strong>Seramik End\u00fcstrisi<\/strong>: Seramik tozlar\u0131n\u0131n \u00f6\u011f\u00fct\u00fclmesi.<\/li>\n<li><strong>Kimya End\u00fcstrisi<\/strong>: Toz haline getirilmesi gereken kimyasal maddelerin i\u015flenmesi.<\/li>\n<li><strong>Metalurji<\/strong>: Metal tozlar\u0131n\u0131n \u015fekillendirilmesi.<\/li>\n<\/ul>\n<h2>MT Royal \u0130le \u00c7ubuk De\u011firmeni Sat\u0131n Alman\u0131n Avantajlar\u0131<\/h2>\n<p>MT Royal, <strong>end\u00fcstriyel makine ve a\u011f\u0131r ekipman alan\u0131nda \u00f6nc\u00fc bir firmad\u0131r<\/strong>. Bizimle \u00e7al\u0131\u015fman\u0131n sundu\u011fu avantajlar \u015funlard\u0131r:<\/p>\n<ul>\n<li><strong>Y\u00fcksek Kalite:<\/strong> Dayan\u0131kl\u0131 ve uzun \u00f6m\u00fcrl\u00fc makineler.<\/li>\n<li><strong>Rekabet\u00e7i Fiyatlar:<\/strong> En uygun fiyat garantisi.<\/li>\n<li><strong>Teknik Destek:<\/strong> Sat\u0131n alma \u00f6ncesi ve sonras\u0131 teknik destek.<\/li>\n<li><strong>H\u0131zl\u0131 Teslimat:<\/strong> T\u00fcrkiye geneli ve uluslararas\u0131 sevkiyat.<\/li>\n<li><strong>Garanti ve Servis:<\/strong> Uzun s\u00fcreli garanti ve servis deste\u011fi.<\/li>\n<\/ul>\n<h2>\u00c7ubuk De\u011firmeni Teknik \u00d6zellikler Tablosu<\/h2>\n<table>\n<thead>\n<tr>\n<th>\u00d6zellik<\/th>\n<th>De\u011fer<\/th>\n<\/tr>\n<\/thead>\n<tbody>\n<tr>\n<td>Tambur \u00c7ap\u0131<\/td>\n<td>900 &#8211; 3200 mm<\/td>\n<\/tr>\n<tr>\n<td>Tambur Uzunlu\u011fu<\/td>\n<td>1800 &#8211; 6000 mm<\/td>\n<\/tr>\n<tr>\n<td>Motor G\u00fcc\u00fc<\/td>\n<td>50 &#8211; 500 kW<\/td>\n<\/tr>\n<tr>\n<td>Kapasite<\/td>\n<td>0.5 &#8211; 180 t\/s<\/td>\n<\/tr>\n<tr>\n<td>\u00c7al\u0131\u015fma Prensibi<\/td>\n<td>Islak &amp; Kuru Sistem<\/td>\n<\/tr>\n<tr>\n<td>Malzeme Giri\u015f Boyutu<\/td>\n<td>25 &#8211; 50 mm<\/td>\n<\/tr>\n<tr>\n<td>Son \u00dcr\u00fcn Boyutu<\/td>\n<td>0.1 &#8211; 5 mm<\/td>\n<\/tr>\n<tr>\n<td>Kullan\u0131m Alanlar\u0131<\/td>\n<td>Madencilik, Kimya, Metalurji, Cam<\/td>\n<\/tr>\n<\/tbody>\n<\/table>\n<h2>Neden MT Royal?<\/h2>\n<p>MT Royal, <strong>end\u00fcstriyel makinelerde lider bir markad\u0131r<\/strong>. Kaliteli ve dayan\u0131kl\u0131 \u00e7\u00f6z\u00fcmlerimizle \u015firketinizin verimlili\u011fini art\u0131rman\u0131za yard\u0131mc\u0131 oluyoruz.<\/p>\n<ul>\n<li><strong>Uzman Kadro<\/strong>: Deneyimli m\u00fchendis ve teknik ekip.<\/li>\n<li><strong>Yenilik\u00e7i Teknoloji<\/strong>: En son \u00fcretim teknikleri ve Ar-Ge deste\u011fi.<\/li>\n<li><strong>M\u00fc\u015fteri Memnuniyeti<\/strong>: Geri bildirim odakl\u0131 \u00e7al\u0131\u015fma prensibi.<\/li>\n<li><strong>Esnek \u00d6deme Se\u00e7enekleri<\/strong>: Kolay ve esnek finansman imk\u00e2nlar\u0131.<\/li>\n<\/ul>\n<h2>MT Royal ile \u0130leti\u015fime Ge\u00e7in!<\/h2>\n<p>E\u011fer siz de <strong>en kaliteli \u00e7ubuk de\u011firmenini en uygun fiyatlarla<\/strong> almak istiyorsan\u0131z, MT Royal sizin i\u00e7in en do\u011fru adres! Hemen bizimle ileti\u015fime ge\u00e7in ve size \u00f6zel fiyat teklifimizi al\u0131n! <strong>MT Royal&#8217;in \u00fcretim g\u00fcc\u00fcn\u00fc ke\u015ffedin ve i\u015fletmenizin verimlili\u011fini art\u0131r\u0131n!<\/strong> En iyi <strong>\u00e7ubuk de\u011firmeni<\/strong> modellerini en uygun fiyatlarla sunuyoruz. Hemen bizimle ileti\u015fime ge\u00e7in ve MT Royal fark\u0131n\u0131 ya\u015fay\u0131n!<\/p>\n<div style='text-align:center' class='yasr-auto-insert-visitor'><\/div>","protected":false},"excerpt":{"rendered":"<p><span style=\"font-size: 16px\">MT Royal g\u00fcvencesiyle <\/span><strong style=\"font-size: 16px\">\u00c7ubuk De\u011firmeni (Rod Mill)<\/strong><span ... \n<\/p>\n","protected":false},"featured_media":9339,"comment_status":"open","ping_status":"closed","template":"","meta":{"yasr_overall_rating":0,"yasr_post_is_review":"","yasr_auto_insert_disabled":"","yasr_review_type":""},"product_brand":[],"product_cat":[321],"product_tag":[],"class_list":{"0":"post-9256","1":"product","2":"type-product","3":"status-publish","4":"has-post-thumbnail","6":"product_cat-kirma-ekipmanlari","8":"first","9":"instock","10":"shipping-taxable","11":"product-type-simple"},"yoast_head":"<!-- This site is optimized with the Yoast SEO Premium plugin v24.5 (Yoast SEO v26.6) - https:\/\/yoast.com\/wordpress\/plugins\/seo\/ -->\n<title>\u00c7ubuk De\u011firmeni (Rod Mill) - MTROYAL<\/title>\n<meta name=\"description\" content=\"MT Royal&#039;den en iyi fiyatlarla \u00c7ubuk De\u011firmeni (Rod Mill) sat\u0131n al\u0131n! \u00dcst\u00fcn kalite, dayan\u0131kl\u0131l\u0131k ve verimli \u00fcretim i\u00e7in hemen bizimle ileti\u015fime ge\u00e7in.\" \/>\n<meta name=\"robots\" content=\"index, follow, max-snippet:-1, max-image-preview:large, max-video-preview:-1\" \/>\n<link rel=\"canonical\" href=\"https:\/\/mtroyal.com.tr\/tr\/product\/cubuk-degirmeni-rod-mill\/\" \/>\n<meta property=\"og:locale\" content=\"tr_TR\" \/>\n<meta property=\"og:type\" content=\"article\" \/>\n<meta property=\"og:title\" content=\"\u00c7ubuk De\u011firmeni (Rod Mill)\" \/>\n<meta property=\"og:description\" content=\"MT Royal&#039;den en iyi fiyatlarla \u00c7ubuk De\u011firmeni (Rod Mill) sat\u0131n al\u0131n! \u00dcst\u00fcn kalite, dayan\u0131kl\u0131l\u0131k ve verimli \u00fcretim i\u00e7in hemen bizimle ileti\u015fime ge\u00e7in.\" \/>\n<meta property=\"og:url\" content=\"https:\/\/mtroyal.com.tr\/tr\/product\/cubuk-degirmeni-rod-mill\/\" \/>\n<meta property=\"og:site_name\" content=\"MTROYAL\" \/>\n<meta property=\"article:modified_time\" content=\"2025-05-02T11:14:57+00:00\" \/>\n<meta property=\"og:image\" content=\"https:\/\/mtroyal.com.tr\/tr\/wp-content\/uploads\/2025\/02\/Cubuk-Degirmeni-Rod-Mill.webp\" \/>\n\t<meta property=\"og:image:width\" content=\"800\" \/>\n\t<meta property=\"og:image:height\" content=\"545\" \/>\n\t<meta property=\"og:image:type\" content=\"image\/webp\" \/>\n<meta name=\"twitter:card\" content=\"summary_large_image\" \/>\n<script type=\"application\/ld+json\" class=\"yoast-schema-graph\">{\"@context\":\"https:\/\/schema.org\",\"@graph\":[{\"@type\":\"WebPage\",\"@id\":\"https:\/\/mtroyal.com.tr\/tr\/product\/cubuk-degirmeni-rod-mill\/\",\"url\":\"https:\/\/mtroyal.com.tr\/tr\/product\/cubuk-degirmeni-rod-mill\/\",\"name\":\"\u00c7ubuk De\u011firmeni (Rod Mill) - MTROYAL\",\"isPartOf\":{\"@id\":\"https:\/\/mtroyal.com.tr\/tr\/#website\"},\"primaryImageOfPage\":{\"@id\":\"https:\/\/mtroyal.com.tr\/tr\/product\/cubuk-degirmeni-rod-mill\/#primaryimage\"},\"image\":{\"@id\":\"https:\/\/mtroyal.com.tr\/tr\/product\/cubuk-degirmeni-rod-mill\/#primaryimage\"},\"thumbnailUrl\":\"https:\/\/mtroyal.com.tr\/tr\/wp-content\/uploads\/2025\/02\/Cubuk-Degirmeni-Rod-Mill.webp\",\"datePublished\":\"2025-05-02T11:14:56+00:00\",\"dateModified\":\"2025-05-02T11:14:57+00:00\",\"description\":\"MT Royal'den en iyi fiyatlarla \u00c7ubuk De\u011firmeni (Rod Mill) sat\u0131n al\u0131n! \u00dcst\u00fcn kalite, dayan\u0131kl\u0131l\u0131k ve verimli \u00fcretim i\u00e7in hemen bizimle ileti\u015fime ge\u00e7in.\",\"breadcrumb\":{\"@id\":\"https:\/\/mtroyal.com.tr\/tr\/product\/cubuk-degirmeni-rod-mill\/#breadcrumb\"},\"inLanguage\":\"tr\",\"potentialAction\":[{\"@type\":\"ReadAction\",\"target\":[\"https:\/\/mtroyal.com.tr\/tr\/product\/cubuk-degirmeni-rod-mill\/\"]}]},{\"@type\":\"ImageObject\",\"inLanguage\":\"tr\",\"@id\":\"https:\/\/mtroyal.com.tr\/tr\/product\/cubuk-degirmeni-rod-mill\/#primaryimage\",\"url\":\"https:\/\/mtroyal.com.tr\/tr\/wp-content\/uploads\/2025\/02\/Cubuk-Degirmeni-Rod-Mill.webp\",\"contentUrl\":\"https:\/\/mtroyal.com.tr\/tr\/wp-content\/uploads\/2025\/02\/Cubuk-Degirmeni-Rod-Mill.webp\",\"width\":800,\"height\":545,\"caption\":\"\u00c7ubuk De\u011firmeni (Rod Mill)\"},{\"@type\":\"BreadcrumbList\",\"@id\":\"https:\/\/mtroyal.com.tr\/tr\/product\/cubuk-degirmeni-rod-mill\/#breadcrumb\",\"itemListElement\":[{\"@type\":\"ListItem\",\"position\":1,\"name\":\"Home\",\"item\":\"https:\/\/mtroyal.com.tr\/tr\/\"},{\"@type\":\"ListItem\",\"position\":2,\"name\":\"\u00dcr\u00fcnlerimiz\",\"item\":\"https:\/\/mtroyal.com.tr\/tr\/urunlerimiz\/\"},{\"@type\":\"ListItem\",\"position\":3,\"name\":\"\u00c7ubuk De\u011firmeni (Rod Mill)\"}]},{\"@type\":\"WebSite\",\"@id\":\"https:\/\/mtroyal.com.tr\/tr\/#website\",\"url\":\"https:\/\/mtroyal.com.tr\/tr\/\",\"name\":\"MTROYAL\",\"description\":\"\",\"publisher\":{\"@id\":\"https:\/\/mtroyal.com.tr\/tr\/#organization\"},\"potentialAction\":[{\"@type\":\"SearchAction\",\"target\":{\"@type\":\"EntryPoint\",\"urlTemplate\":\"https:\/\/mtroyal.com.tr\/tr\/?s={search_term_string}\"},\"query-input\":{\"@type\":\"PropertyValueSpecification\",\"valueRequired\":true,\"valueName\":\"search_term_string\"}}],\"inLanguage\":\"tr\"},{\"@type\":\"Organization\",\"@id\":\"https:\/\/mtroyal.com.tr\/tr\/#organization\",\"name\":\"MTROYAL\",\"url\":\"https:\/\/mtroyal.com.tr\/tr\/\",\"logo\":{\"@type\":\"ImageObject\",\"inLanguage\":\"tr\",\"@id\":\"https:\/\/mtroyal.com.tr\/tr\/#\/schema\/logo\/image\/\",\"url\":\"https:\/\/mtroyal.com.tr\/tr\/wp-content\/uploads\/2023\/12\/mt-logo.png\",\"contentUrl\":\"https:\/\/mtroyal.com.tr\/tr\/wp-content\/uploads\/2023\/12\/mt-logo.png\",\"width\":313,\"height\":261,\"caption\":\"MTROYAL\"},\"image\":{\"@id\":\"https:\/\/mtroyal.com.tr\/tr\/#\/schema\/logo\/image\/\"}},false]}<\/script>\n<!-- \/ Yoast SEO Premium plugin. -->","yoast_head_json":{"title":"\u00c7ubuk De\u011firmeni (Rod Mill) - MTROYAL","description":"MT Royal'den en iyi fiyatlarla \u00c7ubuk De\u011firmeni (Rod Mill) sat\u0131n al\u0131n! \u00dcst\u00fcn kalite, dayan\u0131kl\u0131l\u0131k ve verimli \u00fcretim i\u00e7in hemen bizimle ileti\u015fime ge\u00e7in.","robots":{"index":"index","follow":"follow","max-snippet":"max-snippet:-1","max-image-preview":"max-image-preview:large","max-video-preview":"max-video-preview:-1"},"canonical":"https:\/\/mtroyal.com.tr\/tr\/product\/cubuk-degirmeni-rod-mill\/","og_locale":"tr_TR","og_type":"article","og_title":"\u00c7ubuk De\u011firmeni (Rod Mill)","og_description":"MT Royal'den en iyi fiyatlarla \u00c7ubuk De\u011firmeni (Rod Mill) sat\u0131n al\u0131n! \u00dcst\u00fcn kalite, dayan\u0131kl\u0131l\u0131k ve verimli \u00fcretim i\u00e7in hemen bizimle ileti\u015fime ge\u00e7in.","og_url":"https:\/\/mtroyal.com.tr\/tr\/product\/cubuk-degirmeni-rod-mill\/","og_site_name":"MTROYAL","article_modified_time":"2025-05-02T11:14:57+00:00","og_image":[{"width":800,"height":545,"url":"https:\/\/mtroyal.com.tr\/tr\/wp-content\/uploads\/2025\/02\/Cubuk-Degirmeni-Rod-Mill.webp","type":"image\/webp"}],"twitter_card":"summary_large_image","schema":{"@context":"https:\/\/schema.org","@graph":[{"@type":"WebPage","@id":"https:\/\/mtroyal.com.tr\/tr\/product\/cubuk-degirmeni-rod-mill\/","url":"https:\/\/mtroyal.com.tr\/tr\/product\/cubuk-degirmeni-rod-mill\/","name":"\u00c7ubuk De\u011firmeni (Rod Mill) - MTROYAL","isPartOf":{"@id":"https:\/\/mtroyal.com.tr\/tr\/#website"},"primaryImageOfPage":{"@id":"https:\/\/mtroyal.com.tr\/tr\/product\/cubuk-degirmeni-rod-mill\/#primaryimage"},"image":{"@id":"https:\/\/mtroyal.com.tr\/tr\/product\/cubuk-degirmeni-rod-mill\/#primaryimage"},"thumbnailUrl":"https:\/\/mtroyal.com.tr\/tr\/wp-content\/uploads\/2025\/02\/Cubuk-Degirmeni-Rod-Mill.webp","datePublished":"2025-05-02T11:14:56+00:00","dateModified":"2025-05-02T11:14:57+00:00","description":"MT Royal'den en iyi fiyatlarla \u00c7ubuk De\u011firmeni (Rod Mill) sat\u0131n al\u0131n! \u00dcst\u00fcn kalite, dayan\u0131kl\u0131l\u0131k ve verimli \u00fcretim i\u00e7in hemen bizimle ileti\u015fime ge\u00e7in.","breadcrumb":{"@id":"https:\/\/mtroyal.com.tr\/tr\/product\/cubuk-degirmeni-rod-mill\/#breadcrumb"},"inLanguage":"tr","potentialAction":[{"@type":"ReadAction","target":["https:\/\/mtroyal.com.tr\/tr\/product\/cubuk-degirmeni-rod-mill\/"]}]},{"@type":"ImageObject","inLanguage":"tr","@id":"https:\/\/mtroyal.com.tr\/tr\/product\/cubuk-degirmeni-rod-mill\/#primaryimage","url":"https:\/\/mtroyal.com.tr\/tr\/wp-content\/uploads\/2025\/02\/Cubuk-Degirmeni-Rod-Mill.webp","contentUrl":"https:\/\/mtroyal.com.tr\/tr\/wp-content\/uploads\/2025\/02\/Cubuk-Degirmeni-Rod-Mill.webp","width":800,"height":545,"caption":"\u00c7ubuk De\u011firmeni (Rod Mill)"},{"@type":"BreadcrumbList","@id":"https:\/\/mtroyal.com.tr\/tr\/product\/cubuk-degirmeni-rod-mill\/#breadcrumb","itemListElement":[{"@type":"ListItem","position":1,"name":"Home","item":"https:\/\/mtroyal.com.tr\/tr\/"},{"@type":"ListItem","position":2,"name":"\u00dcr\u00fcnlerimiz","item":"https:\/\/mtroyal.com.tr\/tr\/urunlerimiz\/"},{"@type":"ListItem","position":3,"name":"\u00c7ubuk De\u011firmeni (Rod Mill)"}]},{"@type":"WebSite","@id":"https:\/\/mtroyal.com.tr\/tr\/#website","url":"https:\/\/mtroyal.com.tr\/tr\/","name":"MTROYAL","description":"","publisher":{"@id":"https:\/\/mtroyal.com.tr\/tr\/#organization"},"potentialAction":[{"@type":"SearchAction","target":{"@type":"EntryPoint","urlTemplate":"https:\/\/mtroyal.com.tr\/tr\/?s={search_term_string}"},"query-input":{"@type":"PropertyValueSpecification","valueRequired":true,"valueName":"search_term_string"}}],"inLanguage":"tr"},{"@type":"Organization","@id":"https:\/\/mtroyal.com.tr\/tr\/#organization","name":"MTROYAL","url":"https:\/\/mtroyal.com.tr\/tr\/","logo":{"@type":"ImageObject","inLanguage":"tr","@id":"https:\/\/mtroyal.com.tr\/tr\/#\/schema\/logo\/image\/","url":"https:\/\/mtroyal.com.tr\/tr\/wp-content\/uploads\/2023\/12\/mt-logo.png","contentUrl":"https:\/\/mtroyal.com.tr\/tr\/wp-content\/uploads\/2023\/12\/mt-logo.png","width":313,"height":261,"caption":"MTROYAL"},"image":{"@id":"https:\/\/mtroyal.com.tr\/tr\/#\/schema\/logo\/image\/"}},false]}},"yasr_visitor_votes":{"stars_attributes":{"read_only":false,"span_bottom":false},"number_of_votes":0,"sum_votes":0},"_links":{"self":[{"href":"https:\/\/mtroyal.com.tr\/tr\/wp-json\/wp\/v2\/product\/9256","targetHints":{"allow":["GET"]}}],"collection":[{"href":"https:\/\/mtroyal.com.tr\/tr\/wp-json\/wp\/v2\/product"}],"about":[{"href":"https:\/\/mtroyal.com.tr\/tr\/wp-json\/wp\/v2\/types\/product"}],"replies":[{"embeddable":true,"href":"https:\/\/mtroyal.com.tr\/tr\/wp-json\/wp\/v2\/comments?post=9256"}],"wp:featuredmedia":[{"embeddable":true,"href":"https:\/\/mtroyal.com.tr\/tr\/wp-json\/wp\/v2\/media\/9339"}],"wp:attachment":[{"href":"https:\/\/mtroyal.com.tr\/tr\/wp-json\/wp\/v2\/media?parent=9256"}],"wp:term":[{"taxonomy":"product_brand","embeddable":true,"href":"https:\/\/mtroyal.com.tr\/tr\/wp-json\/wp\/v2\/product_brand?post=9256"},{"taxonomy":"product_cat","embeddable":true,"href":"https:\/\/mtroyal.com.tr\/tr\/wp-json\/wp\/v2\/product_cat?post=9256"},{"taxonomy":"product_tag","embeddable":true,"href":"https:\/\/mtroyal.com.tr\/tr\/wp-json\/wp\/v2\/product_tag?post=9256"}],"curies":[{"name":"wp","href":"https:\/\/api.w.org\/{rel}","templated":true}]}}