{"id":9259,"date":"2025-05-02T14:14:58","date_gmt":"2025-05-02T11:14:58","guid":{"rendered":"https:\/\/mtroyal.com.tr\/tr\/?post_type=product&#038;p=9259"},"modified":"2025-05-02T14:14:59","modified_gmt":"2025-05-02T11:14:59","slug":"raymond-degirmeni-raymond-mill","status":"publish","type":"product","link":"https:\/\/mtroyal.com.tr\/tr\/product\/raymond-degirmeni-raymond-mill\/","title":{"rendered":"Raymond De\u011firmeni (Raymond Mill)"},"content":{"rendered":"<p><span style=\"font-size: 16px\">Sanayi sekt\u00f6r\u00fcnde etkili ve verimli bir \u00f6\u011f\u00fctme makinesi ar\u0131yorsan\u0131z, Raymond De\u011firmeni tam size g\u00f6re! MT Royal olarak, end\u00fcstriyel makine ve a\u011f\u0131r ekipman \u00fcretiminde lider konumday\u0131z. En iyi kalite ve rekabet\u00e7i fiyatlarla sundu\u011fumuz Raymond De\u011firmeni, farkl\u0131 end\u00fcstriyel i\u015flemler i\u00e7in ideal bir \u00e7\u00f6z\u00fcm sunar.<\/span><\/p>\n<h2>Raymond De\u011firmeni Nedir?<\/h2>\n<p>Raymond De\u011firmeni, \u00e7e\u015fitli sertlik derecelerine sahip malzemeleri \u00f6\u011f\u00fcterek ince toz haline getirmek i\u00e7in kullan\u0131lan bir \u00f6\u011f\u00fctme makinesidir. Y\u00fcksek verimli \u00e7al\u0131\u015fma prensibi sayesinde madencilik, kimya, in\u015faat ve metalurji gibi farkl\u0131 end\u00fcstrilerde yayg\u0131n olarak kullan\u0131l\u0131r.<\/p>\n<h2>MT Royal Raymond De\u011firmeni&#8217;nin \u00d6zellikleri<\/h2>\n<table>\n<thead>\n<tr>\n<th>\u00d6zellik<\/th>\n<th>A\u00e7\u0131klama<\/th>\n<\/tr>\n<\/thead>\n<tbody>\n<tr>\n<td><strong>Malzeme Dayan\u0131kl\u0131l\u0131\u011f\u0131<\/strong><\/td>\n<td>Sert ve orta sert malzemeleri rahat\u00e7a \u00f6\u011f\u00fctebilir.<\/td>\n<\/tr>\n<tr>\n<td><strong>Y\u00fcksek Verimlilik<\/strong><\/td>\n<td>Enerji tasarruflu motor ve optimize edilmi\u015f tasar\u0131m.<\/td>\n<\/tr>\n<tr>\n<td><strong>Kolay Bak\u0131m<\/strong><\/td>\n<td>Mod\u00fcler yap\u0131 sayesinde h\u0131zl\u0131 par\u00e7a de\u011fi\u015fimi.<\/td>\n<\/tr>\n<tr>\n<td><strong>Ayarlanabilir Boyut<\/strong><\/td>\n<td>Farkl\u0131 i\u015flemler i\u00e7in \u00e7\u0131kt\u0131 boyutu ayarlanabilir.<\/td>\n<\/tr>\n<tr>\n<td><strong>Dayan\u0131kl\u0131 Yap\u0131<\/strong><\/td>\n<td>Uzun \u00f6m\u00fcrl\u00fc ve a\u015f\u0131nmaya dayan\u0131kl\u0131 b\u00e7ak ve silindirler.<\/td>\n<\/tr>\n<\/tbody>\n<\/table>\n<h2>Raymond De\u011firmeni&#8217;nin Avantajlar\u0131<\/h2>\n<ul>\n<li><strong>Enerji Tasarrufu:<\/strong> Geleneksel \u00f6\u011f\u00fctme makinelerine g\u00f6re daha az enerji t\u00fcketir.<\/li>\n<li><strong>Kolay Kullan\u0131m:<\/strong> Basit kontrol paneli ile kolay i\u015fletme imk\u00e2n\u0131 sunar.<\/li>\n<li><strong>Uzun \u00d6m\u00fcr:<\/strong> Dayan\u0131kl\u0131 yap\u0131s\u0131 sayesinde uzun y\u0131llar sorunsuz kullan\u0131m sa\u011flar.<\/li>\n<li><strong>D\u00fc\u015f\u00fck Bak\u0131m Maliyeti:<\/strong> Az say\u0131da hareketli par\u00e7a sayesinde minimum bak\u0131m gerektirir.<\/li>\n<\/ul>\n<h2>Hangi End\u00fcstrilerde Kullan\u0131l\u0131r?<\/h2>\n<ul>\n<li><strong>Madencilik<\/strong>: Metal cevherleri, kire\u00e7ta\u015f\u0131, kalsit gibi malzemelerin \u00f6\u011f\u00fct\u00fclmesi.<\/li>\n<li><strong>Kimya End\u00fcstrisi<\/strong>: Kimyasal b\u0131le\u015fenlerin inceltilmesi.<\/li>\n<li><strong>\u0130n\u015faat Sekt\u00f6r\u00fc<\/strong>: Har\u00e7, \u00e7imento ve seramik malzemelerinin inceltilmesi.<\/li>\n<li><strong>Metalurji<\/strong>: Metal tozlar\u0131n\u0131n inceltilmesi ve homojen hale getirilmesi.<\/li>\n<\/ul>\n<h2>MT Royal Fark\u0131yla Raymond De\u011firmeni Sat\u0131n Al\u0131n<\/h2>\n<p>MT Royal olarak, sanayi makineleri konusunda uzman ekibimiz ve kaliteli \u00fcretim standartlar\u0131m\u0131z ile sekt\u00f6rde fark yarat\u0131yoruz. Bizi tercih etti\u011finizde \u015fu avantajlardan yararlanabilirsiniz:<\/p>\n<ul>\n<li><strong>En Rekabet\u00e7i Fiyatlar<\/strong>: Kaliteli makineleri en uygun fiyatlarla sunuyoruz.<\/li>\n<li><strong>H\u0131zl\u0131 Teslimat<\/strong>: Sipari\u015fleriniz en k\u0131sa s\u00fcrede adresinize ula\u015ft\u0131r\u0131l\u0131r.<\/li>\n<li><strong>M\u00fckemmel Teknik Destek<\/strong>: Uzman ekibimiz her ad\u0131mda yan\u0131n\u0131zda.<\/li>\n<\/ul>\n<h2>Sonu\u00e7: Raymond De\u011firmeni ile Verimli ve Ekonomik \u00c7\u00f6z\u00fcmler<\/h2>\n<p>Raymond De\u011firmeni, end\u00fcstriyel verimlili\u011fi art\u0131rmak ve maliyetleri d\u00fc\u015f\u00fcrmek isteyen firmalar i\u00e7in ideal bir yat\u0131r\u0131md\u0131r. Siz de bu \u00fcnl\u00fc makineye en uygun fiyatlarla sahip olmak istiyorsan\u0131z, MT Royal ile ileti\u015fime ge\u00e7in!<\/p>\n<h2>Hemen MT Royal ile \u0130leti\u015fime Ge\u00e7in!<\/h2>\n<p>Siz de <strong>Raymond De\u011firmeni<\/strong> hakk\u0131nda daha fazla bilgi almak veya sipari\u015f vermek i\u00e7in bizimle ileti\u015fime ge\u00e7in. En iyi fiyat garantisi ve uzman deste\u011fi ile MT Royal, sanayi makineleri ihtiyac\u0131n\u0131z\u0131n en g\u00fcvenilir adresidir! MT Royal&#8217;den en iyi fiyatlarla <strong>Raymond De\u011firmeni<\/strong> sat\u0131n al\u0131n! Y\u00fcksek verimli, dayan\u0131kl\u0131 ve enerji tasarruflu \u00e7\u00f6z\u00fcmler i\u00e7in bizimle ileti\u015fime ge\u00e7in!<\/p>\n<div style='text-align:center' class='yasr-auto-insert-visitor'><\/div>","protected":false},"excerpt":{"rendered":"<p>Sanayi sekt\u00f6r\u00fcnde verimlili\u011finizi art\u0131rmak i\u00e7in en iyi ekipman\u0131 m\u0131 ar\u0131yorsunuz? MT &#8230; <\/p>\n","protected":false},"featured_media":9338,"comment_status":"open","ping_status":"closed","template":"","meta":{"yasr_overall_rating":0,"yasr_post_is_review":"","yasr_auto_insert_disabled":"","yasr_review_type":""},"product_brand":[],"product_cat":[321],"product_tag":[],"class_list":{"0":"post-9259","1":"product","2":"type-product","3":"status-publish","4":"has-post-thumbnail","6":"product_cat-kirma-ekipmanlari","8":"first","9":"instock","10":"shipping-taxable","11":"product-type-simple"},"yoast_head":"<!-- This site is optimized with the Yoast SEO Premium plugin v24.5 (Yoast SEO v26.6) - https:\/\/yoast.com\/wordpress\/plugins\/seo\/ -->\n<title>Raymond De\u011firmeni (Raymond Mill) - MTROYAL<\/title>\n<meta name=\"description\" content=\"MT Royal\u2019in Raymond De\u011firmeni (Raymond Mill) ile \u00fcretiminizi g\u00fc\u00e7lendirin! Dayan\u0131kl\u0131, verimli ve uygun fiyatl\u0131 \u00e7\u00f6z\u00fcmler i\u00e7in bizimle ileti\u015fime ge\u00e7in!\" \/>\n<meta name=\"robots\" content=\"index, follow, max-snippet:-1, max-image-preview:large, max-video-preview:-1\" \/>\n<link rel=\"canonical\" href=\"https:\/\/mtroyal.com.tr\/tr\/product\/raymond-degirmeni-raymond-mill\/\" \/>\n<meta property=\"og:locale\" content=\"tr_TR\" \/>\n<meta property=\"og:type\" content=\"article\" \/>\n<meta property=\"og:title\" content=\"Raymond De\u011firmeni (Raymond Mill)\" \/>\n<meta property=\"og:description\" content=\"MT Royal\u2019in Raymond De\u011firmeni (Raymond Mill) ile \u00fcretiminizi g\u00fc\u00e7lendirin! Dayan\u0131kl\u0131, verimli ve uygun fiyatl\u0131 \u00e7\u00f6z\u00fcmler i\u00e7in bizimle ileti\u015fime ge\u00e7in!\" \/>\n<meta property=\"og:url\" content=\"https:\/\/mtroyal.com.tr\/tr\/product\/raymond-degirmeni-raymond-mill\/\" \/>\n<meta property=\"og:site_name\" content=\"MTROYAL\" \/>\n<meta property=\"article:modified_time\" content=\"2025-05-02T11:14:59+00:00\" \/>\n<meta property=\"og:image\" content=\"https:\/\/mtroyal.com.tr\/tr\/wp-content\/uploads\/2025\/02\/Raymond-Degirmeni-Raymond-Mill.webp\" \/>\n\t<meta property=\"og:image:width\" content=\"550\" \/>\n\t<meta property=\"og:image:height\" content=\"550\" \/>\n\t<meta property=\"og:image:type\" content=\"image\/webp\" \/>\n<meta name=\"twitter:card\" content=\"summary_large_image\" \/>\n<script type=\"application\/ld+json\" class=\"yoast-schema-graph\">{\"@context\":\"https:\/\/schema.org\",\"@graph\":[{\"@type\":\"WebPage\",\"@id\":\"https:\/\/mtroyal.com.tr\/tr\/product\/raymond-degirmeni-raymond-mill\/\",\"url\":\"https:\/\/mtroyal.com.tr\/tr\/product\/raymond-degirmeni-raymond-mill\/\",\"name\":\"Raymond De\u011firmeni (Raymond Mill) - MTROYAL\",\"isPartOf\":{\"@id\":\"https:\/\/mtroyal.com.tr\/tr\/#website\"},\"primaryImageOfPage\":{\"@id\":\"https:\/\/mtroyal.com.tr\/tr\/product\/raymond-degirmeni-raymond-mill\/#primaryimage\"},\"image\":{\"@id\":\"https:\/\/mtroyal.com.tr\/tr\/product\/raymond-degirmeni-raymond-mill\/#primaryimage\"},\"thumbnailUrl\":\"https:\/\/mtroyal.com.tr\/tr\/wp-content\/uploads\/2025\/02\/Raymond-Degirmeni-Raymond-Mill.webp\",\"datePublished\":\"2025-05-02T11:14:58+00:00\",\"dateModified\":\"2025-05-02T11:14:59+00:00\",\"description\":\"MT Royal\u2019in Raymond De\u011firmeni (Raymond Mill) ile \u00fcretiminizi g\u00fc\u00e7lendirin! Dayan\u0131kl\u0131, verimli ve uygun fiyatl\u0131 \u00e7\u00f6z\u00fcmler i\u00e7in bizimle ileti\u015fime ge\u00e7in!\",\"breadcrumb\":{\"@id\":\"https:\/\/mtroyal.com.tr\/tr\/product\/raymond-degirmeni-raymond-mill\/#breadcrumb\"},\"inLanguage\":\"tr\",\"potentialAction\":[{\"@type\":\"ReadAction\",\"target\":[\"https:\/\/mtroyal.com.tr\/tr\/product\/raymond-degirmeni-raymond-mill\/\"]}]},{\"@type\":\"ImageObject\",\"inLanguage\":\"tr\",\"@id\":\"https:\/\/mtroyal.com.tr\/tr\/product\/raymond-degirmeni-raymond-mill\/#primaryimage\",\"url\":\"https:\/\/mtroyal.com.tr\/tr\/wp-content\/uploads\/2025\/02\/Raymond-Degirmeni-Raymond-Mill.webp\",\"contentUrl\":\"https:\/\/mtroyal.com.tr\/tr\/wp-content\/uploads\/2025\/02\/Raymond-Degirmeni-Raymond-Mill.webp\",\"width\":550,\"height\":550,\"caption\":\"Raymond De\u011firmeni (Raymond Mill)\"},{\"@type\":\"BreadcrumbList\",\"@id\":\"https:\/\/mtroyal.com.tr\/tr\/product\/raymond-degirmeni-raymond-mill\/#breadcrumb\",\"itemListElement\":[{\"@type\":\"ListItem\",\"position\":1,\"name\":\"Home\",\"item\":\"https:\/\/mtroyal.com.tr\/tr\/\"},{\"@type\":\"ListItem\",\"position\":2,\"name\":\"\u00dcr\u00fcnlerimiz\",\"item\":\"https:\/\/mtroyal.com.tr\/tr\/urunlerimiz\/\"},{\"@type\":\"ListItem\",\"position\":3,\"name\":\"Raymond De\u011firmeni (Raymond Mill)\"}]},{\"@type\":\"WebSite\",\"@id\":\"https:\/\/mtroyal.com.tr\/tr\/#website\",\"url\":\"https:\/\/mtroyal.com.tr\/tr\/\",\"name\":\"MTROYAL\",\"description\":\"\",\"publisher\":{\"@id\":\"https:\/\/mtroyal.com.tr\/tr\/#organization\"},\"potentialAction\":[{\"@type\":\"SearchAction\",\"target\":{\"@type\":\"EntryPoint\",\"urlTemplate\":\"https:\/\/mtroyal.com.tr\/tr\/?s={search_term_string}\"},\"query-input\":{\"@type\":\"PropertyValueSpecification\",\"valueRequired\":true,\"valueName\":\"search_term_string\"}}],\"inLanguage\":\"tr\"},{\"@type\":\"Organization\",\"@id\":\"https:\/\/mtroyal.com.tr\/tr\/#organization\",\"name\":\"MTROYAL\",\"url\":\"https:\/\/mtroyal.com.tr\/tr\/\",\"logo\":{\"@type\":\"ImageObject\",\"inLanguage\":\"tr\",\"@id\":\"https:\/\/mtroyal.com.tr\/tr\/#\/schema\/logo\/image\/\",\"url\":\"https:\/\/mtroyal.com.tr\/tr\/wp-content\/uploads\/2023\/12\/mt-logo.png\",\"contentUrl\":\"https:\/\/mtroyal.com.tr\/tr\/wp-content\/uploads\/2023\/12\/mt-logo.png\",\"width\":313,\"height\":261,\"caption\":\"MTROYAL\"},\"image\":{\"@id\":\"https:\/\/mtroyal.com.tr\/tr\/#\/schema\/logo\/image\/\"}},false]}<\/script>\n<!-- \/ Yoast SEO Premium plugin. -->","yoast_head_json":{"title":"Raymond De\u011firmeni (Raymond Mill) - MTROYAL","description":"MT Royal\u2019in Raymond De\u011firmeni (Raymond Mill) ile \u00fcretiminizi g\u00fc\u00e7lendirin! Dayan\u0131kl\u0131, verimli ve uygun fiyatl\u0131 \u00e7\u00f6z\u00fcmler i\u00e7in bizimle ileti\u015fime ge\u00e7in!","robots":{"index":"index","follow":"follow","max-snippet":"max-snippet:-1","max-image-preview":"max-image-preview:large","max-video-preview":"max-video-preview:-1"},"canonical":"https:\/\/mtroyal.com.tr\/tr\/product\/raymond-degirmeni-raymond-mill\/","og_locale":"tr_TR","og_type":"article","og_title":"Raymond De\u011firmeni (Raymond Mill)","og_description":"MT Royal\u2019in Raymond De\u011firmeni (Raymond Mill) ile \u00fcretiminizi g\u00fc\u00e7lendirin! Dayan\u0131kl\u0131, verimli ve uygun fiyatl\u0131 \u00e7\u00f6z\u00fcmler i\u00e7in bizimle ileti\u015fime ge\u00e7in!","og_url":"https:\/\/mtroyal.com.tr\/tr\/product\/raymond-degirmeni-raymond-mill\/","og_site_name":"MTROYAL","article_modified_time":"2025-05-02T11:14:59+00:00","og_image":[{"width":550,"height":550,"url":"https:\/\/mtroyal.com.tr\/tr\/wp-content\/uploads\/2025\/02\/Raymond-Degirmeni-Raymond-Mill.webp","type":"image\/webp"}],"twitter_card":"summary_large_image","schema":{"@context":"https:\/\/schema.org","@graph":[{"@type":"WebPage","@id":"https:\/\/mtroyal.com.tr\/tr\/product\/raymond-degirmeni-raymond-mill\/","url":"https:\/\/mtroyal.com.tr\/tr\/product\/raymond-degirmeni-raymond-mill\/","name":"Raymond De\u011firmeni (Raymond Mill) - MTROYAL","isPartOf":{"@id":"https:\/\/mtroyal.com.tr\/tr\/#website"},"primaryImageOfPage":{"@id":"https:\/\/mtroyal.com.tr\/tr\/product\/raymond-degirmeni-raymond-mill\/#primaryimage"},"image":{"@id":"https:\/\/mtroyal.com.tr\/tr\/product\/raymond-degirmeni-raymond-mill\/#primaryimage"},"thumbnailUrl":"https:\/\/mtroyal.com.tr\/tr\/wp-content\/uploads\/2025\/02\/Raymond-Degirmeni-Raymond-Mill.webp","datePublished":"2025-05-02T11:14:58+00:00","dateModified":"2025-05-02T11:14:59+00:00","description":"MT Royal\u2019in Raymond De\u011firmeni (Raymond Mill) ile \u00fcretiminizi g\u00fc\u00e7lendirin! Dayan\u0131kl\u0131, verimli ve uygun fiyatl\u0131 \u00e7\u00f6z\u00fcmler i\u00e7in bizimle ileti\u015fime ge\u00e7in!","breadcrumb":{"@id":"https:\/\/mtroyal.com.tr\/tr\/product\/raymond-degirmeni-raymond-mill\/#breadcrumb"},"inLanguage":"tr","potentialAction":[{"@type":"ReadAction","target":["https:\/\/mtroyal.com.tr\/tr\/product\/raymond-degirmeni-raymond-mill\/"]}]},{"@type":"ImageObject","inLanguage":"tr","@id":"https:\/\/mtroyal.com.tr\/tr\/product\/raymond-degirmeni-raymond-mill\/#primaryimage","url":"https:\/\/mtroyal.com.tr\/tr\/wp-content\/uploads\/2025\/02\/Raymond-Degirmeni-Raymond-Mill.webp","contentUrl":"https:\/\/mtroyal.com.tr\/tr\/wp-content\/uploads\/2025\/02\/Raymond-Degirmeni-Raymond-Mill.webp","width":550,"height":550,"caption":"Raymond De\u011firmeni (Raymond Mill)"},{"@type":"BreadcrumbList","@id":"https:\/\/mtroyal.com.tr\/tr\/product\/raymond-degirmeni-raymond-mill\/#breadcrumb","itemListElement":[{"@type":"ListItem","position":1,"name":"Home","item":"https:\/\/mtroyal.com.tr\/tr\/"},{"@type":"ListItem","position":2,"name":"\u00dcr\u00fcnlerimiz","item":"https:\/\/mtroyal.com.tr\/tr\/urunlerimiz\/"},{"@type":"ListItem","position":3,"name":"Raymond De\u011firmeni (Raymond Mill)"}]},{"@type":"WebSite","@id":"https:\/\/mtroyal.com.tr\/tr\/#website","url":"https:\/\/mtroyal.com.tr\/tr\/","name":"MTROYAL","description":"","publisher":{"@id":"https:\/\/mtroyal.com.tr\/tr\/#organization"},"potentialAction":[{"@type":"SearchAction","target":{"@type":"EntryPoint","urlTemplate":"https:\/\/mtroyal.com.tr\/tr\/?s={search_term_string}"},"query-input":{"@type":"PropertyValueSpecification","valueRequired":true,"valueName":"search_term_string"}}],"inLanguage":"tr"},{"@type":"Organization","@id":"https:\/\/mtroyal.com.tr\/tr\/#organization","name":"MTROYAL","url":"https:\/\/mtroyal.com.tr\/tr\/","logo":{"@type":"ImageObject","inLanguage":"tr","@id":"https:\/\/mtroyal.com.tr\/tr\/#\/schema\/logo\/image\/","url":"https:\/\/mtroyal.com.tr\/tr\/wp-content\/uploads\/2023\/12\/mt-logo.png","contentUrl":"https:\/\/mtroyal.com.tr\/tr\/wp-content\/uploads\/2023\/12\/mt-logo.png","width":313,"height":261,"caption":"MTROYAL"},"image":{"@id":"https:\/\/mtroyal.com.tr\/tr\/#\/schema\/logo\/image\/"}},false]}},"yasr_visitor_votes":{"stars_attributes":{"read_only":false,"span_bottom":false},"number_of_votes":0,"sum_votes":0},"_links":{"self":[{"href":"https:\/\/mtroyal.com.tr\/tr\/wp-json\/wp\/v2\/product\/9259","targetHints":{"allow":["GET"]}}],"collection":[{"href":"https:\/\/mtroyal.com.tr\/tr\/wp-json\/wp\/v2\/product"}],"about":[{"href":"https:\/\/mtroyal.com.tr\/tr\/wp-json\/wp\/v2\/types\/product"}],"replies":[{"embeddable":true,"href":"https:\/\/mtroyal.com.tr\/tr\/wp-json\/wp\/v2\/comments?post=9259"}],"wp:featuredmedia":[{"embeddable":true,"href":"https:\/\/mtroyal.com.tr\/tr\/wp-json\/wp\/v2\/media\/9338"}],"wp:attachment":[{"href":"https:\/\/mtroyal.com.tr\/tr\/wp-json\/wp\/v2\/media?parent=9259"}],"wp:term":[{"taxonomy":"product_brand","embeddable":true,"href":"https:\/\/mtroyal.com.tr\/tr\/wp-json\/wp\/v2\/product_brand?post=9259"},{"taxonomy":"product_cat","embeddable":true,"href":"https:\/\/mtroyal.com.tr\/tr\/wp-json\/wp\/v2\/product_cat?post=9259"},{"taxonomy":"product_tag","embeddable":true,"href":"https:\/\/mtroyal.com.tr\/tr\/wp-json\/wp\/v2\/product_tag?post=9259"}],"curies":[{"name":"wp","href":"https:\/\/api.w.org\/{rel}","templated":true}]}}