{"id":9260,"date":"2025-05-02T14:15:05","date_gmt":"2025-05-02T11:15:05","guid":{"rendered":"https:\/\/mtroyal.com.tr\/tr\/?post_type=product&#038;p=9260"},"modified":"2025-05-02T14:15:07","modified_gmt":"2025-05-02T11:15:07","slug":"ozel-tip-kirici-special-crusher","status":"publish","type":"product","link":"https:\/\/mtroyal.com.tr\/tr\/product\/ozel-tip-kirici-special-crusher\/","title":{"rendered":"\u00d6zel Tip K\u0131r\u0131c\u0131 (Special Crusher)"},"content":{"rendered":"<p><span style=\"font-size: 16px\">Sanayi ve madencilik sekt\u00f6r\u00fcnde en verimli <\/span><strong style=\"font-size: 16px\">\u00f6zel tip k\u0131r\u0131c\u0131<\/strong><span style=\"font-size: 16px\"> makinelerini mi ar\u0131yorsunuz? <\/span><strong style=\"font-size: 16px\">MT Royal<\/strong><span style=\"font-size: 16px\">, T\u00fcrkiye&#8217;nin en iyi end\u00fcstriyel makine ve a\u011f\u0131r ekipman \u00fcreticisi olarak, y\u00fcksek verimlilik ve dayan\u0131kl\u0131l\u0131\u011f\u0131 bir araya getiren <\/span><strong style=\"font-size: 16px\">special crusher<\/strong><span style=\"font-size: 16px\"> modellerini en uygun fiyatlarla sunuyor!<\/span><\/p>\n<h2>\u00d6zel Tip K\u0131r\u0131c\u0131 Nedir ve Ne \u0130\u015fe Yarar?<\/h2>\n<p><strong>\u00d6zel tip k\u0131r\u0131c\u0131lar<\/strong>, farkl\u0131 sertlikteki malzemeleri par\u00e7alamak i\u00e7in tasarlanm\u0131\u015f g\u00fc\u00e7l\u00fc makinelerdir. Standart k\u0131r\u0131c\u0131larla i\u015flenemeyen \u00f6zel materyalleri etkili bir \u015fekilde k\u0131rarak i\u015flenebilir hale getirirler. Kullan\u0131m alanlar\u0131 aras\u0131nda madencilik, in\u015faat, geri d\u00f6n\u00fc\u015f\u00fcm tesisleri ve agrega \u00fcretimi bulunur.<\/p>\n<h3>\u00d6zel Tip K\u0131r\u0131c\u0131lar\u0131n Avantajlar\u0131<\/h3>\n<ul>\n<li><strong>Y\u00fcksek K\u0131rma Kapasitesi:<\/strong> B\u00fcy\u00fck hacimli malzemeleri k\u0131sa s\u00fcrede i\u015fler.<\/li>\n<li><strong>Enerji Verimlili\u011fi:<\/strong> Optimum enerji t\u00fcketimi ile i\u015fletme maliyetlerini d\u00fc\u015f\u00fcr\u00fcr.<\/li>\n<li><strong>Dayan\u0131kl\u0131 Yap\u0131:<\/strong> A\u011f\u0131r sanayi ko\u015fullar\u0131na dayan\u0131kl\u0131, uzun \u00f6m\u00fcrl\u00fc tasar\u0131m.<\/li>\n<li><strong>Kolay Bak\u0131m:<\/strong> Mod\u00fcler yap\u0131s\u0131 sayesinde h\u0131zl\u0131 ve d\u00fc\u015f\u00fck maliyetli bak\u0131m imkan\u0131.<\/li>\n<li><strong>\u00d6zel Tasar\u0131m Se\u00e7enekleri:<\/strong> \u0130htiyaca g\u00f6re farkl\u0131 kapasitelerde ve fonksiyonlarda modeller.<\/li>\n<\/ul>\n<h2>MT Royal \u00d6zel Tip K\u0131r\u0131c\u0131 Modellerinin \u00d6ne \u00c7\u0131kan \u00d6zellikleri<\/h2>\n<p><strong>MT Royal<\/strong>, sanayi sekt\u00f6r\u00fcne en iyi \u00e7\u00f6z\u00fcmleri sunmak i\u00e7in \u00f6zel olarak tasarlanm\u0131\u015f k\u0131r\u0131c\u0131 modelleriyle fark yarat\u0131yor. \u0130\u015fte makinelerimizin sundu\u011fu baz\u0131 \u00fcst\u00fcn \u00f6zellikler:<\/p>\n<table>\n<thead>\n<tr>\n<th>\u00d6zellik<\/th>\n<th>A\u00e7\u0131klama<\/th>\n<\/tr>\n<\/thead>\n<tbody>\n<tr>\n<td><strong>Motor G\u00fcc\u00fc<\/strong><\/td>\n<td>100-600 HP<\/td>\n<\/tr>\n<tr>\n<td><strong>Kapasite<\/strong><\/td>\n<td>50-800 ton\/saat<\/td>\n<\/tr>\n<tr>\n<td><strong>Besleme Boyutu<\/strong><\/td>\n<td>300 mm &#8211; 2000 mm<\/td>\n<\/tr>\n<tr>\n<td><strong>\u00c7\u0131k\u0131\u015f Boyutu<\/strong><\/td>\n<td>10 mm &#8211; 500 mm<\/td>\n<\/tr>\n<tr>\n<td><strong>Malzeme Dayan\u0131kl\u0131l\u0131\u011f\u0131<\/strong><\/td>\n<td>Y\u00fcksek kaliteli, a\u015f\u0131nmaya dayan\u0131kl\u0131 \u00e7elik<\/td>\n<\/tr>\n<tr>\n<td><strong>Enerji T\u00fcketimi<\/strong><\/td>\n<td>Optimize edilmi\u015f d\u00fc\u015f\u00fck enerji kullan\u0131m\u0131<\/td>\n<\/tr>\n<\/tbody>\n<\/table>\n<h2>\u00d6zel Tip K\u0131r\u0131c\u0131 Kullan\u0131m Alanlar\u0131<\/h2>\n<ol>\n<li><strong>Madencilik End\u00fcstrisi:<\/strong> Sert kaya\u00e7 ve mineralleri i\u015flemede kullan\u0131l\u0131r.<\/li>\n<li><strong>\u0130n\u015faat Sekt\u00f6r\u00fc:<\/strong> Yol yap\u0131m\u0131 ve altyap\u0131 projelerinde kullan\u0131l\u0131r.<\/li>\n<li><strong>Geri D\u00f6n\u00fc\u015f\u00fcm Tesisleri:<\/strong> Beton, metal ve di\u011fer malzemelerin geri d\u00f6n\u00fc\u015ft\u00fcr\u00fclmesini sa\u011flar.<\/li>\n<li><strong>Agrega \u00dcretimi:<\/strong> Kum, \u00e7ak\u0131l ve k\u0131rma ta\u015f \u00fcretiminde etkin rol oynar.<\/li>\n<\/ol>\n<h2>Neden MT Royal \u00d6zel Tip K\u0131r\u0131c\u0131lar\u0131n\u0131 Tercih Etmelisiniz?<\/h2>\n<p><strong>MT Royal<\/strong>, T\u00fcrkiye&#8217;nin \u00f6nde gelen end\u00fcstriyel makine \u00fcreticisi olarak y\u00fcksek kalite standartlar\u0131na sahiptir. \u0130\u015fte bizi rakiplerimizden ay\u0131ran ba\u015fl\u0131ca nedenler:<\/p>\n<ul>\n<li><strong>Teknoloji Liderli\u011fi:<\/strong> En son teknolojiye sahip k\u0131r\u0131c\u0131 makineleri \u00fcretmekteyiz.<\/li>\n<li><strong>En Uygun Fiyatlar:<\/strong> Kaliteli makineleri en iyi fiyat garantisiyle sunuyoruz.<\/li>\n<li><strong>Uzman Destek:<\/strong> Sat\u0131\u015f \u00f6ncesi ve sonras\u0131 teknik destek ekibimiz her zaman yan\u0131n\u0131zda.<\/li>\n<li><strong>H\u0131zl\u0131 Teslimat:<\/strong> Sipari\u015flerinizi en k\u0131sa s\u00fcrede adresinize ula\u015ft\u0131r\u0131yoruz.<\/li>\n<\/ul>\n<h2>\u00d6zel Tip K\u0131r\u0131c\u0131 Al\u0131rken Nelere Dikkat Edilmeli?<\/h2>\n<p>E\u011fer <strong>\u00f6zel tip k\u0131r\u0131c\u0131<\/strong> sat\u0131n almay\u0131 d\u00fc\u015f\u00fcn\u00fcyorsan\u0131z, \u015fu fakt\u00f6rlere dikkat etmelisiniz:<\/p>\n<ul>\n<li><strong>\u0130htiyac\u0131n\u0131za Uygun Kapasite:<\/strong> Saatlik \u00fcretim miktar\u0131n\u0131za uygun modeli se\u00e7in.<\/li>\n<li><strong>Dayan\u0131kl\u0131l\u0131k ve Bak\u0131m Kolayl\u0131\u011f\u0131:<\/strong> Uzun \u00f6m\u00fcrl\u00fc ve kolay bak\u0131m yap\u0131lan modelleri tercih edin.<\/li>\n<li><strong>Enerji Verimlili\u011fi:<\/strong> \u0130\u015fletme maliyetlerinizi d\u00fc\u015f\u00fcren d\u00fc\u015f\u00fck enerji t\u00fcketimli makineleri se\u00e7in.<\/li>\n<li><strong>G\u00fcvenilir Marka:<\/strong> <strong>MT Royal<\/strong> kalitesi ve g\u00fcvencesiyle yat\u0131r\u0131m\u0131n\u0131z\u0131 koruyun.<\/li>\n<\/ul>\n<h2>Sonu\u00e7<\/h2>\n<p><strong>\u00d6zel tip k\u0131r\u0131c\u0131lar<\/strong>, madencilikten geri d\u00f6n\u00fc\u015f\u00fcme kadar bir\u00e7ok sekt\u00f6rde verimlili\u011fi art\u0131ran vazge\u00e7ilmez makinelerdir. <strong>MT Royal<\/strong>, sekt\u00f6rdeki en kaliteli ve dayan\u0131kl\u0131 k\u0131r\u0131c\u0131lar\u0131 en uygun fiyatlarla sunarak i\u015fletmenizin verimlili\u011fini art\u0131rman\u0131za yard\u0131mc\u0131 oluyor.<\/p>\n<p><strong>\u015eimdi MT Royal ile ileti\u015fime ge\u00e7in ve en uygun fiyatlarla \u00f6zel tip k\u0131r\u0131c\u0131 sahibi olun! <\/strong>\u00d6zel tip k\u0131r\u0131c\u0131 (Special Crusher) ar\u0131yorsan\u0131z, <strong>MT Royal<\/strong>&#8216;in dayan\u0131kl\u0131 ve verimli makineleri en iyi fiyatlarla burada! Hemen teklif al\u0131n!<\/p>\n<div style='text-align:center' class='yasr-auto-insert-visitor'><\/div>","protected":false},"excerpt":{"rendered":"<p>Y\u00fcksek performansl\u0131, dayan\u0131kl\u0131 ve verimli <strong>\u00d6zel Tip K\u0131r\u0131c\u0131 (Special Crusher)<\/strong> ar\u0131yorsan\u0131z, &#8230; <\/p>\n","protected":false},"featured_media":9336,"comment_status":"open","ping_status":"closed","template":"","meta":{"yasr_overall_rating":0,"yasr_post_is_review":"","yasr_auto_insert_disabled":"","yasr_review_type":""},"product_brand":[],"product_cat":[321],"product_tag":[],"class_list":{"0":"post-9260","1":"product","2":"type-product","3":"status-publish","4":"has-post-thumbnail","6":"product_cat-kirma-ekipmanlari","8":"first","9":"instock","10":"shipping-taxable","11":"product-type-simple"},"yoast_head":"<!-- This site is optimized with the Yoast SEO Premium plugin v24.5 (Yoast SEO v26.6) - https:\/\/yoast.com\/wordpress\/plugins\/seo\/ -->\n<title>\u00d6zel Tip K\u0131r\u0131c\u0131 (Special Crusher) - MTROYAL<\/title>\n<meta name=\"description\" content=\"MT Royal\u2019de en iyi fiyat garantisiyle \u00d6zel Tip K\u0131r\u0131c\u0131 (Special Crusher)! Y\u00fcksek verimlilik ve dayan\u0131kl\u0131l\u0131kla \u00fcretilen k\u0131r\u0131c\u0131lar\u0131m\u0131z i\u00e7in hemen teklif al\u0131n!\" \/>\n<meta name=\"robots\" content=\"index, follow, max-snippet:-1, max-image-preview:large, max-video-preview:-1\" \/>\n<link rel=\"canonical\" href=\"https:\/\/mtroyal.com.tr\/tr\/product\/ozel-tip-kirici-special-crusher\/\" \/>\n<meta property=\"og:locale\" content=\"tr_TR\" \/>\n<meta property=\"og:type\" content=\"article\" \/>\n<meta property=\"og:title\" content=\"\u00d6zel Tip K\u0131r\u0131c\u0131 (Special Crusher)\" \/>\n<meta property=\"og:description\" content=\"MT Royal\u2019de en iyi fiyat garantisiyle \u00d6zel Tip K\u0131r\u0131c\u0131 (Special Crusher)! Y\u00fcksek verimlilik ve dayan\u0131kl\u0131l\u0131kla \u00fcretilen k\u0131r\u0131c\u0131lar\u0131m\u0131z i\u00e7in hemen teklif al\u0131n!\" \/>\n<meta property=\"og:url\" content=\"https:\/\/mtroyal.com.tr\/tr\/product\/ozel-tip-kirici-special-crusher\/\" \/>\n<meta property=\"og:site_name\" content=\"MTROYAL\" \/>\n<meta property=\"article:modified_time\" content=\"2025-05-02T11:15:07+00:00\" \/>\n<meta property=\"og:image\" content=\"https:\/\/mtroyal.com.tr\/tr\/wp-content\/uploads\/2025\/02\/Ozel-Tip-Kirici-Special-Crusher.jpeg\" \/>\n\t<meta property=\"og:image:width\" content=\"1024\" \/>\n\t<meta property=\"og:image:height\" content=\"768\" \/>\n\t<meta property=\"og:image:type\" content=\"image\/jpeg\" \/>\n<meta name=\"twitter:card\" content=\"summary_large_image\" \/>\n<script type=\"application\/ld+json\" class=\"yoast-schema-graph\">{\"@context\":\"https:\/\/schema.org\",\"@graph\":[{\"@type\":\"WebPage\",\"@id\":\"https:\/\/mtroyal.com.tr\/tr\/product\/ozel-tip-kirici-special-crusher\/\",\"url\":\"https:\/\/mtroyal.com.tr\/tr\/product\/ozel-tip-kirici-special-crusher\/\",\"name\":\"\u00d6zel Tip K\u0131r\u0131c\u0131 (Special Crusher) - MTROYAL\",\"isPartOf\":{\"@id\":\"https:\/\/mtroyal.com.tr\/tr\/#website\"},\"primaryImageOfPage\":{\"@id\":\"https:\/\/mtroyal.com.tr\/tr\/product\/ozel-tip-kirici-special-crusher\/#primaryimage\"},\"image\":{\"@id\":\"https:\/\/mtroyal.com.tr\/tr\/product\/ozel-tip-kirici-special-crusher\/#primaryimage\"},\"thumbnailUrl\":\"https:\/\/mtroyal.com.tr\/tr\/wp-content\/uploads\/2025\/02\/Ozel-Tip-Kirici-Special-Crusher.jpeg\",\"datePublished\":\"2025-05-02T11:15:05+00:00\",\"dateModified\":\"2025-05-02T11:15:07+00:00\",\"description\":\"MT Royal\u2019de en iyi fiyat garantisiyle \u00d6zel Tip K\u0131r\u0131c\u0131 (Special Crusher)! Y\u00fcksek verimlilik ve dayan\u0131kl\u0131l\u0131kla \u00fcretilen k\u0131r\u0131c\u0131lar\u0131m\u0131z i\u00e7in hemen teklif al\u0131n!\",\"breadcrumb\":{\"@id\":\"https:\/\/mtroyal.com.tr\/tr\/product\/ozel-tip-kirici-special-crusher\/#breadcrumb\"},\"inLanguage\":\"tr\",\"potentialAction\":[{\"@type\":\"ReadAction\",\"target\":[\"https:\/\/mtroyal.com.tr\/tr\/product\/ozel-tip-kirici-special-crusher\/\"]}]},{\"@type\":\"ImageObject\",\"inLanguage\":\"tr\",\"@id\":\"https:\/\/mtroyal.com.tr\/tr\/product\/ozel-tip-kirici-special-crusher\/#primaryimage\",\"url\":\"https:\/\/mtroyal.com.tr\/tr\/wp-content\/uploads\/2025\/02\/Ozel-Tip-Kirici-Special-Crusher.jpeg\",\"contentUrl\":\"https:\/\/mtroyal.com.tr\/tr\/wp-content\/uploads\/2025\/02\/Ozel-Tip-Kirici-Special-Crusher.jpeg\",\"width\":1024,\"height\":768,\"caption\":\"\u00d6zel Tip K\u0131r\u0131c\u0131 (Special Crusher)\"},{\"@type\":\"BreadcrumbList\",\"@id\":\"https:\/\/mtroyal.com.tr\/tr\/product\/ozel-tip-kirici-special-crusher\/#breadcrumb\",\"itemListElement\":[{\"@type\":\"ListItem\",\"position\":1,\"name\":\"Home\",\"item\":\"https:\/\/mtroyal.com.tr\/tr\/\"},{\"@type\":\"ListItem\",\"position\":2,\"name\":\"\u00dcr\u00fcnlerimiz\",\"item\":\"https:\/\/mtroyal.com.tr\/tr\/urunlerimiz\/\"},{\"@type\":\"ListItem\",\"position\":3,\"name\":\"\u00d6zel Tip K\u0131r\u0131c\u0131 (Special Crusher)\"}]},{\"@type\":\"WebSite\",\"@id\":\"https:\/\/mtroyal.com.tr\/tr\/#website\",\"url\":\"https:\/\/mtroyal.com.tr\/tr\/\",\"name\":\"MTROYAL\",\"description\":\"\",\"publisher\":{\"@id\":\"https:\/\/mtroyal.com.tr\/tr\/#organization\"},\"potentialAction\":[{\"@type\":\"SearchAction\",\"target\":{\"@type\":\"EntryPoint\",\"urlTemplate\":\"https:\/\/mtroyal.com.tr\/tr\/?s={search_term_string}\"},\"query-input\":{\"@type\":\"PropertyValueSpecification\",\"valueRequired\":true,\"valueName\":\"search_term_string\"}}],\"inLanguage\":\"tr\"},{\"@type\":\"Organization\",\"@id\":\"https:\/\/mtroyal.com.tr\/tr\/#organization\",\"name\":\"MTROYAL\",\"url\":\"https:\/\/mtroyal.com.tr\/tr\/\",\"logo\":{\"@type\":\"ImageObject\",\"inLanguage\":\"tr\",\"@id\":\"https:\/\/mtroyal.com.tr\/tr\/#\/schema\/logo\/image\/\",\"url\":\"https:\/\/mtroyal.com.tr\/tr\/wp-content\/uploads\/2023\/12\/mt-logo.png\",\"contentUrl\":\"https:\/\/mtroyal.com.tr\/tr\/wp-content\/uploads\/2023\/12\/mt-logo.png\",\"width\":313,\"height\":261,\"caption\":\"MTROYAL\"},\"image\":{\"@id\":\"https:\/\/mtroyal.com.tr\/tr\/#\/schema\/logo\/image\/\"}},false]}<\/script>\n<!-- \/ Yoast SEO Premium plugin. -->","yoast_head_json":{"title":"\u00d6zel Tip K\u0131r\u0131c\u0131 (Special Crusher) - MTROYAL","description":"MT Royal\u2019de en iyi fiyat garantisiyle \u00d6zel Tip K\u0131r\u0131c\u0131 (Special Crusher)! Y\u00fcksek verimlilik ve dayan\u0131kl\u0131l\u0131kla \u00fcretilen k\u0131r\u0131c\u0131lar\u0131m\u0131z i\u00e7in hemen teklif al\u0131n!","robots":{"index":"index","follow":"follow","max-snippet":"max-snippet:-1","max-image-preview":"max-image-preview:large","max-video-preview":"max-video-preview:-1"},"canonical":"https:\/\/mtroyal.com.tr\/tr\/product\/ozel-tip-kirici-special-crusher\/","og_locale":"tr_TR","og_type":"article","og_title":"\u00d6zel Tip K\u0131r\u0131c\u0131 (Special Crusher)","og_description":"MT Royal\u2019de en iyi fiyat garantisiyle \u00d6zel Tip K\u0131r\u0131c\u0131 (Special Crusher)! Y\u00fcksek verimlilik ve dayan\u0131kl\u0131l\u0131kla \u00fcretilen k\u0131r\u0131c\u0131lar\u0131m\u0131z i\u00e7in hemen teklif al\u0131n!","og_url":"https:\/\/mtroyal.com.tr\/tr\/product\/ozel-tip-kirici-special-crusher\/","og_site_name":"MTROYAL","article_modified_time":"2025-05-02T11:15:07+00:00","og_image":[{"width":1024,"height":768,"url":"https:\/\/mtroyal.com.tr\/tr\/wp-content\/uploads\/2025\/02\/Ozel-Tip-Kirici-Special-Crusher.jpeg","type":"image\/jpeg"}],"twitter_card":"summary_large_image","schema":{"@context":"https:\/\/schema.org","@graph":[{"@type":"WebPage","@id":"https:\/\/mtroyal.com.tr\/tr\/product\/ozel-tip-kirici-special-crusher\/","url":"https:\/\/mtroyal.com.tr\/tr\/product\/ozel-tip-kirici-special-crusher\/","name":"\u00d6zel Tip K\u0131r\u0131c\u0131 (Special Crusher) - MTROYAL","isPartOf":{"@id":"https:\/\/mtroyal.com.tr\/tr\/#website"},"primaryImageOfPage":{"@id":"https:\/\/mtroyal.com.tr\/tr\/product\/ozel-tip-kirici-special-crusher\/#primaryimage"},"image":{"@id":"https:\/\/mtroyal.com.tr\/tr\/product\/ozel-tip-kirici-special-crusher\/#primaryimage"},"thumbnailUrl":"https:\/\/mtroyal.com.tr\/tr\/wp-content\/uploads\/2025\/02\/Ozel-Tip-Kirici-Special-Crusher.jpeg","datePublished":"2025-05-02T11:15:05+00:00","dateModified":"2025-05-02T11:15:07+00:00","description":"MT Royal\u2019de en iyi fiyat garantisiyle \u00d6zel Tip K\u0131r\u0131c\u0131 (Special Crusher)! Y\u00fcksek verimlilik ve dayan\u0131kl\u0131l\u0131kla \u00fcretilen k\u0131r\u0131c\u0131lar\u0131m\u0131z i\u00e7in hemen teklif al\u0131n!","breadcrumb":{"@id":"https:\/\/mtroyal.com.tr\/tr\/product\/ozel-tip-kirici-special-crusher\/#breadcrumb"},"inLanguage":"tr","potentialAction":[{"@type":"ReadAction","target":["https:\/\/mtroyal.com.tr\/tr\/product\/ozel-tip-kirici-special-crusher\/"]}]},{"@type":"ImageObject","inLanguage":"tr","@id":"https:\/\/mtroyal.com.tr\/tr\/product\/ozel-tip-kirici-special-crusher\/#primaryimage","url":"https:\/\/mtroyal.com.tr\/tr\/wp-content\/uploads\/2025\/02\/Ozel-Tip-Kirici-Special-Crusher.jpeg","contentUrl":"https:\/\/mtroyal.com.tr\/tr\/wp-content\/uploads\/2025\/02\/Ozel-Tip-Kirici-Special-Crusher.jpeg","width":1024,"height":768,"caption":"\u00d6zel Tip K\u0131r\u0131c\u0131 (Special Crusher)"},{"@type":"BreadcrumbList","@id":"https:\/\/mtroyal.com.tr\/tr\/product\/ozel-tip-kirici-special-crusher\/#breadcrumb","itemListElement":[{"@type":"ListItem","position":1,"name":"Home","item":"https:\/\/mtroyal.com.tr\/tr\/"},{"@type":"ListItem","position":2,"name":"\u00dcr\u00fcnlerimiz","item":"https:\/\/mtroyal.com.tr\/tr\/urunlerimiz\/"},{"@type":"ListItem","position":3,"name":"\u00d6zel Tip K\u0131r\u0131c\u0131 (Special Crusher)"}]},{"@type":"WebSite","@id":"https:\/\/mtroyal.com.tr\/tr\/#website","url":"https:\/\/mtroyal.com.tr\/tr\/","name":"MTROYAL","description":"","publisher":{"@id":"https:\/\/mtroyal.com.tr\/tr\/#organization"},"potentialAction":[{"@type":"SearchAction","target":{"@type":"EntryPoint","urlTemplate":"https:\/\/mtroyal.com.tr\/tr\/?s={search_term_string}"},"query-input":{"@type":"PropertyValueSpecification","valueRequired":true,"valueName":"search_term_string"}}],"inLanguage":"tr"},{"@type":"Organization","@id":"https:\/\/mtroyal.com.tr\/tr\/#organization","name":"MTROYAL","url":"https:\/\/mtroyal.com.tr\/tr\/","logo":{"@type":"ImageObject","inLanguage":"tr","@id":"https:\/\/mtroyal.com.tr\/tr\/#\/schema\/logo\/image\/","url":"https:\/\/mtroyal.com.tr\/tr\/wp-content\/uploads\/2023\/12\/mt-logo.png","contentUrl":"https:\/\/mtroyal.com.tr\/tr\/wp-content\/uploads\/2023\/12\/mt-logo.png","width":313,"height":261,"caption":"MTROYAL"},"image":{"@id":"https:\/\/mtroyal.com.tr\/tr\/#\/schema\/logo\/image\/"}},false]}},"yasr_visitor_votes":{"stars_attributes":{"read_only":false,"span_bottom":false},"number_of_votes":0,"sum_votes":0},"_links":{"self":[{"href":"https:\/\/mtroyal.com.tr\/tr\/wp-json\/wp\/v2\/product\/9260","targetHints":{"allow":["GET"]}}],"collection":[{"href":"https:\/\/mtroyal.com.tr\/tr\/wp-json\/wp\/v2\/product"}],"about":[{"href":"https:\/\/mtroyal.com.tr\/tr\/wp-json\/wp\/v2\/types\/product"}],"replies":[{"embeddable":true,"href":"https:\/\/mtroyal.com.tr\/tr\/wp-json\/wp\/v2\/comments?post=9260"}],"wp:featuredmedia":[{"embeddable":true,"href":"https:\/\/mtroyal.com.tr\/tr\/wp-json\/wp\/v2\/media\/9336"}],"wp:attachment":[{"href":"https:\/\/mtroyal.com.tr\/tr\/wp-json\/wp\/v2\/media?parent=9260"}],"wp:term":[{"taxonomy":"product_brand","embeddable":true,"href":"https:\/\/mtroyal.com.tr\/tr\/wp-json\/wp\/v2\/product_brand?post=9260"},{"taxonomy":"product_cat","embeddable":true,"href":"https:\/\/mtroyal.com.tr\/tr\/wp-json\/wp\/v2\/product_cat?post=9260"},{"taxonomy":"product_tag","embeddable":true,"href":"https:\/\/mtroyal.com.tr\/tr\/wp-json\/wp\/v2\/product_tag?post=9260"}],"curies":[{"name":"wp","href":"https:\/\/api.w.org\/{rel}","templated":true}]}}